{"id":5278,"date":"2019-12-27T17:22:32","date_gmt":"2020-03-03T17:22:32","guid":{"rendered":"https:\/\/fonolukk.eu\/product\/video-keskuksus-3-valjundit-din-raudtee-paigaldus-tumehall\/"},"modified":"2020-07-23T11:35:38","modified_gmt":"2020-07-23T08:35:38","slug":"video-keskuksus-3-valjundit-din-raudtee-paigaldus-tumehall","status":"publish","type":"product","link":"https:\/\/fonolukk.eu\/et\/tooted\/video-keskuksus-3-valjundit-din-raudtee-paigaldus-tumehall\/","title":{"rendered":"VIDEO KESK\u00dcKSUS &#8211; 3 V\u00c4LJUNDIT, DIN RAUDTEE PAIGALDUS, TUMEHALL"},"content":{"rendered":"<p><strong>Tuum video ukse telefoni s\u00fcsteem<\/strong><br \/>\nKeskne toiteseade on mis tahes Puuteliini paigaldamisel oluline element. L\u00e4bi konstruktiivse ja funktsionaalsed omadused, video kesk\u00fcksusele m\u00e4ngib otsustavat rolli sidumise, programmeerimine ja toimimise k\u00f5iki elemente video ukse telefon system:<\/p>\n<p>Toide v\u00f5imsusega kogu paigaldus: 13.5 V \/ 2 Ad.c.<br \/>\nOtse\u00fchendused 3 korterit (3 pered)<br \/>\nEraldi \u00fchendused mitme Luku t\u00fc\u00fcbid ja v\u00e4ljumise nuppu.<br \/>\nEraldi \u00fchendused t\u00e4iendava v\u00e4lise videokaamera jaoks.<br \/>\nEraldi \u00fchendused lisateenused k\u00e4sk: auto v\u00e4rav, garaa\u017eiuks, valgustuse s\u00fcsteem.<br \/>\nV\u00f5imalus \u00fchendada videosalvesti (DVR).<br \/>\nAlaline Diagnoos s\u00fcsteemi toimimise ja erinevate kerge signalisatsiooni.<br \/>\nL\u00fchisekaitse k\u00f5igile \u00fchendatud toodetele.<br \/>\nSisenemine programmit\u00f6\u00f6 mudel parameetrid paigaldus.<br \/>\nVideo kesk\u00fcksus 3 v\u00e4ljundit kasutatakse 2 ja 3 peremajad.<\/p>\n<p>Mittes\u00fcttiv korpus \/ DIN-r\u00f6\u00f6pa paigaldus<br \/>\nOn toode, mis on vahetult \u00fchendatud elektriv\u00f5rguga, kesk-v\u00f5rgupistik on toodetud koosk\u00f5las rahvusvahelise elektri -, t\u00f6\u00f6ohutuse, \u00fchilduvuse ja s\u00fcttivus standarditele. Seega, juhul s\u00fcstitakse tulekindel ABS, mis tagab t\u00e4ieliku kaitse tule, kui tr\u00fckkplaat on UL sertifitseeritud.<br \/>\nPaigaldus saab teha DIN raudtee v\u00f5i pinnale.<\/p>\n<p>Funktsioonid, Signalisatsiooni-ja \u00fchenduste t\u00fc\u00fcbid<br \/>\n3 v\u00e4ljundiga video keskseadme p\u00f5hi\u00fclesanded on j\u00e4rgmised::<\/p>\n<p>Toide V\u00f5imsus video ukse telefoni s\u00fcsteem stabiliseeritud pinge 13.5 V \/ 2 Ad.c.<br \/>\nSisenemine programmit\u00f6\u00f6 mudel video ukse telefoni s\u00fcsteem: terminal aadressid, paneel aadressid ja seaded.<br \/>\nLukustuse avanemisk\u00e4su ajastuse seadmine vahemikus 1-10 sekundit.<br \/>\nKerge signalisatsiooni jaoks:<br \/>\nV\u00f5rgu pinge \u2013 110 \u2013 230 Va olemasolu.c., 50\/60 Hz-roheline LED<br \/>\nStabiliseeritud pinge olemasolu-13,5 V \/ 2 Ad.c. &#8211; roheline LED<br \/>\nOlemasolu ja signalisatsiooni h\u00e4stitoimiv aku-roheline LED<br \/>\nEntry into programming mode-punane LED<br \/>\nDiagnoos ja kerge signalisatsiooni toimimise staatus.<br \/>\n3 v\u00e4ljundiga video keskseadmel on otse\u00fchendused:<\/p>\n<p>Toitev\u00f5rk: 110-230 Va.c., 50-60 Hz<br \/>\nV\u00e4ljas paneel<br \/>\n3 terminali-OUT1, OUT2, OUT3. Seet\u00f5ttu on 2.ja 3. t\u00fc\u00fcpkonna paigaldised loodud ilma t\u00e4iendava \u00fchenduskarbita.<br \/>\nEraldi k\u00e4su 3 t\u00fc\u00fcpi lukud:<br \/>\nDC lock-12 V \/ max 1 Ad.c. Luku k\u00e4su peale relee kontakt sulgub. Seda t\u00fc\u00fcpi lukk, kesk\u00fcksus tagab pakkumise<br \/>\nv\u00f5imuga.<br \/>\nA. C. lock-max. 24 V\/ max 5 Aa.c. Luku k\u00e4su peale relee kontakt sulgub. See n\u00f5uab pingetrafo v\u00f5i s\u00f5ltumatu toide lukud toide pinge 1-5 Ad.c. v\u00f5i 1-5 Aa.c.<br \/>\nElektromagnetiline lukk-max. 24 V\/max 5 Ad.c.toiteallika pinge (110 \u2013 230 Va.c.), kontakt relee avaneb. See n\u00f5uab s\u00f5ltumatut toiteallikat.<br \/>\nLukustusnupp, mis on paigutatud kaitstavasse piirkonda (tavaliselt elektromagnetilise Luku jaoks).<br \/>\nAnaloogne v\u00e4line videokaamera.<br \/>\nAuto v\u00e4rava, garaa\u00feiukse, valguse v\u00f5i muu automaatika avamiseks m\u00f5eldud lisak\u00e4sk. Lisarelee maht on maksimaalne. 24 Vd.C. \/ A. C. max. 5 Ad.c. \/ A.c.<br \/>\nLaetav aku.<br \/>\nKaitse<br \/>\n3 v\u00e4ljundiga video keskseadmele on paigaldatud j\u00e4rgmist t\u00fc\u00fcpi kaitse.:<\/p>\n<p>L\u00fchise kaitse, diagnoosi ja kerge signalisatsiooni toimimise staatus iga v\u00e4ljund-paneel, terminalid ja D. C. lukk.<br \/>\n\u00dclelaadimiskaitse (v\u00f5imsus \u00fcle 0,75 A) ja defekti isoleerimine \u00fclej\u00e4\u00e4nud paigaldusplaadist, terminalidest ja D. C. lukust.<br \/>\nAku \u00fclekoormuse kaitse(v\u00f5imsus \u00fcle 0,4 Ad.c.)<br \/>\nKaitse tagasik\u00e4igu polaarsuse \u00fchendus aku.<br \/>\n<div class='w3eden'><!-- WPDM Link Template: Default Template -->\n\n<div class=\"link-template-default card mb-2\">\n    <div class=\"card-body\">\n        <div class=\"media\">\n            <div class=\"mr-3 img-48\"><img decoding=\"async\" class=\"wpdm_icon\" alt=\"Icon\"   src=\"https:\/\/fonolukk.eu\/wp-content\/plugins\/download-manager\/assets\/file-type-icons\/pdf.svg\" \/><\/div>\n            <div class=\"media-body\">\n                <h3 class=\"package-title\"><a href='https:\/\/fonolukk.eu\/download\/video-central-unit-1-output-din-rail-mounting\/'>VIDEO CENTRAL UNIT \u2013 1 OUTPUT, DIN RAIL MOUNTING<\/a><\/h3>\n                <div class=\"text-muted text-small\"><i class=\"fas fa-copy\"><\/i> 1 file(s) <i class=\"fas fa-hdd ml-3\"><\/i> 2.66 MB<\/div>\n            <\/div>\n            <div class=\"ml-3\">\n                <div class=\"w3eden\"><div class=\"panel panel-default card\"><div class=\"panel-body card-body\"><span class=\"text-danger\">Login is required to access this page<\/span><\/div><div class=\"panel-footer card-footer text-right\"><a href=\"https:\/\/fonolukk.eu\/wp-login.php?redirect_to=\/et\/wp-json\/wp\/v2\/product\/5278\" class=\"btn btn-danger wpdmloginmodal-trigger btn-sm\"><i class=\"fa fa-lock\"><\/i> Login<\/a><\/div><\/div><\/div>\n            <\/div>\n        <\/div>\n    <\/div>\n<\/div>\n\n<\/div><\/p>\n","protected":false},"excerpt":{"rendered":"<p>Tuum video ukse telefoni s\u00fcsteem Keskne toiteseade on mis tahes Puuteliini paigaldamisel oluline element. L\u00e4bi konstruktiivse ja funktsionaalsed omadused, video<\/p>\n","protected":false},"featured_media":4925,"template":"","meta":[],"product_brand":[],"product_cat":[606,894],"product_tag":[],"class_list":{"0":"post-5278","1":"product","2":"type-product","3":"status-publish","4":"has-post-thumbnail","6":"product_cat-fonolukud","7":"product_cat-electra-et-2","8":"pa_brand-electra-et","10":"first","11":"outofstock","12":"taxable","13":"shipping-taxable","14":"product-type-simple"},"yoast_head":"<!-- This site is optimized with the Yoast SEO Premium plugin v27.3 (Yoast SEO v27.3) - https:\/\/yoast.com\/product\/yoast-seo-premium-wordpress\/ -->\n<title>VIDEO KESK\u00dcKSUS - 3 V\u00c4LJUNDIT, DIN RAUDTEE PAIGALDUS, TUMEHALL - Fonolukk<\/title>\n<meta name=\"description\" content=\"VIDEO KESK\u00dcKSUS - 3 V\u00c4LJUNDIT, DIN RAUDTEE PAIGALDUS, TUMEHALL - Fonolukk\" \/>\n<meta name=\"robots\" content=\"index, follow, max-snippet:-1, max-image-preview:large, max-video-preview:-1\" \/>\n<link rel=\"canonical\" href=\"https:\/\/fonolukk.eu\/et\/tooted\/video-keskuksus-3-valjundit-din-raudtee-paigaldus-tumehall\/\" \/>\n<meta property=\"og:locale\" content=\"et_EE\" \/>\n<meta property=\"og:type\" content=\"article\" \/>\n<meta property=\"og:title\" content=\"VIDEO KESK\u00dcKSUS - 3 V\u00c4LJUNDIT, DIN RAUDTEE PAIGALDUS, TUMEHALL\" \/>\n<meta property=\"og:description\" content=\"Tuum video ukse telefoni s\u00fcsteem Keskne toiteseade on mis tahes Puuteliini paigaldamisel oluline element. L\u00e4bi konstruktiivse ja funktsionaalsed omadused,\" \/>\n<meta property=\"og:url\" content=\"https:\/\/fonolukk.eu\/et\/tooted\/video-keskuksus-3-valjundit-din-raudtee-paigaldus-tumehall\/\" \/>\n<meta property=\"og:site_name\" content=\"Fonolukk\" \/>\n<meta property=\"article:publisher\" content=\"https:\/\/www.facebook.com\/fonolukk\" \/>\n<meta property=\"article:modified_time\" content=\"2020-07-23T08:35:38+00:00\" \/>\n<meta property=\"og:image\" content=\"https:\/\/fonolukk.eu\/wp-content\/uploads\/2020\/03\/SCU.VDR02.ELG34_web-site.jpg\" \/>\n\t<meta property=\"og:image:width\" content=\"1022\" \/>\n\t<meta property=\"og:image:height\" content=\"1150\" \/>\n\t<meta property=\"og:image:type\" content=\"image\/jpeg\" \/>\n<meta name=\"twitter:card\" content=\"summary_large_image\" \/>\n<meta name=\"twitter:label1\" content=\"Hind\" \/>\n\t<meta name=\"twitter:data1\" content=\"\" \/>\n\t<meta name=\"twitter:label2\" content=\"Availability\" \/>\n\t<meta name=\"twitter:data2\" content=\"Laost otsas\" \/>\n<script type=\"application\/ld+json\" class=\"yoast-schema-graph\">{\"@context\":\"https:\\\/\\\/schema.org\",\"@graph\":[{\"@type\":\"WebPage\",\"@id\":\"https:\\\/\\\/fonolukk.eu\\\/et\\\/tooted\\\/video-keskuksus-3-valjundit-din-raudtee-paigaldus-tumehall\\\/\",\"url\":\"https:\\\/\\\/fonolukk.eu\\\/et\\\/tooted\\\/video-keskuksus-3-valjundit-din-raudtee-paigaldus-tumehall\\\/\",\"name\":\"VIDEO KESK\u00dcKSUS - 3 V\u00c4LJUNDIT, DIN RAUDTEE PAIGALDUS, TUMEHALL - Fonolukk\",\"isPartOf\":{\"@id\":\"https:\\\/\\\/fonolukk.eu\\\/et\\\/#website\"},\"primaryImageOfPage\":{\"@id\":\"https:\\\/\\\/fonolukk.eu\\\/et\\\/tooted\\\/video-keskuksus-3-valjundit-din-raudtee-paigaldus-tumehall\\\/#primaryimage\"},\"image\":{\"@id\":\"https:\\\/\\\/fonolukk.eu\\\/et\\\/tooted\\\/video-keskuksus-3-valjundit-din-raudtee-paigaldus-tumehall\\\/#primaryimage\"},\"thumbnailUrl\":\"https:\\\/\\\/fonolukk.eu\\\/wp-content\\\/uploads\\\/2020\\\/03\\\/SCU.VDR02.ELG34_web-site.jpg\",\"datePublished\":\"2020-03-03T17:22:32+00:00\",\"dateModified\":\"2020-07-23T08:35:38+00:00\",\"description\":\"VIDEO KESK\u00dcKSUS - 3 V\u00c4LJUNDIT, DIN RAUDTEE PAIGALDUS, TUMEHALL - Fonolukk\",\"breadcrumb\":{\"@id\":\"https:\\\/\\\/fonolukk.eu\\\/et\\\/tooted\\\/video-keskuksus-3-valjundit-din-raudtee-paigaldus-tumehall\\\/#breadcrumb\"},\"inLanguage\":\"et\",\"potentialAction\":[{\"@type\":\"ReadAction\",\"target\":[\"https:\\\/\\\/fonolukk.eu\\\/et\\\/tooted\\\/video-keskuksus-3-valjundit-din-raudtee-paigaldus-tumehall\\\/\"]}]},{\"@type\":\"ImageObject\",\"inLanguage\":\"et\",\"@id\":\"https:\\\/\\\/fonolukk.eu\\\/et\\\/tooted\\\/video-keskuksus-3-valjundit-din-raudtee-paigaldus-tumehall\\\/#primaryimage\",\"url\":\"https:\\\/\\\/fonolukk.eu\\\/wp-content\\\/uploads\\\/2020\\\/03\\\/SCU.VDR02.ELG34_web-site.jpg\",\"contentUrl\":\"https:\\\/\\\/fonolukk.eu\\\/wp-content\\\/uploads\\\/2020\\\/03\\\/SCU.VDR02.ELG34_web-site.jpg\",\"width\":1022,\"height\":1150},{\"@type\":\"BreadcrumbList\",\"@id\":\"https:\\\/\\\/fonolukk.eu\\\/et\\\/tooted\\\/video-keskuksus-3-valjundit-din-raudtee-paigaldus-tumehall\\\/#breadcrumb\",\"itemListElement\":[{\"@type\":\"ListItem\",\"position\":1,\"name\":\"Esileht\",\"item\":\"https:\\\/\\\/fonolukk.eu\\\/et\\\/koduleht\\\/\"},{\"@type\":\"ListItem\",\"position\":2,\"name\":\"Tooted\",\"item\":\"https:\\\/\\\/fonolukk.eu\\\/et\\\/shop-2\\\/\"},{\"@type\":\"ListItem\",\"position\":3,\"name\":\"Fonolukud\",\"item\":\"https:\\\/\\\/fonolukk.eu\\\/et\\\/product-category\\\/fonolukud\\\/\"},{\"@type\":\"ListItem\",\"position\":4,\"name\":\"Electra\",\"item\":\"https:\\\/\\\/fonolukk.eu\\\/et\\\/product-category\\\/fonolukud\\\/electra-et-2\\\/\"},{\"@type\":\"ListItem\",\"position\":5,\"name\":\"VIDEO KESK\u00dcKSUS &#8211; 3 V\u00c4LJUNDIT, DIN RAUDTEE PAIGALDUS, TUMEHALL\"}]},{\"@type\":\"WebSite\",\"@id\":\"https:\\\/\\\/fonolukk.eu\\\/et\\\/#website\",\"url\":\"https:\\\/\\\/fonolukk.eu\\\/et\\\/\",\"name\":\"Fonolukk eu\",\"description\":\"Smart Security Systems\",\"publisher\":{\"@id\":\"https:\\\/\\\/fonolukk.eu\\\/et\\\/#organization\"},\"potentialAction\":[{\"@type\":\"SearchAction\",\"target\":{\"@type\":\"EntryPoint\",\"urlTemplate\":\"https:\\\/\\\/fonolukk.eu\\\/et\\\/?s={search_term_string}\"},\"query-input\":{\"@type\":\"PropertyValueSpecification\",\"valueRequired\":true,\"valueName\":\"search_term_string\"}}],\"inLanguage\":\"et\"},{\"@type\":\"Organization\",\"@id\":\"https:\\\/\\\/fonolukk.eu\\\/et\\\/#organization\",\"name\":\"Smart Security OU\",\"url\":\"https:\\\/\\\/fonolukk.eu\\\/et\\\/\",\"logo\":{\"@type\":\"ImageObject\",\"inLanguage\":\"et\",\"@id\":\"https:\\\/\\\/fonolukk.eu\\\/et\\\/#\\\/schema\\\/logo\\\/image\\\/\",\"url\":\"https:\\\/\\\/fonolukk.eu\\\/wp-content\\\/uploads\\\/2023\\\/09\\\/fonolukk.png\",\"contentUrl\":\"https:\\\/\\\/fonolukk.eu\\\/wp-content\\\/uploads\\\/2023\\\/09\\\/fonolukk.png\",\"width\":277,\"height\":274,\"caption\":\"Smart Security OU\"},\"image\":{\"@id\":\"https:\\\/\\\/fonolukk.eu\\\/et\\\/#\\\/schema\\\/logo\\\/image\\\/\"},\"sameAs\":[\"https:\\\/\\\/www.facebook.com\\\/fonolukk\",\"https:\\\/\\\/www.instagram.com\\\/fonolukk\\\/?hl=ru\"],\"publishingPrinciples\":\"https:\\\/\\\/fonolukk.eu\\\/terms-and-conditions\\\/\",\"ownershipFundingInfo\":\"https:\\\/\\\/fonolukk.eu\\\/about-us\\\/\"}]}<\/script>\n<meta property=\"product:brand\" content=\"Electra\" \/>\n<meta property=\"product:price:amount\" content=\"0.00\" \/>\n<meta property=\"product:price:currency\" content=\"EUR\" \/>\n<meta property=\"og:availability\" content=\"out of stock\" \/>\n<meta property=\"product:availability\" content=\"out of stock\" \/>\n<meta property=\"product:retailer_item_id\" content=\"SCU.VDR02.ELG34\" \/>\n<meta property=\"product:condition\" content=\"new\" \/>\n<!-- \/ Yoast SEO Premium plugin. -->","yoast_head_json":{"title":"VIDEO KESK\u00dcKSUS - 3 V\u00c4LJUNDIT, DIN RAUDTEE PAIGALDUS, TUMEHALL - Fonolukk","description":"VIDEO KESK\u00dcKSUS - 3 V\u00c4LJUNDIT, DIN RAUDTEE PAIGALDUS, TUMEHALL - Fonolukk","robots":{"index":"index","follow":"follow","max-snippet":"max-snippet:-1","max-image-preview":"max-image-preview:large","max-video-preview":"max-video-preview:-1"},"canonical":"https:\/\/fonolukk.eu\/et\/tooted\/video-keskuksus-3-valjundit-din-raudtee-paigaldus-tumehall\/","og_locale":"et_EE","og_type":"article","og_title":"VIDEO KESK\u00dcKSUS - 3 V\u00c4LJUNDIT, DIN RAUDTEE PAIGALDUS, TUMEHALL","og_description":"Tuum video ukse telefoni s\u00fcsteem Keskne toiteseade on mis tahes Puuteliini paigaldamisel oluline element. L\u00e4bi konstruktiivse ja funktsionaalsed omadused,","og_url":"https:\/\/fonolukk.eu\/et\/tooted\/video-keskuksus-3-valjundit-din-raudtee-paigaldus-tumehall\/","og_site_name":"Fonolukk","article_publisher":"https:\/\/www.facebook.com\/fonolukk","article_modified_time":"2020-07-23T08:35:38+00:00","og_image":[{"width":1022,"height":1150,"url":"https:\/\/fonolukk.eu\/wp-content\/uploads\/2020\/03\/SCU.VDR02.ELG34_web-site.jpg","type":"image\/jpeg"}],"twitter_card":"summary_large_image","twitter_misc":{"Hind":"","Availability":"Laost otsas"},"schema":{"@context":"https:\/\/schema.org","@graph":[{"@type":"WebPage","@id":"https:\/\/fonolukk.eu\/et\/tooted\/video-keskuksus-3-valjundit-din-raudtee-paigaldus-tumehall\/","url":"https:\/\/fonolukk.eu\/et\/tooted\/video-keskuksus-3-valjundit-din-raudtee-paigaldus-tumehall\/","name":"VIDEO KESK\u00dcKSUS - 3 V\u00c4LJUNDIT, DIN RAUDTEE PAIGALDUS, TUMEHALL - Fonolukk","isPartOf":{"@id":"https:\/\/fonolukk.eu\/et\/#website"},"primaryImageOfPage":{"@id":"https:\/\/fonolukk.eu\/et\/tooted\/video-keskuksus-3-valjundit-din-raudtee-paigaldus-tumehall\/#primaryimage"},"image":{"@id":"https:\/\/fonolukk.eu\/et\/tooted\/video-keskuksus-3-valjundit-din-raudtee-paigaldus-tumehall\/#primaryimage"},"thumbnailUrl":"https:\/\/fonolukk.eu\/wp-content\/uploads\/2020\/03\/SCU.VDR02.ELG34_web-site.jpg","datePublished":"2020-03-03T17:22:32+00:00","dateModified":"2020-07-23T08:35:38+00:00","description":"VIDEO KESK\u00dcKSUS - 3 V\u00c4LJUNDIT, DIN RAUDTEE PAIGALDUS, TUMEHALL - Fonolukk","breadcrumb":{"@id":"https:\/\/fonolukk.eu\/et\/tooted\/video-keskuksus-3-valjundit-din-raudtee-paigaldus-tumehall\/#breadcrumb"},"inLanguage":"et","potentialAction":[{"@type":"ReadAction","target":["https:\/\/fonolukk.eu\/et\/tooted\/video-keskuksus-3-valjundit-din-raudtee-paigaldus-tumehall\/"]}]},{"@type":"ImageObject","inLanguage":"et","@id":"https:\/\/fonolukk.eu\/et\/tooted\/video-keskuksus-3-valjundit-din-raudtee-paigaldus-tumehall\/#primaryimage","url":"https:\/\/fonolukk.eu\/wp-content\/uploads\/2020\/03\/SCU.VDR02.ELG34_web-site.jpg","contentUrl":"https:\/\/fonolukk.eu\/wp-content\/uploads\/2020\/03\/SCU.VDR02.ELG34_web-site.jpg","width":1022,"height":1150},{"@type":"BreadcrumbList","@id":"https:\/\/fonolukk.eu\/et\/tooted\/video-keskuksus-3-valjundit-din-raudtee-paigaldus-tumehall\/#breadcrumb","itemListElement":[{"@type":"ListItem","position":1,"name":"Esileht","item":"https:\/\/fonolukk.eu\/et\/koduleht\/"},{"@type":"ListItem","position":2,"name":"Tooted","item":"https:\/\/fonolukk.eu\/et\/shop-2\/"},{"@type":"ListItem","position":3,"name":"Fonolukud","item":"https:\/\/fonolukk.eu\/et\/product-category\/fonolukud\/"},{"@type":"ListItem","position":4,"name":"Electra","item":"https:\/\/fonolukk.eu\/et\/product-category\/fonolukud\/electra-et-2\/"},{"@type":"ListItem","position":5,"name":"VIDEO KESK\u00dcKSUS &#8211; 3 V\u00c4LJUNDIT, DIN RAUDTEE PAIGALDUS, TUMEHALL"}]},{"@type":"WebSite","@id":"https:\/\/fonolukk.eu\/et\/#website","url":"https:\/\/fonolukk.eu\/et\/","name":"Fonolukk eu","description":"Smart Security Systems","publisher":{"@id":"https:\/\/fonolukk.eu\/et\/#organization"},"potentialAction":[{"@type":"SearchAction","target":{"@type":"EntryPoint","urlTemplate":"https:\/\/fonolukk.eu\/et\/?s={search_term_string}"},"query-input":{"@type":"PropertyValueSpecification","valueRequired":true,"valueName":"search_term_string"}}],"inLanguage":"et"},{"@type":"Organization","@id":"https:\/\/fonolukk.eu\/et\/#organization","name":"Smart Security OU","url":"https:\/\/fonolukk.eu\/et\/","logo":{"@type":"ImageObject","inLanguage":"et","@id":"https:\/\/fonolukk.eu\/et\/#\/schema\/logo\/image\/","url":"https:\/\/fonolukk.eu\/wp-content\/uploads\/2023\/09\/fonolukk.png","contentUrl":"https:\/\/fonolukk.eu\/wp-content\/uploads\/2023\/09\/fonolukk.png","width":277,"height":274,"caption":"Smart Security OU"},"image":{"@id":"https:\/\/fonolukk.eu\/et\/#\/schema\/logo\/image\/"},"sameAs":["https:\/\/www.facebook.com\/fonolukk","https:\/\/www.instagram.com\/fonolukk\/?hl=ru"],"publishingPrinciples":"https:\/\/fonolukk.eu\/terms-and-conditions\/","ownershipFundingInfo":"https:\/\/fonolukk.eu\/about-us\/"}]},"product_brand":"Electra","product_price_amount":"0.00","product_price_currency":"EUR","og_availability":"out of stock","product_availability":"out of stock","product_retailer_item_id":"SCU.VDR02.ELG34","product_condition":"new"},"_links":{"self":[{"href":"https:\/\/fonolukk.eu\/et\/wp-json\/wp\/v2\/product\/5278","targetHints":{"allow":["GET"]}}],"collection":[{"href":"https:\/\/fonolukk.eu\/et\/wp-json\/wp\/v2\/product"}],"about":[{"href":"https:\/\/fonolukk.eu\/et\/wp-json\/wp\/v2\/types\/product"}],"version-history":[{"count":0,"href":"https:\/\/fonolukk.eu\/et\/wp-json\/wp\/v2\/product\/5278\/revisions"}],"wp:featuredmedia":[{"embeddable":true,"href":"https:\/\/fonolukk.eu\/et\/wp-json\/wp\/v2\/media\/4925"}],"wp:attachment":[{"href":"https:\/\/fonolukk.eu\/et\/wp-json\/wp\/v2\/media?parent=5278"}],"wp:term":[{"taxonomy":"product_brand","embeddable":true,"href":"https:\/\/fonolukk.eu\/et\/wp-json\/wp\/v2\/product_brand?post=5278"},{"taxonomy":"product_cat","embeddable":true,"href":"https:\/\/fonolukk.eu\/et\/wp-json\/wp\/v2\/product_cat?post=5278"},{"taxonomy":"product_tag","embeddable":true,"href":"https:\/\/fonolukk.eu\/et\/wp-json\/wp\/v2\/product_tag?post=5278"}],"curies":[{"name":"wp","href":"https:\/\/api.w.org\/{rel}","templated":true}]}}