{"id":5294,"date":"2020-03-01T18:53:03","date_gmt":"2020-03-01T18:53:03","guid":{"rendered":"https:\/\/fonolukk.eu\/product\/smart-video-panel-korterelamud-pinna-paigaldus-valge\/"},"modified":"2020-08-13T11:13:59","modified_gmt":"2020-08-13T08:13:59","slug":"smart-video-panel-korterelamud-pinna-paigaldus-valge","status":"publish","type":"product","link":"https:\/\/fonolukk.eu\/et\/tooted\/smart-video-panel-korterelamud-pinna-paigaldus-valge\/","title":{"rendered":"SMART VIDEO PANEL-KORTERELAMUD, PINNA PAIGALDUS, VALGE"},"content":{"rendered":"<p><strong>Klaas &amp; TOUCH disain<\/strong><br \/>\nInnovatsioon on alaline missioon ELECTRA, ja kasutamise klaas &amp; TOUCH tehnoloogia V\u00e4ljas paneelid oli originaal ja vapper lahendus, algusest peale.<br \/>\n\u00dchendades keemiliselt karastatud klaas ja Puutetundliku klaviatuuri disain paneel, premium v\u00e4limus oli loodud ja k\u00f5ik v\u00e4ljakutsed, millega seisavad silmitsi toote paigaldatud \u00f5ues olid t\u00f5husalt lahendada: kohanemisv\u00f5imet arhitektuuriga ehitis, t\u00e4ieliku kaitse vee ja tolmu, kriimustuste ja l\u00f6\u00f6gikindlus, s\u00f5bralik kasutada ja lihtne hooldada.<\/p>\n<p>Smart kokkupanek \/ lihtne paigaldada pinnale \/ vargusvastased kaitse<br \/>\nELECTRA assamblee lahendus smart video paneel, on v\u00e4ga t\u00f5hus, mille tulemuseks on toode, mille slim v\u00e4limus, kuid samal ajal<br \/>\nlihtne paigaldada.<br \/>\nL\u00e4bi t\u00e4iesti kihiline koos konstruktiivsete elementide, vastavalt elektrostaatiliselt v\u00e4rvitud alumiiniumist korpuse ja 4 mm keemiliselt karastatud klaas, kahekordistunud sees, mida tr\u00fckkplaadi sama m\u00f5\u00f5det, tulemused vastupidav toote, ainult 33 mm paks, mida on v\u00e4ga lihtne paigaldada mis tahes aluspinnale.<br \/>\nVargusvastane andur asub kinnituskruvi l\u00e4hedal ja alarm l\u00fclitub kohe v\u00e4lja, kui kruvi on lahti \u00fchendatud.<\/p>\n<p>Suunatav videokaamera \/ infrapuna LED \/ t\u00f6\u00f6 temperatuuril -30 \u00b0 C<br \/>\nVideokaamera Esindab oluline osa, mis m\u00f5jutavad kasulikkust kogu s\u00fcsteem p\u00f5hineb selle h\u00e4stitoimiv ja positsioneerimine. Sel p\u00f5hjusel videokaamera moodul integreeritud smart V\u00e4ljas paneel oli hoolikalt kavandatud teenima palju igap\u00e4evase kasutamise<br \/>\nolukord. Seega:<\/p>\n<p>Kvaliteedi kuvatud pildid on v\u00e4ga hea, t\u00e4pse v\u00e4rviedastus.<br \/>\nPildid edastatakse kogu k\u00f5ne kestuse, k\u00f5ne ja j\u00e4relevalve ajal. Videopilt j\u00e4\u00e4b aktiivseks veel 10 sekundit, et visuaalselt kinnitada toimingu l\u00f5petamist.<br \/>\n\u00d6ine n\u00e4gemine on suurep\u00e4rane, isegi kui puudub t\u00e4navavalgustus. Infrapuna LED, aktiveeritud valgusandur, tagada n\u00e4htavus on<br \/>\nkaugus 20 m.<br \/>\nVisualiseerimisnurka saab optimeerida, v\u00f5ttes aluseks paneeli asendi sissep\u00e4\u00e4su suhtes, kusjuures kaamera on 25\u00ba orienteeritav<br \/>\nvasakule v\u00f5i paremale.<br \/>\nKondenseerumise v\u00f5i v\u00e4ga madalate temperatuuride korral, kuni-30 \u00b0 C, toimib kaamera parameetrite piires, olles varustatud kohaliku k\u00fcttes\u00fcsteemiga.<br \/>\nVilkuv punane LED annab t\u00e4iendava ohutuse tagamiseks m\u00e4rku videovalve olemasolust.<br \/>\n40 korterit \/ elektrooniline elanike nimekiri<br \/>\nK\u00e4itise korterelamud smart video v\u00e4ljas paneel v\u00f5ib olla kuni 40 korterit, ja aadressid korterit on v\u00f5imalik programmeerida kuni 4 numbrit, alates 1 kuni 9999.<br \/>\n4-rida x 16 s\u00fcmbolit ekraan on ideaalne lahendus nimekirjad elanike puhul suur hoonete ja tagada, kasutajas\u00f5bralik liides, pidevalt nendega suhtlemisel.<\/p>\n<p>Ootere\u017eiimil kuvatakse k\u00fclastajatele tervituss\u00f5num ja kasutusjuhised. Soovi korral saab kuvada vaheldumisi kuva teine ekraan, mille aadress hoone v\u00f5i muid s\u00f5numeid huvi elanikele.<br \/>\nSirvimisel elanike nimekiri, k\u00f5ne, r\u00e4\u00e4kida, ja juurdep\u00e4\u00e4s, ekraan n\u00e4itab j\u00e4tkuvalt juhiseid, mis n\u00e4itavad kasutamise samme.<br \/>\nEt kuvada teave mitmes keeles: rumeenia, inglise, hispaania, saksa, poola, heebrea jne.<br \/>\nTaustvalgusega puuteklaviatuur<br \/>\nMahtuvuslik Touch klaviatuur v\u00e4ljat\u00f6\u00f6tatud Elektra on t\u00f5eliselt tark, nii esteetiliselt, samuti funktsionaalselt. Rakendatud tehniline lahendus tagab v\u00e4ga t\u00f5husa toimimise klaviatuur ja isegi taustvalgus \u00f6\u00f6sel:<\/p>\n<p>Klaviatuur on interaktiivne kogu kasutusaja jooksul l\u00e4bi intuitiivse valguse signaale.<br \/>\nEi valede k\u00f5nede ajal vihma v\u00f5i k\u00f5rge \u00f5huniiskus.<br \/>\nV\u00f5tmeid ei blokeerita, olenemata nende kasutussagedusest.<br \/>\nValgusandur aktiveerib klaviatuuri taustvalguse ainult \u00f6\u00f6sel.<br \/>\nResidendi nime otsing<br \/>\nJuurdep\u00e4\u00e4s ja otsing nimekirja elanikud on teinud v\u00e4ga lihtsalt, j\u00e4rjest puudutades m\u00e4\u00e4ratud v\u00f5ti.<\/p>\n<p>Helista, r\u00e4\u00e4gi ja juurdep\u00e4\u00e4s andmise<br \/>\nK\u00f5ne algatamiseks sisestage korteri number ja vajutage klahvi. K\u00f5ne andis m\u00e4rku akustiliselt kaudu ding-dong, visuaalselt ekraanil ja v\u00f5ti on punane. K\u00f5ne kestus on maksimaalselt 1 min.<br \/>\nKui resident vastuseid, r\u00e4\u00e4kida on algatatud, mille maksimaalne kestus on 2 min. K\u00f5nere\u017eiim on visuaalselt kuvatud ja klahv on roheline. Juurdep\u00e4\u00e4s andmise m\u00e4rku akustiliselt kaudu piiks kinnituse jada, visuaalselt, ekraanil ja l\u00e4bi vilkuv s\u00fcmbol.<\/p>\n<p>RFID-kaardi juurdep\u00e4\u00e4s<br \/>\nSisseehitatud RFID lugeja v\u00f5imaldab lihtsat ja mugavat juurdep\u00e4\u00e4su, mida tag v\u00f5i l\u00e4hedus kaart. Juurdep\u00e4\u00e4s andmine on m\u00e4rku akustiliselt, l\u00e4bi jada kinnitus piiksub, visuaalselt, ekraanil ja l\u00e4bi vilkuv s\u00fcmbol.<br \/>\nRFID lahendus on kohandatud, t\u00f6\u00f6tatakse v\u00e4lja pakkuda nii palju ohutust kui v\u00f5imalik kasutaja, p\u00f5hjus, miks lugeja ainult funktsioone tagatud Elektra sildid.<\/p>\n<p>Programmeerimine \/ seaded ja arvuti \u00fchendus<br \/>\nSmart video V\u00e4ljas paneeli korterelamud on programmeeritud:<\/p>\n<p>PIN-kood.<br \/>\nPaneeli aadress, programmeeritud ainult siis, kui installis on mitu paneeli.<br \/>\nRFID-p\u00e4\u00e4susiltide koodid.<br \/>\nKuvakeele versioon.<br \/>\nKorteri aadressi numbrite arv.<br \/>\nSeal on saadaval seaded:<\/p>\n<p>Videokaamera t\u00f6\u00f6re\u017eiim: ainult kasutamise ajal v\u00f5i p\u00fcsivalt.<br \/>\nPunane LED-signaal j\u00e4lgimise olemasolu: aktiivne v\u00f5i mitteaktiivne.<br \/>\nVargusevastane andur: aktiivne v\u00f5i mitteaktiivne.<br \/>\nSmart video V\u00e4ljas paneeli korterelamud on varustatud mikro-USB pesa, PC \u00fchendus. Andmebaasid juurdep\u00e4\u00e4su tag koodid, nimed elanike ja kuvatakse s\u00f5numeid haldab l\u00e4bi INTERPROG tarkvara, mis on v\u00e4lja t\u00f6\u00f6tatud Touch Line vahemikus.<\/p>\n","protected":false},"excerpt":{"rendered":"<p>Klaas &amp; TOUCH disain Innovatsioon on alaline missioon ELECTRA, ja kasutamise klaas &amp; TOUCH tehnoloogia V\u00e4ljas paneelid oli originaal ja<\/p>\n","protected":false},"featured_media":4862,"template":"","meta":[],"product_brand":[],"product_cat":[914,606,894],"product_tag":[],"class_list":{"0":"post-5294","1":"product","2":"type-product","3":"status-publish","4":"has-post-thumbnail","6":"product_cat-fonoluku-paneel","7":"product_cat-fonolukud","8":"product_cat-electra-et-2","9":"pa_brand-electra-et","11":"first","12":"instock","13":"taxable","14":"shipping-taxable","15":"product-type-simple"},"yoast_head":"<!-- This site is optimized with the Yoast SEO Premium plugin v27.3 (Yoast SEO v27.3) - https:\/\/yoast.com\/product\/yoast-seo-premium-wordpress\/ -->\n<title>SMART VIDEO PANEL-KORTERELAMUD, PINNA PAIGALDUS, VALGE - Fonolukk<\/title>\n<meta name=\"description\" content=\"SMART VIDEO PANEL-KORTERELAMUD, PINNA PAIGALDUS, VALGE - Fonolukk\" \/>\n<meta name=\"robots\" content=\"index, follow, max-snippet:-1, max-image-preview:large, max-video-preview:-1\" \/>\n<link rel=\"canonical\" href=\"https:\/\/fonolukk.eu\/et\/tooted\/smart-video-panel-korterelamud-pinna-paigaldus-valge\/\" \/>\n<meta property=\"og:locale\" content=\"et_EE\" \/>\n<meta property=\"og:type\" content=\"article\" \/>\n<meta property=\"og:title\" content=\"SMART VIDEO PANEL-KORTERELAMUD, PINNA PAIGALDUS, VALGE\" \/>\n<meta property=\"og:description\" content=\"Klaas &amp; TOUCH disain Innovatsioon on alaline missioon ELECTRA, ja kasutamise klaas &amp; TOUCH tehnoloogia V\u00e4ljas paneelid oli originaal ja vapper\" \/>\n<meta property=\"og:url\" content=\"https:\/\/fonolukk.eu\/et\/tooted\/smart-video-panel-korterelamud-pinna-paigaldus-valge\/\" \/>\n<meta property=\"og:site_name\" content=\"Fonolukk\" \/>\n<meta property=\"article:publisher\" content=\"https:\/\/www.facebook.com\/fonolukk\" \/>\n<meta property=\"article:modified_time\" content=\"2020-08-13T08:13:59+00:00\" \/>\n<meta property=\"og:image\" content=\"https:\/\/fonolukk.eu\/wp-content\/uploads\/2020\/03\/Bloc-Surface.png\" \/>\n\t<meta property=\"og:image:width\" content=\"1022\" \/>\n\t<meta property=\"og:image:height\" content=\"1150\" \/>\n\t<meta property=\"og:image:type\" content=\"image\/png\" \/>\n<meta name=\"twitter:card\" content=\"summary_large_image\" \/>\n<meta name=\"twitter:label1\" content=\"Hind\" \/>\n\t<meta name=\"twitter:data1\" content=\"\" \/>\n\t<meta name=\"twitter:label2\" content=\"Availability\" \/>\n\t<meta name=\"twitter:data2\" content=\"Laos\" \/>\n<script type=\"application\/ld+json\" class=\"yoast-schema-graph\">{\"@context\":\"https:\\\/\\\/schema.org\",\"@graph\":[{\"@type\":\"WebPage\",\"@id\":\"https:\\\/\\\/fonolukk.eu\\\/et\\\/tooted\\\/smart-video-panel-korterelamud-pinna-paigaldus-valge\\\/\",\"url\":\"https:\\\/\\\/fonolukk.eu\\\/et\\\/tooted\\\/smart-video-panel-korterelamud-pinna-paigaldus-valge\\\/\",\"name\":\"SMART VIDEO PANEL-KORTERELAMUD, PINNA PAIGALDUS, VALGE - Fonolukk\",\"isPartOf\":{\"@id\":\"https:\\\/\\\/fonolukk.eu\\\/et\\\/#website\"},\"primaryImageOfPage\":{\"@id\":\"https:\\\/\\\/fonolukk.eu\\\/et\\\/tooted\\\/smart-video-panel-korterelamud-pinna-paigaldus-valge\\\/#primaryimage\"},\"image\":{\"@id\":\"https:\\\/\\\/fonolukk.eu\\\/et\\\/tooted\\\/smart-video-panel-korterelamud-pinna-paigaldus-valge\\\/#primaryimage\"},\"thumbnailUrl\":\"https:\\\/\\\/fonolukk.eu\\\/wp-content\\\/uploads\\\/2020\\\/03\\\/Bloc-Surface.png\",\"datePublished\":\"2020-03-01T18:53:03+00:00\",\"dateModified\":\"2020-08-13T08:13:59+00:00\",\"description\":\"SMART VIDEO PANEL-KORTERELAMUD, PINNA PAIGALDUS, VALGE - Fonolukk\",\"breadcrumb\":{\"@id\":\"https:\\\/\\\/fonolukk.eu\\\/et\\\/tooted\\\/smart-video-panel-korterelamud-pinna-paigaldus-valge\\\/#breadcrumb\"},\"inLanguage\":\"et\",\"potentialAction\":[{\"@type\":\"ReadAction\",\"target\":[\"https:\\\/\\\/fonolukk.eu\\\/et\\\/tooted\\\/smart-video-panel-korterelamud-pinna-paigaldus-valge\\\/\"]}]},{\"@type\":\"ImageObject\",\"inLanguage\":\"et\",\"@id\":\"https:\\\/\\\/fonolukk.eu\\\/et\\\/tooted\\\/smart-video-panel-korterelamud-pinna-paigaldus-valge\\\/#primaryimage\",\"url\":\"https:\\\/\\\/fonolukk.eu\\\/wp-content\\\/uploads\\\/2020\\\/03\\\/Bloc-Surface.png\",\"contentUrl\":\"https:\\\/\\\/fonolukk.eu\\\/wp-content\\\/uploads\\\/2020\\\/03\\\/Bloc-Surface.png\",\"width\":1022,\"height\":1150,\"caption\":\"Fonolukk - Smart Video Panel\"},{\"@type\":\"BreadcrumbList\",\"@id\":\"https:\\\/\\\/fonolukk.eu\\\/et\\\/tooted\\\/smart-video-panel-korterelamud-pinna-paigaldus-valge\\\/#breadcrumb\",\"itemListElement\":[{\"@type\":\"ListItem\",\"position\":1,\"name\":\"Esileht\",\"item\":\"https:\\\/\\\/fonolukk.eu\\\/et\\\/koduleht\\\/\"},{\"@type\":\"ListItem\",\"position\":2,\"name\":\"Tooted\",\"item\":\"https:\\\/\\\/fonolukk.eu\\\/et\\\/shop-2\\\/\"},{\"@type\":\"ListItem\",\"position\":3,\"name\":\"Fonolukud\",\"item\":\"https:\\\/\\\/fonolukk.eu\\\/et\\\/product-category\\\/fonolukud\\\/\"},{\"@type\":\"ListItem\",\"position\":4,\"name\":\"Electra\",\"item\":\"https:\\\/\\\/fonolukk.eu\\\/et\\\/product-category\\\/fonolukud\\\/electra-et-2\\\/\"},{\"@type\":\"ListItem\",\"position\":5,\"name\":\"Fonoluku paneel\",\"item\":\"https:\\\/\\\/fonolukk.eu\\\/et\\\/product-category\\\/fonolukud\\\/electra-et-2\\\/fonoluku-paneel\\\/\"},{\"@type\":\"ListItem\",\"position\":6,\"name\":\"SMART VIDEO PANEL-KORTERELAMUD, PINNA PAIGALDUS, VALGE\"}]},{\"@type\":\"WebSite\",\"@id\":\"https:\\\/\\\/fonolukk.eu\\\/et\\\/#website\",\"url\":\"https:\\\/\\\/fonolukk.eu\\\/et\\\/\",\"name\":\"Fonolukk eu\",\"description\":\"Smart Security Systems\",\"publisher\":{\"@id\":\"https:\\\/\\\/fonolukk.eu\\\/et\\\/#organization\"},\"potentialAction\":[{\"@type\":\"SearchAction\",\"target\":{\"@type\":\"EntryPoint\",\"urlTemplate\":\"https:\\\/\\\/fonolukk.eu\\\/et\\\/?s={search_term_string}\"},\"query-input\":{\"@type\":\"PropertyValueSpecification\",\"valueRequired\":true,\"valueName\":\"search_term_string\"}}],\"inLanguage\":\"et\"},{\"@type\":\"Organization\",\"@id\":\"https:\\\/\\\/fonolukk.eu\\\/et\\\/#organization\",\"name\":\"Smart Security OU\",\"url\":\"https:\\\/\\\/fonolukk.eu\\\/et\\\/\",\"logo\":{\"@type\":\"ImageObject\",\"inLanguage\":\"et\",\"@id\":\"https:\\\/\\\/fonolukk.eu\\\/et\\\/#\\\/schema\\\/logo\\\/image\\\/\",\"url\":\"https:\\\/\\\/fonolukk.eu\\\/wp-content\\\/uploads\\\/2023\\\/09\\\/fonolukk.png\",\"contentUrl\":\"https:\\\/\\\/fonolukk.eu\\\/wp-content\\\/uploads\\\/2023\\\/09\\\/fonolukk.png\",\"width\":277,\"height\":274,\"caption\":\"Smart Security OU\"},\"image\":{\"@id\":\"https:\\\/\\\/fonolukk.eu\\\/et\\\/#\\\/schema\\\/logo\\\/image\\\/\"},\"sameAs\":[\"https:\\\/\\\/www.facebook.com\\\/fonolukk\",\"https:\\\/\\\/www.instagram.com\\\/fonolukk\\\/?hl=ru\"],\"publishingPrinciples\":\"https:\\\/\\\/fonolukk.eu\\\/terms-and-conditions\\\/\",\"ownershipFundingInfo\":\"https:\\\/\\\/fonolukk.eu\\\/about-us\\\/\"}]}<\/script>\n<meta property=\"product:brand\" content=\"Electra\" \/>\n<meta property=\"product:price:amount\" content=\"0.00\" \/>\n<meta property=\"product:price:currency\" content=\"EUR\" \/>\n<meta property=\"og:availability\" content=\"instock\" \/>\n<meta property=\"product:availability\" content=\"instock\" \/>\n<meta property=\"product:retailer_item_id\" content=\"VPM.BSR02.ELW04\" \/>\n<meta property=\"product:condition\" content=\"new\" \/>\n<!-- \/ Yoast SEO Premium plugin. -->","yoast_head_json":{"title":"SMART VIDEO PANEL-KORTERELAMUD, PINNA PAIGALDUS, VALGE - Fonolukk","description":"SMART VIDEO PANEL-KORTERELAMUD, PINNA PAIGALDUS, VALGE - Fonolukk","robots":{"index":"index","follow":"follow","max-snippet":"max-snippet:-1","max-image-preview":"max-image-preview:large","max-video-preview":"max-video-preview:-1"},"canonical":"https:\/\/fonolukk.eu\/et\/tooted\/smart-video-panel-korterelamud-pinna-paigaldus-valge\/","og_locale":"et_EE","og_type":"article","og_title":"SMART VIDEO PANEL-KORTERELAMUD, PINNA PAIGALDUS, VALGE","og_description":"Klaas &amp; TOUCH disain Innovatsioon on alaline missioon ELECTRA, ja kasutamise klaas &amp; TOUCH tehnoloogia V\u00e4ljas paneelid oli originaal ja vapper","og_url":"https:\/\/fonolukk.eu\/et\/tooted\/smart-video-panel-korterelamud-pinna-paigaldus-valge\/","og_site_name":"Fonolukk","article_publisher":"https:\/\/www.facebook.com\/fonolukk","article_modified_time":"2020-08-13T08:13:59+00:00","og_image":[{"width":1022,"height":1150,"url":"https:\/\/fonolukk.eu\/wp-content\/uploads\/2020\/03\/Bloc-Surface.png","type":"image\/png"}],"twitter_card":"summary_large_image","twitter_misc":{"Hind":"","Availability":"Laos"},"schema":{"@context":"https:\/\/schema.org","@graph":[{"@type":"WebPage","@id":"https:\/\/fonolukk.eu\/et\/tooted\/smart-video-panel-korterelamud-pinna-paigaldus-valge\/","url":"https:\/\/fonolukk.eu\/et\/tooted\/smart-video-panel-korterelamud-pinna-paigaldus-valge\/","name":"SMART VIDEO PANEL-KORTERELAMUD, PINNA PAIGALDUS, VALGE - Fonolukk","isPartOf":{"@id":"https:\/\/fonolukk.eu\/et\/#website"},"primaryImageOfPage":{"@id":"https:\/\/fonolukk.eu\/et\/tooted\/smart-video-panel-korterelamud-pinna-paigaldus-valge\/#primaryimage"},"image":{"@id":"https:\/\/fonolukk.eu\/et\/tooted\/smart-video-panel-korterelamud-pinna-paigaldus-valge\/#primaryimage"},"thumbnailUrl":"https:\/\/fonolukk.eu\/wp-content\/uploads\/2020\/03\/Bloc-Surface.png","datePublished":"2020-03-01T18:53:03+00:00","dateModified":"2020-08-13T08:13:59+00:00","description":"SMART VIDEO PANEL-KORTERELAMUD, PINNA PAIGALDUS, VALGE - Fonolukk","breadcrumb":{"@id":"https:\/\/fonolukk.eu\/et\/tooted\/smart-video-panel-korterelamud-pinna-paigaldus-valge\/#breadcrumb"},"inLanguage":"et","potentialAction":[{"@type":"ReadAction","target":["https:\/\/fonolukk.eu\/et\/tooted\/smart-video-panel-korterelamud-pinna-paigaldus-valge\/"]}]},{"@type":"ImageObject","inLanguage":"et","@id":"https:\/\/fonolukk.eu\/et\/tooted\/smart-video-panel-korterelamud-pinna-paigaldus-valge\/#primaryimage","url":"https:\/\/fonolukk.eu\/wp-content\/uploads\/2020\/03\/Bloc-Surface.png","contentUrl":"https:\/\/fonolukk.eu\/wp-content\/uploads\/2020\/03\/Bloc-Surface.png","width":1022,"height":1150,"caption":"Fonolukk - Smart Video Panel"},{"@type":"BreadcrumbList","@id":"https:\/\/fonolukk.eu\/et\/tooted\/smart-video-panel-korterelamud-pinna-paigaldus-valge\/#breadcrumb","itemListElement":[{"@type":"ListItem","position":1,"name":"Esileht","item":"https:\/\/fonolukk.eu\/et\/koduleht\/"},{"@type":"ListItem","position":2,"name":"Tooted","item":"https:\/\/fonolukk.eu\/et\/shop-2\/"},{"@type":"ListItem","position":3,"name":"Fonolukud","item":"https:\/\/fonolukk.eu\/et\/product-category\/fonolukud\/"},{"@type":"ListItem","position":4,"name":"Electra","item":"https:\/\/fonolukk.eu\/et\/product-category\/fonolukud\/electra-et-2\/"},{"@type":"ListItem","position":5,"name":"Fonoluku paneel","item":"https:\/\/fonolukk.eu\/et\/product-category\/fonolukud\/electra-et-2\/fonoluku-paneel\/"},{"@type":"ListItem","position":6,"name":"SMART VIDEO PANEL-KORTERELAMUD, PINNA PAIGALDUS, VALGE"}]},{"@type":"WebSite","@id":"https:\/\/fonolukk.eu\/et\/#website","url":"https:\/\/fonolukk.eu\/et\/","name":"Fonolukk eu","description":"Smart Security Systems","publisher":{"@id":"https:\/\/fonolukk.eu\/et\/#organization"},"potentialAction":[{"@type":"SearchAction","target":{"@type":"EntryPoint","urlTemplate":"https:\/\/fonolukk.eu\/et\/?s={search_term_string}"},"query-input":{"@type":"PropertyValueSpecification","valueRequired":true,"valueName":"search_term_string"}}],"inLanguage":"et"},{"@type":"Organization","@id":"https:\/\/fonolukk.eu\/et\/#organization","name":"Smart Security OU","url":"https:\/\/fonolukk.eu\/et\/","logo":{"@type":"ImageObject","inLanguage":"et","@id":"https:\/\/fonolukk.eu\/et\/#\/schema\/logo\/image\/","url":"https:\/\/fonolukk.eu\/wp-content\/uploads\/2023\/09\/fonolukk.png","contentUrl":"https:\/\/fonolukk.eu\/wp-content\/uploads\/2023\/09\/fonolukk.png","width":277,"height":274,"caption":"Smart Security OU"},"image":{"@id":"https:\/\/fonolukk.eu\/et\/#\/schema\/logo\/image\/"},"sameAs":["https:\/\/www.facebook.com\/fonolukk","https:\/\/www.instagram.com\/fonolukk\/?hl=ru"],"publishingPrinciples":"https:\/\/fonolukk.eu\/terms-and-conditions\/","ownershipFundingInfo":"https:\/\/fonolukk.eu\/about-us\/"}]},"product_brand":"Electra","product_price_amount":"0.00","product_price_currency":"EUR","og_availability":"instock","product_availability":"instock","product_retailer_item_id":"VPM.BSR02.ELW04","product_condition":"new"},"_links":{"self":[{"href":"https:\/\/fonolukk.eu\/et\/wp-json\/wp\/v2\/product\/5294","targetHints":{"allow":["GET"]}}],"collection":[{"href":"https:\/\/fonolukk.eu\/et\/wp-json\/wp\/v2\/product"}],"about":[{"href":"https:\/\/fonolukk.eu\/et\/wp-json\/wp\/v2\/types\/product"}],"version-history":[{"count":0,"href":"https:\/\/fonolukk.eu\/et\/wp-json\/wp\/v2\/product\/5294\/revisions"}],"wp:featuredmedia":[{"embeddable":true,"href":"https:\/\/fonolukk.eu\/et\/wp-json\/wp\/v2\/media\/4862"}],"wp:attachment":[{"href":"https:\/\/fonolukk.eu\/et\/wp-json\/wp\/v2\/media?parent=5294"}],"wp:term":[{"taxonomy":"product_brand","embeddable":true,"href":"https:\/\/fonolukk.eu\/et\/wp-json\/wp\/v2\/product_brand?post=5294"},{"taxonomy":"product_cat","embeddable":true,"href":"https:\/\/fonolukk.eu\/et\/wp-json\/wp\/v2\/product_cat?post=5294"},{"taxonomy":"product_tag","embeddable":true,"href":"https:\/\/fonolukk.eu\/et\/wp-json\/wp\/v2\/product_tag?post=5294"}],"curies":[{"name":"wp","href":"https:\/\/api.w.org\/{rel}","templated":true}]}}