{"id":5576,"date":"2020-03-16T19:19:53","date_gmt":"2020-03-16T19:19:54","guid":{"rendered":"https:\/\/fonolukk.eu\/?post_type=product&#038;p=5576"},"modified":"2022-07-18T17:32:17","modified_gmt":"2022-07-18T14:32:17","slug":"vizit-ukp-7-valge-telefonitoru-intercomi-jaoks","status":"publish","type":"product","link":"https:\/\/fonolukk.eu\/et\/tooted\/vizit-ukp-7-valge-telefonitoru-intercomi-jaoks\/","title":{"rendered":"Vizit UKP-7 \/ Valge telefonitoru intercomi jaoks"},"content":{"rendered":"<ul>\n<li>K\u00f5ne signaali l\u00fcliti: Jah<\/li>\n<li>Lukukontroll: nupp lukustuse avamiseks<\/li>\n<li>Kutsesignaali reguleerimine: puudub<\/li>\n<li>Toitepinge: alates intercom<\/li>\n<li>\u00dcldm\u00f5\u00f5tmed: 175x40x35mm<\/li>\n<\/ul>\n<div class='w3eden'><!-- WPDM Link Template: Default Template -->\n\n<div class=\"link-template-default card mb-2\">\n    <div class=\"card-body\">\n        <div class=\"media\">\n            <div class=\"mr-3 img-48\"><img decoding=\"async\" class=\"wpdm_icon\" alt=\"Icon\"   src=\"https:\/\/fonolukk.eu\/wp-content\/plugins\/download-manager\/assets\/file-type-icons\/pdf.svg\" \/><\/div>\n            <div class=\"media-body\">\n                <h3 class=\"package-title\"><a href='https:\/\/fonolukk.eu\/download\/vizit-ukp-7\/'>Vizit UKP-7<\/a><\/h3>\n                <div class=\"text-muted text-small\"><i class=\"fas fa-copy\"><\/i> 1 file(s) <i class=\"fas fa-hdd ml-3\"><\/i> 130.25 KB<\/div>\n            <\/div>\n            <div class=\"ml-3\">\n                <div class=\"w3eden\"><div class=\"panel panel-default card\"><div class=\"panel-body card-body\"><span class=\"text-danger\">Login is required to access this page<\/span><\/div><div class=\"panel-footer card-footer text-right\"><a href=\"https:\/\/fonolukk.eu\/wp-login.php?redirect_to=\/et\/wp-json\/wp\/v2\/product\/5576\" class=\"btn btn-danger wpdmloginmodal-trigger btn-sm\"><i class=\"fa fa-lock\"><\/i> Login<\/a><\/div><\/div><\/div>\n            <\/div>\n        <\/div>\n    <\/div>\n<\/div>\n\n<\/div>\n","protected":false},"excerpt":{"rendered":"<p><span style=\"color: #ff0000;\"><span style=\"vertical-align: inherit;\"><span>T\u00c4HELEPANU!<\/span><\/span><\/span><br \/>\n<span style=\"vertical-align: inherit;\"><span>See toru sobib ainult s\u00fcsteemidele Vizit ja Eltis.<\/span><\/span><\/p>\n<p><span style=\"vertical-align: inherit;\"><span>Sobib ka Rainmanni (Laskomex) KD-3000.<\/span><\/span><\/p>\n<p><span style=\"color: #ff0000;\"><span style=\"vertical-align: inherit;\"><span>Pange t\u00e4hele, et valesti \u00fchendatud telefonitoru v\u00f5ib kahjustada sisekommunikatsiooni!<\/span><\/span><\/span><\/p>\n<p><span style=\"vertical-align: inherit;\"><span>Intercomi mudeli saate teada v\u00e4lisuksel asuvalt paneelilt.<\/span><\/span><\/p>\n<p><span style=\"vertical-align: inherit;\"><span>Mis on teie sisek\u00f5ne mudel<\/span><\/span><\/p>\n<p><span style=\"vertical-align: inherit;\"><span>Saatke meile intercomi foto ja me aitame teid.<\/span><\/span><\/p>\n<p><span style=\"vertical-align: inherit;\"><span>E-post Mail: info@fonolukk.eu<\/span><\/span><\/p>\n<div id=\"gtx-trans\" style=\"position: absolute; left: 49px; top: 24.6667px;\">\n<div class=\"gtx-trans-icon\"><\/div>\n<\/div>\n","protected":false},"featured_media":5584,"template":"","meta":[],"product_brand":[],"product_cat":[385,832,606],"product_tag":[],"class_list":{"0":"post-5576","1":"product","2":"type-product","3":"status-publish","4":"has-post-thumbnail","6":"product_cat-intercom-torud","7":"product_cat-vizit-et","8":"product_cat-fonolukud","9":"pa_brand-eltis-et","10":"pa_brand-vizit","12":"first","13":"outofstock","14":"taxable","15":"shipping-taxable","16":"product-type-simple"},"yoast_head":"<!-- This site is optimized with the Yoast SEO Premium plugin v27.3 (Yoast SEO v27.3) - https:\/\/yoast.com\/product\/yoast-seo-premium-wordpress\/ -->\n<title>Vizit UKP-7 \/ Valge telefonitoru intercomi jaoks - Fonolukk<\/title>\n<meta name=\"description\" content=\"Vizit UKP-7 \/ Valge telefonitoru intercomi jaoks - Fonolukk\" \/>\n<meta name=\"robots\" content=\"index, follow, max-snippet:-1, max-image-preview:large, max-video-preview:-1\" \/>\n<link rel=\"canonical\" href=\"https:\/\/fonolukk.eu\/et\/tooted\/vizit-ukp-7-valge-telefonitoru-intercomi-jaoks\/\" \/>\n<meta property=\"og:locale\" content=\"et_EE\" \/>\n<meta property=\"og:type\" content=\"article\" \/>\n<meta property=\"og:title\" content=\"Vizit UKP-7 \/ Valge telefonitoru intercomi jaoks\" \/>\n<meta property=\"og:description\" content=\"T\u00c4HELEPANU! See toru sobib ainult s\u00fcsteemidele Vizit ja Eltis.  Sobib ka Rainmanni (Laskomex) KD-3000.  Pange t\u00e4hele, et valesti \u00fchendatud telefonitoru v\u00f5ib kahjustada sisekommunikatsiooni!  Intercomi mudeli saate teada v\u00e4lisuksel asuvalt paneelilt.  Mis on teie sisek\u00f5ne mudel  Saatke meile intercomi foto ja me aitame teid.  E-post Mail: info@fonolukk.eu\" \/>\n<meta property=\"og:url\" content=\"https:\/\/fonolukk.eu\/et\/tooted\/vizit-ukp-7-valge-telefonitoru-intercomi-jaoks\/\" \/>\n<meta property=\"og:site_name\" content=\"Fonolukk\" \/>\n<meta property=\"article:publisher\" content=\"https:\/\/www.facebook.com\/fonolukk\" \/>\n<meta property=\"article:modified_time\" content=\"2022-07-18T14:32:17+00:00\" \/>\n<meta property=\"og:image\" content=\"https:\/\/fonolukk.eu\/wp-content\/uploads\/2020\/03\/upk-7-vizit-600x600_0.gif\" \/>\n\t<meta property=\"og:image:width\" content=\"600\" \/>\n\t<meta property=\"og:image:height\" content=\"600\" \/>\n\t<meta property=\"og:image:type\" content=\"image\/gif\" \/>\n<meta name=\"twitter:card\" content=\"summary_large_image\" \/>\n<meta name=\"twitter:label1\" content=\"Hind\" \/>\n\t<meta name=\"twitter:data1\" content=\"\" \/>\n\t<meta name=\"twitter:label2\" content=\"Availability\" \/>\n\t<meta name=\"twitter:data2\" content=\"Laost otsas\" \/>\n<script type=\"application\/ld+json\" class=\"yoast-schema-graph\">{\"@context\":\"https:\\\/\\\/schema.org\",\"@graph\":[{\"@type\":\"WebPage\",\"@id\":\"https:\\\/\\\/fonolukk.eu\\\/et\\\/tooted\\\/vizit-ukp-7-valge-telefonitoru-intercomi-jaoks\\\/\",\"url\":\"https:\\\/\\\/fonolukk.eu\\\/et\\\/tooted\\\/vizit-ukp-7-valge-telefonitoru-intercomi-jaoks\\\/\",\"name\":\"Vizit UKP-7 \\\/ Valge telefonitoru intercomi jaoks - Fonolukk\",\"isPartOf\":{\"@id\":\"https:\\\/\\\/fonolukk.eu\\\/et\\\/#website\"},\"primaryImageOfPage\":{\"@id\":\"https:\\\/\\\/fonolukk.eu\\\/et\\\/tooted\\\/vizit-ukp-7-valge-telefonitoru-intercomi-jaoks\\\/#primaryimage\"},\"image\":{\"@id\":\"https:\\\/\\\/fonolukk.eu\\\/et\\\/tooted\\\/vizit-ukp-7-valge-telefonitoru-intercomi-jaoks\\\/#primaryimage\"},\"thumbnailUrl\":\"https:\\\/\\\/fonolukk.eu\\\/wp-content\\\/uploads\\\/2020\\\/03\\\/upk-7-vizit-600x600_0.gif\",\"datePublished\":\"2020-03-16T19:19:54+00:00\",\"dateModified\":\"2022-07-18T14:32:17+00:00\",\"description\":\"Vizit UKP-7 \\\/ Valge telefonitoru intercomi jaoks - Fonolukk\",\"breadcrumb\":{\"@id\":\"https:\\\/\\\/fonolukk.eu\\\/et\\\/tooted\\\/vizit-ukp-7-valge-telefonitoru-intercomi-jaoks\\\/#breadcrumb\"},\"inLanguage\":\"et\",\"potentialAction\":[{\"@type\":\"ReadAction\",\"target\":[\"https:\\\/\\\/fonolukk.eu\\\/et\\\/tooted\\\/vizit-ukp-7-valge-telefonitoru-intercomi-jaoks\\\/\"]}]},{\"@type\":\"ImageObject\",\"inLanguage\":\"et\",\"@id\":\"https:\\\/\\\/fonolukk.eu\\\/et\\\/tooted\\\/vizit-ukp-7-valge-telefonitoru-intercomi-jaoks\\\/#primaryimage\",\"url\":\"https:\\\/\\\/fonolukk.eu\\\/wp-content\\\/uploads\\\/2020\\\/03\\\/upk-7-vizit-600x600_0.gif\",\"contentUrl\":\"https:\\\/\\\/fonolukk.eu\\\/wp-content\\\/uploads\\\/2020\\\/03\\\/upk-7-vizit-600x600_0.gif\",\"width\":600,\"height\":600},{\"@type\":\"BreadcrumbList\",\"@id\":\"https:\\\/\\\/fonolukk.eu\\\/et\\\/tooted\\\/vizit-ukp-7-valge-telefonitoru-intercomi-jaoks\\\/#breadcrumb\",\"itemListElement\":[{\"@type\":\"ListItem\",\"position\":1,\"name\":\"Esileht\",\"item\":\"https:\\\/\\\/fonolukk.eu\\\/et\\\/koduleht\\\/\"},{\"@type\":\"ListItem\",\"position\":2,\"name\":\"Tooted\",\"item\":\"https:\\\/\\\/fonolukk.eu\\\/et\\\/shop-2\\\/\"},{\"@type\":\"ListItem\",\"position\":3,\"name\":\"Uksetelefonid\",\"item\":\"https:\\\/\\\/fonolukk.eu\\\/et\\\/product-category\\\/intercom-torud\\\/\"},{\"@type\":\"ListItem\",\"position\":4,\"name\":\"Vizit\",\"item\":\"https:\\\/\\\/fonolukk.eu\\\/et\\\/product-category\\\/intercom-torud\\\/vizit-et\\\/\"},{\"@type\":\"ListItem\",\"position\":5,\"name\":\"Vizit UKP-7 \\\/ Valge telefonitoru intercomi jaoks\"}]},{\"@type\":\"WebSite\",\"@id\":\"https:\\\/\\\/fonolukk.eu\\\/et\\\/#website\",\"url\":\"https:\\\/\\\/fonolukk.eu\\\/et\\\/\",\"name\":\"Fonolukk eu\",\"description\":\"Smart Security Systems\",\"publisher\":{\"@id\":\"https:\\\/\\\/fonolukk.eu\\\/et\\\/#organization\"},\"potentialAction\":[{\"@type\":\"SearchAction\",\"target\":{\"@type\":\"EntryPoint\",\"urlTemplate\":\"https:\\\/\\\/fonolukk.eu\\\/et\\\/?s={search_term_string}\"},\"query-input\":{\"@type\":\"PropertyValueSpecification\",\"valueRequired\":true,\"valueName\":\"search_term_string\"}}],\"inLanguage\":\"et\"},{\"@type\":\"Organization\",\"@id\":\"https:\\\/\\\/fonolukk.eu\\\/et\\\/#organization\",\"name\":\"Smart Security OU\",\"url\":\"https:\\\/\\\/fonolukk.eu\\\/et\\\/\",\"logo\":{\"@type\":\"ImageObject\",\"inLanguage\":\"et\",\"@id\":\"https:\\\/\\\/fonolukk.eu\\\/et\\\/#\\\/schema\\\/logo\\\/image\\\/\",\"url\":\"https:\\\/\\\/fonolukk.eu\\\/wp-content\\\/uploads\\\/2023\\\/09\\\/fonolukk.png\",\"contentUrl\":\"https:\\\/\\\/fonolukk.eu\\\/wp-content\\\/uploads\\\/2023\\\/09\\\/fonolukk.png\",\"width\":277,\"height\":274,\"caption\":\"Smart Security OU\"},\"image\":{\"@id\":\"https:\\\/\\\/fonolukk.eu\\\/et\\\/#\\\/schema\\\/logo\\\/image\\\/\"},\"sameAs\":[\"https:\\\/\\\/www.facebook.com\\\/fonolukk\",\"https:\\\/\\\/www.instagram.com\\\/fonolukk\\\/?hl=ru\"],\"publishingPrinciples\":\"https:\\\/\\\/fonolukk.eu\\\/terms-and-conditions\\\/\",\"ownershipFundingInfo\":\"https:\\\/\\\/fonolukk.eu\\\/about-us\\\/\"}]}<\/script>\n<meta property=\"product:brand\" content=\"Eltis\" \/>\n<meta property=\"product:price:amount\" content=\"0.00\" \/>\n<meta property=\"product:price:currency\" content=\"EUR\" \/>\n<meta property=\"og:availability\" content=\"out of stock\" \/>\n<meta property=\"product:availability\" content=\"out of stock\" \/>\n<meta property=\"product:retailer_item_id\" content=\"UKP-7\/ White\" \/>\n<meta property=\"product:condition\" content=\"new\" \/>\n<!-- \/ Yoast SEO Premium plugin. -->","yoast_head_json":{"title":"Vizit UKP-7 \/ Valge telefonitoru intercomi jaoks - Fonolukk","description":"Vizit UKP-7 \/ Valge telefonitoru intercomi jaoks - Fonolukk","robots":{"index":"index","follow":"follow","max-snippet":"max-snippet:-1","max-image-preview":"max-image-preview:large","max-video-preview":"max-video-preview:-1"},"canonical":"https:\/\/fonolukk.eu\/et\/tooted\/vizit-ukp-7-valge-telefonitoru-intercomi-jaoks\/","og_locale":"et_EE","og_type":"article","og_title":"Vizit UKP-7 \/ Valge telefonitoru intercomi jaoks","og_description":"T\u00c4HELEPANU! See toru sobib ainult s\u00fcsteemidele Vizit ja Eltis.  Sobib ka Rainmanni (Laskomex) KD-3000.  Pange t\u00e4hele, et valesti \u00fchendatud telefonitoru v\u00f5ib kahjustada sisekommunikatsiooni!  Intercomi mudeli saate teada v\u00e4lisuksel asuvalt paneelilt.  Mis on teie sisek\u00f5ne mudel  Saatke meile intercomi foto ja me aitame teid.  E-post Mail: info@fonolukk.eu","og_url":"https:\/\/fonolukk.eu\/et\/tooted\/vizit-ukp-7-valge-telefonitoru-intercomi-jaoks\/","og_site_name":"Fonolukk","article_publisher":"https:\/\/www.facebook.com\/fonolukk","article_modified_time":"2022-07-18T14:32:17+00:00","og_image":[{"width":600,"height":600,"url":"https:\/\/fonolukk.eu\/wp-content\/uploads\/2020\/03\/upk-7-vizit-600x600_0.gif","type":"image\/gif"}],"twitter_card":"summary_large_image","twitter_misc":{"Hind":"","Availability":"Laost otsas"},"schema":{"@context":"https:\/\/schema.org","@graph":[{"@type":"WebPage","@id":"https:\/\/fonolukk.eu\/et\/tooted\/vizit-ukp-7-valge-telefonitoru-intercomi-jaoks\/","url":"https:\/\/fonolukk.eu\/et\/tooted\/vizit-ukp-7-valge-telefonitoru-intercomi-jaoks\/","name":"Vizit UKP-7 \/ Valge telefonitoru intercomi jaoks - Fonolukk","isPartOf":{"@id":"https:\/\/fonolukk.eu\/et\/#website"},"primaryImageOfPage":{"@id":"https:\/\/fonolukk.eu\/et\/tooted\/vizit-ukp-7-valge-telefonitoru-intercomi-jaoks\/#primaryimage"},"image":{"@id":"https:\/\/fonolukk.eu\/et\/tooted\/vizit-ukp-7-valge-telefonitoru-intercomi-jaoks\/#primaryimage"},"thumbnailUrl":"https:\/\/fonolukk.eu\/wp-content\/uploads\/2020\/03\/upk-7-vizit-600x600_0.gif","datePublished":"2020-03-16T19:19:54+00:00","dateModified":"2022-07-18T14:32:17+00:00","description":"Vizit UKP-7 \/ Valge telefonitoru intercomi jaoks - Fonolukk","breadcrumb":{"@id":"https:\/\/fonolukk.eu\/et\/tooted\/vizit-ukp-7-valge-telefonitoru-intercomi-jaoks\/#breadcrumb"},"inLanguage":"et","potentialAction":[{"@type":"ReadAction","target":["https:\/\/fonolukk.eu\/et\/tooted\/vizit-ukp-7-valge-telefonitoru-intercomi-jaoks\/"]}]},{"@type":"ImageObject","inLanguage":"et","@id":"https:\/\/fonolukk.eu\/et\/tooted\/vizit-ukp-7-valge-telefonitoru-intercomi-jaoks\/#primaryimage","url":"https:\/\/fonolukk.eu\/wp-content\/uploads\/2020\/03\/upk-7-vizit-600x600_0.gif","contentUrl":"https:\/\/fonolukk.eu\/wp-content\/uploads\/2020\/03\/upk-7-vizit-600x600_0.gif","width":600,"height":600},{"@type":"BreadcrumbList","@id":"https:\/\/fonolukk.eu\/et\/tooted\/vizit-ukp-7-valge-telefonitoru-intercomi-jaoks\/#breadcrumb","itemListElement":[{"@type":"ListItem","position":1,"name":"Esileht","item":"https:\/\/fonolukk.eu\/et\/koduleht\/"},{"@type":"ListItem","position":2,"name":"Tooted","item":"https:\/\/fonolukk.eu\/et\/shop-2\/"},{"@type":"ListItem","position":3,"name":"Uksetelefonid","item":"https:\/\/fonolukk.eu\/et\/product-category\/intercom-torud\/"},{"@type":"ListItem","position":4,"name":"Vizit","item":"https:\/\/fonolukk.eu\/et\/product-category\/intercom-torud\/vizit-et\/"},{"@type":"ListItem","position":5,"name":"Vizit UKP-7 \/ Valge telefonitoru intercomi jaoks"}]},{"@type":"WebSite","@id":"https:\/\/fonolukk.eu\/et\/#website","url":"https:\/\/fonolukk.eu\/et\/","name":"Fonolukk eu","description":"Smart Security Systems","publisher":{"@id":"https:\/\/fonolukk.eu\/et\/#organization"},"potentialAction":[{"@type":"SearchAction","target":{"@type":"EntryPoint","urlTemplate":"https:\/\/fonolukk.eu\/et\/?s={search_term_string}"},"query-input":{"@type":"PropertyValueSpecification","valueRequired":true,"valueName":"search_term_string"}}],"inLanguage":"et"},{"@type":"Organization","@id":"https:\/\/fonolukk.eu\/et\/#organization","name":"Smart Security OU","url":"https:\/\/fonolukk.eu\/et\/","logo":{"@type":"ImageObject","inLanguage":"et","@id":"https:\/\/fonolukk.eu\/et\/#\/schema\/logo\/image\/","url":"https:\/\/fonolukk.eu\/wp-content\/uploads\/2023\/09\/fonolukk.png","contentUrl":"https:\/\/fonolukk.eu\/wp-content\/uploads\/2023\/09\/fonolukk.png","width":277,"height":274,"caption":"Smart Security OU"},"image":{"@id":"https:\/\/fonolukk.eu\/et\/#\/schema\/logo\/image\/"},"sameAs":["https:\/\/www.facebook.com\/fonolukk","https:\/\/www.instagram.com\/fonolukk\/?hl=ru"],"publishingPrinciples":"https:\/\/fonolukk.eu\/terms-and-conditions\/","ownershipFundingInfo":"https:\/\/fonolukk.eu\/about-us\/"}]},"product_brand":"Eltis","product_price_amount":"0.00","product_price_currency":"EUR","og_availability":"out of stock","product_availability":"out of stock","product_retailer_item_id":"UKP-7\/ White","product_condition":"new"},"_links":{"self":[{"href":"https:\/\/fonolukk.eu\/et\/wp-json\/wp\/v2\/product\/5576","targetHints":{"allow":["GET"]}}],"collection":[{"href":"https:\/\/fonolukk.eu\/et\/wp-json\/wp\/v2\/product"}],"about":[{"href":"https:\/\/fonolukk.eu\/et\/wp-json\/wp\/v2\/types\/product"}],"version-history":[{"count":0,"href":"https:\/\/fonolukk.eu\/et\/wp-json\/wp\/v2\/product\/5576\/revisions"}],"wp:featuredmedia":[{"embeddable":true,"href":"https:\/\/fonolukk.eu\/et\/wp-json\/wp\/v2\/media\/5584"}],"wp:attachment":[{"href":"https:\/\/fonolukk.eu\/et\/wp-json\/wp\/v2\/media?parent=5576"}],"wp:term":[{"taxonomy":"product_brand","embeddable":true,"href":"https:\/\/fonolukk.eu\/et\/wp-json\/wp\/v2\/product_brand?post=5576"},{"taxonomy":"product_cat","embeddable":true,"href":"https:\/\/fonolukk.eu\/et\/wp-json\/wp\/v2\/product_cat?post=5576"},{"taxonomy":"product_tag","embeddable":true,"href":"https:\/\/fonolukk.eu\/et\/wp-json\/wp\/v2\/product_tag?post=5576"}],"curies":[{"name":"wp","href":"https:\/\/api.w.org\/{rel}","templated":true}]}}