{"id":5898,"date":"2020-03-24T13:16:39","date_gmt":"2020-03-24T11:16:39","guid":{"rendered":"https:\/\/fonolukk.eu\/?post_type=product&#038;p=5898"},"modified":"2025-05-17T15:00:52","modified_gmt":"2025-05-17T12:00:52","slug":"uksetelefon-lm-ukt2-valge","status":"publish","type":"product","link":"https:\/\/fonolukk.eu\/et\/tooted\/uksetelefon-lm-ukt2-valge\/","title":{"rendered":"Uksetelefon LM-UKT2 \/ Valge"},"content":{"rendered":"<h2><span style=\"vertical-align: inherit;\"><span class=\"\">Telefon LM-UKT2 \/ Valge<\/span><\/span><\/h2>\n<p><span style=\"vertical-align: inherit;\">Uksetelefonitoru LM-UKT2.\u00a0<\/span><\/p>\n<p><span style=\"vertical-align: inherit;\"> LM-UKT2\u00a0 <\/span><span style=\"vertical-align: inherit;\">sobib koorditaat fonos\u00fcsteemidele Vizit, Eltis ja nende analoogid. Uksetoru paigaldatakse korterisse ja seda kasutatakse v\u00e4lisukse avamiseks.<\/span><\/p>\n<p>K\u00f5nesignaali l\u00fcliti: jah<br \/>\nLukustuse juhtimine: nupp luku avamiseks<br \/>\nK\u00f5nesignaali reguleerimine: jah<\/p>\n<p>Toiteallika pinge: fonos\u00fcsteemist<\/p>\n","protected":false},"excerpt":{"rendered":"<h3><span style=\"color: #ff0000;\">T\u00c4HELEPANU !<\/span><\/h3>\n<p>See uksetelefon sobib ainult fonoluku s\u00fcsteemile\u00a0<strong>Vizit ja Eltis<\/strong>.<\/p>\n<p>Sobib ka Rainmann ( Laskomex ) KD &#8211; 3000 s\u00fcsteemile.<\/p>\n<p>Juhime t\u00e4helepanu sellele, et oma j\u00f5ududega valesti \u00fchendatud uksetelefon v\u00f5ib kahjustada fonos\u00fcsteemi!<\/p>\n<p>Mudeli nimetus on kirjas v\u00e4lisukse paneeli peal.<\/p>\n<p>Kui Te ei ole kindlat fonoluku mudelis v\u00f5i ei saa seda tuvastada<\/p>\n<p>Saatke meile paneelist foto meilile ja me aitame Teid.<\/p>\n<p>E-mail : info@fonolukk.ee<\/p>\n","protected":false},"featured_media":15668,"template":"","meta":[],"product_brand":[],"product_cat":[832,385,606,800,961,1199,910,1137],"product_tag":[],"class_list":{"0":"post-5898","1":"product","2":"type-product","3":"status-publish","4":"has-post-thumbnail","6":"product_cat-vizit-et","7":"product_cat-intercom-torud","8":"product_cat-fonolukud","9":"product_cat-eltis-et","10":"product_cat-uksetelefoni-torud-et-3","11":"product_cat-uksetelefoni-torud-et-6","12":"product_cat-vizit-et-2","13":"product_cat-eltis-et-2","14":"pa_brand-eltis-et","15":"pa_brand-vizit","17":"first","18":"outofstock","19":"taxable","20":"shipping-taxable","21":"product-type-simple"},"yoast_head":"<!-- This site is optimized with the Yoast SEO Premium plugin v27.3 (Yoast SEO v27.3) - https:\/\/yoast.com\/product\/yoast-seo-premium-wordpress\/ -->\n<title>Uksetelefon LM-UKT2 \/ Valge - Fonolukk<\/title>\n<meta name=\"description\" content=\"Uksetelefon LM-UKT2 \/ Valge - Fonolukk\" \/>\n<meta name=\"robots\" content=\"index, follow, max-snippet:-1, max-image-preview:large, max-video-preview:-1\" \/>\n<link rel=\"canonical\" href=\"https:\/\/fonolukk.eu\/et\/tooted\/uksetelefon-lm-ukt2-valge\/\" \/>\n<meta property=\"og:locale\" content=\"et_EE\" \/>\n<meta property=\"og:type\" content=\"article\" \/>\n<meta property=\"og:title\" content=\"Uksetelefon LM-UKT2 \/ Valge\" \/>\n<meta property=\"og:description\" content=\"T\u00c4HELEPANU ! See uksetelefon sobib ainult fonoluku s\u00fcsteemile\u00a0Vizit ja Eltis.  Sobib ka Rainmann ( Laskomex ) KD - 3000 s\u00fcsteemile.  Juhime t\u00e4helepanu sellele, et oma j\u00f5ududega valesti \u00fchendatud uksetelefon v\u00f5ib kahjustada fonos\u00fcsteemi!  Mudeli nimetus on kirjas v\u00e4lisukse paneeli peal.  Kui Te ei ole kindlat fonoluku mudelis v\u00f5i ei saa seda tuvastada  Saatke meile paneelist foto meilile ja me aitame Teid.  E-mail : info@fonolukk.ee\" \/>\n<meta property=\"og:url\" content=\"https:\/\/fonolukk.eu\/et\/tooted\/uksetelefon-lm-ukt2-valge\/\" \/>\n<meta property=\"og:site_name\" content=\"Fonolukk\" \/>\n<meta property=\"article:publisher\" content=\"https:\/\/www.facebook.com\/fonolukk\" \/>\n<meta property=\"article:modified_time\" content=\"2025-05-17T12:00:52+00:00\" \/>\n<meta property=\"og:image\" content=\"https:\/\/fonolukk.eu\/wp-content\/uploads\/2020\/03\/intercom-intercom-tube-interphone-tube-doorphone-tube-laskomex-lm-ukt-2.jpeg\" \/>\n\t<meta property=\"og:image:width\" content=\"800\" \/>\n\t<meta property=\"og:image:height\" content=\"800\" \/>\n\t<meta property=\"og:image:type\" content=\"image\/jpeg\" \/>\n<meta name=\"twitter:card\" content=\"summary_large_image\" \/>\n<meta name=\"twitter:label1\" content=\"Hind\" \/>\n\t<meta name=\"twitter:data1\" content=\"\" \/>\n\t<meta name=\"twitter:label2\" content=\"Availability\" \/>\n\t<meta name=\"twitter:data2\" content=\"Laost otsas\" \/>\n<script type=\"application\/ld+json\" class=\"yoast-schema-graph\">{\"@context\":\"https:\\\/\\\/schema.org\",\"@graph\":[{\"@type\":\"WebPage\",\"@id\":\"https:\\\/\\\/fonolukk.eu\\\/et\\\/tooted\\\/uksetelefon-lm-ukt2-valge\\\/\",\"url\":\"https:\\\/\\\/fonolukk.eu\\\/et\\\/tooted\\\/uksetelefon-lm-ukt2-valge\\\/\",\"name\":\"Uksetelefon LM-UKT2 \\\/ Valge - Fonolukk\",\"isPartOf\":{\"@id\":\"https:\\\/\\\/fonolukk.eu\\\/et\\\/#website\"},\"primaryImageOfPage\":{\"@id\":\"https:\\\/\\\/fonolukk.eu\\\/et\\\/tooted\\\/uksetelefon-lm-ukt2-valge\\\/#primaryimage\"},\"image\":{\"@id\":\"https:\\\/\\\/fonolukk.eu\\\/et\\\/tooted\\\/uksetelefon-lm-ukt2-valge\\\/#primaryimage\"},\"thumbnailUrl\":\"https:\\\/\\\/fonolukk.eu\\\/wp-content\\\/uploads\\\/2020\\\/03\\\/intercom-intercom-tube-interphone-tube-doorphone-tube-laskomex-lm-ukt-2.jpeg\",\"datePublished\":\"2020-03-24T11:16:39+00:00\",\"dateModified\":\"2025-05-17T12:00:52+00:00\",\"description\":\"Uksetelefon LM-UKT2 \\\/ Valge - Fonolukk\",\"breadcrumb\":{\"@id\":\"https:\\\/\\\/fonolukk.eu\\\/et\\\/tooted\\\/uksetelefon-lm-ukt2-valge\\\/#breadcrumb\"},\"inLanguage\":\"et\",\"potentialAction\":[{\"@type\":\"ReadAction\",\"target\":[\"https:\\\/\\\/fonolukk.eu\\\/et\\\/tooted\\\/uksetelefon-lm-ukt2-valge\\\/\"]}]},{\"@type\":\"ImageObject\",\"inLanguage\":\"et\",\"@id\":\"https:\\\/\\\/fonolukk.eu\\\/et\\\/tooted\\\/uksetelefon-lm-ukt2-valge\\\/#primaryimage\",\"url\":\"https:\\\/\\\/fonolukk.eu\\\/wp-content\\\/uploads\\\/2020\\\/03\\\/intercom-intercom-tube-interphone-tube-doorphone-tube-laskomex-lm-ukt-2.jpeg\",\"contentUrl\":\"https:\\\/\\\/fonolukk.eu\\\/wp-content\\\/uploads\\\/2020\\\/03\\\/intercom-intercom-tube-interphone-tube-doorphone-tube-laskomex-lm-ukt-2.jpeg\",\"width\":800,\"height\":800,\"caption\":\"Fonolukk - Rainman lm\"},{\"@type\":\"BreadcrumbList\",\"@id\":\"https:\\\/\\\/fonolukk.eu\\\/et\\\/tooted\\\/uksetelefon-lm-ukt2-valge\\\/#breadcrumb\",\"itemListElement\":[{\"@type\":\"ListItem\",\"position\":1,\"name\":\"Esileht\",\"item\":\"https:\\\/\\\/fonolukk.eu\\\/et\\\/koduleht\\\/\"},{\"@type\":\"ListItem\",\"position\":2,\"name\":\"Tooted\",\"item\":\"https:\\\/\\\/fonolukk.eu\\\/et\\\/shop-2\\\/\"},{\"@type\":\"ListItem\",\"position\":3,\"name\":\"Fonolukud\",\"item\":\"https:\\\/\\\/fonolukk.eu\\\/et\\\/product-category\\\/fonolukud\\\/\"},{\"@type\":\"ListItem\",\"position\":4,\"name\":\"Uksetelefon LM-UKT2 \\\/ Valge\"}]},{\"@type\":\"WebSite\",\"@id\":\"https:\\\/\\\/fonolukk.eu\\\/et\\\/#website\",\"url\":\"https:\\\/\\\/fonolukk.eu\\\/et\\\/\",\"name\":\"Fonolukk eu\",\"description\":\"Smart Security Systems\",\"publisher\":{\"@id\":\"https:\\\/\\\/fonolukk.eu\\\/et\\\/#organization\"},\"potentialAction\":[{\"@type\":\"SearchAction\",\"target\":{\"@type\":\"EntryPoint\",\"urlTemplate\":\"https:\\\/\\\/fonolukk.eu\\\/et\\\/?s={search_term_string}\"},\"query-input\":{\"@type\":\"PropertyValueSpecification\",\"valueRequired\":true,\"valueName\":\"search_term_string\"}}],\"inLanguage\":\"et\"},{\"@type\":\"Organization\",\"@id\":\"https:\\\/\\\/fonolukk.eu\\\/et\\\/#organization\",\"name\":\"Smart Security OU\",\"url\":\"https:\\\/\\\/fonolukk.eu\\\/et\\\/\",\"logo\":{\"@type\":\"ImageObject\",\"inLanguage\":\"et\",\"@id\":\"https:\\\/\\\/fonolukk.eu\\\/et\\\/#\\\/schema\\\/logo\\\/image\\\/\",\"url\":\"https:\\\/\\\/fonolukk.eu\\\/wp-content\\\/uploads\\\/2023\\\/09\\\/fonolukk.png\",\"contentUrl\":\"https:\\\/\\\/fonolukk.eu\\\/wp-content\\\/uploads\\\/2023\\\/09\\\/fonolukk.png\",\"width\":277,\"height\":274,\"caption\":\"Smart Security OU\"},\"image\":{\"@id\":\"https:\\\/\\\/fonolukk.eu\\\/et\\\/#\\\/schema\\\/logo\\\/image\\\/\"},\"sameAs\":[\"https:\\\/\\\/www.facebook.com\\\/fonolukk\",\"https:\\\/\\\/www.instagram.com\\\/fonolukk\\\/?hl=ru\"],\"publishingPrinciples\":\"https:\\\/\\\/fonolukk.eu\\\/terms-and-conditions\\\/\",\"ownershipFundingInfo\":\"https:\\\/\\\/fonolukk.eu\\\/about-us\\\/\"}]}<\/script>\n<meta property=\"product:brand\" content=\"Eltis\" \/>\n<meta property=\"product:price:amount\" content=\"0.00\" \/>\n<meta property=\"product:price:currency\" content=\"EUR\" \/>\n<meta property=\"og:availability\" content=\"out of stock\" \/>\n<meta property=\"product:availability\" content=\"out of stock\" \/>\n<meta property=\"product:retailer_item_id\" content=\"LM-UKT2\/ White\" \/>\n<meta property=\"product:condition\" content=\"new\" \/>\n<!-- \/ Yoast SEO Premium plugin. -->","yoast_head_json":{"title":"Uksetelefon LM-UKT2 \/ Valge - Fonolukk","description":"Uksetelefon LM-UKT2 \/ Valge - Fonolukk","robots":{"index":"index","follow":"follow","max-snippet":"max-snippet:-1","max-image-preview":"max-image-preview:large","max-video-preview":"max-video-preview:-1"},"canonical":"https:\/\/fonolukk.eu\/et\/tooted\/uksetelefon-lm-ukt2-valge\/","og_locale":"et_EE","og_type":"article","og_title":"Uksetelefon LM-UKT2 \/ Valge","og_description":"T\u00c4HELEPANU ! See uksetelefon sobib ainult fonoluku s\u00fcsteemile\u00a0Vizit ja Eltis.  Sobib ka Rainmann ( Laskomex ) KD - 3000 s\u00fcsteemile.  Juhime t\u00e4helepanu sellele, et oma j\u00f5ududega valesti \u00fchendatud uksetelefon v\u00f5ib kahjustada fonos\u00fcsteemi!  Mudeli nimetus on kirjas v\u00e4lisukse paneeli peal.  Kui Te ei ole kindlat fonoluku mudelis v\u00f5i ei saa seda tuvastada  Saatke meile paneelist foto meilile ja me aitame Teid.  E-mail : info@fonolukk.ee","og_url":"https:\/\/fonolukk.eu\/et\/tooted\/uksetelefon-lm-ukt2-valge\/","og_site_name":"Fonolukk","article_publisher":"https:\/\/www.facebook.com\/fonolukk","article_modified_time":"2025-05-17T12:00:52+00:00","og_image":[{"width":800,"height":800,"url":"https:\/\/fonolukk.eu\/wp-content\/uploads\/2020\/03\/intercom-intercom-tube-interphone-tube-doorphone-tube-laskomex-lm-ukt-2.jpeg","type":"image\/jpeg"}],"twitter_card":"summary_large_image","twitter_misc":{"Hind":"","Availability":"Laost otsas"},"schema":{"@context":"https:\/\/schema.org","@graph":[{"@type":"WebPage","@id":"https:\/\/fonolukk.eu\/et\/tooted\/uksetelefon-lm-ukt2-valge\/","url":"https:\/\/fonolukk.eu\/et\/tooted\/uksetelefon-lm-ukt2-valge\/","name":"Uksetelefon LM-UKT2 \/ Valge - Fonolukk","isPartOf":{"@id":"https:\/\/fonolukk.eu\/et\/#website"},"primaryImageOfPage":{"@id":"https:\/\/fonolukk.eu\/et\/tooted\/uksetelefon-lm-ukt2-valge\/#primaryimage"},"image":{"@id":"https:\/\/fonolukk.eu\/et\/tooted\/uksetelefon-lm-ukt2-valge\/#primaryimage"},"thumbnailUrl":"https:\/\/fonolukk.eu\/wp-content\/uploads\/2020\/03\/intercom-intercom-tube-interphone-tube-doorphone-tube-laskomex-lm-ukt-2.jpeg","datePublished":"2020-03-24T11:16:39+00:00","dateModified":"2025-05-17T12:00:52+00:00","description":"Uksetelefon LM-UKT2 \/ Valge - Fonolukk","breadcrumb":{"@id":"https:\/\/fonolukk.eu\/et\/tooted\/uksetelefon-lm-ukt2-valge\/#breadcrumb"},"inLanguage":"et","potentialAction":[{"@type":"ReadAction","target":["https:\/\/fonolukk.eu\/et\/tooted\/uksetelefon-lm-ukt2-valge\/"]}]},{"@type":"ImageObject","inLanguage":"et","@id":"https:\/\/fonolukk.eu\/et\/tooted\/uksetelefon-lm-ukt2-valge\/#primaryimage","url":"https:\/\/fonolukk.eu\/wp-content\/uploads\/2020\/03\/intercom-intercom-tube-interphone-tube-doorphone-tube-laskomex-lm-ukt-2.jpeg","contentUrl":"https:\/\/fonolukk.eu\/wp-content\/uploads\/2020\/03\/intercom-intercom-tube-interphone-tube-doorphone-tube-laskomex-lm-ukt-2.jpeg","width":800,"height":800,"caption":"Fonolukk - Rainman lm"},{"@type":"BreadcrumbList","@id":"https:\/\/fonolukk.eu\/et\/tooted\/uksetelefon-lm-ukt2-valge\/#breadcrumb","itemListElement":[{"@type":"ListItem","position":1,"name":"Esileht","item":"https:\/\/fonolukk.eu\/et\/koduleht\/"},{"@type":"ListItem","position":2,"name":"Tooted","item":"https:\/\/fonolukk.eu\/et\/shop-2\/"},{"@type":"ListItem","position":3,"name":"Fonolukud","item":"https:\/\/fonolukk.eu\/et\/product-category\/fonolukud\/"},{"@type":"ListItem","position":4,"name":"Uksetelefon LM-UKT2 \/ Valge"}]},{"@type":"WebSite","@id":"https:\/\/fonolukk.eu\/et\/#website","url":"https:\/\/fonolukk.eu\/et\/","name":"Fonolukk eu","description":"Smart Security Systems","publisher":{"@id":"https:\/\/fonolukk.eu\/et\/#organization"},"potentialAction":[{"@type":"SearchAction","target":{"@type":"EntryPoint","urlTemplate":"https:\/\/fonolukk.eu\/et\/?s={search_term_string}"},"query-input":{"@type":"PropertyValueSpecification","valueRequired":true,"valueName":"search_term_string"}}],"inLanguage":"et"},{"@type":"Organization","@id":"https:\/\/fonolukk.eu\/et\/#organization","name":"Smart Security OU","url":"https:\/\/fonolukk.eu\/et\/","logo":{"@type":"ImageObject","inLanguage":"et","@id":"https:\/\/fonolukk.eu\/et\/#\/schema\/logo\/image\/","url":"https:\/\/fonolukk.eu\/wp-content\/uploads\/2023\/09\/fonolukk.png","contentUrl":"https:\/\/fonolukk.eu\/wp-content\/uploads\/2023\/09\/fonolukk.png","width":277,"height":274,"caption":"Smart Security OU"},"image":{"@id":"https:\/\/fonolukk.eu\/et\/#\/schema\/logo\/image\/"},"sameAs":["https:\/\/www.facebook.com\/fonolukk","https:\/\/www.instagram.com\/fonolukk\/?hl=ru"],"publishingPrinciples":"https:\/\/fonolukk.eu\/terms-and-conditions\/","ownershipFundingInfo":"https:\/\/fonolukk.eu\/about-us\/"}]},"product_brand":"Eltis","product_price_amount":"0.00","product_price_currency":"EUR","og_availability":"out of stock","product_availability":"out of stock","product_retailer_item_id":"LM-UKT2\/ White","product_condition":"new"},"_links":{"self":[{"href":"https:\/\/fonolukk.eu\/et\/wp-json\/wp\/v2\/product\/5898","targetHints":{"allow":["GET"]}}],"collection":[{"href":"https:\/\/fonolukk.eu\/et\/wp-json\/wp\/v2\/product"}],"about":[{"href":"https:\/\/fonolukk.eu\/et\/wp-json\/wp\/v2\/types\/product"}],"version-history":[{"count":2,"href":"https:\/\/fonolukk.eu\/et\/wp-json\/wp\/v2\/product\/5898\/revisions"}],"predecessor-version":[{"id":19260,"href":"https:\/\/fonolukk.eu\/et\/wp-json\/wp\/v2\/product\/5898\/revisions\/19260"}],"wp:featuredmedia":[{"embeddable":true,"href":"https:\/\/fonolukk.eu\/et\/wp-json\/wp\/v2\/media\/15668"}],"wp:attachment":[{"href":"https:\/\/fonolukk.eu\/et\/wp-json\/wp\/v2\/media?parent=5898"}],"wp:term":[{"taxonomy":"product_brand","embeddable":true,"href":"https:\/\/fonolukk.eu\/et\/wp-json\/wp\/v2\/product_brand?post=5898"},{"taxonomy":"product_cat","embeddable":true,"href":"https:\/\/fonolukk.eu\/et\/wp-json\/wp\/v2\/product_cat?post=5898"},{"taxonomy":"product_tag","embeddable":true,"href":"https:\/\/fonolukk.eu\/et\/wp-json\/wp\/v2\/product_tag?post=5898"}],"curies":[{"name":"wp","href":"https:\/\/api.w.org\/{rel}","templated":true}]}}