{"id":6429,"date":"2020-04-23T08:00:15","date_gmt":"2020-04-23T05:00:15","guid":{"rendered":"https:\/\/fonolukk.eu\/?post_type=product&#038;p=6429"},"modified":"2021-10-24T18:17:58","modified_gmt":"2021-10-24T15:17:58","slug":"valjumisnupp-vizit-500","status":"publish","type":"product","link":"https:\/\/fonolukk.eu\/et\/tooted\/valjumisnupp-vizit-500\/","title":{"rendered":"V\u00e4ljumisnupp Vizit 500"},"content":{"rendered":"<div class=\"rte product-single__description\">\n<p>Nupp EXIT 500 (nupp &#8220;Exit&#8221; (v\u00e4lju), fonolukku<\/p>\n<p>nupp &#8220;V\u00c4LJU 500&#8221; on m\u00f5eldud kasutamiseks koos elektromagnetilise lukku VIZIT;<br \/>\nmetallist korpus, antivandaalne kasutamine;<br \/>\npaigaldatud umbes ukse sees trepikoja, arve v\u00f5imalus kinnitamine;<br \/>\nannab avariisignaal avatud lossi eemaldamist toiteallika rikke korral kontrolli seadme (plokk k\u00f5ne fonolukku t\u00f6\u00f6tleja v\u00f5tmepaari ja defektid.);;<br \/>\nled-valgusti nupp;<br \/>\nressurss ts\u00fcklit positiivsed -500 000;<br \/>\nelektrooniline v\u00f5ti (MOSFET) lukk kontrolli;<br \/>\nsisendpinge, ei rohkem &#8211; 24;<br \/>\ndialup praegune, Samas, ei rohkem &#8211; 1;<br \/>\nm\u00f5\u00f5tmed, mm (Lxkxs) &#8211; 75\u044547\u044517;<br \/>\nkaal, kg, mitte rohkem &#8211; 0,1;<br \/>\nt\u00f6\u00f6temperatuuri vahemik, \u00b0C &#8211; miinus 10 kuni pluss 50.<\/p>\n<div class='w3eden'><!-- WPDM Link Template: Default Template -->\n\n<div class=\"link-template-default card mb-2\">\n    <div class=\"card-body\">\n        <div class=\"media\">\n            <div class=\"mr-3 img-48\"><img decoding=\"async\" class=\"wpdm_icon\" alt=\"Icon\"   src=\"https:\/\/fonolukk.eu\/wp-content\/plugins\/download-manager\/assets\/file-type-icons\/pdf.svg\" \/><\/div>\n            <div class=\"media-body\">\n                <h3 class=\"package-title\"><a href='https:\/\/fonolukk.eu\/download\/exit-500\/'>Exit 500<\/a><\/h3>\n                <div class=\"text-muted text-small\"><i class=\"fas fa-copy\"><\/i> 1 file(s) <i class=\"fas fa-hdd ml-3\"><\/i> 85.09 KB<\/div>\n            <\/div>\n            <div class=\"ml-3\">\n                <div class=\"w3eden\"><div class=\"panel panel-default card\"><div class=\"panel-body card-body\"><span class=\"text-danger\">Login is required to access this page<\/span><\/div><div class=\"panel-footer card-footer text-right\"><a href=\"https:\/\/fonolukk.eu\/wp-login.php?redirect_to=\/et\/wp-json\/wp\/v2\/product\/6429\" class=\"btn btn-danger wpdmloginmodal-trigger btn-sm\"><i class=\"fa fa-lock\"><\/i> Login<\/a><\/div><\/div><\/div>\n            <\/div>\n        <\/div>\n    <\/div>\n<\/div>\n\n<\/div>\n<\/div>\n","protected":false},"excerpt":{"rendered":"<p>Nupp EXIT 500 (nupp &#8220;Exit&#8221; (v\u00e4lju), fonolukku nupp &#8220;V\u00c4LJU 500&#8221; on m\u00f5eldud kasutamiseks koos elektromagnetilise lukku VIZIT; metallist korpus, antivandaalne<\/p>\n","protected":false},"featured_media":12480,"template":"","meta":[],"product_brand":[],"product_cat":[852],"product_tag":[],"class_list":{"0":"post-6429","1":"product","2":"type-product","3":"status-publish","4":"has-post-thumbnail","6":"product_cat-ukseavamisnupud","8":"first","9":"instock","10":"taxable","11":"shipping-taxable","12":"product-type-simple"},"yoast_head":"<!-- This site is optimized with the Yoast SEO Premium plugin v27.3 (Yoast SEO v27.3) - https:\/\/yoast.com\/product\/yoast-seo-premium-wordpress\/ -->\n<title>V\u00e4ljumisnupp Vizit 500 - Fonolukk<\/title>\n<meta name=\"description\" content=\"V\u00e4ljumisnupp Vizit 500 - Fonolukk\" \/>\n<meta name=\"robots\" content=\"index, follow, max-snippet:-1, max-image-preview:large, max-video-preview:-1\" \/>\n<link rel=\"canonical\" href=\"https:\/\/fonolukk.eu\/et\/tooted\/valjumisnupp-vizit-500\/\" \/>\n<meta property=\"og:locale\" content=\"et_EE\" \/>\n<meta property=\"og:type\" content=\"article\" \/>\n<meta property=\"og:title\" content=\"V\u00e4ljumisnupp Vizit 500\" \/>\n<meta property=\"og:description\" content=\"Nupp EXIT 500 (nupp &quot;Exit&quot; (v\u00e4lju), fonolukku nupp &quot;V\u00c4LJU 500&quot; on m\u00f5eldud kasutamiseks koos elektromagnetilise lukku VIZIT; metallist korpus,\" \/>\n<meta property=\"og:url\" content=\"https:\/\/fonolukk.eu\/et\/tooted\/valjumisnupp-vizit-500\/\" \/>\n<meta property=\"og:site_name\" content=\"Fonolukk\" \/>\n<meta property=\"article:publisher\" content=\"https:\/\/www.facebook.com\/fonolukk\" \/>\n<meta property=\"article:modified_time\" content=\"2021-10-24T15:17:58+00:00\" \/>\n<meta property=\"og:image\" content=\"https:\/\/fonolukk.eu\/wp-content\/uploads\/2020\/04\/bf5ca92dbe2f683069c90d849797cc7b-1.jpg\" \/>\n\t<meta property=\"og:image:width\" content=\"1088\" \/>\n\t<meta property=\"og:image:height\" content=\"882\" \/>\n\t<meta property=\"og:image:type\" content=\"image\/jpeg\" \/>\n<meta name=\"twitter:card\" content=\"summary_large_image\" \/>\n<meta name=\"twitter:label1\" content=\"Hind\" \/>\n\t<meta name=\"twitter:data1\" content=\"\" \/>\n\t<meta name=\"twitter:label2\" content=\"Availability\" \/>\n\t<meta name=\"twitter:data2\" content=\"Laos\" \/>\n<script type=\"application\/ld+json\" class=\"yoast-schema-graph\">{\"@context\":\"https:\\\/\\\/schema.org\",\"@graph\":[{\"@type\":\"WebPage\",\"@id\":\"https:\\\/\\\/fonolukk.eu\\\/et\\\/tooted\\\/valjumisnupp-vizit-500\\\/\",\"url\":\"https:\\\/\\\/fonolukk.eu\\\/et\\\/tooted\\\/valjumisnupp-vizit-500\\\/\",\"name\":\"V\u00e4ljumisnupp Vizit 500 - Fonolukk\",\"isPartOf\":{\"@id\":\"https:\\\/\\\/fonolukk.eu\\\/et\\\/#website\"},\"primaryImageOfPage\":{\"@id\":\"https:\\\/\\\/fonolukk.eu\\\/et\\\/tooted\\\/valjumisnupp-vizit-500\\\/#primaryimage\"},\"image\":{\"@id\":\"https:\\\/\\\/fonolukk.eu\\\/et\\\/tooted\\\/valjumisnupp-vizit-500\\\/#primaryimage\"},\"thumbnailUrl\":\"https:\\\/\\\/fonolukk.eu\\\/wp-content\\\/uploads\\\/2020\\\/04\\\/bf5ca92dbe2f683069c90d849797cc7b-1.jpg\",\"datePublished\":\"2020-04-23T05:00:15+00:00\",\"dateModified\":\"2021-10-24T15:17:58+00:00\",\"description\":\"V\u00e4ljumisnupp Vizit 500 - Fonolukk\",\"breadcrumb\":{\"@id\":\"https:\\\/\\\/fonolukk.eu\\\/et\\\/tooted\\\/valjumisnupp-vizit-500\\\/#breadcrumb\"},\"inLanguage\":\"et\",\"potentialAction\":[{\"@type\":\"ReadAction\",\"target\":[\"https:\\\/\\\/fonolukk.eu\\\/et\\\/tooted\\\/valjumisnupp-vizit-500\\\/\"]}]},{\"@type\":\"ImageObject\",\"inLanguage\":\"et\",\"@id\":\"https:\\\/\\\/fonolukk.eu\\\/et\\\/tooted\\\/valjumisnupp-vizit-500\\\/#primaryimage\",\"url\":\"https:\\\/\\\/fonolukk.eu\\\/wp-content\\\/uploads\\\/2020\\\/04\\\/bf5ca92dbe2f683069c90d849797cc7b-1.jpg\",\"contentUrl\":\"https:\\\/\\\/fonolukk.eu\\\/wp-content\\\/uploads\\\/2020\\\/04\\\/bf5ca92dbe2f683069c90d849797cc7b-1.jpg\",\"width\":1088,\"height\":882,\"caption\":\"Videokaamerad\"},{\"@type\":\"BreadcrumbList\",\"@id\":\"https:\\\/\\\/fonolukk.eu\\\/et\\\/tooted\\\/valjumisnupp-vizit-500\\\/#breadcrumb\",\"itemListElement\":[{\"@type\":\"ListItem\",\"position\":1,\"name\":\"Esileht\",\"item\":\"https:\\\/\\\/fonolukk.eu\\\/et\\\/koduleht\\\/\"},{\"@type\":\"ListItem\",\"position\":2,\"name\":\"Tooted\",\"item\":\"https:\\\/\\\/fonolukk.eu\\\/et\\\/shop-2\\\/\"},{\"@type\":\"ListItem\",\"position\":3,\"name\":\"Ukseavamisnupud\",\"item\":\"https:\\\/\\\/fonolukk.eu\\\/et\\\/product-category\\\/ukseavamisnupud\\\/\"},{\"@type\":\"ListItem\",\"position\":4,\"name\":\"V\u00e4ljumisnupp Vizit 500\"}]},{\"@type\":\"WebSite\",\"@id\":\"https:\\\/\\\/fonolukk.eu\\\/et\\\/#website\",\"url\":\"https:\\\/\\\/fonolukk.eu\\\/et\\\/\",\"name\":\"Fonolukk eu\",\"description\":\"Smart Security Systems\",\"publisher\":{\"@id\":\"https:\\\/\\\/fonolukk.eu\\\/et\\\/#organization\"},\"potentialAction\":[{\"@type\":\"SearchAction\",\"target\":{\"@type\":\"EntryPoint\",\"urlTemplate\":\"https:\\\/\\\/fonolukk.eu\\\/et\\\/?s={search_term_string}\"},\"query-input\":{\"@type\":\"PropertyValueSpecification\",\"valueRequired\":true,\"valueName\":\"search_term_string\"}}],\"inLanguage\":\"et\"},{\"@type\":\"Organization\",\"@id\":\"https:\\\/\\\/fonolukk.eu\\\/et\\\/#organization\",\"name\":\"Smart Security OU\",\"url\":\"https:\\\/\\\/fonolukk.eu\\\/et\\\/\",\"logo\":{\"@type\":\"ImageObject\",\"inLanguage\":\"et\",\"@id\":\"https:\\\/\\\/fonolukk.eu\\\/et\\\/#\\\/schema\\\/logo\\\/image\\\/\",\"url\":\"https:\\\/\\\/fonolukk.eu\\\/wp-content\\\/uploads\\\/2023\\\/09\\\/fonolukk.png\",\"contentUrl\":\"https:\\\/\\\/fonolukk.eu\\\/wp-content\\\/uploads\\\/2023\\\/09\\\/fonolukk.png\",\"width\":277,\"height\":274,\"caption\":\"Smart Security OU\"},\"image\":{\"@id\":\"https:\\\/\\\/fonolukk.eu\\\/et\\\/#\\\/schema\\\/logo\\\/image\\\/\"},\"sameAs\":[\"https:\\\/\\\/www.facebook.com\\\/fonolukk\",\"https:\\\/\\\/www.instagram.com\\\/fonolukk\\\/?hl=ru\"],\"publishingPrinciples\":\"https:\\\/\\\/fonolukk.eu\\\/terms-and-conditions\\\/\",\"ownershipFundingInfo\":\"https:\\\/\\\/fonolukk.eu\\\/about-us\\\/\"}]}<\/script>\n<meta property=\"product:price:amount\" content=\"0.00\" \/>\n<meta property=\"product:price:currency\" content=\"EUR\" \/>\n<meta property=\"og:availability\" content=\"instock\" \/>\n<meta property=\"product:availability\" content=\"instock\" \/>\n<meta property=\"product:retailer_item_id\" content=\"Vizit 500\" \/>\n<meta property=\"product:condition\" content=\"new\" \/>\n<!-- \/ Yoast SEO Premium plugin. -->","yoast_head_json":{"title":"V\u00e4ljumisnupp Vizit 500 - Fonolukk","description":"V\u00e4ljumisnupp Vizit 500 - Fonolukk","robots":{"index":"index","follow":"follow","max-snippet":"max-snippet:-1","max-image-preview":"max-image-preview:large","max-video-preview":"max-video-preview:-1"},"canonical":"https:\/\/fonolukk.eu\/et\/tooted\/valjumisnupp-vizit-500\/","og_locale":"et_EE","og_type":"article","og_title":"V\u00e4ljumisnupp Vizit 500","og_description":"Nupp EXIT 500 (nupp \"Exit\" (v\u00e4lju), fonolukku nupp \"V\u00c4LJU 500\" on m\u00f5eldud kasutamiseks koos elektromagnetilise lukku VIZIT; metallist korpus,","og_url":"https:\/\/fonolukk.eu\/et\/tooted\/valjumisnupp-vizit-500\/","og_site_name":"Fonolukk","article_publisher":"https:\/\/www.facebook.com\/fonolukk","article_modified_time":"2021-10-24T15:17:58+00:00","og_image":[{"width":1088,"height":882,"url":"https:\/\/fonolukk.eu\/wp-content\/uploads\/2020\/04\/bf5ca92dbe2f683069c90d849797cc7b-1.jpg","type":"image\/jpeg"}],"twitter_card":"summary_large_image","twitter_misc":{"Hind":"","Availability":"Laos"},"schema":{"@context":"https:\/\/schema.org","@graph":[{"@type":"WebPage","@id":"https:\/\/fonolukk.eu\/et\/tooted\/valjumisnupp-vizit-500\/","url":"https:\/\/fonolukk.eu\/et\/tooted\/valjumisnupp-vizit-500\/","name":"V\u00e4ljumisnupp Vizit 500 - Fonolukk","isPartOf":{"@id":"https:\/\/fonolukk.eu\/et\/#website"},"primaryImageOfPage":{"@id":"https:\/\/fonolukk.eu\/et\/tooted\/valjumisnupp-vizit-500\/#primaryimage"},"image":{"@id":"https:\/\/fonolukk.eu\/et\/tooted\/valjumisnupp-vizit-500\/#primaryimage"},"thumbnailUrl":"https:\/\/fonolukk.eu\/wp-content\/uploads\/2020\/04\/bf5ca92dbe2f683069c90d849797cc7b-1.jpg","datePublished":"2020-04-23T05:00:15+00:00","dateModified":"2021-10-24T15:17:58+00:00","description":"V\u00e4ljumisnupp Vizit 500 - Fonolukk","breadcrumb":{"@id":"https:\/\/fonolukk.eu\/et\/tooted\/valjumisnupp-vizit-500\/#breadcrumb"},"inLanguage":"et","potentialAction":[{"@type":"ReadAction","target":["https:\/\/fonolukk.eu\/et\/tooted\/valjumisnupp-vizit-500\/"]}]},{"@type":"ImageObject","inLanguage":"et","@id":"https:\/\/fonolukk.eu\/et\/tooted\/valjumisnupp-vizit-500\/#primaryimage","url":"https:\/\/fonolukk.eu\/wp-content\/uploads\/2020\/04\/bf5ca92dbe2f683069c90d849797cc7b-1.jpg","contentUrl":"https:\/\/fonolukk.eu\/wp-content\/uploads\/2020\/04\/bf5ca92dbe2f683069c90d849797cc7b-1.jpg","width":1088,"height":882,"caption":"Videokaamerad"},{"@type":"BreadcrumbList","@id":"https:\/\/fonolukk.eu\/et\/tooted\/valjumisnupp-vizit-500\/#breadcrumb","itemListElement":[{"@type":"ListItem","position":1,"name":"Esileht","item":"https:\/\/fonolukk.eu\/et\/koduleht\/"},{"@type":"ListItem","position":2,"name":"Tooted","item":"https:\/\/fonolukk.eu\/et\/shop-2\/"},{"@type":"ListItem","position":3,"name":"Ukseavamisnupud","item":"https:\/\/fonolukk.eu\/et\/product-category\/ukseavamisnupud\/"},{"@type":"ListItem","position":4,"name":"V\u00e4ljumisnupp Vizit 500"}]},{"@type":"WebSite","@id":"https:\/\/fonolukk.eu\/et\/#website","url":"https:\/\/fonolukk.eu\/et\/","name":"Fonolukk eu","description":"Smart Security Systems","publisher":{"@id":"https:\/\/fonolukk.eu\/et\/#organization"},"potentialAction":[{"@type":"SearchAction","target":{"@type":"EntryPoint","urlTemplate":"https:\/\/fonolukk.eu\/et\/?s={search_term_string}"},"query-input":{"@type":"PropertyValueSpecification","valueRequired":true,"valueName":"search_term_string"}}],"inLanguage":"et"},{"@type":"Organization","@id":"https:\/\/fonolukk.eu\/et\/#organization","name":"Smart Security OU","url":"https:\/\/fonolukk.eu\/et\/","logo":{"@type":"ImageObject","inLanguage":"et","@id":"https:\/\/fonolukk.eu\/et\/#\/schema\/logo\/image\/","url":"https:\/\/fonolukk.eu\/wp-content\/uploads\/2023\/09\/fonolukk.png","contentUrl":"https:\/\/fonolukk.eu\/wp-content\/uploads\/2023\/09\/fonolukk.png","width":277,"height":274,"caption":"Smart Security OU"},"image":{"@id":"https:\/\/fonolukk.eu\/et\/#\/schema\/logo\/image\/"},"sameAs":["https:\/\/www.facebook.com\/fonolukk","https:\/\/www.instagram.com\/fonolukk\/?hl=ru"],"publishingPrinciples":"https:\/\/fonolukk.eu\/terms-and-conditions\/","ownershipFundingInfo":"https:\/\/fonolukk.eu\/about-us\/"}]},"product_price_amount":"0.00","product_price_currency":"EUR","og_availability":"instock","product_availability":"instock","product_retailer_item_id":"Vizit 500","product_condition":"new"},"_links":{"self":[{"href":"https:\/\/fonolukk.eu\/et\/wp-json\/wp\/v2\/product\/6429","targetHints":{"allow":["GET"]}}],"collection":[{"href":"https:\/\/fonolukk.eu\/et\/wp-json\/wp\/v2\/product"}],"about":[{"href":"https:\/\/fonolukk.eu\/et\/wp-json\/wp\/v2\/types\/product"}],"version-history":[{"count":0,"href":"https:\/\/fonolukk.eu\/et\/wp-json\/wp\/v2\/product\/6429\/revisions"}],"wp:featuredmedia":[{"embeddable":true,"href":"https:\/\/fonolukk.eu\/et\/wp-json\/wp\/v2\/media\/12480"}],"wp:attachment":[{"href":"https:\/\/fonolukk.eu\/et\/wp-json\/wp\/v2\/media?parent=6429"}],"wp:term":[{"taxonomy":"product_brand","embeddable":true,"href":"https:\/\/fonolukk.eu\/et\/wp-json\/wp\/v2\/product_brand?post=6429"},{"taxonomy":"product_cat","embeddable":true,"href":"https:\/\/fonolukk.eu\/et\/wp-json\/wp\/v2\/product_cat?post=6429"},{"taxonomy":"product_tag","embeddable":true,"href":"https:\/\/fonolukk.eu\/et\/wp-json\/wp\/v2\/product_tag?post=6429"}],"curies":[{"name":"wp","href":"https:\/\/api.w.org\/{rel}","templated":true}]}}