{"id":6720,"date":"2020-04-26T13:45:37","date_gmt":"2020-04-26T10:45:37","guid":{"rendered":"https:\/\/fonolukk.eu\/?post_type=product&#038;p=6720"},"modified":"2023-07-04T13:37:13","modified_gmt":"2023-07-04T10:37:13","slug":"lugeja-matrix-2-eh","status":"publish","type":"product","link":"https:\/\/fonolukk.eu\/et\/tooted\/lugeja-matrix-2-eh\/","title":{"rendered":"Lugeja Matrix 2 EH"},"content":{"rendered":"<table class=\"uk-table uk-table-hover uk-table-striped uk-table-condensed\" style=\"height: 476px;\" width=\"504\">\n<tbody>\n<tr class=\"index-130 element-1494f4ae-9b59-4dcc-8922-fe017587d9bb element-select first\">\n<td class=\"element-label\">T\u00f6\u00f6sagedus<\/td>\n<td>125 kHz<\/td>\n<\/tr>\n<tr class=\"index-140 element-c9d40668-1a5e-452d-a5f6-6cfbb70229ab element-select\">\n<td class=\"element-label\">ID-De Lugemine<\/td>\n<td>HID ProxCard II, EM-Marine<\/td>\n<\/tr>\n<tr class=\"index-150 element-cbecc54f-5ecf-4363-93bf-686f9f24fc5b element-select\">\n<td class=\"element-label\">Lugemisulatus<\/td>\n<td>6-14 \u0441\u043c<\/td>\n<\/tr>\n<tr class=\"index-160 element-c4b8ed49-2102-4cee-b0d5-b2594fa9b5f1 element-text\">\n<td class=\"element-label\">Toitepinge<\/td>\n<td>8-18V DC<\/td>\n<\/tr>\n<tr class=\"index-170 element-79c5cf79-324d-4ad8-8944-35121b5df486 element-text\">\n<td class=\"element-label\">Tarbimine<\/td>\n<td>50\u043cA<\/td>\n<\/tr>\n<tr class=\"index-180 element-c10b6320-98bd-4da1-b3f7-ffc841840b12 element-select\">\n<td class=\"element-label\">Valguse ja heli n\u00e4idik<\/td>\n<td>Ja<\/td>\n<\/tr>\n<tr class=\"index-190 element-202da82f-d10c-4464-9246-cf893a1316bc element-select\">\n<td class=\"element-label\">Juhtumi Materjal<\/td>\n<td>15\u043c<\/td>\n<\/tr>\n<tr class=\"index-200 element-18f98b4a-aaf6-4726-940f-9fdd52ddcbd6 element-text\">\n<td class=\"element-label\"><\/td>\n<td><\/td>\n<\/tr>\n<tr class=\"index-210 element-25ab1b99-b4a9-4b89-9994-a9689286f6db element-text\">\n<td class=\"element-label\">Juhtumi V\u00e4rv<\/td>\n<td>Helehall, Must<\/td>\n<\/tr>\n<tr class=\"index-260 element-3868cb11-39b7-4daa-9cc8-863ec89aa2ad element-text\">\n<td class=\"element-label\">V\u00e4ljundliides<\/td>\n<td>Wiegand 26, Dallas Touch Memory (DS1990A imiteerimist)<\/td>\n<\/tr>\n<tr class=\"index-270 element-3d95ad9b-d842-413f-8120-67cc238fba3b element-text\">\n<td class=\"element-label\">T\u00f6\u00f6temperatuur<\/td>\n<td>-30\u00b0\u0421 +40\u00b0\u0421<\/td>\n<\/tr>\n<tr class=\"index-310 element-4c2d5a4a-69de-41ef-8243-736af12ff371 element-select\">\n<td class=\"element-label\">\u00dcldm\u00f5\u00f5tmed (mm)<\/td>\n<td>85\u044544\u044518<\/td>\n<\/tr>\n<\/tbody>\n<\/table>\n<p>Maksimaalne pikkus lugejast kontrollerini:<br \/>\n&#8211; Dallas Touch Memory: mitte rohkem kui 15 m<br \/>\n&#8211; Wiegand: mitte rohkem kui 100 m<br \/>\nMinimaalne kaugus sisend-ja v\u00e4ljundlugejate vahel:<br \/>\n&#8211; \u00fcksk\u00f5iksed lennukid-10 cm<br \/>\n&#8211; paralleelselt tasapinnad \u00fchel teljel antennid-25 cm<\/p>\n","protected":false},"excerpt":{"rendered":"<p>T\u00f6\u00f6sagedus 125 kHz ID-De Lugemine HID ProxCard II, EM-Marine Lugemisulatus 6-14 \u0441\u043c Toitepinge 8-18V DC Tarbimine 50\u043cA Valguse ja heli<\/p>\n","protected":false},"featured_media":6609,"template":"","meta":[],"product_brand":[],"product_cat":[867,1342,866],"product_tag":[],"class_list":{"0":"post-6720","1":"product","2":"type-product","3":"status-publish","4":"has-post-thumbnail","6":"product_cat-lugeja","7":"product_cat-marine-lugeja","8":"product_cat-labipaasususteem","10":"first","11":"instock","12":"taxable","13":"shipping-taxable","14":"purchasable","15":"product-type-variable"},"yoast_head":"<!-- This site is optimized with the Yoast SEO Premium plugin v27.3 (Yoast SEO v27.3) - https:\/\/yoast.com\/product\/yoast-seo-premium-wordpress\/ -->\n<title>Lugeja Matrix 2 EH - Fonolukk<\/title>\n<meta name=\"description\" content=\"Lugeja Matrix 2 EH - Fonolukk\" \/>\n<meta name=\"robots\" content=\"index, follow, max-snippet:-1, max-image-preview:large, max-video-preview:-1\" \/>\n<link rel=\"canonical\" href=\"https:\/\/fonolukk.eu\/et\/tooted\/lugeja-matrix-2-eh\/\" \/>\n<meta property=\"og:locale\" content=\"et_EE\" \/>\n<meta property=\"og:type\" content=\"article\" \/>\n<meta property=\"og:title\" content=\"Lugeja Matrix 2 EH\" \/>\n<meta property=\"og:description\" content=\"T\u00f6\u00f6sagedus 125 kHz ID-De Lugemine HID ProxCard II, EM-Marine Lugemisulatus 6-14 \u0441\u043c Toitepinge 8-18V DC Tarbimine 50\u043cA Valguse ja heli n\u00e4idik Ja Juhtumi\" \/>\n<meta property=\"og:url\" content=\"https:\/\/fonolukk.eu\/et\/tooted\/lugeja-matrix-2-eh\/\" \/>\n<meta property=\"og:site_name\" content=\"Fonolukk\" \/>\n<meta property=\"article:publisher\" content=\"https:\/\/www.facebook.com\/fonolukk\" \/>\n<meta property=\"article:modified_time\" content=\"2023-07-04T10:37:13+00:00\" \/>\n<meta property=\"og:image\" content=\"https:\/\/fonolukk.eu\/wp-content\/uploads\/2020\/04\/matrix-ii-light-grey_2274bb6b6e2349db4c81659dfbc57c4e.jpg\" \/>\n\t<meta property=\"og:image:width\" content=\"600\" \/>\n\t<meta property=\"og:image:height\" content=\"600\" \/>\n\t<meta property=\"og:image:type\" content=\"image\/jpeg\" \/>\n<meta name=\"twitter:card\" content=\"summary_large_image\" \/>\n<meta name=\"twitter:label1\" content=\"Availability\" \/>\n\t<meta name=\"twitter:data1\" content=\"Laos\" \/>\n<script type=\"application\/ld+json\" class=\"yoast-schema-graph\">{\"@context\":\"https:\\\/\\\/schema.org\",\"@graph\":[{\"@type\":\"WebPage\",\"@id\":\"https:\\\/\\\/fonolukk.eu\\\/et\\\/tooted\\\/lugeja-matrix-2-eh\\\/\",\"url\":\"https:\\\/\\\/fonolukk.eu\\\/et\\\/tooted\\\/lugeja-matrix-2-eh\\\/\",\"name\":\"Lugeja Matrix 2 EH - Fonolukk\",\"isPartOf\":{\"@id\":\"https:\\\/\\\/fonolukk.eu\\\/et\\\/#website\"},\"primaryImageOfPage\":{\"@id\":\"https:\\\/\\\/fonolukk.eu\\\/et\\\/tooted\\\/lugeja-matrix-2-eh\\\/#primaryimage\"},\"image\":{\"@id\":\"https:\\\/\\\/fonolukk.eu\\\/et\\\/tooted\\\/lugeja-matrix-2-eh\\\/#primaryimage\"},\"thumbnailUrl\":\"https:\\\/\\\/fonolukk.eu\\\/wp-content\\\/uploads\\\/2020\\\/04\\\/matrix-ii-light-grey_2274bb6b6e2349db4c81659dfbc57c4e.jpg\",\"datePublished\":\"2020-04-26T10:45:37+00:00\",\"dateModified\":\"2023-07-04T10:37:13+00:00\",\"description\":\"Lugeja Matrix 2 EH - Fonolukk\",\"breadcrumb\":{\"@id\":\"https:\\\/\\\/fonolukk.eu\\\/et\\\/tooted\\\/lugeja-matrix-2-eh\\\/#breadcrumb\"},\"inLanguage\":\"et\",\"potentialAction\":[{\"@type\":\"ReadAction\",\"target\":[\"https:\\\/\\\/fonolukk.eu\\\/et\\\/tooted\\\/lugeja-matrix-2-eh\\\/\"]}]},{\"@type\":\"ImageObject\",\"inLanguage\":\"et\",\"@id\":\"https:\\\/\\\/fonolukk.eu\\\/et\\\/tooted\\\/lugeja-matrix-2-eh\\\/#primaryimage\",\"url\":\"https:\\\/\\\/fonolukk.eu\\\/wp-content\\\/uploads\\\/2020\\\/04\\\/matrix-ii-light-grey_2274bb6b6e2349db4c81659dfbc57c4e.jpg\",\"contentUrl\":\"https:\\\/\\\/fonolukk.eu\\\/wp-content\\\/uploads\\\/2020\\\/04\\\/matrix-ii-light-grey_2274bb6b6e2349db4c81659dfbc57c4e.jpg\",\"width\":600,\"height\":600,\"caption\":\"Fonolukk - Matrix\"},{\"@type\":\"BreadcrumbList\",\"@id\":\"https:\\\/\\\/fonolukk.eu\\\/et\\\/tooted\\\/lugeja-matrix-2-eh\\\/#breadcrumb\",\"itemListElement\":[{\"@type\":\"ListItem\",\"position\":1,\"name\":\"Esileht\",\"item\":\"https:\\\/\\\/fonolukk.eu\\\/et\\\/koduleht\\\/\"},{\"@type\":\"ListItem\",\"position\":2,\"name\":\"Tooted\",\"item\":\"https:\\\/\\\/fonolukk.eu\\\/et\\\/shop-2\\\/\"},{\"@type\":\"ListItem\",\"position\":3,\"name\":\"L\u00e4bip\u00e4\u00e4sus\u00fcsteem\",\"item\":\"https:\\\/\\\/fonolukk.eu\\\/et\\\/product-category\\\/labipaasususteem\\\/\"},{\"@type\":\"ListItem\",\"position\":4,\"name\":\"Lugeja Matrix 2 EH\"}]},{\"@type\":\"WebSite\",\"@id\":\"https:\\\/\\\/fonolukk.eu\\\/et\\\/#website\",\"url\":\"https:\\\/\\\/fonolukk.eu\\\/et\\\/\",\"name\":\"Fonolukk eu\",\"description\":\"Smart Security Systems\",\"publisher\":{\"@id\":\"https:\\\/\\\/fonolukk.eu\\\/et\\\/#organization\"},\"potentialAction\":[{\"@type\":\"SearchAction\",\"target\":{\"@type\":\"EntryPoint\",\"urlTemplate\":\"https:\\\/\\\/fonolukk.eu\\\/et\\\/?s={search_term_string}\"},\"query-input\":{\"@type\":\"PropertyValueSpecification\",\"valueRequired\":true,\"valueName\":\"search_term_string\"}}],\"inLanguage\":\"et\"},{\"@type\":\"Organization\",\"@id\":\"https:\\\/\\\/fonolukk.eu\\\/et\\\/#organization\",\"name\":\"Smart Security OU\",\"url\":\"https:\\\/\\\/fonolukk.eu\\\/et\\\/\",\"logo\":{\"@type\":\"ImageObject\",\"inLanguage\":\"et\",\"@id\":\"https:\\\/\\\/fonolukk.eu\\\/et\\\/#\\\/schema\\\/logo\\\/image\\\/\",\"url\":\"https:\\\/\\\/fonolukk.eu\\\/wp-content\\\/uploads\\\/2023\\\/09\\\/fonolukk.png\",\"contentUrl\":\"https:\\\/\\\/fonolukk.eu\\\/wp-content\\\/uploads\\\/2023\\\/09\\\/fonolukk.png\",\"width\":277,\"height\":274,\"caption\":\"Smart Security OU\"},\"image\":{\"@id\":\"https:\\\/\\\/fonolukk.eu\\\/et\\\/#\\\/schema\\\/logo\\\/image\\\/\"},\"sameAs\":[\"https:\\\/\\\/www.facebook.com\\\/fonolukk\",\"https:\\\/\\\/www.instagram.com\\\/fonolukk\\\/?hl=ru\"],\"publishingPrinciples\":\"https:\\\/\\\/fonolukk.eu\\\/terms-and-conditions\\\/\",\"ownershipFundingInfo\":\"https:\\\/\\\/fonolukk.eu\\\/about-us\\\/\"}]}<\/script>\n<meta property=\"og:availability\" content=\"instock\" \/>\n<meta property=\"product:availability\" content=\"instock\" \/>\n<meta property=\"product:retailer_item_id\" content=\"Matrix-2-EH\" \/>\n<meta property=\"product:condition\" content=\"new\" \/>\n<!-- \/ Yoast SEO Premium plugin. -->","yoast_head_json":{"title":"Lugeja Matrix 2 EH - Fonolukk","description":"Lugeja Matrix 2 EH - Fonolukk","robots":{"index":"index","follow":"follow","max-snippet":"max-snippet:-1","max-image-preview":"max-image-preview:large","max-video-preview":"max-video-preview:-1"},"canonical":"https:\/\/fonolukk.eu\/et\/tooted\/lugeja-matrix-2-eh\/","og_locale":"et_EE","og_type":"article","og_title":"Lugeja Matrix 2 EH","og_description":"T\u00f6\u00f6sagedus 125 kHz ID-De Lugemine HID ProxCard II, EM-Marine Lugemisulatus 6-14 \u0441\u043c Toitepinge 8-18V DC Tarbimine 50\u043cA Valguse ja heli n\u00e4idik Ja Juhtumi","og_url":"https:\/\/fonolukk.eu\/et\/tooted\/lugeja-matrix-2-eh\/","og_site_name":"Fonolukk","article_publisher":"https:\/\/www.facebook.com\/fonolukk","article_modified_time":"2023-07-04T10:37:13+00:00","og_image":[{"width":600,"height":600,"url":"https:\/\/fonolukk.eu\/wp-content\/uploads\/2020\/04\/matrix-ii-light-grey_2274bb6b6e2349db4c81659dfbc57c4e.jpg","type":"image\/jpeg"}],"twitter_card":"summary_large_image","twitter_misc":{"Availability":"Laos"},"schema":{"@context":"https:\/\/schema.org","@graph":[{"@type":"WebPage","@id":"https:\/\/fonolukk.eu\/et\/tooted\/lugeja-matrix-2-eh\/","url":"https:\/\/fonolukk.eu\/et\/tooted\/lugeja-matrix-2-eh\/","name":"Lugeja Matrix 2 EH - Fonolukk","isPartOf":{"@id":"https:\/\/fonolukk.eu\/et\/#website"},"primaryImageOfPage":{"@id":"https:\/\/fonolukk.eu\/et\/tooted\/lugeja-matrix-2-eh\/#primaryimage"},"image":{"@id":"https:\/\/fonolukk.eu\/et\/tooted\/lugeja-matrix-2-eh\/#primaryimage"},"thumbnailUrl":"https:\/\/fonolukk.eu\/wp-content\/uploads\/2020\/04\/matrix-ii-light-grey_2274bb6b6e2349db4c81659dfbc57c4e.jpg","datePublished":"2020-04-26T10:45:37+00:00","dateModified":"2023-07-04T10:37:13+00:00","description":"Lugeja Matrix 2 EH - Fonolukk","breadcrumb":{"@id":"https:\/\/fonolukk.eu\/et\/tooted\/lugeja-matrix-2-eh\/#breadcrumb"},"inLanguage":"et","potentialAction":[{"@type":"ReadAction","target":["https:\/\/fonolukk.eu\/et\/tooted\/lugeja-matrix-2-eh\/"]}]},{"@type":"ImageObject","inLanguage":"et","@id":"https:\/\/fonolukk.eu\/et\/tooted\/lugeja-matrix-2-eh\/#primaryimage","url":"https:\/\/fonolukk.eu\/wp-content\/uploads\/2020\/04\/matrix-ii-light-grey_2274bb6b6e2349db4c81659dfbc57c4e.jpg","contentUrl":"https:\/\/fonolukk.eu\/wp-content\/uploads\/2020\/04\/matrix-ii-light-grey_2274bb6b6e2349db4c81659dfbc57c4e.jpg","width":600,"height":600,"caption":"Fonolukk - Matrix"},{"@type":"BreadcrumbList","@id":"https:\/\/fonolukk.eu\/et\/tooted\/lugeja-matrix-2-eh\/#breadcrumb","itemListElement":[{"@type":"ListItem","position":1,"name":"Esileht","item":"https:\/\/fonolukk.eu\/et\/koduleht\/"},{"@type":"ListItem","position":2,"name":"Tooted","item":"https:\/\/fonolukk.eu\/et\/shop-2\/"},{"@type":"ListItem","position":3,"name":"L\u00e4bip\u00e4\u00e4sus\u00fcsteem","item":"https:\/\/fonolukk.eu\/et\/product-category\/labipaasususteem\/"},{"@type":"ListItem","position":4,"name":"Lugeja Matrix 2 EH"}]},{"@type":"WebSite","@id":"https:\/\/fonolukk.eu\/et\/#website","url":"https:\/\/fonolukk.eu\/et\/","name":"Fonolukk eu","description":"Smart Security Systems","publisher":{"@id":"https:\/\/fonolukk.eu\/et\/#organization"},"potentialAction":[{"@type":"SearchAction","target":{"@type":"EntryPoint","urlTemplate":"https:\/\/fonolukk.eu\/et\/?s={search_term_string}"},"query-input":{"@type":"PropertyValueSpecification","valueRequired":true,"valueName":"search_term_string"}}],"inLanguage":"et"},{"@type":"Organization","@id":"https:\/\/fonolukk.eu\/et\/#organization","name":"Smart Security OU","url":"https:\/\/fonolukk.eu\/et\/","logo":{"@type":"ImageObject","inLanguage":"et","@id":"https:\/\/fonolukk.eu\/et\/#\/schema\/logo\/image\/","url":"https:\/\/fonolukk.eu\/wp-content\/uploads\/2023\/09\/fonolukk.png","contentUrl":"https:\/\/fonolukk.eu\/wp-content\/uploads\/2023\/09\/fonolukk.png","width":277,"height":274,"caption":"Smart Security OU"},"image":{"@id":"https:\/\/fonolukk.eu\/et\/#\/schema\/logo\/image\/"},"sameAs":["https:\/\/www.facebook.com\/fonolukk","https:\/\/www.instagram.com\/fonolukk\/?hl=ru"],"publishingPrinciples":"https:\/\/fonolukk.eu\/terms-and-conditions\/","ownershipFundingInfo":"https:\/\/fonolukk.eu\/about-us\/"}]},"og_availability":"instock","product_availability":"instock","product_retailer_item_id":"Matrix-2-EH","product_condition":"new"},"_links":{"self":[{"href":"https:\/\/fonolukk.eu\/et\/wp-json\/wp\/v2\/product\/6720","targetHints":{"allow":["GET"]}}],"collection":[{"href":"https:\/\/fonolukk.eu\/et\/wp-json\/wp\/v2\/product"}],"about":[{"href":"https:\/\/fonolukk.eu\/et\/wp-json\/wp\/v2\/types\/product"}],"version-history":[{"count":0,"href":"https:\/\/fonolukk.eu\/et\/wp-json\/wp\/v2\/product\/6720\/revisions"}],"wp:featuredmedia":[{"embeddable":true,"href":"https:\/\/fonolukk.eu\/et\/wp-json\/wp\/v2\/media\/6609"}],"wp:attachment":[{"href":"https:\/\/fonolukk.eu\/et\/wp-json\/wp\/v2\/media?parent=6720"}],"wp:term":[{"taxonomy":"product_brand","embeddable":true,"href":"https:\/\/fonolukk.eu\/et\/wp-json\/wp\/v2\/product_brand?post=6720"},{"taxonomy":"product_cat","embeddable":true,"href":"https:\/\/fonolukk.eu\/et\/wp-json\/wp\/v2\/product_cat?post=6720"},{"taxonomy":"product_tag","embeddable":true,"href":"https:\/\/fonolukk.eu\/et\/wp-json\/wp\/v2\/product_tag?post=6720"}],"curies":[{"name":"wp","href":"https:\/\/api.w.org\/{rel}","templated":true}]}}