{"id":6748,"date":"2020-04-26T14:14:58","date_gmt":"2020-04-26T11:14:59","guid":{"rendered":"https:\/\/fonolukk.eu\/?post_type=product&#038;p=6748"},"modified":"2023-08-16T16:00:07","modified_gmt":"2023-08-16T13:00:07","slug":"matrix-2-net-lugeja-tootleja","status":"publish","type":"product","link":"https:\/\/fonolukk.eu\/et\/tooted\/matrix-2-net-lugeja-tootleja\/","title":{"rendered":"Matrix 2 NET Kaardilugeja + Kontroller"},"content":{"rendered":"<p>Matrix II Net network controller on m\u00f5eldud kasutamiseks online ja offline juurdep\u00e4\u00e4su kontrolls\u00fcsteemides. See on m\u00f5eldud elektromagnetiliste ja elektromehaaniliste lukkude, p\u00f6\u00f6rete juhtimiseks(n\u00f5utav 2 x Matrix II V\u00f5rgu kontrollerid). Kontroller pakub v\u00f5imsuse juhtimise funktsionaalsust. Matrix II Net controller on lihtne paigaldada ja hooldada.<\/p>\n<p>On v\u00f5imalus \u00fchendada Matrix II Net controller arvutiga USB v\u00f5i Ethernet \/ Internet v\u00f5rgu abil z-397 Guard USB\/RS-485 (Z-397 Guard USB\/RS-485\/RS-422) v\u00f5i Z-397 Web muundurid vastavalt. See v\u00f5imaldab luua t\u00e4ieliku v\u00f5rgule juurdep\u00e4\u00e4su kontrolls\u00fcsteemi koos aja j\u00e4lgimise, s\u00fcndmuste kontrolli ja aruannete loomisega, mis p\u00f5hinevad tarkvaralahendustel.<\/p>\n<p>Matrix II V\u00f5rgukontroller v\u00f5imaldab \u00fchendada 2 lugejat, lugeja ja v\u00e4ljumisnuppu, elektromagnetilist v\u00f5i elektromehaanilist lukku, v\u00e4list Summerit, v\u00e4list LED-i, ukse avamise andurit.<\/p>\n<table class=\"uk-table uk-table-hover uk-table-striped uk-table-condensed\" style=\"height: 421px;\" width=\"533\">\n<tbody>\n<tr class=\"index-0 element-4477d9c6-e2cf-4e2d-ad2d-e494fca99b61 element-select first\">\n<td class=\"element-label\">V\u00e4lised lugejad m\u00e4rge v\u00e4ljund<\/td>\n<td>1 x 2-v\u00e4rviline LED<\/td>\n<\/tr>\n<tr class=\"index-10 element-a6140854-c804-4575-aca0-780bec8f963d element-select\">\n<td class=\"element-label\">T\u00e4iendav v\u00e4ljundv\u00f5imsus v\u00e4listele lugejatele<\/td>\n<td>Ei<\/td>\n<\/tr>\n<tr class=\"index-130 element-1494f4ae-9b59-4dcc-8922-fe017587d9bb element-select\">\n<td class=\"element-label\">Mittelenduv m\u00e4lu (EEPROM)<\/td>\n<td>Ja<\/td>\n<\/tr>\n<tr class=\"index-160 element-c4b8ed49-2102-4cee-b0d5-b2594fa9b5f1 element-text\">\n<td class=\"element-label\">Pinge<\/td>\n<td>12V DC<\/td>\n<\/tr>\n<tr class=\"index-170 element-79c5cf79-324d-4ad8-8944-35121b5df486 element-text\">\n<td class=\"element-label\">Praegune tarbimine (mA)<\/td>\n<td>30<\/td>\n<\/tr>\n<tr class=\"index-180 element-c10b6320-98bd-4da1-b3f7-ffc841840b12 element-select\">\n<td class=\"element-label\">Piipar<\/td>\n<td>Buzzer<\/td>\n<\/tr>\n<tr class=\"index-190 element-202da82f-d10c-4464-9246-cf893a1316bc element-select\">\n<td class=\"element-label\">Visuaalne n\u00e4idustus<\/td>\n<td>1 x 2-v\u00e4rviline LED<\/td>\n<\/tr>\n<tr class=\"index-200 element-18f98b4a-aaf6-4726-940f-9fdd52ddcbd6 element-text\">\n<td class=\"element-label\">Elektromagnetilise lukustuse avamise kestus (s)<\/td>\n<td>0\u201325.5<\/td>\n<\/tr>\n<tr class=\"index-210 element-25ab1b99-b4a9-4b89-9994-a9689286f6db element-text\">\n<td class=\"element-label\">Elektromehaaniline lukk avamise kestus (s)<\/td>\n<td>0\u201325.5<\/td>\n<\/tr>\n<tr class=\"index-260 element-3868cb11-39b7-4daa-9cc8-863ec89aa2ad element-text\">\n<td class=\"element-label\">MIS transistorid loota<\/td>\n<td>1<\/td>\n<\/tr>\n<tr class=\"index-270 element-3d95ad9b-d842-413f-8120-67cc238fba3b element-text\">\n<td class=\"element-label\">MIS transistorid maksimaalne vool (A)<\/td>\n<td>5\u0410<\/td>\n<\/tr>\n<tr class=\"index-310 element-4c2d5a4a-69de-41ef-8243-736af12ff371 element-select\">\n<td class=\"element-label\">Vigane \u00fchenduse kaitse<\/td>\n<td>Ja<\/td>\n<\/tr>\n<tr class=\"index-320 element-d351eef8-dbcc-4ab9-8bb0-c4a328d3a51c element-text\">\n<td class=\"element-label\">T\u00f6\u00f6temperatuur (\u00b0C)<\/td>\n<td>-40&#8230;+50<\/td>\n<\/tr>\n<tr class=\"index-330 element-173039a5-3337-41e3-ada4-22d3a7c2b174 element-select\">\n<td class=\"element-label\">Juhtumi Materjal<\/td>\n<td>ABS pol\u00fcmeer<\/td>\n<\/tr>\n<tr class=\"index-340 element-7a0a25e0-d1af-44f0-a534-fd1d4070c5d4 element-text last\">\n<td class=\"element-label\">M\u00f5\u00f5tmed (mm)<\/td>\n<td>85\u044544\u044518<\/td>\n<\/tr>\n<\/tbody>\n<\/table>\n","protected":false},"excerpt":{"rendered":"<table class=\"uk-table uk-table-hover uk-table-striped uk-table-condensed\">\n<tbody>\n<tr class=\"index-0 element-103815f9-9854-4d45-8771-313720f90f89 element-select first\">\n<td class=\"element-label\">Soobib<\/td>\n<td>Lukk, V\u00f5imsuse Juhtimine<\/td>\n<\/tr>\n<tr class=\"index-10 element-63bb599e-e78f-4de5-888d-9f007ceeb42a element-select\">\n<td class=\"element-label\">Kontrolleri T\u00fc\u00fcp<\/td>\n<td>V\u00f5rk<\/td>\n<\/tr>\n<tr class=\"index-20 element-7ad7f588-9a9d-46b7-8538-401fb9c181d9 element-select\">\n<td class=\"element-label\">\u00dchenduse t\u00fc\u00fcbid<\/td>\n<td>RS-485<\/td>\n<\/tr>\n<tr class=\"index-30 element-b3f069c8-86c9-488a-996f-c7a42b9c62d2 element-text\">\n<td class=\"element-label\">RS-485 liinide arv<\/td>\n<td>1<\/td>\n<\/tr>\n<tr class=\"index-40 element-e3aa9e56-13f5-4f6f-aa86-75427e31f04c element-select\">\n<td class=\"element-label\">RS-485 \u00fchenduse kiirus<\/td>\n<td>19200 Kbps, 57600 Kbps<\/td>\n<\/tr>\n<tr class=\"index-50 element-18102ee1-80b0-4a5d-8694-24919aed512e element-text\">\n<td class=\"element-label\">RS-485 maksimaalne liini pikkus (m)<\/td>\n<td>1200<\/td>\n<\/tr>\n<tr class=\"index-80 element-6121aa57-4957-4069-b7f1-f23699af6ddf element-text\">\n<td class=\"element-label\">Klahvide arv<\/td>\n<td>2024<\/td>\n<\/tr>\n<tr class=\"index-90 element-cfc84bea-0084-4c84-aeab-dc215816f9c8 element-select\">\n<td class=\"element-label\">Salvestatavate V\u00f5tmete t\u00fc\u00fcbid<\/td>\n<td>Normaalne, Kapten, Blokeerimine<\/td>\n<\/tr>\n<tr class=\"index-100 element-d5529daf-a835-4d7c-b9d8-17fb1085726e element-text\">\n<td class=\"element-label\">S\u00fcndmuste arv<\/td>\n<td>2048<\/td>\n<\/tr>\n<tr class=\"index-110 element-09cf5657-4277-4682-a3bf-934f5c08a3fc element-select\">\n<td class=\"element-label\">P\u00f5hit\u00fc\u00fcpi<\/td>\n<td>RFID (l\u00e4hedus)<\/td>\n<\/tr>\n<tr class=\"index-130 element-1377e586-d551-45cb-848b-ca95c609e737 element-select\">\n<td class=\"element-label\">V\u00e4liste lugejate protokoll<\/td>\n<td>iButton (1-Traat)<\/td>\n<\/tr>\n<tr class=\"index-140 element-55a70699-7f2f-4cc8-9ae2-e5f828ac6f52 element-select\">\n<td class=\"element-label\">T\u00f6\u00f6re\u017eiimid (p\u00f5hilised)<\/td>\n<td>Normaalne, Blokeerimine, Tasuta, Oodake<\/td>\n<\/tr>\n<tr class=\"index-150 element-1a1e47ed-7a28-4448-a465-d9dd398e8dc0 element-select\">\n<td class=\"element-label\">T\u00f6\u00f6re\u017eiimid (muud)<\/td>\n<td>N\u00f5us, Vallandada, V\u00f5imu Tasku<\/td>\n<\/tr>\n<tr class=\"index-170 element-57638c48-ab0b-436c-8d37-8f7f38b08253 element-select\">\n<td class=\"element-label\">P\u00f6\u00f6rduspunkti t\u00fc\u00fcbid<\/td>\n<td>Uks, Turnstile<\/td>\n<\/tr>\n<tr class=\"index-180 element-f4bbf4c6-3c25-493d-95e0-9503127a2856 element-select\">\n<td class=\"element-label\">T\u00e4iturmehhanismi t\u00fc\u00fcbid<\/td>\n<td>Elektromagnetiline, Elektromehaaniline, Turnstile<\/td>\n<\/tr>\n<tr class=\"index-190 element-1105dd91-333b-47e7-87c3-8b747868da19 element-select\">\n<td class=\"element-label\">Sisseehitatud lugeja<\/td>\n<td>Ja<\/td>\n<\/tr>\n<tr class=\"index-200 element-879c2153-90ff-439b-a55e-c3671deba2db element-select\">\n<td class=\"element-label\">Sisseehitatud lugeja t\u00f6\u00f6sagedus<\/td>\n<td>125 KHz<\/td>\n<\/tr>\n<tr class=\"index-210 element-ef52719b-becd-4339-80c5-93582ba81721 element-select\">\n<td class=\"element-label\">Sisseehitatud lugeja standard<\/td>\n<td>EM Marine<\/td>\n<\/tr>\n<tr class=\"index-220 element-4b2e0a91-10df-4026-a988-511b743c262d element-text last\">\n<td class=\"element-label\">Sisseehitatud lugeja lugemise vahemik (cm)<\/td>\n<td>6\u20138<\/td>\n<\/tr>\n<\/tbody>\n<\/table>\n","protected":false},"featured_media":7471,"template":"","meta":[],"product_brand":[],"product_cat":[1480,870,867,866],"product_tag":[],"class_list":{"0":"post-6748","1":"product","2":"type-product","3":"status-publish","4":"has-post-thumbnail","6":"product_cat-network-kontroller","7":"product_cat-kontroller","8":"product_cat-lugeja","9":"product_cat-labipaasususteem","11":"first","12":"instock","13":"taxable","14":"shipping-taxable","15":"purchasable","16":"product-type-variable"},"yoast_head":"<!-- This site is optimized with the Yoast SEO Premium plugin v27.3 (Yoast SEO v27.3) - https:\/\/yoast.com\/product\/yoast-seo-premium-wordpress\/ -->\n<title>Matrix 2 NET Kaardilugeja + Kontroller - Fonolukk<\/title>\n<meta name=\"description\" content=\"Matrix 2 NET Kaardilugeja + Kontroller - Fonolukk\" \/>\n<meta name=\"robots\" content=\"index, follow, max-snippet:-1, max-image-preview:large, max-video-preview:-1\" \/>\n<link rel=\"canonical\" href=\"https:\/\/fonolukk.eu\/et\/tooted\/matrix-2-net-lugeja-tootleja\/\" \/>\n<meta property=\"og:locale\" content=\"et_EE\" \/>\n<meta property=\"og:type\" content=\"article\" \/>\n<meta property=\"og:title\" content=\"Matrix 2 NET Kaardilugeja + Kontroller\" \/>\n<meta property=\"og:description\" content=\"Soobib Lukk, V\u00f5imsuse Juhtimine   Kontrolleri T\u00fc\u00fcp V\u00f5rk   \u00dchenduse t\u00fc\u00fcbid RS-485   RS-485 liinide arv 1   RS-485 \u00fchenduse kiirus 19200 Kbps, 57600 Kbps   RS-485 maksimaalne liini pikkus (m) 1200   Klahvide arv 2024   Salvestatavate V\u00f5tmete t\u00fc\u00fcbid Normaalne, Kapten, Blokeerimine   S\u00fcndmuste arv 2048   P\u00f5hit\u00fc\u00fcpi RFID (l\u00e4hedus)   V\u00e4liste lugejate protokoll iButton (1-Traat)   T\u00f6\u00f6re\u017eiimid (p\u00f5hilised) Normaalne, Blokeerimine, Tasuta, Oodake   T\u00f6\u00f6re\u017eiimid (muud) N\u00f5us, Vallandada, V\u00f5imu Tasku   P\u00f6\u00f6rduspunkti t\u00fc\u00fcbid Uks, Turnstile   T\u00e4iturmehhanismi t\u00fc\u00fcbid Elektromagnetiline, Elektromehaaniline, Turnstile   Sisseehitatud lugeja Ja   Sisseehitatud lugeja t\u00f6\u00f6sagedus 125 KHz   Sisseehitatud lugeja standard EM Marine   Sisseehitatud lugeja lugemise vahemik (cm) 6\u20138\" \/>\n<meta property=\"og:url\" content=\"https:\/\/fonolukk.eu\/et\/tooted\/matrix-2-net-lugeja-tootleja\/\" \/>\n<meta property=\"og:site_name\" content=\"Fonolukk\" \/>\n<meta property=\"article:publisher\" content=\"https:\/\/www.facebook.com\/fonolukk\" \/>\n<meta property=\"article:modified_time\" content=\"2023-08-16T13:00:07+00:00\" \/>\n<meta property=\"og:image\" content=\"https:\/\/fonolukk.eu\/wp-content\/uploads\/2020\/05\/MatrixII-600x600_0.jpg\" \/>\n\t<meta property=\"og:image:width\" content=\"600\" \/>\n\t<meta property=\"og:image:height\" content=\"600\" \/>\n\t<meta property=\"og:image:type\" content=\"image\/jpeg\" \/>\n<meta name=\"twitter:card\" content=\"summary_large_image\" \/>\n<meta name=\"twitter:label1\" content=\"Availability\" \/>\n\t<meta name=\"twitter:data1\" content=\"Laos\" \/>\n<script type=\"application\/ld+json\" class=\"yoast-schema-graph\">{\"@context\":\"https:\\\/\\\/schema.org\",\"@graph\":[{\"@type\":\"WebPage\",\"@id\":\"https:\\\/\\\/fonolukk.eu\\\/et\\\/tooted\\\/matrix-2-net-lugeja-tootleja\\\/\",\"url\":\"https:\\\/\\\/fonolukk.eu\\\/et\\\/tooted\\\/matrix-2-net-lugeja-tootleja\\\/\",\"name\":\"Matrix 2 NET Kaardilugeja + Kontroller - Fonolukk\",\"isPartOf\":{\"@id\":\"https:\\\/\\\/fonolukk.eu\\\/et\\\/#website\"},\"primaryImageOfPage\":{\"@id\":\"https:\\\/\\\/fonolukk.eu\\\/et\\\/tooted\\\/matrix-2-net-lugeja-tootleja\\\/#primaryimage\"},\"image\":{\"@id\":\"https:\\\/\\\/fonolukk.eu\\\/et\\\/tooted\\\/matrix-2-net-lugeja-tootleja\\\/#primaryimage\"},\"thumbnailUrl\":\"https:\\\/\\\/fonolukk.eu\\\/wp-content\\\/uploads\\\/2020\\\/05\\\/MatrixII-600x600_0.jpg\",\"datePublished\":\"2020-04-26T11:14:59+00:00\",\"dateModified\":\"2023-08-16T13:00:07+00:00\",\"description\":\"Matrix 2 NET Kaardilugeja + Kontroller - Fonolukk\",\"breadcrumb\":{\"@id\":\"https:\\\/\\\/fonolukk.eu\\\/et\\\/tooted\\\/matrix-2-net-lugeja-tootleja\\\/#breadcrumb\"},\"inLanguage\":\"et\",\"potentialAction\":[{\"@type\":\"ReadAction\",\"target\":[\"https:\\\/\\\/fonolukk.eu\\\/et\\\/tooted\\\/matrix-2-net-lugeja-tootleja\\\/\"]}]},{\"@type\":\"ImageObject\",\"inLanguage\":\"et\",\"@id\":\"https:\\\/\\\/fonolukk.eu\\\/et\\\/tooted\\\/matrix-2-net-lugeja-tootleja\\\/#primaryimage\",\"url\":\"https:\\\/\\\/fonolukk.eu\\\/wp-content\\\/uploads\\\/2020\\\/05\\\/MatrixII-600x600_0.jpg\",\"contentUrl\":\"https:\\\/\\\/fonolukk.eu\\\/wp-content\\\/uploads\\\/2020\\\/05\\\/MatrixII-600x600_0.jpg\",\"width\":600,\"height\":600,\"caption\":\"Matrix-II Wi-Fi\"},{\"@type\":\"BreadcrumbList\",\"@id\":\"https:\\\/\\\/fonolukk.eu\\\/et\\\/tooted\\\/matrix-2-net-lugeja-tootleja\\\/#breadcrumb\",\"itemListElement\":[{\"@type\":\"ListItem\",\"position\":1,\"name\":\"Esileht\",\"item\":\"https:\\\/\\\/fonolukk.eu\\\/et\\\/koduleht\\\/\"},{\"@type\":\"ListItem\",\"position\":2,\"name\":\"Tooted\",\"item\":\"https:\\\/\\\/fonolukk.eu\\\/et\\\/shop-2\\\/\"},{\"@type\":\"ListItem\",\"position\":3,\"name\":\"L\u00e4bip\u00e4\u00e4sus\u00fcsteem\",\"item\":\"https:\\\/\\\/fonolukk.eu\\\/et\\\/product-category\\\/labipaasususteem\\\/\"},{\"@type\":\"ListItem\",\"position\":4,\"name\":\"Kontroller\",\"item\":\"https:\\\/\\\/fonolukk.eu\\\/et\\\/product-category\\\/labipaasususteem\\\/kontroller\\\/\"},{\"@type\":\"ListItem\",\"position\":5,\"name\":\"Network kontroller\",\"item\":\"https:\\\/\\\/fonolukk.eu\\\/et\\\/product-category\\\/labipaasususteem\\\/kontroller\\\/network-kontroller\\\/\"},{\"@type\":\"ListItem\",\"position\":6,\"name\":\"Matrix 2 NET Kaardilugeja + Kontroller\"}]},{\"@type\":\"WebSite\",\"@id\":\"https:\\\/\\\/fonolukk.eu\\\/et\\\/#website\",\"url\":\"https:\\\/\\\/fonolukk.eu\\\/et\\\/\",\"name\":\"Fonolukk eu\",\"description\":\"Smart Security Systems\",\"publisher\":{\"@id\":\"https:\\\/\\\/fonolukk.eu\\\/et\\\/#organization\"},\"potentialAction\":[{\"@type\":\"SearchAction\",\"target\":{\"@type\":\"EntryPoint\",\"urlTemplate\":\"https:\\\/\\\/fonolukk.eu\\\/et\\\/?s={search_term_string}\"},\"query-input\":{\"@type\":\"PropertyValueSpecification\",\"valueRequired\":true,\"valueName\":\"search_term_string\"}}],\"inLanguage\":\"et\"},{\"@type\":\"Organization\",\"@id\":\"https:\\\/\\\/fonolukk.eu\\\/et\\\/#organization\",\"name\":\"Smart Security OU\",\"url\":\"https:\\\/\\\/fonolukk.eu\\\/et\\\/\",\"logo\":{\"@type\":\"ImageObject\",\"inLanguage\":\"et\",\"@id\":\"https:\\\/\\\/fonolukk.eu\\\/et\\\/#\\\/schema\\\/logo\\\/image\\\/\",\"url\":\"https:\\\/\\\/fonolukk.eu\\\/wp-content\\\/uploads\\\/2023\\\/09\\\/fonolukk.png\",\"contentUrl\":\"https:\\\/\\\/fonolukk.eu\\\/wp-content\\\/uploads\\\/2023\\\/09\\\/fonolukk.png\",\"width\":277,\"height\":274,\"caption\":\"Smart Security OU\"},\"image\":{\"@id\":\"https:\\\/\\\/fonolukk.eu\\\/et\\\/#\\\/schema\\\/logo\\\/image\\\/\"},\"sameAs\":[\"https:\\\/\\\/www.facebook.com\\\/fonolukk\",\"https:\\\/\\\/www.instagram.com\\\/fonolukk\\\/?hl=ru\"],\"publishingPrinciples\":\"https:\\\/\\\/fonolukk.eu\\\/terms-and-conditions\\\/\",\"ownershipFundingInfo\":\"https:\\\/\\\/fonolukk.eu\\\/about-us\\\/\"}]}<\/script>\n<meta property=\"og:availability\" content=\"instock\" \/>\n<meta property=\"product:availability\" content=\"instock\" \/>\n<meta property=\"product:retailer_item_id\" content=\"Matrix-2-NET\" \/>\n<meta property=\"product:condition\" content=\"new\" \/>\n<!-- \/ Yoast SEO Premium plugin. -->","yoast_head_json":{"title":"Matrix 2 NET Kaardilugeja + Kontroller - Fonolukk","description":"Matrix 2 NET Kaardilugeja + Kontroller - Fonolukk","robots":{"index":"index","follow":"follow","max-snippet":"max-snippet:-1","max-image-preview":"max-image-preview:large","max-video-preview":"max-video-preview:-1"},"canonical":"https:\/\/fonolukk.eu\/et\/tooted\/matrix-2-net-lugeja-tootleja\/","og_locale":"et_EE","og_type":"article","og_title":"Matrix 2 NET Kaardilugeja + Kontroller","og_description":"Soobib Lukk, V\u00f5imsuse Juhtimine   Kontrolleri T\u00fc\u00fcp V\u00f5rk   \u00dchenduse t\u00fc\u00fcbid RS-485   RS-485 liinide arv 1   RS-485 \u00fchenduse kiirus 19200 Kbps, 57600 Kbps   RS-485 maksimaalne liini pikkus (m) 1200   Klahvide arv 2024   Salvestatavate V\u00f5tmete t\u00fc\u00fcbid Normaalne, Kapten, Blokeerimine   S\u00fcndmuste arv 2048   P\u00f5hit\u00fc\u00fcpi RFID (l\u00e4hedus)   V\u00e4liste lugejate protokoll iButton (1-Traat)   T\u00f6\u00f6re\u017eiimid (p\u00f5hilised) Normaalne, Blokeerimine, Tasuta, Oodake   T\u00f6\u00f6re\u017eiimid (muud) N\u00f5us, Vallandada, V\u00f5imu Tasku   P\u00f6\u00f6rduspunkti t\u00fc\u00fcbid Uks, Turnstile   T\u00e4iturmehhanismi t\u00fc\u00fcbid Elektromagnetiline, Elektromehaaniline, Turnstile   Sisseehitatud lugeja Ja   Sisseehitatud lugeja t\u00f6\u00f6sagedus 125 KHz   Sisseehitatud lugeja standard EM Marine   Sisseehitatud lugeja lugemise vahemik (cm) 6\u20138","og_url":"https:\/\/fonolukk.eu\/et\/tooted\/matrix-2-net-lugeja-tootleja\/","og_site_name":"Fonolukk","article_publisher":"https:\/\/www.facebook.com\/fonolukk","article_modified_time":"2023-08-16T13:00:07+00:00","og_image":[{"width":600,"height":600,"url":"https:\/\/fonolukk.eu\/wp-content\/uploads\/2020\/05\/MatrixII-600x600_0.jpg","type":"image\/jpeg"}],"twitter_card":"summary_large_image","twitter_misc":{"Availability":"Laos"},"schema":{"@context":"https:\/\/schema.org","@graph":[{"@type":"WebPage","@id":"https:\/\/fonolukk.eu\/et\/tooted\/matrix-2-net-lugeja-tootleja\/","url":"https:\/\/fonolukk.eu\/et\/tooted\/matrix-2-net-lugeja-tootleja\/","name":"Matrix 2 NET Kaardilugeja + Kontroller - Fonolukk","isPartOf":{"@id":"https:\/\/fonolukk.eu\/et\/#website"},"primaryImageOfPage":{"@id":"https:\/\/fonolukk.eu\/et\/tooted\/matrix-2-net-lugeja-tootleja\/#primaryimage"},"image":{"@id":"https:\/\/fonolukk.eu\/et\/tooted\/matrix-2-net-lugeja-tootleja\/#primaryimage"},"thumbnailUrl":"https:\/\/fonolukk.eu\/wp-content\/uploads\/2020\/05\/MatrixII-600x600_0.jpg","datePublished":"2020-04-26T11:14:59+00:00","dateModified":"2023-08-16T13:00:07+00:00","description":"Matrix 2 NET Kaardilugeja + Kontroller - Fonolukk","breadcrumb":{"@id":"https:\/\/fonolukk.eu\/et\/tooted\/matrix-2-net-lugeja-tootleja\/#breadcrumb"},"inLanguage":"et","potentialAction":[{"@type":"ReadAction","target":["https:\/\/fonolukk.eu\/et\/tooted\/matrix-2-net-lugeja-tootleja\/"]}]},{"@type":"ImageObject","inLanguage":"et","@id":"https:\/\/fonolukk.eu\/et\/tooted\/matrix-2-net-lugeja-tootleja\/#primaryimage","url":"https:\/\/fonolukk.eu\/wp-content\/uploads\/2020\/05\/MatrixII-600x600_0.jpg","contentUrl":"https:\/\/fonolukk.eu\/wp-content\/uploads\/2020\/05\/MatrixII-600x600_0.jpg","width":600,"height":600,"caption":"Matrix-II Wi-Fi"},{"@type":"BreadcrumbList","@id":"https:\/\/fonolukk.eu\/et\/tooted\/matrix-2-net-lugeja-tootleja\/#breadcrumb","itemListElement":[{"@type":"ListItem","position":1,"name":"Esileht","item":"https:\/\/fonolukk.eu\/et\/koduleht\/"},{"@type":"ListItem","position":2,"name":"Tooted","item":"https:\/\/fonolukk.eu\/et\/shop-2\/"},{"@type":"ListItem","position":3,"name":"L\u00e4bip\u00e4\u00e4sus\u00fcsteem","item":"https:\/\/fonolukk.eu\/et\/product-category\/labipaasususteem\/"},{"@type":"ListItem","position":4,"name":"Kontroller","item":"https:\/\/fonolukk.eu\/et\/product-category\/labipaasususteem\/kontroller\/"},{"@type":"ListItem","position":5,"name":"Network kontroller","item":"https:\/\/fonolukk.eu\/et\/product-category\/labipaasususteem\/kontroller\/network-kontroller\/"},{"@type":"ListItem","position":6,"name":"Matrix 2 NET Kaardilugeja + Kontroller"}]},{"@type":"WebSite","@id":"https:\/\/fonolukk.eu\/et\/#website","url":"https:\/\/fonolukk.eu\/et\/","name":"Fonolukk eu","description":"Smart Security Systems","publisher":{"@id":"https:\/\/fonolukk.eu\/et\/#organization"},"potentialAction":[{"@type":"SearchAction","target":{"@type":"EntryPoint","urlTemplate":"https:\/\/fonolukk.eu\/et\/?s={search_term_string}"},"query-input":{"@type":"PropertyValueSpecification","valueRequired":true,"valueName":"search_term_string"}}],"inLanguage":"et"},{"@type":"Organization","@id":"https:\/\/fonolukk.eu\/et\/#organization","name":"Smart Security OU","url":"https:\/\/fonolukk.eu\/et\/","logo":{"@type":"ImageObject","inLanguage":"et","@id":"https:\/\/fonolukk.eu\/et\/#\/schema\/logo\/image\/","url":"https:\/\/fonolukk.eu\/wp-content\/uploads\/2023\/09\/fonolukk.png","contentUrl":"https:\/\/fonolukk.eu\/wp-content\/uploads\/2023\/09\/fonolukk.png","width":277,"height":274,"caption":"Smart Security OU"},"image":{"@id":"https:\/\/fonolukk.eu\/et\/#\/schema\/logo\/image\/"},"sameAs":["https:\/\/www.facebook.com\/fonolukk","https:\/\/www.instagram.com\/fonolukk\/?hl=ru"],"publishingPrinciples":"https:\/\/fonolukk.eu\/terms-and-conditions\/","ownershipFundingInfo":"https:\/\/fonolukk.eu\/about-us\/"}]},"og_availability":"instock","product_availability":"instock","product_retailer_item_id":"Matrix-2-NET","product_condition":"new"},"_links":{"self":[{"href":"https:\/\/fonolukk.eu\/et\/wp-json\/wp\/v2\/product\/6748","targetHints":{"allow":["GET"]}}],"collection":[{"href":"https:\/\/fonolukk.eu\/et\/wp-json\/wp\/v2\/product"}],"about":[{"href":"https:\/\/fonolukk.eu\/et\/wp-json\/wp\/v2\/types\/product"}],"version-history":[{"count":1,"href":"https:\/\/fonolukk.eu\/et\/wp-json\/wp\/v2\/product\/6748\/revisions"}],"predecessor-version":[{"id":7417,"href":"https:\/\/fonolukk.eu\/et\/wp-json\/wp\/v2\/product\/6748\/revisions\/7417"}],"wp:featuredmedia":[{"embeddable":true,"href":"https:\/\/fonolukk.eu\/et\/wp-json\/wp\/v2\/media\/7471"}],"wp:attachment":[{"href":"https:\/\/fonolukk.eu\/et\/wp-json\/wp\/v2\/media?parent=6748"}],"wp:term":[{"taxonomy":"product_brand","embeddable":true,"href":"https:\/\/fonolukk.eu\/et\/wp-json\/wp\/v2\/product_brand?post=6748"},{"taxonomy":"product_cat","embeddable":true,"href":"https:\/\/fonolukk.eu\/et\/wp-json\/wp\/v2\/product_cat?post=6748"},{"taxonomy":"product_tag","embeddable":true,"href":"https:\/\/fonolukk.eu\/et\/wp-json\/wp\/v2\/product_tag?post=6748"}],"curies":[{"name":"wp","href":"https:\/\/api.w.org\/{rel}","templated":true}]}}