{"id":6936,"date":"2020-04-29T19:22:13","date_gmt":"2020-04-29T16:22:14","guid":{"rendered":"https:\/\/fonolukk.eu\/?post_type=product&#038;p=6936"},"modified":"2025-07-26T09:33:31","modified_gmt":"2025-07-26T06:33:31","slug":"cp-z-2l-suvistatav","status":"publish","type":"product","link":"https:\/\/fonolukk.eu\/et\/tooted\/cp-z-2l-suvistatav\/","title":{"rendered":"CP-Z 2L S\u00dcVISTATAV"},"content":{"rendered":"<p>Kompaktne CP-Z 2L s\u00fcvistatav RFID-lugeja on m\u00f5eldud kasutamiseks v\u00f5rgus ja eraldiseisvates juurdep\u00e4\u00e4sukontrollis\u00fcsteemides. CP-Z 2L embedded reader toetab EM Marine 125KHz v\u00f5tmeid ja \u00fchendab kontrollerid iButton (1-Wire) v\u00f5i wiegand-26 protokolli kaudu.<\/p>\n<p>CP-Z 2L s\u00fcvistatav lugeja on valmistatud mehaaniliselt vastupidavast ja tulekindlast materjalist ning kordab DS1990\/DS1996 kontaktv\u00f5tmete ibuttoni kontaktorite kuju. See v\u00f5imaldab kasutada CP-Z 2L s\u00fcvistatav lugejat ACS-toodetes v\u00f5i iseseisvalt traditsiooniliste ibuttoni kontaktorite asemel kontaktv\u00f5tmete jaoks ilma disainimuutuste v\u00f5i paigaldusraskusteta. See annab teile j\u00e4rgmised eelised:<\/p>\n<p>T\u00e4iendavad RFID-tehnoloogia teenused ja funktsionaalsus.<br \/>\nKontaktivaba ukse avamise eelised (ilma v\u00f5tit taskust v\u00f5i rahakotist v\u00e4lja v\u00f5tmata).<br \/>\nLai valik erineva kuju ja v\u00e4rviga RFID-v\u00f5tmeid ning v\u00f5ime rakendada v\u00f5tmetele unikaalset logo.<\/p>\n<table class=\"uk-table uk-table-hover uk-table-striped uk-table-condensed\" style=\"height: 278px;\" width=\"563\">\n<tbody>\n<tr class=\"index-0 element-cd327b89-d790-48ca-93e1-5420d28f5c18 element-select first\">\n<td class=\"element-label\">Sobib<\/td>\n<td>ACS Lugeja<\/td>\n<\/tr>\n<tr class=\"index-10 element-b6a73476-2db8-403e-b6ab-8c9192b3864d element-select\">\n<td class=\"element-label\">T\u00f6\u00f6sagedus<\/td>\n<td>125 KHz<\/td>\n<\/tr>\n<tr class=\"index-20 element-eee2046d-0dc6-4a9c-a309-46bd7e165cae element-select\">\n<td class=\"element-label\">P\u00f5hit\u00fc\u00fcpi<\/td>\n<td>RFID (L\u00e4hedus)<\/td>\n<\/tr>\n<tr class=\"index-30 element-f0077628-087f-4ca8-bafd-535c0b199e79 element-select\">\n<td class=\"element-label\">Lugejastandard<\/td>\n<td>EM Marine<\/td>\n<\/tr>\n<tr class=\"index-40 element-9166ce3d-ad80-4f8d-88b7-decd3c86273f element-select\">\n<td class=\"element-label\">Lugejaprotokoll<\/td>\n<td>iButton (1-traat), Wiegand-26<\/td>\n<\/tr>\n<tr class=\"index-50 element-ddec58e5-e7fe-408a-8797-c5628793d540 element-text\">\n<td class=\"element-label\">RFID lugemisulatus (cm)<\/td>\n<td>2\u20136<\/td>\n<\/tr>\n<tr class=\"index-70 element-20714bdc-4496-4c8a-8422-a8e752e496bd element-select\">\n<td class=\"element-label\">Klaviatuur<\/td>\n<td>Ei<\/td>\n<\/tr>\n<tr class=\"index-80 element-7bdd9414-1f6b-4515-8681-5f30ce8e1e66 element-select\">\n<td class=\"element-label\">Vandaalivastane juhtum<\/td>\n<td>Ja<\/td>\n<\/tr>\n<tr class=\"index-90 element-15edffd4-29ea-47ce-afe4-fb9c350607a9 element-select\">\n<td class=\"element-label\">Veekindel ja tolmukindel korpus<\/td>\n<td>Ja<\/td>\n<\/tr>\n<tr class=\"index-100 element-943b0640-be9c-44e0-8ba6-e5691f5cd71a element-select last\">\n<td class=\"element-label\">Klahvide kopeerimise kaitse<\/td>\n<td>Ei<\/td>\n<\/tr>\n<\/tbody>\n<\/table>\n<div class='w3eden'><!-- WPDM Link Template: Default Template -->\n\n<div class=\"link-template-default card mb-2\">\n    <div class=\"card-body\">\n        <div class=\"media\">\n            <div class=\"mr-3 img-48\"><img decoding=\"async\" class=\"wpdm_icon\" alt=\"Icon\"   src=\"https:\/\/fonolukk.eu\/wp-content\/plugins\/download-manager\/assets\/file-type-icons\/pdf.svg\" \/><\/div>\n            <div class=\"media-body\">\n                <h3 class=\"package-title\"><a href='https:\/\/fonolukk.eu\/download\/cp-z-2l\/'>CP-Z 2L<\/a><\/h3>\n                <div class=\"text-muted text-small\"><i class=\"fas fa-copy\"><\/i> 1 file(s) <i class=\"fas fa-hdd ml-3\"><\/i> 50.48 KB<\/div>\n            <\/div>\n            <div class=\"ml-3\">\n                <div class=\"w3eden\"><div class=\"panel panel-default card\"><div class=\"panel-body card-body\"><span class=\"text-danger\">Login is required to access this page<\/span><\/div><div class=\"panel-footer card-footer text-right\"><a href=\"https:\/\/fonolukk.eu\/wp-login.php?redirect_to=\/et\/wp-json\/wp\/v2\/product\/6936\" class=\"btn btn-danger wpdmloginmodal-trigger btn-sm\"><i class=\"fa fa-lock\"><\/i> Login<\/a><\/div><\/div><\/div>\n            <\/div>\n        <\/div>\n    <\/div>\n<\/div>\n\n<\/div>\n","protected":false},"excerpt":{"rendered":"<table class=\"uk-table uk-table-hover uk-table-striped uk-table-condensed\">\n<tbody>\n<tr class=\"index-10 element-4400b142-7d9e-40be-9c2b-fd08e78b680b element-text first\">\n<td class=\"element-label\">Wiegand maksimaalne liini pikkus (m)<\/td>\n<td>100<\/td>\n<\/tr>\n<tr class=\"index-20 element-864e110b-99b5-4cb3-89a5-88e657b1ed13 element-text\">\n<td class=\"element-label\">Pinge<\/td>\n<td>8\u201318 DC<\/td>\n<\/tr>\n<tr class=\"index-30 element-9663443e-a571-4429-80c0-f290bf0cf27f element-text\">\n<td class=\"element-label\">Praegune tarbimine (mA)<\/td>\n<td>35<\/td>\n<\/tr>\n<tr class=\"index-50 element-f85317be-29f8-4b80-b07c-4c6d77588ae7 element-select\">\n<td class=\"element-label\">Visuaalne n\u00e4idustus<\/td>\n<td>1 x Red LED<\/td>\n<\/tr>\n<tr class=\"index-60 element-59ad0795-5d45-4d6e-9e14-da8337438514 element-text\">\n<td class=\"element-label\">Taustvalgus<\/td>\n<td>Punane LED pidev valgustus (valikuline)<\/td>\n<\/tr>\n<tr class=\"index-70 element-885b0f84-aa8f-41c4-8d2a-1830a1a6dc8b element-select\">\n<td class=\"element-label\">LED-de ja summeri v\u00e4line juhtimine<\/td>\n<td>Ei<\/td>\n<\/tr>\n<tr class=\"index-80 element-c7a92c06-f3db-4a25-8f88-71aca650b8eb element-text\">\n<td class=\"element-label\">T\u00f6\u00f6temperatuur (\u00b0C)<\/td>\n<td>-30&#8230;+85<\/td>\n<\/tr>\n<tr class=\"index-90 element-dd284492-94b3-4a19-8b09-2b4dde8fffd6 element-select\">\n<td class=\"element-label\">Juhtumi Materjal<\/td>\n<td>Pol\u00fcamiid<\/td>\n<\/tr>\n<tr class=\"index-100 element-669c07c0-8852-4d80-8fd7-ab8e8c4834ad element-text last\">\n<td class=\"element-label\">M\u00f5\u00f5tmed (mm)<\/td>\n<td>D26 x 22<\/td>\n<\/tr>\n<\/tbody>\n<\/table>\n","protected":false},"featured_media":6930,"template":"","meta":[],"product_brand":[],"product_cat":[867,1342,866],"product_tag":[],"class_list":{"0":"post-6936","1":"product","2":"type-product","3":"status-publish","4":"has-post-thumbnail","6":"product_cat-lugeja","7":"product_cat-marine-lugeja","8":"product_cat-labipaasususteem","10":"first","11":"instock","12":"taxable","13":"shipping-taxable","14":"purchasable","15":"product-type-simple"},"yoast_head":"<!-- This site is optimized with the Yoast SEO Premium plugin v27.3 (Yoast SEO v27.3) - https:\/\/yoast.com\/product\/yoast-seo-premium-wordpress\/ -->\n<title>CP-Z 2L S\u00dcVISTATAV - Fonolukk<\/title>\n<meta name=\"description\" content=\"CP-Z 2L S\u00dcVISTATAV - Fonolukk\" \/>\n<meta name=\"robots\" content=\"index, follow, max-snippet:-1, max-image-preview:large, max-video-preview:-1\" \/>\n<link rel=\"canonical\" href=\"https:\/\/fonolukk.eu\/et\/tooted\/cp-z-2l-suvistatav\/\" \/>\n<meta property=\"og:locale\" content=\"et_EE\" \/>\n<meta property=\"og:type\" content=\"article\" \/>\n<meta property=\"og:title\" content=\"CP-Z 2L S\u00dcVISTATAV\" \/>\n<meta property=\"og:description\" content=\"Wiegand maksimaalne liini pikkus (m) 100   Pinge 8\u201318 DC   Praegune tarbimine (mA) 35   Visuaalne n\u00e4idustus 1 x Red LED   Taustvalgus Punane LED pidev valgustus (valikuline)   LED-de ja summeri v\u00e4line juhtimine Ei   T\u00f6\u00f6temperatuur (\u00b0C) -30...+85   Juhtumi Materjal Pol\u00fcamiid   M\u00f5\u00f5tmed (mm) D26 x 22\" \/>\n<meta property=\"og:url\" content=\"https:\/\/fonolukk.eu\/et\/tooted\/cp-z-2l-suvistatav\/\" \/>\n<meta property=\"og:site_name\" content=\"Fonolukk\" \/>\n<meta property=\"article:publisher\" content=\"https:\/\/www.facebook.com\/fonolukk\" \/>\n<meta property=\"article:modified_time\" content=\"2025-07-26T06:33:31+00:00\" \/>\n<meta property=\"og:image\" content=\"https:\/\/fonolukk.eu\/wp-content\/uploads\/2020\/04\/cp-z-2l-embed-light_b1629ec460f6cc033eee1e9ddf3ccb63.jpg\" \/>\n\t<meta property=\"og:image:width\" content=\"600\" \/>\n\t<meta property=\"og:image:height\" content=\"600\" \/>\n\t<meta property=\"og:image:type\" content=\"image\/jpeg\" \/>\n<meta name=\"twitter:card\" content=\"summary_large_image\" \/>\n<meta name=\"twitter:label1\" content=\"Hind\" \/>\n\t<meta name=\"twitter:data1\" content=\"&euro;28.69 koos KM\" \/>\n\t<meta name=\"twitter:label2\" content=\"Availability\" \/>\n\t<meta name=\"twitter:data2\" content=\"Laos\" \/>\n<script type=\"application\/ld+json\" class=\"yoast-schema-graph\">{\"@context\":\"https:\\\/\\\/schema.org\",\"@graph\":[{\"@type\":\"WebPage\",\"@id\":\"https:\\\/\\\/fonolukk.eu\\\/et\\\/tooted\\\/cp-z-2l-suvistatav\\\/\",\"url\":\"https:\\\/\\\/fonolukk.eu\\\/et\\\/tooted\\\/cp-z-2l-suvistatav\\\/\",\"name\":\"CP-Z 2L S\u00dcVISTATAV - Fonolukk\",\"isPartOf\":{\"@id\":\"https:\\\/\\\/fonolukk.eu\\\/et\\\/#website\"},\"primaryImageOfPage\":{\"@id\":\"https:\\\/\\\/fonolukk.eu\\\/et\\\/tooted\\\/cp-z-2l-suvistatav\\\/#primaryimage\"},\"image\":{\"@id\":\"https:\\\/\\\/fonolukk.eu\\\/et\\\/tooted\\\/cp-z-2l-suvistatav\\\/#primaryimage\"},\"thumbnailUrl\":\"https:\\\/\\\/fonolukk.eu\\\/wp-content\\\/uploads\\\/2020\\\/04\\\/cp-z-2l-embed-light_b1629ec460f6cc033eee1e9ddf3ccb63.jpg\",\"datePublished\":\"2020-04-29T16:22:14+00:00\",\"dateModified\":\"2025-07-26T06:33:31+00:00\",\"description\":\"CP-Z 2L S\u00dcVISTATAV - Fonolukk\",\"breadcrumb\":{\"@id\":\"https:\\\/\\\/fonolukk.eu\\\/et\\\/tooted\\\/cp-z-2l-suvistatav\\\/#breadcrumb\"},\"inLanguage\":\"et\",\"potentialAction\":[{\"@type\":\"ReadAction\",\"target\":[\"https:\\\/\\\/fonolukk.eu\\\/et\\\/tooted\\\/cp-z-2l-suvistatav\\\/\"]}]},{\"@type\":\"ImageObject\",\"inLanguage\":\"et\",\"@id\":\"https:\\\/\\\/fonolukk.eu\\\/et\\\/tooted\\\/cp-z-2l-suvistatav\\\/#primaryimage\",\"url\":\"https:\\\/\\\/fonolukk.eu\\\/wp-content\\\/uploads\\\/2020\\\/04\\\/cp-z-2l-embed-light_b1629ec460f6cc033eee1e9ddf3ccb63.jpg\",\"contentUrl\":\"https:\\\/\\\/fonolukk.eu\\\/wp-content\\\/uploads\\\/2020\\\/04\\\/cp-z-2l-embed-light_b1629ec460f6cc033eee1e9ddf3ccb63.jpg\",\"width\":600,\"height\":600,\"caption\":\"CP-Z Marine\"},{\"@type\":\"BreadcrumbList\",\"@id\":\"https:\\\/\\\/fonolukk.eu\\\/et\\\/tooted\\\/cp-z-2l-suvistatav\\\/#breadcrumb\",\"itemListElement\":[{\"@type\":\"ListItem\",\"position\":1,\"name\":\"Esileht\",\"item\":\"https:\\\/\\\/fonolukk.eu\\\/et\\\/koduleht\\\/\"},{\"@type\":\"ListItem\",\"position\":2,\"name\":\"Tooted\",\"item\":\"https:\\\/\\\/fonolukk.eu\\\/et\\\/shop-2\\\/\"},{\"@type\":\"ListItem\",\"position\":3,\"name\":\"L\u00e4bip\u00e4\u00e4sus\u00fcsteem\",\"item\":\"https:\\\/\\\/fonolukk.eu\\\/et\\\/product-category\\\/labipaasususteem\\\/\"},{\"@type\":\"ListItem\",\"position\":4,\"name\":\"CP-Z 2L S\u00dcVISTATAV\"}]},{\"@type\":\"WebSite\",\"@id\":\"https:\\\/\\\/fonolukk.eu\\\/et\\\/#website\",\"url\":\"https:\\\/\\\/fonolukk.eu\\\/et\\\/\",\"name\":\"Fonolukk eu\",\"description\":\"Smart Security Systems\",\"publisher\":{\"@id\":\"https:\\\/\\\/fonolukk.eu\\\/et\\\/#organization\"},\"potentialAction\":[{\"@type\":\"SearchAction\",\"target\":{\"@type\":\"EntryPoint\",\"urlTemplate\":\"https:\\\/\\\/fonolukk.eu\\\/et\\\/?s={search_term_string}\"},\"query-input\":{\"@type\":\"PropertyValueSpecification\",\"valueRequired\":true,\"valueName\":\"search_term_string\"}}],\"inLanguage\":\"et\"},{\"@type\":\"Organization\",\"@id\":\"https:\\\/\\\/fonolukk.eu\\\/et\\\/#organization\",\"name\":\"Smart Security OU\",\"url\":\"https:\\\/\\\/fonolukk.eu\\\/et\\\/\",\"logo\":{\"@type\":\"ImageObject\",\"inLanguage\":\"et\",\"@id\":\"https:\\\/\\\/fonolukk.eu\\\/et\\\/#\\\/schema\\\/logo\\\/image\\\/\",\"url\":\"https:\\\/\\\/fonolukk.eu\\\/wp-content\\\/uploads\\\/2023\\\/09\\\/fonolukk.png\",\"contentUrl\":\"https:\\\/\\\/fonolukk.eu\\\/wp-content\\\/uploads\\\/2023\\\/09\\\/fonolukk.png\",\"width\":277,\"height\":274,\"caption\":\"Smart Security OU\"},\"image\":{\"@id\":\"https:\\\/\\\/fonolukk.eu\\\/et\\\/#\\\/schema\\\/logo\\\/image\\\/\"},\"sameAs\":[\"https:\\\/\\\/www.facebook.com\\\/fonolukk\",\"https:\\\/\\\/www.instagram.com\\\/fonolukk\\\/?hl=ru\"],\"publishingPrinciples\":\"https:\\\/\\\/fonolukk.eu\\\/terms-and-conditions\\\/\",\"ownershipFundingInfo\":\"https:\\\/\\\/fonolukk.eu\\\/about-us\\\/\"}]}<\/script>\n<meta property=\"product:price:amount\" content=\"28.69\" \/>\n<meta property=\"product:price:currency\" content=\"EUR\" \/>\n<meta property=\"og:availability\" content=\"instock\" \/>\n<meta property=\"product:availability\" content=\"instock\" \/>\n<meta property=\"product:retailer_item_id\" content=\"CP-Z 2L\" \/>\n<meta property=\"product:condition\" content=\"new\" \/>\n<!-- \/ Yoast SEO Premium plugin. -->","yoast_head_json":{"title":"CP-Z 2L S\u00dcVISTATAV - Fonolukk","description":"CP-Z 2L S\u00dcVISTATAV - Fonolukk","robots":{"index":"index","follow":"follow","max-snippet":"max-snippet:-1","max-image-preview":"max-image-preview:large","max-video-preview":"max-video-preview:-1"},"canonical":"https:\/\/fonolukk.eu\/et\/tooted\/cp-z-2l-suvistatav\/","og_locale":"et_EE","og_type":"article","og_title":"CP-Z 2L S\u00dcVISTATAV","og_description":"Wiegand maksimaalne liini pikkus (m) 100   Pinge 8\u201318 DC   Praegune tarbimine (mA) 35   Visuaalne n\u00e4idustus 1 x Red LED   Taustvalgus Punane LED pidev valgustus (valikuline)   LED-de ja summeri v\u00e4line juhtimine Ei   T\u00f6\u00f6temperatuur (\u00b0C) -30...+85   Juhtumi Materjal Pol\u00fcamiid   M\u00f5\u00f5tmed (mm) D26 x 22","og_url":"https:\/\/fonolukk.eu\/et\/tooted\/cp-z-2l-suvistatav\/","og_site_name":"Fonolukk","article_publisher":"https:\/\/www.facebook.com\/fonolukk","article_modified_time":"2025-07-26T06:33:31+00:00","og_image":[{"width":600,"height":600,"url":"https:\/\/fonolukk.eu\/wp-content\/uploads\/2020\/04\/cp-z-2l-embed-light_b1629ec460f6cc033eee1e9ddf3ccb63.jpg","type":"image\/jpeg"}],"twitter_card":"summary_large_image","twitter_misc":{"Hind":"&euro;28.69 koos KM","Availability":"Laos"},"schema":{"@context":"https:\/\/schema.org","@graph":[{"@type":"WebPage","@id":"https:\/\/fonolukk.eu\/et\/tooted\/cp-z-2l-suvistatav\/","url":"https:\/\/fonolukk.eu\/et\/tooted\/cp-z-2l-suvistatav\/","name":"CP-Z 2L S\u00dcVISTATAV - Fonolukk","isPartOf":{"@id":"https:\/\/fonolukk.eu\/et\/#website"},"primaryImageOfPage":{"@id":"https:\/\/fonolukk.eu\/et\/tooted\/cp-z-2l-suvistatav\/#primaryimage"},"image":{"@id":"https:\/\/fonolukk.eu\/et\/tooted\/cp-z-2l-suvistatav\/#primaryimage"},"thumbnailUrl":"https:\/\/fonolukk.eu\/wp-content\/uploads\/2020\/04\/cp-z-2l-embed-light_b1629ec460f6cc033eee1e9ddf3ccb63.jpg","datePublished":"2020-04-29T16:22:14+00:00","dateModified":"2025-07-26T06:33:31+00:00","description":"CP-Z 2L S\u00dcVISTATAV - Fonolukk","breadcrumb":{"@id":"https:\/\/fonolukk.eu\/et\/tooted\/cp-z-2l-suvistatav\/#breadcrumb"},"inLanguage":"et","potentialAction":[{"@type":"ReadAction","target":["https:\/\/fonolukk.eu\/et\/tooted\/cp-z-2l-suvistatav\/"]}]},{"@type":"ImageObject","inLanguage":"et","@id":"https:\/\/fonolukk.eu\/et\/tooted\/cp-z-2l-suvistatav\/#primaryimage","url":"https:\/\/fonolukk.eu\/wp-content\/uploads\/2020\/04\/cp-z-2l-embed-light_b1629ec460f6cc033eee1e9ddf3ccb63.jpg","contentUrl":"https:\/\/fonolukk.eu\/wp-content\/uploads\/2020\/04\/cp-z-2l-embed-light_b1629ec460f6cc033eee1e9ddf3ccb63.jpg","width":600,"height":600,"caption":"CP-Z Marine"},{"@type":"BreadcrumbList","@id":"https:\/\/fonolukk.eu\/et\/tooted\/cp-z-2l-suvistatav\/#breadcrumb","itemListElement":[{"@type":"ListItem","position":1,"name":"Esileht","item":"https:\/\/fonolukk.eu\/et\/koduleht\/"},{"@type":"ListItem","position":2,"name":"Tooted","item":"https:\/\/fonolukk.eu\/et\/shop-2\/"},{"@type":"ListItem","position":3,"name":"L\u00e4bip\u00e4\u00e4sus\u00fcsteem","item":"https:\/\/fonolukk.eu\/et\/product-category\/labipaasususteem\/"},{"@type":"ListItem","position":4,"name":"CP-Z 2L S\u00dcVISTATAV"}]},{"@type":"WebSite","@id":"https:\/\/fonolukk.eu\/et\/#website","url":"https:\/\/fonolukk.eu\/et\/","name":"Fonolukk eu","description":"Smart Security Systems","publisher":{"@id":"https:\/\/fonolukk.eu\/et\/#organization"},"potentialAction":[{"@type":"SearchAction","target":{"@type":"EntryPoint","urlTemplate":"https:\/\/fonolukk.eu\/et\/?s={search_term_string}"},"query-input":{"@type":"PropertyValueSpecification","valueRequired":true,"valueName":"search_term_string"}}],"inLanguage":"et"},{"@type":"Organization","@id":"https:\/\/fonolukk.eu\/et\/#organization","name":"Smart Security OU","url":"https:\/\/fonolukk.eu\/et\/","logo":{"@type":"ImageObject","inLanguage":"et","@id":"https:\/\/fonolukk.eu\/et\/#\/schema\/logo\/image\/","url":"https:\/\/fonolukk.eu\/wp-content\/uploads\/2023\/09\/fonolukk.png","contentUrl":"https:\/\/fonolukk.eu\/wp-content\/uploads\/2023\/09\/fonolukk.png","width":277,"height":274,"caption":"Smart Security OU"},"image":{"@id":"https:\/\/fonolukk.eu\/et\/#\/schema\/logo\/image\/"},"sameAs":["https:\/\/www.facebook.com\/fonolukk","https:\/\/www.instagram.com\/fonolukk\/?hl=ru"],"publishingPrinciples":"https:\/\/fonolukk.eu\/terms-and-conditions\/","ownershipFundingInfo":"https:\/\/fonolukk.eu\/about-us\/"}]},"product_price_amount":"28.69","product_price_currency":"EUR","og_availability":"instock","product_availability":"instock","product_retailer_item_id":"CP-Z 2L","product_condition":"new"},"_links":{"self":[{"href":"https:\/\/fonolukk.eu\/et\/wp-json\/wp\/v2\/product\/6936","targetHints":{"allow":["GET"]}}],"collection":[{"href":"https:\/\/fonolukk.eu\/et\/wp-json\/wp\/v2\/product"}],"about":[{"href":"https:\/\/fonolukk.eu\/et\/wp-json\/wp\/v2\/types\/product"}],"version-history":[{"count":0,"href":"https:\/\/fonolukk.eu\/et\/wp-json\/wp\/v2\/product\/6936\/revisions"}],"wp:featuredmedia":[{"embeddable":true,"href":"https:\/\/fonolukk.eu\/et\/wp-json\/wp\/v2\/media\/6930"}],"wp:attachment":[{"href":"https:\/\/fonolukk.eu\/et\/wp-json\/wp\/v2\/media?parent=6936"}],"wp:term":[{"taxonomy":"product_brand","embeddable":true,"href":"https:\/\/fonolukk.eu\/et\/wp-json\/wp\/v2\/product_brand?post=6936"},{"taxonomy":"product_cat","embeddable":true,"href":"https:\/\/fonolukk.eu\/et\/wp-json\/wp\/v2\/product_cat?post=6936"},{"taxonomy":"product_tag","embeddable":true,"href":"https:\/\/fonolukk.eu\/et\/wp-json\/wp\/v2\/product_tag?post=6936"}],"curies":[{"name":"wp","href":"https:\/\/api.w.org\/{rel}","templated":true}]}}