{"id":7027,"date":"2020-04-29T21:52:56","date_gmt":"2020-04-29T18:52:56","guid":{"rendered":"https:\/\/fonolukk.eu\/?post_type=product&#038;p=7027"},"modified":"2023-07-04T13:17:05","modified_gmt":"2023-07-04T10:17:05","slug":"matrix-iii-mf-i","status":"publish","type":"product","link":"https:\/\/fonolukk.eu\/et\/tooted\/matrix-iii-mf-i\/","title":{"rendered":"MATRIX III MF-I"},"content":{"rendered":"<div class=\"item-text-full uk-clearfix block-divider\">\n<p>Matrix III MF-I RFID-lugeja on m\u00f5eldud kasutamiseks v\u00f5rgus ja eraldiseisvates juurdep\u00e4\u00e4sukontrollis\u00fcsteemides. Matrix III MF &#8211; i lugeja toetab Mifare 13,56 MHz v\u00f5tmeid ja \u00fchendub kontrolleritega ibuttoni (1-Wire) v\u00f5i Wiegand-26\/34\/42\/50 protokolli kaudu. On olemas v\u00f5imalus v\u00e4lise kontrolli visuaalse ja helin\u00e4idiku ilma t\u00e4iendavate \u00fchendused ja kaks lugejad s\u00fcnkroniseerimine v\u00e4ltida samaaegset aktiveerimist tihedalt asuvad lugejad.<\/p>\n<p>Matrix III MF &#8211; i lugeja toetab nii avatud (ID lugemine) kui ka kaitstud (ID kr\u00fcptimine) re\u017eiimi v\u00f5tmeandmetele juurdep\u00e4\u00e4suks. V\u00f5tme ID edastamise kaitstud re\u017eiim pakub kaitset kopeerimise ja kloonimise eest. V\u00f5ite muuta kr\u00fcpteerimisv\u00f5tmeid piiramatu arv kordi. Kr\u00fcpteerimisv\u00f5tmete loomine ja kirjutamine peab toimuma Raudloogika objekti kaardi abil. Kirjeldus kasutades kaitstud re\u017eiimis Iron Logic objekti kaart v\u00f5ib leida Iron Logic kaitstud tehnoloogia kirjeldus lehel.<\/p>\n<table class=\"uk-table uk-table-hover uk-table-striped uk-table-condensed\">\n<tbody>\n<tr class=\"index-0 element-cd327b89-d790-48ca-93e1-5420d28f5c18 element-select first\">\n<td class=\"element-label\">Sobib<\/td>\n<td>ACS lugeja<\/td>\n<\/tr>\n<tr class=\"index-10 element-b6a73476-2db8-403e-b6ab-8c9192b3864d element-select\">\n<td class=\"element-label\">T\u00f6\u00f6sagedus<\/td>\n<td>13.56 MHz<\/td>\n<\/tr>\n<tr class=\"index-20 element-eee2046d-0dc6-4a9c-a309-46bd7e165cae element-select\">\n<td class=\"element-label\">P\u00f5hit\u00fc\u00fcpi<\/td>\n<td>RFID (l\u00e4hedus)<\/td>\n<\/tr>\n<tr class=\"index-30 element-f0077628-087f-4ca8-bafd-535c0b199e79 element-select\">\n<td class=\"element-label\">Lugejastandard<\/td>\n<td>Mifare Classic 1K, Mifare Classic 4K, Mifare ID, Mifare \u00fclikerge<\/td>\n<\/tr>\n<tr class=\"index-40 element-9166ce3d-ad80-4f8d-88b7-decd3c86273f element-select\">\n<td class=\"element-label\">Lugejaprotokoll<\/td>\n<td>iButton (1-traat), Wiegand-26, Wiegand 34, Wiegand 42, Wiegand-50<\/td>\n<\/tr>\n<tr class=\"index-50 element-ddec58e5-e7fe-408a-8797-c5628793d540 element-text\">\n<td class=\"element-label\">RFID lugemisulatus (cm)<\/td>\n<td>3\u20136<\/td>\n<\/tr>\n<tr class=\"index-70 element-20714bdc-4496-4c8a-8422-a8e752e496bd element-select\">\n<td class=\"element-label\">Klaviatuur<\/td>\n<td>Ei<\/td>\n<\/tr>\n<tr class=\"index-80 element-7bdd9414-1f6b-4515-8681-5f30ce8e1e66 element-select\">\n<td class=\"element-label\">Vandaalivastane juhtum<\/td>\n<td>Ei<\/td>\n<\/tr>\n<tr class=\"index-90 element-15edffd4-29ea-47ce-afe4-fb9c350607a9 element-select\">\n<td class=\"element-label\">Veekindel ja tolmukindel korpus<\/td>\n<td>Ja<\/td>\n<\/tr>\n<tr class=\"index-100 element-943b0640-be9c-44e0-8ba6-e5691f5cd71a element-select\">\n<td class=\"element-label\">Klahvide kopeerimise kaitse<\/td>\n<td>Ja<\/td>\n<\/tr>\n<tr class=\"index-110 element-f68646a0-eeb6-4bc4-aa3b-876f084aad3e element-select\">\n<td class=\"element-label\">Kopeerimiskaitse T\u00fc\u00fcp<\/td>\n<td>Raudne Loogika Kaitstud<\/td>\n<\/tr>\n<tr class=\"index-120 element-9ba99b39-f8ea-45a6-9319-d7b905db8568 element-select last\">\n<td class=\"element-label\">Kahe lugeja s\u00fcnkroniseerimine<\/td>\n<td>Ja<\/td>\n<\/tr>\n<\/tbody>\n<\/table>\n<\/div>\n<div><div class='w3eden'><!-- WPDM Link Template: Default Template -->\n\n<div class=\"link-template-default card mb-2\">\n    <div class=\"card-body\">\n        <div class=\"media\">\n            <div class=\"mr-3 img-48\"><img decoding=\"async\" class=\"wpdm_icon\" alt=\"Icon\"   src=\"https:\/\/fonolukk.eu\/wp-content\/plugins\/download-manager\/assets\/file-type-icons\/pdf.svg\" \/><\/div>\n            <div class=\"media-body\">\n                <h3 class=\"package-title\"><a href='https:\/\/fonolukk.eu\/download\/matrix-iii-mf-i\/'>Matrix III MF-I<\/a><\/h3>\n                <div class=\"text-muted text-small\"><i class=\"fas fa-copy\"><\/i> 1 file(s) <i class=\"fas fa-hdd ml-3\"><\/i> 117.20 KB<\/div>\n            <\/div>\n            <div class=\"ml-3\">\n                <div class=\"w3eden\"><div class=\"panel panel-default card\"><div class=\"panel-body card-body\"><span class=\"text-danger\">Login is required to access this page<\/span><\/div><div class=\"panel-footer card-footer text-right\"><a href=\"https:\/\/fonolukk.eu\/wp-login.php?redirect_to=\/et\/wp-json\/wp\/v2\/product\/7027\" class=\"btn btn-danger wpdmloginmodal-trigger btn-sm\"><i class=\"fa fa-lock\"><\/i> Login<\/a><\/div><\/div><\/div>\n            <\/div>\n        <\/div>\n    <\/div>\n<\/div>\n\n<\/div><\/div>\n","protected":false},"excerpt":{"rendered":"<table class=\"uk-table uk-table-hover uk-table-striped uk-table-condensed\">\n<tbody>\n<tr class=\"index-0 element-0c6fbca1-b2db-4fdb-b9f1-2211d281ad18 element-text first\">\n<td class=\"element-label\">iButton (1-traat) maksimaalne liini pikkus (m)<\/td>\n<td>15<\/td>\n<\/tr>\n<tr class=\"index-10 element-4400b142-7d9e-40be-9c2b-fd08e78b680b element-text\">\n<td class=\"element-label\">Wiegand maksimaalne liini pikkus (m)<\/td>\n<td>100<\/td>\n<\/tr>\n<tr class=\"index-20 element-864e110b-99b5-4cb3-89a5-88e657b1ed13 element-text\">\n<td class=\"element-label\">Pinge<\/td>\n<td>8\u201318 DC<\/td>\n<\/tr>\n<tr class=\"index-30 element-9663443e-a571-4429-80c0-f290bf0cf27f element-text\">\n<td class=\"element-label\">Praegune tarbimine (mA)<\/td>\n<td>50<\/td>\n<\/tr>\n<tr class=\"index-40 element-73cf35e3-e0b0-4c8c-bf0c-8eb61a570351 element-select\">\n<td class=\"element-label\">Piipar<\/td>\n<td>Buzzer<\/td>\n<\/tr>\n<tr class=\"index-50 element-f85317be-29f8-4b80-b07c-4c6d77588ae7 element-select\">\n<td class=\"element-label\">Visuaalne n\u00e4idustus<\/td>\n<td>1 x 2-v\u00e4rviline LED<\/td>\n<\/tr>\n<tr class=\"index-70 element-885b0f84-aa8f-41c4-8d2a-1830a1a6dc8b element-select\">\n<td class=\"element-label\">LED-de ja summeri v\u00e4line juhtimine<\/td>\n<td>Ja<\/td>\n<\/tr>\n<tr class=\"index-80 element-c7a92c06-f3db-4a25-8f88-71aca650b8eb element-text\">\n<td class=\"element-label\">T\u00f6\u00f6temperatuur (\u00b0C)<\/td>\n<td>-30&#8230;+40<\/td>\n<\/tr>\n<tr class=\"index-90 element-dd284492-94b3-4a19-8b09-2b4dde8fffd6 element-select\">\n<td class=\"element-label\">Juhtumi Materjal<\/td>\n<td>ABS pol\u00fcmeer<\/td>\n<\/tr>\n<tr class=\"index-100 element-669c07c0-8852-4d80-8fd7-ab8e8c4834ad element-text last\">\n<td class=\"element-label\">M\u00f5\u00f5tmed (mm)<\/td>\n<td>115\u044545\u044522<\/td>\n<\/tr>\n<\/tbody>\n<\/table>\n","protected":false},"featured_media":7050,"template":"","meta":[],"product_brand":[],"product_cat":[867,866,1341],"product_tag":[],"class_list":{"0":"post-7027","1":"product","2":"type-product","3":"status-publish","4":"has-post-thumbnail","6":"product_cat-lugeja","7":"product_cat-labipaasususteem","8":"product_cat-mifare-lugeja","10":"first","11":"outofstock","12":"taxable","13":"shipping-taxable","14":"purchasable","15":"product-type-variable"},"yoast_head":"<!-- This site is optimized with the Yoast SEO Premium plugin v27.3 (Yoast SEO v27.3) - https:\/\/yoast.com\/product\/yoast-seo-premium-wordpress\/ -->\n<title>MATRIX III MF-I - Fonolukk<\/title>\n<meta name=\"description\" content=\"MATRIX III MF-I - Fonolukk\" \/>\n<meta name=\"robots\" content=\"index, follow, max-snippet:-1, max-image-preview:large, max-video-preview:-1\" \/>\n<link rel=\"canonical\" href=\"https:\/\/fonolukk.eu\/et\/tooted\/matrix-iii-mf-i\/\" \/>\n<meta property=\"og:locale\" content=\"et_EE\" \/>\n<meta property=\"og:type\" content=\"article\" \/>\n<meta property=\"og:title\" content=\"MATRIX III MF-I\" \/>\n<meta property=\"og:description\" content=\"iButton (1-traat) maksimaalne liini pikkus (m) 15   Wiegand maksimaalne liini pikkus (m) 100   Pinge 8\u201318 DC   Praegune tarbimine (mA) 50   Piipar Buzzer   Visuaalne n\u00e4idustus 1 x 2-v\u00e4rviline LED   LED-de ja summeri v\u00e4line juhtimine Ja   T\u00f6\u00f6temperatuur (\u00b0C) -30...+40   Juhtumi Materjal ABS pol\u00fcmeer   M\u00f5\u00f5tmed (mm) 115\u044545\u044522\" \/>\n<meta property=\"og:url\" content=\"https:\/\/fonolukk.eu\/et\/tooted\/matrix-iii-mf-i\/\" \/>\n<meta property=\"og:site_name\" content=\"Fonolukk\" \/>\n<meta property=\"article:publisher\" content=\"https:\/\/www.facebook.com\/fonolukk\" \/>\n<meta property=\"article:modified_time\" content=\"2023-07-04T10:17:05+00:00\" \/>\n<meta property=\"og:image\" content=\"https:\/\/fonolukk.eu\/wp-content\/uploads\/2020\/04\/matrix-iii-light-pearl_8f9ba3a771409b57e42fb661ba3abff5-1.jpg\" \/>\n\t<meta property=\"og:image:width\" content=\"600\" \/>\n\t<meta property=\"og:image:height\" content=\"600\" \/>\n\t<meta property=\"og:image:type\" content=\"image\/jpeg\" \/>\n<meta name=\"twitter:card\" content=\"summary_large_image\" \/>\n<meta name=\"twitter:label1\" content=\"Availability\" \/>\n\t<meta name=\"twitter:data1\" content=\"Laost otsas\" \/>\n<script type=\"application\/ld+json\" class=\"yoast-schema-graph\">{\"@context\":\"https:\\\/\\\/schema.org\",\"@graph\":[{\"@type\":\"WebPage\",\"@id\":\"https:\\\/\\\/fonolukk.eu\\\/et\\\/tooted\\\/matrix-iii-mf-i\\\/\",\"url\":\"https:\\\/\\\/fonolukk.eu\\\/et\\\/tooted\\\/matrix-iii-mf-i\\\/\",\"name\":\"MATRIX III MF-I - Fonolukk\",\"isPartOf\":{\"@id\":\"https:\\\/\\\/fonolukk.eu\\\/et\\\/#website\"},\"primaryImageOfPage\":{\"@id\":\"https:\\\/\\\/fonolukk.eu\\\/et\\\/tooted\\\/matrix-iii-mf-i\\\/#primaryimage\"},\"image\":{\"@id\":\"https:\\\/\\\/fonolukk.eu\\\/et\\\/tooted\\\/matrix-iii-mf-i\\\/#primaryimage\"},\"thumbnailUrl\":\"https:\\\/\\\/fonolukk.eu\\\/wp-content\\\/uploads\\\/2020\\\/04\\\/matrix-iii-light-pearl_8f9ba3a771409b57e42fb661ba3abff5-1.jpg\",\"datePublished\":\"2020-04-29T18:52:56+00:00\",\"dateModified\":\"2023-07-04T10:17:05+00:00\",\"description\":\"MATRIX III MF-I - Fonolukk\",\"breadcrumb\":{\"@id\":\"https:\\\/\\\/fonolukk.eu\\\/et\\\/tooted\\\/matrix-iii-mf-i\\\/#breadcrumb\"},\"inLanguage\":\"et\",\"potentialAction\":[{\"@type\":\"ReadAction\",\"target\":[\"https:\\\/\\\/fonolukk.eu\\\/et\\\/tooted\\\/matrix-iii-mf-i\\\/\"]}]},{\"@type\":\"ImageObject\",\"inLanguage\":\"et\",\"@id\":\"https:\\\/\\\/fonolukk.eu\\\/et\\\/tooted\\\/matrix-iii-mf-i\\\/#primaryimage\",\"url\":\"https:\\\/\\\/fonolukk.eu\\\/wp-content\\\/uploads\\\/2020\\\/04\\\/matrix-iii-light-pearl_8f9ba3a771409b57e42fb661ba3abff5-1.jpg\",\"contentUrl\":\"https:\\\/\\\/fonolukk.eu\\\/wp-content\\\/uploads\\\/2020\\\/04\\\/matrix-iii-light-pearl_8f9ba3a771409b57e42fb661ba3abff5-1.jpg\",\"width\":600,\"height\":600},{\"@type\":\"BreadcrumbList\",\"@id\":\"https:\\\/\\\/fonolukk.eu\\\/et\\\/tooted\\\/matrix-iii-mf-i\\\/#breadcrumb\",\"itemListElement\":[{\"@type\":\"ListItem\",\"position\":1,\"name\":\"Esileht\",\"item\":\"https:\\\/\\\/fonolukk.eu\\\/et\\\/koduleht\\\/\"},{\"@type\":\"ListItem\",\"position\":2,\"name\":\"Tooted\",\"item\":\"https:\\\/\\\/fonolukk.eu\\\/et\\\/shop-2\\\/\"},{\"@type\":\"ListItem\",\"position\":3,\"name\":\"L\u00e4bip\u00e4\u00e4sus\u00fcsteem\",\"item\":\"https:\\\/\\\/fonolukk.eu\\\/et\\\/product-category\\\/labipaasususteem\\\/\"},{\"@type\":\"ListItem\",\"position\":4,\"name\":\"Lugeja\",\"item\":\"https:\\\/\\\/fonolukk.eu\\\/et\\\/product-category\\\/labipaasususteem\\\/lugeja\\\/\"},{\"@type\":\"ListItem\",\"position\":5,\"name\":\"Mifare lugeja\",\"item\":\"https:\\\/\\\/fonolukk.eu\\\/et\\\/product-category\\\/labipaasususteem\\\/lugeja\\\/mifare-lugeja\\\/\"},{\"@type\":\"ListItem\",\"position\":6,\"name\":\"MATRIX III MF-I\"}]},{\"@type\":\"WebSite\",\"@id\":\"https:\\\/\\\/fonolukk.eu\\\/et\\\/#website\",\"url\":\"https:\\\/\\\/fonolukk.eu\\\/et\\\/\",\"name\":\"Fonolukk eu\",\"description\":\"Smart Security Systems\",\"publisher\":{\"@id\":\"https:\\\/\\\/fonolukk.eu\\\/et\\\/#organization\"},\"potentialAction\":[{\"@type\":\"SearchAction\",\"target\":{\"@type\":\"EntryPoint\",\"urlTemplate\":\"https:\\\/\\\/fonolukk.eu\\\/et\\\/?s={search_term_string}\"},\"query-input\":{\"@type\":\"PropertyValueSpecification\",\"valueRequired\":true,\"valueName\":\"search_term_string\"}}],\"inLanguage\":\"et\"},{\"@type\":\"Organization\",\"@id\":\"https:\\\/\\\/fonolukk.eu\\\/et\\\/#organization\",\"name\":\"Smart Security OU\",\"url\":\"https:\\\/\\\/fonolukk.eu\\\/et\\\/\",\"logo\":{\"@type\":\"ImageObject\",\"inLanguage\":\"et\",\"@id\":\"https:\\\/\\\/fonolukk.eu\\\/et\\\/#\\\/schema\\\/logo\\\/image\\\/\",\"url\":\"https:\\\/\\\/fonolukk.eu\\\/wp-content\\\/uploads\\\/2023\\\/09\\\/fonolukk.png\",\"contentUrl\":\"https:\\\/\\\/fonolukk.eu\\\/wp-content\\\/uploads\\\/2023\\\/09\\\/fonolukk.png\",\"width\":277,\"height\":274,\"caption\":\"Smart Security OU\"},\"image\":{\"@id\":\"https:\\\/\\\/fonolukk.eu\\\/et\\\/#\\\/schema\\\/logo\\\/image\\\/\"},\"sameAs\":[\"https:\\\/\\\/www.facebook.com\\\/fonolukk\",\"https:\\\/\\\/www.instagram.com\\\/fonolukk\\\/?hl=ru\"],\"publishingPrinciples\":\"https:\\\/\\\/fonolukk.eu\\\/terms-and-conditions\\\/\",\"ownershipFundingInfo\":\"https:\\\/\\\/fonolukk.eu\\\/about-us\\\/\"}]}<\/script>\n<meta property=\"og:availability\" content=\"out of stock\" \/>\n<meta property=\"product:availability\" content=\"out of stock\" \/>\n<meta property=\"product:retailer_item_id\" content=\"MATRIX III MF-I\" \/>\n<meta property=\"product:condition\" content=\"new\" \/>\n<!-- \/ Yoast SEO Premium plugin. -->","yoast_head_json":{"title":"MATRIX III MF-I - Fonolukk","description":"MATRIX III MF-I - Fonolukk","robots":{"index":"index","follow":"follow","max-snippet":"max-snippet:-1","max-image-preview":"max-image-preview:large","max-video-preview":"max-video-preview:-1"},"canonical":"https:\/\/fonolukk.eu\/et\/tooted\/matrix-iii-mf-i\/","og_locale":"et_EE","og_type":"article","og_title":"MATRIX III MF-I","og_description":"iButton (1-traat) maksimaalne liini pikkus (m) 15   Wiegand maksimaalne liini pikkus (m) 100   Pinge 8\u201318 DC   Praegune tarbimine (mA) 50   Piipar Buzzer   Visuaalne n\u00e4idustus 1 x 2-v\u00e4rviline LED   LED-de ja summeri v\u00e4line juhtimine Ja   T\u00f6\u00f6temperatuur (\u00b0C) -30...+40   Juhtumi Materjal ABS pol\u00fcmeer   M\u00f5\u00f5tmed (mm) 115\u044545\u044522","og_url":"https:\/\/fonolukk.eu\/et\/tooted\/matrix-iii-mf-i\/","og_site_name":"Fonolukk","article_publisher":"https:\/\/www.facebook.com\/fonolukk","article_modified_time":"2023-07-04T10:17:05+00:00","og_image":[{"width":600,"height":600,"url":"https:\/\/fonolukk.eu\/wp-content\/uploads\/2020\/04\/matrix-iii-light-pearl_8f9ba3a771409b57e42fb661ba3abff5-1.jpg","type":"image\/jpeg"}],"twitter_card":"summary_large_image","twitter_misc":{"Availability":"Laost otsas"},"schema":{"@context":"https:\/\/schema.org","@graph":[{"@type":"WebPage","@id":"https:\/\/fonolukk.eu\/et\/tooted\/matrix-iii-mf-i\/","url":"https:\/\/fonolukk.eu\/et\/tooted\/matrix-iii-mf-i\/","name":"MATRIX III MF-I - Fonolukk","isPartOf":{"@id":"https:\/\/fonolukk.eu\/et\/#website"},"primaryImageOfPage":{"@id":"https:\/\/fonolukk.eu\/et\/tooted\/matrix-iii-mf-i\/#primaryimage"},"image":{"@id":"https:\/\/fonolukk.eu\/et\/tooted\/matrix-iii-mf-i\/#primaryimage"},"thumbnailUrl":"https:\/\/fonolukk.eu\/wp-content\/uploads\/2020\/04\/matrix-iii-light-pearl_8f9ba3a771409b57e42fb661ba3abff5-1.jpg","datePublished":"2020-04-29T18:52:56+00:00","dateModified":"2023-07-04T10:17:05+00:00","description":"MATRIX III MF-I - Fonolukk","breadcrumb":{"@id":"https:\/\/fonolukk.eu\/et\/tooted\/matrix-iii-mf-i\/#breadcrumb"},"inLanguage":"et","potentialAction":[{"@type":"ReadAction","target":["https:\/\/fonolukk.eu\/et\/tooted\/matrix-iii-mf-i\/"]}]},{"@type":"ImageObject","inLanguage":"et","@id":"https:\/\/fonolukk.eu\/et\/tooted\/matrix-iii-mf-i\/#primaryimage","url":"https:\/\/fonolukk.eu\/wp-content\/uploads\/2020\/04\/matrix-iii-light-pearl_8f9ba3a771409b57e42fb661ba3abff5-1.jpg","contentUrl":"https:\/\/fonolukk.eu\/wp-content\/uploads\/2020\/04\/matrix-iii-light-pearl_8f9ba3a771409b57e42fb661ba3abff5-1.jpg","width":600,"height":600},{"@type":"BreadcrumbList","@id":"https:\/\/fonolukk.eu\/et\/tooted\/matrix-iii-mf-i\/#breadcrumb","itemListElement":[{"@type":"ListItem","position":1,"name":"Esileht","item":"https:\/\/fonolukk.eu\/et\/koduleht\/"},{"@type":"ListItem","position":2,"name":"Tooted","item":"https:\/\/fonolukk.eu\/et\/shop-2\/"},{"@type":"ListItem","position":3,"name":"L\u00e4bip\u00e4\u00e4sus\u00fcsteem","item":"https:\/\/fonolukk.eu\/et\/product-category\/labipaasususteem\/"},{"@type":"ListItem","position":4,"name":"Lugeja","item":"https:\/\/fonolukk.eu\/et\/product-category\/labipaasususteem\/lugeja\/"},{"@type":"ListItem","position":5,"name":"Mifare lugeja","item":"https:\/\/fonolukk.eu\/et\/product-category\/labipaasususteem\/lugeja\/mifare-lugeja\/"},{"@type":"ListItem","position":6,"name":"MATRIX III MF-I"}]},{"@type":"WebSite","@id":"https:\/\/fonolukk.eu\/et\/#website","url":"https:\/\/fonolukk.eu\/et\/","name":"Fonolukk eu","description":"Smart Security Systems","publisher":{"@id":"https:\/\/fonolukk.eu\/et\/#organization"},"potentialAction":[{"@type":"SearchAction","target":{"@type":"EntryPoint","urlTemplate":"https:\/\/fonolukk.eu\/et\/?s={search_term_string}"},"query-input":{"@type":"PropertyValueSpecification","valueRequired":true,"valueName":"search_term_string"}}],"inLanguage":"et"},{"@type":"Organization","@id":"https:\/\/fonolukk.eu\/et\/#organization","name":"Smart Security OU","url":"https:\/\/fonolukk.eu\/et\/","logo":{"@type":"ImageObject","inLanguage":"et","@id":"https:\/\/fonolukk.eu\/et\/#\/schema\/logo\/image\/","url":"https:\/\/fonolukk.eu\/wp-content\/uploads\/2023\/09\/fonolukk.png","contentUrl":"https:\/\/fonolukk.eu\/wp-content\/uploads\/2023\/09\/fonolukk.png","width":277,"height":274,"caption":"Smart Security OU"},"image":{"@id":"https:\/\/fonolukk.eu\/et\/#\/schema\/logo\/image\/"},"sameAs":["https:\/\/www.facebook.com\/fonolukk","https:\/\/www.instagram.com\/fonolukk\/?hl=ru"],"publishingPrinciples":"https:\/\/fonolukk.eu\/terms-and-conditions\/","ownershipFundingInfo":"https:\/\/fonolukk.eu\/about-us\/"}]},"og_availability":"out of stock","product_availability":"out of stock","product_retailer_item_id":"MATRIX III MF-I","product_condition":"new"},"_links":{"self":[{"href":"https:\/\/fonolukk.eu\/et\/wp-json\/wp\/v2\/product\/7027","targetHints":{"allow":["GET"]}}],"collection":[{"href":"https:\/\/fonolukk.eu\/et\/wp-json\/wp\/v2\/product"}],"about":[{"href":"https:\/\/fonolukk.eu\/et\/wp-json\/wp\/v2\/types\/product"}],"version-history":[{"count":0,"href":"https:\/\/fonolukk.eu\/et\/wp-json\/wp\/v2\/product\/7027\/revisions"}],"wp:featuredmedia":[{"embeddable":true,"href":"https:\/\/fonolukk.eu\/et\/wp-json\/wp\/v2\/media\/7050"}],"wp:attachment":[{"href":"https:\/\/fonolukk.eu\/et\/wp-json\/wp\/v2\/media?parent=7027"}],"wp:term":[{"taxonomy":"product_brand","embeddable":true,"href":"https:\/\/fonolukk.eu\/et\/wp-json\/wp\/v2\/product_brand?post=7027"},{"taxonomy":"product_cat","embeddable":true,"href":"https:\/\/fonolukk.eu\/et\/wp-json\/wp\/v2\/product_cat?post=7027"},{"taxonomy":"product_tag","embeddable":true,"href":"https:\/\/fonolukk.eu\/et\/wp-json\/wp\/v2\/product_tag?post=7027"}],"curies":[{"name":"wp","href":"https:\/\/api.w.org\/{rel}","templated":true}]}}