{"id":7277,"date":"2020-05-01T20:17:30","date_gmt":"2020-05-01T17:17:30","guid":{"rendered":"https:\/\/fonolukk.eu\/?post_type=product&#038;p=7277"},"modified":"2021-01-23T12:35:03","modified_gmt":"2021-01-23T10:35:03","slug":"matrix-iii-net","status":"publish","type":"product","link":"https:\/\/fonolukk.eu\/et\/tooted\/matrix-iii-net\/","title":{"rendered":"MATRIX III NET"},"content":{"rendered":"<div class=\"item-text-full uk-clearfix block-divider\">\n<p>Matrix III Net network controller-reader on kolm t\u00f6\u00f6re\u017eiimi:<\/p>\n<p>Kaardi ID edastamine.<br \/>\nKaardi ID edastamine, kui antud sektor on lubatud.<br \/>\nKaardi ID edastamine volitatud sektorist.<\/p>\n<p>Kui kasutate \u00fchendust arvutiga, kasutades RS-485 v\u00f5rku (nt kasutades Z-397 Guard USB\/RS-485 v\u00f5i Z-397 Veebimuundureid), saate luua s\u00fcsteemid, mis p\u00f5hinevad Mifare Classic 1K (Mifare Classic 4K) kaartidel, kus kaarte saab kasutada elektroonilise rahakotina.<\/p>\n<p>See v\u00f5imaldab edukalt rakendada Matrix III Net Controllerit allahindluse ja makses\u00fcsteemide, rendijaamade, juurdep\u00e4\u00e4sukontrollis\u00fcsteemide, identifitseerimise, isikup\u00e4rastamise ja muude RFID-tehnoloogiat kasutavate projektide jaoks. Toiteklahvi kaugjuhtimine arvutist laiendab oluliselt kontrolleri v\u00f5imalike rakenduste ulatust. Matrix III V\u00f5rgukontrolleri k\u00e4sus\u00fcsteem on t\u00e4iesti v\u00f5rdne Z-2 USB MF t\u00f6\u00f6laua lugejaga.<\/p>\n<p>Matrix III Net controller on t\u00e4iendav komplekt tasuta SDK lugejad annab teile lihtne algus arendada oma rakendusi.<\/p>\n<table class=\"uk-table uk-table-hover uk-table-striped uk-table-condensed\" style=\"height: 302px;\" width=\"616\">\n<tbody>\n<tr class=\"index-0 element-103815f9-9854-4d45-8771-313720f90f89 element-select first\">\n<td class=\"element-label\">Sobib<\/td>\n<td>Makses\u00fcsteem<\/td>\n<\/tr>\n<tr class=\"index-10 element-63bb599e-e78f-4de5-888d-9f007ceeb42a element-select\">\n<td class=\"element-label\">Kontrolleri T\u00fc\u00fcp<\/td>\n<td>Smart<\/td>\n<\/tr>\n<tr class=\"index-20 element-7ad7f588-9a9d-46b7-8538-401fb9c181d9 element-select\">\n<td class=\"element-label\">\u00dchenduse t\u00fc\u00fcbid<\/td>\n<td>RS-485<\/td>\n<\/tr>\n<tr class=\"index-30 element-b3f069c8-86c9-488a-996f-c7a42b9c62d2 element-text\">\n<td class=\"element-label\">RS-485 liinide arv<\/td>\n<td>1<\/td>\n<\/tr>\n<tr class=\"index-40 element-e3aa9e56-13f5-4f6f-aa86-75427e31f04c element-select\">\n<td class=\"element-label\">RS-485 \u00fchenduse kiirus<\/td>\n<td>19200 Kbps, 57600 Kbps<\/td>\n<\/tr>\n<tr class=\"index-50 element-18102ee1-80b0-4a5d-8694-24919aed512e element-text\">\n<td class=\"element-label\">RS-485 maksimaalne liini pikkus (m)<\/td>\n<td>1200<\/td>\n<\/tr>\n<tr class=\"index-110 element-09cf5657-4277-4682-a3bf-934f5c08a3fc element-select\">\n<td class=\"element-label\">P\u00f5hit\u00fc\u00fcpi<\/td>\n<td>RFID (l\u00e4hedus)<\/td>\n<\/tr>\n<tr class=\"index-190 element-1105dd91-333b-47e7-87c3-8b747868da19 element-select\">\n<td class=\"element-label\">Sisseehitatud lugeja<\/td>\n<td>Ja<\/td>\n<\/tr>\n<tr class=\"index-200 element-879c2153-90ff-439b-a55e-c3671deba2db element-select\">\n<td class=\"element-label\">Sisseehitatud lugeja t\u00f6\u00f6sagedus<\/td>\n<td>13.56 Mhz<\/td>\n<\/tr>\n<tr class=\"index-210 element-ef52719b-becd-4339-80c5-93582ba81721 element-select\">\n<td class=\"element-label\">Sisseehitatud lugeja standard<\/td>\n<td>Mifare<\/td>\n<\/tr>\n<tr class=\"index-220 element-4b2e0a91-10df-4026-a988-511b743c262d element-text last\">\n<td class=\"element-label\">Sisseehitatud lugeja lugemise vahemik (cm)<\/td>\n<td>6<\/td>\n<\/tr>\n<\/tbody>\n<\/table>\n<\/div>\n<div>\n<div class='w3eden'><!-- WPDM Link Template: Default Template -->\n\n<div class=\"link-template-default card mb-2\">\n    <div class=\"card-body\">\n        <div class=\"media\">\n            <div class=\"mr-3 img-48\"><img decoding=\"async\" class=\"wpdm_icon\" alt=\"Icon\"   src=\"https:\/\/fonolukk.eu\/wp-content\/plugins\/download-manager\/assets\/file-type-icons\/pdf.svg\" \/><\/div>\n            <div class=\"media-body\">\n                <h3 class=\"package-title\"><a href='https:\/\/fonolukk.eu\/download\/matrix-iii-net\/'>MATRIX III NET<\/a><\/h3>\n                <div class=\"text-muted text-small\"><i class=\"fas fa-copy\"><\/i> 1 file(s) <i class=\"fas fa-hdd ml-3\"><\/i> 114.80 KB<\/div>\n            <\/div>\n            <div class=\"ml-3\">\n                <div class=\"w3eden\"><div class=\"panel panel-default card\"><div class=\"panel-body card-body\"><span class=\"text-danger\">Login is required to access this page<\/span><\/div><div class=\"panel-footer card-footer text-right\"><a href=\"https:\/\/fonolukk.eu\/wp-login.php?redirect_to=\/et\/wp-json\/wp\/v2\/product\/7277\" class=\"btn btn-danger wpdmloginmodal-trigger btn-sm\"><i class=\"fa fa-lock\"><\/i> Login<\/a><\/div><\/div><\/div>\n            <\/div>\n        <\/div>\n    <\/div>\n<\/div>\n\n<\/div>\n<\/div>\n","protected":false},"excerpt":{"rendered":"<table class=\"uk-table uk-table-hover uk-table-striped uk-table-condensed\" style=\"height: 272px;\" width=\"583\">\n<tbody>\n<tr class=\"index-130 element-1494f4ae-9b59-4dcc-8922-fe017587d9bb element-select first\">\n<td class=\"element-label\">Mittelenduv m\u00e4lu (EEPROM)<\/td>\n<td>Ja<\/td>\n<\/tr>\n<tr class=\"index-160 element-c4b8ed49-2102-4cee-b0d5-b2594fa9b5f1 element-text\">\n<td class=\"element-label\">Pinge<\/td>\n<td>180\u2013230V AC<\/td>\n<\/tr>\n<tr class=\"index-170 element-79c5cf79-324d-4ad8-8944-35121b5df486 element-text\">\n<td class=\"element-label\">Praegune tarbimine (mA)<\/td>\n<td>35<\/td>\n<\/tr>\n<tr class=\"index-180 element-c10b6320-98bd-4da1-b3f7-ffc841840b12 element-select\">\n<td class=\"element-label\">Piipar<\/td>\n<td>Buzzer<\/td>\n<\/tr>\n<tr class=\"index-190 element-202da82f-d10c-4464-9246-cf893a1316bc element-select\">\n<td class=\"element-label\">Visuaalne n\u00e4idustus<\/td>\n<td>1 x 3-v\u00e4rviline LED<\/td>\n<\/tr>\n<tr class=\"index-230 element-9f28331e-22c5-4882-990c-c93cb93a4da6 element-text\">\n<td class=\"element-label\">Relee v\u00e4ljundite arv<\/td>\n<td>1<\/td>\n<\/tr>\n<tr class=\"index-240 element-80cb9a6f-d038-470d-86f8-11e4352946f1 element-text\">\n<td class=\"element-label\">Relee v\u00e4ljundid maksimaalne vool (A)<\/td>\n<td>16<\/td>\n<\/tr>\n<tr class=\"index-320 element-d351eef8-dbcc-4ab9-8bb0-c4a328d3a51c element-text\">\n<td class=\"element-label\">T\u00f6\u00f6temperatuur (\u00b0C)<\/td>\n<td>-30&#8230;+40<\/td>\n<\/tr>\n<tr class=\"index-330 element-173039a5-3337-41e3-ada4-22d3a7c2b174 element-select\">\n<td class=\"element-label\">Juhtumi Materjal<\/td>\n<td>ABS pol\u00fcmeer<\/td>\n<\/tr>\n<tr class=\"index-340 element-7a0a25e0-d1af-44f0-a534-fd1d4070c5d4 element-text last\">\n<td class=\"element-label\">M\u00f5\u00f5tmed (mm)<\/td>\n<td>115\u044575\u044522<\/td>\n<\/tr>\n<\/tbody>\n<\/table>\n","protected":false},"featured_media":7303,"template":"","meta":[],"product_brand":[],"product_cat":[870,1480,866],"product_tag":[],"class_list":{"0":"post-7277","1":"product","2":"type-product","3":"status-publish","4":"has-post-thumbnail","6":"product_cat-kontroller","7":"product_cat-network-kontroller","8":"product_cat-labipaasususteem","10":"first","11":"instock","12":"taxable","13":"shipping-taxable","14":"purchasable","15":"product-type-variable"},"yoast_head":"<!-- This site is optimized with the Yoast SEO Premium plugin v27.3 (Yoast SEO v27.3) - https:\/\/yoast.com\/product\/yoast-seo-premium-wordpress\/ -->\n<title>MATRIX III NET - Fonolukk<\/title>\n<meta name=\"description\" content=\"MATRIX III NET - Fonolukk\" \/>\n<meta name=\"robots\" content=\"index, follow, max-snippet:-1, max-image-preview:large, max-video-preview:-1\" \/>\n<link rel=\"canonical\" href=\"https:\/\/fonolukk.eu\/et\/tooted\/matrix-iii-net\/\" \/>\n<meta property=\"og:locale\" content=\"et_EE\" \/>\n<meta property=\"og:type\" content=\"article\" \/>\n<meta property=\"og:title\" content=\"MATRIX III NET\" \/>\n<meta property=\"og:description\" content=\"Mittelenduv m\u00e4lu (EEPROM) Ja   Pinge 180\u2013230V AC   Praegune tarbimine (mA) 35   Piipar Buzzer   Visuaalne n\u00e4idustus 1 x 3-v\u00e4rviline LED   Relee v\u00e4ljundite arv 1   Relee v\u00e4ljundid maksimaalne vool (A) 16   T\u00f6\u00f6temperatuur (\u00b0C) -30...+40   Juhtumi Materjal ABS pol\u00fcmeer   M\u00f5\u00f5tmed (mm) 115\u044575\u044522\" \/>\n<meta property=\"og:url\" content=\"https:\/\/fonolukk.eu\/et\/tooted\/matrix-iii-net\/\" \/>\n<meta property=\"og:site_name\" content=\"Fonolukk\" \/>\n<meta property=\"article:publisher\" content=\"https:\/\/www.facebook.com\/fonolukk\" \/>\n<meta property=\"article:modified_time\" content=\"2021-01-23T10:35:03+00:00\" \/>\n<meta property=\"og:image\" content=\"https:\/\/fonolukk.eu\/wp-content\/uploads\/2020\/05\/matrix-iii-wide-light-pearl_365b0f00137285ef670cf69696717f27.jpg\" \/>\n\t<meta property=\"og:image:width\" content=\"600\" \/>\n\t<meta property=\"og:image:height\" content=\"600\" \/>\n\t<meta property=\"og:image:type\" content=\"image\/jpeg\" \/>\n<meta name=\"twitter:card\" content=\"summary_large_image\" \/>\n<meta name=\"twitter:label1\" content=\"Availability\" \/>\n\t<meta name=\"twitter:data1\" content=\"Laos\" \/>\n<script type=\"application\/ld+json\" class=\"yoast-schema-graph\">{\"@context\":\"https:\\\/\\\/schema.org\",\"@graph\":[{\"@type\":\"WebPage\",\"@id\":\"https:\\\/\\\/fonolukk.eu\\\/et\\\/tooted\\\/matrix-iii-net\\\/\",\"url\":\"https:\\\/\\\/fonolukk.eu\\\/et\\\/tooted\\\/matrix-iii-net\\\/\",\"name\":\"MATRIX III NET - Fonolukk\",\"isPartOf\":{\"@id\":\"https:\\\/\\\/fonolukk.eu\\\/et\\\/#website\"},\"primaryImageOfPage\":{\"@id\":\"https:\\\/\\\/fonolukk.eu\\\/et\\\/tooted\\\/matrix-iii-net\\\/#primaryimage\"},\"image\":{\"@id\":\"https:\\\/\\\/fonolukk.eu\\\/et\\\/tooted\\\/matrix-iii-net\\\/#primaryimage\"},\"thumbnailUrl\":\"https:\\\/\\\/fonolukk.eu\\\/wp-content\\\/uploads\\\/2020\\\/05\\\/matrix-iii-wide-light-pearl_365b0f00137285ef670cf69696717f27.jpg\",\"datePublished\":\"2020-05-01T17:17:30+00:00\",\"dateModified\":\"2021-01-23T10:35:03+00:00\",\"description\":\"MATRIX III NET - Fonolukk\",\"breadcrumb\":{\"@id\":\"https:\\\/\\\/fonolukk.eu\\\/et\\\/tooted\\\/matrix-iii-net\\\/#breadcrumb\"},\"inLanguage\":\"et\",\"potentialAction\":[{\"@type\":\"ReadAction\",\"target\":[\"https:\\\/\\\/fonolukk.eu\\\/et\\\/tooted\\\/matrix-iii-net\\\/\"]}]},{\"@type\":\"ImageObject\",\"inLanguage\":\"et\",\"@id\":\"https:\\\/\\\/fonolukk.eu\\\/et\\\/tooted\\\/matrix-iii-net\\\/#primaryimage\",\"url\":\"https:\\\/\\\/fonolukk.eu\\\/wp-content\\\/uploads\\\/2020\\\/05\\\/matrix-iii-wide-light-pearl_365b0f00137285ef670cf69696717f27.jpg\",\"contentUrl\":\"https:\\\/\\\/fonolukk.eu\\\/wp-content\\\/uploads\\\/2020\\\/05\\\/matrix-iii-wide-light-pearl_365b0f00137285ef670cf69696717f27.jpg\",\"width\":600,\"height\":600,\"caption\":\"Fonolukk - Matrix\"},{\"@type\":\"BreadcrumbList\",\"@id\":\"https:\\\/\\\/fonolukk.eu\\\/et\\\/tooted\\\/matrix-iii-net\\\/#breadcrumb\",\"itemListElement\":[{\"@type\":\"ListItem\",\"position\":1,\"name\":\"Esileht\",\"item\":\"https:\\\/\\\/fonolukk.eu\\\/et\\\/koduleht\\\/\"},{\"@type\":\"ListItem\",\"position\":2,\"name\":\"Tooted\",\"item\":\"https:\\\/\\\/fonolukk.eu\\\/et\\\/shop-2\\\/\"},{\"@type\":\"ListItem\",\"position\":3,\"name\":\"L\u00e4bip\u00e4\u00e4sus\u00fcsteem\",\"item\":\"https:\\\/\\\/fonolukk.eu\\\/et\\\/product-category\\\/labipaasususteem\\\/\"},{\"@type\":\"ListItem\",\"position\":4,\"name\":\"Kontroller\",\"item\":\"https:\\\/\\\/fonolukk.eu\\\/et\\\/product-category\\\/labipaasususteem\\\/kontroller\\\/\"},{\"@type\":\"ListItem\",\"position\":5,\"name\":\"Network kontroller\",\"item\":\"https:\\\/\\\/fonolukk.eu\\\/et\\\/product-category\\\/labipaasususteem\\\/kontroller\\\/network-kontroller\\\/\"},{\"@type\":\"ListItem\",\"position\":6,\"name\":\"MATRIX III NET\"}]},{\"@type\":\"WebSite\",\"@id\":\"https:\\\/\\\/fonolukk.eu\\\/et\\\/#website\",\"url\":\"https:\\\/\\\/fonolukk.eu\\\/et\\\/\",\"name\":\"Fonolukk eu\",\"description\":\"Smart Security Systems\",\"publisher\":{\"@id\":\"https:\\\/\\\/fonolukk.eu\\\/et\\\/#organization\"},\"potentialAction\":[{\"@type\":\"SearchAction\",\"target\":{\"@type\":\"EntryPoint\",\"urlTemplate\":\"https:\\\/\\\/fonolukk.eu\\\/et\\\/?s={search_term_string}\"},\"query-input\":{\"@type\":\"PropertyValueSpecification\",\"valueRequired\":true,\"valueName\":\"search_term_string\"}}],\"inLanguage\":\"et\"},{\"@type\":\"Organization\",\"@id\":\"https:\\\/\\\/fonolukk.eu\\\/et\\\/#organization\",\"name\":\"Smart Security OU\",\"url\":\"https:\\\/\\\/fonolukk.eu\\\/et\\\/\",\"logo\":{\"@type\":\"ImageObject\",\"inLanguage\":\"et\",\"@id\":\"https:\\\/\\\/fonolukk.eu\\\/et\\\/#\\\/schema\\\/logo\\\/image\\\/\",\"url\":\"https:\\\/\\\/fonolukk.eu\\\/wp-content\\\/uploads\\\/2023\\\/09\\\/fonolukk.png\",\"contentUrl\":\"https:\\\/\\\/fonolukk.eu\\\/wp-content\\\/uploads\\\/2023\\\/09\\\/fonolukk.png\",\"width\":277,\"height\":274,\"caption\":\"Smart Security OU\"},\"image\":{\"@id\":\"https:\\\/\\\/fonolukk.eu\\\/et\\\/#\\\/schema\\\/logo\\\/image\\\/\"},\"sameAs\":[\"https:\\\/\\\/www.facebook.com\\\/fonolukk\",\"https:\\\/\\\/www.instagram.com\\\/fonolukk\\\/?hl=ru\"],\"publishingPrinciples\":\"https:\\\/\\\/fonolukk.eu\\\/terms-and-conditions\\\/\",\"ownershipFundingInfo\":\"https:\\\/\\\/fonolukk.eu\\\/about-us\\\/\"}]}<\/script>\n<meta property=\"og:availability\" content=\"instock\" \/>\n<meta property=\"product:availability\" content=\"instock\" \/>\n<meta property=\"product:retailer_item_id\" content=\"MATRIX III NET.\" \/>\n<meta property=\"product:condition\" content=\"new\" \/>\n<!-- \/ Yoast SEO Premium plugin. -->","yoast_head_json":{"title":"MATRIX III NET - Fonolukk","description":"MATRIX III NET - Fonolukk","robots":{"index":"index","follow":"follow","max-snippet":"max-snippet:-1","max-image-preview":"max-image-preview:large","max-video-preview":"max-video-preview:-1"},"canonical":"https:\/\/fonolukk.eu\/et\/tooted\/matrix-iii-net\/","og_locale":"et_EE","og_type":"article","og_title":"MATRIX III NET","og_description":"Mittelenduv m\u00e4lu (EEPROM) Ja   Pinge 180\u2013230V AC   Praegune tarbimine (mA) 35   Piipar Buzzer   Visuaalne n\u00e4idustus 1 x 3-v\u00e4rviline LED   Relee v\u00e4ljundite arv 1   Relee v\u00e4ljundid maksimaalne vool (A) 16   T\u00f6\u00f6temperatuur (\u00b0C) -30...+40   Juhtumi Materjal ABS pol\u00fcmeer   M\u00f5\u00f5tmed (mm) 115\u044575\u044522","og_url":"https:\/\/fonolukk.eu\/et\/tooted\/matrix-iii-net\/","og_site_name":"Fonolukk","article_publisher":"https:\/\/www.facebook.com\/fonolukk","article_modified_time":"2021-01-23T10:35:03+00:00","og_image":[{"width":600,"height":600,"url":"https:\/\/fonolukk.eu\/wp-content\/uploads\/2020\/05\/matrix-iii-wide-light-pearl_365b0f00137285ef670cf69696717f27.jpg","type":"image\/jpeg"}],"twitter_card":"summary_large_image","twitter_misc":{"Availability":"Laos"},"schema":{"@context":"https:\/\/schema.org","@graph":[{"@type":"WebPage","@id":"https:\/\/fonolukk.eu\/et\/tooted\/matrix-iii-net\/","url":"https:\/\/fonolukk.eu\/et\/tooted\/matrix-iii-net\/","name":"MATRIX III NET - Fonolukk","isPartOf":{"@id":"https:\/\/fonolukk.eu\/et\/#website"},"primaryImageOfPage":{"@id":"https:\/\/fonolukk.eu\/et\/tooted\/matrix-iii-net\/#primaryimage"},"image":{"@id":"https:\/\/fonolukk.eu\/et\/tooted\/matrix-iii-net\/#primaryimage"},"thumbnailUrl":"https:\/\/fonolukk.eu\/wp-content\/uploads\/2020\/05\/matrix-iii-wide-light-pearl_365b0f00137285ef670cf69696717f27.jpg","datePublished":"2020-05-01T17:17:30+00:00","dateModified":"2021-01-23T10:35:03+00:00","description":"MATRIX III NET - Fonolukk","breadcrumb":{"@id":"https:\/\/fonolukk.eu\/et\/tooted\/matrix-iii-net\/#breadcrumb"},"inLanguage":"et","potentialAction":[{"@type":"ReadAction","target":["https:\/\/fonolukk.eu\/et\/tooted\/matrix-iii-net\/"]}]},{"@type":"ImageObject","inLanguage":"et","@id":"https:\/\/fonolukk.eu\/et\/tooted\/matrix-iii-net\/#primaryimage","url":"https:\/\/fonolukk.eu\/wp-content\/uploads\/2020\/05\/matrix-iii-wide-light-pearl_365b0f00137285ef670cf69696717f27.jpg","contentUrl":"https:\/\/fonolukk.eu\/wp-content\/uploads\/2020\/05\/matrix-iii-wide-light-pearl_365b0f00137285ef670cf69696717f27.jpg","width":600,"height":600,"caption":"Fonolukk - Matrix"},{"@type":"BreadcrumbList","@id":"https:\/\/fonolukk.eu\/et\/tooted\/matrix-iii-net\/#breadcrumb","itemListElement":[{"@type":"ListItem","position":1,"name":"Esileht","item":"https:\/\/fonolukk.eu\/et\/koduleht\/"},{"@type":"ListItem","position":2,"name":"Tooted","item":"https:\/\/fonolukk.eu\/et\/shop-2\/"},{"@type":"ListItem","position":3,"name":"L\u00e4bip\u00e4\u00e4sus\u00fcsteem","item":"https:\/\/fonolukk.eu\/et\/product-category\/labipaasususteem\/"},{"@type":"ListItem","position":4,"name":"Kontroller","item":"https:\/\/fonolukk.eu\/et\/product-category\/labipaasususteem\/kontroller\/"},{"@type":"ListItem","position":5,"name":"Network kontroller","item":"https:\/\/fonolukk.eu\/et\/product-category\/labipaasususteem\/kontroller\/network-kontroller\/"},{"@type":"ListItem","position":6,"name":"MATRIX III NET"}]},{"@type":"WebSite","@id":"https:\/\/fonolukk.eu\/et\/#website","url":"https:\/\/fonolukk.eu\/et\/","name":"Fonolukk eu","description":"Smart Security Systems","publisher":{"@id":"https:\/\/fonolukk.eu\/et\/#organization"},"potentialAction":[{"@type":"SearchAction","target":{"@type":"EntryPoint","urlTemplate":"https:\/\/fonolukk.eu\/et\/?s={search_term_string}"},"query-input":{"@type":"PropertyValueSpecification","valueRequired":true,"valueName":"search_term_string"}}],"inLanguage":"et"},{"@type":"Organization","@id":"https:\/\/fonolukk.eu\/et\/#organization","name":"Smart Security OU","url":"https:\/\/fonolukk.eu\/et\/","logo":{"@type":"ImageObject","inLanguage":"et","@id":"https:\/\/fonolukk.eu\/et\/#\/schema\/logo\/image\/","url":"https:\/\/fonolukk.eu\/wp-content\/uploads\/2023\/09\/fonolukk.png","contentUrl":"https:\/\/fonolukk.eu\/wp-content\/uploads\/2023\/09\/fonolukk.png","width":277,"height":274,"caption":"Smart Security OU"},"image":{"@id":"https:\/\/fonolukk.eu\/et\/#\/schema\/logo\/image\/"},"sameAs":["https:\/\/www.facebook.com\/fonolukk","https:\/\/www.instagram.com\/fonolukk\/?hl=ru"],"publishingPrinciples":"https:\/\/fonolukk.eu\/terms-and-conditions\/","ownershipFundingInfo":"https:\/\/fonolukk.eu\/about-us\/"}]},"og_availability":"instock","product_availability":"instock","product_retailer_item_id":"MATRIX III NET.","product_condition":"new"},"_links":{"self":[{"href":"https:\/\/fonolukk.eu\/et\/wp-json\/wp\/v2\/product\/7277","targetHints":{"allow":["GET"]}}],"collection":[{"href":"https:\/\/fonolukk.eu\/et\/wp-json\/wp\/v2\/product"}],"about":[{"href":"https:\/\/fonolukk.eu\/et\/wp-json\/wp\/v2\/types\/product"}],"version-history":[{"count":0,"href":"https:\/\/fonolukk.eu\/et\/wp-json\/wp\/v2\/product\/7277\/revisions"}],"wp:featuredmedia":[{"embeddable":true,"href":"https:\/\/fonolukk.eu\/et\/wp-json\/wp\/v2\/media\/7303"}],"wp:attachment":[{"href":"https:\/\/fonolukk.eu\/et\/wp-json\/wp\/v2\/media?parent=7277"}],"wp:term":[{"taxonomy":"product_brand","embeddable":true,"href":"https:\/\/fonolukk.eu\/et\/wp-json\/wp\/v2\/product_brand?post=7277"},{"taxonomy":"product_cat","embeddable":true,"href":"https:\/\/fonolukk.eu\/et\/wp-json\/wp\/v2\/product_cat?post=7277"},{"taxonomy":"product_tag","embeddable":true,"href":"https:\/\/fonolukk.eu\/et\/wp-json\/wp\/v2\/product_tag?post=7277"}],"curies":[{"name":"wp","href":"https:\/\/api.w.org\/{rel}","templated":true}]}}