{"id":7360,"date":"2020-05-01T22:37:57","date_gmt":"2020-05-01T19:37:57","guid":{"rendered":"https:\/\/fonolukk.eu\/?post_type=product&#038;p=7360"},"modified":"2026-02-16T18:01:43","modified_gmt":"2026-02-16T16:01:43","slug":"z-5r-net-8000","status":"publish","type":"product","link":"https:\/\/fonolukk.eu\/et\/tooted\/z-5r-net-8000\/","title":{"rendered":"Z-5R NET 8000"},"content":{"rendered":"<div class=\"item-text-full uk-clearfix block-divider\">\n<p>Z-5R Net 8000 v\u00f5rgukontroller on m\u00f5eldud kasutamiseks online &#8211; ja v\u00f5rgu\u00fchenduseta juurdep\u00e4\u00e4sukontrollis\u00fcsteemides. See on m\u00f5eldud elektromagnetiliste ja elektromehaaniliste lukkude, p\u00f6\u00f6rete juhtimiseks (n\u00f5utav 2 x Z-5R Net 8000 kontroller). Kontroller pakub v\u00f5imsuse juhtimise funktsionaalsust. Z-5R Net 8000 kontrollerit on lihtne paigaldada ja hooldada.<\/p>\n<p>On v\u00f5imalus \u00fchendada Z-5R Net 8000 kontroller arvutiga USB v\u00f5i Etherneti \/ Interneti-v\u00f5rgu kaudu, kasutades vastavalt Z-397 Guard USB \/ RS-485 (Z-397 Guard USB \/ RS-485 \/ RS-422) v\u00f5i Z-397 Veebimuundureid. See v\u00f5imaldab luua t\u00e4ieliku v\u00f5rgule juurdep\u00e4\u00e4su kontrolls\u00fcsteemi koos aja j\u00e4lgimise, s\u00fcndmuste kontrolli ja aruannete loomisega, mis p\u00f5hinevad tarkvaralahendustel.<\/p>\n<p>Z-5R Net 8000 kontroller v\u00f5imaldab \u00fchendada 2 lugejat, lugejat ja v\u00e4ljumisnuppu, elektromagnetilist v\u00f5i elektromehaanilist lukku, v\u00e4list Summerit, v\u00e4list LED-i, ukse avamise andurit.<\/p>\n<table class=\"uk-table uk-table-hover uk-table-striped uk-table-condensed\">\n<tbody>\n<tr class=\"index-0 element-103815f9-9854-4d45-8771-313720f90f89 element-select first\">\n<td class=\"element-label\">Sobib<\/td>\n<td>Lukk, Turnstile, V\u00f5imsuse Juhtimine<\/td>\n<\/tr>\n<tr class=\"index-10 element-63bb599e-e78f-4de5-888d-9f007ceeb42a element-select\">\n<td class=\"element-label\">Kontrolleri T\u00fc\u00fcp<\/td>\n<td>V\u00f5rk<\/td>\n<\/tr>\n<tr class=\"index-20 element-7ad7f588-9a9d-46b7-8538-401fb9c181d9 element-select\">\n<td class=\"element-label\">\u00dchenduse t\u00fc\u00fcbid<\/td>\n<td>RS-485<\/td>\n<\/tr>\n<tr class=\"index-30 element-b3f069c8-86c9-488a-996f-c7a42b9c62d2 element-text\">\n<td class=\"element-label\">RS-485 liinide arv<\/td>\n<td>1<\/td>\n<\/tr>\n<tr class=\"index-40 element-e3aa9e56-13f5-4f6f-aa86-75427e31f04c element-select\">\n<td class=\"element-label\">RS-485 \u00fchenduse kiirus<\/td>\n<td>19200 Kbps, 57600 Kbps<\/td>\n<\/tr>\n<tr class=\"index-50 element-18102ee1-80b0-4a5d-8694-24919aed512e element-text\">\n<td class=\"element-label\">RS-485 maksimaalne liini pikkus (m)<\/td>\n<td>1200<\/td>\n<\/tr>\n<tr class=\"index-80 element-6121aa57-4957-4069-b7f1-f23699af6ddf element-text\">\n<td class=\"element-label\">Klahvide arv<\/td>\n<td>8168<\/td>\n<\/tr>\n<tr class=\"index-90 element-cfc84bea-0084-4c84-aeab-dc215816f9c8 element-select\">\n<td class=\"element-label\">Salvestatavate V\u00f5tmete t\u00fc\u00fcbid<\/td>\n<td>Normaalne, Kapten, Blokeerimine<\/td>\n<\/tr>\n<tr class=\"index-100 element-d5529daf-a835-4d7c-b9d8-17fb1085726e element-text\">\n<td class=\"element-label\">S\u00fcndmuste arv<\/td>\n<td>8192<\/td>\n<\/tr>\n<tr class=\"index-130 element-1377e586-d551-45cb-848b-ca95c609e737 element-select\">\n<td class=\"element-label\">V\u00e4liste lugejate protokoll<\/td>\n<td>iButton (1-traat), Wiegand-26<\/td>\n<\/tr>\n<tr class=\"index-140 element-55a70699-7f2f-4cc8-9ae2-e5f828ac6f52 element-select\">\n<td class=\"element-label\">T\u00f6\u00f6re\u017eiimid (p\u00f5hilised)<\/td>\n<td>Normaalne, Blokeerimine, Tasuta, Ootel<\/td>\n<\/tr>\n<tr class=\"index-150 element-1a1e47ed-7a28-4448-a465-d9dd398e8dc0 element-select\">\n<td class=\"element-label\">T\u00f6\u00f6re\u017eiimid (muud)<\/td>\n<td>Accept, Trigger, Evakueerimine, Vargusvastane, Turvaline, L\u00fc\u00fcs<\/td>\n<\/tr>\n<tr class=\"index-160 element-add41319-e7ee-47d6-bb75-3b18d1e9a097 element-select\">\n<td class=\"element-label\">Lisav\u00f5imalusi<\/td>\n<td>Topelt ajav\u00f6\u00f6ndite, v\u00f5tme ja PIN-koodi juurdep\u00e4\u00e4su, 2 v\u00f5tmed juurdep\u00e4\u00e4su<\/td>\n<\/tr>\n<tr class=\"index-170 element-57638c48-ab0b-436c-8d37-8f7f38b08253 element-select\">\n<td class=\"element-label\">P\u00f6\u00f6rduspunkti t\u00fc\u00fcbid<\/td>\n<td>Uks, V\u00e4rav, Turnstile, Aktivaatori Lukk (V\u00e4rav)<\/td>\n<\/tr>\n<tr class=\"index-180 element-f4bbf4c6-3c25-493d-95e0-9503127a2856 element-select last\">\n<td class=\"element-label\">T\u00e4iturmehhanismi t\u00fc\u00fcbid<\/td>\n<td>Elektromagnetiline, Elektromehaaniline, Turnstile<\/td>\n<\/tr>\n<\/tbody>\n<\/table>\n<div class='w3eden'><!-- WPDM Link Template: Default Template -->\n\n<div class=\"link-template-default card mb-2\">\n    <div class=\"card-body\">\n        <div class=\"media\">\n            <div class=\"mr-3 img-48\"><img decoding=\"async\" class=\"wpdm_icon\" alt=\"Icon\"   src=\"https:\/\/fonolukk.eu\/wp-content\/plugins\/download-manager\/assets\/file-type-icons\/pdf.svg\" \/><\/div>\n            <div class=\"media-body\">\n                <h3 class=\"package-title\"><a href='https:\/\/fonolukk.eu\/download\/z-5r-net-8000-ee\/'>Z-5R NET 8000 EE<\/a><\/h3>\n                <div class=\"text-muted text-small\"><i class=\"fas fa-copy\"><\/i> 1 file(s) <i class=\"fas fa-hdd ml-3\"><\/i> 2.01 MB<\/div>\n            <\/div>\n            <div class=\"ml-3\">\n                <a class='wpdm-download-link download-on-click btn btn-primary ' rel='nofollow' href='#' data-downloadurl=\"https:\/\/fonolukk.eu\/download\/z-5r-net-8000-ee\/?wpdmdl=16981&refresh=69d41b5685b711775508310\">Lae<\/a>\n            <\/div>\n        <\/div>\n    <\/div>\n<\/div>\n\n<\/div>\n<\/div>\n","protected":false},"excerpt":{"rendered":"<table class=\"uk-table uk-table-hover uk-table-striped uk-table-condensed\" style=\"height: 348px;\" width=\"601\">\n<tbody>\n<tr class=\"index-130 element-1494f4ae-9b59-4dcc-8922-fe017587d9bb element-select first\">\n<td class=\"element-label\">Mittelenduv m\u00e4lu (EEPROM)<\/td>\n<td>Ja<\/td>\n<\/tr>\n<tr class=\"index-160 element-c4b8ed49-2102-4cee-b0d5-b2594fa9b5f1 element-text\">\n<td class=\"element-label\">Pinge<\/td>\n<td>12V DC<\/td>\n<\/tr>\n<tr class=\"index-170 element-79c5cf79-324d-4ad8-8944-35121b5df486 element-text\">\n<td class=\"element-label\">Praegune tarbimine (mA)<\/td>\n<td>30<\/td>\n<\/tr>\n<tr class=\"index-180 element-c10b6320-98bd-4da1-b3f7-ffc841840b12 element-select\">\n<td class=\"element-label\">Piipar<\/td>\n<td>Buzzer<\/td>\n<\/tr>\n<tr class=\"index-190 element-202da82f-d10c-4464-9246-cf893a1316bc element-select\">\n<td class=\"element-label\">Visuaalne n\u00e4idustus<\/td>\n<td>1 x LED<\/td>\n<\/tr>\n<tr class=\"index-200 element-18f98b4a-aaf6-4726-940f-9fdd52ddcbd6 element-text\">\n<td class=\"element-label\">Elektromagnetilise lukustuse avamise kestus (s)<\/td>\n<td>0\u201325.5<\/td>\n<\/tr>\n<tr class=\"index-210 element-25ab1b99-b4a9-4b89-9994-a9689286f6db element-text\">\n<td class=\"element-label\">Elektromehaaniline lukk avamise kestus (s)<\/td>\n<td>0\u201325.5<\/td>\n<\/tr>\n<tr class=\"index-260 element-3868cb11-39b7-4daa-9cc8-863ec89aa2ad element-text\">\n<td class=\"element-label\">MIS transistorid loota<\/td>\n<td>1<\/td>\n<\/tr>\n<tr class=\"index-270 element-3d95ad9b-d842-413f-8120-67cc238fba3b element-text\">\n<td class=\"element-label\">MIS transistorid maksimaalne vool (A)<\/td>\n<td>5\u0410<\/td>\n<\/tr>\n<tr class=\"index-310 element-4c2d5a4a-69de-41ef-8243-736af12ff371 element-select\">\n<td class=\"element-label\">Vigane \u00fchenduse kaitse<\/td>\n<td>Ja<\/td>\n<\/tr>\n<tr class=\"index-320 element-d351eef8-dbcc-4ab9-8bb0-c4a328d3a51c element-text\">\n<td class=\"element-label\">T\u00f6\u00f6temperatuur (\u00b0C)<\/td>\n<td>\u201330&#8230;+40<\/td>\n<\/tr>\n<tr class=\"index-330 element-173039a5-3337-41e3-ada4-22d3a7c2b174 element-select\">\n<td class=\"element-label\">Juhtumi Materjal<\/td>\n<td>ABS polymer<\/td>\n<\/tr>\n<tr class=\"index-340 element-7a0a25e0-d1af-44f0-a534-fd1d4070c5d4 element-text last\">\n<td class=\"element-label\">M\u00f5\u00f5tmed (mm)<\/td>\n<td>65\u044555\u044512<\/td>\n<\/tr>\n<\/tbody>\n<\/table>\n","protected":false},"featured_media":7354,"template":"","meta":[],"product_brand":[],"product_cat":[870,1480,866],"product_tag":[],"class_list":{"0":"post-7360","1":"product","2":"type-product","3":"status-publish","4":"has-post-thumbnail","6":"product_cat-kontroller","7":"product_cat-network-kontroller","8":"product_cat-labipaasususteem","10":"first","11":"instock","12":"taxable","13":"shipping-taxable","14":"purchasable","15":"product-type-simple"},"yoast_head":"<!-- This site is optimized with the Yoast SEO Premium plugin v27.3 (Yoast SEO v27.3) - https:\/\/yoast.com\/product\/yoast-seo-premium-wordpress\/ -->\n<title>Z-5R NET 8000 - Fonolukk<\/title>\n<meta name=\"description\" content=\"Z-5R NET 8000 - Fonolukk\" \/>\n<meta name=\"robots\" content=\"index, follow, max-snippet:-1, max-image-preview:large, max-video-preview:-1\" \/>\n<link rel=\"canonical\" href=\"https:\/\/fonolukk.eu\/et\/tooted\/z-5r-net-8000\/\" \/>\n<meta property=\"og:locale\" content=\"et_EE\" \/>\n<meta property=\"og:type\" content=\"article\" \/>\n<meta property=\"og:title\" content=\"Z-5R NET 8000\" \/>\n<meta property=\"og:description\" content=\"Mittelenduv m\u00e4lu (EEPROM) Ja   Pinge 12V DC   Praegune tarbimine (mA) 30   Piipar Buzzer   Visuaalne n\u00e4idustus 1 x LED   Elektromagnetilise lukustuse avamise kestus (s) 0\u201325.5   Elektromehaaniline lukk avamise kestus (s) 0\u201325.5   MIS transistorid loota 1   MIS transistorid maksimaalne vool (A) 5\u0410   Vigane \u00fchenduse kaitse Ja   T\u00f6\u00f6temperatuur (\u00b0C) \u201330...+40   Juhtumi Materjal ABS polymer   M\u00f5\u00f5tmed (mm) 65\u044555\u044512\" \/>\n<meta property=\"og:url\" content=\"https:\/\/fonolukk.eu\/et\/tooted\/z-5r-net-8000\/\" \/>\n<meta property=\"og:site_name\" content=\"Fonolukk\" \/>\n<meta property=\"article:publisher\" content=\"https:\/\/www.facebook.com\/fonolukk\" \/>\n<meta property=\"article:modified_time\" content=\"2026-02-16T16:01:43+00:00\" \/>\n<meta property=\"og:image\" content=\"https:\/\/fonolukk.eu\/wp-content\/uploads\/2020\/05\/z-5r-net_8f543d260d70170c601fd6d8c746af9c.jpg\" \/>\n\t<meta property=\"og:image:width\" content=\"600\" \/>\n\t<meta property=\"og:image:height\" content=\"600\" \/>\n\t<meta property=\"og:image:type\" content=\"image\/jpeg\" \/>\n<meta name=\"twitter:card\" content=\"summary_large_image\" \/>\n<meta name=\"twitter:label1\" content=\"Hind\" \/>\n\t<meta name=\"twitter:data1\" content=\"&euro;60.67 koos KM\" \/>\n\t<meta name=\"twitter:label2\" content=\"Availability\" \/>\n\t<meta name=\"twitter:data2\" content=\"Laos\" \/>\n<script type=\"application\/ld+json\" class=\"yoast-schema-graph\">{\"@context\":\"https:\\\/\\\/schema.org\",\"@graph\":[{\"@type\":\"WebPage\",\"@id\":\"https:\\\/\\\/fonolukk.eu\\\/et\\\/tooted\\\/z-5r-net-8000\\\/\",\"url\":\"https:\\\/\\\/fonolukk.eu\\\/et\\\/tooted\\\/z-5r-net-8000\\\/\",\"name\":\"Z-5R NET 8000 - Fonolukk\",\"isPartOf\":{\"@id\":\"https:\\\/\\\/fonolukk.eu\\\/et\\\/#website\"},\"primaryImageOfPage\":{\"@id\":\"https:\\\/\\\/fonolukk.eu\\\/et\\\/tooted\\\/z-5r-net-8000\\\/#primaryimage\"},\"image\":{\"@id\":\"https:\\\/\\\/fonolukk.eu\\\/et\\\/tooted\\\/z-5r-net-8000\\\/#primaryimage\"},\"thumbnailUrl\":\"https:\\\/\\\/fonolukk.eu\\\/wp-content\\\/uploads\\\/2020\\\/05\\\/z-5r-net_8f543d260d70170c601fd6d8c746af9c.jpg\",\"datePublished\":\"2020-05-01T19:37:57+00:00\",\"dateModified\":\"2026-02-16T16:01:43+00:00\",\"description\":\"Z-5R NET 8000 - Fonolukk\",\"breadcrumb\":{\"@id\":\"https:\\\/\\\/fonolukk.eu\\\/et\\\/tooted\\\/z-5r-net-8000\\\/#breadcrumb\"},\"inLanguage\":\"et\",\"potentialAction\":[{\"@type\":\"ReadAction\",\"target\":[\"https:\\\/\\\/fonolukk.eu\\\/et\\\/tooted\\\/z-5r-net-8000\\\/\"]}]},{\"@type\":\"ImageObject\",\"inLanguage\":\"et\",\"@id\":\"https:\\\/\\\/fonolukk.eu\\\/et\\\/tooted\\\/z-5r-net-8000\\\/#primaryimage\",\"url\":\"https:\\\/\\\/fonolukk.eu\\\/wp-content\\\/uploads\\\/2020\\\/05\\\/z-5r-net_8f543d260d70170c601fd6d8c746af9c.jpg\",\"contentUrl\":\"https:\\\/\\\/fonolukk.eu\\\/wp-content\\\/uploads\\\/2020\\\/05\\\/z-5r-net_8f543d260d70170c601fd6d8c746af9c.jpg\",\"width\":600,\"height\":600},{\"@type\":\"BreadcrumbList\",\"@id\":\"https:\\\/\\\/fonolukk.eu\\\/et\\\/tooted\\\/z-5r-net-8000\\\/#breadcrumb\",\"itemListElement\":[{\"@type\":\"ListItem\",\"position\":1,\"name\":\"Esileht\",\"item\":\"https:\\\/\\\/fonolukk.eu\\\/et\\\/koduleht\\\/\"},{\"@type\":\"ListItem\",\"position\":2,\"name\":\"Tooted\",\"item\":\"https:\\\/\\\/fonolukk.eu\\\/et\\\/shop-2\\\/\"},{\"@type\":\"ListItem\",\"position\":3,\"name\":\"L\u00e4bip\u00e4\u00e4sus\u00fcsteem\",\"item\":\"https:\\\/\\\/fonolukk.eu\\\/et\\\/product-category\\\/labipaasususteem\\\/\"},{\"@type\":\"ListItem\",\"position\":4,\"name\":\"Kontroller\",\"item\":\"https:\\\/\\\/fonolukk.eu\\\/et\\\/product-category\\\/labipaasususteem\\\/kontroller\\\/\"},{\"@type\":\"ListItem\",\"position\":5,\"name\":\"Network kontroller\",\"item\":\"https:\\\/\\\/fonolukk.eu\\\/et\\\/product-category\\\/labipaasususteem\\\/kontroller\\\/network-kontroller\\\/\"},{\"@type\":\"ListItem\",\"position\":6,\"name\":\"Z-5R NET 8000\"}]},{\"@type\":\"WebSite\",\"@id\":\"https:\\\/\\\/fonolukk.eu\\\/et\\\/#website\",\"url\":\"https:\\\/\\\/fonolukk.eu\\\/et\\\/\",\"name\":\"Fonolukk eu\",\"description\":\"Smart Security Systems\",\"publisher\":{\"@id\":\"https:\\\/\\\/fonolukk.eu\\\/et\\\/#organization\"},\"potentialAction\":[{\"@type\":\"SearchAction\",\"target\":{\"@type\":\"EntryPoint\",\"urlTemplate\":\"https:\\\/\\\/fonolukk.eu\\\/et\\\/?s={search_term_string}\"},\"query-input\":{\"@type\":\"PropertyValueSpecification\",\"valueRequired\":true,\"valueName\":\"search_term_string\"}}],\"inLanguage\":\"et\"},{\"@type\":\"Organization\",\"@id\":\"https:\\\/\\\/fonolukk.eu\\\/et\\\/#organization\",\"name\":\"Smart Security OU\",\"url\":\"https:\\\/\\\/fonolukk.eu\\\/et\\\/\",\"logo\":{\"@type\":\"ImageObject\",\"inLanguage\":\"et\",\"@id\":\"https:\\\/\\\/fonolukk.eu\\\/et\\\/#\\\/schema\\\/logo\\\/image\\\/\",\"url\":\"https:\\\/\\\/fonolukk.eu\\\/wp-content\\\/uploads\\\/2023\\\/09\\\/fonolukk.png\",\"contentUrl\":\"https:\\\/\\\/fonolukk.eu\\\/wp-content\\\/uploads\\\/2023\\\/09\\\/fonolukk.png\",\"width\":277,\"height\":274,\"caption\":\"Smart Security OU\"},\"image\":{\"@id\":\"https:\\\/\\\/fonolukk.eu\\\/et\\\/#\\\/schema\\\/logo\\\/image\\\/\"},\"sameAs\":[\"https:\\\/\\\/www.facebook.com\\\/fonolukk\",\"https:\\\/\\\/www.instagram.com\\\/fonolukk\\\/?hl=ru\"],\"publishingPrinciples\":\"https:\\\/\\\/fonolukk.eu\\\/terms-and-conditions\\\/\",\"ownershipFundingInfo\":\"https:\\\/\\\/fonolukk.eu\\\/about-us\\\/\"}]}<\/script>\n<meta property=\"product:price:amount\" content=\"60.67\" \/>\n<meta property=\"product:price:currency\" content=\"EUR\" \/>\n<meta property=\"og:availability\" content=\"instock\" \/>\n<meta property=\"product:availability\" content=\"instock\" \/>\n<meta property=\"product:retailer_item_id\" content=\"Z-5R NET 8000\" \/>\n<meta property=\"product:condition\" content=\"new\" \/>\n<!-- \/ Yoast SEO Premium plugin. -->","yoast_head_json":{"title":"Z-5R NET 8000 - Fonolukk","description":"Z-5R NET 8000 - Fonolukk","robots":{"index":"index","follow":"follow","max-snippet":"max-snippet:-1","max-image-preview":"max-image-preview:large","max-video-preview":"max-video-preview:-1"},"canonical":"https:\/\/fonolukk.eu\/et\/tooted\/z-5r-net-8000\/","og_locale":"et_EE","og_type":"article","og_title":"Z-5R NET 8000","og_description":"Mittelenduv m\u00e4lu (EEPROM) Ja   Pinge 12V DC   Praegune tarbimine (mA) 30   Piipar Buzzer   Visuaalne n\u00e4idustus 1 x LED   Elektromagnetilise lukustuse avamise kestus (s) 0\u201325.5   Elektromehaaniline lukk avamise kestus (s) 0\u201325.5   MIS transistorid loota 1   MIS transistorid maksimaalne vool (A) 5\u0410   Vigane \u00fchenduse kaitse Ja   T\u00f6\u00f6temperatuur (\u00b0C) \u201330...+40   Juhtumi Materjal ABS polymer   M\u00f5\u00f5tmed (mm) 65\u044555\u044512","og_url":"https:\/\/fonolukk.eu\/et\/tooted\/z-5r-net-8000\/","og_site_name":"Fonolukk","article_publisher":"https:\/\/www.facebook.com\/fonolukk","article_modified_time":"2026-02-16T16:01:43+00:00","og_image":[{"width":600,"height":600,"url":"https:\/\/fonolukk.eu\/wp-content\/uploads\/2020\/05\/z-5r-net_8f543d260d70170c601fd6d8c746af9c.jpg","type":"image\/jpeg"}],"twitter_card":"summary_large_image","twitter_misc":{"Hind":"&euro;60.67 koos KM","Availability":"Laos"},"schema":{"@context":"https:\/\/schema.org","@graph":[{"@type":"WebPage","@id":"https:\/\/fonolukk.eu\/et\/tooted\/z-5r-net-8000\/","url":"https:\/\/fonolukk.eu\/et\/tooted\/z-5r-net-8000\/","name":"Z-5R NET 8000 - Fonolukk","isPartOf":{"@id":"https:\/\/fonolukk.eu\/et\/#website"},"primaryImageOfPage":{"@id":"https:\/\/fonolukk.eu\/et\/tooted\/z-5r-net-8000\/#primaryimage"},"image":{"@id":"https:\/\/fonolukk.eu\/et\/tooted\/z-5r-net-8000\/#primaryimage"},"thumbnailUrl":"https:\/\/fonolukk.eu\/wp-content\/uploads\/2020\/05\/z-5r-net_8f543d260d70170c601fd6d8c746af9c.jpg","datePublished":"2020-05-01T19:37:57+00:00","dateModified":"2026-02-16T16:01:43+00:00","description":"Z-5R NET 8000 - Fonolukk","breadcrumb":{"@id":"https:\/\/fonolukk.eu\/et\/tooted\/z-5r-net-8000\/#breadcrumb"},"inLanguage":"et","potentialAction":[{"@type":"ReadAction","target":["https:\/\/fonolukk.eu\/et\/tooted\/z-5r-net-8000\/"]}]},{"@type":"ImageObject","inLanguage":"et","@id":"https:\/\/fonolukk.eu\/et\/tooted\/z-5r-net-8000\/#primaryimage","url":"https:\/\/fonolukk.eu\/wp-content\/uploads\/2020\/05\/z-5r-net_8f543d260d70170c601fd6d8c746af9c.jpg","contentUrl":"https:\/\/fonolukk.eu\/wp-content\/uploads\/2020\/05\/z-5r-net_8f543d260d70170c601fd6d8c746af9c.jpg","width":600,"height":600},{"@type":"BreadcrumbList","@id":"https:\/\/fonolukk.eu\/et\/tooted\/z-5r-net-8000\/#breadcrumb","itemListElement":[{"@type":"ListItem","position":1,"name":"Esileht","item":"https:\/\/fonolukk.eu\/et\/koduleht\/"},{"@type":"ListItem","position":2,"name":"Tooted","item":"https:\/\/fonolukk.eu\/et\/shop-2\/"},{"@type":"ListItem","position":3,"name":"L\u00e4bip\u00e4\u00e4sus\u00fcsteem","item":"https:\/\/fonolukk.eu\/et\/product-category\/labipaasususteem\/"},{"@type":"ListItem","position":4,"name":"Kontroller","item":"https:\/\/fonolukk.eu\/et\/product-category\/labipaasususteem\/kontroller\/"},{"@type":"ListItem","position":5,"name":"Network kontroller","item":"https:\/\/fonolukk.eu\/et\/product-category\/labipaasususteem\/kontroller\/network-kontroller\/"},{"@type":"ListItem","position":6,"name":"Z-5R NET 8000"}]},{"@type":"WebSite","@id":"https:\/\/fonolukk.eu\/et\/#website","url":"https:\/\/fonolukk.eu\/et\/","name":"Fonolukk eu","description":"Smart Security Systems","publisher":{"@id":"https:\/\/fonolukk.eu\/et\/#organization"},"potentialAction":[{"@type":"SearchAction","target":{"@type":"EntryPoint","urlTemplate":"https:\/\/fonolukk.eu\/et\/?s={search_term_string}"},"query-input":{"@type":"PropertyValueSpecification","valueRequired":true,"valueName":"search_term_string"}}],"inLanguage":"et"},{"@type":"Organization","@id":"https:\/\/fonolukk.eu\/et\/#organization","name":"Smart Security OU","url":"https:\/\/fonolukk.eu\/et\/","logo":{"@type":"ImageObject","inLanguage":"et","@id":"https:\/\/fonolukk.eu\/et\/#\/schema\/logo\/image\/","url":"https:\/\/fonolukk.eu\/wp-content\/uploads\/2023\/09\/fonolukk.png","contentUrl":"https:\/\/fonolukk.eu\/wp-content\/uploads\/2023\/09\/fonolukk.png","width":277,"height":274,"caption":"Smart Security OU"},"image":{"@id":"https:\/\/fonolukk.eu\/et\/#\/schema\/logo\/image\/"},"sameAs":["https:\/\/www.facebook.com\/fonolukk","https:\/\/www.instagram.com\/fonolukk\/?hl=ru"],"publishingPrinciples":"https:\/\/fonolukk.eu\/terms-and-conditions\/","ownershipFundingInfo":"https:\/\/fonolukk.eu\/about-us\/"}]},"product_price_amount":"60.67","product_price_currency":"EUR","og_availability":"instock","product_availability":"instock","product_retailer_item_id":"Z-5R NET 8000","product_condition":"new"},"_links":{"self":[{"href":"https:\/\/fonolukk.eu\/et\/wp-json\/wp\/v2\/product\/7360","targetHints":{"allow":["GET"]}}],"collection":[{"href":"https:\/\/fonolukk.eu\/et\/wp-json\/wp\/v2\/product"}],"about":[{"href":"https:\/\/fonolukk.eu\/et\/wp-json\/wp\/v2\/types\/product"}],"version-history":[{"count":1,"href":"https:\/\/fonolukk.eu\/et\/wp-json\/wp\/v2\/product\/7360\/revisions"}],"predecessor-version":[{"id":22250,"href":"https:\/\/fonolukk.eu\/et\/wp-json\/wp\/v2\/product\/7360\/revisions\/22250"}],"wp:featuredmedia":[{"embeddable":true,"href":"https:\/\/fonolukk.eu\/et\/wp-json\/wp\/v2\/media\/7354"}],"wp:attachment":[{"href":"https:\/\/fonolukk.eu\/et\/wp-json\/wp\/v2\/media?parent=7360"}],"wp:term":[{"taxonomy":"product_brand","embeddable":true,"href":"https:\/\/fonolukk.eu\/et\/wp-json\/wp\/v2\/product_brand?post=7360"},{"taxonomy":"product_cat","embeddable":true,"href":"https:\/\/fonolukk.eu\/et\/wp-json\/wp\/v2\/product_cat?post=7360"},{"taxonomy":"product_tag","embeddable":true,"href":"https:\/\/fonolukk.eu\/et\/wp-json\/wp\/v2\/product_tag?post=7360"}],"curies":[{"name":"wp","href":"https:\/\/api.w.org\/{rel}","templated":true}]}}