{"id":7377,"date":"2020-05-01T23:23:29","date_gmt":"2020-05-01T20:23:29","guid":{"rendered":"https:\/\/fonolukk.eu\/?post_type=product&#038;p=7377"},"modified":"2023-08-08T09:10:31","modified_gmt":"2023-08-08T06:10:31","slug":"z-5r-relay-wiegand","status":"publish","type":"product","link":"https:\/\/fonolukk.eu\/et\/tooted\/z-5r-relay-wiegand\/","title":{"rendered":"Z-5R RELAY WIEGAND"},"content":{"rendered":"<div class=\"item-text-full uk-clearfix block-divider\">\n<p>Z-5R relee Wiegand on iseseisev kontroller, mis on m\u00f5eldud Luku juhtimiseks relee abil. Kontrolleri m\u00f5\u00f5tmed v\u00f5imaldavad seda paigaldada luku sees kui pardal, samuti eraldi korpuses. Z-5R relee Wiegand t\u00f6\u00f6tab iButton DS1990A v\u00f5tmete ja RFID-kaartide, v\u00f5tmehoidjate ja randmepaeladega, kasutades mis tahes lugejat, mis toetab iButton (1-juhe) v\u00f5i wiegand 26&#8230;42 protokolli.<\/p>\n<p>Z-5R relee Wiegandi kontroller v\u00f5imaldab meil \u00fchendada lugeja, lukustuse avamise nupu, ukse avamise anduri, relee juhitava Luku, v\u00e4lise LED-i, v\u00e4lise summeri.<\/p>\n<table class=\"uk-table uk-table-hover uk-table-striped uk-table-condensed\">\n<tbody>\n<tr class=\"index-0 element-103815f9-9854-4d45-8771-313720f90f89 element-select first\">\n<td class=\"element-label\">Sobib<\/td>\n<td>Lukk<\/td>\n<\/tr>\n<tr class=\"index-10 element-63bb599e-e78f-4de5-888d-9f007ceeb42a element-select\">\n<td class=\"element-label\">Kontrolleri T\u00fc\u00fcp<\/td>\n<td>Standalone<\/td>\n<\/tr>\n<tr class=\"index-80 element-6121aa57-4957-4069-b7f1-f23699af6ddf element-text\">\n<td class=\"element-label\">Klahvide arv<\/td>\n<td>1364<\/td>\n<\/tr>\n<tr class=\"index-90 element-cfc84bea-0084-4c84-aeab-dc215816f9c8 element-select\">\n<td class=\"element-label\">Salvestatavate V\u00f5tmete t\u00fc\u00fcbid<\/td>\n<td>Normaalne, Kapten, Blokeerimine<\/td>\n<\/tr>\n<tr class=\"index-120 element-442c0ee9-d539-4e89-bbeb-4d3dbcb54ecf element-text\">\n<td class=\"element-label\">V\u00e4lised lugejad loevad<\/td>\n<td>1<\/td>\n<\/tr>\n<tr class=\"index-130 element-1377e586-d551-45cb-848b-ca95c609e737 element-select\">\n<td class=\"element-label\">V\u00e4liste lugejate protokoll<\/td>\n<td>iButton (1-Wire), Wiegand-26, Wiegand 34, Wiegand 37, Wiegand 40, Wiegand 42<\/td>\n<\/tr>\n<tr class=\"index-140 element-55a70699-7f2f-4cc8-9ae2-e5f828ac6f52 element-select\">\n<td class=\"element-label\">T\u00f6\u00f6re\u017eiimid (p\u00f5hilised)<\/td>\n<td>Normaalne, Blokeerimine<\/td>\n<\/tr>\n<tr class=\"index-150 element-1a1e47ed-7a28-4448-a465-d9dd398e8dc0 element-select\">\n<td class=\"element-label\"><\/td>\n<td><\/td>\n<\/tr>\n<tr class=\"index-170 element-57638c48-ab0b-436c-8d37-8f7f38b08253 element-select\">\n<td class=\"element-label\">P\u00f6\u00f6rduspunkti t\u00fc\u00fcbid<\/td>\n<td>Uks<\/td>\n<\/tr>\n<tr class=\"index-180 element-f4bbf4c6-3c25-493d-95e0-9503127a2856 element-select last\">\n<td class=\"element-label\">T\u00e4iturmehhanismi t\u00fc\u00fcbid<\/td>\n<td>Relee<\/td>\n<\/tr>\n<\/tbody>\n<\/table>\n<div class='w3eden'><!-- WPDM Link Template: Default Template -->\n\n<div class=\"link-template-default card mb-2\">\n    <div class=\"card-body\">\n        <div class=\"media\">\n            <div class=\"mr-3 img-48\"><img decoding=\"async\" class=\"wpdm_icon\" alt=\"Icon\"   src=\"https:\/\/fonolukk.eu\/wp-content\/plugins\/download-manager\/assets\/file-type-icons\/pdf.svg\" \/><\/div>\n            <div class=\"media-body\">\n                <h3 class=\"package-title\"><a href='https:\/\/fonolukk.eu\/download\/z-5r_ee\/'>Z-5R_EE<\/a><\/h3>\n                <div class=\"text-muted text-small\"><i class=\"fas fa-copy\"><\/i> 1 file(s) <i class=\"fas fa-hdd ml-3\"><\/i> 529.33 KB<\/div>\n            <\/div>\n            <div class=\"ml-3\">\n                <div class=\"w3eden\"><div class=\"panel panel-default card\"><div class=\"panel-body card-body\"><span class=\"text-danger\">Login is required to access this page<\/span><\/div><div class=\"panel-footer card-footer text-right\"><a href=\"https:\/\/fonolukk.eu\/wp-login.php?redirect_to=\/et\/wp-json\/wp\/v2\/product\/7377\" class=\"btn btn-danger wpdmloginmodal-trigger btn-sm\"><i class=\"fa fa-lock\"><\/i> Login<\/a><\/div><\/div><\/div>\n            <\/div>\n        <\/div>\n    <\/div>\n<\/div>\n\n<\/div>\n<\/div>\n","protected":false},"excerpt":{"rendered":"<table class=\"uk-table uk-table-hover uk-table-striped uk-table-condensed\">\n<tbody>\n<tr class=\"index-130 element-1494f4ae-9b59-4dcc-8922-fe017587d9bb element-select first\">\n<td class=\"element-label\">Mittelenduv m\u00e4lu (EEPROM)<\/td>\n<td>Ja<\/td>\n<\/tr>\n<tr class=\"index-140 element-c9d40668-1a5e-452d-a5f6-6cfbb70229ab element-select\">\n<td class=\"element-label\">Kontrolleri m\u00e4lu varundamine ja taastamine DS1996 v\u00f5tme abil<\/td>\n<td>Ja<\/td>\n<\/tr>\n<tr class=\"index-150 element-cbecc54f-5ecf-4363-93bf-686f9f24fc5b element-select\">\n<td class=\"element-label\">Kontrolleri programmeerimine adapteri abil<\/td>\n<td>Ja<\/td>\n<\/tr>\n<tr class=\"index-160 element-c4b8ed49-2102-4cee-b0d5-b2594fa9b5f1 element-text\">\n<td class=\"element-label\">Pinge<\/td>\n<td>12V DC<\/td>\n<\/tr>\n<tr class=\"index-170 element-79c5cf79-324d-4ad8-8944-35121b5df486 element-text\">\n<td class=\"element-label\">Praegune tarbimine (mA)<\/td>\n<td>45<\/td>\n<\/tr>\n<tr class=\"index-180 element-c10b6320-98bd-4da1-b3f7-ffc841840b12 element-select\">\n<td class=\"element-label\">Piipar<\/td>\n<td>Buzzer<\/td>\n<\/tr>\n<tr class=\"index-190 element-202da82f-d10c-4464-9246-cf893a1316bc element-select\">\n<td class=\"element-label\">Visuaalne n\u00e4idustus<\/td>\n<td>1 x LED<\/td>\n<\/tr>\n<tr class=\"index-220 element-3ec92275-0231-4c43-83d9-59b81b2028d0 element-text\">\n<td class=\"element-label\">Relee (te) toite kestus)<\/td>\n<td>0\u2013220<\/td>\n<\/tr>\n<tr class=\"index-230 element-9f28331e-22c5-4882-990c-c93cb93a4da6 element-text\">\n<td class=\"element-label\">Relee v\u00e4ljundite arv<\/td>\n<td>1<\/td>\n<\/tr>\n<tr class=\"index-240 element-80cb9a6f-d038-470d-86f8-11e4352946f1 element-text\">\n<td class=\"element-label\">Relee v\u00e4ljundid maksimaalne vool (A)<\/td>\n<td>3<\/td>\n<\/tr>\n<tr class=\"index-250 element-ff8de3fd-bd69-4923-9c04-2c2c9a73c262 element-select\">\n<td class=\"element-label\">Relee esialgse oleku juhtimine h\u00fcppaja valiku abil<\/td>\n<td>Ja<\/td>\n<\/tr>\n<tr class=\"index-310 element-4c2d5a4a-69de-41ef-8243-736af12ff371 element-select\">\n<td class=\"element-label\">Vigane \u00fchenduse kaitse<\/td>\n<td>Ja<\/td>\n<\/tr>\n<tr class=\"index-320 element-d351eef8-dbcc-4ab9-8bb0-c4a328d3a51c element-text\">\n<td class=\"element-label\">T\u00f6\u00f6temperatuur (\u00b0C)<\/td>\n<td>-30&#8230;+40<\/td>\n<\/tr>\n<tr class=\"index-330 element-173039a5-3337-41e3-ada4-22d3a7c2b174 element-select\">\n<td class=\"element-label\">Juhtumi Materjal<\/td>\n<td>ABS-pol\u00fcmeer, mitte mingil juhul<\/td>\n<\/tr>\n<tr class=\"index-340 element-7a0a25e0-d1af-44f0-a534-fd1d4070c5d4 element-text last\">\n<td class=\"element-label\">M\u00f5\u00f5tmed (mm)<\/td>\n<td>40\u044536\u044515<\/td>\n<\/tr>\n<\/tbody>\n<\/table>\n","protected":false},"featured_media":7382,"template":"","meta":[],"product_brand":[],"product_cat":[1479,870,866],"product_tag":[],"class_list":{"0":"post-7377","1":"product","2":"type-product","3":"status-publish","4":"has-post-thumbnail","6":"product_cat-autonoomne-susteemid","7":"product_cat-kontroller","8":"product_cat-labipaasususteem","10":"first","11":"instock","12":"taxable","13":"shipping-taxable","14":"purchasable","15":"product-type-simple"},"yoast_head":"<!-- This site is optimized with the Yoast SEO Premium plugin v27.3 (Yoast SEO v27.3) - https:\/\/yoast.com\/product\/yoast-seo-premium-wordpress\/ -->\n<title>Z-5R RELAY WIEGAND - Fonolukk<\/title>\n<meta name=\"description\" content=\"Z-5R RELAY WIEGAND - Fonolukk\" \/>\n<meta name=\"robots\" content=\"index, follow, max-snippet:-1, max-image-preview:large, max-video-preview:-1\" \/>\n<link rel=\"canonical\" href=\"https:\/\/fonolukk.eu\/et\/tooted\/z-5r-relay-wiegand\/\" \/>\n<meta property=\"og:locale\" content=\"et_EE\" \/>\n<meta property=\"og:type\" content=\"article\" \/>\n<meta property=\"og:title\" content=\"Z-5R RELAY WIEGAND\" \/>\n<meta property=\"og:description\" content=\"Mittelenduv m\u00e4lu (EEPROM) Ja   Kontrolleri m\u00e4lu varundamine ja taastamine DS1996 v\u00f5tme abil Ja   Kontrolleri programmeerimine adapteri abil Ja   Pinge 12V DC   Praegune tarbimine (mA) 45   Piipar Buzzer   Visuaalne n\u00e4idustus 1 x LED   Relee (te) toite kestus) 0\u2013220   Relee v\u00e4ljundite arv 1   Relee v\u00e4ljundid maksimaalne vool (A) 3   Relee esialgse oleku juhtimine h\u00fcppaja valiku abil Ja   Vigane \u00fchenduse kaitse Ja   T\u00f6\u00f6temperatuur (\u00b0C) -30...+40   Juhtumi Materjal ABS-pol\u00fcmeer, mitte mingil juhul   M\u00f5\u00f5tmed (mm) 40\u044536\u044515\" \/>\n<meta property=\"og:url\" content=\"https:\/\/fonolukk.eu\/et\/tooted\/z-5r-relay-wiegand\/\" \/>\n<meta property=\"og:site_name\" content=\"Fonolukk\" \/>\n<meta property=\"article:publisher\" content=\"https:\/\/www.facebook.com\/fonolukk\" \/>\n<meta property=\"article:modified_time\" content=\"2023-08-08T06:10:31+00:00\" \/>\n<meta property=\"og:image\" content=\"https:\/\/fonolukk.eu\/wp-content\/uploads\/2020\/05\/z-5r-relay-wiegand_1632c5862e20be55aa375d548f1f62e8.jpg\" \/>\n\t<meta property=\"og:image:width\" content=\"600\" \/>\n\t<meta property=\"og:image:height\" content=\"600\" \/>\n\t<meta property=\"og:image:type\" content=\"image\/jpeg\" \/>\n<meta name=\"twitter:card\" content=\"summary_large_image\" \/>\n<meta name=\"twitter:label1\" content=\"Hind\" \/>\n\t<meta name=\"twitter:data1\" content=\"&euro;40.19 koos KM\" \/>\n\t<meta name=\"twitter:label2\" content=\"Availability\" \/>\n\t<meta name=\"twitter:data2\" content=\"Laos\" \/>\n<script type=\"application\/ld+json\" class=\"yoast-schema-graph\">{\"@context\":\"https:\\\/\\\/schema.org\",\"@graph\":[{\"@type\":\"WebPage\",\"@id\":\"https:\\\/\\\/fonolukk.eu\\\/et\\\/tooted\\\/z-5r-relay-wiegand\\\/\",\"url\":\"https:\\\/\\\/fonolukk.eu\\\/et\\\/tooted\\\/z-5r-relay-wiegand\\\/\",\"name\":\"Z-5R RELAY WIEGAND - Fonolukk\",\"isPartOf\":{\"@id\":\"https:\\\/\\\/fonolukk.eu\\\/et\\\/#website\"},\"primaryImageOfPage\":{\"@id\":\"https:\\\/\\\/fonolukk.eu\\\/et\\\/tooted\\\/z-5r-relay-wiegand\\\/#primaryimage\"},\"image\":{\"@id\":\"https:\\\/\\\/fonolukk.eu\\\/et\\\/tooted\\\/z-5r-relay-wiegand\\\/#primaryimage\"},\"thumbnailUrl\":\"https:\\\/\\\/fonolukk.eu\\\/wp-content\\\/uploads\\\/2020\\\/05\\\/z-5r-relay-wiegand_1632c5862e20be55aa375d548f1f62e8.jpg\",\"datePublished\":\"2020-05-01T20:23:29+00:00\",\"dateModified\":\"2023-08-08T06:10:31+00:00\",\"description\":\"Z-5R RELAY WIEGAND - Fonolukk\",\"breadcrumb\":{\"@id\":\"https:\\\/\\\/fonolukk.eu\\\/et\\\/tooted\\\/z-5r-relay-wiegand\\\/#breadcrumb\"},\"inLanguage\":\"et\",\"potentialAction\":[{\"@type\":\"ReadAction\",\"target\":[\"https:\\\/\\\/fonolukk.eu\\\/et\\\/tooted\\\/z-5r-relay-wiegand\\\/\"]}]},{\"@type\":\"ImageObject\",\"inLanguage\":\"et\",\"@id\":\"https:\\\/\\\/fonolukk.eu\\\/et\\\/tooted\\\/z-5r-relay-wiegand\\\/#primaryimage\",\"url\":\"https:\\\/\\\/fonolukk.eu\\\/wp-content\\\/uploads\\\/2020\\\/05\\\/z-5r-relay-wiegand_1632c5862e20be55aa375d548f1f62e8.jpg\",\"contentUrl\":\"https:\\\/\\\/fonolukk.eu\\\/wp-content\\\/uploads\\\/2020\\\/05\\\/z-5r-relay-wiegand_1632c5862e20be55aa375d548f1f62e8.jpg\",\"width\":600,\"height\":600,\"caption\":\"Z-5R\"},{\"@type\":\"BreadcrumbList\",\"@id\":\"https:\\\/\\\/fonolukk.eu\\\/et\\\/tooted\\\/z-5r-relay-wiegand\\\/#breadcrumb\",\"itemListElement\":[{\"@type\":\"ListItem\",\"position\":1,\"name\":\"Esileht\",\"item\":\"https:\\\/\\\/fonolukk.eu\\\/et\\\/koduleht\\\/\"},{\"@type\":\"ListItem\",\"position\":2,\"name\":\"Tooted\",\"item\":\"https:\\\/\\\/fonolukk.eu\\\/et\\\/shop-2\\\/\"},{\"@type\":\"ListItem\",\"position\":3,\"name\":\"L\u00e4bip\u00e4\u00e4sus\u00fcsteem\",\"item\":\"https:\\\/\\\/fonolukk.eu\\\/et\\\/product-category\\\/labipaasususteem\\\/\"},{\"@type\":\"ListItem\",\"position\":4,\"name\":\"Kontroller\",\"item\":\"https:\\\/\\\/fonolukk.eu\\\/et\\\/product-category\\\/labipaasususteem\\\/kontroller\\\/\"},{\"@type\":\"ListItem\",\"position\":5,\"name\":\"Autonoomsed s\u00fcsteemid\",\"item\":\"https:\\\/\\\/fonolukk.eu\\\/et\\\/product-category\\\/labipaasususteem\\\/kontroller\\\/autonoomne-susteemid\\\/\"},{\"@type\":\"ListItem\",\"position\":6,\"name\":\"Z-5R RELAY WIEGAND\"}]},{\"@type\":\"WebSite\",\"@id\":\"https:\\\/\\\/fonolukk.eu\\\/et\\\/#website\",\"url\":\"https:\\\/\\\/fonolukk.eu\\\/et\\\/\",\"name\":\"Fonolukk eu\",\"description\":\"Smart Security Systems\",\"publisher\":{\"@id\":\"https:\\\/\\\/fonolukk.eu\\\/et\\\/#organization\"},\"potentialAction\":[{\"@type\":\"SearchAction\",\"target\":{\"@type\":\"EntryPoint\",\"urlTemplate\":\"https:\\\/\\\/fonolukk.eu\\\/et\\\/?s={search_term_string}\"},\"query-input\":{\"@type\":\"PropertyValueSpecification\",\"valueRequired\":true,\"valueName\":\"search_term_string\"}}],\"inLanguage\":\"et\"},{\"@type\":\"Organization\",\"@id\":\"https:\\\/\\\/fonolukk.eu\\\/et\\\/#organization\",\"name\":\"Smart Security OU\",\"url\":\"https:\\\/\\\/fonolukk.eu\\\/et\\\/\",\"logo\":{\"@type\":\"ImageObject\",\"inLanguage\":\"et\",\"@id\":\"https:\\\/\\\/fonolukk.eu\\\/et\\\/#\\\/schema\\\/logo\\\/image\\\/\",\"url\":\"https:\\\/\\\/fonolukk.eu\\\/wp-content\\\/uploads\\\/2023\\\/09\\\/fonolukk.png\",\"contentUrl\":\"https:\\\/\\\/fonolukk.eu\\\/wp-content\\\/uploads\\\/2023\\\/09\\\/fonolukk.png\",\"width\":277,\"height\":274,\"caption\":\"Smart Security OU\"},\"image\":{\"@id\":\"https:\\\/\\\/fonolukk.eu\\\/et\\\/#\\\/schema\\\/logo\\\/image\\\/\"},\"sameAs\":[\"https:\\\/\\\/www.facebook.com\\\/fonolukk\",\"https:\\\/\\\/www.instagram.com\\\/fonolukk\\\/?hl=ru\"],\"publishingPrinciples\":\"https:\\\/\\\/fonolukk.eu\\\/terms-and-conditions\\\/\",\"ownershipFundingInfo\":\"https:\\\/\\\/fonolukk.eu\\\/about-us\\\/\"}]}<\/script>\n<meta property=\"product:price:amount\" content=\"40.19\" \/>\n<meta property=\"product:price:currency\" content=\"EUR\" \/>\n<meta property=\"og:availability\" content=\"instock\" \/>\n<meta property=\"product:availability\" content=\"instock\" \/>\n<meta property=\"product:retailer_item_id\" content=\"Z-5R RELAY WIEGAND\" \/>\n<meta property=\"product:condition\" content=\"new\" \/>\n<!-- \/ Yoast SEO Premium plugin. -->","yoast_head_json":{"title":"Z-5R RELAY WIEGAND - Fonolukk","description":"Z-5R RELAY WIEGAND - Fonolukk","robots":{"index":"index","follow":"follow","max-snippet":"max-snippet:-1","max-image-preview":"max-image-preview:large","max-video-preview":"max-video-preview:-1"},"canonical":"https:\/\/fonolukk.eu\/et\/tooted\/z-5r-relay-wiegand\/","og_locale":"et_EE","og_type":"article","og_title":"Z-5R RELAY WIEGAND","og_description":"Mittelenduv m\u00e4lu (EEPROM) Ja   Kontrolleri m\u00e4lu varundamine ja taastamine DS1996 v\u00f5tme abil Ja   Kontrolleri programmeerimine adapteri abil Ja   Pinge 12V DC   Praegune tarbimine (mA) 45   Piipar Buzzer   Visuaalne n\u00e4idustus 1 x LED   Relee (te) toite kestus) 0\u2013220   Relee v\u00e4ljundite arv 1   Relee v\u00e4ljundid maksimaalne vool (A) 3   Relee esialgse oleku juhtimine h\u00fcppaja valiku abil Ja   Vigane \u00fchenduse kaitse Ja   T\u00f6\u00f6temperatuur (\u00b0C) -30...+40   Juhtumi Materjal ABS-pol\u00fcmeer, mitte mingil juhul   M\u00f5\u00f5tmed (mm) 40\u044536\u044515","og_url":"https:\/\/fonolukk.eu\/et\/tooted\/z-5r-relay-wiegand\/","og_site_name":"Fonolukk","article_publisher":"https:\/\/www.facebook.com\/fonolukk","article_modified_time":"2023-08-08T06:10:31+00:00","og_image":[{"width":600,"height":600,"url":"https:\/\/fonolukk.eu\/wp-content\/uploads\/2020\/05\/z-5r-relay-wiegand_1632c5862e20be55aa375d548f1f62e8.jpg","type":"image\/jpeg"}],"twitter_card":"summary_large_image","twitter_misc":{"Hind":"&euro;40.19 koos KM","Availability":"Laos"},"schema":{"@context":"https:\/\/schema.org","@graph":[{"@type":"WebPage","@id":"https:\/\/fonolukk.eu\/et\/tooted\/z-5r-relay-wiegand\/","url":"https:\/\/fonolukk.eu\/et\/tooted\/z-5r-relay-wiegand\/","name":"Z-5R RELAY WIEGAND - Fonolukk","isPartOf":{"@id":"https:\/\/fonolukk.eu\/et\/#website"},"primaryImageOfPage":{"@id":"https:\/\/fonolukk.eu\/et\/tooted\/z-5r-relay-wiegand\/#primaryimage"},"image":{"@id":"https:\/\/fonolukk.eu\/et\/tooted\/z-5r-relay-wiegand\/#primaryimage"},"thumbnailUrl":"https:\/\/fonolukk.eu\/wp-content\/uploads\/2020\/05\/z-5r-relay-wiegand_1632c5862e20be55aa375d548f1f62e8.jpg","datePublished":"2020-05-01T20:23:29+00:00","dateModified":"2023-08-08T06:10:31+00:00","description":"Z-5R RELAY WIEGAND - Fonolukk","breadcrumb":{"@id":"https:\/\/fonolukk.eu\/et\/tooted\/z-5r-relay-wiegand\/#breadcrumb"},"inLanguage":"et","potentialAction":[{"@type":"ReadAction","target":["https:\/\/fonolukk.eu\/et\/tooted\/z-5r-relay-wiegand\/"]}]},{"@type":"ImageObject","inLanguage":"et","@id":"https:\/\/fonolukk.eu\/et\/tooted\/z-5r-relay-wiegand\/#primaryimage","url":"https:\/\/fonolukk.eu\/wp-content\/uploads\/2020\/05\/z-5r-relay-wiegand_1632c5862e20be55aa375d548f1f62e8.jpg","contentUrl":"https:\/\/fonolukk.eu\/wp-content\/uploads\/2020\/05\/z-5r-relay-wiegand_1632c5862e20be55aa375d548f1f62e8.jpg","width":600,"height":600,"caption":"Z-5R"},{"@type":"BreadcrumbList","@id":"https:\/\/fonolukk.eu\/et\/tooted\/z-5r-relay-wiegand\/#breadcrumb","itemListElement":[{"@type":"ListItem","position":1,"name":"Esileht","item":"https:\/\/fonolukk.eu\/et\/koduleht\/"},{"@type":"ListItem","position":2,"name":"Tooted","item":"https:\/\/fonolukk.eu\/et\/shop-2\/"},{"@type":"ListItem","position":3,"name":"L\u00e4bip\u00e4\u00e4sus\u00fcsteem","item":"https:\/\/fonolukk.eu\/et\/product-category\/labipaasususteem\/"},{"@type":"ListItem","position":4,"name":"Kontroller","item":"https:\/\/fonolukk.eu\/et\/product-category\/labipaasususteem\/kontroller\/"},{"@type":"ListItem","position":5,"name":"Autonoomsed s\u00fcsteemid","item":"https:\/\/fonolukk.eu\/et\/product-category\/labipaasususteem\/kontroller\/autonoomne-susteemid\/"},{"@type":"ListItem","position":6,"name":"Z-5R RELAY WIEGAND"}]},{"@type":"WebSite","@id":"https:\/\/fonolukk.eu\/et\/#website","url":"https:\/\/fonolukk.eu\/et\/","name":"Fonolukk eu","description":"Smart Security Systems","publisher":{"@id":"https:\/\/fonolukk.eu\/et\/#organization"},"potentialAction":[{"@type":"SearchAction","target":{"@type":"EntryPoint","urlTemplate":"https:\/\/fonolukk.eu\/et\/?s={search_term_string}"},"query-input":{"@type":"PropertyValueSpecification","valueRequired":true,"valueName":"search_term_string"}}],"inLanguage":"et"},{"@type":"Organization","@id":"https:\/\/fonolukk.eu\/et\/#organization","name":"Smart Security OU","url":"https:\/\/fonolukk.eu\/et\/","logo":{"@type":"ImageObject","inLanguage":"et","@id":"https:\/\/fonolukk.eu\/et\/#\/schema\/logo\/image\/","url":"https:\/\/fonolukk.eu\/wp-content\/uploads\/2023\/09\/fonolukk.png","contentUrl":"https:\/\/fonolukk.eu\/wp-content\/uploads\/2023\/09\/fonolukk.png","width":277,"height":274,"caption":"Smart Security OU"},"image":{"@id":"https:\/\/fonolukk.eu\/et\/#\/schema\/logo\/image\/"},"sameAs":["https:\/\/www.facebook.com\/fonolukk","https:\/\/www.instagram.com\/fonolukk\/?hl=ru"],"publishingPrinciples":"https:\/\/fonolukk.eu\/terms-and-conditions\/","ownershipFundingInfo":"https:\/\/fonolukk.eu\/about-us\/"}]},"product_price_amount":"40.19","product_price_currency":"EUR","og_availability":"instock","product_availability":"instock","product_retailer_item_id":"Z-5R RELAY WIEGAND","product_condition":"new"},"_links":{"self":[{"href":"https:\/\/fonolukk.eu\/et\/wp-json\/wp\/v2\/product\/7377","targetHints":{"allow":["GET"]}}],"collection":[{"href":"https:\/\/fonolukk.eu\/et\/wp-json\/wp\/v2\/product"}],"about":[{"href":"https:\/\/fonolukk.eu\/et\/wp-json\/wp\/v2\/types\/product"}],"version-history":[{"count":0,"href":"https:\/\/fonolukk.eu\/et\/wp-json\/wp\/v2\/product\/7377\/revisions"}],"wp:featuredmedia":[{"embeddable":true,"href":"https:\/\/fonolukk.eu\/et\/wp-json\/wp\/v2\/media\/7382"}],"wp:attachment":[{"href":"https:\/\/fonolukk.eu\/et\/wp-json\/wp\/v2\/media?parent=7377"}],"wp:term":[{"taxonomy":"product_brand","embeddable":true,"href":"https:\/\/fonolukk.eu\/et\/wp-json\/wp\/v2\/product_brand?post=7377"},{"taxonomy":"product_cat","embeddable":true,"href":"https:\/\/fonolukk.eu\/et\/wp-json\/wp\/v2\/product_cat?post=7377"},{"taxonomy":"product_tag","embeddable":true,"href":"https:\/\/fonolukk.eu\/et\/wp-json\/wp\/v2\/product_tag?post=7377"}],"curies":[{"name":"wp","href":"https:\/\/api.w.org\/{rel}","templated":true}]}}