{"id":7392,"date":"2020-05-01T23:33:24","date_gmt":"2020-05-01T20:33:24","guid":{"rendered":"https:\/\/fonolukk.eu\/?post_type=product&#038;p=7392"},"modified":"2021-01-23T23:20:43","modified_gmt":"2021-01-23T21:20:43","slug":"z-5r-web","status":"publish","type":"product","link":"https:\/\/fonolukk.eu\/et\/tooted\/z-5r-web\/","title":{"rendered":"Z-5R WEB"},"content":{"rendered":"<div>\n<p>Z-5R Veebikontroller on m\u00f5eldud kasutamiseks v\u00f5rgus ja eraldiseisvates juurdep\u00e4\u00e4sukontrollis\u00fcsteemides. Z-5R Veeb on kontroller, mille konfigureerimise k\u00e4igus m\u00e4\u00e4ratakse muudetav funktsionaalsus. Kontrolleri toimimise loogika v\u00f5ib s\u00f5ltuvalt \u00fclesandest erineda. Kontrolleri p\u00f6\u00f6ramine Wi-Fi p\u00f6\u00f6rduspunkti konfiguratsioonire\u017eiimile v\u00f5imaldab teil seadistada kontrollerit nutitelefoni abil.<\/p>\n<p>Varem vajasite iga lahenduse jaoks eraldi t\u00fc\u00fcpi kontrollerit, n\u00fc\u00fcd v\u00f5ite osta Z-5R Veebikontrolleri ja kohandada seda konkreetsete \u00fclesannete jaoks. \u00dcksikasjalikud juhised, minimaalne \u00dchenduste arv ja olemasolevate Etherneti v\u00f5rkude \u00fchendamine tagavad paigaldamise ja hoolduse lihtsuse. T\u00e4nu kahe MIS transistorid Z-5R Web kontroller on ideaalne juhtimise elektromagnetilise ja elektromehaanilised lukud, p\u00f6\u00f6rdtiilid ja t\u00f5kked. Spetsiifilised konfiguratsioonid tagavad \u00fchenduse aktivaatori lukuga, mis n\u00f5uab avamiseks ja sulgemiseks erineva pinge polaarsuse pakkumist.<\/p>\n<p>Eraldi tulekahju sisend suurendab tuleohutust, kuna tulekahjuh\u00e4ire aktiveerimine avab l\u00e4bip\u00e4\u00e4su s\u00f5ltumata \u00fchendusest arvutiga ja turbev\u00e4ljund annab v\u00f5imaluse integreerida kontroller olemasolevasse turvas\u00fcsteemi.<\/p>\n<p>V\u00f5imalus \u00fchendada v\u00f5rku Etherneti ja Wi-Fi abil s\u00e4\u00e4stab sidev\u00f5rgu paigaldamist ning 3G \/ 4G modemi kasutamine v\u00f5imaldab kaugete objektide integreerimist tarkvara juhitavatesse juurdep\u00e4\u00e4sukontrollis\u00fcsteemidesse.<\/p>\n<\/div>\n<div class=\"item-text-full uk-clearfix block-divider\">\n<table class=\"uk-table uk-table-hover uk-table-striped uk-table-condensed\">\n<tbody>\n<tr class=\"index-0 element-103815f9-9854-4d45-8771-313720f90f89 element-select first\">\n<td class=\"element-label\">Sobib<\/td>\n<td>Lukk, Turnstile, V\u00f5imsuse Juhtimine<\/td>\n<\/tr>\n<tr class=\"index-10 element-63bb599e-e78f-4de5-888d-9f007ceeb42a element-select\">\n<td class=\"element-label\">Kontrolleri T\u00fc\u00fcp<\/td>\n<td>V\u00f5rk<\/td>\n<\/tr>\n<tr class=\"index-20 element-7ad7f588-9a9d-46b7-8538-401fb9c181d9 element-select\">\n<td class=\"element-label\">\u00dchenduse t\u00fc\u00fcbid<\/td>\n<td>Internet, Wi-Fi, 3G, 4G<\/td>\n<\/tr>\n<tr class=\"index-60 element-cf8b716d-6b8a-4d3f-afe9-838b9c3c2379 element-select\">\n<td class=\"element-label\">Etherneti \u00fchenduse kiirus<\/td>\n<td>10 Mbps, 100 Mbps<\/td>\n<\/tr>\n<tr class=\"index-70 element-1221648b-0da7-4000-bada-34255d8ed9bd element-text\">\n<td class=\"element-label\">Etherneti maksimaalne liini pikkus (m)<\/td>\n<td>100<\/td>\n<\/tr>\n<tr class=\"index-80 element-6121aa57-4957-4069-b7f1-f23699af6ddf element-text\">\n<td class=\"element-label\">Klahvide arv<\/td>\n<td>2 x 8168<\/td>\n<\/tr>\n<tr class=\"index-90 element-cfc84bea-0084-4c84-aeab-dc215816f9c8 element-select\">\n<td class=\"element-label\">Salvestatavate V\u00f5tmete t\u00fc\u00fcbid<\/td>\n<td>Normaalne, Kapten, Blokeerimine<\/td>\n<\/tr>\n<tr class=\"index-100 element-d5529daf-a835-4d7c-b9d8-17fb1085726e element-text\">\n<td class=\"element-label\">S\u00fcndmuste arv<\/td>\n<td>8192<\/td>\n<\/tr>\n<tr class=\"index-120 element-442c0ee9-d539-4e89-bbeb-4d3dbcb54ecf element-text\">\n<td class=\"element-label\">V\u00e4lised lugejad loevad<\/td>\n<td>2<\/td>\n<\/tr>\n<tr class=\"index-130 element-1377e586-d551-45cb-848b-ca95c609e737 element-select\">\n<td class=\"element-label\">V\u00e4liste lugejate protokoll<\/td>\n<td>iButton (1-traat), Wiegand-26, Wiegand 34, Wiegand 42, Wiegand-50<\/td>\n<\/tr>\n<tr class=\"index-140 element-55a70699-7f2f-4cc8-9ae2-e5f828ac6f52 element-select\">\n<td class=\"element-label\">T\u00f6\u00f6re\u017eiimid (p\u00f5hilised)<\/td>\n<td>Normaalne, Blokeerimine, Tasuta, Oodake<\/td>\n<\/tr>\n<tr class=\"index-150 element-1a1e47ed-7a28-4448-a465-d9dd398e8dc0 element-select\">\n<td class=\"element-label\">T\u00f6\u00f6re\u017eiimid (muud)<\/td>\n<td>N\u00f5ustuge, Evakueerimine, Vargusvastane, Turvaline<\/td>\n<\/tr>\n<tr class=\"index-160 element-add41319-e7ee-47d6-bb75-3b18d1e9a097 element-select\">\n<td class=\"element-label\">Lisav\u00f5imalusi<\/td>\n<td>Topelt ajav\u00f6\u00f6ndite, v\u00f5tme ja PIN-koodi juurdep\u00e4\u00e4su, 2 v\u00f5tmed juurdep\u00e4\u00e4su<\/td>\n<\/tr>\n<tr class=\"index-170 element-57638c48-ab0b-436c-8d37-8f7f38b08253 element-select\">\n<td class=\"element-label\">P\u00f6\u00f6rduspunkti t\u00fc\u00fcbid<\/td>\n<td>Uks, V\u00e4rav, Turnstile, Aktivaatori Lukk (V\u00e4rav)<\/td>\n<\/tr>\n<tr class=\"index-180 element-f4bbf4c6-3c25-493d-95e0-9503127a2856 element-select last\">\n<td class=\"element-label\">T\u00e4iturmehhanismi t\u00fc\u00fcbid<\/td>\n<td>Elektromagnetiline, Elektromehaaniline, Turnstile<\/td>\n<\/tr>\n<\/tbody>\n<\/table>\n<div class='w3eden'><!-- WPDM Link Template: Default Template -->\n\n<div class=\"link-template-default card mb-2\">\n    <div class=\"card-body\">\n        <div class=\"media\">\n            <div class=\"mr-3 img-48\"><img decoding=\"async\" class=\"wpdm_icon\" alt=\"Icon\"   src=\"https:\/\/fonolukk.eu\/wp-content\/plugins\/download-manager\/assets\/file-type-icons\/pdf.svg\" \/><\/div>\n            <div class=\"media-body\">\n                <h3 class=\"package-title\"><a href='https:\/\/fonolukk.eu\/download\/z-5r-web\/'>Z-5R WEB<\/a><\/h3>\n                <div class=\"text-muted text-small\"><i class=\"fas fa-copy\"><\/i> 1 file(s) <i class=\"fas fa-hdd ml-3\"><\/i> 1.78 MB<\/div>\n            <\/div>\n            <div class=\"ml-3\">\n                <div class=\"w3eden\"><div class=\"panel panel-default card\"><div class=\"panel-body card-body\"><span class=\"text-danger\">Login is required to access this page<\/span><\/div><div class=\"panel-footer card-footer text-right\"><a href=\"https:\/\/fonolukk.eu\/wp-login.php?redirect_to=\/et\/wp-json\/wp\/v2\/product\/7392\" class=\"btn btn-danger wpdmloginmodal-trigger btn-sm\"><i class=\"fa fa-lock\"><\/i> Login<\/a><\/div><\/div><\/div>\n            <\/div>\n        <\/div>\n    <\/div>\n<\/div>\n\n<\/div>\n<\/div>\n","protected":false},"excerpt":{"rendered":"<table class=\"uk-table uk-table-hover uk-table-striped uk-table-condensed\">\n<tbody>\n<tr class=\"index-0 element-4477d9c6-e2cf-4e2d-ad2d-e494fca99b61 element-select first\">\n<td class=\"element-label\">V\u00e4lised lugejad m\u00e4rge v\u00e4ljund<\/td>\n<td>Punane LED, Roheline LED, heli<\/td>\n<\/tr>\n<tr class=\"index-10 element-a6140854-c804-4575-aca0-780bec8f963d element-select\">\n<td class=\"element-label\">T\u00e4iendav v\u00e4ljundv\u00f5imsus v\u00e4listele lugejatele<\/td>\n<td>Ja<\/td>\n<\/tr>\n<tr class=\"index-20 element-bd028079-48e3-45b5-8597-02175fa28ef8 element-text\">\n<td class=\"element-label\">Interneti liides<\/td>\n<td>RJ45 (10\/100BASE-T) Auto MDI\/MDIX<\/td>\n<\/tr>\n<tr class=\"index-30 element-2181ed75-9604-4cc1-9d53-4a424b7ef4b4 element-select\">\n<td class=\"element-label\">Interneti standard<\/td>\n<td>Ethernet II (DIX v2.0), IEEE 802.3<\/td>\n<\/tr>\n<tr class=\"index-40 element-ac6d87d2-4409-4379-9971-ae0d5291d522 element-select\">\n<td class=\"element-label\">Interneti protokoll<\/td>\n<td>TCP, IP, ARP, SSH, ICMP, UDP, DHCP, HTTP<\/td>\n<\/tr>\n<tr class=\"index-50 element-92a8b09d-0518-4802-aa7d-edee1048c1e0 element-select\">\n<td class=\"element-label\">Wi-Fi standard<\/td>\n<td>IEEE 802.11b, IEEE 802.11g, IEEE 802.11n<\/td>\n<\/tr>\n<tr class=\"index-60 element-e9668da8-8623-47e3-896d-4949d6b17122 element-select\">\n<td class=\"element-label\">Wi-Fi turvalisuse algoritm<\/td>\n<td>WEP (64,128, 152 bit), WPA\/WPA2, WPA-PSK, WPA2-PSK<\/td>\n<\/tr>\n<tr class=\"index-70 element-925a7865-6b27-4485-843f-b1d46a9a2134 element-select\">\n<td class=\"element-label\">Wi-Fi \u00fchenduse kiirus<\/td>\n<td>11 Mbps (802.11b), 54 Mbps (802.11g), 150 Mbps (802.11n)<\/td>\n<\/tr>\n<tr class=\"index-80 element-34991b73-a72f-43f9-b99b-4ccec39c048c element-select\">\n<td class=\"element-label\">Wi-Fi t\u00f6\u00f6re\u017eiim<\/td>\n<td>Juurdep\u00e4\u00e4supunkt, Klient<\/td>\n<\/tr>\n<tr class=\"index-90 element-a7fe7784-fc22-407a-ba28-716a5c316cc7 element-text\">\n<td class=\"element-label\">Traadita v\u00e4ljundv\u00f5imsus (dBm \/ mW)<\/td>\n<td>&lt;20dBm (&lt;100mW)<\/td>\n<\/tr>\n<tr class=\"index-100 element-a6631ed5-0892-4be0-88a6-101fc3325df7 element-text\">\n<td class=\"element-label\">USB-\u00fchendus<\/td>\n<td>USB Type A<\/td>\n<\/tr>\n<tr class=\"index-110 element-376086c7-75b6-4fe3-941f-c2e40fa41f8e element-select\">\n<td class=\"element-label\">USB t\u00f6\u00f6re\u017eiim<\/td>\n<td>Vastuv\u00f5tva<\/td>\n<\/tr>\n<tr class=\"index-120 element-8ca54013-7b79-43cb-b31f-3bdb2a006a48 element-select\">\n<td>T\u00e4iskiirusel suur kiirus<\/td>\n<\/tr>\n<tr class=\"index-130 element-1494f4ae-9b59-4dcc-8922-fe017587d9bb element-select\">\n<td class=\"element-label\">Mittelenduv m\u00e4lu (EEPROM)<\/td>\n<td>Ja<\/td>\n<\/tr>\n<tr class=\"index-160 element-c4b8ed49-2102-4cee-b0d5-b2594fa9b5f1 element-text\">\n<td class=\"element-label\">Pinge<\/td>\n<td>12V DC<\/td>\n<\/tr>\n<tr class=\"index-170 element-79c5cf79-324d-4ad8-8944-35121b5df486 element-text\">\n<td class=\"element-label\">Praegune tarbimine (mA)<\/td>\n<td>300<\/td>\n<\/tr>\n<tr class=\"index-180 element-c10b6320-98bd-4da1-b3f7-ffc841840b12 element-select\">\n<td class=\"element-label\">Piipar<\/td>\n<td>Buzzer<\/td>\n<\/tr>\n<tr class=\"index-190 element-202da82f-d10c-4464-9246-cf893a1316bc element-select\">\n<td class=\"element-label\">Visuaalne n\u00e4idustus<\/td>\n<td>7 x LED<\/td>\n<\/tr>\n<tr class=\"index-200 element-18f98b4a-aaf6-4726-940f-9fdd52ddcbd6 element-text\">\n<td class=\"element-label\">Elektromagnetilise lukustuse avamise kestus (s)<\/td>\n<td>0\u201325.5<\/td>\n<\/tr>\n<tr class=\"index-210 element-25ab1b99-b4a9-4b89-9994-a9689286f6db element-text\">\n<td class=\"element-label\">Elektromehaaniline lukk avamise kestus (s)<\/td>\n<td>0\u201325.5<\/td>\n<\/tr>\n<tr class=\"index-260 element-3868cb11-39b7-4daa-9cc8-863ec89aa2ad element-text\">\n<td class=\"element-label\">MIS transistorid loota<\/td>\n<td>2<\/td>\n<\/tr>\n<tr class=\"index-270 element-3d95ad9b-d842-413f-8120-67cc238fba3b element-text\">\n<td class=\"element-label\">MIS transistorid maksimaalne vool (A)<\/td>\n<td>5<\/td>\n<\/tr>\n<tr class=\"index-280 element-2d1f44a1-aea7-4112-bf91-7fccf4a17f9c element-select\">\n<td class=\"element-label\">Tulekahjuh\u00e4ire sisend<\/td>\n<td>Ja<\/td>\n<\/tr>\n<tr class=\"index-300 element-c0eda7a9-f744-4c9a-b7e2-498560afbdd1 element-select\">\n<td class=\"element-label\">Turvah\u00e4ire v\u00e4ljund<\/td>\n<td>Ja<\/td>\n<\/tr>\n<tr class=\"index-310 element-4c2d5a4a-69de-41ef-8243-736af12ff371 element-select\">\n<td class=\"element-label\">Vigane \u00fchenduse kaitse<\/td>\n<td>Ja<\/td>\n<\/tr>\n<tr class=\"index-330 element-173039a5-3337-41e3-ada4-22d3a7c2b174 element-select\">\n<td class=\"element-label\">Juhtumi Materjal<\/td>\n<td>ABS pol\u00fcmeer<\/td>\n<\/tr>\n<tr class=\"index-340 element-7a0a25e0-d1af-44f0-a534-fd1d4070c5d4 element-text\">\n<td class=\"element-label\">M\u00f5\u00f5tmed (mm)<\/td>\n<td>116x104x37<\/td>\n<\/tr>\n<tr class=\"index-350 element-ed9c1d9c-3ebd-4fa7-8acf-02e347d1cd0f element-text last\">\n<td class=\"element-label\">Kaal (g)<\/td>\n<td>150<\/td>\n<\/tr>\n<\/tbody>\n<\/table>\n","protected":false},"featured_media":7399,"template":"","meta":[],"product_brand":[],"product_cat":[870,1480,866],"product_tag":[],"class_list":{"0":"post-7392","1":"product","2":"type-product","3":"status-publish","4":"has-post-thumbnail","6":"product_cat-kontroller","7":"product_cat-network-kontroller","8":"product_cat-labipaasususteem","10":"first","11":"outofstock","12":"taxable","13":"shipping-taxable","14":"purchasable","15":"product-type-simple"},"yoast_head":"<!-- This site is optimized with the Yoast SEO Premium plugin v27.3 (Yoast SEO v27.3) - https:\/\/yoast.com\/product\/yoast-seo-premium-wordpress\/ -->\n<title>Z-5R WEB - Fonolukk<\/title>\n<meta name=\"description\" content=\"Z-5R WEB - Fonolukk\" \/>\n<meta name=\"robots\" content=\"index, follow, max-snippet:-1, max-image-preview:large, max-video-preview:-1\" \/>\n<link rel=\"canonical\" href=\"https:\/\/fonolukk.eu\/et\/tooted\/z-5r-web\/\" \/>\n<meta property=\"og:locale\" content=\"et_EE\" \/>\n<meta property=\"og:type\" content=\"article\" \/>\n<meta property=\"og:title\" content=\"Z-5R WEB\" \/>\n<meta property=\"og:description\" content=\"V\u00e4lised lugejad m\u00e4rge v\u00e4ljund Punane LED, Roheline LED, heli   T\u00e4iendav v\u00e4ljundv\u00f5imsus v\u00e4listele lugejatele Ja   Interneti liides RJ45 (10\/100BASE-T) Auto MDI\/MDIX   Interneti standard Ethernet II (DIX v2.0), IEEE 802.3   Interneti protokoll TCP, IP, ARP, SSH, ICMP, UDP, DHCP, HTTP   Wi-Fi standard IEEE 802.11b, IEEE 802.11g, IEEE 802.11n   Wi-Fi turvalisuse algoritm WEP (64,128, 152 bit), WPA\/WPA2, WPA-PSK, WPA2-PSK   Wi-Fi \u00fchenduse kiirus 11 Mbps (802.11b), 54 Mbps (802.11g), 150 Mbps (802.11n)   Wi-Fi t\u00f6\u00f6re\u017eiim Juurdep\u00e4\u00e4supunkt, Klient   Traadita v\u00e4ljundv\u00f5imsus (dBm \/ mW) &lt;20dBm (&lt;100mW)   USB-\u00fchendus USB Type A   USB t\u00f6\u00f6re\u017eiim Vastuv\u00f5tva   T\u00e4iskiirusel suur kiirus   Mittelenduv m\u00e4lu (EEPROM) Ja   Pinge 12V DC   Praegune tarbimine (mA) 300   Piipar Buzzer   Visuaalne n\u00e4idustus 7 x LED   Elektromagnetilise lukustuse avamise kestus (s) 0\u201325.5   Elektromehaaniline lukk avamise kestus (s) 0\u201325.5   MIS transistorid loota 2   MIS transistorid maksimaalne vool (A) 5   Tulekahjuh\u00e4ire sisend Ja   Turvah\u00e4ire v\u00e4ljund Ja   Vigane \u00fchenduse kaitse Ja   Juhtumi Materjal ABS pol\u00fcmeer   M\u00f5\u00f5tmed (mm) 116x104x37   Kaal (g) 150\" \/>\n<meta property=\"og:url\" content=\"https:\/\/fonolukk.eu\/et\/tooted\/z-5r-web\/\" \/>\n<meta property=\"og:site_name\" content=\"Fonolukk\" \/>\n<meta property=\"article:publisher\" content=\"https:\/\/www.facebook.com\/fonolukk\" \/>\n<meta property=\"article:modified_time\" content=\"2021-01-23T21:20:43+00:00\" \/>\n<meta property=\"og:image\" content=\"https:\/\/fonolukk.eu\/wp-content\/uploads\/2020\/05\/z-5r-web_7f4ccb75c5c9b6a0b42b96125b64d7e7.jpg\" \/>\n\t<meta property=\"og:image:width\" content=\"600\" \/>\n\t<meta property=\"og:image:height\" content=\"600\" \/>\n\t<meta property=\"og:image:type\" content=\"image\/jpeg\" \/>\n<meta name=\"twitter:card\" content=\"summary_large_image\" \/>\n<meta name=\"twitter:label1\" content=\"Hind\" \/>\n\t<meta name=\"twitter:data1\" content=\"&euro;160.00 koos KM\" \/>\n\t<meta name=\"twitter:label2\" content=\"Availability\" \/>\n\t<meta name=\"twitter:data2\" content=\"Laost otsas\" \/>\n<script type=\"application\/ld+json\" class=\"yoast-schema-graph\">{\"@context\":\"https:\\\/\\\/schema.org\",\"@graph\":[{\"@type\":\"WebPage\",\"@id\":\"https:\\\/\\\/fonolukk.eu\\\/et\\\/tooted\\\/z-5r-web\\\/\",\"url\":\"https:\\\/\\\/fonolukk.eu\\\/et\\\/tooted\\\/z-5r-web\\\/\",\"name\":\"Z-5R WEB - Fonolukk\",\"isPartOf\":{\"@id\":\"https:\\\/\\\/fonolukk.eu\\\/et\\\/#website\"},\"primaryImageOfPage\":{\"@id\":\"https:\\\/\\\/fonolukk.eu\\\/et\\\/tooted\\\/z-5r-web\\\/#primaryimage\"},\"image\":{\"@id\":\"https:\\\/\\\/fonolukk.eu\\\/et\\\/tooted\\\/z-5r-web\\\/#primaryimage\"},\"thumbnailUrl\":\"https:\\\/\\\/fonolukk.eu\\\/wp-content\\\/uploads\\\/2020\\\/05\\\/z-5r-web_7f4ccb75c5c9b6a0b42b96125b64d7e7.jpg\",\"datePublished\":\"2020-05-01T20:33:24+00:00\",\"dateModified\":\"2021-01-23T21:20:43+00:00\",\"description\":\"Z-5R WEB - Fonolukk\",\"breadcrumb\":{\"@id\":\"https:\\\/\\\/fonolukk.eu\\\/et\\\/tooted\\\/z-5r-web\\\/#breadcrumb\"},\"inLanguage\":\"et\",\"potentialAction\":[{\"@type\":\"ReadAction\",\"target\":[\"https:\\\/\\\/fonolukk.eu\\\/et\\\/tooted\\\/z-5r-web\\\/\"]}]},{\"@type\":\"ImageObject\",\"inLanguage\":\"et\",\"@id\":\"https:\\\/\\\/fonolukk.eu\\\/et\\\/tooted\\\/z-5r-web\\\/#primaryimage\",\"url\":\"https:\\\/\\\/fonolukk.eu\\\/wp-content\\\/uploads\\\/2020\\\/05\\\/z-5r-web_7f4ccb75c5c9b6a0b42b96125b64d7e7.jpg\",\"contentUrl\":\"https:\\\/\\\/fonolukk.eu\\\/wp-content\\\/uploads\\\/2020\\\/05\\\/z-5r-web_7f4ccb75c5c9b6a0b42b96125b64d7e7.jpg\",\"width\":600,\"height\":600,\"caption\":\"z-5r-fonolukk\"},{\"@type\":\"BreadcrumbList\",\"@id\":\"https:\\\/\\\/fonolukk.eu\\\/et\\\/tooted\\\/z-5r-web\\\/#breadcrumb\",\"itemListElement\":[{\"@type\":\"ListItem\",\"position\":1,\"name\":\"Esileht\",\"item\":\"https:\\\/\\\/fonolukk.eu\\\/et\\\/koduleht\\\/\"},{\"@type\":\"ListItem\",\"position\":2,\"name\":\"Tooted\",\"item\":\"https:\\\/\\\/fonolukk.eu\\\/et\\\/shop-2\\\/\"},{\"@type\":\"ListItem\",\"position\":3,\"name\":\"L\u00e4bip\u00e4\u00e4sus\u00fcsteem\",\"item\":\"https:\\\/\\\/fonolukk.eu\\\/et\\\/product-category\\\/labipaasususteem\\\/\"},{\"@type\":\"ListItem\",\"position\":4,\"name\":\"Kontroller\",\"item\":\"https:\\\/\\\/fonolukk.eu\\\/et\\\/product-category\\\/labipaasususteem\\\/kontroller\\\/\"},{\"@type\":\"ListItem\",\"position\":5,\"name\":\"Network kontroller\",\"item\":\"https:\\\/\\\/fonolukk.eu\\\/et\\\/product-category\\\/labipaasususteem\\\/kontroller\\\/network-kontroller\\\/\"},{\"@type\":\"ListItem\",\"position\":6,\"name\":\"Z-5R WEB\"}]},{\"@type\":\"WebSite\",\"@id\":\"https:\\\/\\\/fonolukk.eu\\\/et\\\/#website\",\"url\":\"https:\\\/\\\/fonolukk.eu\\\/et\\\/\",\"name\":\"Fonolukk eu\",\"description\":\"Smart Security Systems\",\"publisher\":{\"@id\":\"https:\\\/\\\/fonolukk.eu\\\/et\\\/#organization\"},\"potentialAction\":[{\"@type\":\"SearchAction\",\"target\":{\"@type\":\"EntryPoint\",\"urlTemplate\":\"https:\\\/\\\/fonolukk.eu\\\/et\\\/?s={search_term_string}\"},\"query-input\":{\"@type\":\"PropertyValueSpecification\",\"valueRequired\":true,\"valueName\":\"search_term_string\"}}],\"inLanguage\":\"et\"},{\"@type\":\"Organization\",\"@id\":\"https:\\\/\\\/fonolukk.eu\\\/et\\\/#organization\",\"name\":\"Smart Security OU\",\"url\":\"https:\\\/\\\/fonolukk.eu\\\/et\\\/\",\"logo\":{\"@type\":\"ImageObject\",\"inLanguage\":\"et\",\"@id\":\"https:\\\/\\\/fonolukk.eu\\\/et\\\/#\\\/schema\\\/logo\\\/image\\\/\",\"url\":\"https:\\\/\\\/fonolukk.eu\\\/wp-content\\\/uploads\\\/2023\\\/09\\\/fonolukk.png\",\"contentUrl\":\"https:\\\/\\\/fonolukk.eu\\\/wp-content\\\/uploads\\\/2023\\\/09\\\/fonolukk.png\",\"width\":277,\"height\":274,\"caption\":\"Smart Security OU\"},\"image\":{\"@id\":\"https:\\\/\\\/fonolukk.eu\\\/et\\\/#\\\/schema\\\/logo\\\/image\\\/\"},\"sameAs\":[\"https:\\\/\\\/www.facebook.com\\\/fonolukk\",\"https:\\\/\\\/www.instagram.com\\\/fonolukk\\\/?hl=ru\"],\"publishingPrinciples\":\"https:\\\/\\\/fonolukk.eu\\\/terms-and-conditions\\\/\",\"ownershipFundingInfo\":\"https:\\\/\\\/fonolukk.eu\\\/about-us\\\/\"}]}<\/script>\n<meta property=\"product:price:amount\" content=\"160.00\" \/>\n<meta property=\"product:price:currency\" content=\"EUR\" \/>\n<meta property=\"og:availability\" content=\"out of stock\" \/>\n<meta property=\"product:availability\" content=\"out of stock\" \/>\n<meta property=\"product:retailer_item_id\" content=\"Z-5R WEB\" \/>\n<meta property=\"product:condition\" content=\"new\" \/>\n<!-- \/ Yoast SEO Premium plugin. -->","yoast_head_json":{"title":"Z-5R WEB - Fonolukk","description":"Z-5R WEB - Fonolukk","robots":{"index":"index","follow":"follow","max-snippet":"max-snippet:-1","max-image-preview":"max-image-preview:large","max-video-preview":"max-video-preview:-1"},"canonical":"https:\/\/fonolukk.eu\/et\/tooted\/z-5r-web\/","og_locale":"et_EE","og_type":"article","og_title":"Z-5R WEB","og_description":"V\u00e4lised lugejad m\u00e4rge v\u00e4ljund Punane LED, Roheline LED, heli   T\u00e4iendav v\u00e4ljundv\u00f5imsus v\u00e4listele lugejatele Ja   Interneti liides RJ45 (10\/100BASE-T) Auto MDI\/MDIX   Interneti standard Ethernet II (DIX v2.0), IEEE 802.3   Interneti protokoll TCP, IP, ARP, SSH, ICMP, UDP, DHCP, HTTP   Wi-Fi standard IEEE 802.11b, IEEE 802.11g, IEEE 802.11n   Wi-Fi turvalisuse algoritm WEP (64,128, 152 bit), WPA\/WPA2, WPA-PSK, WPA2-PSK   Wi-Fi \u00fchenduse kiirus 11 Mbps (802.11b), 54 Mbps (802.11g), 150 Mbps (802.11n)   Wi-Fi t\u00f6\u00f6re\u017eiim Juurdep\u00e4\u00e4supunkt, Klient   Traadita v\u00e4ljundv\u00f5imsus (dBm \/ mW) &lt;20dBm (&lt;100mW)   USB-\u00fchendus USB Type A   USB t\u00f6\u00f6re\u017eiim Vastuv\u00f5tva   T\u00e4iskiirusel suur kiirus   Mittelenduv m\u00e4lu (EEPROM) Ja   Pinge 12V DC   Praegune tarbimine (mA) 300   Piipar Buzzer   Visuaalne n\u00e4idustus 7 x LED   Elektromagnetilise lukustuse avamise kestus (s) 0\u201325.5   Elektromehaaniline lukk avamise kestus (s) 0\u201325.5   MIS transistorid loota 2   MIS transistorid maksimaalne vool (A) 5   Tulekahjuh\u00e4ire sisend Ja   Turvah\u00e4ire v\u00e4ljund Ja   Vigane \u00fchenduse kaitse Ja   Juhtumi Materjal ABS pol\u00fcmeer   M\u00f5\u00f5tmed (mm) 116x104x37   Kaal (g) 150","og_url":"https:\/\/fonolukk.eu\/et\/tooted\/z-5r-web\/","og_site_name":"Fonolukk","article_publisher":"https:\/\/www.facebook.com\/fonolukk","article_modified_time":"2021-01-23T21:20:43+00:00","og_image":[{"width":600,"height":600,"url":"https:\/\/fonolukk.eu\/wp-content\/uploads\/2020\/05\/z-5r-web_7f4ccb75c5c9b6a0b42b96125b64d7e7.jpg","type":"image\/jpeg"}],"twitter_card":"summary_large_image","twitter_misc":{"Hind":"&euro;160.00 koos KM","Availability":"Laost otsas"},"schema":{"@context":"https:\/\/schema.org","@graph":[{"@type":"WebPage","@id":"https:\/\/fonolukk.eu\/et\/tooted\/z-5r-web\/","url":"https:\/\/fonolukk.eu\/et\/tooted\/z-5r-web\/","name":"Z-5R WEB - Fonolukk","isPartOf":{"@id":"https:\/\/fonolukk.eu\/et\/#website"},"primaryImageOfPage":{"@id":"https:\/\/fonolukk.eu\/et\/tooted\/z-5r-web\/#primaryimage"},"image":{"@id":"https:\/\/fonolukk.eu\/et\/tooted\/z-5r-web\/#primaryimage"},"thumbnailUrl":"https:\/\/fonolukk.eu\/wp-content\/uploads\/2020\/05\/z-5r-web_7f4ccb75c5c9b6a0b42b96125b64d7e7.jpg","datePublished":"2020-05-01T20:33:24+00:00","dateModified":"2021-01-23T21:20:43+00:00","description":"Z-5R WEB - Fonolukk","breadcrumb":{"@id":"https:\/\/fonolukk.eu\/et\/tooted\/z-5r-web\/#breadcrumb"},"inLanguage":"et","potentialAction":[{"@type":"ReadAction","target":["https:\/\/fonolukk.eu\/et\/tooted\/z-5r-web\/"]}]},{"@type":"ImageObject","inLanguage":"et","@id":"https:\/\/fonolukk.eu\/et\/tooted\/z-5r-web\/#primaryimage","url":"https:\/\/fonolukk.eu\/wp-content\/uploads\/2020\/05\/z-5r-web_7f4ccb75c5c9b6a0b42b96125b64d7e7.jpg","contentUrl":"https:\/\/fonolukk.eu\/wp-content\/uploads\/2020\/05\/z-5r-web_7f4ccb75c5c9b6a0b42b96125b64d7e7.jpg","width":600,"height":600,"caption":"z-5r-fonolukk"},{"@type":"BreadcrumbList","@id":"https:\/\/fonolukk.eu\/et\/tooted\/z-5r-web\/#breadcrumb","itemListElement":[{"@type":"ListItem","position":1,"name":"Esileht","item":"https:\/\/fonolukk.eu\/et\/koduleht\/"},{"@type":"ListItem","position":2,"name":"Tooted","item":"https:\/\/fonolukk.eu\/et\/shop-2\/"},{"@type":"ListItem","position":3,"name":"L\u00e4bip\u00e4\u00e4sus\u00fcsteem","item":"https:\/\/fonolukk.eu\/et\/product-category\/labipaasususteem\/"},{"@type":"ListItem","position":4,"name":"Kontroller","item":"https:\/\/fonolukk.eu\/et\/product-category\/labipaasususteem\/kontroller\/"},{"@type":"ListItem","position":5,"name":"Network kontroller","item":"https:\/\/fonolukk.eu\/et\/product-category\/labipaasususteem\/kontroller\/network-kontroller\/"},{"@type":"ListItem","position":6,"name":"Z-5R WEB"}]},{"@type":"WebSite","@id":"https:\/\/fonolukk.eu\/et\/#website","url":"https:\/\/fonolukk.eu\/et\/","name":"Fonolukk eu","description":"Smart Security Systems","publisher":{"@id":"https:\/\/fonolukk.eu\/et\/#organization"},"potentialAction":[{"@type":"SearchAction","target":{"@type":"EntryPoint","urlTemplate":"https:\/\/fonolukk.eu\/et\/?s={search_term_string}"},"query-input":{"@type":"PropertyValueSpecification","valueRequired":true,"valueName":"search_term_string"}}],"inLanguage":"et"},{"@type":"Organization","@id":"https:\/\/fonolukk.eu\/et\/#organization","name":"Smart Security OU","url":"https:\/\/fonolukk.eu\/et\/","logo":{"@type":"ImageObject","inLanguage":"et","@id":"https:\/\/fonolukk.eu\/et\/#\/schema\/logo\/image\/","url":"https:\/\/fonolukk.eu\/wp-content\/uploads\/2023\/09\/fonolukk.png","contentUrl":"https:\/\/fonolukk.eu\/wp-content\/uploads\/2023\/09\/fonolukk.png","width":277,"height":274,"caption":"Smart Security OU"},"image":{"@id":"https:\/\/fonolukk.eu\/et\/#\/schema\/logo\/image\/"},"sameAs":["https:\/\/www.facebook.com\/fonolukk","https:\/\/www.instagram.com\/fonolukk\/?hl=ru"],"publishingPrinciples":"https:\/\/fonolukk.eu\/terms-and-conditions\/","ownershipFundingInfo":"https:\/\/fonolukk.eu\/about-us\/"}]},"product_price_amount":"160.00","product_price_currency":"EUR","og_availability":"out of stock","product_availability":"out of stock","product_retailer_item_id":"Z-5R WEB","product_condition":"new"},"_links":{"self":[{"href":"https:\/\/fonolukk.eu\/et\/wp-json\/wp\/v2\/product\/7392","targetHints":{"allow":["GET"]}}],"collection":[{"href":"https:\/\/fonolukk.eu\/et\/wp-json\/wp\/v2\/product"}],"about":[{"href":"https:\/\/fonolukk.eu\/et\/wp-json\/wp\/v2\/types\/product"}],"version-history":[{"count":0,"href":"https:\/\/fonolukk.eu\/et\/wp-json\/wp\/v2\/product\/7392\/revisions"}],"wp:featuredmedia":[{"embeddable":true,"href":"https:\/\/fonolukk.eu\/et\/wp-json\/wp\/v2\/media\/7399"}],"wp:attachment":[{"href":"https:\/\/fonolukk.eu\/et\/wp-json\/wp\/v2\/media?parent=7392"}],"wp:term":[{"taxonomy":"product_brand","embeddable":true,"href":"https:\/\/fonolukk.eu\/et\/wp-json\/wp\/v2\/product_brand?post=7392"},{"taxonomy":"product_cat","embeddable":true,"href":"https:\/\/fonolukk.eu\/et\/wp-json\/wp\/v2\/product_cat?post=7392"},{"taxonomy":"product_tag","embeddable":true,"href":"https:\/\/fonolukk.eu\/et\/wp-json\/wp\/v2\/product_tag?post=7392"}],"curies":[{"name":"wp","href":"https:\/\/api.w.org\/{rel}","templated":true}]}}