{"id":7428,"date":"2020-05-03T23:34:31","date_gmt":"2020-05-03T20:34:31","guid":{"rendered":"https:\/\/fonolukk.eu\/?post_type=product&#038;p=7428"},"modified":"2020-05-03T23:37:48","modified_gmt":"2020-05-03T20:37:48","slug":"eurolock-eht-net-72mm","status":"publish","type":"product","link":"https:\/\/fonolukk.eu\/et\/tooted\/eurolock-eht-net-72mm\/","title":{"rendered":"Eurolock EHT net 72mm"},"content":{"rendered":"<p>\u00b7 Odav<\/p>\n<p>\u00b7 Paigaldamine ja \u00fchendamine 10 minutit<\/p>\n<p>\u00b7 Paigaldamine uksele 30-115 mm<\/p>\n<p>\u00b7 Paigaldamine tavaliste lukukorpus mehhanism<\/p>\n<p>\u00b7 Office \/ hotelli re\u017eiim<\/p>\n<p>\u00b7 Eraldiseisev \/ Network mode<\/p>\n<p>\u00b7 T\u00f6\u00f6tada iseseisvalt v\u00f5i osana tarkvara Lock Commander<\/p>\n<p>\u00b7 Valik tarkvara HOTEL re\u017eiim<\/p>\n<p>\u00b7 SDK integratsiooni k\u00fclalislahkus tarkvara (PMS) spetsifikatsioonid:<\/p>\n<p>\u00b7 T\u00f6\u00f6sagedus: 125 kHz<\/p>\n<p>\u00b7 Reading ID: EM-Marine, HID ProxCard II TEMIC<\/p>\n<p>\u00b7 Arv v\u00f5tmed \/ kaardid (max): 2024sht.<\/p>\n<p>\u00b7 Arv s\u00e4ilitati s\u00fcndmused (max): 2048sht.<\/p>\n<p>\u00b7 Sisseehitatud S\u00e4ilm\u00e4llu (EEPROM)<\/p>\n<p>\u00b7 Reading vahemik: 2-4 cm<\/p>\n<p>\u00b7 Voolutarve: 30mkA (t\u00fchik\u00e4igul)<\/p>\n<p>\u00b7 V\u00f5imsus: 1,5V X3 tk. standard AAA<\/p>\n<p>\u00b7 Avamine \u00fchel patareid: 50000-80000, s\u00f5ltuvalt aku<\/p>\n<p>\u00b7 Sideliinide: Micro USB, RS485, Wiegand 26, RF, WiFi * vabatahtlik<\/p>\n<p>\u00b7 \u00dchendused v\u00e4liste juhtpaneelid: jah<\/p>\n<p>\u00b7 Sound \/ valguse n\u00e4idustuse: Signaali, 3-color LED<\/p>\n<p>\u00b7 Korrigeerimine lukuvabastuse: 0-220 c<\/p>\n<p>\u00b7 M\u00e4\u00e4ra ukse paksus (mm): 30-70 v\u00f5i 70-115<\/p>\n<p>\u00b7 Keskus vahemaa (k\u00e4epidemest silindrit), mm: 0, 72, 85, 92<\/p>\n<p>\u00b7 Sobib luku korpuse: Euroopa, DIN<\/p>\n<p>\u00b7 T\u00f6\u00f6temperatuur: + 5 \u00b0 C kuni + 40 \u00b0 C<\/p>\n<p>\u00b7 Case materjal: silumiinist, terasest<\/p>\n<p>\u00b7 M\u00f5\u00f5dud pad (ilma k\u00e4epidemed) mm: 280x50x20<\/p>\n<p>\u00b7 V\u00e4rv: matt roostevabast terasest<\/p>\n<p>OFFICE re\u017eiim &#8211; B\u00fcrootehnika lukud saab avada ainult kaardi m\u00e4llu loss. Elektrooniline ukse lukku saab avada v\u00e4ljastpoolt beskontatnoy kaardi v\u00f5i mehaaniline v\u00f5ti, ja sisek\u00fclje ukse lihtsalt piisavalt, et suruda k\u00e4epide. Funktsioon: Vabas\u00f6\u00f6dul blokeerimine, &#8220;ei h\u00e4iri&#8221;. Kui kasutate spetsialiseeritud tarkvara, kiipkaart lukud avada esitamise plaanilisel ajal ja n\u00e4dalap\u00e4eval. Samuti smart ukse lukku saab \u00fcle riigile vaba l\u00e4bip\u00e4\u00e4su planeeritud teatud n\u00e4dalap\u00e4evadel<\/p>\n<p>&nbsp;<\/p>\n<p>HOTEL re\u017eiim &#8211; Elektrooniline lukud hotelle arvestada k\u00f5iki funktsioone turvalisuse ja elatusallikad hotellid \/ hotellid \/ hostelid \/ hostelid \/ \u00f5pilase \u00fclikoolilinnakud, jne See v\u00f5imaldab teil luua &#8220;k\u00fclaline kaart&#8221;, &#8220;kaardid personali&#8221; ja &#8220;eriotstarbelised kaardi&#8221; teatud kasutus\u00f5igused ja koopia kaitse lossi hotellis. Castle Hotel elektronnyyEurolock EHT net on integreeritud kontrolli all \u00fcksk\u00f5ik hotelli tarkvara (PMS) on olemas turul<\/p>\n","protected":false},"excerpt":{"rendered":"<p>\u00b7 Odav \u00b7 Paigaldamine ja \u00fchendamine 10 minutit \u00b7 Paigaldamine uksele 30-115 mm \u00b7 Paigaldamine tavaliste lukukorpus mehhanism \u00b7 Office<\/p>\n","protected":false},"featured_media":7431,"template":"","meta":[],"product_brand":[],"product_cat":[870,1480,866],"product_tag":[],"class_list":{"0":"post-7428","1":"product","2":"type-product","3":"status-publish","4":"has-post-thumbnail","6":"product_cat-kontroller","7":"product_cat-network-kontroller","8":"product_cat-labipaasususteem","9":"pa_brand-ironlogic-et","11":"first","12":"instock","13":"taxable","14":"shipping-taxable","15":"purchasable","16":"product-type-simple"},"yoast_head":"<!-- This site is optimized with the Yoast SEO Premium plugin v27.3 (Yoast SEO v27.3) - https:\/\/yoast.com\/product\/yoast-seo-premium-wordpress\/ -->\n<title>Eurolock EHT net 72mm - Fonolukk<\/title>\n<meta name=\"description\" content=\"Eurolock EHT net 72mm - Fonolukk\" \/>\n<meta name=\"robots\" content=\"index, follow, max-snippet:-1, max-image-preview:large, max-video-preview:-1\" \/>\n<link rel=\"canonical\" href=\"https:\/\/fonolukk.eu\/et\/tooted\/eurolock-eht-net-72mm\/\" \/>\n<meta property=\"og:locale\" content=\"et_EE\" \/>\n<meta property=\"og:type\" content=\"article\" \/>\n<meta property=\"og:title\" content=\"Eurolock EHT net 72mm\" \/>\n<meta property=\"og:description\" content=\"\u00b7 Odav \u00b7 Paigaldamine ja \u00fchendamine 10 minutit \u00b7 Paigaldamine uksele 30-115 mm \u00b7 Paigaldamine tavaliste lukukorpus mehhanism \u00b7 Office \/ hotelli re\u017eiim \u00b7\" \/>\n<meta property=\"og:url\" content=\"https:\/\/fonolukk.eu\/et\/tooted\/eurolock-eht-net-72mm\/\" \/>\n<meta property=\"og:site_name\" content=\"Fonolukk\" \/>\n<meta property=\"article:publisher\" content=\"https:\/\/www.facebook.com\/fonolukk\" \/>\n<meta property=\"article:modified_time\" content=\"2020-05-03T20:37:48+00:00\" \/>\n<meta property=\"og:image\" content=\"https:\/\/fonolukk.eu\/wp-content\/uploads\/2020\/05\/eurolock-s-600x600_0-1.jpg\" \/>\n\t<meta property=\"og:image:width\" content=\"600\" \/>\n\t<meta property=\"og:image:height\" content=\"600\" \/>\n\t<meta property=\"og:image:type\" content=\"image\/jpeg\" \/>\n<meta name=\"twitter:card\" content=\"summary_large_image\" \/>\n<meta name=\"twitter:label1\" content=\"Hind\" \/>\n\t<meta name=\"twitter:data1\" content=\"&euro;183.33 koos KM\" \/>\n\t<meta name=\"twitter:label2\" content=\"Availability\" \/>\n\t<meta name=\"twitter:data2\" content=\"Laos\" \/>\n<script type=\"application\/ld+json\" class=\"yoast-schema-graph\">{\"@context\":\"https:\\\/\\\/schema.org\",\"@graph\":[{\"@type\":\"WebPage\",\"@id\":\"https:\\\/\\\/fonolukk.eu\\\/et\\\/tooted\\\/eurolock-eht-net-72mm\\\/\",\"url\":\"https:\\\/\\\/fonolukk.eu\\\/et\\\/tooted\\\/eurolock-eht-net-72mm\\\/\",\"name\":\"Eurolock EHT net 72mm - Fonolukk\",\"isPartOf\":{\"@id\":\"https:\\\/\\\/fonolukk.eu\\\/et\\\/#website\"},\"primaryImageOfPage\":{\"@id\":\"https:\\\/\\\/fonolukk.eu\\\/et\\\/tooted\\\/eurolock-eht-net-72mm\\\/#primaryimage\"},\"image\":{\"@id\":\"https:\\\/\\\/fonolukk.eu\\\/et\\\/tooted\\\/eurolock-eht-net-72mm\\\/#primaryimage\"},\"thumbnailUrl\":\"https:\\\/\\\/fonolukk.eu\\\/wp-content\\\/uploads\\\/2020\\\/05\\\/eurolock-s-600x600_0-1.jpg\",\"datePublished\":\"2020-05-03T20:34:31+00:00\",\"dateModified\":\"2020-05-03T20:37:48+00:00\",\"description\":\"Eurolock EHT net 72mm - Fonolukk\",\"breadcrumb\":{\"@id\":\"https:\\\/\\\/fonolukk.eu\\\/et\\\/tooted\\\/eurolock-eht-net-72mm\\\/#breadcrumb\"},\"inLanguage\":\"et\",\"potentialAction\":[{\"@type\":\"ReadAction\",\"target\":[\"https:\\\/\\\/fonolukk.eu\\\/et\\\/tooted\\\/eurolock-eht-net-72mm\\\/\"]}]},{\"@type\":\"ImageObject\",\"inLanguage\":\"et\",\"@id\":\"https:\\\/\\\/fonolukk.eu\\\/et\\\/tooted\\\/eurolock-eht-net-72mm\\\/#primaryimage\",\"url\":\"https:\\\/\\\/fonolukk.eu\\\/wp-content\\\/uploads\\\/2020\\\/05\\\/eurolock-s-600x600_0-1.jpg\",\"contentUrl\":\"https:\\\/\\\/fonolukk.eu\\\/wp-content\\\/uploads\\\/2020\\\/05\\\/eurolock-s-600x600_0-1.jpg\",\"width\":600,\"height\":600},{\"@type\":\"BreadcrumbList\",\"@id\":\"https:\\\/\\\/fonolukk.eu\\\/et\\\/tooted\\\/eurolock-eht-net-72mm\\\/#breadcrumb\",\"itemListElement\":[{\"@type\":\"ListItem\",\"position\":1,\"name\":\"Esileht\",\"item\":\"https:\\\/\\\/fonolukk.eu\\\/et\\\/koduleht\\\/\"},{\"@type\":\"ListItem\",\"position\":2,\"name\":\"Tooted\",\"item\":\"https:\\\/\\\/fonolukk.eu\\\/et\\\/shop-2\\\/\"},{\"@type\":\"ListItem\",\"position\":3,\"name\":\"L\u00e4bip\u00e4\u00e4sus\u00fcsteem\",\"item\":\"https:\\\/\\\/fonolukk.eu\\\/et\\\/product-category\\\/labipaasususteem\\\/\"},{\"@type\":\"ListItem\",\"position\":4,\"name\":\"Kontroller\",\"item\":\"https:\\\/\\\/fonolukk.eu\\\/et\\\/product-category\\\/labipaasususteem\\\/kontroller\\\/\"},{\"@type\":\"ListItem\",\"position\":5,\"name\":\"Network kontroller\",\"item\":\"https:\\\/\\\/fonolukk.eu\\\/et\\\/product-category\\\/labipaasususteem\\\/kontroller\\\/network-kontroller\\\/\"},{\"@type\":\"ListItem\",\"position\":6,\"name\":\"Eurolock EHT net 72mm\"}]},{\"@type\":\"WebSite\",\"@id\":\"https:\\\/\\\/fonolukk.eu\\\/et\\\/#website\",\"url\":\"https:\\\/\\\/fonolukk.eu\\\/et\\\/\",\"name\":\"Fonolukk eu\",\"description\":\"Smart Security Systems\",\"publisher\":{\"@id\":\"https:\\\/\\\/fonolukk.eu\\\/et\\\/#organization\"},\"potentialAction\":[{\"@type\":\"SearchAction\",\"target\":{\"@type\":\"EntryPoint\",\"urlTemplate\":\"https:\\\/\\\/fonolukk.eu\\\/et\\\/?s={search_term_string}\"},\"query-input\":{\"@type\":\"PropertyValueSpecification\",\"valueRequired\":true,\"valueName\":\"search_term_string\"}}],\"inLanguage\":\"et\"},{\"@type\":\"Organization\",\"@id\":\"https:\\\/\\\/fonolukk.eu\\\/et\\\/#organization\",\"name\":\"Smart Security OU\",\"url\":\"https:\\\/\\\/fonolukk.eu\\\/et\\\/\",\"logo\":{\"@type\":\"ImageObject\",\"inLanguage\":\"et\",\"@id\":\"https:\\\/\\\/fonolukk.eu\\\/et\\\/#\\\/schema\\\/logo\\\/image\\\/\",\"url\":\"https:\\\/\\\/fonolukk.eu\\\/wp-content\\\/uploads\\\/2023\\\/09\\\/fonolukk.png\",\"contentUrl\":\"https:\\\/\\\/fonolukk.eu\\\/wp-content\\\/uploads\\\/2023\\\/09\\\/fonolukk.png\",\"width\":277,\"height\":274,\"caption\":\"Smart Security OU\"},\"image\":{\"@id\":\"https:\\\/\\\/fonolukk.eu\\\/et\\\/#\\\/schema\\\/logo\\\/image\\\/\"},\"sameAs\":[\"https:\\\/\\\/www.facebook.com\\\/fonolukk\",\"https:\\\/\\\/www.instagram.com\\\/fonolukk\\\/?hl=ru\"],\"publishingPrinciples\":\"https:\\\/\\\/fonolukk.eu\\\/terms-and-conditions\\\/\",\"ownershipFundingInfo\":\"https:\\\/\\\/fonolukk.eu\\\/about-us\\\/\"}]}<\/script>\n<meta property=\"product:brand\" content=\"IronLogic\" \/>\n<meta property=\"product:price:amount\" content=\"183.33\" \/>\n<meta property=\"product:price:currency\" content=\"EUR\" \/>\n<meta property=\"og:availability\" content=\"instock\" \/>\n<meta property=\"product:availability\" content=\"instock\" \/>\n<meta property=\"product:retailer_item_id\" content=\"Eurolock EHT net 72\" \/>\n<meta property=\"product:condition\" content=\"new\" \/>\n<!-- \/ Yoast SEO Premium plugin. -->","yoast_head_json":{"title":"Eurolock EHT net 72mm - Fonolukk","description":"Eurolock EHT net 72mm - Fonolukk","robots":{"index":"index","follow":"follow","max-snippet":"max-snippet:-1","max-image-preview":"max-image-preview:large","max-video-preview":"max-video-preview:-1"},"canonical":"https:\/\/fonolukk.eu\/et\/tooted\/eurolock-eht-net-72mm\/","og_locale":"et_EE","og_type":"article","og_title":"Eurolock EHT net 72mm","og_description":"\u00b7 Odav \u00b7 Paigaldamine ja \u00fchendamine 10 minutit \u00b7 Paigaldamine uksele 30-115 mm \u00b7 Paigaldamine tavaliste lukukorpus mehhanism \u00b7 Office \/ hotelli re\u017eiim \u00b7","og_url":"https:\/\/fonolukk.eu\/et\/tooted\/eurolock-eht-net-72mm\/","og_site_name":"Fonolukk","article_publisher":"https:\/\/www.facebook.com\/fonolukk","article_modified_time":"2020-05-03T20:37:48+00:00","og_image":[{"width":600,"height":600,"url":"https:\/\/fonolukk.eu\/wp-content\/uploads\/2020\/05\/eurolock-s-600x600_0-1.jpg","type":"image\/jpeg"}],"twitter_card":"summary_large_image","twitter_misc":{"Hind":"&euro;183.33 koos KM","Availability":"Laos"},"schema":{"@context":"https:\/\/schema.org","@graph":[{"@type":"WebPage","@id":"https:\/\/fonolukk.eu\/et\/tooted\/eurolock-eht-net-72mm\/","url":"https:\/\/fonolukk.eu\/et\/tooted\/eurolock-eht-net-72mm\/","name":"Eurolock EHT net 72mm - Fonolukk","isPartOf":{"@id":"https:\/\/fonolukk.eu\/et\/#website"},"primaryImageOfPage":{"@id":"https:\/\/fonolukk.eu\/et\/tooted\/eurolock-eht-net-72mm\/#primaryimage"},"image":{"@id":"https:\/\/fonolukk.eu\/et\/tooted\/eurolock-eht-net-72mm\/#primaryimage"},"thumbnailUrl":"https:\/\/fonolukk.eu\/wp-content\/uploads\/2020\/05\/eurolock-s-600x600_0-1.jpg","datePublished":"2020-05-03T20:34:31+00:00","dateModified":"2020-05-03T20:37:48+00:00","description":"Eurolock EHT net 72mm - Fonolukk","breadcrumb":{"@id":"https:\/\/fonolukk.eu\/et\/tooted\/eurolock-eht-net-72mm\/#breadcrumb"},"inLanguage":"et","potentialAction":[{"@type":"ReadAction","target":["https:\/\/fonolukk.eu\/et\/tooted\/eurolock-eht-net-72mm\/"]}]},{"@type":"ImageObject","inLanguage":"et","@id":"https:\/\/fonolukk.eu\/et\/tooted\/eurolock-eht-net-72mm\/#primaryimage","url":"https:\/\/fonolukk.eu\/wp-content\/uploads\/2020\/05\/eurolock-s-600x600_0-1.jpg","contentUrl":"https:\/\/fonolukk.eu\/wp-content\/uploads\/2020\/05\/eurolock-s-600x600_0-1.jpg","width":600,"height":600},{"@type":"BreadcrumbList","@id":"https:\/\/fonolukk.eu\/et\/tooted\/eurolock-eht-net-72mm\/#breadcrumb","itemListElement":[{"@type":"ListItem","position":1,"name":"Esileht","item":"https:\/\/fonolukk.eu\/et\/koduleht\/"},{"@type":"ListItem","position":2,"name":"Tooted","item":"https:\/\/fonolukk.eu\/et\/shop-2\/"},{"@type":"ListItem","position":3,"name":"L\u00e4bip\u00e4\u00e4sus\u00fcsteem","item":"https:\/\/fonolukk.eu\/et\/product-category\/labipaasususteem\/"},{"@type":"ListItem","position":4,"name":"Kontroller","item":"https:\/\/fonolukk.eu\/et\/product-category\/labipaasususteem\/kontroller\/"},{"@type":"ListItem","position":5,"name":"Network kontroller","item":"https:\/\/fonolukk.eu\/et\/product-category\/labipaasususteem\/kontroller\/network-kontroller\/"},{"@type":"ListItem","position":6,"name":"Eurolock EHT net 72mm"}]},{"@type":"WebSite","@id":"https:\/\/fonolukk.eu\/et\/#website","url":"https:\/\/fonolukk.eu\/et\/","name":"Fonolukk eu","description":"Smart Security Systems","publisher":{"@id":"https:\/\/fonolukk.eu\/et\/#organization"},"potentialAction":[{"@type":"SearchAction","target":{"@type":"EntryPoint","urlTemplate":"https:\/\/fonolukk.eu\/et\/?s={search_term_string}"},"query-input":{"@type":"PropertyValueSpecification","valueRequired":true,"valueName":"search_term_string"}}],"inLanguage":"et"},{"@type":"Organization","@id":"https:\/\/fonolukk.eu\/et\/#organization","name":"Smart Security OU","url":"https:\/\/fonolukk.eu\/et\/","logo":{"@type":"ImageObject","inLanguage":"et","@id":"https:\/\/fonolukk.eu\/et\/#\/schema\/logo\/image\/","url":"https:\/\/fonolukk.eu\/wp-content\/uploads\/2023\/09\/fonolukk.png","contentUrl":"https:\/\/fonolukk.eu\/wp-content\/uploads\/2023\/09\/fonolukk.png","width":277,"height":274,"caption":"Smart Security OU"},"image":{"@id":"https:\/\/fonolukk.eu\/et\/#\/schema\/logo\/image\/"},"sameAs":["https:\/\/www.facebook.com\/fonolukk","https:\/\/www.instagram.com\/fonolukk\/?hl=ru"],"publishingPrinciples":"https:\/\/fonolukk.eu\/terms-and-conditions\/","ownershipFundingInfo":"https:\/\/fonolukk.eu\/about-us\/"}]},"product_brand":"IronLogic","product_price_amount":"183.33","product_price_currency":"EUR","og_availability":"instock","product_availability":"instock","product_retailer_item_id":"Eurolock EHT net 72","product_condition":"new"},"_links":{"self":[{"href":"https:\/\/fonolukk.eu\/et\/wp-json\/wp\/v2\/product\/7428","targetHints":{"allow":["GET"]}}],"collection":[{"href":"https:\/\/fonolukk.eu\/et\/wp-json\/wp\/v2\/product"}],"about":[{"href":"https:\/\/fonolukk.eu\/et\/wp-json\/wp\/v2\/types\/product"}],"version-history":[{"count":0,"href":"https:\/\/fonolukk.eu\/et\/wp-json\/wp\/v2\/product\/7428\/revisions"}],"wp:featuredmedia":[{"embeddable":true,"href":"https:\/\/fonolukk.eu\/et\/wp-json\/wp\/v2\/media\/7431"}],"wp:attachment":[{"href":"https:\/\/fonolukk.eu\/et\/wp-json\/wp\/v2\/media?parent=7428"}],"wp:term":[{"taxonomy":"product_brand","embeddable":true,"href":"https:\/\/fonolukk.eu\/et\/wp-json\/wp\/v2\/product_brand?post=7428"},{"taxonomy":"product_cat","embeddable":true,"href":"https:\/\/fonolukk.eu\/et\/wp-json\/wp\/v2\/product_cat?post=7428"},{"taxonomy":"product_tag","embeddable":true,"href":"https:\/\/fonolukk.eu\/et\/wp-json\/wp\/v2\/product_tag?post=7428"}],"curies":[{"name":"wp","href":"https:\/\/api.w.org\/{rel}","templated":true}]}}