{"id":7458,"date":"2020-05-03T23:46:37","date_gmt":"2020-05-03T20:46:37","guid":{"rendered":"https:\/\/fonolukk.eu\/?post_type=product&#038;p=7458"},"modified":"2021-01-23T12:33:09","modified_gmt":"2021-01-23T10:33:09","slug":"matrix-ii-wi-fi","status":"publish","type":"product","link":"https:\/\/fonolukk.eu\/et\/tooted\/matrix-ii-wi-fi\/","title":{"rendered":"Matrix-II Wi-Fi"},"content":{"rendered":"<h2>Matrix-II Wi-Fi<\/h2>\n<p>Peamised omadused:<br \/>\nMadal hind<br \/>\nSisseehitatud lugeja<br \/>\nSide\u00fchendus: Wi-Fi<br \/>\nNiiskus- ja tolmukindel korpus<br \/>\nKiire paigaldamine ja \u00fchendamine<br \/>\nAutonoomne ja v\u00f5rgure\u017eiim<br \/>\nKaitse vale aktiveerimise eest<br \/>\nValige lukustuse t\u00fc\u00fcp<br \/>\nJuhtmooduli t\u00e4iustatud tarkvara konfiguratsioon Guard Light tarkvara abil<br \/>\nTavaline \/ TRIGGER \/ Block \/ Free Pass re\u017eiim<br \/>\nSpetsifikatsioonid:<br \/>\nT\u00f6\u00f6sagedus: 125 kHz<br \/>\nLugemiskaugus: 3-5 cm<br \/>\nT\u00f6\u00f6tamine identifikaatoritega: EM-Marine<br \/>\nV\u00f5tmete arv: 2024<br \/>\nM\u00e4letatud s\u00fcndmuste arv: 2048<br \/>\n\u00dchendatud lugejate arv: 2<br \/>\n\u00dchendatud lugeja protokoll: Dallas TM (iButton), Wiegand 26<br \/>\nLukustuse t\u00fc\u00fcbi valimiseks kasutage h\u00fcppajaid: jah<br \/>\nT\u00e4iturmehhanismi t\u00fc\u00fcp: elektromehaaniline \/ elektromagnetiline lukk, p\u00f6\u00f6rdvankr<br \/>\nT\u00f6\u00f6re\u017eiimide valgus ja heli: jah<br \/>\nLukustuse avamise kestuse seadistamine: 0 kuni 25,5 c<br \/>\nV\u00e4ljund: MOS transistor 1pc.<br \/>\nSide\u00fchendus: Wi-Fi<br \/>\nToide: 8-24V DC<br \/>\nVoolutarve: kuni 100 mA<br \/>\nL\u00fclitusvool: 5A<br \/>\nKaitse vale kaasamise vastu: jah<br \/>\nT\u00f6\u00f6temperatuur: -30 \u00b0 \u0421 + 40 \u00b0 \u0421<br \/>\n\u00dcldm\u00f5\u00f5tmed (mm): 85x44x18<\/p>\n","protected":false},"excerpt":{"rendered":"<p>Matrix-II Wi-Fi Peamised omadused: Madal hind Sisseehitatud lugeja Side\u00fchendus: Wi-Fi Niiskus- ja tolmukindel korpus Kiire paigaldamine ja \u00fchendamine Autonoomne ja<\/p>\n","protected":false},"featured_media":7471,"template":"","meta":[],"product_brand":[],"product_cat":[870,1480,866],"product_tag":[],"class_list":{"0":"post-7458","1":"product","2":"type-product","3":"status-publish","4":"has-post-thumbnail","6":"product_cat-kontroller","7":"product_cat-network-kontroller","8":"product_cat-labipaasususteem","9":"pa_brand-ironlogic-et","11":"first","12":"instock","13":"taxable","14":"shipping-taxable","15":"purchasable","16":"product-type-simple"},"yoast_head":"<!-- This site is optimized with the Yoast SEO Premium plugin v27.3 (Yoast SEO v27.3) - https:\/\/yoast.com\/product\/yoast-seo-premium-wordpress\/ -->\n<title>Matrix-II Wi-Fi - Fonolukk<\/title>\n<meta name=\"description\" content=\"Matrix-II Wi-Fi - Fonolukk\" \/>\n<meta name=\"robots\" content=\"index, follow, max-snippet:-1, max-image-preview:large, max-video-preview:-1\" \/>\n<link rel=\"canonical\" href=\"https:\/\/fonolukk.eu\/et\/tooted\/matrix-ii-wi-fi\/\" \/>\n<meta property=\"og:locale\" content=\"et_EE\" \/>\n<meta property=\"og:type\" content=\"article\" \/>\n<meta property=\"og:title\" content=\"Matrix-II Wi-Fi\" \/>\n<meta property=\"og:description\" content=\"Matrix-II Wi-Fi Peamised omadused: Madal hind Sisseehitatud lugeja Side\u00fchendus: Wi-Fi Niiskus- ja tolmukindel korpus Kiire paigaldamine ja \u00fchendamine\" \/>\n<meta property=\"og:url\" content=\"https:\/\/fonolukk.eu\/et\/tooted\/matrix-ii-wi-fi\/\" \/>\n<meta property=\"og:site_name\" content=\"Fonolukk\" \/>\n<meta property=\"article:publisher\" content=\"https:\/\/www.facebook.com\/fonolukk\" \/>\n<meta property=\"article:modified_time\" content=\"2021-01-23T10:33:09+00:00\" \/>\n<meta property=\"og:image\" content=\"https:\/\/fonolukk.eu\/wp-content\/uploads\/2020\/05\/MatrixII-600x600_0.jpg\" \/>\n\t<meta property=\"og:image:width\" content=\"600\" \/>\n\t<meta property=\"og:image:height\" content=\"600\" \/>\n\t<meta property=\"og:image:type\" content=\"image\/jpeg\" \/>\n<meta name=\"twitter:card\" content=\"summary_large_image\" \/>\n<meta name=\"twitter:label1\" content=\"Hind\" \/>\n\t<meta name=\"twitter:data1\" content=\"&euro;69.00 koos KM\" \/>\n\t<meta name=\"twitter:label2\" content=\"Availability\" \/>\n\t<meta name=\"twitter:data2\" content=\"Laos\" \/>\n<script type=\"application\/ld+json\" class=\"yoast-schema-graph\">{\"@context\":\"https:\\\/\\\/schema.org\",\"@graph\":[{\"@type\":\"WebPage\",\"@id\":\"https:\\\/\\\/fonolukk.eu\\\/et\\\/tooted\\\/matrix-ii-wi-fi\\\/\",\"url\":\"https:\\\/\\\/fonolukk.eu\\\/et\\\/tooted\\\/matrix-ii-wi-fi\\\/\",\"name\":\"Matrix-II Wi-Fi - Fonolukk\",\"isPartOf\":{\"@id\":\"https:\\\/\\\/fonolukk.eu\\\/et\\\/#website\"},\"primaryImageOfPage\":{\"@id\":\"https:\\\/\\\/fonolukk.eu\\\/et\\\/tooted\\\/matrix-ii-wi-fi\\\/#primaryimage\"},\"image\":{\"@id\":\"https:\\\/\\\/fonolukk.eu\\\/et\\\/tooted\\\/matrix-ii-wi-fi\\\/#primaryimage\"},\"thumbnailUrl\":\"https:\\\/\\\/fonolukk.eu\\\/wp-content\\\/uploads\\\/2020\\\/05\\\/MatrixII-600x600_0.jpg\",\"datePublished\":\"2020-05-03T20:46:37+00:00\",\"dateModified\":\"2021-01-23T10:33:09+00:00\",\"description\":\"Matrix-II Wi-Fi - Fonolukk\",\"breadcrumb\":{\"@id\":\"https:\\\/\\\/fonolukk.eu\\\/et\\\/tooted\\\/matrix-ii-wi-fi\\\/#breadcrumb\"},\"inLanguage\":\"et\",\"potentialAction\":[{\"@type\":\"ReadAction\",\"target\":[\"https:\\\/\\\/fonolukk.eu\\\/et\\\/tooted\\\/matrix-ii-wi-fi\\\/\"]}]},{\"@type\":\"ImageObject\",\"inLanguage\":\"et\",\"@id\":\"https:\\\/\\\/fonolukk.eu\\\/et\\\/tooted\\\/matrix-ii-wi-fi\\\/#primaryimage\",\"url\":\"https:\\\/\\\/fonolukk.eu\\\/wp-content\\\/uploads\\\/2020\\\/05\\\/MatrixII-600x600_0.jpg\",\"contentUrl\":\"https:\\\/\\\/fonolukk.eu\\\/wp-content\\\/uploads\\\/2020\\\/05\\\/MatrixII-600x600_0.jpg\",\"width\":600,\"height\":600,\"caption\":\"Matrix-II Wi-Fi\"},{\"@type\":\"BreadcrumbList\",\"@id\":\"https:\\\/\\\/fonolukk.eu\\\/et\\\/tooted\\\/matrix-ii-wi-fi\\\/#breadcrumb\",\"itemListElement\":[{\"@type\":\"ListItem\",\"position\":1,\"name\":\"Esileht\",\"item\":\"https:\\\/\\\/fonolukk.eu\\\/et\\\/koduleht\\\/\"},{\"@type\":\"ListItem\",\"position\":2,\"name\":\"Tooted\",\"item\":\"https:\\\/\\\/fonolukk.eu\\\/et\\\/shop-2\\\/\"},{\"@type\":\"ListItem\",\"position\":3,\"name\":\"L\u00e4bip\u00e4\u00e4sus\u00fcsteem\",\"item\":\"https:\\\/\\\/fonolukk.eu\\\/et\\\/product-category\\\/labipaasususteem\\\/\"},{\"@type\":\"ListItem\",\"position\":4,\"name\":\"Kontroller\",\"item\":\"https:\\\/\\\/fonolukk.eu\\\/et\\\/product-category\\\/labipaasususteem\\\/kontroller\\\/\"},{\"@type\":\"ListItem\",\"position\":5,\"name\":\"Network kontroller\",\"item\":\"https:\\\/\\\/fonolukk.eu\\\/et\\\/product-category\\\/labipaasususteem\\\/kontroller\\\/network-kontroller\\\/\"},{\"@type\":\"ListItem\",\"position\":6,\"name\":\"Matrix-II Wi-Fi\"}]},{\"@type\":\"WebSite\",\"@id\":\"https:\\\/\\\/fonolukk.eu\\\/et\\\/#website\",\"url\":\"https:\\\/\\\/fonolukk.eu\\\/et\\\/\",\"name\":\"Fonolukk eu\",\"description\":\"Smart Security Systems\",\"publisher\":{\"@id\":\"https:\\\/\\\/fonolukk.eu\\\/et\\\/#organization\"},\"potentialAction\":[{\"@type\":\"SearchAction\",\"target\":{\"@type\":\"EntryPoint\",\"urlTemplate\":\"https:\\\/\\\/fonolukk.eu\\\/et\\\/?s={search_term_string}\"},\"query-input\":{\"@type\":\"PropertyValueSpecification\",\"valueRequired\":true,\"valueName\":\"search_term_string\"}}],\"inLanguage\":\"et\"},{\"@type\":\"Organization\",\"@id\":\"https:\\\/\\\/fonolukk.eu\\\/et\\\/#organization\",\"name\":\"Smart Security OU\",\"url\":\"https:\\\/\\\/fonolukk.eu\\\/et\\\/\",\"logo\":{\"@type\":\"ImageObject\",\"inLanguage\":\"et\",\"@id\":\"https:\\\/\\\/fonolukk.eu\\\/et\\\/#\\\/schema\\\/logo\\\/image\\\/\",\"url\":\"https:\\\/\\\/fonolukk.eu\\\/wp-content\\\/uploads\\\/2023\\\/09\\\/fonolukk.png\",\"contentUrl\":\"https:\\\/\\\/fonolukk.eu\\\/wp-content\\\/uploads\\\/2023\\\/09\\\/fonolukk.png\",\"width\":277,\"height\":274,\"caption\":\"Smart Security OU\"},\"image\":{\"@id\":\"https:\\\/\\\/fonolukk.eu\\\/et\\\/#\\\/schema\\\/logo\\\/image\\\/\"},\"sameAs\":[\"https:\\\/\\\/www.facebook.com\\\/fonolukk\",\"https:\\\/\\\/www.instagram.com\\\/fonolukk\\\/?hl=ru\"],\"publishingPrinciples\":\"https:\\\/\\\/fonolukk.eu\\\/terms-and-conditions\\\/\",\"ownershipFundingInfo\":\"https:\\\/\\\/fonolukk.eu\\\/about-us\\\/\"}]}<\/script>\n<meta property=\"product:brand\" content=\"IronLogic\" \/>\n<meta property=\"product:price:amount\" content=\"69.00\" \/>\n<meta property=\"product:price:currency\" content=\"EUR\" \/>\n<meta property=\"og:availability\" content=\"instock\" \/>\n<meta property=\"product:availability\" content=\"instock\" \/>\n<meta property=\"product:retailer_item_id\" content=\"Matrix 2 wifi\" \/>\n<meta property=\"product:condition\" content=\"new\" \/>\n<!-- \/ Yoast SEO Premium plugin. -->","yoast_head_json":{"title":"Matrix-II Wi-Fi - Fonolukk","description":"Matrix-II Wi-Fi - Fonolukk","robots":{"index":"index","follow":"follow","max-snippet":"max-snippet:-1","max-image-preview":"max-image-preview:large","max-video-preview":"max-video-preview:-1"},"canonical":"https:\/\/fonolukk.eu\/et\/tooted\/matrix-ii-wi-fi\/","og_locale":"et_EE","og_type":"article","og_title":"Matrix-II Wi-Fi","og_description":"Matrix-II Wi-Fi Peamised omadused: Madal hind Sisseehitatud lugeja Side\u00fchendus: Wi-Fi Niiskus- ja tolmukindel korpus Kiire paigaldamine ja \u00fchendamine","og_url":"https:\/\/fonolukk.eu\/et\/tooted\/matrix-ii-wi-fi\/","og_site_name":"Fonolukk","article_publisher":"https:\/\/www.facebook.com\/fonolukk","article_modified_time":"2021-01-23T10:33:09+00:00","og_image":[{"width":600,"height":600,"url":"https:\/\/fonolukk.eu\/wp-content\/uploads\/2020\/05\/MatrixII-600x600_0.jpg","type":"image\/jpeg"}],"twitter_card":"summary_large_image","twitter_misc":{"Hind":"&euro;69.00 koos KM","Availability":"Laos"},"schema":{"@context":"https:\/\/schema.org","@graph":[{"@type":"WebPage","@id":"https:\/\/fonolukk.eu\/et\/tooted\/matrix-ii-wi-fi\/","url":"https:\/\/fonolukk.eu\/et\/tooted\/matrix-ii-wi-fi\/","name":"Matrix-II Wi-Fi - Fonolukk","isPartOf":{"@id":"https:\/\/fonolukk.eu\/et\/#website"},"primaryImageOfPage":{"@id":"https:\/\/fonolukk.eu\/et\/tooted\/matrix-ii-wi-fi\/#primaryimage"},"image":{"@id":"https:\/\/fonolukk.eu\/et\/tooted\/matrix-ii-wi-fi\/#primaryimage"},"thumbnailUrl":"https:\/\/fonolukk.eu\/wp-content\/uploads\/2020\/05\/MatrixII-600x600_0.jpg","datePublished":"2020-05-03T20:46:37+00:00","dateModified":"2021-01-23T10:33:09+00:00","description":"Matrix-II Wi-Fi - Fonolukk","breadcrumb":{"@id":"https:\/\/fonolukk.eu\/et\/tooted\/matrix-ii-wi-fi\/#breadcrumb"},"inLanguage":"et","potentialAction":[{"@type":"ReadAction","target":["https:\/\/fonolukk.eu\/et\/tooted\/matrix-ii-wi-fi\/"]}]},{"@type":"ImageObject","inLanguage":"et","@id":"https:\/\/fonolukk.eu\/et\/tooted\/matrix-ii-wi-fi\/#primaryimage","url":"https:\/\/fonolukk.eu\/wp-content\/uploads\/2020\/05\/MatrixII-600x600_0.jpg","contentUrl":"https:\/\/fonolukk.eu\/wp-content\/uploads\/2020\/05\/MatrixII-600x600_0.jpg","width":600,"height":600,"caption":"Matrix-II Wi-Fi"},{"@type":"BreadcrumbList","@id":"https:\/\/fonolukk.eu\/et\/tooted\/matrix-ii-wi-fi\/#breadcrumb","itemListElement":[{"@type":"ListItem","position":1,"name":"Esileht","item":"https:\/\/fonolukk.eu\/et\/koduleht\/"},{"@type":"ListItem","position":2,"name":"Tooted","item":"https:\/\/fonolukk.eu\/et\/shop-2\/"},{"@type":"ListItem","position":3,"name":"L\u00e4bip\u00e4\u00e4sus\u00fcsteem","item":"https:\/\/fonolukk.eu\/et\/product-category\/labipaasususteem\/"},{"@type":"ListItem","position":4,"name":"Kontroller","item":"https:\/\/fonolukk.eu\/et\/product-category\/labipaasususteem\/kontroller\/"},{"@type":"ListItem","position":5,"name":"Network kontroller","item":"https:\/\/fonolukk.eu\/et\/product-category\/labipaasususteem\/kontroller\/network-kontroller\/"},{"@type":"ListItem","position":6,"name":"Matrix-II Wi-Fi"}]},{"@type":"WebSite","@id":"https:\/\/fonolukk.eu\/et\/#website","url":"https:\/\/fonolukk.eu\/et\/","name":"Fonolukk eu","description":"Smart Security Systems","publisher":{"@id":"https:\/\/fonolukk.eu\/et\/#organization"},"potentialAction":[{"@type":"SearchAction","target":{"@type":"EntryPoint","urlTemplate":"https:\/\/fonolukk.eu\/et\/?s={search_term_string}"},"query-input":{"@type":"PropertyValueSpecification","valueRequired":true,"valueName":"search_term_string"}}],"inLanguage":"et"},{"@type":"Organization","@id":"https:\/\/fonolukk.eu\/et\/#organization","name":"Smart Security OU","url":"https:\/\/fonolukk.eu\/et\/","logo":{"@type":"ImageObject","inLanguage":"et","@id":"https:\/\/fonolukk.eu\/et\/#\/schema\/logo\/image\/","url":"https:\/\/fonolukk.eu\/wp-content\/uploads\/2023\/09\/fonolukk.png","contentUrl":"https:\/\/fonolukk.eu\/wp-content\/uploads\/2023\/09\/fonolukk.png","width":277,"height":274,"caption":"Smart Security OU"},"image":{"@id":"https:\/\/fonolukk.eu\/et\/#\/schema\/logo\/image\/"},"sameAs":["https:\/\/www.facebook.com\/fonolukk","https:\/\/www.instagram.com\/fonolukk\/?hl=ru"],"publishingPrinciples":"https:\/\/fonolukk.eu\/terms-and-conditions\/","ownershipFundingInfo":"https:\/\/fonolukk.eu\/about-us\/"}]},"product_brand":"IronLogic","product_price_amount":"69.00","product_price_currency":"EUR","og_availability":"instock","product_availability":"instock","product_retailer_item_id":"Matrix 2 wifi","product_condition":"new"},"_links":{"self":[{"href":"https:\/\/fonolukk.eu\/et\/wp-json\/wp\/v2\/product\/7458","targetHints":{"allow":["GET"]}}],"collection":[{"href":"https:\/\/fonolukk.eu\/et\/wp-json\/wp\/v2\/product"}],"about":[{"href":"https:\/\/fonolukk.eu\/et\/wp-json\/wp\/v2\/types\/product"}],"version-history":[{"count":0,"href":"https:\/\/fonolukk.eu\/et\/wp-json\/wp\/v2\/product\/7458\/revisions"}],"wp:featuredmedia":[{"embeddable":true,"href":"https:\/\/fonolukk.eu\/et\/wp-json\/wp\/v2\/media\/7471"}],"wp:attachment":[{"href":"https:\/\/fonolukk.eu\/et\/wp-json\/wp\/v2\/media?parent=7458"}],"wp:term":[{"taxonomy":"product_brand","embeddable":true,"href":"https:\/\/fonolukk.eu\/et\/wp-json\/wp\/v2\/product_brand?post=7458"},{"taxonomy":"product_cat","embeddable":true,"href":"https:\/\/fonolukk.eu\/et\/wp-json\/wp\/v2\/product_cat?post=7458"},{"taxonomy":"product_tag","embeddable":true,"href":"https:\/\/fonolukk.eu\/et\/wp-json\/wp\/v2\/product_tag?post=7458"}],"curies":[{"name":"wp","href":"https:\/\/api.w.org\/{rel}","templated":true}]}}