{"id":7538,"date":"2020-05-20T21:15:46","date_gmt":"2020-05-20T18:15:46","guid":{"rendered":"https:\/\/fonolukk.eu\/product\/lm-4s-5-white-soft\/"},"modified":"2025-10-31T23:08:14","modified_gmt":"2025-10-31T21:08:14","slug":"lm-4s-5-white-soft","status":"publish","type":"product","link":"https:\/\/fonolukk.eu\/et\/tooted\/lm-4s-5-white-soft\/","title":{"rendered":"LM-4S-5 Valge"},"content":{"rendered":"<p>LM-4 analoogne kodujaam<\/p>\n<p>Kodujaam on m\u00f5eldud analoogtelefonide jaoks, millel on 3+n, 4+n ja 5+n t\u00fc\u00fcpi mitmejuhtmelised paigaldised.<\/p>\n<p>LM-4 kodujaam on standardvarustuses, see t\u00f6\u00f6tab teiste tootjate sisetelefoni juhtpaneelidega analoogsete mitmejuhtmeliste sisetelefonis\u00fcsteemide jaoks. Selliste juhtpaneelidega \u00fchendamist h\u00f5lbustab \u00fcksikasjalik tehniline kirjeldus ja teiste ettev\u00f5tete kasutatavate m\u00e4rgistuste tabel, mis on lisatud kodujaama kasutusjuhendile<\/p>\n<p>LM-4S-5 valge sobib Farfisa s\u00fcsteemile<\/p>\n<p><img decoding=\"async\" class=\"alignnone size-medium wp-image-18003\" src=\"https:\/\/fonolukk.eu\/wp-content\/uploads\/2024\/08\/photo_2024-08-19-11.32.45-241x300.jpeg\" alt=\"\" width=\"241\" height=\"300\" srcset=\"https:\/\/fonolukk.eu\/wp-content\/uploads\/2024\/08\/photo_2024-08-19-11.32.45-241x300.jpeg 241w, https:\/\/fonolukk.eu\/wp-content\/uploads\/2024\/08\/photo_2024-08-19-11.32.45-150x187.jpeg 150w, https:\/\/fonolukk.eu\/wp-content\/uploads\/2024\/08\/photo_2024-08-19-11.32.45-600x748.jpeg 600w, https:\/\/fonolukk.eu\/wp-content\/uploads\/2024\/08\/photo_2024-08-19-11.32.45.jpeg 750w\" sizes=\"(max-width: 241px) 100vw, 241px\" \/> <img decoding=\"async\" class=\"alignnone size-medium wp-image-18006\" src=\"https:\/\/fonolukk.eu\/wp-content\/uploads\/2024\/08\/photo_2024-08-19-11.32.56-237x300.jpeg\" alt=\"\" width=\"237\" height=\"300\" srcset=\"https:\/\/fonolukk.eu\/wp-content\/uploads\/2024\/08\/photo_2024-08-19-11.32.56-237x300.jpeg 237w, https:\/\/fonolukk.eu\/wp-content\/uploads\/2024\/08\/photo_2024-08-19-11.32.56-150x190.jpeg 150w, https:\/\/fonolukk.eu\/wp-content\/uploads\/2024\/08\/photo_2024-08-19-11.32.56-600x760.jpeg 600w, https:\/\/fonolukk.eu\/wp-content\/uploads\/2024\/08\/photo_2024-08-19-11.32.56.jpeg 743w\" sizes=\"(max-width: 237px) 100vw, 237px\" \/><\/p>\n","protected":false},"excerpt":{"rendered":"<p>LM-4 analoogne kodujaam Kodujaam on m\u00f5eldud analoogtelefonide jaoks, millel on 3+n, 4+n ja 5+n t\u00fc\u00fcpi mitmejuhtmelised paigaldised. LM-4 kodujaam on<\/p>\n","protected":false},"featured_media":15668,"template":"","meta":[],"product_brand":[],"product_cat":[385,606,955,820,804,906],"product_tag":[840],"class_list":{"0":"post-7538","1":"product","2":"type-product","3":"status-publish","4":"has-post-thumbnail","6":"product_cat-intercom-torud","7":"product_cat-fonolukud","8":"product_cat-uksetelefoni-torud-et-2","9":"product_cat-urmet-et","10":"product_cat-farfisa-et","11":"product_cat-farfisa-et-2","12":"product_tag-41-et","14":"first","15":"instock","16":"taxable","17":"shipping-taxable","18":"purchasable","19":"product-type-simple"},"yoast_head":"<!-- This site is optimized with the Yoast SEO Premium plugin v27.3 (Yoast SEO v27.3) - https:\/\/yoast.com\/product\/yoast-seo-premium-wordpress\/ -->\n<title>LM-4S-5 Valge - Fonolukk<\/title>\n<meta name=\"description\" content=\"LM-4S-5 Valge - LM-4S-5 white soft sobib Farfisa s\u00fcsteemile.\" \/>\n<meta name=\"robots\" content=\"index, follow, max-snippet:-1, max-image-preview:large, max-video-preview:-1\" \/>\n<link rel=\"canonical\" href=\"https:\/\/fonolukk.eu\/et\/tooted\/lm-4s-5-white-soft\/\" \/>\n<meta property=\"og:locale\" content=\"et_EE\" \/>\n<meta property=\"og:type\" content=\"article\" \/>\n<meta property=\"og:title\" content=\"LM-4S-5 Valge\" \/>\n<meta property=\"og:description\" content=\"LM-4 analoogne kodujaam Kodujaam on m\u00f5eldud analoogtelefonide jaoks, millel on 3+n, 4+n ja 5+n t\u00fc\u00fcpi mitmejuhtmelised paigaldised. LM-4 kodujaam on\" \/>\n<meta property=\"og:url\" content=\"https:\/\/fonolukk.eu\/et\/tooted\/lm-4s-5-white-soft\/\" \/>\n<meta property=\"og:site_name\" content=\"Fonolukk\" \/>\n<meta property=\"article:publisher\" content=\"https:\/\/www.facebook.com\/fonolukk\" \/>\n<meta property=\"article:modified_time\" content=\"2025-10-31T21:08:14+00:00\" \/>\n<meta property=\"og:image\" content=\"https:\/\/fonolukk.eu\/wp-content\/uploads\/2020\/03\/intercom-intercom-tube-interphone-tube-doorphone-tube-laskomex-lm-ukt-2.jpeg\" \/>\n\t<meta property=\"og:image:width\" content=\"800\" \/>\n\t<meta property=\"og:image:height\" content=\"800\" \/>\n\t<meta property=\"og:image:type\" content=\"image\/jpeg\" \/>\n<meta name=\"twitter:card\" content=\"summary_large_image\" \/>\n<meta name=\"twitter:label1\" content=\"Hind\" \/>\n\t<meta name=\"twitter:data1\" content=\"&euro;28.69 koos KM\" \/>\n\t<meta name=\"twitter:label2\" content=\"Availability\" \/>\n\t<meta name=\"twitter:data2\" content=\"Laos\" \/>\n<script type=\"application\/ld+json\" class=\"yoast-schema-graph\">{\"@context\":\"https:\\\/\\\/schema.org\",\"@graph\":[{\"@type\":\"WebPage\",\"@id\":\"https:\\\/\\\/fonolukk.eu\\\/et\\\/tooted\\\/lm-4s-5-white-soft\\\/\",\"url\":\"https:\\\/\\\/fonolukk.eu\\\/et\\\/tooted\\\/lm-4s-5-white-soft\\\/\",\"name\":\"LM-4S-5 Valge - Fonolukk\",\"isPartOf\":{\"@id\":\"https:\\\/\\\/fonolukk.eu\\\/et\\\/#website\"},\"primaryImageOfPage\":{\"@id\":\"https:\\\/\\\/fonolukk.eu\\\/et\\\/tooted\\\/lm-4s-5-white-soft\\\/#primaryimage\"},\"image\":{\"@id\":\"https:\\\/\\\/fonolukk.eu\\\/et\\\/tooted\\\/lm-4s-5-white-soft\\\/#primaryimage\"},\"thumbnailUrl\":\"https:\\\/\\\/fonolukk.eu\\\/wp-content\\\/uploads\\\/2020\\\/03\\\/intercom-intercom-tube-interphone-tube-doorphone-tube-laskomex-lm-ukt-2.jpeg\",\"datePublished\":\"2020-05-20T18:15:46+00:00\",\"dateModified\":\"2025-10-31T21:08:14+00:00\",\"description\":\"LM-4S-5 Valge - LM-4S-5 white soft sobib Farfisa s\u00fcsteemile.\",\"breadcrumb\":{\"@id\":\"https:\\\/\\\/fonolukk.eu\\\/et\\\/tooted\\\/lm-4s-5-white-soft\\\/#breadcrumb\"},\"inLanguage\":\"et\",\"potentialAction\":[{\"@type\":\"ReadAction\",\"target\":[\"https:\\\/\\\/fonolukk.eu\\\/et\\\/tooted\\\/lm-4s-5-white-soft\\\/\"]}]},{\"@type\":\"ImageObject\",\"inLanguage\":\"et\",\"@id\":\"https:\\\/\\\/fonolukk.eu\\\/et\\\/tooted\\\/lm-4s-5-white-soft\\\/#primaryimage\",\"url\":\"https:\\\/\\\/fonolukk.eu\\\/wp-content\\\/uploads\\\/2020\\\/03\\\/intercom-intercom-tube-interphone-tube-doorphone-tube-laskomex-lm-ukt-2.jpeg\",\"contentUrl\":\"https:\\\/\\\/fonolukk.eu\\\/wp-content\\\/uploads\\\/2020\\\/03\\\/intercom-intercom-tube-interphone-tube-doorphone-tube-laskomex-lm-ukt-2.jpeg\",\"width\":800,\"height\":800,\"caption\":\"Fonolukk - Rainman lm\"},{\"@type\":\"BreadcrumbList\",\"@id\":\"https:\\\/\\\/fonolukk.eu\\\/et\\\/tooted\\\/lm-4s-5-white-soft\\\/#breadcrumb\",\"itemListElement\":[{\"@type\":\"ListItem\",\"position\":1,\"name\":\"Esileht\",\"item\":\"https:\\\/\\\/fonolukk.eu\\\/et\\\/koduleht\\\/\"},{\"@type\":\"ListItem\",\"position\":2,\"name\":\"Tooted\",\"item\":\"https:\\\/\\\/fonolukk.eu\\\/et\\\/shop-2\\\/\"},{\"@type\":\"ListItem\",\"position\":3,\"name\":\"Fonolukud\",\"item\":\"https:\\\/\\\/fonolukk.eu\\\/et\\\/product-category\\\/fonolukud\\\/\"},{\"@type\":\"ListItem\",\"position\":4,\"name\":\"LM-4S-5 Valge\"}]},{\"@type\":\"WebSite\",\"@id\":\"https:\\\/\\\/fonolukk.eu\\\/et\\\/#website\",\"url\":\"https:\\\/\\\/fonolukk.eu\\\/et\\\/\",\"name\":\"Fonolukk eu\",\"description\":\"Smart Security Systems\",\"publisher\":{\"@id\":\"https:\\\/\\\/fonolukk.eu\\\/et\\\/#organization\"},\"potentialAction\":[{\"@type\":\"SearchAction\",\"target\":{\"@type\":\"EntryPoint\",\"urlTemplate\":\"https:\\\/\\\/fonolukk.eu\\\/et\\\/?s={search_term_string}\"},\"query-input\":{\"@type\":\"PropertyValueSpecification\",\"valueRequired\":true,\"valueName\":\"search_term_string\"}}],\"inLanguage\":\"et\"},{\"@type\":\"Organization\",\"@id\":\"https:\\\/\\\/fonolukk.eu\\\/et\\\/#organization\",\"name\":\"Smart Security OU\",\"url\":\"https:\\\/\\\/fonolukk.eu\\\/et\\\/\",\"logo\":{\"@type\":\"ImageObject\",\"inLanguage\":\"et\",\"@id\":\"https:\\\/\\\/fonolukk.eu\\\/et\\\/#\\\/schema\\\/logo\\\/image\\\/\",\"url\":\"https:\\\/\\\/fonolukk.eu\\\/wp-content\\\/uploads\\\/2023\\\/09\\\/fonolukk.png\",\"contentUrl\":\"https:\\\/\\\/fonolukk.eu\\\/wp-content\\\/uploads\\\/2023\\\/09\\\/fonolukk.png\",\"width\":277,\"height\":274,\"caption\":\"Smart Security OU\"},\"image\":{\"@id\":\"https:\\\/\\\/fonolukk.eu\\\/et\\\/#\\\/schema\\\/logo\\\/image\\\/\"},\"sameAs\":[\"https:\\\/\\\/www.facebook.com\\\/fonolukk\",\"https:\\\/\\\/www.instagram.com\\\/fonolukk\\\/?hl=ru\"],\"publishingPrinciples\":\"https:\\\/\\\/fonolukk.eu\\\/terms-and-conditions\\\/\",\"ownershipFundingInfo\":\"https:\\\/\\\/fonolukk.eu\\\/about-us\\\/\"}]}<\/script>\n<meta property=\"product:price:amount\" content=\"28.69\" \/>\n<meta property=\"product:price:currency\" content=\"EUR\" \/>\n<meta property=\"og:availability\" content=\"instock\" \/>\n<meta property=\"product:availability\" content=\"instock\" \/>\n<meta property=\"product:condition\" content=\"new\" \/>\n<!-- \/ Yoast SEO Premium plugin. -->","yoast_head_json":{"title":"LM-4S-5 Valge - Fonolukk","description":"LM-4S-5 Valge - LM-4S-5 white soft sobib Farfisa s\u00fcsteemile.","robots":{"index":"index","follow":"follow","max-snippet":"max-snippet:-1","max-image-preview":"max-image-preview:large","max-video-preview":"max-video-preview:-1"},"canonical":"https:\/\/fonolukk.eu\/et\/tooted\/lm-4s-5-white-soft\/","og_locale":"et_EE","og_type":"article","og_title":"LM-4S-5 Valge","og_description":"LM-4 analoogne kodujaam Kodujaam on m\u00f5eldud analoogtelefonide jaoks, millel on 3+n, 4+n ja 5+n t\u00fc\u00fcpi mitmejuhtmelised paigaldised. LM-4 kodujaam on","og_url":"https:\/\/fonolukk.eu\/et\/tooted\/lm-4s-5-white-soft\/","og_site_name":"Fonolukk","article_publisher":"https:\/\/www.facebook.com\/fonolukk","article_modified_time":"2025-10-31T21:08:14+00:00","og_image":[{"width":800,"height":800,"url":"https:\/\/fonolukk.eu\/wp-content\/uploads\/2020\/03\/intercom-intercom-tube-interphone-tube-doorphone-tube-laskomex-lm-ukt-2.jpeg","type":"image\/jpeg"}],"twitter_card":"summary_large_image","twitter_misc":{"Hind":"&euro;28.69 koos KM","Availability":"Laos"},"schema":{"@context":"https:\/\/schema.org","@graph":[{"@type":"WebPage","@id":"https:\/\/fonolukk.eu\/et\/tooted\/lm-4s-5-white-soft\/","url":"https:\/\/fonolukk.eu\/et\/tooted\/lm-4s-5-white-soft\/","name":"LM-4S-5 Valge - Fonolukk","isPartOf":{"@id":"https:\/\/fonolukk.eu\/et\/#website"},"primaryImageOfPage":{"@id":"https:\/\/fonolukk.eu\/et\/tooted\/lm-4s-5-white-soft\/#primaryimage"},"image":{"@id":"https:\/\/fonolukk.eu\/et\/tooted\/lm-4s-5-white-soft\/#primaryimage"},"thumbnailUrl":"https:\/\/fonolukk.eu\/wp-content\/uploads\/2020\/03\/intercom-intercom-tube-interphone-tube-doorphone-tube-laskomex-lm-ukt-2.jpeg","datePublished":"2020-05-20T18:15:46+00:00","dateModified":"2025-10-31T21:08:14+00:00","description":"LM-4S-5 Valge - LM-4S-5 white soft sobib Farfisa s\u00fcsteemile.","breadcrumb":{"@id":"https:\/\/fonolukk.eu\/et\/tooted\/lm-4s-5-white-soft\/#breadcrumb"},"inLanguage":"et","potentialAction":[{"@type":"ReadAction","target":["https:\/\/fonolukk.eu\/et\/tooted\/lm-4s-5-white-soft\/"]}]},{"@type":"ImageObject","inLanguage":"et","@id":"https:\/\/fonolukk.eu\/et\/tooted\/lm-4s-5-white-soft\/#primaryimage","url":"https:\/\/fonolukk.eu\/wp-content\/uploads\/2020\/03\/intercom-intercom-tube-interphone-tube-doorphone-tube-laskomex-lm-ukt-2.jpeg","contentUrl":"https:\/\/fonolukk.eu\/wp-content\/uploads\/2020\/03\/intercom-intercom-tube-interphone-tube-doorphone-tube-laskomex-lm-ukt-2.jpeg","width":800,"height":800,"caption":"Fonolukk - Rainman lm"},{"@type":"BreadcrumbList","@id":"https:\/\/fonolukk.eu\/et\/tooted\/lm-4s-5-white-soft\/#breadcrumb","itemListElement":[{"@type":"ListItem","position":1,"name":"Esileht","item":"https:\/\/fonolukk.eu\/et\/koduleht\/"},{"@type":"ListItem","position":2,"name":"Tooted","item":"https:\/\/fonolukk.eu\/et\/shop-2\/"},{"@type":"ListItem","position":3,"name":"Fonolukud","item":"https:\/\/fonolukk.eu\/et\/product-category\/fonolukud\/"},{"@type":"ListItem","position":4,"name":"LM-4S-5 Valge"}]},{"@type":"WebSite","@id":"https:\/\/fonolukk.eu\/et\/#website","url":"https:\/\/fonolukk.eu\/et\/","name":"Fonolukk eu","description":"Smart Security Systems","publisher":{"@id":"https:\/\/fonolukk.eu\/et\/#organization"},"potentialAction":[{"@type":"SearchAction","target":{"@type":"EntryPoint","urlTemplate":"https:\/\/fonolukk.eu\/et\/?s={search_term_string}"},"query-input":{"@type":"PropertyValueSpecification","valueRequired":true,"valueName":"search_term_string"}}],"inLanguage":"et"},{"@type":"Organization","@id":"https:\/\/fonolukk.eu\/et\/#organization","name":"Smart Security OU","url":"https:\/\/fonolukk.eu\/et\/","logo":{"@type":"ImageObject","inLanguage":"et","@id":"https:\/\/fonolukk.eu\/et\/#\/schema\/logo\/image\/","url":"https:\/\/fonolukk.eu\/wp-content\/uploads\/2023\/09\/fonolukk.png","contentUrl":"https:\/\/fonolukk.eu\/wp-content\/uploads\/2023\/09\/fonolukk.png","width":277,"height":274,"caption":"Smart Security OU"},"image":{"@id":"https:\/\/fonolukk.eu\/et\/#\/schema\/logo\/image\/"},"sameAs":["https:\/\/www.facebook.com\/fonolukk","https:\/\/www.instagram.com\/fonolukk\/?hl=ru"],"publishingPrinciples":"https:\/\/fonolukk.eu\/terms-and-conditions\/","ownershipFundingInfo":"https:\/\/fonolukk.eu\/about-us\/"}]},"product_price_amount":"28.69","product_price_currency":"EUR","og_availability":"instock","product_availability":"instock","product_condition":"new"},"_links":{"self":[{"href":"https:\/\/fonolukk.eu\/et\/wp-json\/wp\/v2\/product\/7538","targetHints":{"allow":["GET"]}}],"collection":[{"href":"https:\/\/fonolukk.eu\/et\/wp-json\/wp\/v2\/product"}],"about":[{"href":"https:\/\/fonolukk.eu\/et\/wp-json\/wp\/v2\/types\/product"}],"version-history":[{"count":3,"href":"https:\/\/fonolukk.eu\/et\/wp-json\/wp\/v2\/product\/7538\/revisions"}],"predecessor-version":[{"id":19982,"href":"https:\/\/fonolukk.eu\/et\/wp-json\/wp\/v2\/product\/7538\/revisions\/19982"}],"wp:featuredmedia":[{"embeddable":true,"href":"https:\/\/fonolukk.eu\/et\/wp-json\/wp\/v2\/media\/15668"}],"wp:attachment":[{"href":"https:\/\/fonolukk.eu\/et\/wp-json\/wp\/v2\/media?parent=7538"}],"wp:term":[{"taxonomy":"product_brand","embeddable":true,"href":"https:\/\/fonolukk.eu\/et\/wp-json\/wp\/v2\/product_brand?post=7538"},{"taxonomy":"product_cat","embeddable":true,"href":"https:\/\/fonolukk.eu\/et\/wp-json\/wp\/v2\/product_cat?post=7538"},{"taxonomy":"product_tag","embeddable":true,"href":"https:\/\/fonolukk.eu\/et\/wp-json\/wp\/v2\/product_tag?post=7538"}],"curies":[{"name":"wp","href":"https:\/\/api.w.org\/{rel}","templated":true}]}}