{"id":7608,"date":"2020-02-26T18:38:27","date_gmt":"2020-02-26T18:38:27","guid":{"rendered":"https:\/\/fonolukk.eu\/product\/smart-audio-terminal-white\/"},"modified":"2025-04-09T10:10:36","modified_gmt":"2025-04-09T07:10:36","slug":"smart-audio-terminal-white","status":"publish","type":"product","link":"https:\/\/fonolukk.eu\/et\/tooted\/smart-audio-terminal-white\/","title":{"rendered":"SMART+ AUDIO TERMINAL, WHITE"},"content":{"rendered":"<h2><strong>GLASS &amp; TOUCH Disain<\/strong><\/h2>\n<p>Keemiliselt karastatud klaas on Touch Line toodete valmistamisel peamine materjal, andes neile minimalistliku ja ajatult elegantse v\u00e4limuse.<br \/>\nLisaks stiilsele esteetikale pakub karastatud klaas mitmeid olulisi eeliseid: kriimustuste- ja l\u00f6\u00f6gikindlus, vettpidavus, vastupidavus ning lihtne hooldus.<br \/>\nValgustatud <strong>TOUCH-klahvide<\/strong> kasutamine vastab kaasaegsetele disaini- ja tehnoloogiasuundadele, pakkudes kasutusmugavust t\u00e4nu laialt m\u00f5istetavale visuaalsele keelele ja intuitiivsele graafilisele t\u00e4histusele.<br \/>\n<strong>smart+ audio-terminal<\/strong>, t\u00e4nu oma soliidsele ja l\u00e4bim\u00f5eldud v\u00e4limusele, on stiilne sisekujunduselement, mis sobitub loomulikult igasse interj\u00f6\u00f6ri.<\/p>\n<h2><strong>Tark Kokkupanek | Lihtne Paigaldus<\/strong><\/h2>\n<p><strong>ELECTRA<\/strong> nutikas lahendus <strong>smart+ audio-terminali<\/strong> kokkupanekuks on originaalne ja t\u00f5hus, tulemuseks on \u00f5hukese profiiliga toode, mis on samas tolmukindel ja lihtsasti paigaldatav.<br \/>\nT\u00e4nu t\u00e4iuslikult kihilisele konstruktsioonile \u2013 tugev ABS-plastikust korpus ja 3 mm paksune karastatud klaas, mis on seestpoolt tugevdatud sama suuruse tr\u00fckkplaadiga \u2013 on toode vaid <strong>22 mm paksune<\/strong> ning seda saab h\u00f5lpsasti kinnitada igale pinnale.<\/p>\n<h2><strong>Intuitiivne K\u00e4ed-Vabad Kasutus<\/strong><\/h2>\n<p>Puute-tundlik klaviatuur on varustatud universaalsete minimalistlike ikoonidega, pakkudes puhast ja funktsionaalset kasutajaliidest.<br \/>\nSelle multifunktsionaalne disain annab kasutajale lisav\u00e4\u00e4rtust, v\u00f5imaldades k\u00f5iki funktsioone juhtida \u00fche puudutusega.<br \/>\nIntuitiivne kasutus p\u00fcsib sama lihtsana s\u00f5ltumata kasutussagedusest, tagades pikaajalise t\u00f6\u00f6kindluse.<\/p>\n<h2><strong>K\u00f5ne Vastuv\u00f5tt | Audio J\u00e4lgimine | Helina Valik<\/strong><\/h2>\n<p>Kui saabub k\u00f5ne, hakkab vastav klahv vilkuma.<br \/>\nVestlus algab \u00fche puudutusega ja toimub t\u00e4ielikult <strong>k\u00e4ed-vabalt<\/strong> kuni 2 minutit.<br \/>\nOotere\u017eiimis aktiveerib klahvi puudutus <strong>audioj\u00e4lgimise<\/strong> 15 sekundiks, v\u00f5imaldades vajadusel kahesuunalist suhtlust.<br \/>\nKasutaja saab valida <strong>eelistatud helina<\/strong> viie v\u00f5imaliku seast.<\/p>\n<h2><strong>Juurdep\u00e4\u00e4s | K\u00f5neduratsiooni Seadistus<\/strong><\/h2>\n<p>Juurdep\u00e4\u00e4su saab anda \u00fcksk\u00f5ik millises terminali t\u00f6\u00f6re\u017eiimis \u2013 ootere\u017eiim, k\u00f5ne, vestlus v\u00f5i j\u00e4lgimine.<br \/>\nOotere\u017eiimis saab <strong>k\u00f5neduratsiooni<\/strong> seadistada vastavalt soovile: <strong>1, 2 v\u00f5i 3 helinat<\/strong> v\u00f5i <strong>1 minut<\/strong>.<\/p>\n<h2><strong>Helina Valjus | Vestluse Valjus | Vaikne Re\u017eiim<\/strong><\/h2>\n<p>Saadaval on <strong>7 valjuse taset<\/strong> nii helina kui ka vestluse jaoks ning v\u00f5imalik on aktiveerida <strong>vaikne re\u017eiim<\/strong>.<br \/>\nHelitaset saab reguleerida nii kasutamise ajal kui ka ootere\u017eiimis.<br \/>\nVaikse t\u00f6\u00f6 re\u017eiimi n\u00e4itab <strong>pidevalt p\u00f5lev punane LED-tuli<\/strong>.<\/p>\n<h2><strong>Abik\u00e4sklus<\/strong><\/h2>\n<p><strong>Abiklahvi<\/strong> saab kasutada teiste automaatikaseadmete juhtimiseks, n\u00e4iteks <strong>automaatsed v\u00e4ravad<\/strong>, <strong>gara\u017eiuksed<\/strong> v\u00f5i <strong>v\u00e4lisvalgustuss\u00fcsteemid<\/strong>.<br \/>\n<strong>ELECTRA uksetelefoni s\u00fcsteem<\/strong> sisaldab otseseid \u00fchendusi sellise automaatika jaoks, v\u00f5imaldades s\u00fcsteemi h\u00f5lpsalt t\u00e4iendada erinevate lisaseadmetega.<\/p>\n","protected":false},"excerpt":{"rendered":"<p>GLASS &amp; TOUCH Disain Keemiliselt karastatud klaas on Touch Line toodete valmistamisel peamine materjal, andes neile minimalistliku ja ajatult elegantse<\/p>\n","protected":false},"featured_media":4559,"template":"","meta":[],"product_brand":[],"product_cat":[385,606,894,904,796],"product_tag":[875],"class_list":{"0":"post-7608","1":"product","2":"type-product","3":"status-publish","4":"has-post-thumbnail","6":"product_cat-intercom-torud","7":"product_cat-fonolukk","8":"product_cat-electra-et-2","9":"product_cat-uksetelefoni-torud","10":"product_cat-electra-et","11":"product_tag-electra-et","12":"pa_brand-electra-et","14":"first","15":"instock","16":"taxable","17":"shipping-taxable","18":"purchasable","19":"product-type-simple"},"yoast_head":"<!-- This site is optimized with the Yoast SEO Premium plugin v27.3 (Yoast SEO v27.3) - https:\/\/yoast.com\/product\/yoast-seo-premium-wordpress\/ -->\n<title>SMART+ AUDIO TERMINAL, WHITE - Fonolukk<\/title>\n<meta name=\"description\" content=\"SMART+ AUDIO TERMINAL, WHITE \u2013 smart+ audio-terminali kokkupanekulahendus on nii originaalne kui ka t\u00f5hus, mille tulemuseks on kvaliteetne toode.\" \/>\n<meta name=\"robots\" content=\"index, follow, max-snippet:-1, max-image-preview:large, max-video-preview:-1\" \/>\n<link rel=\"canonical\" href=\"https:\/\/fonolukk.eu\/et\/tooted\/smart-audio-terminal-white\/\" \/>\n<meta property=\"og:locale\" content=\"et_EE\" \/>\n<meta property=\"og:type\" content=\"article\" \/>\n<meta property=\"og:title\" content=\"SMART+ AUDIO TERMINAL, WHITE\" \/>\n<meta property=\"og:description\" content=\"GLASS &amp; TOUCH Disain Keemiliselt karastatud klaas on Touch Line toodete valmistamisel peamine materjal, andes neile minimalistliku ja ajatult\" \/>\n<meta property=\"og:url\" content=\"https:\/\/fonolukk.eu\/et\/tooted\/smart-audio-terminal-white\/\" \/>\n<meta property=\"og:site_name\" content=\"Fonolukk\" \/>\n<meta property=\"article:publisher\" content=\"https:\/\/www.facebook.com\/fonolukk\" \/>\n<meta property=\"article:modified_time\" content=\"2025-04-09T07:10:36+00:00\" \/>\n<meta property=\"og:image\" content=\"https:\/\/fonolukk.eu\/wp-content\/uploads\/2020\/02\/ATM.0S402.ELW04.jpg\" \/>\n\t<meta property=\"og:image:width\" content=\"1022\" \/>\n\t<meta property=\"og:image:height\" content=\"1150\" \/>\n\t<meta property=\"og:image:type\" content=\"image\/jpeg\" \/>\n<meta name=\"twitter:card\" content=\"summary_large_image\" \/>\n<meta name=\"twitter:label1\" content=\"Hind\" \/>\n\t<meta name=\"twitter:data1\" content=\"&euro;0.00 koos KM\" \/>\n\t<meta name=\"twitter:label2\" content=\"Availability\" \/>\n\t<meta name=\"twitter:data2\" content=\"Laos\" \/>\n<script type=\"application\/ld+json\" class=\"yoast-schema-graph\">{\"@context\":\"https:\\\/\\\/schema.org\",\"@graph\":[{\"@type\":\"WebPage\",\"@id\":\"https:\\\/\\\/fonolukk.eu\\\/et\\\/tooted\\\/smart-audio-terminal-white\\\/\",\"url\":\"https:\\\/\\\/fonolukk.eu\\\/et\\\/tooted\\\/smart-audio-terminal-white\\\/\",\"name\":\"SMART+ AUDIO TERMINAL, WHITE - Fonolukk\",\"isPartOf\":{\"@id\":\"https:\\\/\\\/fonolukk.eu\\\/et\\\/#website\"},\"primaryImageOfPage\":{\"@id\":\"https:\\\/\\\/fonolukk.eu\\\/et\\\/tooted\\\/smart-audio-terminal-white\\\/#primaryimage\"},\"image\":{\"@id\":\"https:\\\/\\\/fonolukk.eu\\\/et\\\/tooted\\\/smart-audio-terminal-white\\\/#primaryimage\"},\"thumbnailUrl\":\"https:\\\/\\\/fonolukk.eu\\\/wp-content\\\/uploads\\\/2020\\\/02\\\/ATM.0S402.ELW04.jpg\",\"datePublished\":\"2020-02-26T18:38:27+00:00\",\"dateModified\":\"2025-04-09T07:10:36+00:00\",\"description\":\"SMART+ AUDIO TERMINAL, WHITE \u2013 smart+ audio-terminali kokkupanekulahendus on nii originaalne kui ka t\u00f5hus, mille tulemuseks on kvaliteetne toode.\",\"breadcrumb\":{\"@id\":\"https:\\\/\\\/fonolukk.eu\\\/et\\\/tooted\\\/smart-audio-terminal-white\\\/#breadcrumb\"},\"inLanguage\":\"et\",\"potentialAction\":[{\"@type\":\"ReadAction\",\"target\":[\"https:\\\/\\\/fonolukk.eu\\\/et\\\/tooted\\\/smart-audio-terminal-white\\\/\"]}]},{\"@type\":\"ImageObject\",\"inLanguage\":\"et\",\"@id\":\"https:\\\/\\\/fonolukk.eu\\\/et\\\/tooted\\\/smart-audio-terminal-white\\\/#primaryimage\",\"url\":\"https:\\\/\\\/fonolukk.eu\\\/wp-content\\\/uploads\\\/2020\\\/02\\\/ATM.0S402.ELW04.jpg\",\"contentUrl\":\"https:\\\/\\\/fonolukk.eu\\\/wp-content\\\/uploads\\\/2020\\\/02\\\/ATM.0S402.ELW04.jpg\",\"width\":1022,\"height\":1150},{\"@type\":\"BreadcrumbList\",\"@id\":\"https:\\\/\\\/fonolukk.eu\\\/et\\\/tooted\\\/smart-audio-terminal-white\\\/#breadcrumb\",\"itemListElement\":[{\"@type\":\"ListItem\",\"position\":1,\"name\":\"Esileht\",\"item\":\"https:\\\/\\\/fonolukk.eu\\\/et\\\/koduleht\\\/\"},{\"@type\":\"ListItem\",\"position\":2,\"name\":\"Tooted\",\"item\":\"https:\\\/\\\/fonolukk.eu\\\/et\\\/shop-2\\\/\"},{\"@type\":\"ListItem\",\"position\":3,\"name\":\"Fonolukud\",\"item\":\"https:\\\/\\\/fonolukk.eu\\\/et\\\/product-category\\\/fonolukk\\\/\"},{\"@type\":\"ListItem\",\"position\":4,\"name\":\"Electra\",\"item\":\"https:\\\/\\\/fonolukk.eu\\\/et\\\/product-category\\\/fonolukk\\\/electra-et-2\\\/\"},{\"@type\":\"ListItem\",\"position\":5,\"name\":\"Uksetelefoni torud\",\"item\":\"https:\\\/\\\/fonolukk.eu\\\/et\\\/product-category\\\/fonolukk\\\/electra-et-2\\\/uksetelefoni-torud\\\/\"},{\"@type\":\"ListItem\",\"position\":6,\"name\":\"SMART+ AUDIO TERMINAL, WHITE\"}]},{\"@type\":\"WebSite\",\"@id\":\"https:\\\/\\\/fonolukk.eu\\\/et\\\/#website\",\"url\":\"https:\\\/\\\/fonolukk.eu\\\/et\\\/\",\"name\":\"Fonolukk eu\",\"description\":\"Smart Security Systems\",\"publisher\":{\"@id\":\"https:\\\/\\\/fonolukk.eu\\\/et\\\/#organization\"},\"potentialAction\":[{\"@type\":\"SearchAction\",\"target\":{\"@type\":\"EntryPoint\",\"urlTemplate\":\"https:\\\/\\\/fonolukk.eu\\\/et\\\/?s={search_term_string}\"},\"query-input\":{\"@type\":\"PropertyValueSpecification\",\"valueRequired\":true,\"valueName\":\"search_term_string\"}}],\"inLanguage\":\"et\"},{\"@type\":\"Organization\",\"@id\":\"https:\\\/\\\/fonolukk.eu\\\/et\\\/#organization\",\"name\":\"Smart Security OU\",\"url\":\"https:\\\/\\\/fonolukk.eu\\\/et\\\/\",\"logo\":{\"@type\":\"ImageObject\",\"inLanguage\":\"et\",\"@id\":\"https:\\\/\\\/fonolukk.eu\\\/et\\\/#\\\/schema\\\/logo\\\/image\\\/\",\"url\":\"https:\\\/\\\/fonolukk.eu\\\/wp-content\\\/uploads\\\/2023\\\/09\\\/fonolukk.png\",\"contentUrl\":\"https:\\\/\\\/fonolukk.eu\\\/wp-content\\\/uploads\\\/2023\\\/09\\\/fonolukk.png\",\"width\":277,\"height\":274,\"caption\":\"Smart Security OU\"},\"image\":{\"@id\":\"https:\\\/\\\/fonolukk.eu\\\/et\\\/#\\\/schema\\\/logo\\\/image\\\/\"},\"sameAs\":[\"https:\\\/\\\/www.facebook.com\\\/fonolukk\",\"https:\\\/\\\/www.instagram.com\\\/fonolukk\\\/?hl=ru\"],\"publishingPrinciples\":\"https:\\\/\\\/fonolukk.eu\\\/terms-and-conditions\\\/\",\"ownershipFundingInfo\":\"https:\\\/\\\/fonolukk.eu\\\/about-us\\\/\"}]}<\/script>\n<meta property=\"product:brand\" content=\"Electra\" \/>\n<meta property=\"product:price:amount\" content=\"0.00\" \/>\n<meta property=\"product:price:currency\" content=\"EUR\" \/>\n<meta property=\"og:availability\" content=\"instock\" \/>\n<meta property=\"product:availability\" content=\"instock\" \/>\n<meta property=\"product:retailer_item_id\" content=\"ATM.0S402.ELW04\" \/>\n<meta property=\"product:condition\" content=\"new\" \/>\n<!-- \/ Yoast SEO Premium plugin. -->","yoast_head_json":{"title":"SMART+ AUDIO TERMINAL, WHITE - Fonolukk","description":"SMART+ AUDIO TERMINAL, WHITE \u2013 smart+ audio-terminali kokkupanekulahendus on nii originaalne kui ka t\u00f5hus, mille tulemuseks on kvaliteetne toode.","robots":{"index":"index","follow":"follow","max-snippet":"max-snippet:-1","max-image-preview":"max-image-preview:large","max-video-preview":"max-video-preview:-1"},"canonical":"https:\/\/fonolukk.eu\/et\/tooted\/smart-audio-terminal-white\/","og_locale":"et_EE","og_type":"article","og_title":"SMART+ AUDIO TERMINAL, WHITE","og_description":"GLASS &amp; TOUCH Disain Keemiliselt karastatud klaas on Touch Line toodete valmistamisel peamine materjal, andes neile minimalistliku ja ajatult","og_url":"https:\/\/fonolukk.eu\/et\/tooted\/smart-audio-terminal-white\/","og_site_name":"Fonolukk","article_publisher":"https:\/\/www.facebook.com\/fonolukk","article_modified_time":"2025-04-09T07:10:36+00:00","og_image":[{"width":1022,"height":1150,"url":"https:\/\/fonolukk.eu\/wp-content\/uploads\/2020\/02\/ATM.0S402.ELW04.jpg","type":"image\/jpeg"}],"twitter_card":"summary_large_image","twitter_misc":{"Hind":"&euro;0.00 koos KM","Availability":"Laos"},"schema":{"@context":"https:\/\/schema.org","@graph":[{"@type":"WebPage","@id":"https:\/\/fonolukk.eu\/et\/tooted\/smart-audio-terminal-white\/","url":"https:\/\/fonolukk.eu\/et\/tooted\/smart-audio-terminal-white\/","name":"SMART+ AUDIO TERMINAL, WHITE - Fonolukk","isPartOf":{"@id":"https:\/\/fonolukk.eu\/et\/#website"},"primaryImageOfPage":{"@id":"https:\/\/fonolukk.eu\/et\/tooted\/smart-audio-terminal-white\/#primaryimage"},"image":{"@id":"https:\/\/fonolukk.eu\/et\/tooted\/smart-audio-terminal-white\/#primaryimage"},"thumbnailUrl":"https:\/\/fonolukk.eu\/wp-content\/uploads\/2020\/02\/ATM.0S402.ELW04.jpg","datePublished":"2020-02-26T18:38:27+00:00","dateModified":"2025-04-09T07:10:36+00:00","description":"SMART+ AUDIO TERMINAL, WHITE \u2013 smart+ audio-terminali kokkupanekulahendus on nii originaalne kui ka t\u00f5hus, mille tulemuseks on kvaliteetne toode.","breadcrumb":{"@id":"https:\/\/fonolukk.eu\/et\/tooted\/smart-audio-terminal-white\/#breadcrumb"},"inLanguage":"et","potentialAction":[{"@type":"ReadAction","target":["https:\/\/fonolukk.eu\/et\/tooted\/smart-audio-terminal-white\/"]}]},{"@type":"ImageObject","inLanguage":"et","@id":"https:\/\/fonolukk.eu\/et\/tooted\/smart-audio-terminal-white\/#primaryimage","url":"https:\/\/fonolukk.eu\/wp-content\/uploads\/2020\/02\/ATM.0S402.ELW04.jpg","contentUrl":"https:\/\/fonolukk.eu\/wp-content\/uploads\/2020\/02\/ATM.0S402.ELW04.jpg","width":1022,"height":1150},{"@type":"BreadcrumbList","@id":"https:\/\/fonolukk.eu\/et\/tooted\/smart-audio-terminal-white\/#breadcrumb","itemListElement":[{"@type":"ListItem","position":1,"name":"Esileht","item":"https:\/\/fonolukk.eu\/et\/koduleht\/"},{"@type":"ListItem","position":2,"name":"Tooted","item":"https:\/\/fonolukk.eu\/et\/shop-2\/"},{"@type":"ListItem","position":3,"name":"Fonolukud","item":"https:\/\/fonolukk.eu\/et\/product-category\/fonolukk\/"},{"@type":"ListItem","position":4,"name":"Electra","item":"https:\/\/fonolukk.eu\/et\/product-category\/fonolukk\/electra-et-2\/"},{"@type":"ListItem","position":5,"name":"Uksetelefoni torud","item":"https:\/\/fonolukk.eu\/et\/product-category\/fonolukk\/electra-et-2\/uksetelefoni-torud\/"},{"@type":"ListItem","position":6,"name":"SMART+ AUDIO TERMINAL, WHITE"}]},{"@type":"WebSite","@id":"https:\/\/fonolukk.eu\/et\/#website","url":"https:\/\/fonolukk.eu\/et\/","name":"Fonolukk eu","description":"Smart Security Systems","publisher":{"@id":"https:\/\/fonolukk.eu\/et\/#organization"},"potentialAction":[{"@type":"SearchAction","target":{"@type":"EntryPoint","urlTemplate":"https:\/\/fonolukk.eu\/et\/?s={search_term_string}"},"query-input":{"@type":"PropertyValueSpecification","valueRequired":true,"valueName":"search_term_string"}}],"inLanguage":"et"},{"@type":"Organization","@id":"https:\/\/fonolukk.eu\/et\/#organization","name":"Smart Security OU","url":"https:\/\/fonolukk.eu\/et\/","logo":{"@type":"ImageObject","inLanguage":"et","@id":"https:\/\/fonolukk.eu\/et\/#\/schema\/logo\/image\/","url":"https:\/\/fonolukk.eu\/wp-content\/uploads\/2023\/09\/fonolukk.png","contentUrl":"https:\/\/fonolukk.eu\/wp-content\/uploads\/2023\/09\/fonolukk.png","width":277,"height":274,"caption":"Smart Security OU"},"image":{"@id":"https:\/\/fonolukk.eu\/et\/#\/schema\/logo\/image\/"},"sameAs":["https:\/\/www.facebook.com\/fonolukk","https:\/\/www.instagram.com\/fonolukk\/?hl=ru"],"publishingPrinciples":"https:\/\/fonolukk.eu\/terms-and-conditions\/","ownershipFundingInfo":"https:\/\/fonolukk.eu\/about-us\/"}]},"product_brand":"Electra","product_price_amount":"0.00","product_price_currency":"EUR","og_availability":"instock","product_availability":"instock","product_retailer_item_id":"ATM.0S402.ELW04","product_condition":"new"},"_links":{"self":[{"href":"https:\/\/fonolukk.eu\/et\/wp-json\/wp\/v2\/product\/7608","targetHints":{"allow":["GET"]}}],"collection":[{"href":"https:\/\/fonolukk.eu\/et\/wp-json\/wp\/v2\/product"}],"about":[{"href":"https:\/\/fonolukk.eu\/et\/wp-json\/wp\/v2\/types\/product"}],"version-history":[{"count":3,"href":"https:\/\/fonolukk.eu\/et\/wp-json\/wp\/v2\/product\/7608\/revisions"}],"predecessor-version":[{"id":20030,"href":"https:\/\/fonolukk.eu\/et\/wp-json\/wp\/v2\/product\/7608\/revisions\/20030"}],"wp:featuredmedia":[{"embeddable":true,"href":"https:\/\/fonolukk.eu\/et\/wp-json\/wp\/v2\/media\/4559"}],"wp:attachment":[{"href":"https:\/\/fonolukk.eu\/et\/wp-json\/wp\/v2\/media?parent=7608"}],"wp:term":[{"taxonomy":"product_brand","embeddable":true,"href":"https:\/\/fonolukk.eu\/et\/wp-json\/wp\/v2\/product_brand?post=7608"},{"taxonomy":"product_cat","embeddable":true,"href":"https:\/\/fonolukk.eu\/et\/wp-json\/wp\/v2\/product_cat?post=7608"},{"taxonomy":"product_tag","embeddable":true,"href":"https:\/\/fonolukk.eu\/et\/wp-json\/wp\/v2\/product_tag?post=7608"}],"curies":[{"name":"wp","href":"https:\/\/api.w.org\/{rel}","templated":true}]}}