{"id":7610,"date":"2020-02-23T18:07:51","date_gmt":"2020-02-23T16:07:51","guid":{"rendered":"https:\/\/fonolukk.eu\/product\/smart-3-5-video-terminal-white\/"},"modified":"2020-08-12T15:11:57","modified_gmt":"2020-08-12T12:11:57","slug":"smart-3-5-video-terminal-white","status":"publish","type":"product","link":"https:\/\/fonolukk.eu\/et\/tooted\/smart-3-5-video-terminal-white\/","title":{"rendered":"SMART+ 3.5\u201d VIDEO TERMINAL, WHITE"},"content":{"rendered":"<h2 class=\"box-5b\"><strong><span style=\"vertical-align: inherit;\"><span style=\"vertical-align: inherit;\">KLAASI JA KOHTU disain<\/span><\/span><\/strong><\/h2>\n<p><span style=\"vertical-align: inherit;\"><span style=\"vertical-align: inherit;\">Keemiliselt karastatud klaas \u043d\u0430 oluline materjal\u00a0\u00a0 <\/span><\/span><strong><span style=\"vertical-align: inherit;\"><span style=\"vertical-align: inherit;\">Touch Line<\/span><\/span><\/strong><span style=\"vertical-align: inherit;\"><span style=\"vertical-align: inherit;\"> \u00a0\u00a0tootevaliku tootmisel, indutseerides sellega minimalistlikku ja <\/span><\/span><br \/>\n<span style=\"vertical-align: inherit;\"><span style=\"vertical-align: inherit;\">ajatut elegantsi. <\/span><\/span><br \/>\n<span style=\"vertical-align: inherit;\"><span style=\"vertical-align: inherit;\">Lisaks minimalistlikule esteetikale tagab keemiliselt karastatud klaas ka todete muud p\u00f5hiomadused: kriimustus- ja l\u00f6\u00f6gikindlus, l\u00e4bitungimatus, p\u00fcsiv poleeritud k\u00fclg ja lihtne hooldus. <\/span><\/span><br \/>\n<span style=\"vertical-align: inherit;\"><span style=\"vertical-align: inherit;\">Taustavalgustusega TOUCH-klahvide kasutamine hoiab visuaalselt tunnustatud visuaalse kee kaudu intuitiivsete graafiliste m\u00e4rkidega vastavusse disaini ja tehnoloogia praeguste suundumustega, misus k\u00e4situs tug. <\/span><\/span><br \/>\n<span style=\"vertical-align: inherit;\"><span style=\"vertical-align: inherit;\">T\u00e4nu kindlale ja h\u00e4davajalikule pilgule on\u00a0\u00a0 <\/span><\/span><strong><span style=\"vertical-align: inherit;\"><span style=\"vertical-align: inherit;\">nutikas +<\/span><\/span><\/strong><span style=\"vertical-align: inherit;\"><span style=\"vertical-align: inherit;\"> \u00a03,5-tolline \u0432\u0438\u0434\u0435\u043e\u0442\u0435\u0440\u043c\u0438\u043d\u0430\u043b esindab stiilset kohalolekut, mille saab loomulikult Intereerida igasse <\/span><\/span><br \/>\n<span style=\"vertical-align: inherit;\"><span style=\"vertical-align: inherit;\">sisekeskkonda.<\/span><\/span><\/p>\n<h2 class=\"box-5b\"><strong>Nutikas kokkupanek |\u00a0Lihtne paigaldada<\/strong><\/h2>\n<p><strong>ELECTRA\u00a0<\/strong>\u00a0koost lahus\u00a0\u00a0<strong>smart +<\/strong>\u00a0\u00a03,5 &#8220;video terminal on originaal ja t\u00f5hus, mille tulemuseks on toote \u00f5huke v\u00e4limus, kuid samal ajal tolmukindel ja lihtne paigaldada.<br \/>\nT\u00e4nu konstruktsioonielementide ideaalselt kihilisele \u00fchendusele, vastavalt vastupidavale ABS korpusele ja 3 mm keemiliselt karastatud klaasile, mille sisemus kahekordistub sama m\u00f5\u00f5tmega tr\u00fckkplaadi abil, saadakse vastupidav, ainult 22 mm paksune toode, mis on v\u00e4ga kergesti paigaldatav mis tahes pinnale.<\/p>\n<h2 class=\"box-5b\"><strong>3,5-tolline v\u00e4rviline LCD-ekraan<\/strong><\/h2>\n<p>Lihtne t\u00f5de on see, et \u00fcks pilt on v\u00e4\u00e4rt rohkem kui tuhat s\u00f5na.\u00a0<strong>Smart +<\/strong>\u00a0\u00a03,5 &#8220;video n\u00e4itab terminal k\u00f5rglahutusega pilte ajal kogu k\u00f5ne ajaks, r\u00e4\u00e4kida ja j\u00e4lgida.<br \/>\n\u00d6ine n\u00e4gemine on suurep\u00e4rane 20 meetri kaugusel isegi siis, kui t\u00e4navavalgustus puudub.<\/p>\n<h2 class=\"box-5b\"><strong>Intuitiivne k\u00e4ed-vabad kasutamine<\/strong><\/h2>\n<p>Puutetundlik klaviatuur on v\u00e4ga esinduslik nii universaalsete minimalistlike s\u00fcmbolite kui ka visuaalse signaalimise kaudu kogu kasutusaja jooksul.\u00a0Klahvidel on ootere\u017eiimis ja kasutamise ajal erinevad funktsioonid, see on multifunktsionaalsus, mis pakub kasutajatele t\u00e4iendavaid eeliseid.<br \/>\nKasutaja ja terminali vaheline suhtlus on minimaalne, kuna mis tahes funktsiooni saab saavutada \u00fche klahvivajutusega.<br \/>\nTeine puutetundlike klahvide v\u00e4ga oluline omadus on see, et nad ei blokeeru, s\u00f5ltumata kasutamissagedusest, mis t\u00e4hendab pikaajalist t\u00f6\u00f6kindlust.<\/p>\n<h2 class=\"box-5\"><strong>K\u00f5ne vastamine |\u00a0Mitu seiret |\u00a0Helina valik<\/strong><\/h2>\n<p>Kui terminali kutsutakse, siis klahv vilgub.<br \/>\nJutt algab lihtsa puudutusega ja j\u00e4tkub t\u00e4iesti k\u00e4ed-vabad, maksimaalselt 2 min.<br \/>\nKui terminal on ootere\u017eiimis, aktiveerib klahvi puudutamine audio-video j\u00e4lgimise 15 sekundiks.\u00a0Seet\u00f5ttu on igal ajal v\u00f5imalik n\u00e4ha ja kuulda, mis sissep\u00e4\u00e4su ees toimub, v\u00f5imaldades kahesuunalist vestlust.\u00a0Lisaks saab videoseiret teostada j\u00e4rjestikku mitme videokaameraga, kuna\u00a0\u00a0<strong>ELECTRA videoukses\u00fcsteem\u00a0<\/strong>\u00a0v\u00f5imaldab mitme t\u00e4iendava kaamera \u00fchendamist.<br \/>\nKa ootere\u017eiimis saab v\u00e4ga lihtsa protseduuri abil eelistatud helinat valida 5 saadaoleva valiku hulgast.<\/p>\n<h2 class=\"box-5\"><strong>Juurdep\u00e4\u00e4s |\u00a0K\u00f5ne kestuse seadistamine<\/strong><\/h2>\n<p>Juurdep\u00e4\u00e4su saab v\u00f5imaldada mis tahes terminalire\u017eiimis &#8211; ootere\u017eiimis, k\u00f5nes, vestluses v\u00f5i j\u00e4lgimisel.\u00a0Videopilt j\u00e4\u00e4b aktiivseks veel 10 sekundit, et visuaalselt kinnitada toimingu l\u00f5ppu.<br \/>\nOotere\u017eiimis saab ka k\u00f5ne kestust vastavalt eelistustele seada: 1\/2\/3 k\u00f5net v\u00f5i 1 min.<\/p>\n<div class=\"box-5\">K\u00f5nede maht |\u00a0Jutu maht |\u00a0Vaigista<\/div>\n<p>K\u00f5ne ja k\u00f5ne jaoks on saadaval 7 helitugevuse taset ning vaikse re\u017eiimi k\u00f5ne aktiveerimise v\u00f5imalus.\u00a0Helitugevust saab reguleerida nii kasutamise ajal kui ka ootere\u017eiimis.<br \/>\nVaikne re\u017eiim annab visuaalselt m\u00e4rku punasest LED-ist, mis p\u00f5leb p\u00fcsivalt.<\/p>\n<h2 class=\"box-5\"><strong>Abik\u00e4sklus<\/strong><\/h2>\n<p><span style=\"vertical-align: inherit;\"><span style=\"vertical-align: inherit;\"><span style=\"vertical-align: inherit;\"><span style=\"vertical-align: inherit;\">Lisav\u00f5tit saab kasutada teise automaatika juhtimiseks: \u0430\u0432\u0442\u043e\u043c\u0430\u0442\u0432\u044f\u0440\u0430\u0432, \u0433\u0430\u0440\u0430\u0436\u0438\u0443\u043a\u0441, \u0432\u044f\u043b\u0438\u0441\u0432\u0430\u043b\u044c\u0433\u0443\u0441\u0442\u0443\u0441\u0441\u044e\u0441\u0442\u0435\u043c.\u00a0<\/span><\/span><\/span><\/span><strong><span style=\"vertical-align: inherit;\"><span style=\"vertical-align: inherit;\"><span style=\"vertical-align: inherit;\"><span style=\"vertical-align: inherit;\">ELECTRA<\/span><\/span><\/span><\/span><\/strong><span style=\"vertical-align: inherit;\"><span style=\"vertical-align: inherit;\"><span style=\"vertical-align: inherit;\"><span style=\"vertical-align: inherit;\"> \u00a0\u00a0video ukse telefon s\u00fcsteem on varustatud ose\u00fchendust sellise automaatika, funktsioon, mis v\u00f5imaldab paigaldamist tuleb uuendada erinevate lisaseadmetega.<\/span><\/span><\/span><\/span><\/p>\n","protected":false},"excerpt":{"rendered":"<p>KLAASI JA KOHTU disain Keemiliselt karastatud klaas \u043d\u0430 oluline materjal\u00a0\u00a0 Touch Line \u00a0\u00a0tootevaliku tootmisel, indutseerides sellega minimalistlikku ja ajatut elegantsi.<\/p>\n","protected":false},"featured_media":4415,"template":"","meta":[],"product_brand":[],"product_cat":[385,606,894,904,796],"product_tag":[],"class_list":{"0":"post-7610","1":"product","2":"type-product","3":"status-publish","4":"has-post-thumbnail","6":"product_cat-intercom-torud","7":"product_cat-fonolukud","8":"product_cat-electra-et-2","9":"product_cat-uksetelefoni-torud","10":"product_cat-electra-et","11":"pa_brand-electra-et","13":"first","14":"instock","15":"taxable","16":"shipping-taxable","17":"product-type-simple"},"yoast_head":"<!-- This site is optimized with the Yoast SEO Premium plugin v27.3 (Yoast SEO v27.3) - https:\/\/yoast.com\/product\/yoast-seo-premium-wordpress\/ -->\n<title>SMART+ 3.5\u201d VIDEO TERMINAL, WHITE - Fonolukk<\/title>\n<meta name=\"description\" content=\"SMART+ 3.5\u201d VIDEO TERMINAL, WHITE - Fonolukk\" \/>\n<meta name=\"robots\" content=\"index, follow, max-snippet:-1, max-image-preview:large, max-video-preview:-1\" \/>\n<link rel=\"canonical\" href=\"https:\/\/fonolukk.eu\/et\/tooted\/smart-3-5-video-terminal-white\/\" \/>\n<meta property=\"og:locale\" content=\"et_EE\" \/>\n<meta property=\"og:type\" content=\"article\" \/>\n<meta property=\"og:title\" content=\"SMART+ 3.5\u201d VIDEO TERMINAL, WHITE\" \/>\n<meta property=\"og:description\" content=\"KLAASI JA KOHTU disain Keemiliselt karastatud klaas \u043d\u0430 oluline materjal\u00a0\u00a0 Touch Line \u00a0\u00a0tootevaliku tootmisel, indutseerides sellega minimalistlikku ja\" \/>\n<meta property=\"og:url\" content=\"https:\/\/fonolukk.eu\/et\/tooted\/smart-3-5-video-terminal-white\/\" \/>\n<meta property=\"og:site_name\" content=\"Fonolukk\" \/>\n<meta property=\"article:publisher\" content=\"https:\/\/www.facebook.com\/fonolukk\" \/>\n<meta property=\"article:modified_time\" content=\"2020-08-12T12:11:57+00:00\" \/>\n<meta property=\"og:image\" content=\"https:\/\/fonolukk.eu\/wp-content\/uploads\/2020\/02\/VTM.3S402.ELW02.jpg\" \/>\n\t<meta property=\"og:image:width\" content=\"1022\" \/>\n\t<meta property=\"og:image:height\" content=\"1150\" \/>\n\t<meta property=\"og:image:type\" content=\"image\/jpeg\" \/>\n<meta name=\"twitter:card\" content=\"summary_large_image\" \/>\n<meta name=\"twitter:label1\" content=\"Hind\" \/>\n\t<meta name=\"twitter:data1\" content=\"\" \/>\n\t<meta name=\"twitter:label2\" content=\"Availability\" \/>\n\t<meta name=\"twitter:data2\" content=\"Laos\" \/>\n<script type=\"application\/ld+json\" class=\"yoast-schema-graph\">{\"@context\":\"https:\\\/\\\/schema.org\",\"@graph\":[{\"@type\":\"WebPage\",\"@id\":\"https:\\\/\\\/fonolukk.eu\\\/et\\\/tooted\\\/smart-3-5-video-terminal-white\\\/\",\"url\":\"https:\\\/\\\/fonolukk.eu\\\/et\\\/tooted\\\/smart-3-5-video-terminal-white\\\/\",\"name\":\"SMART+ 3.5\u201d VIDEO TERMINAL, WHITE - Fonolukk\",\"isPartOf\":{\"@id\":\"https:\\\/\\\/fonolukk.eu\\\/et\\\/#website\"},\"primaryImageOfPage\":{\"@id\":\"https:\\\/\\\/fonolukk.eu\\\/et\\\/tooted\\\/smart-3-5-video-terminal-white\\\/#primaryimage\"},\"image\":{\"@id\":\"https:\\\/\\\/fonolukk.eu\\\/et\\\/tooted\\\/smart-3-5-video-terminal-white\\\/#primaryimage\"},\"thumbnailUrl\":\"https:\\\/\\\/fonolukk.eu\\\/wp-content\\\/uploads\\\/2020\\\/02\\\/VTM.3S402.ELW02.jpg\",\"datePublished\":\"2020-02-23T16:07:51+00:00\",\"dateModified\":\"2020-08-12T12:11:57+00:00\",\"description\":\"SMART+ 3.5\u201d VIDEO TERMINAL, WHITE - Fonolukk\",\"breadcrumb\":{\"@id\":\"https:\\\/\\\/fonolukk.eu\\\/et\\\/tooted\\\/smart-3-5-video-terminal-white\\\/#breadcrumb\"},\"inLanguage\":\"et\",\"potentialAction\":[{\"@type\":\"ReadAction\",\"target\":[\"https:\\\/\\\/fonolukk.eu\\\/et\\\/tooted\\\/smart-3-5-video-terminal-white\\\/\"]}]},{\"@type\":\"ImageObject\",\"inLanguage\":\"et\",\"@id\":\"https:\\\/\\\/fonolukk.eu\\\/et\\\/tooted\\\/smart-3-5-video-terminal-white\\\/#primaryimage\",\"url\":\"https:\\\/\\\/fonolukk.eu\\\/wp-content\\\/uploads\\\/2020\\\/02\\\/VTM.3S402.ELW02.jpg\",\"contentUrl\":\"https:\\\/\\\/fonolukk.eu\\\/wp-content\\\/uploads\\\/2020\\\/02\\\/VTM.3S402.ELW02.jpg\",\"width\":1022,\"height\":1150,\"caption\":\"Fonolukk - Smart Video Panel\"},{\"@type\":\"BreadcrumbList\",\"@id\":\"https:\\\/\\\/fonolukk.eu\\\/et\\\/tooted\\\/smart-3-5-video-terminal-white\\\/#breadcrumb\",\"itemListElement\":[{\"@type\":\"ListItem\",\"position\":1,\"name\":\"Esileht\",\"item\":\"https:\\\/\\\/fonolukk.eu\\\/et\\\/koduleht\\\/\"},{\"@type\":\"ListItem\",\"position\":2,\"name\":\"Tooted\",\"item\":\"https:\\\/\\\/fonolukk.eu\\\/et\\\/shop-2\\\/\"},{\"@type\":\"ListItem\",\"position\":3,\"name\":\"Fonolukud\",\"item\":\"https:\\\/\\\/fonolukk.eu\\\/et\\\/product-category\\\/fonolukud\\\/\"},{\"@type\":\"ListItem\",\"position\":4,\"name\":\"Electra\",\"item\":\"https:\\\/\\\/fonolukk.eu\\\/et\\\/product-category\\\/fonolukud\\\/electra-et-2\\\/\"},{\"@type\":\"ListItem\",\"position\":5,\"name\":\"Uksetelefoni torud\",\"item\":\"https:\\\/\\\/fonolukk.eu\\\/et\\\/product-category\\\/fonolukud\\\/electra-et-2\\\/uksetelefoni-torud\\\/\"},{\"@type\":\"ListItem\",\"position\":6,\"name\":\"SMART+ 3.5\u201d VIDEO TERMINAL, WHITE\"}]},{\"@type\":\"WebSite\",\"@id\":\"https:\\\/\\\/fonolukk.eu\\\/et\\\/#website\",\"url\":\"https:\\\/\\\/fonolukk.eu\\\/et\\\/\",\"name\":\"Fonolukk eu\",\"description\":\"Smart Security Systems\",\"publisher\":{\"@id\":\"https:\\\/\\\/fonolukk.eu\\\/et\\\/#organization\"},\"potentialAction\":[{\"@type\":\"SearchAction\",\"target\":{\"@type\":\"EntryPoint\",\"urlTemplate\":\"https:\\\/\\\/fonolukk.eu\\\/et\\\/?s={search_term_string}\"},\"query-input\":{\"@type\":\"PropertyValueSpecification\",\"valueRequired\":true,\"valueName\":\"search_term_string\"}}],\"inLanguage\":\"et\"},{\"@type\":\"Organization\",\"@id\":\"https:\\\/\\\/fonolukk.eu\\\/et\\\/#organization\",\"name\":\"Smart Security OU\",\"url\":\"https:\\\/\\\/fonolukk.eu\\\/et\\\/\",\"logo\":{\"@type\":\"ImageObject\",\"inLanguage\":\"et\",\"@id\":\"https:\\\/\\\/fonolukk.eu\\\/et\\\/#\\\/schema\\\/logo\\\/image\\\/\",\"url\":\"https:\\\/\\\/fonolukk.eu\\\/wp-content\\\/uploads\\\/2023\\\/09\\\/fonolukk.png\",\"contentUrl\":\"https:\\\/\\\/fonolukk.eu\\\/wp-content\\\/uploads\\\/2023\\\/09\\\/fonolukk.png\",\"width\":277,\"height\":274,\"caption\":\"Smart Security OU\"},\"image\":{\"@id\":\"https:\\\/\\\/fonolukk.eu\\\/et\\\/#\\\/schema\\\/logo\\\/image\\\/\"},\"sameAs\":[\"https:\\\/\\\/www.facebook.com\\\/fonolukk\",\"https:\\\/\\\/www.instagram.com\\\/fonolukk\\\/?hl=ru\"],\"publishingPrinciples\":\"https:\\\/\\\/fonolukk.eu\\\/terms-and-conditions\\\/\",\"ownershipFundingInfo\":\"https:\\\/\\\/fonolukk.eu\\\/about-us\\\/\"}]}<\/script>\n<meta property=\"product:brand\" content=\"Electra\" \/>\n<meta property=\"product:price:amount\" content=\"0.00\" \/>\n<meta property=\"product:price:currency\" content=\"EUR\" \/>\n<meta property=\"og:availability\" content=\"instock\" \/>\n<meta property=\"product:availability\" content=\"instock\" \/>\n<meta property=\"product:retailer_item_id\" content=\"VTM.3S402.ELW04\" \/>\n<meta property=\"product:condition\" content=\"new\" \/>\n<!-- \/ Yoast SEO Premium plugin. -->","yoast_head_json":{"title":"SMART+ 3.5\u201d VIDEO TERMINAL, WHITE - Fonolukk","description":"SMART+ 3.5\u201d VIDEO TERMINAL, WHITE - Fonolukk","robots":{"index":"index","follow":"follow","max-snippet":"max-snippet:-1","max-image-preview":"max-image-preview:large","max-video-preview":"max-video-preview:-1"},"canonical":"https:\/\/fonolukk.eu\/et\/tooted\/smart-3-5-video-terminal-white\/","og_locale":"et_EE","og_type":"article","og_title":"SMART+ 3.5\u201d VIDEO TERMINAL, WHITE","og_description":"KLAASI JA KOHTU disain Keemiliselt karastatud klaas \u043d\u0430 oluline materjal\u00a0\u00a0 Touch Line \u00a0\u00a0tootevaliku tootmisel, indutseerides sellega minimalistlikku ja","og_url":"https:\/\/fonolukk.eu\/et\/tooted\/smart-3-5-video-terminal-white\/","og_site_name":"Fonolukk","article_publisher":"https:\/\/www.facebook.com\/fonolukk","article_modified_time":"2020-08-12T12:11:57+00:00","og_image":[{"width":1022,"height":1150,"url":"https:\/\/fonolukk.eu\/wp-content\/uploads\/2020\/02\/VTM.3S402.ELW02.jpg","type":"image\/jpeg"}],"twitter_card":"summary_large_image","twitter_misc":{"Hind":"","Availability":"Laos"},"schema":{"@context":"https:\/\/schema.org","@graph":[{"@type":"WebPage","@id":"https:\/\/fonolukk.eu\/et\/tooted\/smart-3-5-video-terminal-white\/","url":"https:\/\/fonolukk.eu\/et\/tooted\/smart-3-5-video-terminal-white\/","name":"SMART+ 3.5\u201d VIDEO TERMINAL, WHITE - Fonolukk","isPartOf":{"@id":"https:\/\/fonolukk.eu\/et\/#website"},"primaryImageOfPage":{"@id":"https:\/\/fonolukk.eu\/et\/tooted\/smart-3-5-video-terminal-white\/#primaryimage"},"image":{"@id":"https:\/\/fonolukk.eu\/et\/tooted\/smart-3-5-video-terminal-white\/#primaryimage"},"thumbnailUrl":"https:\/\/fonolukk.eu\/wp-content\/uploads\/2020\/02\/VTM.3S402.ELW02.jpg","datePublished":"2020-02-23T16:07:51+00:00","dateModified":"2020-08-12T12:11:57+00:00","description":"SMART+ 3.5\u201d VIDEO TERMINAL, WHITE - Fonolukk","breadcrumb":{"@id":"https:\/\/fonolukk.eu\/et\/tooted\/smart-3-5-video-terminal-white\/#breadcrumb"},"inLanguage":"et","potentialAction":[{"@type":"ReadAction","target":["https:\/\/fonolukk.eu\/et\/tooted\/smart-3-5-video-terminal-white\/"]}]},{"@type":"ImageObject","inLanguage":"et","@id":"https:\/\/fonolukk.eu\/et\/tooted\/smart-3-5-video-terminal-white\/#primaryimage","url":"https:\/\/fonolukk.eu\/wp-content\/uploads\/2020\/02\/VTM.3S402.ELW02.jpg","contentUrl":"https:\/\/fonolukk.eu\/wp-content\/uploads\/2020\/02\/VTM.3S402.ELW02.jpg","width":1022,"height":1150,"caption":"Fonolukk - Smart Video Panel"},{"@type":"BreadcrumbList","@id":"https:\/\/fonolukk.eu\/et\/tooted\/smart-3-5-video-terminal-white\/#breadcrumb","itemListElement":[{"@type":"ListItem","position":1,"name":"Esileht","item":"https:\/\/fonolukk.eu\/et\/koduleht\/"},{"@type":"ListItem","position":2,"name":"Tooted","item":"https:\/\/fonolukk.eu\/et\/shop-2\/"},{"@type":"ListItem","position":3,"name":"Fonolukud","item":"https:\/\/fonolukk.eu\/et\/product-category\/fonolukud\/"},{"@type":"ListItem","position":4,"name":"Electra","item":"https:\/\/fonolukk.eu\/et\/product-category\/fonolukud\/electra-et-2\/"},{"@type":"ListItem","position":5,"name":"Uksetelefoni torud","item":"https:\/\/fonolukk.eu\/et\/product-category\/fonolukud\/electra-et-2\/uksetelefoni-torud\/"},{"@type":"ListItem","position":6,"name":"SMART+ 3.5\u201d VIDEO TERMINAL, WHITE"}]},{"@type":"WebSite","@id":"https:\/\/fonolukk.eu\/et\/#website","url":"https:\/\/fonolukk.eu\/et\/","name":"Fonolukk eu","description":"Smart Security Systems","publisher":{"@id":"https:\/\/fonolukk.eu\/et\/#organization"},"potentialAction":[{"@type":"SearchAction","target":{"@type":"EntryPoint","urlTemplate":"https:\/\/fonolukk.eu\/et\/?s={search_term_string}"},"query-input":{"@type":"PropertyValueSpecification","valueRequired":true,"valueName":"search_term_string"}}],"inLanguage":"et"},{"@type":"Organization","@id":"https:\/\/fonolukk.eu\/et\/#organization","name":"Smart Security OU","url":"https:\/\/fonolukk.eu\/et\/","logo":{"@type":"ImageObject","inLanguage":"et","@id":"https:\/\/fonolukk.eu\/et\/#\/schema\/logo\/image\/","url":"https:\/\/fonolukk.eu\/wp-content\/uploads\/2023\/09\/fonolukk.png","contentUrl":"https:\/\/fonolukk.eu\/wp-content\/uploads\/2023\/09\/fonolukk.png","width":277,"height":274,"caption":"Smart Security OU"},"image":{"@id":"https:\/\/fonolukk.eu\/et\/#\/schema\/logo\/image\/"},"sameAs":["https:\/\/www.facebook.com\/fonolukk","https:\/\/www.instagram.com\/fonolukk\/?hl=ru"],"publishingPrinciples":"https:\/\/fonolukk.eu\/terms-and-conditions\/","ownershipFundingInfo":"https:\/\/fonolukk.eu\/about-us\/"}]},"product_brand":"Electra","product_price_amount":"0.00","product_price_currency":"EUR","og_availability":"instock","product_availability":"instock","product_retailer_item_id":"VTM.3S402.ELW04","product_condition":"new"},"_links":{"self":[{"href":"https:\/\/fonolukk.eu\/et\/wp-json\/wp\/v2\/product\/7610","targetHints":{"allow":["GET"]}}],"collection":[{"href":"https:\/\/fonolukk.eu\/et\/wp-json\/wp\/v2\/product"}],"about":[{"href":"https:\/\/fonolukk.eu\/et\/wp-json\/wp\/v2\/types\/product"}],"version-history":[{"count":0,"href":"https:\/\/fonolukk.eu\/et\/wp-json\/wp\/v2\/product\/7610\/revisions"}],"wp:featuredmedia":[{"embeddable":true,"href":"https:\/\/fonolukk.eu\/et\/wp-json\/wp\/v2\/media\/4415"}],"wp:attachment":[{"href":"https:\/\/fonolukk.eu\/et\/wp-json\/wp\/v2\/media?parent=7610"}],"wp:term":[{"taxonomy":"product_brand","embeddable":true,"href":"https:\/\/fonolukk.eu\/et\/wp-json\/wp\/v2\/product_brand?post=7610"},{"taxonomy":"product_cat","embeddable":true,"href":"https:\/\/fonolukk.eu\/et\/wp-json\/wp\/v2\/product_cat?post=7610"},{"taxonomy":"product_tag","embeddable":true,"href":"https:\/\/fonolukk.eu\/et\/wp-json\/wp\/v2\/product_tag?post=7610"}],"curies":[{"name":"wp","href":"https:\/\/api.w.org\/{rel}","templated":true}]}}