{"id":7624,"date":"2020-07-01T09:07:14","date_gmt":"2020-07-01T06:07:14","guid":{"rendered":"https:\/\/fonolukk.eu\/?post_type=product&#038;p=7624"},"modified":"2020-07-04T11:27:26","modified_gmt":"2020-07-04T08:27:26","slug":"br250z-magnetluku-kinnitusplaat","status":"publish","type":"product","link":"https:\/\/fonolukk.eu\/et\/tooted\/br250z-magnetluku-kinnitusplaat\/","title":{"rendered":"BR250Z Magnetluku kinnitusplaat"},"content":{"rendered":"<h5>BR250Z Magnetluku kinnitusplaat<\/h5>\n<p>Lukuankru kinnitamiseks sissepoole avaneva ukse k\u00fclge<br \/>\nMaterjal &#8211; alumiinium<br \/>\nV\u00e4rv &#8211; h\u00f5be<br \/>\nReguleeritav Z-kinnitus EL250ML lukustamiseks<\/p>\n","protected":false},"excerpt":{"rendered":"<p>BR250Z Magnetluku kinnitusplaat Lukuankru kinnitamiseks sissepoole avaneva ukse k\u00fclge Materjal &#8211; alumiinium V\u00e4rv &#8211; h\u00f5be Reguleeritav Z-kinnitus EL250ML lukustamiseks<\/p>\n","protected":false},"featured_media":7627,"template":"","meta":[],"product_brand":[],"product_cat":[1125,880],"product_tag":[],"class_list":{"0":"post-7624","1":"product","2":"type-product","3":"status-publish","4":"has-post-thumbnail","6":"product_cat-aksessuaarid","7":"product_cat-elektrilukud","9":"first","10":"instock","11":"taxable","12":"shipping-taxable","13":"purchasable","14":"product-type-simple"},"yoast_head":"<!-- This site is optimized with the Yoast SEO Premium plugin v27.3 (Yoast SEO v27.3) - https:\/\/yoast.com\/product\/yoast-seo-premium-wordpress\/ -->\n<title>BR250Z Magnetluku kinnitusplaat - Fonolukk<\/title>\n<meta name=\"description\" content=\"BR250Z Magnetluku kinnitusplaat - Fonolukk\" \/>\n<meta name=\"robots\" content=\"index, follow, max-snippet:-1, max-image-preview:large, max-video-preview:-1\" \/>\n<link rel=\"canonical\" href=\"https:\/\/fonolukk.eu\/et\/tooted\/br250z-magnetluku-kinnitusplaat\/\" \/>\n<meta property=\"og:locale\" content=\"et_EE\" \/>\n<meta property=\"og:type\" content=\"article\" \/>\n<meta property=\"og:title\" content=\"BR250Z Magnetluku kinnitusplaat\" \/>\n<meta property=\"og:description\" content=\"BR250Z Magnetluku kinnitusplaat Lukuankru kinnitamiseks sissepoole avaneva ukse k\u00fclge Materjal - alumiinium V\u00e4rv - h\u00f5be Reguleeritav Z-kinnitus EL250ML\" \/>\n<meta property=\"og:url\" content=\"https:\/\/fonolukk.eu\/et\/tooted\/br250z-magnetluku-kinnitusplaat\/\" \/>\n<meta property=\"og:site_name\" content=\"Fonolukk\" \/>\n<meta property=\"article:publisher\" content=\"https:\/\/www.facebook.com\/fonolukk\" \/>\n<meta property=\"article:modified_time\" content=\"2020-07-04T08:27:26+00:00\" \/>\n<meta property=\"og:image\" content=\"https:\/\/fonolukk.eu\/wp-content\/uploads\/2020\/07\/2bb34dd06d1f11e39401e0db550d5514_328a3748ff1811e6941ae0db550d5514.resize1.jpg\" \/>\n\t<meta property=\"og:image:width\" content=\"800\" \/>\n\t<meta property=\"og:image:height\" content=\"800\" \/>\n\t<meta property=\"og:image:type\" content=\"image\/jpeg\" \/>\n<meta name=\"twitter:card\" content=\"summary_large_image\" \/>\n<meta name=\"twitter:label1\" content=\"Hind\" \/>\n\t<meta name=\"twitter:data1\" content=\"&euro;10.80 koos KM\" \/>\n\t<meta name=\"twitter:label2\" content=\"Availability\" \/>\n\t<meta name=\"twitter:data2\" content=\"Laos\" \/>\n<script type=\"application\/ld+json\" class=\"yoast-schema-graph\">{\"@context\":\"https:\\\/\\\/schema.org\",\"@graph\":[{\"@type\":\"WebPage\",\"@id\":\"https:\\\/\\\/fonolukk.eu\\\/et\\\/tooted\\\/br250z-magnetluku-kinnitusplaat\\\/\",\"url\":\"https:\\\/\\\/fonolukk.eu\\\/et\\\/tooted\\\/br250z-magnetluku-kinnitusplaat\\\/\",\"name\":\"BR250Z Magnetluku kinnitusplaat - Fonolukk\",\"isPartOf\":{\"@id\":\"https:\\\/\\\/fonolukk.eu\\\/et\\\/#website\"},\"primaryImageOfPage\":{\"@id\":\"https:\\\/\\\/fonolukk.eu\\\/et\\\/tooted\\\/br250z-magnetluku-kinnitusplaat\\\/#primaryimage\"},\"image\":{\"@id\":\"https:\\\/\\\/fonolukk.eu\\\/et\\\/tooted\\\/br250z-magnetluku-kinnitusplaat\\\/#primaryimage\"},\"thumbnailUrl\":\"https:\\\/\\\/fonolukk.eu\\\/wp-content\\\/uploads\\\/2020\\\/07\\\/2bb34dd06d1f11e39401e0db550d5514_328a3748ff1811e6941ae0db550d5514.resize1.jpg\",\"datePublished\":\"2020-07-01T06:07:14+00:00\",\"dateModified\":\"2020-07-04T08:27:26+00:00\",\"description\":\"BR250Z Magnetluku kinnitusplaat - Fonolukk\",\"breadcrumb\":{\"@id\":\"https:\\\/\\\/fonolukk.eu\\\/et\\\/tooted\\\/br250z-magnetluku-kinnitusplaat\\\/#breadcrumb\"},\"inLanguage\":\"et\",\"potentialAction\":[{\"@type\":\"ReadAction\",\"target\":[\"https:\\\/\\\/fonolukk.eu\\\/et\\\/tooted\\\/br250z-magnetluku-kinnitusplaat\\\/\"]}]},{\"@type\":\"ImageObject\",\"inLanguage\":\"et\",\"@id\":\"https:\\\/\\\/fonolukk.eu\\\/et\\\/tooted\\\/br250z-magnetluku-kinnitusplaat\\\/#primaryimage\",\"url\":\"https:\\\/\\\/fonolukk.eu\\\/wp-content\\\/uploads\\\/2020\\\/07\\\/2bb34dd06d1f11e39401e0db550d5514_328a3748ff1811e6941ae0db550d5514.resize1.jpg\",\"contentUrl\":\"https:\\\/\\\/fonolukk.eu\\\/wp-content\\\/uploads\\\/2020\\\/07\\\/2bb34dd06d1f11e39401e0db550d5514_328a3748ff1811e6941ae0db550d5514.resize1.jpg\",\"width\":800,\"height\":800},{\"@type\":\"BreadcrumbList\",\"@id\":\"https:\\\/\\\/fonolukk.eu\\\/et\\\/tooted\\\/br250z-magnetluku-kinnitusplaat\\\/#breadcrumb\",\"itemListElement\":[{\"@type\":\"ListItem\",\"position\":1,\"name\":\"Esileht\",\"item\":\"https:\\\/\\\/fonolukk.eu\\\/et\\\/koduleht\\\/\"},{\"@type\":\"ListItem\",\"position\":2,\"name\":\"Tooted\",\"item\":\"https:\\\/\\\/fonolukk.eu\\\/et\\\/shop-2\\\/\"},{\"@type\":\"ListItem\",\"position\":3,\"name\":\"Elektrilukud\",\"item\":\"https:\\\/\\\/fonolukk.eu\\\/et\\\/product-category\\\/elektrilukud\\\/\"},{\"@type\":\"ListItem\",\"position\":4,\"name\":\"Aksessuaarid\",\"item\":\"https:\\\/\\\/fonolukk.eu\\\/et\\\/product-category\\\/elektrilukud\\\/aksessuaarid\\\/\"},{\"@type\":\"ListItem\",\"position\":5,\"name\":\"BR250Z Magnetluku kinnitusplaat\"}]},{\"@type\":\"WebSite\",\"@id\":\"https:\\\/\\\/fonolukk.eu\\\/et\\\/#website\",\"url\":\"https:\\\/\\\/fonolukk.eu\\\/et\\\/\",\"name\":\"Fonolukk eu\",\"description\":\"Smart Security Systems\",\"publisher\":{\"@id\":\"https:\\\/\\\/fonolukk.eu\\\/et\\\/#organization\"},\"potentialAction\":[{\"@type\":\"SearchAction\",\"target\":{\"@type\":\"EntryPoint\",\"urlTemplate\":\"https:\\\/\\\/fonolukk.eu\\\/et\\\/?s={search_term_string}\"},\"query-input\":{\"@type\":\"PropertyValueSpecification\",\"valueRequired\":true,\"valueName\":\"search_term_string\"}}],\"inLanguage\":\"et\"},{\"@type\":\"Organization\",\"@id\":\"https:\\\/\\\/fonolukk.eu\\\/et\\\/#organization\",\"name\":\"Smart Security OU\",\"url\":\"https:\\\/\\\/fonolukk.eu\\\/et\\\/\",\"logo\":{\"@type\":\"ImageObject\",\"inLanguage\":\"et\",\"@id\":\"https:\\\/\\\/fonolukk.eu\\\/et\\\/#\\\/schema\\\/logo\\\/image\\\/\",\"url\":\"https:\\\/\\\/fonolukk.eu\\\/wp-content\\\/uploads\\\/2023\\\/09\\\/fonolukk.png\",\"contentUrl\":\"https:\\\/\\\/fonolukk.eu\\\/wp-content\\\/uploads\\\/2023\\\/09\\\/fonolukk.png\",\"width\":277,\"height\":274,\"caption\":\"Smart Security OU\"},\"image\":{\"@id\":\"https:\\\/\\\/fonolukk.eu\\\/et\\\/#\\\/schema\\\/logo\\\/image\\\/\"},\"sameAs\":[\"https:\\\/\\\/www.facebook.com\\\/fonolukk\",\"https:\\\/\\\/www.instagram.com\\\/fonolukk\\\/?hl=ru\"],\"publishingPrinciples\":\"https:\\\/\\\/fonolukk.eu\\\/terms-and-conditions\\\/\",\"ownershipFundingInfo\":\"https:\\\/\\\/fonolukk.eu\\\/about-us\\\/\"}]}<\/script>\n<meta property=\"product:price:amount\" content=\"10.80\" \/>\n<meta property=\"product:price:currency\" content=\"EUR\" \/>\n<meta property=\"og:availability\" content=\"instock\" \/>\n<meta property=\"product:availability\" content=\"instock\" \/>\n<meta property=\"product:retailer_item_id\" content=\"BR250Z\" \/>\n<meta property=\"product:condition\" content=\"new\" \/>\n<!-- \/ Yoast SEO Premium plugin. -->","yoast_head_json":{"title":"BR250Z Magnetluku kinnitusplaat - Fonolukk","description":"BR250Z Magnetluku kinnitusplaat - Fonolukk","robots":{"index":"index","follow":"follow","max-snippet":"max-snippet:-1","max-image-preview":"max-image-preview:large","max-video-preview":"max-video-preview:-1"},"canonical":"https:\/\/fonolukk.eu\/et\/tooted\/br250z-magnetluku-kinnitusplaat\/","og_locale":"et_EE","og_type":"article","og_title":"BR250Z Magnetluku kinnitusplaat","og_description":"BR250Z Magnetluku kinnitusplaat Lukuankru kinnitamiseks sissepoole avaneva ukse k\u00fclge Materjal - alumiinium V\u00e4rv - h\u00f5be Reguleeritav Z-kinnitus EL250ML","og_url":"https:\/\/fonolukk.eu\/et\/tooted\/br250z-magnetluku-kinnitusplaat\/","og_site_name":"Fonolukk","article_publisher":"https:\/\/www.facebook.com\/fonolukk","article_modified_time":"2020-07-04T08:27:26+00:00","og_image":[{"width":800,"height":800,"url":"https:\/\/fonolukk.eu\/wp-content\/uploads\/2020\/07\/2bb34dd06d1f11e39401e0db550d5514_328a3748ff1811e6941ae0db550d5514.resize1.jpg","type":"image\/jpeg"}],"twitter_card":"summary_large_image","twitter_misc":{"Hind":"&euro;10.80 koos KM","Availability":"Laos"},"schema":{"@context":"https:\/\/schema.org","@graph":[{"@type":"WebPage","@id":"https:\/\/fonolukk.eu\/et\/tooted\/br250z-magnetluku-kinnitusplaat\/","url":"https:\/\/fonolukk.eu\/et\/tooted\/br250z-magnetluku-kinnitusplaat\/","name":"BR250Z Magnetluku kinnitusplaat - Fonolukk","isPartOf":{"@id":"https:\/\/fonolukk.eu\/et\/#website"},"primaryImageOfPage":{"@id":"https:\/\/fonolukk.eu\/et\/tooted\/br250z-magnetluku-kinnitusplaat\/#primaryimage"},"image":{"@id":"https:\/\/fonolukk.eu\/et\/tooted\/br250z-magnetluku-kinnitusplaat\/#primaryimage"},"thumbnailUrl":"https:\/\/fonolukk.eu\/wp-content\/uploads\/2020\/07\/2bb34dd06d1f11e39401e0db550d5514_328a3748ff1811e6941ae0db550d5514.resize1.jpg","datePublished":"2020-07-01T06:07:14+00:00","dateModified":"2020-07-04T08:27:26+00:00","description":"BR250Z Magnetluku kinnitusplaat - Fonolukk","breadcrumb":{"@id":"https:\/\/fonolukk.eu\/et\/tooted\/br250z-magnetluku-kinnitusplaat\/#breadcrumb"},"inLanguage":"et","potentialAction":[{"@type":"ReadAction","target":["https:\/\/fonolukk.eu\/et\/tooted\/br250z-magnetluku-kinnitusplaat\/"]}]},{"@type":"ImageObject","inLanguage":"et","@id":"https:\/\/fonolukk.eu\/et\/tooted\/br250z-magnetluku-kinnitusplaat\/#primaryimage","url":"https:\/\/fonolukk.eu\/wp-content\/uploads\/2020\/07\/2bb34dd06d1f11e39401e0db550d5514_328a3748ff1811e6941ae0db550d5514.resize1.jpg","contentUrl":"https:\/\/fonolukk.eu\/wp-content\/uploads\/2020\/07\/2bb34dd06d1f11e39401e0db550d5514_328a3748ff1811e6941ae0db550d5514.resize1.jpg","width":800,"height":800},{"@type":"BreadcrumbList","@id":"https:\/\/fonolukk.eu\/et\/tooted\/br250z-magnetluku-kinnitusplaat\/#breadcrumb","itemListElement":[{"@type":"ListItem","position":1,"name":"Esileht","item":"https:\/\/fonolukk.eu\/et\/koduleht\/"},{"@type":"ListItem","position":2,"name":"Tooted","item":"https:\/\/fonolukk.eu\/et\/shop-2\/"},{"@type":"ListItem","position":3,"name":"Elektrilukud","item":"https:\/\/fonolukk.eu\/et\/product-category\/elektrilukud\/"},{"@type":"ListItem","position":4,"name":"Aksessuaarid","item":"https:\/\/fonolukk.eu\/et\/product-category\/elektrilukud\/aksessuaarid\/"},{"@type":"ListItem","position":5,"name":"BR250Z Magnetluku kinnitusplaat"}]},{"@type":"WebSite","@id":"https:\/\/fonolukk.eu\/et\/#website","url":"https:\/\/fonolukk.eu\/et\/","name":"Fonolukk eu","description":"Smart Security Systems","publisher":{"@id":"https:\/\/fonolukk.eu\/et\/#organization"},"potentialAction":[{"@type":"SearchAction","target":{"@type":"EntryPoint","urlTemplate":"https:\/\/fonolukk.eu\/et\/?s={search_term_string}"},"query-input":{"@type":"PropertyValueSpecification","valueRequired":true,"valueName":"search_term_string"}}],"inLanguage":"et"},{"@type":"Organization","@id":"https:\/\/fonolukk.eu\/et\/#organization","name":"Smart Security OU","url":"https:\/\/fonolukk.eu\/et\/","logo":{"@type":"ImageObject","inLanguage":"et","@id":"https:\/\/fonolukk.eu\/et\/#\/schema\/logo\/image\/","url":"https:\/\/fonolukk.eu\/wp-content\/uploads\/2023\/09\/fonolukk.png","contentUrl":"https:\/\/fonolukk.eu\/wp-content\/uploads\/2023\/09\/fonolukk.png","width":277,"height":274,"caption":"Smart Security OU"},"image":{"@id":"https:\/\/fonolukk.eu\/et\/#\/schema\/logo\/image\/"},"sameAs":["https:\/\/www.facebook.com\/fonolukk","https:\/\/www.instagram.com\/fonolukk\/?hl=ru"],"publishingPrinciples":"https:\/\/fonolukk.eu\/terms-and-conditions\/","ownershipFundingInfo":"https:\/\/fonolukk.eu\/about-us\/"}]},"product_price_amount":"10.80","product_price_currency":"EUR","og_availability":"instock","product_availability":"instock","product_retailer_item_id":"BR250Z","product_condition":"new"},"_links":{"self":[{"href":"https:\/\/fonolukk.eu\/et\/wp-json\/wp\/v2\/product\/7624","targetHints":{"allow":["GET"]}}],"collection":[{"href":"https:\/\/fonolukk.eu\/et\/wp-json\/wp\/v2\/product"}],"about":[{"href":"https:\/\/fonolukk.eu\/et\/wp-json\/wp\/v2\/types\/product"}],"version-history":[{"count":0,"href":"https:\/\/fonolukk.eu\/et\/wp-json\/wp\/v2\/product\/7624\/revisions"}],"wp:featuredmedia":[{"embeddable":true,"href":"https:\/\/fonolukk.eu\/et\/wp-json\/wp\/v2\/media\/7627"}],"wp:attachment":[{"href":"https:\/\/fonolukk.eu\/et\/wp-json\/wp\/v2\/media?parent=7624"}],"wp:term":[{"taxonomy":"product_brand","embeddable":true,"href":"https:\/\/fonolukk.eu\/et\/wp-json\/wp\/v2\/product_brand?post=7624"},{"taxonomy":"product_cat","embeddable":true,"href":"https:\/\/fonolukk.eu\/et\/wp-json\/wp\/v2\/product_cat?post=7624"},{"taxonomy":"product_tag","embeddable":true,"href":"https:\/\/fonolukk.eu\/et\/wp-json\/wp\/v2\/product_tag?post=7624"}],"curies":[{"name":"wp","href":"https:\/\/api.w.org\/{rel}","templated":true}]}}