{"id":7700,"date":"2020-07-01T20:51:30","date_gmt":"2020-07-01T17:51:30","guid":{"rendered":"https:\/\/fonolukk.eu\/?post_type=product&#038;p=7700"},"modified":"2020-07-05T21:14:54","modified_gmt":"2020-07-05T18:14:54","slug":"ym-350w-magnitlukk-veekindel","status":"publish","type":"product","link":"https:\/\/fonolukk.eu\/et\/tooted\/ym-350w-magnitlukk-veekindel\/","title":{"rendered":"YM-350W &#8211; magnitlukk, veekindel"},"content":{"rendered":"<h2>YM-350W &#8211; magnitlukk, veekindel<\/h2>\n<p>Hoidej\u00f5ud: 350 kg<br \/>\nKorpuse materjal: anodeeritud alumiinium<br \/>\nKaasmaterjal: tsink<br \/>\nToiteallikas: DC12V | DC24V (l\u00fclitatav luku h\u00fcppajaga)<br \/>\nTarbimine: 12V \/ 480mA | 24 V \/ 240 mA<br \/>\nM\u00f5\u00f5dud:<br \/>\nlukk: 227x52x28mm;<br \/>\nl\u00f6\u00f6giplaat: 190x45x11mm<\/p>\n","protected":false},"excerpt":{"rendered":"<p>YM-350W &#8211; magnitlukk, veekindel Hoidej\u00f5ud: 350 kg Korpuse materjal: anodeeritud alumiinium Kaasmaterjal: tsink Toiteallikas: DC12V | DC24V (l\u00fclitatav luku h\u00fcppajaga)<\/p>\n","protected":false},"featured_media":7742,"template":"","meta":[],"product_brand":[],"product_cat":[881,880],"product_tag":[],"class_list":{"0":"post-7700","1":"product","2":"type-product","3":"status-publish","4":"has-post-thumbnail","6":"product_cat-magnetlukud","7":"product_cat-elektrilukud","9":"first","10":"outofstock","11":"taxable","12":"shipping-taxable","13":"purchasable","14":"product-type-simple"},"yoast_head":"<!-- This site is optimized with the Yoast SEO Premium plugin v27.3 (Yoast SEO v27.3) - https:\/\/yoast.com\/product\/yoast-seo-premium-wordpress\/ -->\n<title>YM-350W - magnitlukk, veekindel - Fonolukk<\/title>\n<meta name=\"description\" content=\"YM-350W - magnitlukk, veekindel - Fonolukk\" \/>\n<meta name=\"robots\" content=\"index, follow, max-snippet:-1, max-image-preview:large, max-video-preview:-1\" \/>\n<link rel=\"canonical\" href=\"https:\/\/fonolukk.eu\/et\/tooted\/ym-350w-magnitlukk-veekindel\/\" \/>\n<meta property=\"og:locale\" content=\"et_EE\" \/>\n<meta property=\"og:type\" content=\"article\" \/>\n<meta property=\"og:title\" content=\"YM-350W - magnitlukk, veekindel\" \/>\n<meta property=\"og:description\" content=\"YM-350W - magnitlukk, veekindel Hoidej\u00f5ud: 350 kg Korpuse materjal: anodeeritud alumiinium Kaasmaterjal: tsink Toiteallikas: DC12V | DC24V (l\u00fclitatav luku\" \/>\n<meta property=\"og:url\" content=\"https:\/\/fonolukk.eu\/et\/tooted\/ym-350w-magnitlukk-veekindel\/\" \/>\n<meta property=\"og:site_name\" content=\"Fonolukk\" \/>\n<meta property=\"article:publisher\" content=\"https:\/\/www.facebook.com\/fonolukk\" \/>\n<meta property=\"article:modified_time\" content=\"2020-07-05T18:14:54+00:00\" \/>\n<meta property=\"og:image\" content=\"https:\/\/fonolukk.eu\/wp-content\/uploads\/2020\/07\/114-180-ym-350w-562x375-1.jpg\" \/>\n\t<meta property=\"og:image:width\" content=\"562\" \/>\n\t<meta property=\"og:image:height\" content=\"375\" \/>\n\t<meta property=\"og:image:type\" content=\"image\/jpeg\" \/>\n<meta name=\"twitter:card\" content=\"summary_large_image\" \/>\n<meta name=\"twitter:label1\" content=\"Hind\" \/>\n\t<meta name=\"twitter:data1\" content=\"&euro;59.00 koos KM\" \/>\n\t<meta name=\"twitter:label2\" content=\"Availability\" \/>\n\t<meta name=\"twitter:data2\" content=\"Laost otsas\" \/>\n<script type=\"application\/ld+json\" class=\"yoast-schema-graph\">{\"@context\":\"https:\\\/\\\/schema.org\",\"@graph\":[{\"@type\":\"WebPage\",\"@id\":\"https:\\\/\\\/fonolukk.eu\\\/et\\\/tooted\\\/ym-350w-magnitlukk-veekindel\\\/\",\"url\":\"https:\\\/\\\/fonolukk.eu\\\/et\\\/tooted\\\/ym-350w-magnitlukk-veekindel\\\/\",\"name\":\"YM-350W - magnitlukk, veekindel - Fonolukk\",\"isPartOf\":{\"@id\":\"https:\\\/\\\/fonolukk.eu\\\/et\\\/#website\"},\"primaryImageOfPage\":{\"@id\":\"https:\\\/\\\/fonolukk.eu\\\/et\\\/tooted\\\/ym-350w-magnitlukk-veekindel\\\/#primaryimage\"},\"image\":{\"@id\":\"https:\\\/\\\/fonolukk.eu\\\/et\\\/tooted\\\/ym-350w-magnitlukk-veekindel\\\/#primaryimage\"},\"thumbnailUrl\":\"https:\\\/\\\/fonolukk.eu\\\/wp-content\\\/uploads\\\/2020\\\/07\\\/114-180-ym-350w-562x375-1.jpg\",\"datePublished\":\"2020-07-01T17:51:30+00:00\",\"dateModified\":\"2020-07-05T18:14:54+00:00\",\"description\":\"YM-350W - magnitlukk, veekindel - Fonolukk\",\"breadcrumb\":{\"@id\":\"https:\\\/\\\/fonolukk.eu\\\/et\\\/tooted\\\/ym-350w-magnitlukk-veekindel\\\/#breadcrumb\"},\"inLanguage\":\"et\",\"potentialAction\":[{\"@type\":\"ReadAction\",\"target\":[\"https:\\\/\\\/fonolukk.eu\\\/et\\\/tooted\\\/ym-350w-magnitlukk-veekindel\\\/\"]}]},{\"@type\":\"ImageObject\",\"inLanguage\":\"et\",\"@id\":\"https:\\\/\\\/fonolukk.eu\\\/et\\\/tooted\\\/ym-350w-magnitlukk-veekindel\\\/#primaryimage\",\"url\":\"https:\\\/\\\/fonolukk.eu\\\/wp-content\\\/uploads\\\/2020\\\/07\\\/114-180-ym-350w-562x375-1.jpg\",\"contentUrl\":\"https:\\\/\\\/fonolukk.eu\\\/wp-content\\\/uploads\\\/2020\\\/07\\\/114-180-ym-350w-562x375-1.jpg\",\"width\":562,\"height\":375},{\"@type\":\"BreadcrumbList\",\"@id\":\"https:\\\/\\\/fonolukk.eu\\\/et\\\/tooted\\\/ym-350w-magnitlukk-veekindel\\\/#breadcrumb\",\"itemListElement\":[{\"@type\":\"ListItem\",\"position\":1,\"name\":\"Esileht\",\"item\":\"https:\\\/\\\/fonolukk.eu\\\/et\\\/koduleht\\\/\"},{\"@type\":\"ListItem\",\"position\":2,\"name\":\"Tooted\",\"item\":\"https:\\\/\\\/fonolukk.eu\\\/et\\\/shop-2\\\/\"},{\"@type\":\"ListItem\",\"position\":3,\"name\":\"Elektrilukud\",\"item\":\"https:\\\/\\\/fonolukk.eu\\\/et\\\/product-category\\\/elektrilukud\\\/\"},{\"@type\":\"ListItem\",\"position\":4,\"name\":\"Magnetlukud\",\"item\":\"https:\\\/\\\/fonolukk.eu\\\/et\\\/product-category\\\/elektrilukud\\\/magnetlukud\\\/\"},{\"@type\":\"ListItem\",\"position\":5,\"name\":\"YM-350W &#8211; magnitlukk, veekindel\"}]},{\"@type\":\"WebSite\",\"@id\":\"https:\\\/\\\/fonolukk.eu\\\/et\\\/#website\",\"url\":\"https:\\\/\\\/fonolukk.eu\\\/et\\\/\",\"name\":\"Fonolukk eu\",\"description\":\"Smart Security Systems\",\"publisher\":{\"@id\":\"https:\\\/\\\/fonolukk.eu\\\/et\\\/#organization\"},\"potentialAction\":[{\"@type\":\"SearchAction\",\"target\":{\"@type\":\"EntryPoint\",\"urlTemplate\":\"https:\\\/\\\/fonolukk.eu\\\/et\\\/?s={search_term_string}\"},\"query-input\":{\"@type\":\"PropertyValueSpecification\",\"valueRequired\":true,\"valueName\":\"search_term_string\"}}],\"inLanguage\":\"et\"},{\"@type\":\"Organization\",\"@id\":\"https:\\\/\\\/fonolukk.eu\\\/et\\\/#organization\",\"name\":\"Smart Security OU\",\"url\":\"https:\\\/\\\/fonolukk.eu\\\/et\\\/\",\"logo\":{\"@type\":\"ImageObject\",\"inLanguage\":\"et\",\"@id\":\"https:\\\/\\\/fonolukk.eu\\\/et\\\/#\\\/schema\\\/logo\\\/image\\\/\",\"url\":\"https:\\\/\\\/fonolukk.eu\\\/wp-content\\\/uploads\\\/2023\\\/09\\\/fonolukk.png\",\"contentUrl\":\"https:\\\/\\\/fonolukk.eu\\\/wp-content\\\/uploads\\\/2023\\\/09\\\/fonolukk.png\",\"width\":277,\"height\":274,\"caption\":\"Smart Security OU\"},\"image\":{\"@id\":\"https:\\\/\\\/fonolukk.eu\\\/et\\\/#\\\/schema\\\/logo\\\/image\\\/\"},\"sameAs\":[\"https:\\\/\\\/www.facebook.com\\\/fonolukk\",\"https:\\\/\\\/www.instagram.com\\\/fonolukk\\\/?hl=ru\"],\"publishingPrinciples\":\"https:\\\/\\\/fonolukk.eu\\\/terms-and-conditions\\\/\",\"ownershipFundingInfo\":\"https:\\\/\\\/fonolukk.eu\\\/about-us\\\/\"}]}<\/script>\n<meta property=\"product:price:amount\" content=\"59.00\" \/>\n<meta property=\"product:price:currency\" content=\"EUR\" \/>\n<meta property=\"og:availability\" content=\"out of stock\" \/>\n<meta property=\"product:availability\" content=\"out of stock\" \/>\n<meta property=\"product:retailer_item_id\" content=\"YM 350W\" \/>\n<meta property=\"product:condition\" content=\"new\" \/>\n<!-- \/ Yoast SEO Premium plugin. -->","yoast_head_json":{"title":"YM-350W - magnitlukk, veekindel - Fonolukk","description":"YM-350W - magnitlukk, veekindel - Fonolukk","robots":{"index":"index","follow":"follow","max-snippet":"max-snippet:-1","max-image-preview":"max-image-preview:large","max-video-preview":"max-video-preview:-1"},"canonical":"https:\/\/fonolukk.eu\/et\/tooted\/ym-350w-magnitlukk-veekindel\/","og_locale":"et_EE","og_type":"article","og_title":"YM-350W - magnitlukk, veekindel","og_description":"YM-350W - magnitlukk, veekindel Hoidej\u00f5ud: 350 kg Korpuse materjal: anodeeritud alumiinium Kaasmaterjal: tsink Toiteallikas: DC12V | DC24V (l\u00fclitatav luku","og_url":"https:\/\/fonolukk.eu\/et\/tooted\/ym-350w-magnitlukk-veekindel\/","og_site_name":"Fonolukk","article_publisher":"https:\/\/www.facebook.com\/fonolukk","article_modified_time":"2020-07-05T18:14:54+00:00","og_image":[{"width":562,"height":375,"url":"https:\/\/fonolukk.eu\/wp-content\/uploads\/2020\/07\/114-180-ym-350w-562x375-1.jpg","type":"image\/jpeg"}],"twitter_card":"summary_large_image","twitter_misc":{"Hind":"&euro;59.00 koos KM","Availability":"Laost otsas"},"schema":{"@context":"https:\/\/schema.org","@graph":[{"@type":"WebPage","@id":"https:\/\/fonolukk.eu\/et\/tooted\/ym-350w-magnitlukk-veekindel\/","url":"https:\/\/fonolukk.eu\/et\/tooted\/ym-350w-magnitlukk-veekindel\/","name":"YM-350W - magnitlukk, veekindel - Fonolukk","isPartOf":{"@id":"https:\/\/fonolukk.eu\/et\/#website"},"primaryImageOfPage":{"@id":"https:\/\/fonolukk.eu\/et\/tooted\/ym-350w-magnitlukk-veekindel\/#primaryimage"},"image":{"@id":"https:\/\/fonolukk.eu\/et\/tooted\/ym-350w-magnitlukk-veekindel\/#primaryimage"},"thumbnailUrl":"https:\/\/fonolukk.eu\/wp-content\/uploads\/2020\/07\/114-180-ym-350w-562x375-1.jpg","datePublished":"2020-07-01T17:51:30+00:00","dateModified":"2020-07-05T18:14:54+00:00","description":"YM-350W - magnitlukk, veekindel - Fonolukk","breadcrumb":{"@id":"https:\/\/fonolukk.eu\/et\/tooted\/ym-350w-magnitlukk-veekindel\/#breadcrumb"},"inLanguage":"et","potentialAction":[{"@type":"ReadAction","target":["https:\/\/fonolukk.eu\/et\/tooted\/ym-350w-magnitlukk-veekindel\/"]}]},{"@type":"ImageObject","inLanguage":"et","@id":"https:\/\/fonolukk.eu\/et\/tooted\/ym-350w-magnitlukk-veekindel\/#primaryimage","url":"https:\/\/fonolukk.eu\/wp-content\/uploads\/2020\/07\/114-180-ym-350w-562x375-1.jpg","contentUrl":"https:\/\/fonolukk.eu\/wp-content\/uploads\/2020\/07\/114-180-ym-350w-562x375-1.jpg","width":562,"height":375},{"@type":"BreadcrumbList","@id":"https:\/\/fonolukk.eu\/et\/tooted\/ym-350w-magnitlukk-veekindel\/#breadcrumb","itemListElement":[{"@type":"ListItem","position":1,"name":"Esileht","item":"https:\/\/fonolukk.eu\/et\/koduleht\/"},{"@type":"ListItem","position":2,"name":"Tooted","item":"https:\/\/fonolukk.eu\/et\/shop-2\/"},{"@type":"ListItem","position":3,"name":"Elektrilukud","item":"https:\/\/fonolukk.eu\/et\/product-category\/elektrilukud\/"},{"@type":"ListItem","position":4,"name":"Magnetlukud","item":"https:\/\/fonolukk.eu\/et\/product-category\/elektrilukud\/magnetlukud\/"},{"@type":"ListItem","position":5,"name":"YM-350W &#8211; magnitlukk, veekindel"}]},{"@type":"WebSite","@id":"https:\/\/fonolukk.eu\/et\/#website","url":"https:\/\/fonolukk.eu\/et\/","name":"Fonolukk eu","description":"Smart Security Systems","publisher":{"@id":"https:\/\/fonolukk.eu\/et\/#organization"},"potentialAction":[{"@type":"SearchAction","target":{"@type":"EntryPoint","urlTemplate":"https:\/\/fonolukk.eu\/et\/?s={search_term_string}"},"query-input":{"@type":"PropertyValueSpecification","valueRequired":true,"valueName":"search_term_string"}}],"inLanguage":"et"},{"@type":"Organization","@id":"https:\/\/fonolukk.eu\/et\/#organization","name":"Smart Security OU","url":"https:\/\/fonolukk.eu\/et\/","logo":{"@type":"ImageObject","inLanguage":"et","@id":"https:\/\/fonolukk.eu\/et\/#\/schema\/logo\/image\/","url":"https:\/\/fonolukk.eu\/wp-content\/uploads\/2023\/09\/fonolukk.png","contentUrl":"https:\/\/fonolukk.eu\/wp-content\/uploads\/2023\/09\/fonolukk.png","width":277,"height":274,"caption":"Smart Security OU"},"image":{"@id":"https:\/\/fonolukk.eu\/et\/#\/schema\/logo\/image\/"},"sameAs":["https:\/\/www.facebook.com\/fonolukk","https:\/\/www.instagram.com\/fonolukk\/?hl=ru"],"publishingPrinciples":"https:\/\/fonolukk.eu\/terms-and-conditions\/","ownershipFundingInfo":"https:\/\/fonolukk.eu\/about-us\/"}]},"product_price_amount":"59.00","product_price_currency":"EUR","og_availability":"out of stock","product_availability":"out of stock","product_retailer_item_id":"YM 350W","product_condition":"new"},"_links":{"self":[{"href":"https:\/\/fonolukk.eu\/et\/wp-json\/wp\/v2\/product\/7700","targetHints":{"allow":["GET"]}}],"collection":[{"href":"https:\/\/fonolukk.eu\/et\/wp-json\/wp\/v2\/product"}],"about":[{"href":"https:\/\/fonolukk.eu\/et\/wp-json\/wp\/v2\/types\/product"}],"version-history":[{"count":0,"href":"https:\/\/fonolukk.eu\/et\/wp-json\/wp\/v2\/product\/7700\/revisions"}],"wp:featuredmedia":[{"embeddable":true,"href":"https:\/\/fonolukk.eu\/et\/wp-json\/wp\/v2\/media\/7742"}],"wp:attachment":[{"href":"https:\/\/fonolukk.eu\/et\/wp-json\/wp\/v2\/media?parent=7700"}],"wp:term":[{"taxonomy":"product_brand","embeddable":true,"href":"https:\/\/fonolukk.eu\/et\/wp-json\/wp\/v2\/product_brand?post=7700"},{"taxonomy":"product_cat","embeddable":true,"href":"https:\/\/fonolukk.eu\/et\/wp-json\/wp\/v2\/product_cat?post=7700"},{"taxonomy":"product_tag","embeddable":true,"href":"https:\/\/fonolukk.eu\/et\/wp-json\/wp\/v2\/product_tag?post=7700"}],"curies":[{"name":"wp","href":"https:\/\/api.w.org\/{rel}","templated":true}]}}