{"id":7826,"date":"2020-02-27T19:11:41","date_gmt":"2020-02-27T17:11:41","guid":{"rendered":"https:\/\/fonolukk.eu\/product\/smart-video-panel-8-families-flush-mounting-must\/"},"modified":"2020-08-13T11:17:37","modified_gmt":"2020-08-13T08:17:37","slug":"smart-video-panel-8-families-flush-mounting-must","status":"publish","type":"product","link":"https:\/\/fonolukk.eu\/et\/tooted\/smart-video-panel-8-families-flush-mounting-must\/","title":{"rendered":"SMART VIDEO PANEL &#8211; 8 FAMILIES, FLUSH MOUNTING, MUST"},"content":{"rendered":"<h4>KLAASI JA KOHTU disain<\/h4>\n<p>Innovatsioon on ELECTRA p\u00fcsiv missioon ning GLASS &amp; TOUCH tehnoloogia kasutamine v\u00e4lipaneelide jaoks oli originaalne ja vapper lahendus juba algusest peale.<br \/>\nIntegreerides paneeli kujundusesse keemiliselt karastatud klaasi ja Touch-klaviatuuri, loodi esmaklassiline v\u00e4limus ja lahendati t\u00f5husalt k\u00f5ik v\u00e4ljastpoolt paigaldatud toote ees seisvad v\u00e4ljakutsed: kohanemisv\u00f5imalus mis tahes hoone arhitektuuriga, t\u00e4ielik kaitse vee ja tolmu eest , kriimustus- ja l\u00f6\u00f6gikindlus, s\u00f5bralik kasutamine ja lihtne hooldus.<\/p>\n<h4>Nutikas kokkupanek | Uhtpaigaldus | Vargusvastane kaitse<\/h4>\n<p>Nutika videopaneeli ELECTRA montaa\u017eilahendus on v\u00e4ga t\u00f5hus, andes tulemuseks \u00f5hukese v\u00e4ljan\u00e4gemisega toote, kuid samas h\u00f5lpsasti paigaldatava ja l\u00e4bitungimatu.<br \/>\nT\u00e4nu konstruktiivsete elementide ideaalselt kihilisele \u00fchendusele, vastavalt elektrostaatiliselt v\u00e4rvitud alumiiniumkorpusele ja 4 mm keemiliselt karastatud klaasile, mille sisek\u00fclg on kahekordistatud sama m\u00f5\u00f5tmega tr\u00fckkplaadi abil, saadakse vastupidav toode, mida on v\u00e4ga lihtne paigaldada. Uhtpaigalduse kaudu on paneel v\u00e4ljastpoolt vaid 3 mm paksune, muutudes t\u00e4helepanuv\u00e4\u00e4rseks ja samal ajal<br \/>\npealet\u00fckkimatu kohalolek.<br \/>\nVargusvastane andur asub kinnituskruvi l\u00e4hedal ja alarm l\u00fclitub kohe lahti, kui kruvi lahti keerata.<\/p>\n<h4>Orienteeruv videokaamera | Infrapuna-LED-id | T\u00f6\u00f6 temperatuuril -30 \u00b0 C<\/h4>\n<p>Videokaamera esindab olulist komponenti, m\u00f5jutades kogu s\u00fcsteemi kasulikkust selle h\u00e4stitoimiva ja positsioneerimise p\u00f5hjal. Sel p\u00f5hjusel oli nutikasse v\u00e4lipaneelisse integreeritud videokaamera moodul hoolikalt kavandatud teenima paljusid igap\u00e4evaseid kasutusolukordi. Seet\u00f5ttu:<\/p>\n<p>Kuvatud piltide kvaliteet on v\u00e4ga hea, t\u00e4pne v\u00e4rviedastus.<br \/>\nPilte edastatakse kogu k\u00f5ne, k\u00f5ne ja j\u00e4lgimise ajal. Videopilt j\u00e4\u00e4b aktiivseks veel 10 sekundit, et visuaalselt kinnitada toimingu l\u00f5ppu.<br \/>\n\u00d6ine n\u00e4gemine on suurep\u00e4rane, isegi kui t\u00e4navavalgustust pole. Valgussensoriga aktiveeritavad infrapuna-LED-id tagavad n\u00e4htavuse punktis a<br \/>\nvahemaa 20 m.<br \/>\nVisualiseerimisnurka saab optimeerida paneeli asendi j\u00e4rgi sissep\u00e4\u00e4su suhtes, kui kaamera on 25\u00ba suhtes orienteeritud<br \/>\nvasak v\u00f5i parem.<br \/>\nKondensaadi v\u00f5i v\u00e4ga madalate temperatuuride (kuni -30\u00baC) korral t\u00f6\u00f6tab kaamera parameetrite piires, paigaldades lokaalse k\u00fcttes\u00fcsteemi.<br \/>\nVilkuv punane LED annab t\u00e4iendava turvalisuse tagamiseks m\u00e4rku videovalvega.<br \/>\nTaustavalgustusega puutetundlik klaviatuur nime kuvaga<br \/>\nELECTRA v\u00e4lja t\u00f6\u00f6tatud mahtuvuslik puutetundlik klaviatuur on t\u00f5eliselt nutikas nii esteetiliselt kui ka funktsionaalselt. K\u00f5neklahvil on helde pind, mis integreerib samal ajal \u00fchtlaselt taustvalgustatud nimekuva. Rakendatud tehniline lahendus tagab klaviatuuri v\u00e4ga t\u00f5husa toimimise:<\/p>\n<p>K\u00f5ne algatamiseks vajutage kaadri suvalisele alale jaotus \u00fchtlaselt.<br \/>\nVihma ajal ega k\u00f5rge \u00f5huniiskuse korral pole valesid k\u00f5nesid.<br \/>\nKlahve ei blokeerita, s\u00f5ltumata kasutamissagedusest.<br \/>\nElanike nimesid on v\u00e4ga lihtne kohandada.<br \/>\nValgussensor aktiveerib klaviatuuri taustvalgustuse ainult \u00f6\u00f6sel.<br \/>\nK\u00f5ne, k\u00f5ne ja juurdep\u00e4\u00e4su v\u00f5imaldamine<br \/>\nK\u00f5ne algatatakse l\u00fchikese nupuvajutusega nimeraami sees ja sellele annab helisignaali ding-dong.<br \/>\nIga klahvivajutus nullib k\u00f5ne ja k\u00f5ne kestus on maksimaalselt 1 minut.<br \/>\nKui elanik vastab, alustatakse vestlust, maksimaalse kestusega 2 minutit. Juurdep\u00e4\u00e4su v\u00f5imaldamisest antakse m\u00e4rku helisignaali abil, piiksu kinnitusjada kaudu ja visuaalselt &#8211; s\u00fcmbol vilgub.<\/p>\n<h4>RFID-kaardi \/ sildi juurdep\u00e4\u00e4s<\/h4>\n<p>Sisseehitatud RFID-lugeja v\u00f5imaldab h\u00f5lpsat ja mugavat juurdep\u00e4\u00e4su sildi v\u00f5i l\u00e4heduskaardiga. Juurdep\u00e4\u00e4sust antakse m\u00e4rku helisignaali jada abil akustiliselt ja visuaalselt &#8211; s\u00fcmbol vilgub.<br \/>\nRFID-lahendus on kohandatud ja seda arendatakse nii, et see pakuks kasutajale v\u00f5imalikult suurt turvalisust, p\u00f5hjusel, et lugeja t\u00f6\u00f6tab ainult turvaliste ELECTRA-siltidega.<\/p>\n<h4>Programmeerimine \/ s\u00e4tted<\/h4>\n<p>Nutika video v\u00e4lipaneeli jaoks on programmeeritud:<\/p>\n<p>Paneeli aadress, mis on programmeeritud ainult siis, kui installil on mitu paneeli.<br \/>\nRFID-juurdep\u00e4\u00e4suga siltide koodid.<br \/>\nSaadaval on j\u00e4rgmised seaded:<\/p>\n<p>Videokaamera t\u00f6\u00f6re\u017eiim: ainult kasutamise ajal v\u00f5i p\u00fcsivalt.<br \/>\nPunane LED, mis annab m\u00e4rku j\u00e4lgimise olemasolust: aktiivne v\u00f5i mitteaktiivne.<\/p>\n\n","protected":false},"excerpt":{"rendered":"<p>KLAASI JA KOHTU disain Innovatsioon on ELECTRA p\u00fcsiv missioon ning GLASS &amp; TOUCH tehnoloogia kasutamine v\u00e4lipaneelide jaoks oli originaalne ja<\/p>\n","protected":false},"featured_media":4787,"template":"","meta":[],"product_brand":[],"product_cat":[914,606,894],"product_tag":[],"class_list":{"0":"post-7826","1":"product","2":"type-product","3":"status-publish","4":"has-post-thumbnail","6":"product_cat-fonoluku-paneel","7":"product_cat-fonolukud","8":"product_cat-electra-et-2","9":"pa_brand-electra-et","11":"first","12":"instock","13":"taxable","14":"shipping-taxable","15":"product-type-simple"},"yoast_head":"<!-- This site is optimized with the Yoast SEO Premium plugin v27.3 (Yoast SEO v27.3) - https:\/\/yoast.com\/product\/yoast-seo-premium-wordpress\/ -->\n<title>SMART VIDEO PANEL - 8 FAMILIES, FLUSH MOUNTING, MUST - Fonolukk<\/title>\n<meta name=\"description\" content=\"SMART VIDEO PANEL - 8 FAMILIES, FLUSH MOUNTING, MUST - Fonolukk\" \/>\n<meta name=\"robots\" content=\"index, follow, max-snippet:-1, max-image-preview:large, max-video-preview:-1\" \/>\n<link rel=\"canonical\" href=\"https:\/\/fonolukk.eu\/et\/tooted\/smart-video-panel-8-families-flush-mounting-must\/\" \/>\n<meta property=\"og:locale\" content=\"et_EE\" \/>\n<meta property=\"og:type\" content=\"article\" \/>\n<meta property=\"og:title\" content=\"SMART VIDEO PANEL - 8 FAMILIES, FLUSH MOUNTING, MUST\" \/>\n<meta property=\"og:description\" content=\"KLAASI JA KOHTU disain Innovatsioon on ELECTRA p\u00fcsiv missioon ning GLASS &amp; TOUCH tehnoloogia kasutamine v\u00e4lipaneelide jaoks oli originaalne ja vapper\" \/>\n<meta property=\"og:url\" content=\"https:\/\/fonolukk.eu\/et\/tooted\/smart-video-panel-8-families-flush-mounting-must\/\" \/>\n<meta property=\"og:site_name\" content=\"Fonolukk\" \/>\n<meta property=\"article:publisher\" content=\"https:\/\/www.facebook.com\/fonolukk\" \/>\n<meta property=\"article:modified_time\" content=\"2020-08-13T08:17:37+00:00\" \/>\n<meta property=\"og:image\" content=\"https:\/\/fonolukk.eu\/wp-content\/uploads\/2020\/02\/8-Fam.-Flush-.png\" \/>\n\t<meta property=\"og:image:width\" content=\"1022\" \/>\n\t<meta property=\"og:image:height\" content=\"1150\" \/>\n\t<meta property=\"og:image:type\" content=\"image\/png\" \/>\n<meta name=\"twitter:card\" content=\"summary_large_image\" \/>\n<meta name=\"twitter:label1\" content=\"Hind\" \/>\n\t<meta name=\"twitter:data1\" content=\"\" \/>\n\t<meta name=\"twitter:label2\" content=\"Availability\" \/>\n\t<meta name=\"twitter:data2\" content=\"Laos\" \/>\n<script type=\"application\/ld+json\" class=\"yoast-schema-graph\">{\"@context\":\"https:\\\/\\\/schema.org\",\"@graph\":[{\"@type\":\"WebPage\",\"@id\":\"https:\\\/\\\/fonolukk.eu\\\/et\\\/tooted\\\/smart-video-panel-8-families-flush-mounting-must\\\/\",\"url\":\"https:\\\/\\\/fonolukk.eu\\\/et\\\/tooted\\\/smart-video-panel-8-families-flush-mounting-must\\\/\",\"name\":\"SMART VIDEO PANEL - 8 FAMILIES, FLUSH MOUNTING, MUST - Fonolukk\",\"isPartOf\":{\"@id\":\"https:\\\/\\\/fonolukk.eu\\\/et\\\/#website\"},\"primaryImageOfPage\":{\"@id\":\"https:\\\/\\\/fonolukk.eu\\\/et\\\/tooted\\\/smart-video-panel-8-families-flush-mounting-must\\\/#primaryimage\"},\"image\":{\"@id\":\"https:\\\/\\\/fonolukk.eu\\\/et\\\/tooted\\\/smart-video-panel-8-families-flush-mounting-must\\\/#primaryimage\"},\"thumbnailUrl\":\"https:\\\/\\\/fonolukk.eu\\\/wp-content\\\/uploads\\\/2020\\\/02\\\/8-Fam.-Flush-.png\",\"datePublished\":\"2020-02-27T17:11:41+00:00\",\"dateModified\":\"2020-08-13T08:17:37+00:00\",\"description\":\"SMART VIDEO PANEL - 8 FAMILIES, FLUSH MOUNTING, MUST - Fonolukk\",\"breadcrumb\":{\"@id\":\"https:\\\/\\\/fonolukk.eu\\\/et\\\/tooted\\\/smart-video-panel-8-families-flush-mounting-must\\\/#breadcrumb\"},\"inLanguage\":\"et\",\"potentialAction\":[{\"@type\":\"ReadAction\",\"target\":[\"https:\\\/\\\/fonolukk.eu\\\/et\\\/tooted\\\/smart-video-panel-8-families-flush-mounting-must\\\/\"]}]},{\"@type\":\"ImageObject\",\"inLanguage\":\"et\",\"@id\":\"https:\\\/\\\/fonolukk.eu\\\/et\\\/tooted\\\/smart-video-panel-8-families-flush-mounting-must\\\/#primaryimage\",\"url\":\"https:\\\/\\\/fonolukk.eu\\\/wp-content\\\/uploads\\\/2020\\\/02\\\/8-Fam.-Flush-.png\",\"contentUrl\":\"https:\\\/\\\/fonolukk.eu\\\/wp-content\\\/uploads\\\/2020\\\/02\\\/8-Fam.-Flush-.png\",\"width\":1022,\"height\":1150,\"caption\":\"Fonolukk - Smart Video Panel\"},{\"@type\":\"BreadcrumbList\",\"@id\":\"https:\\\/\\\/fonolukk.eu\\\/et\\\/tooted\\\/smart-video-panel-8-families-flush-mounting-must\\\/#breadcrumb\",\"itemListElement\":[{\"@type\":\"ListItem\",\"position\":1,\"name\":\"Esileht\",\"item\":\"https:\\\/\\\/fonolukk.eu\\\/et\\\/koduleht\\\/\"},{\"@type\":\"ListItem\",\"position\":2,\"name\":\"Tooted\",\"item\":\"https:\\\/\\\/fonolukk.eu\\\/et\\\/shop-2\\\/\"},{\"@type\":\"ListItem\",\"position\":3,\"name\":\"Fonolukud\",\"item\":\"https:\\\/\\\/fonolukk.eu\\\/et\\\/product-category\\\/fonolukud\\\/\"},{\"@type\":\"ListItem\",\"position\":4,\"name\":\"Electra\",\"item\":\"https:\\\/\\\/fonolukk.eu\\\/et\\\/product-category\\\/fonolukud\\\/electra-et-2\\\/\"},{\"@type\":\"ListItem\",\"position\":5,\"name\":\"Fonoluku paneel\",\"item\":\"https:\\\/\\\/fonolukk.eu\\\/et\\\/product-category\\\/fonolukud\\\/electra-et-2\\\/fonoluku-paneel\\\/\"},{\"@type\":\"ListItem\",\"position\":6,\"name\":\"SMART VIDEO PANEL &#8211; 8 FAMILIES, FLUSH MOUNTING, MUST\"}]},{\"@type\":\"WebSite\",\"@id\":\"https:\\\/\\\/fonolukk.eu\\\/et\\\/#website\",\"url\":\"https:\\\/\\\/fonolukk.eu\\\/et\\\/\",\"name\":\"Fonolukk eu\",\"description\":\"Smart Security Systems\",\"publisher\":{\"@id\":\"https:\\\/\\\/fonolukk.eu\\\/et\\\/#organization\"},\"potentialAction\":[{\"@type\":\"SearchAction\",\"target\":{\"@type\":\"EntryPoint\",\"urlTemplate\":\"https:\\\/\\\/fonolukk.eu\\\/et\\\/?s={search_term_string}\"},\"query-input\":{\"@type\":\"PropertyValueSpecification\",\"valueRequired\":true,\"valueName\":\"search_term_string\"}}],\"inLanguage\":\"et\"},{\"@type\":\"Organization\",\"@id\":\"https:\\\/\\\/fonolukk.eu\\\/et\\\/#organization\",\"name\":\"Smart Security OU\",\"url\":\"https:\\\/\\\/fonolukk.eu\\\/et\\\/\",\"logo\":{\"@type\":\"ImageObject\",\"inLanguage\":\"et\",\"@id\":\"https:\\\/\\\/fonolukk.eu\\\/et\\\/#\\\/schema\\\/logo\\\/image\\\/\",\"url\":\"https:\\\/\\\/fonolukk.eu\\\/wp-content\\\/uploads\\\/2023\\\/09\\\/fonolukk.png\",\"contentUrl\":\"https:\\\/\\\/fonolukk.eu\\\/wp-content\\\/uploads\\\/2023\\\/09\\\/fonolukk.png\",\"width\":277,\"height\":274,\"caption\":\"Smart Security OU\"},\"image\":{\"@id\":\"https:\\\/\\\/fonolukk.eu\\\/et\\\/#\\\/schema\\\/logo\\\/image\\\/\"},\"sameAs\":[\"https:\\\/\\\/www.facebook.com\\\/fonolukk\",\"https:\\\/\\\/www.instagram.com\\\/fonolukk\\\/?hl=ru\"],\"publishingPrinciples\":\"https:\\\/\\\/fonolukk.eu\\\/terms-and-conditions\\\/\",\"ownershipFundingInfo\":\"https:\\\/\\\/fonolukk.eu\\\/about-us\\\/\"}]}<\/script>\n<meta property=\"product:brand\" content=\"Electra\" \/>\n<meta property=\"product:price:amount\" content=\"0.00\" \/>\n<meta property=\"product:price:currency\" content=\"EUR\" \/>\n<meta property=\"og:availability\" content=\"instock\" \/>\n<meta property=\"product:availability\" content=\"instock\" \/>\n<meta property=\"product:retailer_item_id\" content=\"VPM.8FR02.ELB04\" \/>\n<meta property=\"product:condition\" content=\"new\" \/>\n<!-- \/ Yoast SEO Premium plugin. -->","yoast_head_json":{"title":"SMART VIDEO PANEL - 8 FAMILIES, FLUSH MOUNTING, MUST - Fonolukk","description":"SMART VIDEO PANEL - 8 FAMILIES, FLUSH MOUNTING, MUST - Fonolukk","robots":{"index":"index","follow":"follow","max-snippet":"max-snippet:-1","max-image-preview":"max-image-preview:large","max-video-preview":"max-video-preview:-1"},"canonical":"https:\/\/fonolukk.eu\/et\/tooted\/smart-video-panel-8-families-flush-mounting-must\/","og_locale":"et_EE","og_type":"article","og_title":"SMART VIDEO PANEL - 8 FAMILIES, FLUSH MOUNTING, MUST","og_description":"KLAASI JA KOHTU disain Innovatsioon on ELECTRA p\u00fcsiv missioon ning GLASS &amp; TOUCH tehnoloogia kasutamine v\u00e4lipaneelide jaoks oli originaalne ja vapper","og_url":"https:\/\/fonolukk.eu\/et\/tooted\/smart-video-panel-8-families-flush-mounting-must\/","og_site_name":"Fonolukk","article_publisher":"https:\/\/www.facebook.com\/fonolukk","article_modified_time":"2020-08-13T08:17:37+00:00","og_image":[{"width":1022,"height":1150,"url":"https:\/\/fonolukk.eu\/wp-content\/uploads\/2020\/02\/8-Fam.-Flush-.png","type":"image\/png"}],"twitter_card":"summary_large_image","twitter_misc":{"Hind":"","Availability":"Laos"},"schema":{"@context":"https:\/\/schema.org","@graph":[{"@type":"WebPage","@id":"https:\/\/fonolukk.eu\/et\/tooted\/smart-video-panel-8-families-flush-mounting-must\/","url":"https:\/\/fonolukk.eu\/et\/tooted\/smart-video-panel-8-families-flush-mounting-must\/","name":"SMART VIDEO PANEL - 8 FAMILIES, FLUSH MOUNTING, MUST - Fonolukk","isPartOf":{"@id":"https:\/\/fonolukk.eu\/et\/#website"},"primaryImageOfPage":{"@id":"https:\/\/fonolukk.eu\/et\/tooted\/smart-video-panel-8-families-flush-mounting-must\/#primaryimage"},"image":{"@id":"https:\/\/fonolukk.eu\/et\/tooted\/smart-video-panel-8-families-flush-mounting-must\/#primaryimage"},"thumbnailUrl":"https:\/\/fonolukk.eu\/wp-content\/uploads\/2020\/02\/8-Fam.-Flush-.png","datePublished":"2020-02-27T17:11:41+00:00","dateModified":"2020-08-13T08:17:37+00:00","description":"SMART VIDEO PANEL - 8 FAMILIES, FLUSH MOUNTING, MUST - Fonolukk","breadcrumb":{"@id":"https:\/\/fonolukk.eu\/et\/tooted\/smart-video-panel-8-families-flush-mounting-must\/#breadcrumb"},"inLanguage":"et","potentialAction":[{"@type":"ReadAction","target":["https:\/\/fonolukk.eu\/et\/tooted\/smart-video-panel-8-families-flush-mounting-must\/"]}]},{"@type":"ImageObject","inLanguage":"et","@id":"https:\/\/fonolukk.eu\/et\/tooted\/smart-video-panel-8-families-flush-mounting-must\/#primaryimage","url":"https:\/\/fonolukk.eu\/wp-content\/uploads\/2020\/02\/8-Fam.-Flush-.png","contentUrl":"https:\/\/fonolukk.eu\/wp-content\/uploads\/2020\/02\/8-Fam.-Flush-.png","width":1022,"height":1150,"caption":"Fonolukk - Smart Video Panel"},{"@type":"BreadcrumbList","@id":"https:\/\/fonolukk.eu\/et\/tooted\/smart-video-panel-8-families-flush-mounting-must\/#breadcrumb","itemListElement":[{"@type":"ListItem","position":1,"name":"Esileht","item":"https:\/\/fonolukk.eu\/et\/koduleht\/"},{"@type":"ListItem","position":2,"name":"Tooted","item":"https:\/\/fonolukk.eu\/et\/shop-2\/"},{"@type":"ListItem","position":3,"name":"Fonolukud","item":"https:\/\/fonolukk.eu\/et\/product-category\/fonolukud\/"},{"@type":"ListItem","position":4,"name":"Electra","item":"https:\/\/fonolukk.eu\/et\/product-category\/fonolukud\/electra-et-2\/"},{"@type":"ListItem","position":5,"name":"Fonoluku paneel","item":"https:\/\/fonolukk.eu\/et\/product-category\/fonolukud\/electra-et-2\/fonoluku-paneel\/"},{"@type":"ListItem","position":6,"name":"SMART VIDEO PANEL &#8211; 8 FAMILIES, FLUSH MOUNTING, MUST"}]},{"@type":"WebSite","@id":"https:\/\/fonolukk.eu\/et\/#website","url":"https:\/\/fonolukk.eu\/et\/","name":"Fonolukk eu","description":"Smart Security Systems","publisher":{"@id":"https:\/\/fonolukk.eu\/et\/#organization"},"potentialAction":[{"@type":"SearchAction","target":{"@type":"EntryPoint","urlTemplate":"https:\/\/fonolukk.eu\/et\/?s={search_term_string}"},"query-input":{"@type":"PropertyValueSpecification","valueRequired":true,"valueName":"search_term_string"}}],"inLanguage":"et"},{"@type":"Organization","@id":"https:\/\/fonolukk.eu\/et\/#organization","name":"Smart Security OU","url":"https:\/\/fonolukk.eu\/et\/","logo":{"@type":"ImageObject","inLanguage":"et","@id":"https:\/\/fonolukk.eu\/et\/#\/schema\/logo\/image\/","url":"https:\/\/fonolukk.eu\/wp-content\/uploads\/2023\/09\/fonolukk.png","contentUrl":"https:\/\/fonolukk.eu\/wp-content\/uploads\/2023\/09\/fonolukk.png","width":277,"height":274,"caption":"Smart Security OU"},"image":{"@id":"https:\/\/fonolukk.eu\/et\/#\/schema\/logo\/image\/"},"sameAs":["https:\/\/www.facebook.com\/fonolukk","https:\/\/www.instagram.com\/fonolukk\/?hl=ru"],"publishingPrinciples":"https:\/\/fonolukk.eu\/terms-and-conditions\/","ownershipFundingInfo":"https:\/\/fonolukk.eu\/about-us\/"}]},"product_brand":"Electra","product_price_amount":"0.00","product_price_currency":"EUR","og_availability":"instock","product_availability":"instock","product_retailer_item_id":"VPM.8FR02.ELB04","product_condition":"new"},"_links":{"self":[{"href":"https:\/\/fonolukk.eu\/et\/wp-json\/wp\/v2\/product\/7826","targetHints":{"allow":["GET"]}}],"collection":[{"href":"https:\/\/fonolukk.eu\/et\/wp-json\/wp\/v2\/product"}],"about":[{"href":"https:\/\/fonolukk.eu\/et\/wp-json\/wp\/v2\/types\/product"}],"version-history":[{"count":0,"href":"https:\/\/fonolukk.eu\/et\/wp-json\/wp\/v2\/product\/7826\/revisions"}],"wp:featuredmedia":[{"embeddable":true,"href":"https:\/\/fonolukk.eu\/et\/wp-json\/wp\/v2\/media\/4787"}],"wp:attachment":[{"href":"https:\/\/fonolukk.eu\/et\/wp-json\/wp\/v2\/media?parent=7826"}],"wp:term":[{"taxonomy":"product_brand","embeddable":true,"href":"https:\/\/fonolukk.eu\/et\/wp-json\/wp\/v2\/product_brand?post=7826"},{"taxonomy":"product_cat","embeddable":true,"href":"https:\/\/fonolukk.eu\/et\/wp-json\/wp\/v2\/product_cat?post=7826"},{"taxonomy":"product_tag","embeddable":true,"href":"https:\/\/fonolukk.eu\/et\/wp-json\/wp\/v2\/product_tag?post=7826"}],"curies":[{"name":"wp","href":"https:\/\/api.w.org\/{rel}","templated":true}]}}