{"id":7880,"date":"2020-07-31T17:43:58","date_gmt":"2020-07-31T14:43:59","guid":{"rendered":"https:\/\/fonolukk.eu\/?post_type=product&#038;p=7880"},"modified":"2024-09-09T14:38:27","modified_gmt":"2024-09-09T11:38:27","slug":"laskomex-cd-2600r","status":"publish","type":"product","link":"https:\/\/fonolukk.eu\/et\/tooted\/laskomex-cd-2600r\/","title":{"rendered":"Laskomex CD-2600R"},"content":{"rendered":"<h3>Laskomex 2600 PR<\/h3>\n<p><a href=\"https:\/\/fonolukk.eu\/et\/tooted\/laskomex-cd-2600r\/\">CD-2600<\/a> digitaalne fonos\u00fcsteem on universaalne lahendus elamute turvalisuse tagamiseks, sealhulgas korterelamud ja eramajad. See v\u00f5imaldab luua uksekellas\u00fcsteemi \u00fche pea sissep\u00e4\u00e4suga ja kuni 64 alluvate sissep\u00e4\u00e4suga, mis teeb selle ideaalseks suurtele elamukompleksidele.<\/p>\n<p><a href=\"https:\/\/fonolukk.eu\/et\/tooted\/laskomex-cd-2600r\/\">CD-2600<\/a> k\u00f5ik elektroonilised komponendid asuvad v\u00e4lisel paneelil. See lihtsustab konstruktsiooni ja suurendab seadme usaldusv\u00e4\u00e4rsust. Korterite telefonid \u00fchendatakse otse puldiga, mis tagab kasutusmugavuse.<\/p>\n<p>Paneeli kompaktsed m\u00f5\u00f5tmed v\u00f5imaldavad selle h\u00f5lpsasti paigaldada kitsastele aia postidele. Paneel on valmistatud roostevaba terasest, mis tagab selle vastupidavuse ja korrosioonikindluse. Korpus on m\u00f5eldud pinnapealseks paigaldamiseks.<\/p>\n<p><a href=\"https:\/\/fonolukk.eu\/et\/tooted\/laskomex-cd-2600r\/\">CD-2600<\/a> fonopaneel on varustatud mehaanilise klaviatuuriga, mis on spetsiaalselt selle seadme jaoks v\u00e4lja t\u00f6\u00f6tatud. Selle konstruktsioon ja kasutatavad materjalid tagavad pika ja usaldusv\u00e4\u00e4rse t\u00f6\u00f6. Klaviatuuril on taustvalgustus ja sisseehitatud UNIQUE 125 kHz RFID-v\u00f5tmete lugeja mugavuse huvides.<\/p>\n<p><a href=\"https:\/\/fonolukk.eu\/et\/tooted\/laskomex-cd-2600r\/\">CD-2600<\/a> fonopaneel v\u00e4lja t\u00f6\u00f6tanud CD-2502 mudeli alusel ja kombineeritud teiste Laskomexi digitaalsete fonos\u00fcsteemidega. See t\u00e4idab k\u00f5iki CD-2502 mudeli funktsioone, tagades k\u00f5rge kvaliteedi ja usaldusv\u00e4\u00e4rsuse.<\/p>\n<p>Monoblock on pult ja elektroonika\u00fcksus \u00fches korpuses<br \/>\npeate \u00fchendama ainult liini L + L &#8211;<br \/>\nneljakohaline t\u00e4his;<br \/>\nkaasaegne disain<br \/>\ntr\u00fckiv\u00e4rvi v\u00e4lja taustvalgus;<br \/>\nk\u00f5ne kindel kinnitus;<br \/>\nsisseehitatud T PR-v\u00f5tmete lugeja;<br \/>\nluku avamine abonendiseadmest;<br \/>\nluku avamine \u00fcksikute neljakohaliste koodide abil;<br \/>\nheli kinnitus abonendiseadmes individuaalse koodi kasutamise kohta luku avamiseks;<br \/>\nmaksimaalne abonentide arv on 254;<br \/>\nkasutamise v\u00f5imalus Master-slave s\u00fcsteemis;<br \/>\nvandaalikindel disain.<\/p>\n","protected":false},"excerpt":{"rendered":"<p>Laskomex 2600 PR CD-2600 digitaalne fonos\u00fcsteem on universaalne lahendus elamute turvalisuse tagamiseks, sealhulgas korterelamud ja eramajad. See v\u00f5imaldab luua uksekellas\u00fcsteemi<\/p>\n","protected":false},"featured_media":13294,"template":"","meta":[],"product_brand":[],"product_cat":[956,606,908],"product_tag":[],"class_list":{"0":"post-7880","1":"product","2":"type-product","3":"status-publish","4":"has-post-thumbnail","6":"product_cat-valispaneel-et-2","7":"product_cat-fonolukud","8":"product_cat-rainmann-laskomex-et-2","9":"pa_brand-laskomex-et","11":"first","12":"instock","13":"taxable","14":"shipping-taxable","15":"purchasable","16":"product-type-simple"},"yoast_head":"<!-- This site is optimized with the Yoast SEO Premium plugin v27.3 (Yoast SEO v27.3) - https:\/\/yoast.com\/product\/yoast-seo-premium-wordpress\/ -->\n<title>Laskomex CD-2600R - Fonolukk<\/title>\n<meta name=\"description\" content=\"Laskomex CD-2600R - Fonolukk\" \/>\n<meta name=\"robots\" content=\"index, follow, max-snippet:-1, max-image-preview:large, max-video-preview:-1\" \/>\n<link rel=\"canonical\" href=\"https:\/\/fonolukk.eu\/et\/tooted\/laskomex-cd-2600r\/\" \/>\n<meta property=\"og:locale\" content=\"et_EE\" \/>\n<meta property=\"og:type\" content=\"article\" \/>\n<meta property=\"og:title\" content=\"Laskomex CD-2600R\" \/>\n<meta property=\"og:description\" content=\"Laskomex 2600 PR CD-2600 digitaalne fonos\u00fcsteem on universaalne lahendus elamute turvalisuse tagamiseks, sealhulgas korterelamud ja eramajad. See\" \/>\n<meta property=\"og:url\" content=\"https:\/\/fonolukk.eu\/et\/tooted\/laskomex-cd-2600r\/\" \/>\n<meta property=\"og:site_name\" content=\"Fonolukk\" \/>\n<meta property=\"article:publisher\" content=\"https:\/\/www.facebook.com\/fonolukk\" \/>\n<meta property=\"article:modified_time\" content=\"2024-09-09T11:38:27+00:00\" \/>\n<meta property=\"og:image\" content=\"https:\/\/fonolukk.eu\/wp-content\/uploads\/2020\/07\/snimok-ekrana-2022-04-11-v-15.48.03.jpg\" \/>\n\t<meta property=\"og:image:width\" content=\"727\" \/>\n\t<meta property=\"og:image:height\" content=\"573\" \/>\n\t<meta property=\"og:image:type\" content=\"image\/jpeg\" \/>\n<meta name=\"twitter:card\" content=\"summary_large_image\" \/>\n<meta name=\"twitter:label1\" content=\"Hind\" \/>\n\t<meta name=\"twitter:data1\" content=\"&euro;245.08 koos KM\" \/>\n\t<meta name=\"twitter:label2\" content=\"Availability\" \/>\n\t<meta name=\"twitter:data2\" content=\"Laos\" \/>\n<script type=\"application\/ld+json\" class=\"yoast-schema-graph\">{\"@context\":\"https:\\\/\\\/schema.org\",\"@graph\":[{\"@type\":\"WebPage\",\"@id\":\"https:\\\/\\\/fonolukk.eu\\\/et\\\/tooted\\\/laskomex-cd-2600r\\\/\",\"url\":\"https:\\\/\\\/fonolukk.eu\\\/et\\\/tooted\\\/laskomex-cd-2600r\\\/\",\"name\":\"Laskomex CD-2600R - Fonolukk\",\"isPartOf\":{\"@id\":\"https:\\\/\\\/fonolukk.eu\\\/et\\\/#website\"},\"primaryImageOfPage\":{\"@id\":\"https:\\\/\\\/fonolukk.eu\\\/et\\\/tooted\\\/laskomex-cd-2600r\\\/#primaryimage\"},\"image\":{\"@id\":\"https:\\\/\\\/fonolukk.eu\\\/et\\\/tooted\\\/laskomex-cd-2600r\\\/#primaryimage\"},\"thumbnailUrl\":\"https:\\\/\\\/fonolukk.eu\\\/wp-content\\\/uploads\\\/2020\\\/07\\\/snimok-ekrana-2022-04-11-v-15.48.03.jpg\",\"datePublished\":\"2020-07-31T14:43:59+00:00\",\"dateModified\":\"2024-09-09T11:38:27+00:00\",\"description\":\"Laskomex CD-2600R - Fonolukk\",\"breadcrumb\":{\"@id\":\"https:\\\/\\\/fonolukk.eu\\\/et\\\/tooted\\\/laskomex-cd-2600r\\\/#breadcrumb\"},\"inLanguage\":\"et\",\"potentialAction\":[{\"@type\":\"ReadAction\",\"target\":[\"https:\\\/\\\/fonolukk.eu\\\/et\\\/tooted\\\/laskomex-cd-2600r\\\/\"]}]},{\"@type\":\"ImageObject\",\"inLanguage\":\"et\",\"@id\":\"https:\\\/\\\/fonolukk.eu\\\/et\\\/tooted\\\/laskomex-cd-2600r\\\/#primaryimage\",\"url\":\"https:\\\/\\\/fonolukk.eu\\\/wp-content\\\/uploads\\\/2020\\\/07\\\/snimok-ekrana-2022-04-11-v-15.48.03.jpg\",\"contentUrl\":\"https:\\\/\\\/fonolukk.eu\\\/wp-content\\\/uploads\\\/2020\\\/07\\\/snimok-ekrana-2022-04-11-v-15.48.03.jpg\",\"width\":727,\"height\":573,\"caption\":\"CD-2600R\"},{\"@type\":\"BreadcrumbList\",\"@id\":\"https:\\\/\\\/fonolukk.eu\\\/et\\\/tooted\\\/laskomex-cd-2600r\\\/#breadcrumb\",\"itemListElement\":[{\"@type\":\"ListItem\",\"position\":1,\"name\":\"Esileht\",\"item\":\"https:\\\/\\\/fonolukk.eu\\\/et\\\/koduleht\\\/\"},{\"@type\":\"ListItem\",\"position\":2,\"name\":\"Tooted\",\"item\":\"https:\\\/\\\/fonolukk.eu\\\/et\\\/shop-2\\\/\"},{\"@type\":\"ListItem\",\"position\":3,\"name\":\"Fonolukud\",\"item\":\"https:\\\/\\\/fonolukk.eu\\\/et\\\/product-category\\\/fonolukud\\\/\"},{\"@type\":\"ListItem\",\"position\":4,\"name\":\"Rainmann (Laskomex)\",\"item\":\"https:\\\/\\\/fonolukk.eu\\\/et\\\/product-category\\\/fonolukud\\\/rainmann-laskomex-et-2\\\/\"},{\"@type\":\"ListItem\",\"position\":5,\"name\":\"Fonoluku paneel\",\"item\":\"https:\\\/\\\/fonolukk.eu\\\/et\\\/product-category\\\/fonolukud\\\/rainmann-laskomex-et-2\\\/valispaneel-et-2\\\/\"},{\"@type\":\"ListItem\",\"position\":6,\"name\":\"Laskomex CD-2600R\"}]},{\"@type\":\"WebSite\",\"@id\":\"https:\\\/\\\/fonolukk.eu\\\/et\\\/#website\",\"url\":\"https:\\\/\\\/fonolukk.eu\\\/et\\\/\",\"name\":\"Fonolukk eu\",\"description\":\"Smart Security Systems\",\"publisher\":{\"@id\":\"https:\\\/\\\/fonolukk.eu\\\/et\\\/#organization\"},\"potentialAction\":[{\"@type\":\"SearchAction\",\"target\":{\"@type\":\"EntryPoint\",\"urlTemplate\":\"https:\\\/\\\/fonolukk.eu\\\/et\\\/?s={search_term_string}\"},\"query-input\":{\"@type\":\"PropertyValueSpecification\",\"valueRequired\":true,\"valueName\":\"search_term_string\"}}],\"inLanguage\":\"et\"},{\"@type\":\"Organization\",\"@id\":\"https:\\\/\\\/fonolukk.eu\\\/et\\\/#organization\",\"name\":\"Smart Security OU\",\"url\":\"https:\\\/\\\/fonolukk.eu\\\/et\\\/\",\"logo\":{\"@type\":\"ImageObject\",\"inLanguage\":\"et\",\"@id\":\"https:\\\/\\\/fonolukk.eu\\\/et\\\/#\\\/schema\\\/logo\\\/image\\\/\",\"url\":\"https:\\\/\\\/fonolukk.eu\\\/wp-content\\\/uploads\\\/2023\\\/09\\\/fonolukk.png\",\"contentUrl\":\"https:\\\/\\\/fonolukk.eu\\\/wp-content\\\/uploads\\\/2023\\\/09\\\/fonolukk.png\",\"width\":277,\"height\":274,\"caption\":\"Smart Security OU\"},\"image\":{\"@id\":\"https:\\\/\\\/fonolukk.eu\\\/et\\\/#\\\/schema\\\/logo\\\/image\\\/\"},\"sameAs\":[\"https:\\\/\\\/www.facebook.com\\\/fonolukk\",\"https:\\\/\\\/www.instagram.com\\\/fonolukk\\\/?hl=ru\"],\"publishingPrinciples\":\"https:\\\/\\\/fonolukk.eu\\\/terms-and-conditions\\\/\",\"ownershipFundingInfo\":\"https:\\\/\\\/fonolukk.eu\\\/about-us\\\/\"}]}<\/script>\n<meta property=\"product:brand\" content=\"Laskomex\" \/>\n<meta property=\"product:price:amount\" content=\"245.08\" \/>\n<meta property=\"product:price:currency\" content=\"EUR\" \/>\n<meta property=\"og:availability\" content=\"instock\" \/>\n<meta property=\"product:availability\" content=\"instock\" \/>\n<meta property=\"product:retailer_item_id\" content=\"Laskomex2600\" \/>\n<meta property=\"product:condition\" content=\"new\" \/>\n<!-- \/ Yoast SEO Premium plugin. -->","yoast_head_json":{"title":"Laskomex CD-2600R - Fonolukk","description":"Laskomex CD-2600R - Fonolukk","robots":{"index":"index","follow":"follow","max-snippet":"max-snippet:-1","max-image-preview":"max-image-preview:large","max-video-preview":"max-video-preview:-1"},"canonical":"https:\/\/fonolukk.eu\/et\/tooted\/laskomex-cd-2600r\/","og_locale":"et_EE","og_type":"article","og_title":"Laskomex CD-2600R","og_description":"Laskomex 2600 PR CD-2600 digitaalne fonos\u00fcsteem on universaalne lahendus elamute turvalisuse tagamiseks, sealhulgas korterelamud ja eramajad. See","og_url":"https:\/\/fonolukk.eu\/et\/tooted\/laskomex-cd-2600r\/","og_site_name":"Fonolukk","article_publisher":"https:\/\/www.facebook.com\/fonolukk","article_modified_time":"2024-09-09T11:38:27+00:00","og_image":[{"width":727,"height":573,"url":"https:\/\/fonolukk.eu\/wp-content\/uploads\/2020\/07\/snimok-ekrana-2022-04-11-v-15.48.03.jpg","type":"image\/jpeg"}],"twitter_card":"summary_large_image","twitter_misc":{"Hind":"&euro;245.08 koos KM","Availability":"Laos"},"schema":{"@context":"https:\/\/schema.org","@graph":[{"@type":"WebPage","@id":"https:\/\/fonolukk.eu\/et\/tooted\/laskomex-cd-2600r\/","url":"https:\/\/fonolukk.eu\/et\/tooted\/laskomex-cd-2600r\/","name":"Laskomex CD-2600R - Fonolukk","isPartOf":{"@id":"https:\/\/fonolukk.eu\/et\/#website"},"primaryImageOfPage":{"@id":"https:\/\/fonolukk.eu\/et\/tooted\/laskomex-cd-2600r\/#primaryimage"},"image":{"@id":"https:\/\/fonolukk.eu\/et\/tooted\/laskomex-cd-2600r\/#primaryimage"},"thumbnailUrl":"https:\/\/fonolukk.eu\/wp-content\/uploads\/2020\/07\/snimok-ekrana-2022-04-11-v-15.48.03.jpg","datePublished":"2020-07-31T14:43:59+00:00","dateModified":"2024-09-09T11:38:27+00:00","description":"Laskomex CD-2600R - Fonolukk","breadcrumb":{"@id":"https:\/\/fonolukk.eu\/et\/tooted\/laskomex-cd-2600r\/#breadcrumb"},"inLanguage":"et","potentialAction":[{"@type":"ReadAction","target":["https:\/\/fonolukk.eu\/et\/tooted\/laskomex-cd-2600r\/"]}]},{"@type":"ImageObject","inLanguage":"et","@id":"https:\/\/fonolukk.eu\/et\/tooted\/laskomex-cd-2600r\/#primaryimage","url":"https:\/\/fonolukk.eu\/wp-content\/uploads\/2020\/07\/snimok-ekrana-2022-04-11-v-15.48.03.jpg","contentUrl":"https:\/\/fonolukk.eu\/wp-content\/uploads\/2020\/07\/snimok-ekrana-2022-04-11-v-15.48.03.jpg","width":727,"height":573,"caption":"CD-2600R"},{"@type":"BreadcrumbList","@id":"https:\/\/fonolukk.eu\/et\/tooted\/laskomex-cd-2600r\/#breadcrumb","itemListElement":[{"@type":"ListItem","position":1,"name":"Esileht","item":"https:\/\/fonolukk.eu\/et\/koduleht\/"},{"@type":"ListItem","position":2,"name":"Tooted","item":"https:\/\/fonolukk.eu\/et\/shop-2\/"},{"@type":"ListItem","position":3,"name":"Fonolukud","item":"https:\/\/fonolukk.eu\/et\/product-category\/fonolukud\/"},{"@type":"ListItem","position":4,"name":"Rainmann (Laskomex)","item":"https:\/\/fonolukk.eu\/et\/product-category\/fonolukud\/rainmann-laskomex-et-2\/"},{"@type":"ListItem","position":5,"name":"Fonoluku paneel","item":"https:\/\/fonolukk.eu\/et\/product-category\/fonolukud\/rainmann-laskomex-et-2\/valispaneel-et-2\/"},{"@type":"ListItem","position":6,"name":"Laskomex CD-2600R"}]},{"@type":"WebSite","@id":"https:\/\/fonolukk.eu\/et\/#website","url":"https:\/\/fonolukk.eu\/et\/","name":"Fonolukk eu","description":"Smart Security Systems","publisher":{"@id":"https:\/\/fonolukk.eu\/et\/#organization"},"potentialAction":[{"@type":"SearchAction","target":{"@type":"EntryPoint","urlTemplate":"https:\/\/fonolukk.eu\/et\/?s={search_term_string}"},"query-input":{"@type":"PropertyValueSpecification","valueRequired":true,"valueName":"search_term_string"}}],"inLanguage":"et"},{"@type":"Organization","@id":"https:\/\/fonolukk.eu\/et\/#organization","name":"Smart Security OU","url":"https:\/\/fonolukk.eu\/et\/","logo":{"@type":"ImageObject","inLanguage":"et","@id":"https:\/\/fonolukk.eu\/et\/#\/schema\/logo\/image\/","url":"https:\/\/fonolukk.eu\/wp-content\/uploads\/2023\/09\/fonolukk.png","contentUrl":"https:\/\/fonolukk.eu\/wp-content\/uploads\/2023\/09\/fonolukk.png","width":277,"height":274,"caption":"Smart Security OU"},"image":{"@id":"https:\/\/fonolukk.eu\/et\/#\/schema\/logo\/image\/"},"sameAs":["https:\/\/www.facebook.com\/fonolukk","https:\/\/www.instagram.com\/fonolukk\/?hl=ru"],"publishingPrinciples":"https:\/\/fonolukk.eu\/terms-and-conditions\/","ownershipFundingInfo":"https:\/\/fonolukk.eu\/about-us\/"}]},"product_brand":"Laskomex","product_price_amount":"245.08","product_price_currency":"EUR","og_availability":"instock","product_availability":"instock","product_retailer_item_id":"Laskomex2600","product_condition":"new"},"_links":{"self":[{"href":"https:\/\/fonolukk.eu\/et\/wp-json\/wp\/v2\/product\/7880","targetHints":{"allow":["GET"]}}],"collection":[{"href":"https:\/\/fonolukk.eu\/et\/wp-json\/wp\/v2\/product"}],"about":[{"href":"https:\/\/fonolukk.eu\/et\/wp-json\/wp\/v2\/types\/product"}],"version-history":[{"count":1,"href":"https:\/\/fonolukk.eu\/et\/wp-json\/wp\/v2\/product\/7880\/revisions"}],"predecessor-version":[{"id":18696,"href":"https:\/\/fonolukk.eu\/et\/wp-json\/wp\/v2\/product\/7880\/revisions\/18696"}],"wp:featuredmedia":[{"embeddable":true,"href":"https:\/\/fonolukk.eu\/et\/wp-json\/wp\/v2\/media\/13294"}],"wp:attachment":[{"href":"https:\/\/fonolukk.eu\/et\/wp-json\/wp\/v2\/media?parent=7880"}],"wp:term":[{"taxonomy":"product_brand","embeddable":true,"href":"https:\/\/fonolukk.eu\/et\/wp-json\/wp\/v2\/product_brand?post=7880"},{"taxonomy":"product_cat","embeddable":true,"href":"https:\/\/fonolukk.eu\/et\/wp-json\/wp\/v2\/product_cat?post=7880"},{"taxonomy":"product_tag","embeddable":true,"href":"https:\/\/fonolukk.eu\/et\/wp-json\/wp\/v2\/product_tag?post=7880"}],"curies":[{"name":"wp","href":"https:\/\/api.w.org\/{rel}","templated":true}]}}