{"id":7921,"date":"2020-07-31T19:33:18","date_gmt":"2020-07-31T16:33:17","guid":{"rendered":"https:\/\/fonolukk.eu\/?post_type=product&#038;p=7921"},"modified":"2024-09-09T16:09:17","modified_gmt":"2024-09-09T13:09:17","slug":"fonolukk-rainmann-laskomex-3103tp-koos-ibutton-lugejaga","status":"publish","type":"product","link":"https:\/\/fonolukk.eu\/et\/tooted\/fonolukk-rainmann-laskomex-3103tp-koos-ibutton-lugejaga\/","title":{"rendered":"Fonolukk Laskomex (Rainmann) 3103TP koos iBUTTON lugejaga"},"content":{"rendered":"<h1 class=\"heading-title\">Fonolukk Laskomex (Rainmann) 3103TP koos iBUTTON lugejaga<\/h1>\n<p>CP-2503TP sisseehitatud valjuh\u00e4\u00e4ldi sissep\u00e4\u00e4supaneel &#8211; valgustatud klaviatuur ilma mehaaniliste kontaktideta, k\u00f5rge vandaalikindlusega, kaitse ilmastiku eest, igale abonendile oma individuaalne kood, ukse avamine kontakt-elektrooniliste v\u00f5tmete abil TM1990A-F5 (&#8220;kiibid&#8221;). Elektrooniline seade EC-2503R &#8211; v\u00f5imalus \u00fchendada kuni 254 abonenti, v\u00f5imalus mitme sisendiga s\u00fcsteemi korraldamiseks, universaalse ukse avanemise v\u00e4ljap\u00e4\u00e4su juhtimine, helitugevuse ja helinide reguleerimine, elektrooniline programmeerimine.<\/p>\n<p>Kirjeldus: mitme korteri digitaalne audioside<br \/>\n<strong>Funktsioonid<\/strong>:<br \/>\nkvaliteetne heliside, individuaalsed koodid, kaugjuhitav avamine helitorudest ja iButtoni kontakt-elektroonilistest v\u00f5tmetest<br \/>\n<strong>Toiteallikas<\/strong>:<br \/>\nalates EC-2502 12V \/ 250mA<br \/>\n<strong>M\u00f5\u00f5dud, mm<\/strong>:<br \/>\n210x180x34 (laius-k\u00f5rgus-s\u00fcgavus)<br \/>\n<strong>Paigalduse t\u00fc\u00fcp: <\/strong><br \/>\npinnale paigaldatav v\u00f5i s\u00fcvistatav<br \/>\n<strong>Tehtud<\/strong>:<br \/>\nmetallist<br \/>\nMust v\u00e4rv<br \/>\n<strong>T\u00f6\u00f6temperatuuri vahemik<\/strong>:<br \/>\n-25 \u00b0 C + 55 \u00b0 C<\/p>\n","protected":false},"excerpt":{"rendered":"<p>Fonolukk Laskomex (Rainmann) 3103TP koos iBUTTON lugejaga CP-2503TP sisseehitatud valjuh\u00e4\u00e4ldi sissep\u00e4\u00e4supaneel &#8211; valgustatud klaviatuur ilma mehaaniliste kontaktideta, k\u00f5rge vandaalikindlusega, kaitse<\/p>\n","protected":false},"featured_media":15559,"template":"","meta":[],"product_brand":[],"product_cat":[956,606,908],"product_tag":[1275,1415],"class_list":{"0":"post-7921","1":"product","2":"type-product","3":"status-publish","4":"has-post-thumbnail","6":"product_cat-valispaneel-et-2","7":"product_cat-fonolukud","8":"product_cat-rainmann-laskomex-et-2","9":"product_tag-laskomex-et","10":"product_tag-3103tp-et","11":"pa_brand-laskomex-et","13":"first","14":"instock","15":"taxable","16":"shipping-taxable","17":"product-type-simple"},"yoast_head":"<!-- This site is optimized with the Yoast SEO Premium plugin v27.3 (Yoast SEO v27.3) - https:\/\/yoast.com\/product\/yoast-seo-premium-wordpress\/ -->\n<title>Fonolukk Laskomex (Rainmann) 3103TP koos iBUTTON lugejaga - Fonolukk<\/title>\n<meta name=\"description\" content=\"Fonolukk Laskomex (Rainmann) 3103TP koos iBUTTON lugejaga - CP-2503TP sisseehitatud valjuh\u00e4\u00e4ldi sissep\u00e4\u00e4supaneel - valgustatud klaviatuur ilma mehaaniliste kontaktideta.\" \/>\n<meta name=\"robots\" content=\"index, follow, max-snippet:-1, max-image-preview:large, max-video-preview:-1\" \/>\n<link rel=\"canonical\" href=\"https:\/\/fonolukk.eu\/et\/tooted\/fonolukk-rainmann-laskomex-3103tp-koos-ibutton-lugejaga\/\" \/>\n<meta property=\"og:locale\" content=\"et_EE\" \/>\n<meta property=\"og:type\" content=\"article\" \/>\n<meta property=\"og:title\" content=\"Fonolukk Laskomex (Rainmann) 3103TP koos iBUTTON lugejaga\" \/>\n<meta property=\"og:description\" content=\"Fonolukk Laskomex (Rainmann) 3103TP koos iBUTTON lugejaga CP-2503TP sisseehitatud valjuh\u00e4\u00e4ldi sissep\u00e4\u00e4supaneel - valgustatud klaviatuur ilma mehaaniliste\" \/>\n<meta property=\"og:url\" content=\"https:\/\/fonolukk.eu\/et\/tooted\/fonolukk-rainmann-laskomex-3103tp-koos-ibutton-lugejaga\/\" \/>\n<meta property=\"og:site_name\" content=\"Fonolukk\" \/>\n<meta property=\"article:publisher\" content=\"https:\/\/www.facebook.com\/fonolukk\" \/>\n<meta property=\"article:modified_time\" content=\"2024-09-09T13:09:17+00:00\" \/>\n<meta property=\"og:image\" content=\"https:\/\/fonolukk.eu\/wp-content\/uploads\/2020\/07\/laskomex-3100-fonolukk.png\" \/>\n\t<meta property=\"og:image:width\" content=\"1422\" \/>\n\t<meta property=\"og:image:height\" content=\"1219\" \/>\n\t<meta property=\"og:image:type\" content=\"image\/png\" \/>\n<meta name=\"twitter:card\" content=\"summary_large_image\" \/>\n<meta name=\"twitter:label1\" content=\"Hind\" \/>\n\t<meta name=\"twitter:data1\" content=\"\" \/>\n\t<meta name=\"twitter:label2\" content=\"Availability\" \/>\n\t<meta name=\"twitter:data2\" content=\"Laos\" \/>\n<script type=\"application\/ld+json\" class=\"yoast-schema-graph\">{\"@context\":\"https:\\\/\\\/schema.org\",\"@graph\":[{\"@type\":\"WebPage\",\"@id\":\"https:\\\/\\\/fonolukk.eu\\\/et\\\/tooted\\\/fonolukk-rainmann-laskomex-3103tp-koos-ibutton-lugejaga\\\/\",\"url\":\"https:\\\/\\\/fonolukk.eu\\\/et\\\/tooted\\\/fonolukk-rainmann-laskomex-3103tp-koos-ibutton-lugejaga\\\/\",\"name\":\"Fonolukk Laskomex (Rainmann) 3103TP koos iBUTTON lugejaga - Fonolukk\",\"isPartOf\":{\"@id\":\"https:\\\/\\\/fonolukk.eu\\\/et\\\/#website\"},\"primaryImageOfPage\":{\"@id\":\"https:\\\/\\\/fonolukk.eu\\\/et\\\/tooted\\\/fonolukk-rainmann-laskomex-3103tp-koos-ibutton-lugejaga\\\/#primaryimage\"},\"image\":{\"@id\":\"https:\\\/\\\/fonolukk.eu\\\/et\\\/tooted\\\/fonolukk-rainmann-laskomex-3103tp-koos-ibutton-lugejaga\\\/#primaryimage\"},\"thumbnailUrl\":\"https:\\\/\\\/fonolukk.eu\\\/wp-content\\\/uploads\\\/2020\\\/07\\\/laskomex-3100-fonolukk.png\",\"datePublished\":\"2020-07-31T16:33:17+00:00\",\"dateModified\":\"2024-09-09T13:09:17+00:00\",\"description\":\"Fonolukk Laskomex (Rainmann) 3103TP koos iBUTTON lugejaga - CP-2503TP sisseehitatud valjuh\u00e4\u00e4ldi sissep\u00e4\u00e4supaneel - valgustatud klaviatuur ilma mehaaniliste kontaktideta.\",\"breadcrumb\":{\"@id\":\"https:\\\/\\\/fonolukk.eu\\\/et\\\/tooted\\\/fonolukk-rainmann-laskomex-3103tp-koos-ibutton-lugejaga\\\/#breadcrumb\"},\"inLanguage\":\"et\",\"potentialAction\":[{\"@type\":\"ReadAction\",\"target\":[\"https:\\\/\\\/fonolukk.eu\\\/et\\\/tooted\\\/fonolukk-rainmann-laskomex-3103tp-koos-ibutton-lugejaga\\\/\"]}]},{\"@type\":\"ImageObject\",\"inLanguage\":\"et\",\"@id\":\"https:\\\/\\\/fonolukk.eu\\\/et\\\/tooted\\\/fonolukk-rainmann-laskomex-3103tp-koos-ibutton-lugejaga\\\/#primaryimage\",\"url\":\"https:\\\/\\\/fonolukk.eu\\\/wp-content\\\/uploads\\\/2020\\\/07\\\/laskomex-3100-fonolukk.png\",\"contentUrl\":\"https:\\\/\\\/fonolukk.eu\\\/wp-content\\\/uploads\\\/2020\\\/07\\\/laskomex-3100-fonolukk.png\",\"width\":1422,\"height\":1219,\"caption\":\"CP-310 laskomex\"},{\"@type\":\"BreadcrumbList\",\"@id\":\"https:\\\/\\\/fonolukk.eu\\\/et\\\/tooted\\\/fonolukk-rainmann-laskomex-3103tp-koos-ibutton-lugejaga\\\/#breadcrumb\",\"itemListElement\":[{\"@type\":\"ListItem\",\"position\":1,\"name\":\"Esileht\",\"item\":\"https:\\\/\\\/fonolukk.eu\\\/et\\\/koduleht\\\/\"},{\"@type\":\"ListItem\",\"position\":2,\"name\":\"Tooted\",\"item\":\"https:\\\/\\\/fonolukk.eu\\\/et\\\/shop-2\\\/\"},{\"@type\":\"ListItem\",\"position\":3,\"name\":\"Fonolukud\",\"item\":\"https:\\\/\\\/fonolukk.eu\\\/et\\\/product-category\\\/fonolukud\\\/\"},{\"@type\":\"ListItem\",\"position\":4,\"name\":\"Fonolukk Laskomex (Rainmann) 3103TP koos iBUTTON lugejaga\"}]},{\"@type\":\"WebSite\",\"@id\":\"https:\\\/\\\/fonolukk.eu\\\/et\\\/#website\",\"url\":\"https:\\\/\\\/fonolukk.eu\\\/et\\\/\",\"name\":\"Fonolukk eu\",\"description\":\"Smart Security Systems\",\"publisher\":{\"@id\":\"https:\\\/\\\/fonolukk.eu\\\/et\\\/#organization\"},\"potentialAction\":[{\"@type\":\"SearchAction\",\"target\":{\"@type\":\"EntryPoint\",\"urlTemplate\":\"https:\\\/\\\/fonolukk.eu\\\/et\\\/?s={search_term_string}\"},\"query-input\":{\"@type\":\"PropertyValueSpecification\",\"valueRequired\":true,\"valueName\":\"search_term_string\"}}],\"inLanguage\":\"et\"},{\"@type\":\"Organization\",\"@id\":\"https:\\\/\\\/fonolukk.eu\\\/et\\\/#organization\",\"name\":\"Smart Security OU\",\"url\":\"https:\\\/\\\/fonolukk.eu\\\/et\\\/\",\"logo\":{\"@type\":\"ImageObject\",\"inLanguage\":\"et\",\"@id\":\"https:\\\/\\\/fonolukk.eu\\\/et\\\/#\\\/schema\\\/logo\\\/image\\\/\",\"url\":\"https:\\\/\\\/fonolukk.eu\\\/wp-content\\\/uploads\\\/2023\\\/09\\\/fonolukk.png\",\"contentUrl\":\"https:\\\/\\\/fonolukk.eu\\\/wp-content\\\/uploads\\\/2023\\\/09\\\/fonolukk.png\",\"width\":277,\"height\":274,\"caption\":\"Smart Security OU\"},\"image\":{\"@id\":\"https:\\\/\\\/fonolukk.eu\\\/et\\\/#\\\/schema\\\/logo\\\/image\\\/\"},\"sameAs\":[\"https:\\\/\\\/www.facebook.com\\\/fonolukk\",\"https:\\\/\\\/www.instagram.com\\\/fonolukk\\\/?hl=ru\"],\"publishingPrinciples\":\"https:\\\/\\\/fonolukk.eu\\\/terms-and-conditions\\\/\",\"ownershipFundingInfo\":\"https:\\\/\\\/fonolukk.eu\\\/about-us\\\/\"}]}<\/script>\n<meta property=\"product:brand\" content=\"Laskomex\" \/>\n<meta property=\"product:price:amount\" content=\"0.00\" \/>\n<meta property=\"product:price:currency\" content=\"EUR\" \/>\n<meta property=\"og:availability\" content=\"instock\" \/>\n<meta property=\"product:availability\" content=\"instock\" \/>\n<meta property=\"product:retailer_item_id\" content=\"Laskomex3103TP\" \/>\n<meta property=\"product:condition\" content=\"new\" \/>\n<!-- \/ Yoast SEO Premium plugin. -->","yoast_head_json":{"title":"Fonolukk Laskomex (Rainmann) 3103TP koos iBUTTON lugejaga - Fonolukk","description":"Fonolukk Laskomex (Rainmann) 3103TP koos iBUTTON lugejaga - CP-2503TP sisseehitatud valjuh\u00e4\u00e4ldi sissep\u00e4\u00e4supaneel - valgustatud klaviatuur ilma mehaaniliste kontaktideta.","robots":{"index":"index","follow":"follow","max-snippet":"max-snippet:-1","max-image-preview":"max-image-preview:large","max-video-preview":"max-video-preview:-1"},"canonical":"https:\/\/fonolukk.eu\/et\/tooted\/fonolukk-rainmann-laskomex-3103tp-koos-ibutton-lugejaga\/","og_locale":"et_EE","og_type":"article","og_title":"Fonolukk Laskomex (Rainmann) 3103TP koos iBUTTON lugejaga","og_description":"Fonolukk Laskomex (Rainmann) 3103TP koos iBUTTON lugejaga CP-2503TP sisseehitatud valjuh\u00e4\u00e4ldi sissep\u00e4\u00e4supaneel - valgustatud klaviatuur ilma mehaaniliste","og_url":"https:\/\/fonolukk.eu\/et\/tooted\/fonolukk-rainmann-laskomex-3103tp-koos-ibutton-lugejaga\/","og_site_name":"Fonolukk","article_publisher":"https:\/\/www.facebook.com\/fonolukk","article_modified_time":"2024-09-09T13:09:17+00:00","og_image":[{"width":1422,"height":1219,"url":"https:\/\/fonolukk.eu\/wp-content\/uploads\/2020\/07\/laskomex-3100-fonolukk.png","type":"image\/png"}],"twitter_card":"summary_large_image","twitter_misc":{"Hind":"","Availability":"Laos"},"schema":{"@context":"https:\/\/schema.org","@graph":[{"@type":"WebPage","@id":"https:\/\/fonolukk.eu\/et\/tooted\/fonolukk-rainmann-laskomex-3103tp-koos-ibutton-lugejaga\/","url":"https:\/\/fonolukk.eu\/et\/tooted\/fonolukk-rainmann-laskomex-3103tp-koos-ibutton-lugejaga\/","name":"Fonolukk Laskomex (Rainmann) 3103TP koos iBUTTON lugejaga - Fonolukk","isPartOf":{"@id":"https:\/\/fonolukk.eu\/et\/#website"},"primaryImageOfPage":{"@id":"https:\/\/fonolukk.eu\/et\/tooted\/fonolukk-rainmann-laskomex-3103tp-koos-ibutton-lugejaga\/#primaryimage"},"image":{"@id":"https:\/\/fonolukk.eu\/et\/tooted\/fonolukk-rainmann-laskomex-3103tp-koos-ibutton-lugejaga\/#primaryimage"},"thumbnailUrl":"https:\/\/fonolukk.eu\/wp-content\/uploads\/2020\/07\/laskomex-3100-fonolukk.png","datePublished":"2020-07-31T16:33:17+00:00","dateModified":"2024-09-09T13:09:17+00:00","description":"Fonolukk Laskomex (Rainmann) 3103TP koos iBUTTON lugejaga - CP-2503TP sisseehitatud valjuh\u00e4\u00e4ldi sissep\u00e4\u00e4supaneel - valgustatud klaviatuur ilma mehaaniliste kontaktideta.","breadcrumb":{"@id":"https:\/\/fonolukk.eu\/et\/tooted\/fonolukk-rainmann-laskomex-3103tp-koos-ibutton-lugejaga\/#breadcrumb"},"inLanguage":"et","potentialAction":[{"@type":"ReadAction","target":["https:\/\/fonolukk.eu\/et\/tooted\/fonolukk-rainmann-laskomex-3103tp-koos-ibutton-lugejaga\/"]}]},{"@type":"ImageObject","inLanguage":"et","@id":"https:\/\/fonolukk.eu\/et\/tooted\/fonolukk-rainmann-laskomex-3103tp-koos-ibutton-lugejaga\/#primaryimage","url":"https:\/\/fonolukk.eu\/wp-content\/uploads\/2020\/07\/laskomex-3100-fonolukk.png","contentUrl":"https:\/\/fonolukk.eu\/wp-content\/uploads\/2020\/07\/laskomex-3100-fonolukk.png","width":1422,"height":1219,"caption":"CP-310 laskomex"},{"@type":"BreadcrumbList","@id":"https:\/\/fonolukk.eu\/et\/tooted\/fonolukk-rainmann-laskomex-3103tp-koos-ibutton-lugejaga\/#breadcrumb","itemListElement":[{"@type":"ListItem","position":1,"name":"Esileht","item":"https:\/\/fonolukk.eu\/et\/koduleht\/"},{"@type":"ListItem","position":2,"name":"Tooted","item":"https:\/\/fonolukk.eu\/et\/shop-2\/"},{"@type":"ListItem","position":3,"name":"Fonolukud","item":"https:\/\/fonolukk.eu\/et\/product-category\/fonolukud\/"},{"@type":"ListItem","position":4,"name":"Fonolukk Laskomex (Rainmann) 3103TP koos iBUTTON lugejaga"}]},{"@type":"WebSite","@id":"https:\/\/fonolukk.eu\/et\/#website","url":"https:\/\/fonolukk.eu\/et\/","name":"Fonolukk eu","description":"Smart Security Systems","publisher":{"@id":"https:\/\/fonolukk.eu\/et\/#organization"},"potentialAction":[{"@type":"SearchAction","target":{"@type":"EntryPoint","urlTemplate":"https:\/\/fonolukk.eu\/et\/?s={search_term_string}"},"query-input":{"@type":"PropertyValueSpecification","valueRequired":true,"valueName":"search_term_string"}}],"inLanguage":"et"},{"@type":"Organization","@id":"https:\/\/fonolukk.eu\/et\/#organization","name":"Smart Security OU","url":"https:\/\/fonolukk.eu\/et\/","logo":{"@type":"ImageObject","inLanguage":"et","@id":"https:\/\/fonolukk.eu\/et\/#\/schema\/logo\/image\/","url":"https:\/\/fonolukk.eu\/wp-content\/uploads\/2023\/09\/fonolukk.png","contentUrl":"https:\/\/fonolukk.eu\/wp-content\/uploads\/2023\/09\/fonolukk.png","width":277,"height":274,"caption":"Smart Security OU"},"image":{"@id":"https:\/\/fonolukk.eu\/et\/#\/schema\/logo\/image\/"},"sameAs":["https:\/\/www.facebook.com\/fonolukk","https:\/\/www.instagram.com\/fonolukk\/?hl=ru"],"publishingPrinciples":"https:\/\/fonolukk.eu\/terms-and-conditions\/","ownershipFundingInfo":"https:\/\/fonolukk.eu\/about-us\/"}]},"product_brand":"Laskomex","product_price_amount":"0.00","product_price_currency":"EUR","og_availability":"instock","product_availability":"instock","product_retailer_item_id":"Laskomex3103TP","product_condition":"new"},"_links":{"self":[{"href":"https:\/\/fonolukk.eu\/et\/wp-json\/wp\/v2\/product\/7921","targetHints":{"allow":["GET"]}}],"collection":[{"href":"https:\/\/fonolukk.eu\/et\/wp-json\/wp\/v2\/product"}],"about":[{"href":"https:\/\/fonolukk.eu\/et\/wp-json\/wp\/v2\/types\/product"}],"version-history":[{"count":1,"href":"https:\/\/fonolukk.eu\/et\/wp-json\/wp\/v2\/product\/7921\/revisions"}],"predecessor-version":[{"id":18750,"href":"https:\/\/fonolukk.eu\/et\/wp-json\/wp\/v2\/product\/7921\/revisions\/18750"}],"wp:featuredmedia":[{"embeddable":true,"href":"https:\/\/fonolukk.eu\/et\/wp-json\/wp\/v2\/media\/15559"}],"wp:attachment":[{"href":"https:\/\/fonolukk.eu\/et\/wp-json\/wp\/v2\/media?parent=7921"}],"wp:term":[{"taxonomy":"product_brand","embeddable":true,"href":"https:\/\/fonolukk.eu\/et\/wp-json\/wp\/v2\/product_brand?post=7921"},{"taxonomy":"product_cat","embeddable":true,"href":"https:\/\/fonolukk.eu\/et\/wp-json\/wp\/v2\/product_cat?post=7921"},{"taxonomy":"product_tag","embeddable":true,"href":"https:\/\/fonolukk.eu\/et\/wp-json\/wp\/v2\/product_tag?post=7921"}],"curies":[{"name":"wp","href":"https:\/\/api.w.org\/{rel}","templated":true}]}}