{"id":7994,"date":"2020-08-02T16:59:07","date_gmt":"2020-08-02T13:59:08","guid":{"rendered":"https:\/\/fonolukk.eu\/?post_type=product&#038;p=7994"},"modified":"2024-09-09T15:54:16","modified_gmt":"2024-09-09T12:54:16","slug":"rainmann-laskomex-3123tp-lugeja-ibutton","status":"publish","type":"product","link":"https:\/\/fonolukk.eu\/et\/tooted\/rainmann-laskomex-3123tp-lugeja-ibutton\/","title":{"rendered":"Laskomex (Rainmann) 3123TP lugeja iBUTTON"},"content":{"rendered":"<h3>Laskomex (Rainmann) 3123TP lugeja iBUTTON<\/h3>\n<p>3123TP roostevabast terasest video-intercomi sissep\u00e4\u00e4supaneel &#8211; v\u00e4rviline videokaamera, taustvalgustusega klaviatuur ilma mehaaniliste kontaktideta.<\/p>\n<p><strong>Kirjeldus<\/strong>:<br \/>\nmitme korteri digitaalne video-intercom, roostevabast terasest video-intercom-paneel, sisseehitatud v\u00e4rvivideokaamera<br \/>\n<strong>Funktsioonid<\/strong>:<br \/>\nkvaliteetne heli-videoside, individuaalsed koodid, kaugjuhitav avamine helitorudest v\u00f5i monitoridest ja iButtoni kontakt-elektroonilistest v\u00f5tmetest<br \/>\n<strong>Toiteallikas<\/strong>:<br \/>\nalates EC-2502 12V \/ 250mA<br \/>\n<strong>M\u00f5\u00f5dud, mm<\/strong>:<br \/>\n160x268x35 (laius-k\u00f5rgus-s\u00fcgavus)<br \/>\n<strong>Paigalduse t\u00fc\u00fcp<\/strong>:<br \/>\npinnale kinnitatav v\u00f5i s\u00fcvistatav<br \/>\n<strong>Tehtud<\/strong>:<br \/>\nroostevaba teras<br \/>\n<strong>V\u00e4rv<\/strong>:<br \/>\nH\u00f5be<br \/>\n<strong>T\u00f6\u00f6temperatuuri vahemik<\/strong>:<br \/>\n-25 \u00b0 C + 55 \u00b0 C<\/p>\n","protected":false},"excerpt":{"rendered":"<p>Laskomex (Rainmann) 3123TP lugeja iBUTTON 3123TP roostevabast terasest video-intercomi sissep\u00e4\u00e4supaneel &#8211; v\u00e4rviline videokaamera, taustvalgustusega klaviatuur ilma mehaaniliste kontaktideta. Kirjeldus: mitme<\/p>\n","protected":false},"featured_media":15555,"template":"","meta":[],"product_brand":[],"product_cat":[956,606,908],"product_tag":[],"class_list":{"0":"post-7994","1":"product","2":"type-product","3":"status-publish","4":"has-post-thumbnail","6":"product_cat-valispaneel-et-2","7":"product_cat-fonolukud","8":"product_cat-rainmann-laskomex-et-2","9":"pa_brand-laskomex-et","11":"first","12":"instock","13":"taxable","14":"shipping-taxable","15":"product-type-simple"},"yoast_head":"<!-- This site is optimized with the Yoast SEO Premium plugin v27.3 (Yoast SEO v27.3) - https:\/\/yoast.com\/product\/yoast-seo-premium-wordpress\/ -->\n<title>Laskomex (Rainmann) 3123TP lugeja iBUTTON - Fonolukk<\/title>\n<meta name=\"description\" content=\"Laskomex (Rainmann) 3123TP lugeja iBUTTON - Fonolukk\" \/>\n<meta name=\"robots\" content=\"index, follow, max-snippet:-1, max-image-preview:large, max-video-preview:-1\" \/>\n<link rel=\"canonical\" href=\"https:\/\/fonolukk.eu\/et\/tooted\/rainmann-laskomex-3123tp-lugeja-ibutton\/\" \/>\n<meta property=\"og:locale\" content=\"et_EE\" \/>\n<meta property=\"og:type\" content=\"article\" \/>\n<meta property=\"og:title\" content=\"Laskomex (Rainmann) 3123TP lugeja iBUTTON\" \/>\n<meta property=\"og:description\" content=\"Laskomex (Rainmann) 3123TP lugeja iBUTTON 3123TP roostevabast terasest video-intercomi sissep\u00e4\u00e4supaneel - v\u00e4rviline videokaamera, taustvalgustusega\" \/>\n<meta property=\"og:url\" content=\"https:\/\/fonolukk.eu\/et\/tooted\/rainmann-laskomex-3123tp-lugeja-ibutton\/\" \/>\n<meta property=\"og:site_name\" content=\"Fonolukk\" \/>\n<meta property=\"article:publisher\" content=\"https:\/\/www.facebook.com\/fonolukk\" \/>\n<meta property=\"article:modified_time\" content=\"2024-09-09T12:54:16+00:00\" \/>\n<meta property=\"og:image\" content=\"https:\/\/fonolukk.eu\/wp-content\/uploads\/2020\/08\/laskomex_cp-2503tptr.png\" \/>\n\t<meta property=\"og:image:width\" content=\"1295\" \/>\n\t<meta property=\"og:image:height\" content=\"1089\" \/>\n\t<meta property=\"og:image:type\" content=\"image\/png\" \/>\n<meta name=\"twitter:card\" content=\"summary_large_image\" \/>\n<meta name=\"twitter:label1\" content=\"Hind\" \/>\n\t<meta name=\"twitter:data1\" content=\"\" \/>\n\t<meta name=\"twitter:label2\" content=\"Availability\" \/>\n\t<meta name=\"twitter:data2\" content=\"Laos\" \/>\n<script type=\"application\/ld+json\" class=\"yoast-schema-graph\">{\"@context\":\"https:\\\/\\\/schema.org\",\"@graph\":[{\"@type\":\"WebPage\",\"@id\":\"https:\\\/\\\/fonolukk.eu\\\/et\\\/tooted\\\/rainmann-laskomex-3123tp-lugeja-ibutton\\\/\",\"url\":\"https:\\\/\\\/fonolukk.eu\\\/et\\\/tooted\\\/rainmann-laskomex-3123tp-lugeja-ibutton\\\/\",\"name\":\"Laskomex (Rainmann) 3123TP lugeja iBUTTON - Fonolukk\",\"isPartOf\":{\"@id\":\"https:\\\/\\\/fonolukk.eu\\\/et\\\/#website\"},\"primaryImageOfPage\":{\"@id\":\"https:\\\/\\\/fonolukk.eu\\\/et\\\/tooted\\\/rainmann-laskomex-3123tp-lugeja-ibutton\\\/#primaryimage\"},\"image\":{\"@id\":\"https:\\\/\\\/fonolukk.eu\\\/et\\\/tooted\\\/rainmann-laskomex-3123tp-lugeja-ibutton\\\/#primaryimage\"},\"thumbnailUrl\":\"https:\\\/\\\/fonolukk.eu\\\/wp-content\\\/uploads\\\/2020\\\/08\\\/laskomex_cp-2503tptr.png\",\"datePublished\":\"2020-08-02T13:59:08+00:00\",\"dateModified\":\"2024-09-09T12:54:16+00:00\",\"description\":\"Laskomex (Rainmann) 3123TP lugeja iBUTTON - Fonolukk\",\"breadcrumb\":{\"@id\":\"https:\\\/\\\/fonolukk.eu\\\/et\\\/tooted\\\/rainmann-laskomex-3123tp-lugeja-ibutton\\\/#breadcrumb\"},\"inLanguage\":\"et\",\"potentialAction\":[{\"@type\":\"ReadAction\",\"target\":[\"https:\\\/\\\/fonolukk.eu\\\/et\\\/tooted\\\/rainmann-laskomex-3123tp-lugeja-ibutton\\\/\"]}]},{\"@type\":\"ImageObject\",\"inLanguage\":\"et\",\"@id\":\"https:\\\/\\\/fonolukk.eu\\\/et\\\/tooted\\\/rainmann-laskomex-3123tp-lugeja-ibutton\\\/#primaryimage\",\"url\":\"https:\\\/\\\/fonolukk.eu\\\/wp-content\\\/uploads\\\/2020\\\/08\\\/laskomex_cp-2503tptr.png\",\"contentUrl\":\"https:\\\/\\\/fonolukk.eu\\\/wp-content\\\/uploads\\\/2020\\\/08\\\/laskomex_cp-2503tptr.png\",\"width\":1295,\"height\":1089,\"caption\":\"LASKOMEX CP-2523TP\"},{\"@type\":\"BreadcrumbList\",\"@id\":\"https:\\\/\\\/fonolukk.eu\\\/et\\\/tooted\\\/rainmann-laskomex-3123tp-lugeja-ibutton\\\/#breadcrumb\",\"itemListElement\":[{\"@type\":\"ListItem\",\"position\":1,\"name\":\"Esileht\",\"item\":\"https:\\\/\\\/fonolukk.eu\\\/et\\\/koduleht\\\/\"},{\"@type\":\"ListItem\",\"position\":2,\"name\":\"Tooted\",\"item\":\"https:\\\/\\\/fonolukk.eu\\\/et\\\/shop-2\\\/\"},{\"@type\":\"ListItem\",\"position\":3,\"name\":\"Fonolukud\",\"item\":\"https:\\\/\\\/fonolukk.eu\\\/et\\\/product-category\\\/fonolukud\\\/\"},{\"@type\":\"ListItem\",\"position\":4,\"name\":\"Rainmann (Laskomex)\",\"item\":\"https:\\\/\\\/fonolukk.eu\\\/et\\\/product-category\\\/fonolukud\\\/rainmann-laskomex-et-2\\\/\"},{\"@type\":\"ListItem\",\"position\":5,\"name\":\"Fonoluku paneel\",\"item\":\"https:\\\/\\\/fonolukk.eu\\\/et\\\/product-category\\\/fonolukud\\\/rainmann-laskomex-et-2\\\/valispaneel-et-2\\\/\"},{\"@type\":\"ListItem\",\"position\":6,\"name\":\"Laskomex (Rainmann) 3123TP lugeja iBUTTON\"}]},{\"@type\":\"WebSite\",\"@id\":\"https:\\\/\\\/fonolukk.eu\\\/et\\\/#website\",\"url\":\"https:\\\/\\\/fonolukk.eu\\\/et\\\/\",\"name\":\"Fonolukk eu\",\"description\":\"Smart Security Systems\",\"publisher\":{\"@id\":\"https:\\\/\\\/fonolukk.eu\\\/et\\\/#organization\"},\"potentialAction\":[{\"@type\":\"SearchAction\",\"target\":{\"@type\":\"EntryPoint\",\"urlTemplate\":\"https:\\\/\\\/fonolukk.eu\\\/et\\\/?s={search_term_string}\"},\"query-input\":{\"@type\":\"PropertyValueSpecification\",\"valueRequired\":true,\"valueName\":\"search_term_string\"}}],\"inLanguage\":\"et\"},{\"@type\":\"Organization\",\"@id\":\"https:\\\/\\\/fonolukk.eu\\\/et\\\/#organization\",\"name\":\"Smart Security OU\",\"url\":\"https:\\\/\\\/fonolukk.eu\\\/et\\\/\",\"logo\":{\"@type\":\"ImageObject\",\"inLanguage\":\"et\",\"@id\":\"https:\\\/\\\/fonolukk.eu\\\/et\\\/#\\\/schema\\\/logo\\\/image\\\/\",\"url\":\"https:\\\/\\\/fonolukk.eu\\\/wp-content\\\/uploads\\\/2023\\\/09\\\/fonolukk.png\",\"contentUrl\":\"https:\\\/\\\/fonolukk.eu\\\/wp-content\\\/uploads\\\/2023\\\/09\\\/fonolukk.png\",\"width\":277,\"height\":274,\"caption\":\"Smart Security OU\"},\"image\":{\"@id\":\"https:\\\/\\\/fonolukk.eu\\\/et\\\/#\\\/schema\\\/logo\\\/image\\\/\"},\"sameAs\":[\"https:\\\/\\\/www.facebook.com\\\/fonolukk\",\"https:\\\/\\\/www.instagram.com\\\/fonolukk\\\/?hl=ru\"],\"publishingPrinciples\":\"https:\\\/\\\/fonolukk.eu\\\/terms-and-conditions\\\/\",\"ownershipFundingInfo\":\"https:\\\/\\\/fonolukk.eu\\\/about-us\\\/\"}]}<\/script>\n<meta property=\"product:brand\" content=\"Laskomex\" \/>\n<meta property=\"product:price:amount\" content=\"0.00\" \/>\n<meta property=\"product:price:currency\" content=\"EUR\" \/>\n<meta property=\"og:availability\" content=\"instock\" \/>\n<meta property=\"product:availability\" content=\"instock\" \/>\n<meta property=\"product:retailer_item_id\" content=\"Laskomex 3123TP\" \/>\n<meta property=\"product:condition\" content=\"new\" \/>\n<!-- \/ Yoast SEO Premium plugin. -->","yoast_head_json":{"title":"Laskomex (Rainmann) 3123TP lugeja iBUTTON - Fonolukk","description":"Laskomex (Rainmann) 3123TP lugeja iBUTTON - Fonolukk","robots":{"index":"index","follow":"follow","max-snippet":"max-snippet:-1","max-image-preview":"max-image-preview:large","max-video-preview":"max-video-preview:-1"},"canonical":"https:\/\/fonolukk.eu\/et\/tooted\/rainmann-laskomex-3123tp-lugeja-ibutton\/","og_locale":"et_EE","og_type":"article","og_title":"Laskomex (Rainmann) 3123TP lugeja iBUTTON","og_description":"Laskomex (Rainmann) 3123TP lugeja iBUTTON 3123TP roostevabast terasest video-intercomi sissep\u00e4\u00e4supaneel - v\u00e4rviline videokaamera, taustvalgustusega","og_url":"https:\/\/fonolukk.eu\/et\/tooted\/rainmann-laskomex-3123tp-lugeja-ibutton\/","og_site_name":"Fonolukk","article_publisher":"https:\/\/www.facebook.com\/fonolukk","article_modified_time":"2024-09-09T12:54:16+00:00","og_image":[{"width":1295,"height":1089,"url":"https:\/\/fonolukk.eu\/wp-content\/uploads\/2020\/08\/laskomex_cp-2503tptr.png","type":"image\/png"}],"twitter_card":"summary_large_image","twitter_misc":{"Hind":"","Availability":"Laos"},"schema":{"@context":"https:\/\/schema.org","@graph":[{"@type":"WebPage","@id":"https:\/\/fonolukk.eu\/et\/tooted\/rainmann-laskomex-3123tp-lugeja-ibutton\/","url":"https:\/\/fonolukk.eu\/et\/tooted\/rainmann-laskomex-3123tp-lugeja-ibutton\/","name":"Laskomex (Rainmann) 3123TP lugeja iBUTTON - Fonolukk","isPartOf":{"@id":"https:\/\/fonolukk.eu\/et\/#website"},"primaryImageOfPage":{"@id":"https:\/\/fonolukk.eu\/et\/tooted\/rainmann-laskomex-3123tp-lugeja-ibutton\/#primaryimage"},"image":{"@id":"https:\/\/fonolukk.eu\/et\/tooted\/rainmann-laskomex-3123tp-lugeja-ibutton\/#primaryimage"},"thumbnailUrl":"https:\/\/fonolukk.eu\/wp-content\/uploads\/2020\/08\/laskomex_cp-2503tptr.png","datePublished":"2020-08-02T13:59:08+00:00","dateModified":"2024-09-09T12:54:16+00:00","description":"Laskomex (Rainmann) 3123TP lugeja iBUTTON - Fonolukk","breadcrumb":{"@id":"https:\/\/fonolukk.eu\/et\/tooted\/rainmann-laskomex-3123tp-lugeja-ibutton\/#breadcrumb"},"inLanguage":"et","potentialAction":[{"@type":"ReadAction","target":["https:\/\/fonolukk.eu\/et\/tooted\/rainmann-laskomex-3123tp-lugeja-ibutton\/"]}]},{"@type":"ImageObject","inLanguage":"et","@id":"https:\/\/fonolukk.eu\/et\/tooted\/rainmann-laskomex-3123tp-lugeja-ibutton\/#primaryimage","url":"https:\/\/fonolukk.eu\/wp-content\/uploads\/2020\/08\/laskomex_cp-2503tptr.png","contentUrl":"https:\/\/fonolukk.eu\/wp-content\/uploads\/2020\/08\/laskomex_cp-2503tptr.png","width":1295,"height":1089,"caption":"LASKOMEX CP-2523TP"},{"@type":"BreadcrumbList","@id":"https:\/\/fonolukk.eu\/et\/tooted\/rainmann-laskomex-3123tp-lugeja-ibutton\/#breadcrumb","itemListElement":[{"@type":"ListItem","position":1,"name":"Esileht","item":"https:\/\/fonolukk.eu\/et\/koduleht\/"},{"@type":"ListItem","position":2,"name":"Tooted","item":"https:\/\/fonolukk.eu\/et\/shop-2\/"},{"@type":"ListItem","position":3,"name":"Fonolukud","item":"https:\/\/fonolukk.eu\/et\/product-category\/fonolukud\/"},{"@type":"ListItem","position":4,"name":"Rainmann (Laskomex)","item":"https:\/\/fonolukk.eu\/et\/product-category\/fonolukud\/rainmann-laskomex-et-2\/"},{"@type":"ListItem","position":5,"name":"Fonoluku paneel","item":"https:\/\/fonolukk.eu\/et\/product-category\/fonolukud\/rainmann-laskomex-et-2\/valispaneel-et-2\/"},{"@type":"ListItem","position":6,"name":"Laskomex (Rainmann) 3123TP lugeja iBUTTON"}]},{"@type":"WebSite","@id":"https:\/\/fonolukk.eu\/et\/#website","url":"https:\/\/fonolukk.eu\/et\/","name":"Fonolukk eu","description":"Smart Security Systems","publisher":{"@id":"https:\/\/fonolukk.eu\/et\/#organization"},"potentialAction":[{"@type":"SearchAction","target":{"@type":"EntryPoint","urlTemplate":"https:\/\/fonolukk.eu\/et\/?s={search_term_string}"},"query-input":{"@type":"PropertyValueSpecification","valueRequired":true,"valueName":"search_term_string"}}],"inLanguage":"et"},{"@type":"Organization","@id":"https:\/\/fonolukk.eu\/et\/#organization","name":"Smart Security OU","url":"https:\/\/fonolukk.eu\/et\/","logo":{"@type":"ImageObject","inLanguage":"et","@id":"https:\/\/fonolukk.eu\/et\/#\/schema\/logo\/image\/","url":"https:\/\/fonolukk.eu\/wp-content\/uploads\/2023\/09\/fonolukk.png","contentUrl":"https:\/\/fonolukk.eu\/wp-content\/uploads\/2023\/09\/fonolukk.png","width":277,"height":274,"caption":"Smart Security OU"},"image":{"@id":"https:\/\/fonolukk.eu\/et\/#\/schema\/logo\/image\/"},"sameAs":["https:\/\/www.facebook.com\/fonolukk","https:\/\/www.instagram.com\/fonolukk\/?hl=ru"],"publishingPrinciples":"https:\/\/fonolukk.eu\/terms-and-conditions\/","ownershipFundingInfo":"https:\/\/fonolukk.eu\/about-us\/"}]},"product_brand":"Laskomex","product_price_amount":"0.00","product_price_currency":"EUR","og_availability":"instock","product_availability":"instock","product_retailer_item_id":"Laskomex 3123TP","product_condition":"new"},"_links":{"self":[{"href":"https:\/\/fonolukk.eu\/et\/wp-json\/wp\/v2\/product\/7994","targetHints":{"allow":["GET"]}}],"collection":[{"href":"https:\/\/fonolukk.eu\/et\/wp-json\/wp\/v2\/product"}],"about":[{"href":"https:\/\/fonolukk.eu\/et\/wp-json\/wp\/v2\/types\/product"}],"version-history":[{"count":2,"href":"https:\/\/fonolukk.eu\/et\/wp-json\/wp\/v2\/product\/7994\/revisions"}],"predecessor-version":[{"id":18738,"href":"https:\/\/fonolukk.eu\/et\/wp-json\/wp\/v2\/product\/7994\/revisions\/18738"}],"wp:featuredmedia":[{"embeddable":true,"href":"https:\/\/fonolukk.eu\/et\/wp-json\/wp\/v2\/media\/15555"}],"wp:attachment":[{"href":"https:\/\/fonolukk.eu\/et\/wp-json\/wp\/v2\/media?parent=7994"}],"wp:term":[{"taxonomy":"product_brand","embeddable":true,"href":"https:\/\/fonolukk.eu\/et\/wp-json\/wp\/v2\/product_brand?post=7994"},{"taxonomy":"product_cat","embeddable":true,"href":"https:\/\/fonolukk.eu\/et\/wp-json\/wp\/v2\/product_cat?post=7994"},{"taxonomy":"product_tag","embeddable":true,"href":"https:\/\/fonolukk.eu\/et\/wp-json\/wp\/v2\/product_tag?post=7994"}],"curies":[{"name":"wp","href":"https:\/\/api.w.org\/{rel}","templated":true}]}}