{"id":8024,"date":"2020-08-07T21:33:34","date_gmt":"2020-08-07T18:33:34","guid":{"rendered":"https:\/\/fonolukk.eu\/?post_type=product&#038;p=8024"},"modified":"2020-12-10T18:42:24","modified_gmt":"2020-12-10T16:42:24","slug":"xvoice-eu-103k-2","status":"publish","type":"product","link":"https:\/\/fonolukk.eu\/et\/tooted\/xvoice-eu-103k-2\/","title":{"rendered":"xVoice EU-103K"},"content":{"rendered":"<h2>xVoice EU-103K<\/h2>\n<p>xVoice seeria Blue Rock &#8211; on ideaalne alternatiiv fonoluku paneelidele nagu\u00a0Laskomex (Rainmann), Proel, Keyman, Filman! Uus panel mahub v\u00e4ga ilusti vana paneeli kohale, sest m\u00f5\u00f5dud on samad.\u00a0 Korpus on roostevabast materjalist.\u00a0K\u00f5ik komponendid fonolukupaneelist\u00a0asuvad \u00fches korpuses, mis oluliselt lihtsustab protsessi paigaldus seadmed. Paksus mortise on kokku 25 (kaksk\u00fcmmend viis!) . Sisemisel kontuuril on liimitud kummist tihendusvahend. \u00a0 K\u00f5ik, mis on vaja teha paigaldamise ajal on vaja sisse l\u00fclitama toiteplokk ja \u00fchendada fonolukupaneel kaheosalise kaabki juurde.<\/p>\n<p>Fonolukk \u00a0xVoice Blue Rock ELi-164 on varustatud CMOS videokaamera 700 TVL p\u00e4ev \/ \u00f6\u00f6, ja v\u00f5imas IR valgustus. Et n\u00e4ha, kes v\u00f5ib tulla igal ajal ja mis tahes monitor intercom v\u00f5i isegi suur TV ekraanil. Kaamera resolutsioon ja tundlikkus v\u00f5imaldab see veel pilk sissep\u00e4\u00e4sude domofon.V ELi-164 paneeli on integreeritud lugeja Touch Memory. xVoice Blue Rock on lihtne kandmise kord uut v\u00f5tmed doorphone m\u00e4lu klahviga kanne funktsiooni. See pakub kaitset valiku koodi korteri v\u00f5i paigaldaja koodi. T\u00e4iustatud kaitsefunktsioon kloonid. Seal l\u00fclitatav tagasihelistamise funktsioon korterid kasutades TM v\u00f5tmed saab keelata kuva ruumides korter m\u00f6\u00f6dudes HM v\u00f5ti, ja keelab tagasihelistamise funktsioon korterid pass koodi. Igas paneel xVoice Blue Rock Wiegand 26 on v\u00e4ljund \u00fchendada v\u00e4lise ACS proizvoditeley.Krome, et sissep\u00e4\u00e4sud intercom xVoice ELi-164 on ehitatud peamine videov\u00e4ljund j\u00f5ud<\/p>\n<p><u>tehnilised omadused<\/u><\/p>\n<p>Tellijate arv multi-drop<\/p>\n<p>T\u00fc\u00fcp Loputada \/ pinnale paigaldamiseks<\/p>\n<p>Nuppude valgustus-Jah<\/p>\n<p>Lugeja Touch m\u00e4lu-Jah<\/p>\n","protected":false},"excerpt":{"rendered":"<p>xVoice EU-103K xVoice seeria Blue Rock &#8211; on ideaalne alternatiiv fonoluku paneelidele nagu\u00a0Laskomex (Rainmann), Proel, Keyman, Filman! Uus panel mahub<\/p>\n","protected":false},"featured_media":8027,"template":"","meta":[],"product_brand":[],"product_cat":[606,912,962],"product_tag":[],"class_list":{"0":"post-8024","1":"product","2":"type-product","3":"status-publish","4":"has-post-thumbnail","6":"product_cat-fonolukud","7":"product_cat-xvoice-et","8":"product_cat-valispaneel-et-4","9":"pa_brand-xvoice-et","11":"first","12":"instock","13":"taxable","14":"shipping-taxable","15":"product-type-simple"},"yoast_head":"<!-- This site is optimized with the Yoast SEO Premium plugin v27.3 (Yoast SEO v27.3) - https:\/\/yoast.com\/product\/yoast-seo-premium-wordpress\/ -->\n<title>xVoice EU-103K - Fonolukk<\/title>\n<meta name=\"description\" content=\"xVoice EU-103K - Fonolukk\" \/>\n<meta name=\"robots\" content=\"index, follow, max-snippet:-1, max-image-preview:large, max-video-preview:-1\" \/>\n<link rel=\"canonical\" href=\"https:\/\/fonolukk.eu\/et\/tooted\/xvoice-eu-103k-2\/\" \/>\n<meta property=\"og:locale\" content=\"et_EE\" \/>\n<meta property=\"og:type\" content=\"article\" \/>\n<meta property=\"og:title\" content=\"xVoice EU-103K\" \/>\n<meta property=\"og:description\" content=\"xVoice EU-103K xVoice seeria Blue Rock - on ideaalne alternatiiv fonoluku paneelidele nagu\u00a0Laskomex (Rainmann), Proel, Keyman, Filman! Uus panel mahub\" \/>\n<meta property=\"og:url\" content=\"https:\/\/fonolukk.eu\/et\/tooted\/xvoice-eu-103k-2\/\" \/>\n<meta property=\"og:site_name\" content=\"Fonolukk\" \/>\n<meta property=\"article:publisher\" content=\"https:\/\/www.facebook.com\/fonolukk\" \/>\n<meta property=\"article:modified_time\" content=\"2020-12-10T16:42:24+00:00\" \/>\n<meta property=\"og:image\" content=\"https:\/\/fonolukk.eu\/wp-content\/uploads\/2020\/08\/\u0421\u043d\u0438\u043c\u043e\u043a-\u044d\u043a\u0440\u0430\u043d\u0430-2020-08-07-\u0432-21.31.36.png\" \/>\n\t<meta property=\"og:image:width\" content=\"967\" \/>\n\t<meta property=\"og:image:height\" content=\"602\" \/>\n\t<meta property=\"og:image:type\" content=\"image\/png\" \/>\n<meta name=\"twitter:card\" content=\"summary_large_image\" \/>\n<meta name=\"twitter:label1\" content=\"Hind\" \/>\n\t<meta name=\"twitter:data1\" content=\"\" \/>\n\t<meta name=\"twitter:label2\" content=\"Availability\" \/>\n\t<meta name=\"twitter:data2\" content=\"Laos\" \/>\n<script type=\"application\/ld+json\" class=\"yoast-schema-graph\">{\"@context\":\"https:\\\/\\\/schema.org\",\"@graph\":[{\"@type\":\"WebPage\",\"@id\":\"https:\\\/\\\/fonolukk.eu\\\/et\\\/tooted\\\/xvoice-eu-103k-2\\\/\",\"url\":\"https:\\\/\\\/fonolukk.eu\\\/et\\\/tooted\\\/xvoice-eu-103k-2\\\/\",\"name\":\"xVoice EU-103K - Fonolukk\",\"isPartOf\":{\"@id\":\"https:\\\/\\\/fonolukk.eu\\\/et\\\/#website\"},\"primaryImageOfPage\":{\"@id\":\"https:\\\/\\\/fonolukk.eu\\\/et\\\/tooted\\\/xvoice-eu-103k-2\\\/#primaryimage\"},\"image\":{\"@id\":\"https:\\\/\\\/fonolukk.eu\\\/et\\\/tooted\\\/xvoice-eu-103k-2\\\/#primaryimage\"},\"thumbnailUrl\":\"https:\\\/\\\/fonolukk.eu\\\/wp-content\\\/uploads\\\/2020\\\/08\\\/\u0421\u043d\u0438\u043c\u043e\u043a-\u044d\u043a\u0440\u0430\u043d\u0430-2020-08-07-\u0432-21.31.36.png\",\"datePublished\":\"2020-08-07T18:33:34+00:00\",\"dateModified\":\"2020-12-10T16:42:24+00:00\",\"description\":\"xVoice EU-103K - Fonolukk\",\"breadcrumb\":{\"@id\":\"https:\\\/\\\/fonolukk.eu\\\/et\\\/tooted\\\/xvoice-eu-103k-2\\\/#breadcrumb\"},\"inLanguage\":\"et\",\"potentialAction\":[{\"@type\":\"ReadAction\",\"target\":[\"https:\\\/\\\/fonolukk.eu\\\/et\\\/tooted\\\/xvoice-eu-103k-2\\\/\"]}]},{\"@type\":\"ImageObject\",\"inLanguage\":\"et\",\"@id\":\"https:\\\/\\\/fonolukk.eu\\\/et\\\/tooted\\\/xvoice-eu-103k-2\\\/#primaryimage\",\"url\":\"https:\\\/\\\/fonolukk.eu\\\/wp-content\\\/uploads\\\/2020\\\/08\\\/\u0421\u043d\u0438\u043c\u043e\u043a-\u044d\u043a\u0440\u0430\u043d\u0430-2020-08-07-\u0432-21.31.36.png\",\"contentUrl\":\"https:\\\/\\\/fonolukk.eu\\\/wp-content\\\/uploads\\\/2020\\\/08\\\/\u0421\u043d\u0438\u043c\u043e\u043a-\u044d\u043a\u0440\u0430\u043d\u0430-2020-08-07-\u0432-21.31.36.png\",\"width\":967,\"height\":602},{\"@type\":\"BreadcrumbList\",\"@id\":\"https:\\\/\\\/fonolukk.eu\\\/et\\\/tooted\\\/xvoice-eu-103k-2\\\/#breadcrumb\",\"itemListElement\":[{\"@type\":\"ListItem\",\"position\":1,\"name\":\"Esileht\",\"item\":\"https:\\\/\\\/fonolukk.eu\\\/et\\\/koduleht\\\/\"},{\"@type\":\"ListItem\",\"position\":2,\"name\":\"Tooted\",\"item\":\"https:\\\/\\\/fonolukk.eu\\\/et\\\/shop-2\\\/\"},{\"@type\":\"ListItem\",\"position\":3,\"name\":\"Fonolukud\",\"item\":\"https:\\\/\\\/fonolukk.eu\\\/et\\\/product-category\\\/fonolukud\\\/\"},{\"@type\":\"ListItem\",\"position\":4,\"name\":\"xVoice\",\"item\":\"https:\\\/\\\/fonolukk.eu\\\/et\\\/product-category\\\/fonolukud\\\/xvoice-et\\\/\"},{\"@type\":\"ListItem\",\"position\":5,\"name\":\"Fonoluku paneel\",\"item\":\"https:\\\/\\\/fonolukk.eu\\\/et\\\/product-category\\\/fonolukud\\\/xvoice-et\\\/valispaneel-et-4\\\/\"},{\"@type\":\"ListItem\",\"position\":6,\"name\":\"xVoice EU-103K\"}]},{\"@type\":\"WebSite\",\"@id\":\"https:\\\/\\\/fonolukk.eu\\\/et\\\/#website\",\"url\":\"https:\\\/\\\/fonolukk.eu\\\/et\\\/\",\"name\":\"Fonolukk eu\",\"description\":\"Smart Security Systems\",\"publisher\":{\"@id\":\"https:\\\/\\\/fonolukk.eu\\\/et\\\/#organization\"},\"potentialAction\":[{\"@type\":\"SearchAction\",\"target\":{\"@type\":\"EntryPoint\",\"urlTemplate\":\"https:\\\/\\\/fonolukk.eu\\\/et\\\/?s={search_term_string}\"},\"query-input\":{\"@type\":\"PropertyValueSpecification\",\"valueRequired\":true,\"valueName\":\"search_term_string\"}}],\"inLanguage\":\"et\"},{\"@type\":\"Organization\",\"@id\":\"https:\\\/\\\/fonolukk.eu\\\/et\\\/#organization\",\"name\":\"Smart Security OU\",\"url\":\"https:\\\/\\\/fonolukk.eu\\\/et\\\/\",\"logo\":{\"@type\":\"ImageObject\",\"inLanguage\":\"et\",\"@id\":\"https:\\\/\\\/fonolukk.eu\\\/et\\\/#\\\/schema\\\/logo\\\/image\\\/\",\"url\":\"https:\\\/\\\/fonolukk.eu\\\/wp-content\\\/uploads\\\/2023\\\/09\\\/fonolukk.png\",\"contentUrl\":\"https:\\\/\\\/fonolukk.eu\\\/wp-content\\\/uploads\\\/2023\\\/09\\\/fonolukk.png\",\"width\":277,\"height\":274,\"caption\":\"Smart Security OU\"},\"image\":{\"@id\":\"https:\\\/\\\/fonolukk.eu\\\/et\\\/#\\\/schema\\\/logo\\\/image\\\/\"},\"sameAs\":[\"https:\\\/\\\/www.facebook.com\\\/fonolukk\",\"https:\\\/\\\/www.instagram.com\\\/fonolukk\\\/?hl=ru\"],\"publishingPrinciples\":\"https:\\\/\\\/fonolukk.eu\\\/terms-and-conditions\\\/\",\"ownershipFundingInfo\":\"https:\\\/\\\/fonolukk.eu\\\/about-us\\\/\"}]}<\/script>\n<meta property=\"product:brand\" content=\"xVoice\" \/>\n<meta property=\"product:price:amount\" content=\"0.00\" \/>\n<meta property=\"product:price:currency\" content=\"EUR\" \/>\n<meta property=\"og:availability\" content=\"instock\" \/>\n<meta property=\"product:availability\" content=\"instock\" \/>\n<meta property=\"product:retailer_item_id\" content=\"xVoice BR\" \/>\n<meta property=\"product:condition\" content=\"new\" \/>\n<!-- \/ Yoast SEO Premium plugin. -->","yoast_head_json":{"title":"xVoice EU-103K - Fonolukk","description":"xVoice EU-103K - Fonolukk","robots":{"index":"index","follow":"follow","max-snippet":"max-snippet:-1","max-image-preview":"max-image-preview:large","max-video-preview":"max-video-preview:-1"},"canonical":"https:\/\/fonolukk.eu\/et\/tooted\/xvoice-eu-103k-2\/","og_locale":"et_EE","og_type":"article","og_title":"xVoice EU-103K","og_description":"xVoice EU-103K xVoice seeria Blue Rock - on ideaalne alternatiiv fonoluku paneelidele nagu\u00a0Laskomex (Rainmann), Proel, Keyman, Filman! Uus panel mahub","og_url":"https:\/\/fonolukk.eu\/et\/tooted\/xvoice-eu-103k-2\/","og_site_name":"Fonolukk","article_publisher":"https:\/\/www.facebook.com\/fonolukk","article_modified_time":"2020-12-10T16:42:24+00:00","og_image":[{"width":967,"height":602,"url":"https:\/\/fonolukk.eu\/wp-content\/uploads\/2020\/08\/\u0421\u043d\u0438\u043c\u043e\u043a-\u044d\u043a\u0440\u0430\u043d\u0430-2020-08-07-\u0432-21.31.36.png","type":"image\/png"}],"twitter_card":"summary_large_image","twitter_misc":{"Hind":"","Availability":"Laos"},"schema":{"@context":"https:\/\/schema.org","@graph":[{"@type":"WebPage","@id":"https:\/\/fonolukk.eu\/et\/tooted\/xvoice-eu-103k-2\/","url":"https:\/\/fonolukk.eu\/et\/tooted\/xvoice-eu-103k-2\/","name":"xVoice EU-103K - Fonolukk","isPartOf":{"@id":"https:\/\/fonolukk.eu\/et\/#website"},"primaryImageOfPage":{"@id":"https:\/\/fonolukk.eu\/et\/tooted\/xvoice-eu-103k-2\/#primaryimage"},"image":{"@id":"https:\/\/fonolukk.eu\/et\/tooted\/xvoice-eu-103k-2\/#primaryimage"},"thumbnailUrl":"https:\/\/fonolukk.eu\/wp-content\/uploads\/2020\/08\/\u0421\u043d\u0438\u043c\u043e\u043a-\u044d\u043a\u0440\u0430\u043d\u0430-2020-08-07-\u0432-21.31.36.png","datePublished":"2020-08-07T18:33:34+00:00","dateModified":"2020-12-10T16:42:24+00:00","description":"xVoice EU-103K - Fonolukk","breadcrumb":{"@id":"https:\/\/fonolukk.eu\/et\/tooted\/xvoice-eu-103k-2\/#breadcrumb"},"inLanguage":"et","potentialAction":[{"@type":"ReadAction","target":["https:\/\/fonolukk.eu\/et\/tooted\/xvoice-eu-103k-2\/"]}]},{"@type":"ImageObject","inLanguage":"et","@id":"https:\/\/fonolukk.eu\/et\/tooted\/xvoice-eu-103k-2\/#primaryimage","url":"https:\/\/fonolukk.eu\/wp-content\/uploads\/2020\/08\/\u0421\u043d\u0438\u043c\u043e\u043a-\u044d\u043a\u0440\u0430\u043d\u0430-2020-08-07-\u0432-21.31.36.png","contentUrl":"https:\/\/fonolukk.eu\/wp-content\/uploads\/2020\/08\/\u0421\u043d\u0438\u043c\u043e\u043a-\u044d\u043a\u0440\u0430\u043d\u0430-2020-08-07-\u0432-21.31.36.png","width":967,"height":602},{"@type":"BreadcrumbList","@id":"https:\/\/fonolukk.eu\/et\/tooted\/xvoice-eu-103k-2\/#breadcrumb","itemListElement":[{"@type":"ListItem","position":1,"name":"Esileht","item":"https:\/\/fonolukk.eu\/et\/koduleht\/"},{"@type":"ListItem","position":2,"name":"Tooted","item":"https:\/\/fonolukk.eu\/et\/shop-2\/"},{"@type":"ListItem","position":3,"name":"Fonolukud","item":"https:\/\/fonolukk.eu\/et\/product-category\/fonolukud\/"},{"@type":"ListItem","position":4,"name":"xVoice","item":"https:\/\/fonolukk.eu\/et\/product-category\/fonolukud\/xvoice-et\/"},{"@type":"ListItem","position":5,"name":"Fonoluku paneel","item":"https:\/\/fonolukk.eu\/et\/product-category\/fonolukud\/xvoice-et\/valispaneel-et-4\/"},{"@type":"ListItem","position":6,"name":"xVoice EU-103K"}]},{"@type":"WebSite","@id":"https:\/\/fonolukk.eu\/et\/#website","url":"https:\/\/fonolukk.eu\/et\/","name":"Fonolukk eu","description":"Smart Security Systems","publisher":{"@id":"https:\/\/fonolukk.eu\/et\/#organization"},"potentialAction":[{"@type":"SearchAction","target":{"@type":"EntryPoint","urlTemplate":"https:\/\/fonolukk.eu\/et\/?s={search_term_string}"},"query-input":{"@type":"PropertyValueSpecification","valueRequired":true,"valueName":"search_term_string"}}],"inLanguage":"et"},{"@type":"Organization","@id":"https:\/\/fonolukk.eu\/et\/#organization","name":"Smart Security OU","url":"https:\/\/fonolukk.eu\/et\/","logo":{"@type":"ImageObject","inLanguage":"et","@id":"https:\/\/fonolukk.eu\/et\/#\/schema\/logo\/image\/","url":"https:\/\/fonolukk.eu\/wp-content\/uploads\/2023\/09\/fonolukk.png","contentUrl":"https:\/\/fonolukk.eu\/wp-content\/uploads\/2023\/09\/fonolukk.png","width":277,"height":274,"caption":"Smart Security OU"},"image":{"@id":"https:\/\/fonolukk.eu\/et\/#\/schema\/logo\/image\/"},"sameAs":["https:\/\/www.facebook.com\/fonolukk","https:\/\/www.instagram.com\/fonolukk\/?hl=ru"],"publishingPrinciples":"https:\/\/fonolukk.eu\/terms-and-conditions\/","ownershipFundingInfo":"https:\/\/fonolukk.eu\/about-us\/"}]},"product_brand":"xVoice","product_price_amount":"0.00","product_price_currency":"EUR","og_availability":"instock","product_availability":"instock","product_retailer_item_id":"xVoice BR","product_condition":"new"},"_links":{"self":[{"href":"https:\/\/fonolukk.eu\/et\/wp-json\/wp\/v2\/product\/8024","targetHints":{"allow":["GET"]}}],"collection":[{"href":"https:\/\/fonolukk.eu\/et\/wp-json\/wp\/v2\/product"}],"about":[{"href":"https:\/\/fonolukk.eu\/et\/wp-json\/wp\/v2\/types\/product"}],"version-history":[{"count":0,"href":"https:\/\/fonolukk.eu\/et\/wp-json\/wp\/v2\/product\/8024\/revisions"}],"wp:featuredmedia":[{"embeddable":true,"href":"https:\/\/fonolukk.eu\/et\/wp-json\/wp\/v2\/media\/8027"}],"wp:attachment":[{"href":"https:\/\/fonolukk.eu\/et\/wp-json\/wp\/v2\/media?parent=8024"}],"wp:term":[{"taxonomy":"product_brand","embeddable":true,"href":"https:\/\/fonolukk.eu\/et\/wp-json\/wp\/v2\/product_brand?post=8024"},{"taxonomy":"product_cat","embeddable":true,"href":"https:\/\/fonolukk.eu\/et\/wp-json\/wp\/v2\/product_cat?post=8024"},{"taxonomy":"product_tag","embeddable":true,"href":"https:\/\/fonolukk.eu\/et\/wp-json\/wp\/v2\/product_tag?post=8024"}],"curies":[{"name":"wp","href":"https:\/\/api.w.org\/{rel}","templated":true}]}}