{"id":8036,"date":"2020-08-07T22:24:33","date_gmt":"2020-08-07T19:24:33","guid":{"rendered":"https:\/\/fonolukk.eu\/?post_type=product&#038;p=8036"},"modified":"2020-12-10T18:40:22","modified_gmt":"2020-12-10T16:40:22","slug":"xvoice-eu-103-%d1%82%d0%bc-pr-puutevotmed-tm-proxyvotmed-rfid","status":"publish","type":"product","link":"https:\/\/fonolukk.eu\/et\/tooted\/xvoice-eu-103-%d1%82%d0%bc-pr-puutevotmed-tm-proxyvotmed-rfid\/","title":{"rendered":"xVoice EU 103 \u0422\u041c-PR Puutev\u00f5tmed TM, proxyv\u00f5tmed RFID"},"content":{"rendered":"<h2>xVoice EU 103 \u0422\u041c-PR Puutev\u00f5tmed TM, proxyv\u00f5tmed RFID<\/h2>\n<p>Fonolukk \u00a0EU103 xVoice-TM-PR lugeja touch m\u00e4lu, kaardid ja pulte emarine oli m\u00f5eldud t\u00e4nap\u00e4eva suundumusi, mis on ilmne valdkonnas madalpinge s\u00fcsteemid. Peamised eritunnused see mudel hulka juuresolekul intercom sisseehitatud turvalisuse intercom m\u00e4lukiipide, v\u00f5imalus \u00fcksikute helitugevuse seadeid, suur digitaalne n\u00e4idik, kaitstes lossi l\u00fchise ja v\u00f5imalust avada v\u00e4lisuks numbriline kood.<\/p>\n<p>Eelised fonolukk xVoice-TM-PR<\/p>\n<p>Stiilne kaasaegne disain. Eluase audiodoor EU103 xVoice valmistatud roostevabast terasest, mis on h\u00e4sti t\u00e4iendada nupud harjatud alumiiniumist, tekitades trendikas, varjatud disain.<br \/>\nLihtne paigaldada. Kuna audiodomofony seeria xVoice \u00fchilduv paljude mudelite kasutaja seadmeid, kui nende lihtne paigaldada, kuna k\u00f5ik komponendid elektroonilise l\u00e4bir\u00e4\u00e4kimiste s\u00fcsteem on suletud \u00fche seadme.<br \/>\nMugavuse ja mugavus kasutusel. Kasutusmugavus k\u00e4ttesaadavuse tagamiseks ja s\u00f5bralik intuitiivne kasutajaliides, samuti mugav v\u00f5imalus seadistada audiodoor EU103 xVoice parameetrid individuaalsetele vajadustele iga tellija.<br \/>\nK\u00f5rge funktsionaalsus. T\u00e4na audiodomofony xVoice seeria saab kasutada intrahouse audio side, samuti kvaliteedi tagamiseks ja t\u00f5husa juurdep\u00e4\u00e4su kontrolli elamu, b\u00fcrooruumid.<br \/>\nUsaldusv\u00e4\u00e4rne kaitse. Roostevabast terasest materjali koos alumiiniumist nupud aparaadi tagab usaldusv\u00e4\u00e4rse kaitse erinevate mehaaniliste vigastuste eest ja \u00e4\u00e4rmuslike temperatuuridega.<br \/>\ntehnilised omadused<\/p>\n<p>Artikkel EL-103TMPR<br \/>\nAbonentide arv 255<br \/>\nT\u00fc\u00fcp Loputada \/ pinnale paigaldamiseks<br \/>\nProxylugeja Jah<br \/>\nLugeja Touch m\u00e4lu Jah<br \/>\nMaterjal roostevaba teras<\/p>\n","protected":false},"excerpt":{"rendered":"<p>xVoice EU 103 \u0422\u041c-PR Puutev\u00f5tmed TM, proxyv\u00f5tmed RFID Fonolukk \u00a0EU103 xVoice-TM-PR lugeja touch m\u00e4lu, kaardid ja pulte emarine oli m\u00f5eldud<\/p>\n","protected":false},"featured_media":8039,"template":"","meta":[],"product_brand":[],"product_cat":[606,912,962],"product_tag":[],"class_list":{"0":"post-8036","1":"product","2":"type-product","3":"status-publish","4":"has-post-thumbnail","6":"product_cat-fonolukud","7":"product_cat-xvoice-et","8":"product_cat-valispaneel-et-4","9":"pa_brand-xvoice-et","11":"first","12":"instock","13":"taxable","14":"shipping-taxable","15":"product-type-simple"},"yoast_head":"<!-- This site is optimized with the Yoast SEO Premium plugin v27.3 (Yoast SEO v27.3) - https:\/\/yoast.com\/product\/yoast-seo-premium-wordpress\/ -->\n<title>xVoice EU 103 \u0422\u041c-PR Puutev\u00f5tmed TM, proxyv\u00f5tmed RFID - Fonolukk<\/title>\n<meta name=\"description\" content=\"xVoice EU 103 \u0422\u041c-PR Puutev\u00f5tmed TM, proxyv\u00f5tmed RFID - Fonolukk\" \/>\n<meta name=\"robots\" content=\"index, follow, max-snippet:-1, max-image-preview:large, max-video-preview:-1\" \/>\n<link rel=\"canonical\" href=\"https:\/\/fonolukk.eu\/et\/tooted\/xvoice-eu-103-%d1%82%d0%bc-pr-puutevotmed-tm-proxyvotmed-rfid\/\" \/>\n<meta property=\"og:locale\" content=\"et_EE\" \/>\n<meta property=\"og:type\" content=\"article\" \/>\n<meta property=\"og:title\" content=\"xVoice EU 103 \u0422\u041c-PR Puutev\u00f5tmed TM, proxyv\u00f5tmed RFID\" \/>\n<meta property=\"og:description\" content=\"xVoice EU 103 \u0422\u041c-PR Puutev\u00f5tmed TM, proxyv\u00f5tmed RFID Fonolukk \u00a0EU103 xVoice-TM-PR lugeja touch m\u00e4lu, kaardid ja pulte emarine oli m\u00f5eldud t\u00e4nap\u00e4eva\" \/>\n<meta property=\"og:url\" content=\"https:\/\/fonolukk.eu\/et\/tooted\/xvoice-eu-103-%d1%82%d0%bc-pr-puutevotmed-tm-proxyvotmed-rfid\/\" \/>\n<meta property=\"og:site_name\" content=\"Fonolukk\" \/>\n<meta property=\"article:publisher\" content=\"https:\/\/www.facebook.com\/fonolukk\" \/>\n<meta property=\"article:modified_time\" content=\"2020-12-10T16:40:22+00:00\" \/>\n<meta property=\"og:image\" content=\"https:\/\/fonolukk.eu\/wp-content\/uploads\/2020\/08\/fa10315c-b115-11e4-943f-00155d051004_bc422ace-1c46-11e6-946c-00155d051004-600x600-1.jpg\" \/>\n\t<meta property=\"og:image:width\" content=\"600\" \/>\n\t<meta property=\"og:image:height\" content=\"600\" \/>\n\t<meta property=\"og:image:type\" content=\"image\/jpeg\" \/>\n<meta name=\"twitter:card\" content=\"summary_large_image\" \/>\n<meta name=\"twitter:label1\" content=\"Hind\" \/>\n\t<meta name=\"twitter:data1\" content=\"\" \/>\n\t<meta name=\"twitter:label2\" content=\"Availability\" \/>\n\t<meta name=\"twitter:data2\" content=\"Laos\" \/>\n<script type=\"application\/ld+json\" class=\"yoast-schema-graph\">{\"@context\":\"https:\\\/\\\/schema.org\",\"@graph\":[{\"@type\":\"WebPage\",\"@id\":\"https:\\\/\\\/fonolukk.eu\\\/et\\\/tooted\\\/xvoice-eu-103-%d1%82%d0%bc-pr-puutevotmed-tm-proxyvotmed-rfid\\\/\",\"url\":\"https:\\\/\\\/fonolukk.eu\\\/et\\\/tooted\\\/xvoice-eu-103-%d1%82%d0%bc-pr-puutevotmed-tm-proxyvotmed-rfid\\\/\",\"name\":\"xVoice EU 103 \u0422\u041c-PR Puutev\u00f5tmed TM, proxyv\u00f5tmed RFID - Fonolukk\",\"isPartOf\":{\"@id\":\"https:\\\/\\\/fonolukk.eu\\\/et\\\/#website\"},\"primaryImageOfPage\":{\"@id\":\"https:\\\/\\\/fonolukk.eu\\\/et\\\/tooted\\\/xvoice-eu-103-%d1%82%d0%bc-pr-puutevotmed-tm-proxyvotmed-rfid\\\/#primaryimage\"},\"image\":{\"@id\":\"https:\\\/\\\/fonolukk.eu\\\/et\\\/tooted\\\/xvoice-eu-103-%d1%82%d0%bc-pr-puutevotmed-tm-proxyvotmed-rfid\\\/#primaryimage\"},\"thumbnailUrl\":\"https:\\\/\\\/fonolukk.eu\\\/wp-content\\\/uploads\\\/2020\\\/08\\\/fa10315c-b115-11e4-943f-00155d051004_bc422ace-1c46-11e6-946c-00155d051004-600x600-1.jpg\",\"datePublished\":\"2020-08-07T19:24:33+00:00\",\"dateModified\":\"2020-12-10T16:40:22+00:00\",\"description\":\"xVoice EU 103 \u0422\u041c-PR Puutev\u00f5tmed TM, proxyv\u00f5tmed RFID - Fonolukk\",\"breadcrumb\":{\"@id\":\"https:\\\/\\\/fonolukk.eu\\\/et\\\/tooted\\\/xvoice-eu-103-%d1%82%d0%bc-pr-puutevotmed-tm-proxyvotmed-rfid\\\/#breadcrumb\"},\"inLanguage\":\"et\",\"potentialAction\":[{\"@type\":\"ReadAction\",\"target\":[\"https:\\\/\\\/fonolukk.eu\\\/et\\\/tooted\\\/xvoice-eu-103-%d1%82%d0%bc-pr-puutevotmed-tm-proxyvotmed-rfid\\\/\"]}]},{\"@type\":\"ImageObject\",\"inLanguage\":\"et\",\"@id\":\"https:\\\/\\\/fonolukk.eu\\\/et\\\/tooted\\\/xvoice-eu-103-%d1%82%d0%bc-pr-puutevotmed-tm-proxyvotmed-rfid\\\/#primaryimage\",\"url\":\"https:\\\/\\\/fonolukk.eu\\\/wp-content\\\/uploads\\\/2020\\\/08\\\/fa10315c-b115-11e4-943f-00155d051004_bc422ace-1c46-11e6-946c-00155d051004-600x600-1.jpg\",\"contentUrl\":\"https:\\\/\\\/fonolukk.eu\\\/wp-content\\\/uploads\\\/2020\\\/08\\\/fa10315c-b115-11e4-943f-00155d051004_bc422ace-1c46-11e6-946c-00155d051004-600x600-1.jpg\",\"width\":600,\"height\":600},{\"@type\":\"BreadcrumbList\",\"@id\":\"https:\\\/\\\/fonolukk.eu\\\/et\\\/tooted\\\/xvoice-eu-103-%d1%82%d0%bc-pr-puutevotmed-tm-proxyvotmed-rfid\\\/#breadcrumb\",\"itemListElement\":[{\"@type\":\"ListItem\",\"position\":1,\"name\":\"Esileht\",\"item\":\"https:\\\/\\\/fonolukk.eu\\\/et\\\/koduleht\\\/\"},{\"@type\":\"ListItem\",\"position\":2,\"name\":\"Tooted\",\"item\":\"https:\\\/\\\/fonolukk.eu\\\/et\\\/shop-2\\\/\"},{\"@type\":\"ListItem\",\"position\":3,\"name\":\"Fonolukud\",\"item\":\"https:\\\/\\\/fonolukk.eu\\\/et\\\/product-category\\\/fonolukud\\\/\"},{\"@type\":\"ListItem\",\"position\":4,\"name\":\"xVoice\",\"item\":\"https:\\\/\\\/fonolukk.eu\\\/et\\\/product-category\\\/fonolukud\\\/xvoice-et\\\/\"},{\"@type\":\"ListItem\",\"position\":5,\"name\":\"Fonoluku paneel\",\"item\":\"https:\\\/\\\/fonolukk.eu\\\/et\\\/product-category\\\/fonolukud\\\/xvoice-et\\\/valispaneel-et-4\\\/\"},{\"@type\":\"ListItem\",\"position\":6,\"name\":\"xVoice EU 103 \u0422\u041c-PR Puutev\u00f5tmed TM, proxyv\u00f5tmed RFID\"}]},{\"@type\":\"WebSite\",\"@id\":\"https:\\\/\\\/fonolukk.eu\\\/et\\\/#website\",\"url\":\"https:\\\/\\\/fonolukk.eu\\\/et\\\/\",\"name\":\"Fonolukk eu\",\"description\":\"Smart Security Systems\",\"publisher\":{\"@id\":\"https:\\\/\\\/fonolukk.eu\\\/et\\\/#organization\"},\"potentialAction\":[{\"@type\":\"SearchAction\",\"target\":{\"@type\":\"EntryPoint\",\"urlTemplate\":\"https:\\\/\\\/fonolukk.eu\\\/et\\\/?s={search_term_string}\"},\"query-input\":{\"@type\":\"PropertyValueSpecification\",\"valueRequired\":true,\"valueName\":\"search_term_string\"}}],\"inLanguage\":\"et\"},{\"@type\":\"Organization\",\"@id\":\"https:\\\/\\\/fonolukk.eu\\\/et\\\/#organization\",\"name\":\"Smart Security OU\",\"url\":\"https:\\\/\\\/fonolukk.eu\\\/et\\\/\",\"logo\":{\"@type\":\"ImageObject\",\"inLanguage\":\"et\",\"@id\":\"https:\\\/\\\/fonolukk.eu\\\/et\\\/#\\\/schema\\\/logo\\\/image\\\/\",\"url\":\"https:\\\/\\\/fonolukk.eu\\\/wp-content\\\/uploads\\\/2023\\\/09\\\/fonolukk.png\",\"contentUrl\":\"https:\\\/\\\/fonolukk.eu\\\/wp-content\\\/uploads\\\/2023\\\/09\\\/fonolukk.png\",\"width\":277,\"height\":274,\"caption\":\"Smart Security OU\"},\"image\":{\"@id\":\"https:\\\/\\\/fonolukk.eu\\\/et\\\/#\\\/schema\\\/logo\\\/image\\\/\"},\"sameAs\":[\"https:\\\/\\\/www.facebook.com\\\/fonolukk\",\"https:\\\/\\\/www.instagram.com\\\/fonolukk\\\/?hl=ru\"],\"publishingPrinciples\":\"https:\\\/\\\/fonolukk.eu\\\/terms-and-conditions\\\/\",\"ownershipFundingInfo\":\"https:\\\/\\\/fonolukk.eu\\\/about-us\\\/\"}]}<\/script>\n<meta property=\"product:brand\" content=\"xVoice\" \/>\n<meta property=\"product:price:amount\" content=\"0.00\" \/>\n<meta property=\"product:price:currency\" content=\"EUR\" \/>\n<meta property=\"og:availability\" content=\"instock\" \/>\n<meta property=\"product:availability\" content=\"instock\" \/>\n<meta property=\"product:retailer_item_id\" content=\"xVoice EU 103 TM-PR\" \/>\n<meta property=\"product:condition\" content=\"new\" \/>\n<!-- \/ Yoast SEO Premium plugin. -->","yoast_head_json":{"title":"xVoice EU 103 \u0422\u041c-PR Puutev\u00f5tmed TM, proxyv\u00f5tmed RFID - Fonolukk","description":"xVoice EU 103 \u0422\u041c-PR Puutev\u00f5tmed TM, proxyv\u00f5tmed RFID - Fonolukk","robots":{"index":"index","follow":"follow","max-snippet":"max-snippet:-1","max-image-preview":"max-image-preview:large","max-video-preview":"max-video-preview:-1"},"canonical":"https:\/\/fonolukk.eu\/et\/tooted\/xvoice-eu-103-%d1%82%d0%bc-pr-puutevotmed-tm-proxyvotmed-rfid\/","og_locale":"et_EE","og_type":"article","og_title":"xVoice EU 103 \u0422\u041c-PR Puutev\u00f5tmed TM, proxyv\u00f5tmed RFID","og_description":"xVoice EU 103 \u0422\u041c-PR Puutev\u00f5tmed TM, proxyv\u00f5tmed RFID Fonolukk \u00a0EU103 xVoice-TM-PR lugeja touch m\u00e4lu, kaardid ja pulte emarine oli m\u00f5eldud t\u00e4nap\u00e4eva","og_url":"https:\/\/fonolukk.eu\/et\/tooted\/xvoice-eu-103-%d1%82%d0%bc-pr-puutevotmed-tm-proxyvotmed-rfid\/","og_site_name":"Fonolukk","article_publisher":"https:\/\/www.facebook.com\/fonolukk","article_modified_time":"2020-12-10T16:40:22+00:00","og_image":[{"width":600,"height":600,"url":"https:\/\/fonolukk.eu\/wp-content\/uploads\/2020\/08\/fa10315c-b115-11e4-943f-00155d051004_bc422ace-1c46-11e6-946c-00155d051004-600x600-1.jpg","type":"image\/jpeg"}],"twitter_card":"summary_large_image","twitter_misc":{"Hind":"","Availability":"Laos"},"schema":{"@context":"https:\/\/schema.org","@graph":[{"@type":"WebPage","@id":"https:\/\/fonolukk.eu\/et\/tooted\/xvoice-eu-103-%d1%82%d0%bc-pr-puutevotmed-tm-proxyvotmed-rfid\/","url":"https:\/\/fonolukk.eu\/et\/tooted\/xvoice-eu-103-%d1%82%d0%bc-pr-puutevotmed-tm-proxyvotmed-rfid\/","name":"xVoice EU 103 \u0422\u041c-PR Puutev\u00f5tmed TM, proxyv\u00f5tmed RFID - Fonolukk","isPartOf":{"@id":"https:\/\/fonolukk.eu\/et\/#website"},"primaryImageOfPage":{"@id":"https:\/\/fonolukk.eu\/et\/tooted\/xvoice-eu-103-%d1%82%d0%bc-pr-puutevotmed-tm-proxyvotmed-rfid\/#primaryimage"},"image":{"@id":"https:\/\/fonolukk.eu\/et\/tooted\/xvoice-eu-103-%d1%82%d0%bc-pr-puutevotmed-tm-proxyvotmed-rfid\/#primaryimage"},"thumbnailUrl":"https:\/\/fonolukk.eu\/wp-content\/uploads\/2020\/08\/fa10315c-b115-11e4-943f-00155d051004_bc422ace-1c46-11e6-946c-00155d051004-600x600-1.jpg","datePublished":"2020-08-07T19:24:33+00:00","dateModified":"2020-12-10T16:40:22+00:00","description":"xVoice EU 103 \u0422\u041c-PR Puutev\u00f5tmed TM, proxyv\u00f5tmed RFID - Fonolukk","breadcrumb":{"@id":"https:\/\/fonolukk.eu\/et\/tooted\/xvoice-eu-103-%d1%82%d0%bc-pr-puutevotmed-tm-proxyvotmed-rfid\/#breadcrumb"},"inLanguage":"et","potentialAction":[{"@type":"ReadAction","target":["https:\/\/fonolukk.eu\/et\/tooted\/xvoice-eu-103-%d1%82%d0%bc-pr-puutevotmed-tm-proxyvotmed-rfid\/"]}]},{"@type":"ImageObject","inLanguage":"et","@id":"https:\/\/fonolukk.eu\/et\/tooted\/xvoice-eu-103-%d1%82%d0%bc-pr-puutevotmed-tm-proxyvotmed-rfid\/#primaryimage","url":"https:\/\/fonolukk.eu\/wp-content\/uploads\/2020\/08\/fa10315c-b115-11e4-943f-00155d051004_bc422ace-1c46-11e6-946c-00155d051004-600x600-1.jpg","contentUrl":"https:\/\/fonolukk.eu\/wp-content\/uploads\/2020\/08\/fa10315c-b115-11e4-943f-00155d051004_bc422ace-1c46-11e6-946c-00155d051004-600x600-1.jpg","width":600,"height":600},{"@type":"BreadcrumbList","@id":"https:\/\/fonolukk.eu\/et\/tooted\/xvoice-eu-103-%d1%82%d0%bc-pr-puutevotmed-tm-proxyvotmed-rfid\/#breadcrumb","itemListElement":[{"@type":"ListItem","position":1,"name":"Esileht","item":"https:\/\/fonolukk.eu\/et\/koduleht\/"},{"@type":"ListItem","position":2,"name":"Tooted","item":"https:\/\/fonolukk.eu\/et\/shop-2\/"},{"@type":"ListItem","position":3,"name":"Fonolukud","item":"https:\/\/fonolukk.eu\/et\/product-category\/fonolukud\/"},{"@type":"ListItem","position":4,"name":"xVoice","item":"https:\/\/fonolukk.eu\/et\/product-category\/fonolukud\/xvoice-et\/"},{"@type":"ListItem","position":5,"name":"Fonoluku paneel","item":"https:\/\/fonolukk.eu\/et\/product-category\/fonolukud\/xvoice-et\/valispaneel-et-4\/"},{"@type":"ListItem","position":6,"name":"xVoice EU 103 \u0422\u041c-PR Puutev\u00f5tmed TM, proxyv\u00f5tmed RFID"}]},{"@type":"WebSite","@id":"https:\/\/fonolukk.eu\/et\/#website","url":"https:\/\/fonolukk.eu\/et\/","name":"Fonolukk eu","description":"Smart Security Systems","publisher":{"@id":"https:\/\/fonolukk.eu\/et\/#organization"},"potentialAction":[{"@type":"SearchAction","target":{"@type":"EntryPoint","urlTemplate":"https:\/\/fonolukk.eu\/et\/?s={search_term_string}"},"query-input":{"@type":"PropertyValueSpecification","valueRequired":true,"valueName":"search_term_string"}}],"inLanguage":"et"},{"@type":"Organization","@id":"https:\/\/fonolukk.eu\/et\/#organization","name":"Smart Security OU","url":"https:\/\/fonolukk.eu\/et\/","logo":{"@type":"ImageObject","inLanguage":"et","@id":"https:\/\/fonolukk.eu\/et\/#\/schema\/logo\/image\/","url":"https:\/\/fonolukk.eu\/wp-content\/uploads\/2023\/09\/fonolukk.png","contentUrl":"https:\/\/fonolukk.eu\/wp-content\/uploads\/2023\/09\/fonolukk.png","width":277,"height":274,"caption":"Smart Security OU"},"image":{"@id":"https:\/\/fonolukk.eu\/et\/#\/schema\/logo\/image\/"},"sameAs":["https:\/\/www.facebook.com\/fonolukk","https:\/\/www.instagram.com\/fonolukk\/?hl=ru"],"publishingPrinciples":"https:\/\/fonolukk.eu\/terms-and-conditions\/","ownershipFundingInfo":"https:\/\/fonolukk.eu\/about-us\/"}]},"product_brand":"xVoice","product_price_amount":"0.00","product_price_currency":"EUR","og_availability":"instock","product_availability":"instock","product_retailer_item_id":"xVoice EU 103 TM-PR","product_condition":"new"},"_links":{"self":[{"href":"https:\/\/fonolukk.eu\/et\/wp-json\/wp\/v2\/product\/8036","targetHints":{"allow":["GET"]}}],"collection":[{"href":"https:\/\/fonolukk.eu\/et\/wp-json\/wp\/v2\/product"}],"about":[{"href":"https:\/\/fonolukk.eu\/et\/wp-json\/wp\/v2\/types\/product"}],"version-history":[{"count":0,"href":"https:\/\/fonolukk.eu\/et\/wp-json\/wp\/v2\/product\/8036\/revisions"}],"wp:featuredmedia":[{"embeddable":true,"href":"https:\/\/fonolukk.eu\/et\/wp-json\/wp\/v2\/media\/8039"}],"wp:attachment":[{"href":"https:\/\/fonolukk.eu\/et\/wp-json\/wp\/v2\/media?parent=8036"}],"wp:term":[{"taxonomy":"product_brand","embeddable":true,"href":"https:\/\/fonolukk.eu\/et\/wp-json\/wp\/v2\/product_brand?post=8036"},{"taxonomy":"product_cat","embeddable":true,"href":"https:\/\/fonolukk.eu\/et\/wp-json\/wp\/v2\/product_cat?post=8036"},{"taxonomy":"product_tag","embeddable":true,"href":"https:\/\/fonolukk.eu\/et\/wp-json\/wp\/v2\/product_tag?post=8036"}],"curies":[{"name":"wp","href":"https:\/\/api.w.org\/{rel}","templated":true}]}}