{"id":8093,"date":"2020-02-23T17:21:45","date_gmt":"2020-02-23T15:21:45","guid":{"rendered":"https:\/\/fonolukk.eu\/product\/smart-7-video-terminal-must\/"},"modified":"2025-04-09T09:37:10","modified_gmt":"2025-04-09T06:37:10","slug":"smart-7-video-terminal-must","status":"publish","type":"product","link":"https:\/\/fonolukk.eu\/et\/tooted\/smart-7-video-terminal-must\/","title":{"rendered":"SMART+ 7\u201d VIDEO TERMINAL, MUST"},"content":{"rendered":"<p><strong>KLAASI JA KOHTU disain<\/strong><br \/>\nKeemiliselt karastatud klaas on oluline materjal Touch Line tootevaliku tootmisel, indutseerides sellega minimalistlikku ja<br \/>\najatu elegants.<br \/>\nLisaks minimalistlikule esteetikale tagab keemiliselt karastatud klaas ka toodete muud p\u00f5hiomadused: kriimustus- ja l\u00f6\u00f6gikindlus, l\u00e4bitungimatus, p\u00fcsiv poleeritud k\u00fclg ja lihtne hooldus.<br \/>\nTaustavalgustusega TOUCH-klahvide kasutamine hoiab visuaalselt tunnustatud visuaalse keele kaudu koos intuitiivsete graafiliste m\u00e4rgistustega vastavalt kasutusmugavusele disaini ja tehnoloogia praeguste suundumustega.<br \/>\nNutika + 7 \u201d-terminal esindab kindla ja h\u00e4davajaliku v\u00e4limuse kaudu stiilset kohalolekut, mille saab loomulikult integreerida \u00fcksk\u00f5ik millisesse<br \/>\nsisekeskkond.<\/p>\n<p><strong>Nutikas kokkupanek | Lihtne paigaldada<\/strong><br \/>\nNutika + 7 \u201dvideoterminali ELECTRA montaa\u017eilahendus on originaalne ja t\u00f5hus, tulemuseks on \u00f5huke v\u00e4limus, kuid samal ajal tolmukindel ja h\u00f5lpsasti paigaldatav toode.<br \/>\nT\u00e4nu konstruktsioonielementide ideaalselt kihilisele \u00fchendusele, vastavalt vastupidavale ABS korpusele ja 3 mm keemiliselt karastatud klaasile, mille sisemus kahekordistub sama m\u00f5\u00f5tmega tr\u00fckkplaadi abil, saadakse vastupidav toode, ainult 20 mm paksune, mis on v\u00e4ga h\u00f5lpsasti mis tahes pinnale paigaldatav.<\/p>\n<p><strong>7-tolline v\u00e4rviline LCD-ekraan<\/strong><br \/>\nLihtne t\u00f5de on see, et \u00fcks pilt on v\u00e4\u00e4rt rohkem kui tuhat s\u00f5na. Nutikas + 7 \u201d-terminal kuvab k\u00f5rglahutusega pilte kogu k\u00f5ne, k\u00f5ne ja j\u00e4lgimise ajal.<br \/>\n\u00d6ine n\u00e4gemine on suurep\u00e4rane 20 meetri kaugusel isegi siis, kui t\u00e4navavalgustust pole.<\/p>\n<p><strong>Intuitiivne k\u00e4ed-vabad kasutamine<\/strong><br \/>\nPuutetundlik klaviatuur on v\u00e4ga esinduslik nii universaalsete minimalistlike s\u00fcmbolite kui ka visuaalse signaalimise kaudu kogu kasutusaja jooksul. Klahvidel on ootere\u017eiimis ja kasutamise ajal erinevad funktsioonid. Multifunktsionaalsus pakub kasutajatele veelgi eeliseid.<br \/>\nKasutaja ja terminali vaheline suhtlus on minimaalne, kuna mis tahes funktsiooni saab saavutada \u00fche klahvivajutusega.<br \/>\nTeine v\u00e4ga oluline puutetundlike klahvide omadus on see, et nad ei blokeeru, s\u00f5ltumata kasutamissagedusest, mis t\u00e4hendab pikaajalist t\u00f6\u00f6kindlust.<\/p>\n<p><strong>K\u00f5ne vastamine | Mitu seiret | Helina valik<\/strong><br \/>\nKui terminali kutsutakse, siis klahv vilgub.<br \/>\nJutt algab lihtsa puudutusega ja j\u00e4tkub t\u00e4iesti vabalt, maksimaalselt 2 minuti jooksul.<br \/>\nKui terminal on ootere\u017eiimis, aktiveerib klahvi puudutamine audio-video j\u00e4lgimise 15 sekundiks. Seet\u00f5ttu saab igal ajal n\u00e4ha ja kuulda, mis sissep\u00e4\u00e4su ees toimub, samuti on saadaval kahesuunaline vestlus. Lisaks saab videoseiret teostada j\u00e4rjestikku mitme videokaamera abil, kuna ELECTRA videoukses\u00fcsteem v\u00f5imaldab mitme t\u00e4iendava kaamera \u00fchendamist.<br \/>\nKa ootere\u017eiimis saab v\u00e4ga lihtsa protseduuri abil valida eelistatud helinat 5 saadaoleva valiku hulgast.<\/p>\n<p><strong>Juurdep\u00e4\u00e4s | K\u00f5ne kestuse seadistamine<\/strong><br \/>\nJuurdep\u00e4\u00e4su saab v\u00f5imaldada mis tahes terminalire\u017eiimis &#8211; ootere\u017eiimis, k\u00f5nes, vestluses v\u00f5i j\u00e4lgimisel. Videopilt j\u00e4\u00e4b aktiivseks veel 10 sekundit, et visuaalselt kinnitada toimingu l\u00f5puleviimist.<\/p>\n<p>Ootere\u017eiimis saab ka k\u00f5ne kestust vastavalt eelistustele seada: 1\/2\/3 k\u00f5net v\u00f5i 1 min.<\/p>\n<p><strong>K\u00f5nede maht | Jutu maht | Vaigista<\/strong><br \/>\nK\u00f5ne ja k\u00f5ne jaoks on saadaval 7 helitugevuse taset ning vaikse re\u017eiimi k\u00f5ne aktiveerimise v\u00f5imalus. Helitugevust saab reguleerida nii kasutamise ajal kui ka ootere\u017eiimis.<br \/>\nVaikne re\u017eiim annab visuaalselt m\u00e4rku punasest LED-ist, mis p\u00f5leb p\u00fcsivalt.<\/p>\n<p><strong>Abik\u00e4sklus<\/strong><br \/>\nLisav\u00f5tit saab kasutada teise automaatika juhtimiseks: automaatv\u00e4rav, garaa\u017eiuks, v\u00e4lisvalgustuss\u00fcsteem. ELECTRA videoukses\u00fcsteem on varustatud automaatse otse\u00fchendusega &#8211; funktsioon v\u00f5imaldab uuendada selle paigaldamist erinevate lisaseadmetega<\/p>\n","protected":false},"excerpt":{"rendered":"<p>KLAASI JA KOHTU disain Keemiliselt karastatud klaas on oluline materjal Touch Line tootevaliku tootmisel, indutseerides sellega minimalistlikku ja ajatu elegants.<\/p>\n","protected":false},"featured_media":4344,"template":"","meta":[],"product_brand":[],"product_cat":[385,606,894,904,796],"product_tag":[],"class_list":{"0":"post-8093","1":"product","2":"type-product","3":"status-publish","4":"has-post-thumbnail","6":"product_cat-intercom-torud","7":"product_cat-fonolukud","8":"product_cat-electra-et-2","9":"product_cat-uksetelefoni-torud","10":"product_cat-electra-et","11":"pa_brand-electra-et","13":"first","14":"instock","15":"taxable","16":"shipping-taxable","17":"product-type-simple"},"yoast_head":"<!-- This site is optimized with the Yoast SEO Premium plugin v27.3 (Yoast SEO v27.3) - https:\/\/yoast.com\/product\/yoast-seo-premium-wordpress\/ -->\n<title>SMART+ 7\u201d VIDEO TERMINAL, MUST - Fonolukk<\/title>\n<meta name=\"description\" content=\"SMART+ 7\u201d VIDEO TERMINAL, MUST - Fonolukk\" \/>\n<meta name=\"robots\" content=\"index, follow, max-snippet:-1, max-image-preview:large, max-video-preview:-1\" \/>\n<link rel=\"canonical\" href=\"https:\/\/fonolukk.eu\/et\/tooted\/smart-7-video-terminal-must\/\" \/>\n<meta property=\"og:locale\" content=\"et_EE\" \/>\n<meta property=\"og:type\" content=\"article\" \/>\n<meta property=\"og:title\" content=\"SMART+ 7\u201d VIDEO TERMINAL, MUST\" \/>\n<meta property=\"og:description\" content=\"KLAASI JA KOHTU disain Keemiliselt karastatud klaas on oluline materjal Touch Line tootevaliku tootmisel, indutseerides sellega minimalistlikku ja ajatu\" \/>\n<meta property=\"og:url\" content=\"https:\/\/fonolukk.eu\/et\/tooted\/smart-7-video-terminal-must\/\" \/>\n<meta property=\"og:site_name\" content=\"Fonolukk\" \/>\n<meta property=\"article:publisher\" content=\"https:\/\/www.facebook.com\/fonolukk\" \/>\n<meta property=\"article:modified_time\" content=\"2025-04-09T06:37:10+00:00\" \/>\n<meta property=\"og:image\" content=\"https:\/\/fonolukk.eu\/wp-content\/uploads\/2020\/02\/VTM.7S402.ELW02.jpg\" \/>\n\t<meta property=\"og:image:width\" content=\"1022\" \/>\n\t<meta property=\"og:image:height\" content=\"1150\" \/>\n\t<meta property=\"og:image:type\" content=\"image\/jpeg\" \/>\n<meta name=\"twitter:card\" content=\"summary_large_image\" \/>\n<meta name=\"twitter:label1\" content=\"Hind\" \/>\n\t<meta name=\"twitter:data1\" content=\"\" \/>\n\t<meta name=\"twitter:label2\" content=\"Availability\" \/>\n\t<meta name=\"twitter:data2\" content=\"Laos\" \/>\n<script type=\"application\/ld+json\" class=\"yoast-schema-graph\">{\"@context\":\"https:\\\/\\\/schema.org\",\"@graph\":[{\"@type\":\"WebPage\",\"@id\":\"https:\\\/\\\/fonolukk.eu\\\/et\\\/tooted\\\/smart-7-video-terminal-must\\\/\",\"url\":\"https:\\\/\\\/fonolukk.eu\\\/et\\\/tooted\\\/smart-7-video-terminal-must\\\/\",\"name\":\"SMART+ 7\u201d VIDEO TERMINAL, MUST - Fonolukk\",\"isPartOf\":{\"@id\":\"https:\\\/\\\/fonolukk.eu\\\/et\\\/#website\"},\"primaryImageOfPage\":{\"@id\":\"https:\\\/\\\/fonolukk.eu\\\/et\\\/tooted\\\/smart-7-video-terminal-must\\\/#primaryimage\"},\"image\":{\"@id\":\"https:\\\/\\\/fonolukk.eu\\\/et\\\/tooted\\\/smart-7-video-terminal-must\\\/#primaryimage\"},\"thumbnailUrl\":\"https:\\\/\\\/fonolukk.eu\\\/wp-content\\\/uploads\\\/2020\\\/02\\\/VTM.7S402.ELW02.jpg\",\"datePublished\":\"2020-02-23T15:21:45+00:00\",\"dateModified\":\"2025-04-09T06:37:10+00:00\",\"description\":\"SMART+ 7\u201d VIDEO TERMINAL, MUST - Fonolukk\",\"breadcrumb\":{\"@id\":\"https:\\\/\\\/fonolukk.eu\\\/et\\\/tooted\\\/smart-7-video-terminal-must\\\/#breadcrumb\"},\"inLanguage\":\"et\",\"potentialAction\":[{\"@type\":\"ReadAction\",\"target\":[\"https:\\\/\\\/fonolukk.eu\\\/et\\\/tooted\\\/smart-7-video-terminal-must\\\/\"]}]},{\"@type\":\"ImageObject\",\"inLanguage\":\"et\",\"@id\":\"https:\\\/\\\/fonolukk.eu\\\/et\\\/tooted\\\/smart-7-video-terminal-must\\\/#primaryimage\",\"url\":\"https:\\\/\\\/fonolukk.eu\\\/wp-content\\\/uploads\\\/2020\\\/02\\\/VTM.7S402.ELW02.jpg\",\"contentUrl\":\"https:\\\/\\\/fonolukk.eu\\\/wp-content\\\/uploads\\\/2020\\\/02\\\/VTM.7S402.ELW02.jpg\",\"width\":1022,\"height\":1150,\"caption\":\"Fonolukk - Electra\"},{\"@type\":\"BreadcrumbList\",\"@id\":\"https:\\\/\\\/fonolukk.eu\\\/et\\\/tooted\\\/smart-7-video-terminal-must\\\/#breadcrumb\",\"itemListElement\":[{\"@type\":\"ListItem\",\"position\":1,\"name\":\"Esileht\",\"item\":\"https:\\\/\\\/fonolukk.eu\\\/et\\\/koduleht\\\/\"},{\"@type\":\"ListItem\",\"position\":2,\"name\":\"Tooted\",\"item\":\"https:\\\/\\\/fonolukk.eu\\\/et\\\/shop-2\\\/\"},{\"@type\":\"ListItem\",\"position\":3,\"name\":\"Fonolukud\",\"item\":\"https:\\\/\\\/fonolukk.eu\\\/et\\\/product-category\\\/fonolukud\\\/\"},{\"@type\":\"ListItem\",\"position\":4,\"name\":\"Electra\",\"item\":\"https:\\\/\\\/fonolukk.eu\\\/et\\\/product-category\\\/fonolukud\\\/electra-et-2\\\/\"},{\"@type\":\"ListItem\",\"position\":5,\"name\":\"Uksetelefoni torud\",\"item\":\"https:\\\/\\\/fonolukk.eu\\\/et\\\/product-category\\\/fonolukud\\\/electra-et-2\\\/uksetelefoni-torud\\\/\"},{\"@type\":\"ListItem\",\"position\":6,\"name\":\"SMART+ 7\u201d VIDEO TERMINAL, MUST\"}]},{\"@type\":\"WebSite\",\"@id\":\"https:\\\/\\\/fonolukk.eu\\\/et\\\/#website\",\"url\":\"https:\\\/\\\/fonolukk.eu\\\/et\\\/\",\"name\":\"Fonolukk eu\",\"description\":\"Smart Security Systems\",\"publisher\":{\"@id\":\"https:\\\/\\\/fonolukk.eu\\\/et\\\/#organization\"},\"potentialAction\":[{\"@type\":\"SearchAction\",\"target\":{\"@type\":\"EntryPoint\",\"urlTemplate\":\"https:\\\/\\\/fonolukk.eu\\\/et\\\/?s={search_term_string}\"},\"query-input\":{\"@type\":\"PropertyValueSpecification\",\"valueRequired\":true,\"valueName\":\"search_term_string\"}}],\"inLanguage\":\"et\"},{\"@type\":\"Organization\",\"@id\":\"https:\\\/\\\/fonolukk.eu\\\/et\\\/#organization\",\"name\":\"Smart Security OU\",\"url\":\"https:\\\/\\\/fonolukk.eu\\\/et\\\/\",\"logo\":{\"@type\":\"ImageObject\",\"inLanguage\":\"et\",\"@id\":\"https:\\\/\\\/fonolukk.eu\\\/et\\\/#\\\/schema\\\/logo\\\/image\\\/\",\"url\":\"https:\\\/\\\/fonolukk.eu\\\/wp-content\\\/uploads\\\/2023\\\/09\\\/fonolukk.png\",\"contentUrl\":\"https:\\\/\\\/fonolukk.eu\\\/wp-content\\\/uploads\\\/2023\\\/09\\\/fonolukk.png\",\"width\":277,\"height\":274,\"caption\":\"Smart Security OU\"},\"image\":{\"@id\":\"https:\\\/\\\/fonolukk.eu\\\/et\\\/#\\\/schema\\\/logo\\\/image\\\/\"},\"sameAs\":[\"https:\\\/\\\/www.facebook.com\\\/fonolukk\",\"https:\\\/\\\/www.instagram.com\\\/fonolukk\\\/?hl=ru\"],\"publishingPrinciples\":\"https:\\\/\\\/fonolukk.eu\\\/terms-and-conditions\\\/\",\"ownershipFundingInfo\":\"https:\\\/\\\/fonolukk.eu\\\/about-us\\\/\"}]}<\/script>\n<meta property=\"product:brand\" content=\"Electra\" \/>\n<meta property=\"product:price:amount\" content=\"0.00\" \/>\n<meta property=\"product:price:currency\" content=\"EUR\" \/>\n<meta property=\"og:availability\" content=\"instock\" \/>\n<meta property=\"product:availability\" content=\"instock\" \/>\n<meta property=\"product:retailer_item_id\" content=\"VTM.7S402.ELB04\" \/>\n<meta property=\"product:condition\" content=\"new\" \/>\n<!-- \/ Yoast SEO Premium plugin. -->","yoast_head_json":{"title":"SMART+ 7\u201d VIDEO TERMINAL, MUST - Fonolukk","description":"SMART+ 7\u201d VIDEO TERMINAL, MUST - Fonolukk","robots":{"index":"index","follow":"follow","max-snippet":"max-snippet:-1","max-image-preview":"max-image-preview:large","max-video-preview":"max-video-preview:-1"},"canonical":"https:\/\/fonolukk.eu\/et\/tooted\/smart-7-video-terminal-must\/","og_locale":"et_EE","og_type":"article","og_title":"SMART+ 7\u201d VIDEO TERMINAL, MUST","og_description":"KLAASI JA KOHTU disain Keemiliselt karastatud klaas on oluline materjal Touch Line tootevaliku tootmisel, indutseerides sellega minimalistlikku ja ajatu","og_url":"https:\/\/fonolukk.eu\/et\/tooted\/smart-7-video-terminal-must\/","og_site_name":"Fonolukk","article_publisher":"https:\/\/www.facebook.com\/fonolukk","article_modified_time":"2025-04-09T06:37:10+00:00","og_image":[{"width":1022,"height":1150,"url":"https:\/\/fonolukk.eu\/wp-content\/uploads\/2020\/02\/VTM.7S402.ELW02.jpg","type":"image\/jpeg"}],"twitter_card":"summary_large_image","twitter_misc":{"Hind":"","Availability":"Laos"},"schema":{"@context":"https:\/\/schema.org","@graph":[{"@type":"WebPage","@id":"https:\/\/fonolukk.eu\/et\/tooted\/smart-7-video-terminal-must\/","url":"https:\/\/fonolukk.eu\/et\/tooted\/smart-7-video-terminal-must\/","name":"SMART+ 7\u201d VIDEO TERMINAL, MUST - Fonolukk","isPartOf":{"@id":"https:\/\/fonolukk.eu\/et\/#website"},"primaryImageOfPage":{"@id":"https:\/\/fonolukk.eu\/et\/tooted\/smart-7-video-terminal-must\/#primaryimage"},"image":{"@id":"https:\/\/fonolukk.eu\/et\/tooted\/smart-7-video-terminal-must\/#primaryimage"},"thumbnailUrl":"https:\/\/fonolukk.eu\/wp-content\/uploads\/2020\/02\/VTM.7S402.ELW02.jpg","datePublished":"2020-02-23T15:21:45+00:00","dateModified":"2025-04-09T06:37:10+00:00","description":"SMART+ 7\u201d VIDEO TERMINAL, MUST - Fonolukk","breadcrumb":{"@id":"https:\/\/fonolukk.eu\/et\/tooted\/smart-7-video-terminal-must\/#breadcrumb"},"inLanguage":"et","potentialAction":[{"@type":"ReadAction","target":["https:\/\/fonolukk.eu\/et\/tooted\/smart-7-video-terminal-must\/"]}]},{"@type":"ImageObject","inLanguage":"et","@id":"https:\/\/fonolukk.eu\/et\/tooted\/smart-7-video-terminal-must\/#primaryimage","url":"https:\/\/fonolukk.eu\/wp-content\/uploads\/2020\/02\/VTM.7S402.ELW02.jpg","contentUrl":"https:\/\/fonolukk.eu\/wp-content\/uploads\/2020\/02\/VTM.7S402.ELW02.jpg","width":1022,"height":1150,"caption":"Fonolukk - Electra"},{"@type":"BreadcrumbList","@id":"https:\/\/fonolukk.eu\/et\/tooted\/smart-7-video-terminal-must\/#breadcrumb","itemListElement":[{"@type":"ListItem","position":1,"name":"Esileht","item":"https:\/\/fonolukk.eu\/et\/koduleht\/"},{"@type":"ListItem","position":2,"name":"Tooted","item":"https:\/\/fonolukk.eu\/et\/shop-2\/"},{"@type":"ListItem","position":3,"name":"Fonolukud","item":"https:\/\/fonolukk.eu\/et\/product-category\/fonolukud\/"},{"@type":"ListItem","position":4,"name":"Electra","item":"https:\/\/fonolukk.eu\/et\/product-category\/fonolukud\/electra-et-2\/"},{"@type":"ListItem","position":5,"name":"Uksetelefoni torud","item":"https:\/\/fonolukk.eu\/et\/product-category\/fonolukud\/electra-et-2\/uksetelefoni-torud\/"},{"@type":"ListItem","position":6,"name":"SMART+ 7\u201d VIDEO TERMINAL, MUST"}]},{"@type":"WebSite","@id":"https:\/\/fonolukk.eu\/et\/#website","url":"https:\/\/fonolukk.eu\/et\/","name":"Fonolukk eu","description":"Smart Security Systems","publisher":{"@id":"https:\/\/fonolukk.eu\/et\/#organization"},"potentialAction":[{"@type":"SearchAction","target":{"@type":"EntryPoint","urlTemplate":"https:\/\/fonolukk.eu\/et\/?s={search_term_string}"},"query-input":{"@type":"PropertyValueSpecification","valueRequired":true,"valueName":"search_term_string"}}],"inLanguage":"et"},{"@type":"Organization","@id":"https:\/\/fonolukk.eu\/et\/#organization","name":"Smart Security OU","url":"https:\/\/fonolukk.eu\/et\/","logo":{"@type":"ImageObject","inLanguage":"et","@id":"https:\/\/fonolukk.eu\/et\/#\/schema\/logo\/image\/","url":"https:\/\/fonolukk.eu\/wp-content\/uploads\/2023\/09\/fonolukk.png","contentUrl":"https:\/\/fonolukk.eu\/wp-content\/uploads\/2023\/09\/fonolukk.png","width":277,"height":274,"caption":"Smart Security OU"},"image":{"@id":"https:\/\/fonolukk.eu\/et\/#\/schema\/logo\/image\/"},"sameAs":["https:\/\/www.facebook.com\/fonolukk","https:\/\/www.instagram.com\/fonolukk\/?hl=ru"],"publishingPrinciples":"https:\/\/fonolukk.eu\/terms-and-conditions\/","ownershipFundingInfo":"https:\/\/fonolukk.eu\/about-us\/"}]},"product_brand":"Electra","product_price_amount":"0.00","product_price_currency":"EUR","og_availability":"instock","product_availability":"instock","product_retailer_item_id":"VTM.7S402.ELB04","product_condition":"new"},"_links":{"self":[{"href":"https:\/\/fonolukk.eu\/et\/wp-json\/wp\/v2\/product\/8093","targetHints":{"allow":["GET"]}}],"collection":[{"href":"https:\/\/fonolukk.eu\/et\/wp-json\/wp\/v2\/product"}],"about":[{"href":"https:\/\/fonolukk.eu\/et\/wp-json\/wp\/v2\/types\/product"}],"version-history":[{"count":1,"href":"https:\/\/fonolukk.eu\/et\/wp-json\/wp\/v2\/product\/8093\/revisions"}],"predecessor-version":[{"id":20018,"href":"https:\/\/fonolukk.eu\/et\/wp-json\/wp\/v2\/product\/8093\/revisions\/20018"}],"wp:featuredmedia":[{"embeddable":true,"href":"https:\/\/fonolukk.eu\/et\/wp-json\/wp\/v2\/media\/4344"}],"wp:attachment":[{"href":"https:\/\/fonolukk.eu\/et\/wp-json\/wp\/v2\/media?parent=8093"}],"wp:term":[{"taxonomy":"product_brand","embeddable":true,"href":"https:\/\/fonolukk.eu\/et\/wp-json\/wp\/v2\/product_brand?post=8093"},{"taxonomy":"product_cat","embeddable":true,"href":"https:\/\/fonolukk.eu\/et\/wp-json\/wp\/v2\/product_cat?post=8093"},{"taxonomy":"product_tag","embeddable":true,"href":"https:\/\/fonolukk.eu\/et\/wp-json\/wp\/v2\/product_tag?post=8093"}],"curies":[{"name":"wp","href":"https:\/\/api.w.org\/{rel}","templated":true}]}}