{"id":8095,"date":"2020-02-23T17:02:48","date_gmt":"2020-02-23T15:02:48","guid":{"rendered":"https:\/\/fonolukk.eu\/product\/extra-7-video-terminal-valge\/"},"modified":"2025-04-09T10:27:12","modified_gmt":"2025-04-09T07:27:12","slug":"extra-7-video-terminal-valge","status":"publish","type":"product","link":"https:\/\/fonolukk.eu\/et\/tooted\/extra-7-video-terminal-valge\/","title":{"rendered":"EXTRA 7\u201d VIDEO TERMINAL, VALGE"},"content":{"rendered":"<p><strong>KLAASI JA KOHTU disain<\/strong><br \/>\nKeemiliselt karastatud klaas on oluline materjal Touch Line tootevaliku tootmisel, indutseerides sellega minimalistlikku<br \/>\nja ajatu elegants. Lisaks minimalistlikule esteetikale tagab keemiliselt karastatud klaas ka toodete muud p\u00f5hiomadused: kriimustus- ja l\u00f6\u00f6gikindlus, l\u00e4bitungimatus, p\u00fcsiv poleeritud k\u00fclg ja lihtne hooldus.<br \/>\nTaustavalgustusega TOUCH-klahvide kasutamine hoiab visuaalselt tunnustatud visuaalse keele kaudu koos intuitiivsete graafiliste m\u00e4rgistustega vastavalt kasutusmugavusele disaini ja tehnoloogia praeguste suundumustega.<br \/>\nL\u00e4bi kindla ja h\u00e4davajaliku v\u00e4ljan\u00e4gemise esindab ekstra 7-tolline videoterminal stiilset kohalolekut, mille saab loomulikult integreerida \u00fcksk\u00f5ik millisesse<br \/>\nsisekeskkond.<\/p>\n<p><strong>Nutikas kokkupanek | Lihtne paigaldada<\/strong><br \/>\nT\u00e4iendava 7-tollise videoterminali ELECTRA montaa\u017eilahendus on originaalne ja t\u00f5hus, andes tulemuseks \u00f5hukese v\u00e4ljan\u00e4gemisega, kuid samal ajal tolmukindla ja h\u00f5lpsasti paigaldatava toote.<br \/>\nT\u00e4nu konstruktiivsete elementide ideaalselt kihilisele \u00fchendusele, vastavalt vastupidavale ABS korpusele ja 3 mm keemiliselt karastatud klaasile, mille sisek\u00fcljele kahekordistatakse sama m\u00f5\u00f5tmega tr\u00fckkplaat, saadakse vastupidav toode, ainult 20 mm paksune, mis on v\u00e4ga kergesti paigaldatav mis tahes pinnale.<\/p>\n<p><strong>7-tolline v\u00e4rviline LCD-ekraan<\/strong><br \/>\nLihtne t\u00f5de on see, et \u00fcks pilt on v\u00e4\u00e4rt rohkem kui tuhat s\u00f5na. T\u00e4iendav 7-tolline videoterminal kuvab k\u00f5rglahutusega pilte kogu k\u00f5ne, k\u00f5ne ja j\u00e4lgimise ajal.<br \/>\n\u00d6ine n\u00e4gemine on suurep\u00e4rane 20 meetri kaugusel isegi siis, kui t\u00e4navavalgustust pole.<\/p>\n<p><strong>Intuitiivne k\u00e4ed-vabad kasutamine<\/strong><br \/>\nPuutetundlik klaviatuur on v\u00e4ga esinduslik nii universaalsete minimalistlike s\u00fcmbolite kui ka visuaalse signaalimise kaudu kogu kasutusaja jooksul. Klahvidel on ootere\u017eiimis ja kasutamise ajal erinevad funktsioonid &#8211; multifunktsionaalsus, mis toob kasutajatele t\u00e4iendavaid eeliseid.<br \/>\nKasutaja ja terminali vaheline suhtlus on minimaalne, kuna mis tahes funktsiooni saab saavutada \u00fche klahvivajutusega.<br \/>\nTeine v\u00e4ga oluline puutetundlike klahvide omadus on see, et nad ei blokeeru, s\u00f5ltumata kasutamissagedusest, mis t\u00e4hendab pikaajalist t\u00f6\u00f6kindlust.<\/p>\n<p><strong>K\u00f5ne vastamine | Mitu seiret | Helina valik<\/strong><br \/>\nKui terminali kutsutakse, siis klahv vilgub.<br \/>\nJutt algab lihtsa puudutusega ja j\u00e4tkub t\u00e4iesti vabalt, maksimaalselt 2 minuti jooksul.<br \/>\nKui terminal on ootere\u017eiimis, aktiveerib klahvi puudutamine audio-video j\u00e4lgimise 15 sekundiks. Seet\u00f5ttu on igal ajal v\u00f5imalik n\u00e4ha ja kuulda, mis sissep\u00e4\u00e4su ees toimub, v\u00f5imaldades kahesuunalist vestlust. Lisaks saab videoseiret teha j\u00e4rjestikku mitme videokaamera abil, kuna ELECTRA videoukses\u00fcsteem v\u00f5imaldab mitme t\u00e4iendava kaamera \u00fchendamist.<br \/>\nKa ootere\u017eiimis saab v\u00e4ga lihtsa protseduuri abil valida eelistatud helinat 5 saadaoleva valiku hulgast.<\/p>\n<p><strong>Juurdep\u00e4\u00e4s | K\u00f5ne kestuse seadistamine<\/strong><br \/>\nJuurdep\u00e4\u00e4su saab v\u00f5imaldada mis tahes terminalire\u017eiimis &#8211; ootere\u017eiimis, k\u00f5nes, vestluses v\u00f5i j\u00e4lgimisel. Videopilt j\u00e4\u00e4b aktiivseks veel 10 sekundit, et visuaalselt kinnitada toimingu l\u00f5puleviimist.<br \/>\nOotere\u017eiimis saab ka k\u00f5ne kestust vastavalt eelistustele seada: 1\/2\/3 k\u00f5net v\u00f5i 1 min.<\/p>\n<p><strong>K\u00f5nede maht | Jutu maht | Vaigista<\/strong><br \/>\nK\u00f5ne ja k\u00f5ne jaoks on saadaval 7 helitugevuse taset ning vaikse re\u017eiimi k\u00f5ne aktiveerimise v\u00f5imalus. Helitugevust saab reguleerida nii kasutamise ajal kui ka ootere\u017eiimis.<br \/>\nVaikne re\u017eiim annab visuaalselt m\u00e4rku punasest LED-ist, mis p\u00f5leb p\u00fcsivalt.<\/p>\n<p><strong>Abik\u00e4sklus<\/strong><br \/>\nLisav\u00f5tit saab kasutada teise automaatika juhtimiseks: automaatv\u00e4rav, garaa\u017eiuks, v\u00e4lisvalgustuss\u00fcsteem. ELECTRA videoukses\u00fcsteemis on sellise automaatika jaoks otse\u00fchendused, funktsioon, mis v\u00f5imaldab installi t\u00e4iendada erinevate lisaseadmetega.<\/p>\n<p><strong>Pildistamine | 100 pildi m\u00e4lu<\/strong><br \/>\nPildistamisv\u00f5imalusel on turvalisuse ja mugavuse osas v\u00e4ga suur panus. See funktsioon v\u00f5imaldab k\u00f5igi k\u00f5nede t\u00e4ielikku salvestamist, kuna iga v\u00e4lipaneelil tehtud k\u00f5ne puhul tehakse pilt automaatselt.<br \/>\nSamal ajal on elanikul v\u00f5imalus helistamise, vestluse v\u00f5i j\u00e4lgimise ajal igal ajal t\u00e4iendavaid pilte teha, lihtsalt puudutades klahvi. Terminali m\u00e4lumaht on 100 pilti. Kui see piir on \u00fcletatud, kustutatakse vanimad pildid automaatselt, et uutele ruumi anda.<\/p>\n<p><strong>Pildimen\u00fc\u00fc | Videopildi reguleerimine | Kuup\u00e4eva \/ kellaaja seadistamine<\/strong><br \/>\nSaadaolev men\u00fc\u00fc v\u00f5imaldab:<\/p>\n<p>&nbsp;<\/p>\n<p><strong>Piltide visualiseerimine ja kustutamine.<\/strong><br \/>\nKuup\u00e4eva ja kellaaja seadmine<br \/>\nVideopildi parameetrite reguleerimine: kontrast, heledus ja v\u00e4rvus<br \/>\nSuhtlemine<br \/>\n\u00dchendus paralleelselt \u00fchendatud klemmidega.<\/p>\n<div class='w3eden'><!-- WPDM Link Template: Default Template -->\n\n<div class=\"link-template-default card mb-2\">\n    <div class=\"card-body\">\n        <div class=\"media\">\n            <div class=\"mr-3 img-48\"><img decoding=\"async\" class=\"wpdm_icon\" alt=\"Icon\"   src=\"https:\/\/fonolukk.eu\/wp-content\/plugins\/download-manager\/assets\/file-type-icons\/pdf.svg\" \/><\/div>\n            <div class=\"media-body\">\n                <h3 class=\"package-title\"><a href='https:\/\/fonolukk.eu\/download\/fonolukk-product-pdf\/'>Fonolukk Product PDF<\/a><\/h3>\n                <div class=\"text-muted text-small\"><i class=\"fas fa-copy\"><\/i> 1 file(s) <i class=\"fas fa-hdd ml-3\"><\/i> 1.74 MB<\/div>\n            <\/div>\n            <div class=\"ml-3\">\n                <div class=\"w3eden\"><div class=\"panel panel-default card\"><div class=\"panel-body card-body\"><span class=\"text-danger\">Login is required to access this page<\/span><\/div><div class=\"panel-footer card-footer text-right\"><a href=\"https:\/\/fonolukk.eu\/wp-login.php?redirect_to=\/et\/wp-json\/wp\/v2\/product\/8095\" class=\"btn btn-danger wpdmloginmodal-trigger btn-sm\"><i class=\"fa fa-lock\"><\/i> Login<\/a><\/div><\/div><\/div>\n            <\/div>\n        <\/div>\n    <\/div>\n<\/div>\n\n<\/div>\n","protected":false},"excerpt":{"rendered":"<p>KLAASI JA KOHTU disain Keemiliselt karastatud klaas on oluline materjal Touch Line tootevaliku tootmisel, indutseerides sellega minimalistlikku ja ajatu elegants.<\/p>\n","protected":false},"featured_media":4338,"template":"","meta":[],"product_brand":[],"product_cat":[385,606,894,904,796],"product_tag":[],"class_list":{"0":"post-8095","1":"product","2":"type-product","3":"status-publish","4":"has-post-thumbnail","6":"product_cat-intercom-torud","7":"product_cat-fonolukud","8":"product_cat-electra-et-2","9":"product_cat-uksetelefoni-torud","10":"product_cat-electra-et","11":"pa_brand-electra-et","13":"first","14":"instock","15":"taxable","16":"shipping-taxable","17":"product-type-simple"},"yoast_head":"<!-- This site is optimized with the Yoast SEO Premium plugin v27.3 (Yoast SEO v27.3) - https:\/\/yoast.com\/product\/yoast-seo-premium-wordpress\/ -->\n<title>EXTRA 7\u201d VIDEO TERMINAL, VALGE - Fonolukk<\/title>\n<meta name=\"description\" content=\"EXTRA 7\u201d VIDEO TERMINAL, VALGE - Fonolukk\" \/>\n<meta name=\"robots\" content=\"index, follow, max-snippet:-1, max-image-preview:large, max-video-preview:-1\" \/>\n<link rel=\"canonical\" href=\"https:\/\/fonolukk.eu\/et\/tooted\/extra-7-video-terminal-valge\/\" \/>\n<meta property=\"og:locale\" content=\"et_EE\" \/>\n<meta property=\"og:type\" content=\"article\" \/>\n<meta property=\"og:title\" content=\"EXTRA 7\u201d VIDEO TERMINAL, VALGE\" \/>\n<meta property=\"og:description\" content=\"KLAASI JA KOHTU disain Keemiliselt karastatud klaas on oluline materjal Touch Line tootevaliku tootmisel, indutseerides sellega minimalistlikku ja ajatu\" \/>\n<meta property=\"og:url\" content=\"https:\/\/fonolukk.eu\/et\/tooted\/extra-7-video-terminal-valge\/\" \/>\n<meta property=\"og:site_name\" content=\"Fonolukk\" \/>\n<meta property=\"article:publisher\" content=\"https:\/\/www.facebook.com\/fonolukk\" \/>\n<meta property=\"article:modified_time\" content=\"2025-04-09T07:27:12+00:00\" \/>\n<meta property=\"og:image\" content=\"https:\/\/fonolukk.eu\/wp-content\/uploads\/2020\/02\/VTE.7S402.ELW02-1.jpg\" \/>\n\t<meta property=\"og:image:width\" content=\"1022\" \/>\n\t<meta property=\"og:image:height\" content=\"1150\" \/>\n\t<meta property=\"og:image:type\" content=\"image\/jpeg\" \/>\n<meta name=\"twitter:card\" content=\"summary_large_image\" \/>\n<meta name=\"twitter:label1\" content=\"Hind\" \/>\n\t<meta name=\"twitter:data1\" content=\"\" \/>\n\t<meta name=\"twitter:label2\" content=\"Availability\" \/>\n\t<meta name=\"twitter:data2\" content=\"Laos\" \/>\n<script type=\"application\/ld+json\" class=\"yoast-schema-graph\">{\"@context\":\"https:\\\/\\\/schema.org\",\"@graph\":[{\"@type\":\"WebPage\",\"@id\":\"https:\\\/\\\/fonolukk.eu\\\/et\\\/tooted\\\/extra-7-video-terminal-valge\\\/\",\"url\":\"https:\\\/\\\/fonolukk.eu\\\/et\\\/tooted\\\/extra-7-video-terminal-valge\\\/\",\"name\":\"EXTRA 7\u201d VIDEO TERMINAL, VALGE - Fonolukk\",\"isPartOf\":{\"@id\":\"https:\\\/\\\/fonolukk.eu\\\/et\\\/#website\"},\"primaryImageOfPage\":{\"@id\":\"https:\\\/\\\/fonolukk.eu\\\/et\\\/tooted\\\/extra-7-video-terminal-valge\\\/#primaryimage\"},\"image\":{\"@id\":\"https:\\\/\\\/fonolukk.eu\\\/et\\\/tooted\\\/extra-7-video-terminal-valge\\\/#primaryimage\"},\"thumbnailUrl\":\"https:\\\/\\\/fonolukk.eu\\\/wp-content\\\/uploads\\\/2020\\\/02\\\/VTE.7S402.ELW02-1.jpg\",\"datePublished\":\"2020-02-23T15:02:48+00:00\",\"dateModified\":\"2025-04-09T07:27:12+00:00\",\"description\":\"EXTRA 7\u201d VIDEO TERMINAL, VALGE - Fonolukk\",\"breadcrumb\":{\"@id\":\"https:\\\/\\\/fonolukk.eu\\\/et\\\/tooted\\\/extra-7-video-terminal-valge\\\/#breadcrumb\"},\"inLanguage\":\"et\",\"potentialAction\":[{\"@type\":\"ReadAction\",\"target\":[\"https:\\\/\\\/fonolukk.eu\\\/et\\\/tooted\\\/extra-7-video-terminal-valge\\\/\"]}]},{\"@type\":\"ImageObject\",\"inLanguage\":\"et\",\"@id\":\"https:\\\/\\\/fonolukk.eu\\\/et\\\/tooted\\\/extra-7-video-terminal-valge\\\/#primaryimage\",\"url\":\"https:\\\/\\\/fonolukk.eu\\\/wp-content\\\/uploads\\\/2020\\\/02\\\/VTE.7S402.ELW02-1.jpg\",\"contentUrl\":\"https:\\\/\\\/fonolukk.eu\\\/wp-content\\\/uploads\\\/2020\\\/02\\\/VTE.7S402.ELW02-1.jpg\",\"width\":1022,\"height\":1150,\"caption\":\"Fonolukk - Electra\"},{\"@type\":\"BreadcrumbList\",\"@id\":\"https:\\\/\\\/fonolukk.eu\\\/et\\\/tooted\\\/extra-7-video-terminal-valge\\\/#breadcrumb\",\"itemListElement\":[{\"@type\":\"ListItem\",\"position\":1,\"name\":\"Esileht\",\"item\":\"https:\\\/\\\/fonolukk.eu\\\/et\\\/koduleht\\\/\"},{\"@type\":\"ListItem\",\"position\":2,\"name\":\"Tooted\",\"item\":\"https:\\\/\\\/fonolukk.eu\\\/et\\\/shop-2\\\/\"},{\"@type\":\"ListItem\",\"position\":3,\"name\":\"Fonolukud\",\"item\":\"https:\\\/\\\/fonolukk.eu\\\/et\\\/product-category\\\/fonolukud\\\/\"},{\"@type\":\"ListItem\",\"position\":4,\"name\":\"Electra\",\"item\":\"https:\\\/\\\/fonolukk.eu\\\/et\\\/product-category\\\/fonolukud\\\/electra-et-2\\\/\"},{\"@type\":\"ListItem\",\"position\":5,\"name\":\"Uksetelefoni torud\",\"item\":\"https:\\\/\\\/fonolukk.eu\\\/et\\\/product-category\\\/fonolukud\\\/electra-et-2\\\/uksetelefoni-torud\\\/\"},{\"@type\":\"ListItem\",\"position\":6,\"name\":\"EXTRA 7\u201d VIDEO TERMINAL, VALGE\"}]},{\"@type\":\"WebSite\",\"@id\":\"https:\\\/\\\/fonolukk.eu\\\/et\\\/#website\",\"url\":\"https:\\\/\\\/fonolukk.eu\\\/et\\\/\",\"name\":\"Fonolukk eu\",\"description\":\"Smart Security Systems\",\"publisher\":{\"@id\":\"https:\\\/\\\/fonolukk.eu\\\/et\\\/#organization\"},\"potentialAction\":[{\"@type\":\"SearchAction\",\"target\":{\"@type\":\"EntryPoint\",\"urlTemplate\":\"https:\\\/\\\/fonolukk.eu\\\/et\\\/?s={search_term_string}\"},\"query-input\":{\"@type\":\"PropertyValueSpecification\",\"valueRequired\":true,\"valueName\":\"search_term_string\"}}],\"inLanguage\":\"et\"},{\"@type\":\"Organization\",\"@id\":\"https:\\\/\\\/fonolukk.eu\\\/et\\\/#organization\",\"name\":\"Smart Security OU\",\"url\":\"https:\\\/\\\/fonolukk.eu\\\/et\\\/\",\"logo\":{\"@type\":\"ImageObject\",\"inLanguage\":\"et\",\"@id\":\"https:\\\/\\\/fonolukk.eu\\\/et\\\/#\\\/schema\\\/logo\\\/image\\\/\",\"url\":\"https:\\\/\\\/fonolukk.eu\\\/wp-content\\\/uploads\\\/2023\\\/09\\\/fonolukk.png\",\"contentUrl\":\"https:\\\/\\\/fonolukk.eu\\\/wp-content\\\/uploads\\\/2023\\\/09\\\/fonolukk.png\",\"width\":277,\"height\":274,\"caption\":\"Smart Security OU\"},\"image\":{\"@id\":\"https:\\\/\\\/fonolukk.eu\\\/et\\\/#\\\/schema\\\/logo\\\/image\\\/\"},\"sameAs\":[\"https:\\\/\\\/www.facebook.com\\\/fonolukk\",\"https:\\\/\\\/www.instagram.com\\\/fonolukk\\\/?hl=ru\"],\"publishingPrinciples\":\"https:\\\/\\\/fonolukk.eu\\\/terms-and-conditions\\\/\",\"ownershipFundingInfo\":\"https:\\\/\\\/fonolukk.eu\\\/about-us\\\/\"}]}<\/script>\n<meta property=\"product:brand\" content=\"Electra\" \/>\n<meta property=\"product:price:amount\" content=\"0.00\" \/>\n<meta property=\"product:price:currency\" content=\"EUR\" \/>\n<meta property=\"og:availability\" content=\"instock\" \/>\n<meta property=\"product:availability\" content=\"instock\" \/>\n<meta property=\"product:retailer_item_id\" content=\"VTE.7S902.ELW04 EXTRA 7&quot;\" \/>\n<meta property=\"product:condition\" content=\"new\" \/>\n<!-- \/ Yoast SEO Premium plugin. -->","yoast_head_json":{"title":"EXTRA 7\u201d VIDEO TERMINAL, VALGE - Fonolukk","description":"EXTRA 7\u201d VIDEO TERMINAL, VALGE - Fonolukk","robots":{"index":"index","follow":"follow","max-snippet":"max-snippet:-1","max-image-preview":"max-image-preview:large","max-video-preview":"max-video-preview:-1"},"canonical":"https:\/\/fonolukk.eu\/et\/tooted\/extra-7-video-terminal-valge\/","og_locale":"et_EE","og_type":"article","og_title":"EXTRA 7\u201d VIDEO TERMINAL, VALGE","og_description":"KLAASI JA KOHTU disain Keemiliselt karastatud klaas on oluline materjal Touch Line tootevaliku tootmisel, indutseerides sellega minimalistlikku ja ajatu","og_url":"https:\/\/fonolukk.eu\/et\/tooted\/extra-7-video-terminal-valge\/","og_site_name":"Fonolukk","article_publisher":"https:\/\/www.facebook.com\/fonolukk","article_modified_time":"2025-04-09T07:27:12+00:00","og_image":[{"width":1022,"height":1150,"url":"https:\/\/fonolukk.eu\/wp-content\/uploads\/2020\/02\/VTE.7S402.ELW02-1.jpg","type":"image\/jpeg"}],"twitter_card":"summary_large_image","twitter_misc":{"Hind":"","Availability":"Laos"},"schema":{"@context":"https:\/\/schema.org","@graph":[{"@type":"WebPage","@id":"https:\/\/fonolukk.eu\/et\/tooted\/extra-7-video-terminal-valge\/","url":"https:\/\/fonolukk.eu\/et\/tooted\/extra-7-video-terminal-valge\/","name":"EXTRA 7\u201d VIDEO TERMINAL, VALGE - Fonolukk","isPartOf":{"@id":"https:\/\/fonolukk.eu\/et\/#website"},"primaryImageOfPage":{"@id":"https:\/\/fonolukk.eu\/et\/tooted\/extra-7-video-terminal-valge\/#primaryimage"},"image":{"@id":"https:\/\/fonolukk.eu\/et\/tooted\/extra-7-video-terminal-valge\/#primaryimage"},"thumbnailUrl":"https:\/\/fonolukk.eu\/wp-content\/uploads\/2020\/02\/VTE.7S402.ELW02-1.jpg","datePublished":"2020-02-23T15:02:48+00:00","dateModified":"2025-04-09T07:27:12+00:00","description":"EXTRA 7\u201d VIDEO TERMINAL, VALGE - Fonolukk","breadcrumb":{"@id":"https:\/\/fonolukk.eu\/et\/tooted\/extra-7-video-terminal-valge\/#breadcrumb"},"inLanguage":"et","potentialAction":[{"@type":"ReadAction","target":["https:\/\/fonolukk.eu\/et\/tooted\/extra-7-video-terminal-valge\/"]}]},{"@type":"ImageObject","inLanguage":"et","@id":"https:\/\/fonolukk.eu\/et\/tooted\/extra-7-video-terminal-valge\/#primaryimage","url":"https:\/\/fonolukk.eu\/wp-content\/uploads\/2020\/02\/VTE.7S402.ELW02-1.jpg","contentUrl":"https:\/\/fonolukk.eu\/wp-content\/uploads\/2020\/02\/VTE.7S402.ELW02-1.jpg","width":1022,"height":1150,"caption":"Fonolukk - Electra"},{"@type":"BreadcrumbList","@id":"https:\/\/fonolukk.eu\/et\/tooted\/extra-7-video-terminal-valge\/#breadcrumb","itemListElement":[{"@type":"ListItem","position":1,"name":"Esileht","item":"https:\/\/fonolukk.eu\/et\/koduleht\/"},{"@type":"ListItem","position":2,"name":"Tooted","item":"https:\/\/fonolukk.eu\/et\/shop-2\/"},{"@type":"ListItem","position":3,"name":"Fonolukud","item":"https:\/\/fonolukk.eu\/et\/product-category\/fonolukud\/"},{"@type":"ListItem","position":4,"name":"Electra","item":"https:\/\/fonolukk.eu\/et\/product-category\/fonolukud\/electra-et-2\/"},{"@type":"ListItem","position":5,"name":"Uksetelefoni torud","item":"https:\/\/fonolukk.eu\/et\/product-category\/fonolukud\/electra-et-2\/uksetelefoni-torud\/"},{"@type":"ListItem","position":6,"name":"EXTRA 7\u201d VIDEO TERMINAL, VALGE"}]},{"@type":"WebSite","@id":"https:\/\/fonolukk.eu\/et\/#website","url":"https:\/\/fonolukk.eu\/et\/","name":"Fonolukk eu","description":"Smart Security Systems","publisher":{"@id":"https:\/\/fonolukk.eu\/et\/#organization"},"potentialAction":[{"@type":"SearchAction","target":{"@type":"EntryPoint","urlTemplate":"https:\/\/fonolukk.eu\/et\/?s={search_term_string}"},"query-input":{"@type":"PropertyValueSpecification","valueRequired":true,"valueName":"search_term_string"}}],"inLanguage":"et"},{"@type":"Organization","@id":"https:\/\/fonolukk.eu\/et\/#organization","name":"Smart Security OU","url":"https:\/\/fonolukk.eu\/et\/","logo":{"@type":"ImageObject","inLanguage":"et","@id":"https:\/\/fonolukk.eu\/et\/#\/schema\/logo\/image\/","url":"https:\/\/fonolukk.eu\/wp-content\/uploads\/2023\/09\/fonolukk.png","contentUrl":"https:\/\/fonolukk.eu\/wp-content\/uploads\/2023\/09\/fonolukk.png","width":277,"height":274,"caption":"Smart Security OU"},"image":{"@id":"https:\/\/fonolukk.eu\/et\/#\/schema\/logo\/image\/"},"sameAs":["https:\/\/www.facebook.com\/fonolukk","https:\/\/www.instagram.com\/fonolukk\/?hl=ru"],"publishingPrinciples":"https:\/\/fonolukk.eu\/terms-and-conditions\/","ownershipFundingInfo":"https:\/\/fonolukk.eu\/about-us\/"}]},"product_brand":"Electra","product_price_amount":"0.00","product_price_currency":"EUR","og_availability":"instock","product_availability":"instock","product_retailer_item_id":"VTE.7S902.ELW04 EXTRA 7\"","product_condition":"new"},"_links":{"self":[{"href":"https:\/\/fonolukk.eu\/et\/wp-json\/wp\/v2\/product\/8095","targetHints":{"allow":["GET"]}}],"collection":[{"href":"https:\/\/fonolukk.eu\/et\/wp-json\/wp\/v2\/product"}],"about":[{"href":"https:\/\/fonolukk.eu\/et\/wp-json\/wp\/v2\/types\/product"}],"version-history":[{"count":1,"href":"https:\/\/fonolukk.eu\/et\/wp-json\/wp\/v2\/product\/8095\/revisions"}],"predecessor-version":[{"id":20034,"href":"https:\/\/fonolukk.eu\/et\/wp-json\/wp\/v2\/product\/8095\/revisions\/20034"}],"wp:featuredmedia":[{"embeddable":true,"href":"https:\/\/fonolukk.eu\/et\/wp-json\/wp\/v2\/media\/4338"}],"wp:attachment":[{"href":"https:\/\/fonolukk.eu\/et\/wp-json\/wp\/v2\/media?parent=8095"}],"wp:term":[{"taxonomy":"product_brand","embeddable":true,"href":"https:\/\/fonolukk.eu\/et\/wp-json\/wp\/v2\/product_brand?post=8095"},{"taxonomy":"product_cat","embeddable":true,"href":"https:\/\/fonolukk.eu\/et\/wp-json\/wp\/v2\/product_cat?post=8095"},{"taxonomy":"product_tag","embeddable":true,"href":"https:\/\/fonolukk.eu\/et\/wp-json\/wp\/v2\/product_tag?post=8095"}],"curies":[{"name":"wp","href":"https:\/\/api.w.org\/{rel}","templated":true}]}}