{"id":8120,"date":"2020-08-24T21:58:26","date_gmt":"2020-08-24T18:58:27","guid":{"rendered":"https:\/\/fonolukk.eu\/?post_type=product&#038;p=8120"},"modified":"2020-11-30T17:03:43","modified_gmt":"2020-11-30T15:03:43","slug":"vizit-sm101t-2","status":"publish","type":"product","link":"https:\/\/fonolukk.eu\/et\/tooted\/vizit-sm101t-2\/","title":{"rendered":"Vizit SM101T"},"content":{"rendered":"<p><strong>Kirjeldus:<\/strong><\/p>\n<div id=\"descrip_ul\">\n<p><big><strong>Uksetelefoni v\u00e4lispaneel BVD-SM101T<\/strong><\/big><\/p>\n<ul>\n<li><big>v\u00e4lipaneeli BVD-SM101T kasutatakse koos toiteallikaga BPD18 \/ 12-1-1 mitme korteriga sisetehase VIZIT lahutamatu osana;<\/big><\/li>\n<li><big>tellijate arv &#8211; kuni 100<\/big><\/li>\n<li><big>dupleksk\u00f5lar;<\/big><\/li>\n<li><big>m\u00e4lu 600 VIZIT-TM v\u00f5tmele;<\/big><\/li>\n<li><big>\u00fche korteri numbri v\u00f5tmete arv &#8211; 6;<\/big><\/li>\n<li><big>t\u00f6\u00f6re\u017eiimide heli n\u00e4it;<\/big><\/li>\n<li><big>4-kohaline indikaator;<\/big><\/li>\n<li><big>luku avamise programmeeritav kestus &#8211; 1 kuni 20 sekundit;<\/big><\/li>\n<li><big>esiukseluku avamine:<br \/>\n&#8211; kui vajutad kommunikatsiooni ajal UCP korteri sisetelefoni v\u00f5i monitori luku avanemise nuppu;<br \/>\n&#8211; 4-kohalise \u00fchise koodi valimisel;<br \/>\n&#8211; 3-kohalise individuaalse koodi valimisel;<br \/>\n&#8211; kui vajutad nuppu v\u00e4ljumiseks;<br \/>\n&#8211; VIZIT-TM v\u00f5tmed (DS1990A).\u00a0<strong>V\u00f5tmetena<\/strong>\u00a0saab kasutada\u00a0\u00a0<strong>ainult originaalseid\u00a0<\/strong>\u00a0<strong>iButton<\/strong>\u00a0\u00ae\u00a0<strong>tunnuseid<\/strong>\u00a0;<\/big><\/li>\n<li><big>v\u00f5imalus \u00fcksikute korterite k\u00f5ne v\u00e4lja l\u00fclitada;<\/big><\/li>\n<li><big>t\u00f6\u00f6tada VIZIT uksekonsooliga;<\/big><\/li>\n<li><big>toitepinge, V: 22 \u00b1 4;<\/big><\/li>\n<li><big>tarbitav vool, A, mitte rohkem: 0,3;<\/big><\/li>\n<li><big>\u00fcldm\u00f5\u00f5tmed, mm, (WxHxD) &#8211; 86x170x25;<\/big><\/li>\n<li><big>paigaldusv\u00f5imalus &#8211; arve;<\/big><\/li>\n<li><big>t\u00f6\u00f6temperatuuri vahemik, \u00b0 \u0421 &#8211; miinus 40 kuni pluss 45 \u00b0 C.<\/big><\/li>\n<li><big>Toote kasutusjuhend (pass) on toodud t\u00e4iendava tehnilise teabe lehel.<\/big><\/li>\n<\/ul>\n<p><big>Doorphone\u00a0\u00a0<strong>v\u00e4ljas paneel BVD-SM101T on\u00a0<\/strong>\u00a0kasutatud osana Kortermajades intercoms VIZIT ja annab kahesuunaline duplekssidelinke vahel k\u00fclastaja ja tellija, samuti avatakse v\u00e4lisuks lukus &#8211; alates korteri vestlus vajutades nuppu abonendiseadme, kasutades VIZIT-TM v\u00f5tmed sissep\u00e4\u00e4su, vajutades EXIT sissep\u00e4\u00e4su seest.\u00a0K\u00f5ne\u00fcksuse toiteks ja lukustamiseks on soovitatav kasutada toiteallikat BPD18 \/ 12-1-1.<\/big><\/p>\n<p><big>Soovitatav on kasutada elektromagnetilisi lukke VIZIT-ML240, VIZIT-ML300, VIZIT-ML400 v\u00f5i elektromehaanilisi lukke, mille m\u00e4histakistus\u00a0\u00a0<strong>on v\u00e4hemalt 10 oomi<\/strong>\u00a0.<\/big><\/p>\n<p><big>Keelatud on kasutada elektromagnetilisi lukke, mille m\u00e4hise takistus on alla 20 oomi, samuti ilma demagnetiseerivate vooluahelateta.<\/big><\/p>\n<p><big>Ruumist lahkumiseks (kui kasutate elektromagnetilist lukku) on soovitatav kasutada nuppu EXIT 300M koos h\u00e4dajuhtimisl\u00fclititega elektromagnetilise luku jaoks.<\/big><\/p>\n<p><big>VIZIT-i abonendiseadmete (UKP) \u00fchendamiseks intercomi sisendliiniga kasutatakse kommutaatoreid.\u00a0V\u00f5imalik on kasutada l\u00fclitusseadmeid BK-4 (M), BK-10, BK-30 (M), BK-100 (M).\u00a0V\u00f5imalik on erinevat t\u00fc\u00fcpi l\u00fclitusseadmete kombineeritud kasutamine.<\/big><\/p>\n<p><big>Seadme paigaldamiseks ja t\u00e4iendavaks kaitseks kliimam\u00f5jude eest on soovitatav kasutada kinnituskomplekti MK-341 (visiir).<\/big><\/p>\n<div class='w3eden'><!-- WPDM Link Template: Default Template -->\n\n<div class=\"link-template-default card mb-2\">\n    <div class=\"card-body\">\n        <div class=\"media\">\n            <div class=\"mr-3 img-48\"><img decoding=\"async\" class=\"wpdm_icon\" alt=\"Icon\"   src=\"https:\/\/fonolukk.eu\/wp-content\/plugins\/download-manager\/assets\/file-type-icons\/pdf.svg\" \/><\/div>\n            <div class=\"media-body\">\n                <h3 class=\"package-title\"><a href='https:\/\/fonolukk.eu\/download\/vizit-sm101t\/'>Vizit SM101T<\/a><\/h3>\n                <div class=\"text-muted text-small\"><i class=\"fas fa-copy\"><\/i> 1 file(s) <i class=\"fas fa-hdd ml-3\"><\/i> 7.00 MB<\/div>\n            <\/div>\n            <div class=\"ml-3\">\n                <div class=\"w3eden\"><div class=\"panel panel-default card\"><div class=\"panel-body card-body\"><span class=\"text-danger\">Login is required to access this page<\/span><\/div><div class=\"panel-footer card-footer text-right\"><a href=\"https:\/\/fonolukk.eu\/wp-login.php?redirect_to=\/et\/wp-json\/wp\/v2\/product\/8120\" class=\"btn btn-danger wpdmloginmodal-trigger btn-sm\"><i class=\"fa fa-lock\"><\/i> Login<\/a><\/div><\/div><\/div>\n            <\/div>\n        <\/div>\n    <\/div>\n<\/div>\n\n<\/div>\n<\/div>\n","protected":false},"excerpt":{"rendered":"<p>Kirjeldus: Uksetelefoni v\u00e4lispaneel BVD-SM101T v\u00e4lipaneeli BVD-SM101T kasutatakse koos toiteallikaga BPD18 \/ 12-1-1 mitme korteriga sisetehase VIZIT lahutamatu osana; tellijate arv<\/p>\n","protected":false},"featured_media":8128,"template":"","meta":[],"product_brand":[],"product_cat":[959,606,910],"product_tag":[],"class_list":{"0":"post-8120","1":"product","2":"type-product","3":"status-publish","4":"has-post-thumbnail","6":"product_cat-valispaneel-et-3","7":"product_cat-fonolukud","8":"product_cat-vizit-et-2","9":"pa_brand-vizit","11":"first","12":"instock","13":"taxable","14":"shipping-taxable","15":"product-type-simple"},"yoast_head":"<!-- This site is optimized with the Yoast SEO Premium plugin v27.3 (Yoast SEO v27.3) - https:\/\/yoast.com\/product\/yoast-seo-premium-wordpress\/ -->\n<title>Vizit SM101T - Fonolukk<\/title>\n<meta name=\"description\" content=\"Vizit SM101T - Fonolukk\" \/>\n<meta name=\"robots\" content=\"index, follow, max-snippet:-1, max-image-preview:large, max-video-preview:-1\" \/>\n<link rel=\"canonical\" href=\"https:\/\/fonolukk.eu\/et\/tooted\/vizit-sm101t-2\/\" \/>\n<meta property=\"og:locale\" content=\"et_EE\" \/>\n<meta property=\"og:type\" content=\"article\" \/>\n<meta property=\"og:title\" content=\"Vizit SM101T\" \/>\n<meta property=\"og:description\" content=\"Kirjeldus: Uksetelefoni v\u00e4lispaneel BVD-SM101T v\u00e4lipaneeli BVD-SM101T kasutatakse koos toiteallikaga BPD18 \/ 12-1-1 mitme korteriga sisetehase VIZIT\" \/>\n<meta property=\"og:url\" content=\"https:\/\/fonolukk.eu\/et\/tooted\/vizit-sm101t-2\/\" \/>\n<meta property=\"og:site_name\" content=\"Fonolukk\" \/>\n<meta property=\"article:publisher\" content=\"https:\/\/www.facebook.com\/fonolukk\" \/>\n<meta property=\"article:modified_time\" content=\"2020-11-30T15:03:43+00:00\" \/>\n<meta property=\"og:image\" content=\"https:\/\/fonolukk.eu\/wp-content\/uploads\/2020\/08\/2414b233a861e332ebcb3836641ce56c-1.jpg\" \/>\n\t<meta property=\"og:image:width\" content=\"1020\" \/>\n\t<meta property=\"og:image:height\" content=\"750\" \/>\n\t<meta property=\"og:image:type\" content=\"image\/jpeg\" \/>\n<meta name=\"twitter:card\" content=\"summary_large_image\" \/>\n<meta name=\"twitter:label1\" content=\"Hind\" \/>\n\t<meta name=\"twitter:data1\" content=\"\" \/>\n\t<meta name=\"twitter:label2\" content=\"Availability\" \/>\n\t<meta name=\"twitter:data2\" content=\"Laos\" \/>\n<script type=\"application\/ld+json\" class=\"yoast-schema-graph\">{\"@context\":\"https:\\\/\\\/schema.org\",\"@graph\":[{\"@type\":\"WebPage\",\"@id\":\"https:\\\/\\\/fonolukk.eu\\\/et\\\/tooted\\\/vizit-sm101t-2\\\/\",\"url\":\"https:\\\/\\\/fonolukk.eu\\\/et\\\/tooted\\\/vizit-sm101t-2\\\/\",\"name\":\"Vizit SM101T - Fonolukk\",\"isPartOf\":{\"@id\":\"https:\\\/\\\/fonolukk.eu\\\/et\\\/#website\"},\"primaryImageOfPage\":{\"@id\":\"https:\\\/\\\/fonolukk.eu\\\/et\\\/tooted\\\/vizit-sm101t-2\\\/#primaryimage\"},\"image\":{\"@id\":\"https:\\\/\\\/fonolukk.eu\\\/et\\\/tooted\\\/vizit-sm101t-2\\\/#primaryimage\"},\"thumbnailUrl\":\"https:\\\/\\\/fonolukk.eu\\\/wp-content\\\/uploads\\\/2020\\\/08\\\/2414b233a861e332ebcb3836641ce56c-1.jpg\",\"datePublished\":\"2020-08-24T18:58:27+00:00\",\"dateModified\":\"2020-11-30T15:03:43+00:00\",\"description\":\"Vizit SM101T - Fonolukk\",\"breadcrumb\":{\"@id\":\"https:\\\/\\\/fonolukk.eu\\\/et\\\/tooted\\\/vizit-sm101t-2\\\/#breadcrumb\"},\"inLanguage\":\"et\",\"potentialAction\":[{\"@type\":\"ReadAction\",\"target\":[\"https:\\\/\\\/fonolukk.eu\\\/et\\\/tooted\\\/vizit-sm101t-2\\\/\"]}]},{\"@type\":\"ImageObject\",\"inLanguage\":\"et\",\"@id\":\"https:\\\/\\\/fonolukk.eu\\\/et\\\/tooted\\\/vizit-sm101t-2\\\/#primaryimage\",\"url\":\"https:\\\/\\\/fonolukk.eu\\\/wp-content\\\/uploads\\\/2020\\\/08\\\/2414b233a861e332ebcb3836641ce56c-1.jpg\",\"contentUrl\":\"https:\\\/\\\/fonolukk.eu\\\/wp-content\\\/uploads\\\/2020\\\/08\\\/2414b233a861e332ebcb3836641ce56c-1.jpg\",\"width\":1020,\"height\":750},{\"@type\":\"BreadcrumbList\",\"@id\":\"https:\\\/\\\/fonolukk.eu\\\/et\\\/tooted\\\/vizit-sm101t-2\\\/#breadcrumb\",\"itemListElement\":[{\"@type\":\"ListItem\",\"position\":1,\"name\":\"Esileht\",\"item\":\"https:\\\/\\\/fonolukk.eu\\\/et\\\/koduleht\\\/\"},{\"@type\":\"ListItem\",\"position\":2,\"name\":\"Tooted\",\"item\":\"https:\\\/\\\/fonolukk.eu\\\/et\\\/shop-2\\\/\"},{\"@type\":\"ListItem\",\"position\":3,\"name\":\"Fonolukud\",\"item\":\"https:\\\/\\\/fonolukk.eu\\\/et\\\/product-category\\\/fonolukud\\\/\"},{\"@type\":\"ListItem\",\"position\":4,\"name\":\"Vizit\",\"item\":\"https:\\\/\\\/fonolukk.eu\\\/et\\\/product-category\\\/fonolukud\\\/vizit-et-2\\\/\"},{\"@type\":\"ListItem\",\"position\":5,\"name\":\"Fonoluku paneel\",\"item\":\"https:\\\/\\\/fonolukk.eu\\\/et\\\/product-category\\\/fonolukud\\\/vizit-et-2\\\/valispaneel-et-3\\\/\"},{\"@type\":\"ListItem\",\"position\":6,\"name\":\"Vizit SM101T\"}]},{\"@type\":\"WebSite\",\"@id\":\"https:\\\/\\\/fonolukk.eu\\\/et\\\/#website\",\"url\":\"https:\\\/\\\/fonolukk.eu\\\/et\\\/\",\"name\":\"Fonolukk eu\",\"description\":\"Smart Security Systems\",\"publisher\":{\"@id\":\"https:\\\/\\\/fonolukk.eu\\\/et\\\/#organization\"},\"potentialAction\":[{\"@type\":\"SearchAction\",\"target\":{\"@type\":\"EntryPoint\",\"urlTemplate\":\"https:\\\/\\\/fonolukk.eu\\\/et\\\/?s={search_term_string}\"},\"query-input\":{\"@type\":\"PropertyValueSpecification\",\"valueRequired\":true,\"valueName\":\"search_term_string\"}}],\"inLanguage\":\"et\"},{\"@type\":\"Organization\",\"@id\":\"https:\\\/\\\/fonolukk.eu\\\/et\\\/#organization\",\"name\":\"Smart Security OU\",\"url\":\"https:\\\/\\\/fonolukk.eu\\\/et\\\/\",\"logo\":{\"@type\":\"ImageObject\",\"inLanguage\":\"et\",\"@id\":\"https:\\\/\\\/fonolukk.eu\\\/et\\\/#\\\/schema\\\/logo\\\/image\\\/\",\"url\":\"https:\\\/\\\/fonolukk.eu\\\/wp-content\\\/uploads\\\/2023\\\/09\\\/fonolukk.png\",\"contentUrl\":\"https:\\\/\\\/fonolukk.eu\\\/wp-content\\\/uploads\\\/2023\\\/09\\\/fonolukk.png\",\"width\":277,\"height\":274,\"caption\":\"Smart Security OU\"},\"image\":{\"@id\":\"https:\\\/\\\/fonolukk.eu\\\/et\\\/#\\\/schema\\\/logo\\\/image\\\/\"},\"sameAs\":[\"https:\\\/\\\/www.facebook.com\\\/fonolukk\",\"https:\\\/\\\/www.instagram.com\\\/fonolukk\\\/?hl=ru\"],\"publishingPrinciples\":\"https:\\\/\\\/fonolukk.eu\\\/terms-and-conditions\\\/\",\"ownershipFundingInfo\":\"https:\\\/\\\/fonolukk.eu\\\/about-us\\\/\"}]}<\/script>\n<meta property=\"product:brand\" content=\"Vizit\" \/>\n<meta property=\"product:price:amount\" content=\"0.00\" \/>\n<meta property=\"product:price:currency\" content=\"EUR\" \/>\n<meta property=\"og:availability\" content=\"instock\" \/>\n<meta property=\"product:availability\" content=\"instock\" \/>\n<meta property=\"product:retailer_item_id\" content=\"SM101T\" \/>\n<meta property=\"product:condition\" content=\"new\" \/>\n<!-- \/ Yoast SEO Premium plugin. -->","yoast_head_json":{"title":"Vizit SM101T - Fonolukk","description":"Vizit SM101T - Fonolukk","robots":{"index":"index","follow":"follow","max-snippet":"max-snippet:-1","max-image-preview":"max-image-preview:large","max-video-preview":"max-video-preview:-1"},"canonical":"https:\/\/fonolukk.eu\/et\/tooted\/vizit-sm101t-2\/","og_locale":"et_EE","og_type":"article","og_title":"Vizit SM101T","og_description":"Kirjeldus: Uksetelefoni v\u00e4lispaneel BVD-SM101T v\u00e4lipaneeli BVD-SM101T kasutatakse koos toiteallikaga BPD18 \/ 12-1-1 mitme korteriga sisetehase VIZIT","og_url":"https:\/\/fonolukk.eu\/et\/tooted\/vizit-sm101t-2\/","og_site_name":"Fonolukk","article_publisher":"https:\/\/www.facebook.com\/fonolukk","article_modified_time":"2020-11-30T15:03:43+00:00","og_image":[{"width":1020,"height":750,"url":"https:\/\/fonolukk.eu\/wp-content\/uploads\/2020\/08\/2414b233a861e332ebcb3836641ce56c-1.jpg","type":"image\/jpeg"}],"twitter_card":"summary_large_image","twitter_misc":{"Hind":"","Availability":"Laos"},"schema":{"@context":"https:\/\/schema.org","@graph":[{"@type":"WebPage","@id":"https:\/\/fonolukk.eu\/et\/tooted\/vizit-sm101t-2\/","url":"https:\/\/fonolukk.eu\/et\/tooted\/vizit-sm101t-2\/","name":"Vizit SM101T - Fonolukk","isPartOf":{"@id":"https:\/\/fonolukk.eu\/et\/#website"},"primaryImageOfPage":{"@id":"https:\/\/fonolukk.eu\/et\/tooted\/vizit-sm101t-2\/#primaryimage"},"image":{"@id":"https:\/\/fonolukk.eu\/et\/tooted\/vizit-sm101t-2\/#primaryimage"},"thumbnailUrl":"https:\/\/fonolukk.eu\/wp-content\/uploads\/2020\/08\/2414b233a861e332ebcb3836641ce56c-1.jpg","datePublished":"2020-08-24T18:58:27+00:00","dateModified":"2020-11-30T15:03:43+00:00","description":"Vizit SM101T - Fonolukk","breadcrumb":{"@id":"https:\/\/fonolukk.eu\/et\/tooted\/vizit-sm101t-2\/#breadcrumb"},"inLanguage":"et","potentialAction":[{"@type":"ReadAction","target":["https:\/\/fonolukk.eu\/et\/tooted\/vizit-sm101t-2\/"]}]},{"@type":"ImageObject","inLanguage":"et","@id":"https:\/\/fonolukk.eu\/et\/tooted\/vizit-sm101t-2\/#primaryimage","url":"https:\/\/fonolukk.eu\/wp-content\/uploads\/2020\/08\/2414b233a861e332ebcb3836641ce56c-1.jpg","contentUrl":"https:\/\/fonolukk.eu\/wp-content\/uploads\/2020\/08\/2414b233a861e332ebcb3836641ce56c-1.jpg","width":1020,"height":750},{"@type":"BreadcrumbList","@id":"https:\/\/fonolukk.eu\/et\/tooted\/vizit-sm101t-2\/#breadcrumb","itemListElement":[{"@type":"ListItem","position":1,"name":"Esileht","item":"https:\/\/fonolukk.eu\/et\/koduleht\/"},{"@type":"ListItem","position":2,"name":"Tooted","item":"https:\/\/fonolukk.eu\/et\/shop-2\/"},{"@type":"ListItem","position":3,"name":"Fonolukud","item":"https:\/\/fonolukk.eu\/et\/product-category\/fonolukud\/"},{"@type":"ListItem","position":4,"name":"Vizit","item":"https:\/\/fonolukk.eu\/et\/product-category\/fonolukud\/vizit-et-2\/"},{"@type":"ListItem","position":5,"name":"Fonoluku paneel","item":"https:\/\/fonolukk.eu\/et\/product-category\/fonolukud\/vizit-et-2\/valispaneel-et-3\/"},{"@type":"ListItem","position":6,"name":"Vizit SM101T"}]},{"@type":"WebSite","@id":"https:\/\/fonolukk.eu\/et\/#website","url":"https:\/\/fonolukk.eu\/et\/","name":"Fonolukk eu","description":"Smart Security Systems","publisher":{"@id":"https:\/\/fonolukk.eu\/et\/#organization"},"potentialAction":[{"@type":"SearchAction","target":{"@type":"EntryPoint","urlTemplate":"https:\/\/fonolukk.eu\/et\/?s={search_term_string}"},"query-input":{"@type":"PropertyValueSpecification","valueRequired":true,"valueName":"search_term_string"}}],"inLanguage":"et"},{"@type":"Organization","@id":"https:\/\/fonolukk.eu\/et\/#organization","name":"Smart Security OU","url":"https:\/\/fonolukk.eu\/et\/","logo":{"@type":"ImageObject","inLanguage":"et","@id":"https:\/\/fonolukk.eu\/et\/#\/schema\/logo\/image\/","url":"https:\/\/fonolukk.eu\/wp-content\/uploads\/2023\/09\/fonolukk.png","contentUrl":"https:\/\/fonolukk.eu\/wp-content\/uploads\/2023\/09\/fonolukk.png","width":277,"height":274,"caption":"Smart Security OU"},"image":{"@id":"https:\/\/fonolukk.eu\/et\/#\/schema\/logo\/image\/"},"sameAs":["https:\/\/www.facebook.com\/fonolukk","https:\/\/www.instagram.com\/fonolukk\/?hl=ru"],"publishingPrinciples":"https:\/\/fonolukk.eu\/terms-and-conditions\/","ownershipFundingInfo":"https:\/\/fonolukk.eu\/about-us\/"}]},"product_brand":"Vizit","product_price_amount":"0.00","product_price_currency":"EUR","og_availability":"instock","product_availability":"instock","product_retailer_item_id":"SM101T","product_condition":"new"},"_links":{"self":[{"href":"https:\/\/fonolukk.eu\/et\/wp-json\/wp\/v2\/product\/8120","targetHints":{"allow":["GET"]}}],"collection":[{"href":"https:\/\/fonolukk.eu\/et\/wp-json\/wp\/v2\/product"}],"about":[{"href":"https:\/\/fonolukk.eu\/et\/wp-json\/wp\/v2\/types\/product"}],"version-history":[{"count":0,"href":"https:\/\/fonolukk.eu\/et\/wp-json\/wp\/v2\/product\/8120\/revisions"}],"wp:featuredmedia":[{"embeddable":true,"href":"https:\/\/fonolukk.eu\/et\/wp-json\/wp\/v2\/media\/8128"}],"wp:attachment":[{"href":"https:\/\/fonolukk.eu\/et\/wp-json\/wp\/v2\/media?parent=8120"}],"wp:term":[{"taxonomy":"product_brand","embeddable":true,"href":"https:\/\/fonolukk.eu\/et\/wp-json\/wp\/v2\/product_brand?post=8120"},{"taxonomy":"product_cat","embeddable":true,"href":"https:\/\/fonolukk.eu\/et\/wp-json\/wp\/v2\/product_cat?post=8120"},{"taxonomy":"product_tag","embeddable":true,"href":"https:\/\/fonolukk.eu\/et\/wp-json\/wp\/v2\/product_tag?post=8120"}],"curies":[{"name":"wp","href":"https:\/\/api.w.org\/{rel}","templated":true}]}}