{"id":8133,"date":"2020-08-24T22:28:32","date_gmt":"2020-08-24T19:28:33","guid":{"rendered":"https:\/\/fonolukk.eu\/?post_type=product&#038;p=8133"},"modified":"2020-11-30T17:02:51","modified_gmt":"2020-11-30T15:02:51","slug":"vizit-bvd-312-r-3","status":"publish","type":"product","link":"https:\/\/fonolukk.eu\/et\/tooted\/vizit-bvd-312-r-3\/","title":{"rendered":"Vizit BVD 312 R"},"content":{"rendered":"<div id=\"descrip_ul\">\n<p><strong>Kirjeldus:<\/strong><\/p>\n<div id=\"descrip_ul\">\n<p><strong>Uksetelefoni v\u00e4lispaneel BVD-312R<\/strong><\/p>\n<ul>\n<li>k\u00f5neseadist BVD-312R kasutatakse koos juhtseadmega BUD-302M, BUD-302K-20, BUD-302K-80, BUD-430 (M, S) BUD-485 juhtseadmega\u00a0<big>VIZIT<\/big>\u00a0mitme korteriga sisetelefonide osana\u00a0\u00a0;<\/li>\n<\/ul>\n<ul>\n<li>luku avamise programmeeritav kestus &#8211; 1 kuni 20 sekundit;<\/li>\n<li>v\u00e4lisukse luku avamine:<\/li>\n<\/ul>\n<div>&#8211; kui vajutate nuppu, et avada side ajal korteri sisetelefoni UKP v\u00f5i monitori lukk;<br \/>\n&#8211; 4-kohalise \u00fchise koodi valimisel;<br \/>\n&#8211; 3-kohalise individuaalse koodi valimisel;<br \/>\n&#8211; kui vajutad nuppu v\u00e4ljumiseks;<br \/>\n&#8211; v\u00f5tmed VIZIT-RF2.x;<\/div>\n<div><\/div>\n<ul>\n<li>klaviatuuri taustvalgus;<\/li>\n<li>t\u00f6\u00f6re\u017eiimide heli n\u00e4it;<\/li>\n<li>v\u00f5imalus \u00fcksikute korterite k\u00f5ne v\u00e4lja l\u00fclitada;<\/li>\n<li>t\u00f6\u00f6tada VIZIT-i uksekonsooliga (kui juhtseadet kasutatakse ilma sisseehitatud abonendiseadmete l\u00fclitita);<\/li>\n<li>\u00fcldm\u00f5\u00f5tmed, mm, (WxHxD) &#8211; 92x182x22;<\/li>\n<li>paigaldusv\u00f5imalus &#8211; arve;<\/li>\n<li>t\u00f6\u00f6temperatuuri vahemik &#8211; miinus 40 \u00b0 C kuni pluss 45 \u00b0 C.<\/li>\n<\/ul>\n<p>K\u00f5ne\u00fcksuse ja luku toiteallikat pakub juhtimisseade\u00a0<big>.<\/big><\/p>\n<p><big>Juhtseade m\u00e4\u00e4rab uksetelefoni abonentide maksimaalse arvu ja see on:<\/big><\/p>\n<p><big>&#8211; BUD-302K-20 kasutamisel kuni 20 abonenti<\/big>\u00a0;<\/p>\n<p><big>&#8211; BUD-302K-80 kasutamisel kuni 80 abonenti<\/big>\u00a0;<\/p>\n<p><big>&#8211; BUD-302M kasutamisel kuni 200 abonenti<\/big>\u00a0;<\/p>\n<p><big>&#8211; BUD-430 (M, S) ja BUD-485 kasutamisel kuni 400 abonenti;<\/big><big><br \/>\n<\/big><\/p>\n<p>Soovitatav on kasutada VIZIT elektromagnetilisi lukke v\u00f5i elektromehaanilisi lukke, mille m\u00e4histakistus\u00a0\u00a0<strong>on v\u00e4hemalt 10 oomi<\/strong>\u00a0.<\/p>\n<p>Keelatud on kasutada elektromagnetilisi lukke, mille m\u00e4hise takistus on alla 20 oomi, samuti ilma demagnetiseerivate vooluahelateta.<\/p>\n<p>Ruumist lahkumiseks (kui kasutate elektromagnetilist lukku) on soovitatav kasutada nuppu EXIT, millel on elektromagnetilise luku jaoks h\u00e4daolukorra juhtimisahelad.<\/p>\n<p>Juhtseadme\u00a0\u00a0<big>BUD-302M,\u00a0<\/big><big>BUD-430 (M, S) BUD-485<\/big>\u00a0kasutamisel kasutatakse kommutaatoreid VIZIT-i abonendiseadmete (UKP) \u00fchendamiseks intercomi sisendjoonega.\u00a0V\u00f5imalik on kasutada l\u00fclitusseadmeid BK-4 (M), BK-10, BK-30 (M), BK-100\u00a0(M).\u00a0V\u00f5imalik on erinevat t\u00fc\u00fcpi l\u00fclitusseadmete kombineeritud kasutamine.\u00a0Juhtseadmete\u00a0<big>BUD-430 (M, S), BUD-485 kasutamisel ja abonentide arv on \u00fcle 200, on vaja lisaks paigaldada l\u00fclitusseade BK-400.<br \/>\n<\/big><\/p>\n<p>Juhtseadmetel\u00a0\u00a0<big>BUD-302K-20,\u00a0\u00a0<\/big><big>BUD-302K-80 on sisseehitatud l\u00fclitid vastavalt 20 ja 80 abonendile.\u00a0<\/big>VIZIT-i abonendiseadmed (UCP) on nende juhtseadmetega otse \u00fchendatud, kommutaatoreid ei kasutata.<\/p>\n<p>Seadme paigaldamiseks ja t\u00e4iendavaks kaitseks kliimam\u00f5jude eest on soovitatav kasutada kinnituskomplekti MK-311 (visiir).<\/p>\n<\/div>\n<div class='w3eden'><!-- WPDM Link Template: Default Template -->\n\n<div class=\"link-template-default card mb-2\">\n    <div class=\"card-body\">\n        <div class=\"media\">\n            <div class=\"mr-3 img-48\"><img decoding=\"async\" class=\"wpdm_icon\" alt=\"Icon\"   src=\"https:\/\/fonolukk.eu\/wp-content\/plugins\/download-manager\/assets\/file-type-icons\/pdf.svg\" \/><\/div>\n            <div class=\"media-body\">\n                <h3 class=\"package-title\"><a href='https:\/\/fonolukk.eu\/download\/vizit-sm101t\/'>Vizit SM101T<\/a><\/h3>\n                <div class=\"text-muted text-small\"><i class=\"fas fa-copy\"><\/i> 1 file(s) <i class=\"fas fa-hdd ml-3\"><\/i> 7.00 MB<\/div>\n            <\/div>\n            <div class=\"ml-3\">\n                <div class=\"w3eden\"><div class=\"panel panel-default card\"><div class=\"panel-body card-body\"><span class=\"text-danger\">Login is required to access this page<\/span><\/div><div class=\"panel-footer card-footer text-right\"><a href=\"https:\/\/fonolukk.eu\/wp-login.php?redirect_to=\/et\/wp-json\/wp\/v2\/product\/8133\" class=\"btn btn-danger wpdmloginmodal-trigger btn-sm\"><i class=\"fa fa-lock\"><\/i> Login<\/a><\/div><\/div><\/div>\n            <\/div>\n        <\/div>\n    <\/div>\n<\/div>\n\n<\/div>\n<\/div>\n","protected":false},"excerpt":{"rendered":"<p>Kirjeldus: Uksetelefoni v\u00e4lispaneel BVD-312R k\u00f5neseadist BVD-312R kasutatakse koos juhtseadmega BUD-302M, BUD-302K-20, BUD-302K-80, BUD-430 (M, S) BUD-485 juhtseadmega\u00a0VIZIT\u00a0mitme korteriga sisetelefonide osana\u00a0\u00a0;<\/p>\n","protected":false},"featured_media":8136,"template":"","meta":[],"product_brand":[],"product_cat":[959,606,910],"product_tag":[],"class_list":{"0":"post-8133","1":"product","2":"type-product","3":"status-publish","4":"has-post-thumbnail","6":"product_cat-valispaneel-et-3","7":"product_cat-fonolukud","8":"product_cat-vizit-et-2","9":"pa_brand-vizit","11":"first","12":"instock","13":"taxable","14":"shipping-taxable","15":"product-type-simple"},"yoast_head":"<!-- This site is optimized with the Yoast SEO Premium plugin v27.3 (Yoast SEO v27.3) - https:\/\/yoast.com\/product\/yoast-seo-premium-wordpress\/ -->\n<title>Vizit BVD 312 R - Fonolukk<\/title>\n<meta name=\"description\" content=\"Vizit BVD 312 R - Fonolukk\" \/>\n<meta name=\"robots\" content=\"index, follow, max-snippet:-1, max-image-preview:large, max-video-preview:-1\" \/>\n<link rel=\"canonical\" href=\"https:\/\/fonolukk.eu\/et\/tooted\/vizit-bvd-312-r-3\/\" \/>\n<meta property=\"og:locale\" content=\"et_EE\" \/>\n<meta property=\"og:type\" content=\"article\" \/>\n<meta property=\"og:title\" content=\"Vizit BVD 312 R\" \/>\n<meta property=\"og:description\" content=\"Kirjeldus: Uksetelefoni v\u00e4lispaneel BVD-312R k\u00f5neseadist BVD-312R kasutatakse koos juhtseadmega BUD-302M, BUD-302K-20, BUD-302K-80, BUD-430 (M, S) BUD-485\" \/>\n<meta property=\"og:url\" content=\"https:\/\/fonolukk.eu\/et\/tooted\/vizit-bvd-312-r-3\/\" \/>\n<meta property=\"og:site_name\" content=\"Fonolukk\" \/>\n<meta property=\"article:publisher\" content=\"https:\/\/www.facebook.com\/fonolukk\" \/>\n<meta property=\"article:modified_time\" content=\"2020-11-30T15:02:51+00:00\" \/>\n<meta property=\"og:image\" content=\"https:\/\/fonolukk.eu\/wp-content\/uploads\/2020\/08\/667dc36f9239c2478b28fedce3f68495.jpg\" \/>\n\t<meta property=\"og:image:width\" content=\"905\" \/>\n\t<meta property=\"og:image:height\" content=\"750\" \/>\n\t<meta property=\"og:image:type\" content=\"image\/jpeg\" \/>\n<meta name=\"twitter:card\" content=\"summary_large_image\" \/>\n<meta name=\"twitter:label1\" content=\"Hind\" \/>\n\t<meta name=\"twitter:data1\" content=\"\" \/>\n\t<meta name=\"twitter:label2\" content=\"Availability\" \/>\n\t<meta name=\"twitter:data2\" content=\"Laos\" \/>\n<script type=\"application\/ld+json\" class=\"yoast-schema-graph\">{\"@context\":\"https:\\\/\\\/schema.org\",\"@graph\":[{\"@type\":\"WebPage\",\"@id\":\"https:\\\/\\\/fonolukk.eu\\\/et\\\/tooted\\\/vizit-bvd-312-r-3\\\/\",\"url\":\"https:\\\/\\\/fonolukk.eu\\\/et\\\/tooted\\\/vizit-bvd-312-r-3\\\/\",\"name\":\"Vizit BVD 312 R - Fonolukk\",\"isPartOf\":{\"@id\":\"https:\\\/\\\/fonolukk.eu\\\/et\\\/#website\"},\"primaryImageOfPage\":{\"@id\":\"https:\\\/\\\/fonolukk.eu\\\/et\\\/tooted\\\/vizit-bvd-312-r-3\\\/#primaryimage\"},\"image\":{\"@id\":\"https:\\\/\\\/fonolukk.eu\\\/et\\\/tooted\\\/vizit-bvd-312-r-3\\\/#primaryimage\"},\"thumbnailUrl\":\"https:\\\/\\\/fonolukk.eu\\\/wp-content\\\/uploads\\\/2020\\\/08\\\/667dc36f9239c2478b28fedce3f68495.jpg\",\"datePublished\":\"2020-08-24T19:28:33+00:00\",\"dateModified\":\"2020-11-30T15:02:51+00:00\",\"description\":\"Vizit BVD 312 R - Fonolukk\",\"breadcrumb\":{\"@id\":\"https:\\\/\\\/fonolukk.eu\\\/et\\\/tooted\\\/vizit-bvd-312-r-3\\\/#breadcrumb\"},\"inLanguage\":\"et\",\"potentialAction\":[{\"@type\":\"ReadAction\",\"target\":[\"https:\\\/\\\/fonolukk.eu\\\/et\\\/tooted\\\/vizit-bvd-312-r-3\\\/\"]}]},{\"@type\":\"ImageObject\",\"inLanguage\":\"et\",\"@id\":\"https:\\\/\\\/fonolukk.eu\\\/et\\\/tooted\\\/vizit-bvd-312-r-3\\\/#primaryimage\",\"url\":\"https:\\\/\\\/fonolukk.eu\\\/wp-content\\\/uploads\\\/2020\\\/08\\\/667dc36f9239c2478b28fedce3f68495.jpg\",\"contentUrl\":\"https:\\\/\\\/fonolukk.eu\\\/wp-content\\\/uploads\\\/2020\\\/08\\\/667dc36f9239c2478b28fedce3f68495.jpg\",\"width\":905,\"height\":750},{\"@type\":\"BreadcrumbList\",\"@id\":\"https:\\\/\\\/fonolukk.eu\\\/et\\\/tooted\\\/vizit-bvd-312-r-3\\\/#breadcrumb\",\"itemListElement\":[{\"@type\":\"ListItem\",\"position\":1,\"name\":\"Esileht\",\"item\":\"https:\\\/\\\/fonolukk.eu\\\/et\\\/koduleht\\\/\"},{\"@type\":\"ListItem\",\"position\":2,\"name\":\"Tooted\",\"item\":\"https:\\\/\\\/fonolukk.eu\\\/et\\\/shop-2\\\/\"},{\"@type\":\"ListItem\",\"position\":3,\"name\":\"Fonolukud\",\"item\":\"https:\\\/\\\/fonolukk.eu\\\/et\\\/product-category\\\/fonolukud\\\/\"},{\"@type\":\"ListItem\",\"position\":4,\"name\":\"Vizit\",\"item\":\"https:\\\/\\\/fonolukk.eu\\\/et\\\/product-category\\\/fonolukud\\\/vizit-et-2\\\/\"},{\"@type\":\"ListItem\",\"position\":5,\"name\":\"Fonoluku paneel\",\"item\":\"https:\\\/\\\/fonolukk.eu\\\/et\\\/product-category\\\/fonolukud\\\/vizit-et-2\\\/valispaneel-et-3\\\/\"},{\"@type\":\"ListItem\",\"position\":6,\"name\":\"Vizit BVD 312 R\"}]},{\"@type\":\"WebSite\",\"@id\":\"https:\\\/\\\/fonolukk.eu\\\/et\\\/#website\",\"url\":\"https:\\\/\\\/fonolukk.eu\\\/et\\\/\",\"name\":\"Fonolukk eu\",\"description\":\"Smart Security Systems\",\"publisher\":{\"@id\":\"https:\\\/\\\/fonolukk.eu\\\/et\\\/#organization\"},\"potentialAction\":[{\"@type\":\"SearchAction\",\"target\":{\"@type\":\"EntryPoint\",\"urlTemplate\":\"https:\\\/\\\/fonolukk.eu\\\/et\\\/?s={search_term_string}\"},\"query-input\":{\"@type\":\"PropertyValueSpecification\",\"valueRequired\":true,\"valueName\":\"search_term_string\"}}],\"inLanguage\":\"et\"},{\"@type\":\"Organization\",\"@id\":\"https:\\\/\\\/fonolukk.eu\\\/et\\\/#organization\",\"name\":\"Smart Security OU\",\"url\":\"https:\\\/\\\/fonolukk.eu\\\/et\\\/\",\"logo\":{\"@type\":\"ImageObject\",\"inLanguage\":\"et\",\"@id\":\"https:\\\/\\\/fonolukk.eu\\\/et\\\/#\\\/schema\\\/logo\\\/image\\\/\",\"url\":\"https:\\\/\\\/fonolukk.eu\\\/wp-content\\\/uploads\\\/2023\\\/09\\\/fonolukk.png\",\"contentUrl\":\"https:\\\/\\\/fonolukk.eu\\\/wp-content\\\/uploads\\\/2023\\\/09\\\/fonolukk.png\",\"width\":277,\"height\":274,\"caption\":\"Smart Security OU\"},\"image\":{\"@id\":\"https:\\\/\\\/fonolukk.eu\\\/et\\\/#\\\/schema\\\/logo\\\/image\\\/\"},\"sameAs\":[\"https:\\\/\\\/www.facebook.com\\\/fonolukk\",\"https:\\\/\\\/www.instagram.com\\\/fonolukk\\\/?hl=ru\"],\"publishingPrinciples\":\"https:\\\/\\\/fonolukk.eu\\\/terms-and-conditions\\\/\",\"ownershipFundingInfo\":\"https:\\\/\\\/fonolukk.eu\\\/about-us\\\/\"}]}<\/script>\n<meta property=\"product:brand\" content=\"Vizit\" \/>\n<meta property=\"product:price:amount\" content=\"0.00\" \/>\n<meta property=\"product:price:currency\" content=\"EUR\" \/>\n<meta property=\"og:availability\" content=\"instock\" \/>\n<meta property=\"product:availability\" content=\"instock\" \/>\n<meta property=\"product:retailer_item_id\" content=\"312R\" \/>\n<meta property=\"product:condition\" content=\"new\" \/>\n<!-- \/ Yoast SEO Premium plugin. -->","yoast_head_json":{"title":"Vizit BVD 312 R - Fonolukk","description":"Vizit BVD 312 R - Fonolukk","robots":{"index":"index","follow":"follow","max-snippet":"max-snippet:-1","max-image-preview":"max-image-preview:large","max-video-preview":"max-video-preview:-1"},"canonical":"https:\/\/fonolukk.eu\/et\/tooted\/vizit-bvd-312-r-3\/","og_locale":"et_EE","og_type":"article","og_title":"Vizit BVD 312 R","og_description":"Kirjeldus: Uksetelefoni v\u00e4lispaneel BVD-312R k\u00f5neseadist BVD-312R kasutatakse koos juhtseadmega BUD-302M, BUD-302K-20, BUD-302K-80, BUD-430 (M, S) BUD-485","og_url":"https:\/\/fonolukk.eu\/et\/tooted\/vizit-bvd-312-r-3\/","og_site_name":"Fonolukk","article_publisher":"https:\/\/www.facebook.com\/fonolukk","article_modified_time":"2020-11-30T15:02:51+00:00","og_image":[{"width":905,"height":750,"url":"https:\/\/fonolukk.eu\/wp-content\/uploads\/2020\/08\/667dc36f9239c2478b28fedce3f68495.jpg","type":"image\/jpeg"}],"twitter_card":"summary_large_image","twitter_misc":{"Hind":"","Availability":"Laos"},"schema":{"@context":"https:\/\/schema.org","@graph":[{"@type":"WebPage","@id":"https:\/\/fonolukk.eu\/et\/tooted\/vizit-bvd-312-r-3\/","url":"https:\/\/fonolukk.eu\/et\/tooted\/vizit-bvd-312-r-3\/","name":"Vizit BVD 312 R - Fonolukk","isPartOf":{"@id":"https:\/\/fonolukk.eu\/et\/#website"},"primaryImageOfPage":{"@id":"https:\/\/fonolukk.eu\/et\/tooted\/vizit-bvd-312-r-3\/#primaryimage"},"image":{"@id":"https:\/\/fonolukk.eu\/et\/tooted\/vizit-bvd-312-r-3\/#primaryimage"},"thumbnailUrl":"https:\/\/fonolukk.eu\/wp-content\/uploads\/2020\/08\/667dc36f9239c2478b28fedce3f68495.jpg","datePublished":"2020-08-24T19:28:33+00:00","dateModified":"2020-11-30T15:02:51+00:00","description":"Vizit BVD 312 R - Fonolukk","breadcrumb":{"@id":"https:\/\/fonolukk.eu\/et\/tooted\/vizit-bvd-312-r-3\/#breadcrumb"},"inLanguage":"et","potentialAction":[{"@type":"ReadAction","target":["https:\/\/fonolukk.eu\/et\/tooted\/vizit-bvd-312-r-3\/"]}]},{"@type":"ImageObject","inLanguage":"et","@id":"https:\/\/fonolukk.eu\/et\/tooted\/vizit-bvd-312-r-3\/#primaryimage","url":"https:\/\/fonolukk.eu\/wp-content\/uploads\/2020\/08\/667dc36f9239c2478b28fedce3f68495.jpg","contentUrl":"https:\/\/fonolukk.eu\/wp-content\/uploads\/2020\/08\/667dc36f9239c2478b28fedce3f68495.jpg","width":905,"height":750},{"@type":"BreadcrumbList","@id":"https:\/\/fonolukk.eu\/et\/tooted\/vizit-bvd-312-r-3\/#breadcrumb","itemListElement":[{"@type":"ListItem","position":1,"name":"Esileht","item":"https:\/\/fonolukk.eu\/et\/koduleht\/"},{"@type":"ListItem","position":2,"name":"Tooted","item":"https:\/\/fonolukk.eu\/et\/shop-2\/"},{"@type":"ListItem","position":3,"name":"Fonolukud","item":"https:\/\/fonolukk.eu\/et\/product-category\/fonolukud\/"},{"@type":"ListItem","position":4,"name":"Vizit","item":"https:\/\/fonolukk.eu\/et\/product-category\/fonolukud\/vizit-et-2\/"},{"@type":"ListItem","position":5,"name":"Fonoluku paneel","item":"https:\/\/fonolukk.eu\/et\/product-category\/fonolukud\/vizit-et-2\/valispaneel-et-3\/"},{"@type":"ListItem","position":6,"name":"Vizit BVD 312 R"}]},{"@type":"WebSite","@id":"https:\/\/fonolukk.eu\/et\/#website","url":"https:\/\/fonolukk.eu\/et\/","name":"Fonolukk eu","description":"Smart Security Systems","publisher":{"@id":"https:\/\/fonolukk.eu\/et\/#organization"},"potentialAction":[{"@type":"SearchAction","target":{"@type":"EntryPoint","urlTemplate":"https:\/\/fonolukk.eu\/et\/?s={search_term_string}"},"query-input":{"@type":"PropertyValueSpecification","valueRequired":true,"valueName":"search_term_string"}}],"inLanguage":"et"},{"@type":"Organization","@id":"https:\/\/fonolukk.eu\/et\/#organization","name":"Smart Security OU","url":"https:\/\/fonolukk.eu\/et\/","logo":{"@type":"ImageObject","inLanguage":"et","@id":"https:\/\/fonolukk.eu\/et\/#\/schema\/logo\/image\/","url":"https:\/\/fonolukk.eu\/wp-content\/uploads\/2023\/09\/fonolukk.png","contentUrl":"https:\/\/fonolukk.eu\/wp-content\/uploads\/2023\/09\/fonolukk.png","width":277,"height":274,"caption":"Smart Security OU"},"image":{"@id":"https:\/\/fonolukk.eu\/et\/#\/schema\/logo\/image\/"},"sameAs":["https:\/\/www.facebook.com\/fonolukk","https:\/\/www.instagram.com\/fonolukk\/?hl=ru"],"publishingPrinciples":"https:\/\/fonolukk.eu\/terms-and-conditions\/","ownershipFundingInfo":"https:\/\/fonolukk.eu\/about-us\/"}]},"product_brand":"Vizit","product_price_amount":"0.00","product_price_currency":"EUR","og_availability":"instock","product_availability":"instock","product_retailer_item_id":"312R","product_condition":"new"},"_links":{"self":[{"href":"https:\/\/fonolukk.eu\/et\/wp-json\/wp\/v2\/product\/8133","targetHints":{"allow":["GET"]}}],"collection":[{"href":"https:\/\/fonolukk.eu\/et\/wp-json\/wp\/v2\/product"}],"about":[{"href":"https:\/\/fonolukk.eu\/et\/wp-json\/wp\/v2\/types\/product"}],"version-history":[{"count":0,"href":"https:\/\/fonolukk.eu\/et\/wp-json\/wp\/v2\/product\/8133\/revisions"}],"wp:featuredmedia":[{"embeddable":true,"href":"https:\/\/fonolukk.eu\/et\/wp-json\/wp\/v2\/media\/8136"}],"wp:attachment":[{"href":"https:\/\/fonolukk.eu\/et\/wp-json\/wp\/v2\/media?parent=8133"}],"wp:term":[{"taxonomy":"product_brand","embeddable":true,"href":"https:\/\/fonolukk.eu\/et\/wp-json\/wp\/v2\/product_brand?post=8133"},{"taxonomy":"product_cat","embeddable":true,"href":"https:\/\/fonolukk.eu\/et\/wp-json\/wp\/v2\/product_cat?post=8133"},{"taxonomy":"product_tag","embeddable":true,"href":"https:\/\/fonolukk.eu\/et\/wp-json\/wp\/v2\/product_tag?post=8133"}],"curies":[{"name":"wp","href":"https:\/\/api.w.org\/{rel}","templated":true}]}}