{"id":8201,"date":"2020-08-29T13:11:32","date_gmt":"2020-08-29T10:11:32","guid":{"rendered":"https:\/\/fonolukk.eu\/?post_type=product&#038;p=8201"},"modified":"2020-11-30T17:02:50","modified_gmt":"2020-11-30T15:02:50","slug":"bvd-sm110rcp-3","status":"publish","type":"product","link":"https:\/\/fonolukk.eu\/et\/tooted\/bvd-sm110rcp-3\/","title":{"rendered":"BVD-SM110RCP"},"content":{"rendered":"<h4>Kirjeldus:<br \/>\nUksetelefoni v\u00e4lipaneel BVD-SM110RCP<\/h4>\n<p>V\u00e4lipaneeli BVD-SM110RCP kasutatakse koos toiteallikaga BPD18 \/ 12-1-1 mitme korteri video-ukse valjuh\u00e4\u00e4ldi lahutamatu osana.<\/p>\n<p>abonentide arv &#8211; kuni 100;<br \/>\ndupleksvaljuh\u00e4\u00e4ldi;<br \/>\nk\u00f5ne\u00fcksuse ees oleva olukorra visuaalne kontroll;<br \/>\nsisseehitatud &#8220;Day-Night&#8221; funktsiooniga telekaamera (PAL, 700 TVL, 0 Lux, PINHOLE 90 \u00b0 objektiiv);<br \/>\nIR-valgustus telekaamerale;<br \/>\n4-kohaline LED-ekraan;<br \/>\nklaviatuuri taustvalgus;<br \/>\nsisseehitatud v\u00f5tmelugeja VIZIT-RF2 (RFID-125 kHz EM-Marini v\u00f5tmehoidja);<br \/>\nm\u00e4lu 600 v\u00f5tmele VIZIT-RF2 (RFID-125 kHz);<br \/>\n\u00fche korteri numbri v\u00f5tmete arv &#8211; 6;<br \/>\nt\u00f6\u00f6tada concierge-konsooliga VIZIT;<br \/>\nkere on valmistatud l\u00f6\u00f6gikindlast plastikust &#8220;pol\u00fckarbonaadist&#8221;, vastupidav ilmastikule;<br \/>\n\u00fcldm\u00f5\u00f5tmed, mm, (LxKxS) &#8211; 77x179x36;<br \/>\npaigaldusv\u00f5imalus &#8211; arve;<br \/>\ntoitepinge, V: 22 \u00b1 4;<br \/>\nenergiatarve, W, mitte rohkem: 5;<br \/>\nt\u00f6\u00f6temperatuuri vahemik, \u00b0 \u0421 &#8211; miinus 30 kuni pluss 45.<\/p>\n<p>Toote kasutusjuhend (pass) on toodud t\u00e4iendava tehnilise teabe lehel:<\/p>\n<p>V\u00e4lipaneeli BVD-SM110RCP kasutatakse mitme korteriga videovaljuh\u00e4\u00e4ldite VIZIT osana ja see v\u00f5imaldab k\u00fclastaja ja abonendi vahel kahepoolset suhtlust, visuaalset olukorra j\u00e4lgimist k\u00f5ne\u00fcksuse ees, samuti sissep\u00e4\u00e4suukselukk &#8211; korterist vestlusre\u017eiimis, vajutades abonendiseadme nuppu, kasutades sissep\u00e4\u00e4su v\u00e4liseid klahve VIZIT-RF, vajutades sissep\u00e4\u00e4su seest nuppu EXIT. K\u00f5neseadme toiteks ja lukustamiseks on soovitatav kasutada toiteallikat BPD18 \/ 12-1-1.<\/p>\n<p>Soovitatav on kasutada elektromagnetilisi lukke VIZIT-ML240, VIZIT-ML300, VIZIT-ML400 v\u00f5i elektromehaanilisi lukke, mille m\u00e4histustakistus on v\u00e4hemalt 10 oomi.<\/p>\n<p>Keelatud on kasutada elektromagnetilisi lukke, mille m\u00e4histustakistus on v\u00e4iksem kui 20 Ohmi, samuti ilma demagnetiseerivate vooluringideta.<\/p>\n<p>Toast lahkumiseks (kui kasutatakse elektromagnetlukku) on elektromagnetilise luku jaoks soovitatav kasutada nuppe EXIT 300M, EXIT 500 koos avariijuhtimisahelatega.<\/p>\n<p>VIZIT-i abonendiseadmete \u00fchendamiseks intercomi sissep\u00e4\u00e4suliiniga kasutatakse l\u00fclitusseadmeid. UKP \u00fchendamiseks on v\u00f5imalik kasutada l\u00fclitusseadmeid BK-4 (M), BK-10, BK-30 (M), BK-100 (M). VIZIT-monitoride \u00fchendamiseks loetletud l\u00fclitusseadmetega v\u00f5ite kasutada RVS-4 videosignaali jaoturit v\u00f5i kasutada sisseehitatud BK-4MV videosignaali jaoturiga l\u00fclitusseadmeid. V\u00f5imalik on erinevat t\u00fc\u00fcpi l\u00fclitusseadmete kombineeritud kasutamine.<\/p>\n<div class='w3eden'><!-- WPDM Link Template: Default Template -->\n\n<div class=\"link-template-default card mb-2\">\n    <div class=\"card-body\">\n        <div class=\"media\">\n            <div class=\"mr-3 img-48\"><img decoding=\"async\" class=\"wpdm_icon\" alt=\"Icon\"   src=\"https:\/\/fonolukk.eu\/wp-content\/plugins\/download-manager\/assets\/file-type-icons\/pdf.svg\" \/><\/div>\n            <div class=\"media-body\">\n                <h3 class=\"package-title\"><a href='https:\/\/fonolukk.eu\/download\/bvd-sm110rcp\/'>BVD-SM110RCP<\/a><\/h3>\n                <div class=\"text-muted text-small\"><i class=\"fas fa-copy\"><\/i> 1 file(s) <i class=\"fas fa-hdd ml-3\"><\/i> 777.23 KB<\/div>\n            <\/div>\n            <div class=\"ml-3\">\n                <div class=\"w3eden\"><div class=\"panel panel-default card\"><div class=\"panel-body card-body\"><span class=\"text-danger\">Login is required to access this page<\/span><\/div><div class=\"panel-footer card-footer text-right\"><a href=\"https:\/\/fonolukk.eu\/wp-login.php?redirect_to=\/et\/wp-json\/wp\/v2\/product\/8201\" class=\"btn btn-danger wpdmloginmodal-trigger btn-sm\"><i class=\"fa fa-lock\"><\/i> Login<\/a><\/div><\/div><\/div>\n            <\/div>\n        <\/div>\n    <\/div>\n<\/div>\n\n<\/div>\n","protected":false},"excerpt":{"rendered":"<p>Kirjeldus: Uksetelefoni v\u00e4lipaneel BVD-SM110RCP V\u00e4lipaneeli BVD-SM110RCP kasutatakse koos toiteallikaga BPD18 \/ 12-1-1 mitme korteri video-ukse valjuh\u00e4\u00e4ldi lahutamatu osana. abonentide arv<\/p>\n","protected":false},"featured_media":8190,"template":"","meta":[],"product_brand":[],"product_cat":[959,606,910],"product_tag":[],"class_list":{"0":"post-8201","1":"product","2":"type-product","3":"status-publish","4":"has-post-thumbnail","6":"product_cat-valispaneel-et-3","7":"product_cat-fonolukud","8":"product_cat-vizit-et-2","9":"pa_brand-vizit","11":"first","12":"instock","13":"taxable","14":"shipping-taxable","15":"product-type-simple"},"yoast_head":"<!-- This site is optimized with the Yoast SEO Premium plugin v27.3 (Yoast SEO v27.3) - https:\/\/yoast.com\/product\/yoast-seo-premium-wordpress\/ -->\n<title>BVD-SM110RCP - Fonolukk<\/title>\n<meta name=\"description\" content=\"BVD-SM110RCP - Fonolukk\" \/>\n<meta name=\"robots\" content=\"index, follow, max-snippet:-1, max-image-preview:large, max-video-preview:-1\" \/>\n<link rel=\"canonical\" href=\"https:\/\/fonolukk.eu\/et\/tooted\/bvd-sm110rcp-3\/\" \/>\n<meta property=\"og:locale\" content=\"et_EE\" \/>\n<meta property=\"og:type\" content=\"article\" \/>\n<meta property=\"og:title\" content=\"BVD-SM110RCP\" \/>\n<meta property=\"og:description\" content=\"Kirjeldus: Uksetelefoni v\u00e4lipaneel BVD-SM110RCP V\u00e4lipaneeli BVD-SM110RCP kasutatakse koos toiteallikaga BPD18 \/ 12-1-1 mitme korteri video-ukse\" \/>\n<meta property=\"og:url\" content=\"https:\/\/fonolukk.eu\/et\/tooted\/bvd-sm110rcp-3\/\" \/>\n<meta property=\"og:site_name\" content=\"Fonolukk\" \/>\n<meta property=\"article:publisher\" content=\"https:\/\/www.facebook.com\/fonolukk\" \/>\n<meta property=\"article:modified_time\" content=\"2020-11-30T15:02:50+00:00\" \/>\n<meta property=\"og:image\" content=\"https:\/\/fonolukk.eu\/wp-content\/uploads\/2020\/08\/f7b58d277e36ac08b7c6dbb1b445a841.jpg\" \/>\n\t<meta property=\"og:image:width\" content=\"869\" \/>\n\t<meta property=\"og:image:height\" content=\"750\" \/>\n\t<meta property=\"og:image:type\" content=\"image\/jpeg\" \/>\n<meta name=\"twitter:card\" content=\"summary_large_image\" \/>\n<meta name=\"twitter:label1\" content=\"Hind\" \/>\n\t<meta name=\"twitter:data1\" content=\"\" \/>\n\t<meta name=\"twitter:label2\" content=\"Availability\" \/>\n\t<meta name=\"twitter:data2\" content=\"Laos\" \/>\n<script type=\"application\/ld+json\" class=\"yoast-schema-graph\">{\"@context\":\"https:\\\/\\\/schema.org\",\"@graph\":[{\"@type\":\"WebPage\",\"@id\":\"https:\\\/\\\/fonolukk.eu\\\/et\\\/tooted\\\/bvd-sm110rcp-3\\\/\",\"url\":\"https:\\\/\\\/fonolukk.eu\\\/et\\\/tooted\\\/bvd-sm110rcp-3\\\/\",\"name\":\"BVD-SM110RCP - Fonolukk\",\"isPartOf\":{\"@id\":\"https:\\\/\\\/fonolukk.eu\\\/et\\\/#website\"},\"primaryImageOfPage\":{\"@id\":\"https:\\\/\\\/fonolukk.eu\\\/et\\\/tooted\\\/bvd-sm110rcp-3\\\/#primaryimage\"},\"image\":{\"@id\":\"https:\\\/\\\/fonolukk.eu\\\/et\\\/tooted\\\/bvd-sm110rcp-3\\\/#primaryimage\"},\"thumbnailUrl\":\"https:\\\/\\\/fonolukk.eu\\\/wp-content\\\/uploads\\\/2020\\\/08\\\/f7b58d277e36ac08b7c6dbb1b445a841.jpg\",\"datePublished\":\"2020-08-29T10:11:32+00:00\",\"dateModified\":\"2020-11-30T15:02:50+00:00\",\"description\":\"BVD-SM110RCP - Fonolukk\",\"breadcrumb\":{\"@id\":\"https:\\\/\\\/fonolukk.eu\\\/et\\\/tooted\\\/bvd-sm110rcp-3\\\/#breadcrumb\"},\"inLanguage\":\"et\",\"potentialAction\":[{\"@type\":\"ReadAction\",\"target\":[\"https:\\\/\\\/fonolukk.eu\\\/et\\\/tooted\\\/bvd-sm110rcp-3\\\/\"]}]},{\"@type\":\"ImageObject\",\"inLanguage\":\"et\",\"@id\":\"https:\\\/\\\/fonolukk.eu\\\/et\\\/tooted\\\/bvd-sm110rcp-3\\\/#primaryimage\",\"url\":\"https:\\\/\\\/fonolukk.eu\\\/wp-content\\\/uploads\\\/2020\\\/08\\\/f7b58d277e36ac08b7c6dbb1b445a841.jpg\",\"contentUrl\":\"https:\\\/\\\/fonolukk.eu\\\/wp-content\\\/uploads\\\/2020\\\/08\\\/f7b58d277e36ac08b7c6dbb1b445a841.jpg\",\"width\":869,\"height\":750},{\"@type\":\"BreadcrumbList\",\"@id\":\"https:\\\/\\\/fonolukk.eu\\\/et\\\/tooted\\\/bvd-sm110rcp-3\\\/#breadcrumb\",\"itemListElement\":[{\"@type\":\"ListItem\",\"position\":1,\"name\":\"Esileht\",\"item\":\"https:\\\/\\\/fonolukk.eu\\\/et\\\/koduleht\\\/\"},{\"@type\":\"ListItem\",\"position\":2,\"name\":\"Tooted\",\"item\":\"https:\\\/\\\/fonolukk.eu\\\/et\\\/shop-2\\\/\"},{\"@type\":\"ListItem\",\"position\":3,\"name\":\"Fonolukud\",\"item\":\"https:\\\/\\\/fonolukk.eu\\\/et\\\/product-category\\\/fonolukud\\\/\"},{\"@type\":\"ListItem\",\"position\":4,\"name\":\"Vizit\",\"item\":\"https:\\\/\\\/fonolukk.eu\\\/et\\\/product-category\\\/fonolukud\\\/vizit-et-2\\\/\"},{\"@type\":\"ListItem\",\"position\":5,\"name\":\"Fonoluku paneel\",\"item\":\"https:\\\/\\\/fonolukk.eu\\\/et\\\/product-category\\\/fonolukud\\\/vizit-et-2\\\/valispaneel-et-3\\\/\"},{\"@type\":\"ListItem\",\"position\":6,\"name\":\"BVD-SM110RCP\"}]},{\"@type\":\"WebSite\",\"@id\":\"https:\\\/\\\/fonolukk.eu\\\/et\\\/#website\",\"url\":\"https:\\\/\\\/fonolukk.eu\\\/et\\\/\",\"name\":\"Fonolukk eu\",\"description\":\"Smart Security Systems\",\"publisher\":{\"@id\":\"https:\\\/\\\/fonolukk.eu\\\/et\\\/#organization\"},\"potentialAction\":[{\"@type\":\"SearchAction\",\"target\":{\"@type\":\"EntryPoint\",\"urlTemplate\":\"https:\\\/\\\/fonolukk.eu\\\/et\\\/?s={search_term_string}\"},\"query-input\":{\"@type\":\"PropertyValueSpecification\",\"valueRequired\":true,\"valueName\":\"search_term_string\"}}],\"inLanguage\":\"et\"},{\"@type\":\"Organization\",\"@id\":\"https:\\\/\\\/fonolukk.eu\\\/et\\\/#organization\",\"name\":\"Smart Security OU\",\"url\":\"https:\\\/\\\/fonolukk.eu\\\/et\\\/\",\"logo\":{\"@type\":\"ImageObject\",\"inLanguage\":\"et\",\"@id\":\"https:\\\/\\\/fonolukk.eu\\\/et\\\/#\\\/schema\\\/logo\\\/image\\\/\",\"url\":\"https:\\\/\\\/fonolukk.eu\\\/wp-content\\\/uploads\\\/2023\\\/09\\\/fonolukk.png\",\"contentUrl\":\"https:\\\/\\\/fonolukk.eu\\\/wp-content\\\/uploads\\\/2023\\\/09\\\/fonolukk.png\",\"width\":277,\"height\":274,\"caption\":\"Smart Security OU\"},\"image\":{\"@id\":\"https:\\\/\\\/fonolukk.eu\\\/et\\\/#\\\/schema\\\/logo\\\/image\\\/\"},\"sameAs\":[\"https:\\\/\\\/www.facebook.com\\\/fonolukk\",\"https:\\\/\\\/www.instagram.com\\\/fonolukk\\\/?hl=ru\"],\"publishingPrinciples\":\"https:\\\/\\\/fonolukk.eu\\\/terms-and-conditions\\\/\",\"ownershipFundingInfo\":\"https:\\\/\\\/fonolukk.eu\\\/about-us\\\/\"}]}<\/script>\n<meta property=\"product:brand\" content=\"Vizit\" \/>\n<meta property=\"product:price:amount\" content=\"0.00\" \/>\n<meta property=\"product:price:currency\" content=\"EUR\" \/>\n<meta property=\"og:availability\" content=\"instock\" \/>\n<meta property=\"product:availability\" content=\"instock\" \/>\n<meta property=\"product:retailer_item_id\" content=\"BVD-SM110RCP\" \/>\n<meta property=\"product:condition\" content=\"new\" \/>\n<!-- \/ Yoast SEO Premium plugin. -->","yoast_head_json":{"title":"BVD-SM110RCP - Fonolukk","description":"BVD-SM110RCP - Fonolukk","robots":{"index":"index","follow":"follow","max-snippet":"max-snippet:-1","max-image-preview":"max-image-preview:large","max-video-preview":"max-video-preview:-1"},"canonical":"https:\/\/fonolukk.eu\/et\/tooted\/bvd-sm110rcp-3\/","og_locale":"et_EE","og_type":"article","og_title":"BVD-SM110RCP","og_description":"Kirjeldus: Uksetelefoni v\u00e4lipaneel BVD-SM110RCP V\u00e4lipaneeli BVD-SM110RCP kasutatakse koos toiteallikaga BPD18 \/ 12-1-1 mitme korteri video-ukse","og_url":"https:\/\/fonolukk.eu\/et\/tooted\/bvd-sm110rcp-3\/","og_site_name":"Fonolukk","article_publisher":"https:\/\/www.facebook.com\/fonolukk","article_modified_time":"2020-11-30T15:02:50+00:00","og_image":[{"width":869,"height":750,"url":"https:\/\/fonolukk.eu\/wp-content\/uploads\/2020\/08\/f7b58d277e36ac08b7c6dbb1b445a841.jpg","type":"image\/jpeg"}],"twitter_card":"summary_large_image","twitter_misc":{"Hind":"","Availability":"Laos"},"schema":{"@context":"https:\/\/schema.org","@graph":[{"@type":"WebPage","@id":"https:\/\/fonolukk.eu\/et\/tooted\/bvd-sm110rcp-3\/","url":"https:\/\/fonolukk.eu\/et\/tooted\/bvd-sm110rcp-3\/","name":"BVD-SM110RCP - Fonolukk","isPartOf":{"@id":"https:\/\/fonolukk.eu\/et\/#website"},"primaryImageOfPage":{"@id":"https:\/\/fonolukk.eu\/et\/tooted\/bvd-sm110rcp-3\/#primaryimage"},"image":{"@id":"https:\/\/fonolukk.eu\/et\/tooted\/bvd-sm110rcp-3\/#primaryimage"},"thumbnailUrl":"https:\/\/fonolukk.eu\/wp-content\/uploads\/2020\/08\/f7b58d277e36ac08b7c6dbb1b445a841.jpg","datePublished":"2020-08-29T10:11:32+00:00","dateModified":"2020-11-30T15:02:50+00:00","description":"BVD-SM110RCP - Fonolukk","breadcrumb":{"@id":"https:\/\/fonolukk.eu\/et\/tooted\/bvd-sm110rcp-3\/#breadcrumb"},"inLanguage":"et","potentialAction":[{"@type":"ReadAction","target":["https:\/\/fonolukk.eu\/et\/tooted\/bvd-sm110rcp-3\/"]}]},{"@type":"ImageObject","inLanguage":"et","@id":"https:\/\/fonolukk.eu\/et\/tooted\/bvd-sm110rcp-3\/#primaryimage","url":"https:\/\/fonolukk.eu\/wp-content\/uploads\/2020\/08\/f7b58d277e36ac08b7c6dbb1b445a841.jpg","contentUrl":"https:\/\/fonolukk.eu\/wp-content\/uploads\/2020\/08\/f7b58d277e36ac08b7c6dbb1b445a841.jpg","width":869,"height":750},{"@type":"BreadcrumbList","@id":"https:\/\/fonolukk.eu\/et\/tooted\/bvd-sm110rcp-3\/#breadcrumb","itemListElement":[{"@type":"ListItem","position":1,"name":"Esileht","item":"https:\/\/fonolukk.eu\/et\/koduleht\/"},{"@type":"ListItem","position":2,"name":"Tooted","item":"https:\/\/fonolukk.eu\/et\/shop-2\/"},{"@type":"ListItem","position":3,"name":"Fonolukud","item":"https:\/\/fonolukk.eu\/et\/product-category\/fonolukud\/"},{"@type":"ListItem","position":4,"name":"Vizit","item":"https:\/\/fonolukk.eu\/et\/product-category\/fonolukud\/vizit-et-2\/"},{"@type":"ListItem","position":5,"name":"Fonoluku paneel","item":"https:\/\/fonolukk.eu\/et\/product-category\/fonolukud\/vizit-et-2\/valispaneel-et-3\/"},{"@type":"ListItem","position":6,"name":"BVD-SM110RCP"}]},{"@type":"WebSite","@id":"https:\/\/fonolukk.eu\/et\/#website","url":"https:\/\/fonolukk.eu\/et\/","name":"Fonolukk eu","description":"Smart Security Systems","publisher":{"@id":"https:\/\/fonolukk.eu\/et\/#organization"},"potentialAction":[{"@type":"SearchAction","target":{"@type":"EntryPoint","urlTemplate":"https:\/\/fonolukk.eu\/et\/?s={search_term_string}"},"query-input":{"@type":"PropertyValueSpecification","valueRequired":true,"valueName":"search_term_string"}}],"inLanguage":"et"},{"@type":"Organization","@id":"https:\/\/fonolukk.eu\/et\/#organization","name":"Smart Security OU","url":"https:\/\/fonolukk.eu\/et\/","logo":{"@type":"ImageObject","inLanguage":"et","@id":"https:\/\/fonolukk.eu\/et\/#\/schema\/logo\/image\/","url":"https:\/\/fonolukk.eu\/wp-content\/uploads\/2023\/09\/fonolukk.png","contentUrl":"https:\/\/fonolukk.eu\/wp-content\/uploads\/2023\/09\/fonolukk.png","width":277,"height":274,"caption":"Smart Security OU"},"image":{"@id":"https:\/\/fonolukk.eu\/et\/#\/schema\/logo\/image\/"},"sameAs":["https:\/\/www.facebook.com\/fonolukk","https:\/\/www.instagram.com\/fonolukk\/?hl=ru"],"publishingPrinciples":"https:\/\/fonolukk.eu\/terms-and-conditions\/","ownershipFundingInfo":"https:\/\/fonolukk.eu\/about-us\/"}]},"product_brand":"Vizit","product_price_amount":"0.00","product_price_currency":"EUR","og_availability":"instock","product_availability":"instock","product_retailer_item_id":"BVD-SM110RCP","product_condition":"new"},"_links":{"self":[{"href":"https:\/\/fonolukk.eu\/et\/wp-json\/wp\/v2\/product\/8201","targetHints":{"allow":["GET"]}}],"collection":[{"href":"https:\/\/fonolukk.eu\/et\/wp-json\/wp\/v2\/product"}],"about":[{"href":"https:\/\/fonolukk.eu\/et\/wp-json\/wp\/v2\/types\/product"}],"version-history":[{"count":0,"href":"https:\/\/fonolukk.eu\/et\/wp-json\/wp\/v2\/product\/8201\/revisions"}],"wp:featuredmedia":[{"embeddable":true,"href":"https:\/\/fonolukk.eu\/et\/wp-json\/wp\/v2\/media\/8190"}],"wp:attachment":[{"href":"https:\/\/fonolukk.eu\/et\/wp-json\/wp\/v2\/media?parent=8201"}],"wp:term":[{"taxonomy":"product_brand","embeddable":true,"href":"https:\/\/fonolukk.eu\/et\/wp-json\/wp\/v2\/product_brand?post=8201"},{"taxonomy":"product_cat","embeddable":true,"href":"https:\/\/fonolukk.eu\/et\/wp-json\/wp\/v2\/product_cat?post=8201"},{"taxonomy":"product_tag","embeddable":true,"href":"https:\/\/fonolukk.eu\/et\/wp-json\/wp\/v2\/product_tag?post=8201"}],"curies":[{"name":"wp","href":"https:\/\/api.w.org\/{rel}","templated":true}]}}