{"id":8392,"date":"2020-08-31T20:39:58","date_gmt":"2020-08-31T17:39:58","guid":{"rendered":"https:\/\/fonolukk.eu\/?post_type=product&#038;p=8392"},"modified":"2020-11-30T17:02:48","modified_gmt":"2020-11-30T15:02:48","slug":"brd-312r","status":"publish","type":"product","link":"https:\/\/fonolukk.eu\/et\/tooted\/brd-312r\/","title":{"rendered":"BRD-312R"},"content":{"rendered":"<p>Kirjeldus:<\/p>\n<p>Uksetelefoni v\u00e4lipaneel BVD-312R<\/p>\n<p>BVD-312R k\u00f5ne\u00fcksust kasutatakse koos juhtimis\u00fcksusega BUD-302M, BUD-302K-20, BUD-302K-80, BUD-430 (M, S) BUD-485 osana VIZITi mitme korteri intercomidest;<br \/>\nluku avamise programmeeritav kestus &#8211; 1 kuni 20 sekundit;<br \/>\nesiukse luku avamine:<br \/>\n&#8211; kui vajutate nuppu, et avada suhtluse ajal korteri intercom UKP v\u00f5i monitori seadme lukk;<br \/>\n&#8211; neljakohalise \u00fchise koodi valimisel;<br \/>\n&#8211; 3-kohalise individuaalse koodi valimisel;<br \/>\n&#8211; kui vajutate v\u00e4ljumiseks nuppu;<br \/>\n&#8211; klahvid VIZIT-RF2.x;<\/p>\n<p>klaviatuuri taustvalgus;<br \/>\nt\u00f6\u00f6re\u017eiimide heli n\u00e4itamine;<br \/>\nv\u00f5imalus \u00fcksikute korterite k\u00f5ne v\u00e4lja l\u00fclitada;<br \/>\nt\u00f6\u00f6tada concierge-konsooliga VIZIT (kui kasutada juhtplokki ilma abonendiseadmete sisseehitatud l\u00fclitita);<br \/>\n\u00fcldm\u00f5\u00f5tmed, mm, (LxKxS) &#8211; 92x182x22;<br \/>\npaigaldusv\u00f5imalus &#8211; arve;<br \/>\nt\u00f6\u00f6temperatuuri vahemik &#8211; miinus 40 \u00b0 C kuni pluss 45 \u00b0 C.<\/p>\n<p>K\u00f5ne\u00fcksuse ja lukustuse toiteallika tagab juhtplokk.<\/p>\n<p>Uksotelefoni abonentide maksimaalse arvu m\u00e4\u00e4rab juhtplokk ja see on:<\/p>\n<p>&#8211; kuni 20 abonenti BUD-302K-20 kasutamisel;<\/p>\n<p>&#8211; kuni 80 abonenti, kui kasutate BUD-302K-80;<\/p>\n<p>&#8211; kuni 200 abonenti, kui kasutate BUD-302M;<\/p>\n<p>&#8211; kuni 400 abonenti, kui kasutate BUD-430 (M, S) ja BUD-485;<\/p>\n<p>Soovitatav on kasutada VIZIT-i elektromagnetilisi lukke v\u00f5i elektromehaanilisi lukke, mille m\u00e4histustakistus on v\u00e4hemalt 10 oomi.<\/p>\n<p>Keelatud on kasutada elektromagnetilisi lukke, mille m\u00e4histustakistus on v\u00e4iksem kui 20 Ohmi, samuti ilma demagnetiseerivate vooluringideta.<\/p>\n<p>Toast lahkumiseks (kui kasutatakse elektromagnetlukku) on soovitatav kasutada nuppu EXIT, millel on elektromagnetilise luku avariijuhtimisahelad.<\/p>\n<p>Juhtseadme BUD-302M, BUD-430 (M, S) BUD-485 kasutamisel kasutatakse l\u00fclitusseadmeid VIZIT-i abonendiseadmete (UKP) \u00fchendamiseks intercomi sissep\u00e4\u00e4suliiniga. V\u00f5imalik on kasutada l\u00fclitusseadmeid BK-4 (M), BK-10, BK-30 (M), BK-100 (M). V\u00f5imalik on erinevat t\u00fc\u00fcpi l\u00fclitusseadmete kombineeritud kasutamine. Juhtseadmete BUD-430 (M, S), BUD-485 kasutamisel ja abonentide arvuks on \u00fcle 200, on vajalik t\u00e4iendavalt paigaldada l\u00fcliti BK-400.<\/p>\n<p>Juhtimisseadmetel BUD-302K-20, BUD-302K-80 on sisseehitatud l\u00fclitid vastavalt 20 ja 80 abonendile. VIZITi abonendiseadmed (UCP) on nende juhtplokkidega otse \u00fchendatud, l\u00fclitusseadmeid ei kasutata.<\/p>\n<p>Seadme paigaldamiseks ja t\u00e4iendavaks kaitseks kliimam\u00f5jude eest on soovitatav kasutada kinnituskomplekti MK-311 (visiir).<\/p>\n<div class='w3eden'><!-- WPDM Link Template: Default Template -->\n\n<div class=\"link-template-default card mb-2\">\n    <div class=\"card-body\">\n        <div class=\"media\">\n            <div class=\"mr-3 img-48\"><img decoding=\"async\" class=\"wpdm_icon\" alt=\"Icon\"   src=\"https:\/\/fonolukk.eu\/wp-content\/plugins\/download-manager\/assets\/file-type-icons\/pdf.svg\" \/><\/div>\n            <div class=\"media-body\">\n                <h3 class=\"package-title\"><a href='https:\/\/fonolukk.eu\/download\/brd-312r\/'>BRD-312R<\/a><\/h3>\n                <div class=\"text-muted text-small\"><i class=\"fas fa-copy\"><\/i> 1 file(s) <i class=\"fas fa-hdd ml-3\"><\/i> 257.12 KB<\/div>\n            <\/div>\n            <div class=\"ml-3\">\n                <div class=\"w3eden\"><div class=\"panel panel-default card\"><div class=\"panel-body card-body\"><span class=\"text-danger\">Login is required to access this page<\/span><\/div><div class=\"panel-footer card-footer text-right\"><a href=\"https:\/\/fonolukk.eu\/wp-login.php?redirect_to=\/et\/wp-json\/wp\/v2\/product\/8392\" class=\"btn btn-danger wpdmloginmodal-trigger btn-sm\"><i class=\"fa fa-lock\"><\/i> Login<\/a><\/div><\/div><\/div>\n            <\/div>\n        <\/div>\n    <\/div>\n<\/div>\n\n<\/div>\n","protected":false},"excerpt":{"rendered":"<p>Kirjeldus: Uksetelefoni v\u00e4lipaneel BVD-312R BVD-312R k\u00f5ne\u00fcksust kasutatakse koos juhtimis\u00fcksusega BUD-302M, BUD-302K-20, BUD-302K-80, BUD-430 (M, S) BUD-485 osana VIZITi mitme korteri<\/p>\n","protected":false},"featured_media":8380,"template":"","meta":[],"product_brand":[],"product_cat":[959,606,910],"product_tag":[],"class_list":{"0":"post-8392","1":"product","2":"type-product","3":"status-publish","4":"has-post-thumbnail","6":"product_cat-valispaneel-et-3","7":"product_cat-fonolukud","8":"product_cat-vizit-et-2","9":"pa_brand-vizit","11":"first","12":"instock","13":"taxable","14":"shipping-taxable","15":"product-type-simple"},"yoast_head":"<!-- This site is optimized with the Yoast SEO Premium plugin v27.3 (Yoast SEO v27.3) - https:\/\/yoast.com\/product\/yoast-seo-premium-wordpress\/ -->\n<title>BRD-312R - Fonolukk<\/title>\n<meta name=\"description\" content=\"BRD-312R - Fonolukk\" \/>\n<meta name=\"robots\" content=\"index, follow, max-snippet:-1, max-image-preview:large, max-video-preview:-1\" \/>\n<link rel=\"canonical\" href=\"https:\/\/fonolukk.eu\/et\/tooted\/brd-312r\/\" \/>\n<meta property=\"og:locale\" content=\"et_EE\" \/>\n<meta property=\"og:type\" content=\"article\" \/>\n<meta property=\"og:title\" content=\"BRD-312R\" \/>\n<meta property=\"og:description\" content=\"Kirjeldus: Uksetelefoni v\u00e4lipaneel BVD-312R BVD-312R k\u00f5ne\u00fcksust kasutatakse koos juhtimis\u00fcksusega BUD-302M, BUD-302K-20, BUD-302K-80, BUD-430 (M, S)\" \/>\n<meta property=\"og:url\" content=\"https:\/\/fonolukk.eu\/et\/tooted\/brd-312r\/\" \/>\n<meta property=\"og:site_name\" content=\"Fonolukk\" \/>\n<meta property=\"article:publisher\" content=\"https:\/\/www.facebook.com\/fonolukk\" \/>\n<meta property=\"article:modified_time\" content=\"2020-11-30T15:02:48+00:00\" \/>\n<meta property=\"og:image\" content=\"https:\/\/fonolukk.eu\/wp-content\/uploads\/2020\/08\/8100a0c6d68ba1a575a0a638c3cf6809.jpg\" \/>\n\t<meta property=\"og:image:width\" content=\"1006\" \/>\n\t<meta property=\"og:image:height\" content=\"750\" \/>\n\t<meta property=\"og:image:type\" content=\"image\/jpeg\" \/>\n<meta name=\"twitter:card\" content=\"summary_large_image\" \/>\n<meta name=\"twitter:label1\" content=\"Hind\" \/>\n\t<meta name=\"twitter:data1\" content=\"\" \/>\n\t<meta name=\"twitter:label2\" content=\"Availability\" \/>\n\t<meta name=\"twitter:data2\" content=\"Laos\" \/>\n<script type=\"application\/ld+json\" class=\"yoast-schema-graph\">{\"@context\":\"https:\\\/\\\/schema.org\",\"@graph\":[{\"@type\":\"WebPage\",\"@id\":\"https:\\\/\\\/fonolukk.eu\\\/et\\\/tooted\\\/brd-312r\\\/\",\"url\":\"https:\\\/\\\/fonolukk.eu\\\/et\\\/tooted\\\/brd-312r\\\/\",\"name\":\"BRD-312R - Fonolukk\",\"isPartOf\":{\"@id\":\"https:\\\/\\\/fonolukk.eu\\\/et\\\/#website\"},\"primaryImageOfPage\":{\"@id\":\"https:\\\/\\\/fonolukk.eu\\\/et\\\/tooted\\\/brd-312r\\\/#primaryimage\"},\"image\":{\"@id\":\"https:\\\/\\\/fonolukk.eu\\\/et\\\/tooted\\\/brd-312r\\\/#primaryimage\"},\"thumbnailUrl\":\"https:\\\/\\\/fonolukk.eu\\\/wp-content\\\/uploads\\\/2020\\\/08\\\/8100a0c6d68ba1a575a0a638c3cf6809.jpg\",\"datePublished\":\"2020-08-31T17:39:58+00:00\",\"dateModified\":\"2020-11-30T15:02:48+00:00\",\"description\":\"BRD-312R - Fonolukk\",\"breadcrumb\":{\"@id\":\"https:\\\/\\\/fonolukk.eu\\\/et\\\/tooted\\\/brd-312r\\\/#breadcrumb\"},\"inLanguage\":\"et\",\"potentialAction\":[{\"@type\":\"ReadAction\",\"target\":[\"https:\\\/\\\/fonolukk.eu\\\/et\\\/tooted\\\/brd-312r\\\/\"]}]},{\"@type\":\"ImageObject\",\"inLanguage\":\"et\",\"@id\":\"https:\\\/\\\/fonolukk.eu\\\/et\\\/tooted\\\/brd-312r\\\/#primaryimage\",\"url\":\"https:\\\/\\\/fonolukk.eu\\\/wp-content\\\/uploads\\\/2020\\\/08\\\/8100a0c6d68ba1a575a0a638c3cf6809.jpg\",\"contentUrl\":\"https:\\\/\\\/fonolukk.eu\\\/wp-content\\\/uploads\\\/2020\\\/08\\\/8100a0c6d68ba1a575a0a638c3cf6809.jpg\",\"width\":1006,\"height\":750,\"caption\":\"Fonolukk - Vizit\"},{\"@type\":\"BreadcrumbList\",\"@id\":\"https:\\\/\\\/fonolukk.eu\\\/et\\\/tooted\\\/brd-312r\\\/#breadcrumb\",\"itemListElement\":[{\"@type\":\"ListItem\",\"position\":1,\"name\":\"Esileht\",\"item\":\"https:\\\/\\\/fonolukk.eu\\\/et\\\/koduleht\\\/\"},{\"@type\":\"ListItem\",\"position\":2,\"name\":\"Tooted\",\"item\":\"https:\\\/\\\/fonolukk.eu\\\/et\\\/shop-2\\\/\"},{\"@type\":\"ListItem\",\"position\":3,\"name\":\"Fonolukud\",\"item\":\"https:\\\/\\\/fonolukk.eu\\\/et\\\/product-category\\\/fonolukud\\\/\"},{\"@type\":\"ListItem\",\"position\":4,\"name\":\"Vizit\",\"item\":\"https:\\\/\\\/fonolukk.eu\\\/et\\\/product-category\\\/fonolukud\\\/vizit-et-2\\\/\"},{\"@type\":\"ListItem\",\"position\":5,\"name\":\"Fonoluku paneel\",\"item\":\"https:\\\/\\\/fonolukk.eu\\\/et\\\/product-category\\\/fonolukud\\\/vizit-et-2\\\/valispaneel-et-3\\\/\"},{\"@type\":\"ListItem\",\"position\":6,\"name\":\"BRD-312R\"}]},{\"@type\":\"WebSite\",\"@id\":\"https:\\\/\\\/fonolukk.eu\\\/et\\\/#website\",\"url\":\"https:\\\/\\\/fonolukk.eu\\\/et\\\/\",\"name\":\"Fonolukk eu\",\"description\":\"Smart Security Systems\",\"publisher\":{\"@id\":\"https:\\\/\\\/fonolukk.eu\\\/et\\\/#organization\"},\"potentialAction\":[{\"@type\":\"SearchAction\",\"target\":{\"@type\":\"EntryPoint\",\"urlTemplate\":\"https:\\\/\\\/fonolukk.eu\\\/et\\\/?s={search_term_string}\"},\"query-input\":{\"@type\":\"PropertyValueSpecification\",\"valueRequired\":true,\"valueName\":\"search_term_string\"}}],\"inLanguage\":\"et\"},{\"@type\":\"Organization\",\"@id\":\"https:\\\/\\\/fonolukk.eu\\\/et\\\/#organization\",\"name\":\"Smart Security OU\",\"url\":\"https:\\\/\\\/fonolukk.eu\\\/et\\\/\",\"logo\":{\"@type\":\"ImageObject\",\"inLanguage\":\"et\",\"@id\":\"https:\\\/\\\/fonolukk.eu\\\/et\\\/#\\\/schema\\\/logo\\\/image\\\/\",\"url\":\"https:\\\/\\\/fonolukk.eu\\\/wp-content\\\/uploads\\\/2023\\\/09\\\/fonolukk.png\",\"contentUrl\":\"https:\\\/\\\/fonolukk.eu\\\/wp-content\\\/uploads\\\/2023\\\/09\\\/fonolukk.png\",\"width\":277,\"height\":274,\"caption\":\"Smart Security OU\"},\"image\":{\"@id\":\"https:\\\/\\\/fonolukk.eu\\\/et\\\/#\\\/schema\\\/logo\\\/image\\\/\"},\"sameAs\":[\"https:\\\/\\\/www.facebook.com\\\/fonolukk\",\"https:\\\/\\\/www.instagram.com\\\/fonolukk\\\/?hl=ru\"],\"publishingPrinciples\":\"https:\\\/\\\/fonolukk.eu\\\/terms-and-conditions\\\/\",\"ownershipFundingInfo\":\"https:\\\/\\\/fonolukk.eu\\\/about-us\\\/\"}]}<\/script>\n<meta property=\"product:brand\" content=\"Vizit\" \/>\n<meta property=\"product:price:amount\" content=\"0.00\" \/>\n<meta property=\"product:price:currency\" content=\"EUR\" \/>\n<meta property=\"og:availability\" content=\"instock\" \/>\n<meta property=\"product:availability\" content=\"instock\" \/>\n<meta property=\"product:retailer_item_id\" content=\"BRD-312R\" \/>\n<meta property=\"product:condition\" content=\"new\" \/>\n<!-- \/ Yoast SEO Premium plugin. -->","yoast_head_json":{"title":"BRD-312R - Fonolukk","description":"BRD-312R - Fonolukk","robots":{"index":"index","follow":"follow","max-snippet":"max-snippet:-1","max-image-preview":"max-image-preview:large","max-video-preview":"max-video-preview:-1"},"canonical":"https:\/\/fonolukk.eu\/et\/tooted\/brd-312r\/","og_locale":"et_EE","og_type":"article","og_title":"BRD-312R","og_description":"Kirjeldus: Uksetelefoni v\u00e4lipaneel BVD-312R BVD-312R k\u00f5ne\u00fcksust kasutatakse koos juhtimis\u00fcksusega BUD-302M, BUD-302K-20, BUD-302K-80, BUD-430 (M, S)","og_url":"https:\/\/fonolukk.eu\/et\/tooted\/brd-312r\/","og_site_name":"Fonolukk","article_publisher":"https:\/\/www.facebook.com\/fonolukk","article_modified_time":"2020-11-30T15:02:48+00:00","og_image":[{"width":1006,"height":750,"url":"https:\/\/fonolukk.eu\/wp-content\/uploads\/2020\/08\/8100a0c6d68ba1a575a0a638c3cf6809.jpg","type":"image\/jpeg"}],"twitter_card":"summary_large_image","twitter_misc":{"Hind":"","Availability":"Laos"},"schema":{"@context":"https:\/\/schema.org","@graph":[{"@type":"WebPage","@id":"https:\/\/fonolukk.eu\/et\/tooted\/brd-312r\/","url":"https:\/\/fonolukk.eu\/et\/tooted\/brd-312r\/","name":"BRD-312R - Fonolukk","isPartOf":{"@id":"https:\/\/fonolukk.eu\/et\/#website"},"primaryImageOfPage":{"@id":"https:\/\/fonolukk.eu\/et\/tooted\/brd-312r\/#primaryimage"},"image":{"@id":"https:\/\/fonolukk.eu\/et\/tooted\/brd-312r\/#primaryimage"},"thumbnailUrl":"https:\/\/fonolukk.eu\/wp-content\/uploads\/2020\/08\/8100a0c6d68ba1a575a0a638c3cf6809.jpg","datePublished":"2020-08-31T17:39:58+00:00","dateModified":"2020-11-30T15:02:48+00:00","description":"BRD-312R - Fonolukk","breadcrumb":{"@id":"https:\/\/fonolukk.eu\/et\/tooted\/brd-312r\/#breadcrumb"},"inLanguage":"et","potentialAction":[{"@type":"ReadAction","target":["https:\/\/fonolukk.eu\/et\/tooted\/brd-312r\/"]}]},{"@type":"ImageObject","inLanguage":"et","@id":"https:\/\/fonolukk.eu\/et\/tooted\/brd-312r\/#primaryimage","url":"https:\/\/fonolukk.eu\/wp-content\/uploads\/2020\/08\/8100a0c6d68ba1a575a0a638c3cf6809.jpg","contentUrl":"https:\/\/fonolukk.eu\/wp-content\/uploads\/2020\/08\/8100a0c6d68ba1a575a0a638c3cf6809.jpg","width":1006,"height":750,"caption":"Fonolukk - Vizit"},{"@type":"BreadcrumbList","@id":"https:\/\/fonolukk.eu\/et\/tooted\/brd-312r\/#breadcrumb","itemListElement":[{"@type":"ListItem","position":1,"name":"Esileht","item":"https:\/\/fonolukk.eu\/et\/koduleht\/"},{"@type":"ListItem","position":2,"name":"Tooted","item":"https:\/\/fonolukk.eu\/et\/shop-2\/"},{"@type":"ListItem","position":3,"name":"Fonolukud","item":"https:\/\/fonolukk.eu\/et\/product-category\/fonolukud\/"},{"@type":"ListItem","position":4,"name":"Vizit","item":"https:\/\/fonolukk.eu\/et\/product-category\/fonolukud\/vizit-et-2\/"},{"@type":"ListItem","position":5,"name":"Fonoluku paneel","item":"https:\/\/fonolukk.eu\/et\/product-category\/fonolukud\/vizit-et-2\/valispaneel-et-3\/"},{"@type":"ListItem","position":6,"name":"BRD-312R"}]},{"@type":"WebSite","@id":"https:\/\/fonolukk.eu\/et\/#website","url":"https:\/\/fonolukk.eu\/et\/","name":"Fonolukk eu","description":"Smart Security Systems","publisher":{"@id":"https:\/\/fonolukk.eu\/et\/#organization"},"potentialAction":[{"@type":"SearchAction","target":{"@type":"EntryPoint","urlTemplate":"https:\/\/fonolukk.eu\/et\/?s={search_term_string}"},"query-input":{"@type":"PropertyValueSpecification","valueRequired":true,"valueName":"search_term_string"}}],"inLanguage":"et"},{"@type":"Organization","@id":"https:\/\/fonolukk.eu\/et\/#organization","name":"Smart Security OU","url":"https:\/\/fonolukk.eu\/et\/","logo":{"@type":"ImageObject","inLanguage":"et","@id":"https:\/\/fonolukk.eu\/et\/#\/schema\/logo\/image\/","url":"https:\/\/fonolukk.eu\/wp-content\/uploads\/2023\/09\/fonolukk.png","contentUrl":"https:\/\/fonolukk.eu\/wp-content\/uploads\/2023\/09\/fonolukk.png","width":277,"height":274,"caption":"Smart Security OU"},"image":{"@id":"https:\/\/fonolukk.eu\/et\/#\/schema\/logo\/image\/"},"sameAs":["https:\/\/www.facebook.com\/fonolukk","https:\/\/www.instagram.com\/fonolukk\/?hl=ru"],"publishingPrinciples":"https:\/\/fonolukk.eu\/terms-and-conditions\/","ownershipFundingInfo":"https:\/\/fonolukk.eu\/about-us\/"}]},"product_brand":"Vizit","product_price_amount":"0.00","product_price_currency":"EUR","og_availability":"instock","product_availability":"instock","product_retailer_item_id":"BRD-312R","product_condition":"new"},"_links":{"self":[{"href":"https:\/\/fonolukk.eu\/et\/wp-json\/wp\/v2\/product\/8392","targetHints":{"allow":["GET"]}}],"collection":[{"href":"https:\/\/fonolukk.eu\/et\/wp-json\/wp\/v2\/product"}],"about":[{"href":"https:\/\/fonolukk.eu\/et\/wp-json\/wp\/v2\/types\/product"}],"version-history":[{"count":0,"href":"https:\/\/fonolukk.eu\/et\/wp-json\/wp\/v2\/product\/8392\/revisions"}],"wp:featuredmedia":[{"embeddable":true,"href":"https:\/\/fonolukk.eu\/et\/wp-json\/wp\/v2\/media\/8380"}],"wp:attachment":[{"href":"https:\/\/fonolukk.eu\/et\/wp-json\/wp\/v2\/media?parent=8392"}],"wp:term":[{"taxonomy":"product_brand","embeddable":true,"href":"https:\/\/fonolukk.eu\/et\/wp-json\/wp\/v2\/product_brand?post=8392"},{"taxonomy":"product_cat","embeddable":true,"href":"https:\/\/fonolukk.eu\/et\/wp-json\/wp\/v2\/product_cat?post=8392"},{"taxonomy":"product_tag","embeddable":true,"href":"https:\/\/fonolukk.eu\/et\/wp-json\/wp\/v2\/product_tag?post=8392"}],"curies":[{"name":"wp","href":"https:\/\/api.w.org\/{rel}","templated":true}]}}