{"id":8603,"date":"2020-11-01T15:18:24","date_gmt":"2020-11-01T13:18:25","guid":{"rendered":"https:\/\/fonolukk.eu\/?post_type=product&#038;p=8603"},"modified":"2021-10-24T17:08:20","modified_gmt":"2021-10-24T14:08:20","slug":"bud-302s-80-3","status":"publish","type":"product","link":"https:\/\/fonolukk.eu\/et\/tooted\/bud-302s-80-3\/","title":{"rendered":"BUD-302S-80"},"content":{"rendered":"<p style=\"font-weight: 400;\"><b><strong>Kirjeldus:<\/strong><\/b><\/p>\n<p><b><strong>BUD-302s-80<\/strong><\/b>\u00a0doorphone juhtseade\u00a0\u00a0\u00a0t\u00f6\u00f6tab koos\u00a0\u00a0300\u00a0\u00a0seeria multi<b><strong>\u00a0-subscriber\u00a0<\/strong><\/b>k\u00f5ne \u00fchikud (BVD)\u00a0\u00a0lahutamatu osa\u00a0\u00a0Kortermajades \u00a0\u00a0doorphones, VIZIT video doorphones;<\/p>\n<ul>\n<li>abonentide arv &#8211; kuni 80;<\/li>\n<li>dupleksvaljuh\u00e4\u00e4ldi;<\/li>\n<li>sisseehitatud l\u00fclitusseade;<\/li>\n<li>sisseehitatud v\u00f5tmehaldur\u00a0\u00a0TM (VIZIT-TM \/ DS1990A \/ iButton\u00ae)\u00a0\u00a0ja\u00a0\u00a0RF (VIZIT-RF \/ 125 kHz ja 13,56 MHz)<\/li>\n<li>80 individuaalset koodi<\/li>\n<li>\u00fche korteri v\u00f5tmete arv &#8211; 6;<\/li>\n<li>toiteallika ja luku juhtimine;<\/li>\n<li>t\u00f6\u00f6re\u017eiimi helisignaalide moodustamine;<\/li>\n<li>Vahelduvvoolu toitepinge sagedusega 50 Hz, V &#8211; 187 &#8230; 242;<\/li>\n<li>\u00fcldm\u00f5\u00f5tmed, mm, (LxKxS) &#8211; 188x114x62;<\/li>\n<li>t\u00f6\u00f6temperatuuri vahemik, \u00b0 C &#8211; pluss 1 kuni pluss 40.<\/li>\n<\/ul>\n<p><b><strong>BUD-302s-80<\/strong><\/b>\u00a0juhtseade on modifikatsiooni\u00a0<b><strong>BUD-302K-80<\/strong><\/b>\u00a0juhtseade\u00a0\u00a0ja on t\u00e4ielikult koosk\u00f5las\u00a0\u00a0BUD-302K-80\u00a0osas funktsioonid ja \u00fchendused.<b><strong>\u00a0<\/strong><\/b><\/p>\n<p><b><strong><div class='w3eden'><!-- WPDM Link Template: Default Template -->\n\n<div class=\"link-template-default card mb-2\">\n    <div class=\"card-body\">\n        <div class=\"media\">\n            <div class=\"mr-3 img-48\"><img decoding=\"async\" class=\"wpdm_icon\" alt=\"Icon\"   src=\"https:\/\/fonolukk.eu\/wp-content\/plugins\/download-manager\/assets\/file-type-icons\/pdf.svg\" \/><\/div>\n            <div class=\"media-body\">\n                <h3 class=\"package-title\"><a href='https:\/\/fonolukk.eu\/download\/bud-302s-80\/'>BUD-302S-80<\/a><\/h3>\n                <div class=\"text-muted text-small\"><i class=\"fas fa-copy\"><\/i> 1 file(s) <i class=\"fas fa-hdd ml-3\"><\/i> 743.67 KB<\/div>\n            <\/div>\n            <div class=\"ml-3\">\n                <div class=\"w3eden\"><div class=\"panel panel-default card\"><div class=\"panel-body card-body\"><span class=\"text-danger\">Login is required to access this page<\/span><\/div><div class=\"panel-footer card-footer text-right\"><a href=\"https:\/\/fonolukk.eu\/wp-login.php?redirect_to=\/et\/wp-json\/wp\/v2\/product\/8603\" class=\"btn btn-danger wpdmloginmodal-trigger btn-sm\"><i class=\"fa fa-lock\"><\/i> Login<\/a><\/div><\/div><\/div>\n            <\/div>\n        <\/div>\n    <\/div>\n<\/div>\n\n<\/div>\u00a0<\/strong><\/b><\/p>\n","protected":false},"excerpt":{"rendered":"<p>Kirjeldus: BUD-302s-80\u00a0doorphone juhtseade\u00a0\u00a0\u00a0t\u00f6\u00f6tab koos\u00a0\u00a0300\u00a0\u00a0seeria multi\u00a0-subscriber\u00a0k\u00f5ne \u00fchikud (BVD)\u00a0\u00a0lahutamatu osa\u00a0\u00a0Kortermajades \u00a0\u00a0doorphones, VIZIT video doorphones; abonentide arv &#8211; kuni 80; dupleksvaljuh\u00e4\u00e4ldi; sisseehitatud l\u00fclitusseade;<\/p>\n","protected":false},"featured_media":12417,"template":"","meta":[],"product_brand":[],"product_cat":[606,960,910],"product_tag":[],"class_list":{"0":"post-8603","1":"product","2":"type-product","3":"status-publish","4":"has-post-thumbnail","6":"product_cat-fonolukud","7":"product_cat-toiteblokid-aksessuaarid-et-4","8":"product_cat-vizit-et-2","9":"pa_brand-vizit","11":"first","12":"instock","13":"taxable","14":"shipping-taxable","15":"product-type-simple"},"yoast_head":"<!-- This site is optimized with the Yoast SEO Premium plugin v27.3 (Yoast SEO v27.3) - https:\/\/yoast.com\/product\/yoast-seo-premium-wordpress\/ -->\n<title>BUD-302S-80 - Fonolukk<\/title>\n<meta name=\"description\" content=\"BUD-302S-80 - Fonolukk\" \/>\n<meta name=\"robots\" content=\"index, follow, max-snippet:-1, max-image-preview:large, max-video-preview:-1\" \/>\n<link rel=\"canonical\" href=\"https:\/\/fonolukk.eu\/et\/tooted\/bud-302s-80-3\/\" \/>\n<meta property=\"og:locale\" content=\"et_EE\" \/>\n<meta property=\"og:type\" content=\"article\" \/>\n<meta property=\"og:title\" content=\"BUD-302S-80\" \/>\n<meta property=\"og:description\" content=\"Kirjeldus: BUD-302s-80\u00a0doorphone juhtseade\u00a0\u00a0\u00a0t\u00f6\u00f6tab koos\u00a0\u00a0300\u00a0\u00a0seeria multi\u00a0-subscriber\u00a0k\u00f5ne \u00fchikud (BVD)\u00a0\u00a0lahutamatu osa\u00a0\u00a0Kortermajades \u00a0\u00a0doorphones,\" \/>\n<meta property=\"og:url\" content=\"https:\/\/fonolukk.eu\/et\/tooted\/bud-302s-80-3\/\" \/>\n<meta property=\"og:site_name\" content=\"Fonolukk\" \/>\n<meta property=\"article:publisher\" content=\"https:\/\/www.facebook.com\/fonolukk\" \/>\n<meta property=\"article:modified_time\" content=\"2021-10-24T14:08:20+00:00\" \/>\n<meta property=\"og:image\" content=\"https:\/\/fonolukk.eu\/wp-content\/uploads\/2020\/11\/10a20bfbb59e5b0aa90710364b2d4f7c-2.jpg\" \/>\n\t<meta property=\"og:image:width\" content=\"792\" \/>\n\t<meta property=\"og:image:height\" content=\"483\" \/>\n\t<meta property=\"og:image:type\" content=\"image\/jpeg\" \/>\n<meta name=\"twitter:card\" content=\"summary_large_image\" \/>\n<meta name=\"twitter:label1\" content=\"Hind\" \/>\n\t<meta name=\"twitter:data1\" content=\"\" \/>\n\t<meta name=\"twitter:label2\" content=\"Availability\" \/>\n\t<meta name=\"twitter:data2\" content=\"Laos\" \/>\n<script type=\"application\/ld+json\" class=\"yoast-schema-graph\">{\"@context\":\"https:\\\/\\\/schema.org\",\"@graph\":[{\"@type\":\"WebPage\",\"@id\":\"https:\\\/\\\/fonolukk.eu\\\/et\\\/tooted\\\/bud-302s-80-3\\\/\",\"url\":\"https:\\\/\\\/fonolukk.eu\\\/et\\\/tooted\\\/bud-302s-80-3\\\/\",\"name\":\"BUD-302S-80 - Fonolukk\",\"isPartOf\":{\"@id\":\"https:\\\/\\\/fonolukk.eu\\\/et\\\/#website\"},\"primaryImageOfPage\":{\"@id\":\"https:\\\/\\\/fonolukk.eu\\\/et\\\/tooted\\\/bud-302s-80-3\\\/#primaryimage\"},\"image\":{\"@id\":\"https:\\\/\\\/fonolukk.eu\\\/et\\\/tooted\\\/bud-302s-80-3\\\/#primaryimage\"},\"thumbnailUrl\":\"https:\\\/\\\/fonolukk.eu\\\/wp-content\\\/uploads\\\/2020\\\/11\\\/10a20bfbb59e5b0aa90710364b2d4f7c-2.jpg\",\"datePublished\":\"2020-11-01T13:18:25+00:00\",\"dateModified\":\"2021-10-24T14:08:20+00:00\",\"description\":\"BUD-302S-80 - Fonolukk\",\"breadcrumb\":{\"@id\":\"https:\\\/\\\/fonolukk.eu\\\/et\\\/tooted\\\/bud-302s-80-3\\\/#breadcrumb\"},\"inLanguage\":\"et\",\"potentialAction\":[{\"@type\":\"ReadAction\",\"target\":[\"https:\\\/\\\/fonolukk.eu\\\/et\\\/tooted\\\/bud-302s-80-3\\\/\"]}]},{\"@type\":\"ImageObject\",\"inLanguage\":\"et\",\"@id\":\"https:\\\/\\\/fonolukk.eu\\\/et\\\/tooted\\\/bud-302s-80-3\\\/#primaryimage\",\"url\":\"https:\\\/\\\/fonolukk.eu\\\/wp-content\\\/uploads\\\/2020\\\/11\\\/10a20bfbb59e5b0aa90710364b2d4f7c-2.jpg\",\"contentUrl\":\"https:\\\/\\\/fonolukk.eu\\\/wp-content\\\/uploads\\\/2020\\\/11\\\/10a20bfbb59e5b0aa90710364b2d4f7c-2.jpg\",\"width\":792,\"height\":483,\"caption\":\"video jagaja fonolukk\"},{\"@type\":\"BreadcrumbList\",\"@id\":\"https:\\\/\\\/fonolukk.eu\\\/et\\\/tooted\\\/bud-302s-80-3\\\/#breadcrumb\",\"itemListElement\":[{\"@type\":\"ListItem\",\"position\":1,\"name\":\"Esileht\",\"item\":\"https:\\\/\\\/fonolukk.eu\\\/et\\\/koduleht\\\/\"},{\"@type\":\"ListItem\",\"position\":2,\"name\":\"Tooted\",\"item\":\"https:\\\/\\\/fonolukk.eu\\\/et\\\/shop-2\\\/\"},{\"@type\":\"ListItem\",\"position\":3,\"name\":\"Fonolukud\",\"item\":\"https:\\\/\\\/fonolukk.eu\\\/et\\\/product-category\\\/fonolukud\\\/\"},{\"@type\":\"ListItem\",\"position\":4,\"name\":\"Vizit\",\"item\":\"https:\\\/\\\/fonolukk.eu\\\/et\\\/product-category\\\/fonolukud\\\/vizit-et-2\\\/\"},{\"@type\":\"ListItem\",\"position\":5,\"name\":\"Toiteblokid, aksessuaarid\",\"item\":\"https:\\\/\\\/fonolukk.eu\\\/et\\\/product-category\\\/fonolukud\\\/vizit-et-2\\\/toiteblokid-aksessuaarid-et-4\\\/\"},{\"@type\":\"ListItem\",\"position\":6,\"name\":\"BUD-302S-80\"}]},{\"@type\":\"WebSite\",\"@id\":\"https:\\\/\\\/fonolukk.eu\\\/et\\\/#website\",\"url\":\"https:\\\/\\\/fonolukk.eu\\\/et\\\/\",\"name\":\"Fonolukk eu\",\"description\":\"Smart Security Systems\",\"publisher\":{\"@id\":\"https:\\\/\\\/fonolukk.eu\\\/et\\\/#organization\"},\"potentialAction\":[{\"@type\":\"SearchAction\",\"target\":{\"@type\":\"EntryPoint\",\"urlTemplate\":\"https:\\\/\\\/fonolukk.eu\\\/et\\\/?s={search_term_string}\"},\"query-input\":{\"@type\":\"PropertyValueSpecification\",\"valueRequired\":true,\"valueName\":\"search_term_string\"}}],\"inLanguage\":\"et\"},{\"@type\":\"Organization\",\"@id\":\"https:\\\/\\\/fonolukk.eu\\\/et\\\/#organization\",\"name\":\"Smart Security OU\",\"url\":\"https:\\\/\\\/fonolukk.eu\\\/et\\\/\",\"logo\":{\"@type\":\"ImageObject\",\"inLanguage\":\"et\",\"@id\":\"https:\\\/\\\/fonolukk.eu\\\/et\\\/#\\\/schema\\\/logo\\\/image\\\/\",\"url\":\"https:\\\/\\\/fonolukk.eu\\\/wp-content\\\/uploads\\\/2023\\\/09\\\/fonolukk.png\",\"contentUrl\":\"https:\\\/\\\/fonolukk.eu\\\/wp-content\\\/uploads\\\/2023\\\/09\\\/fonolukk.png\",\"width\":277,\"height\":274,\"caption\":\"Smart Security OU\"},\"image\":{\"@id\":\"https:\\\/\\\/fonolukk.eu\\\/et\\\/#\\\/schema\\\/logo\\\/image\\\/\"},\"sameAs\":[\"https:\\\/\\\/www.facebook.com\\\/fonolukk\",\"https:\\\/\\\/www.instagram.com\\\/fonolukk\\\/?hl=ru\"],\"publishingPrinciples\":\"https:\\\/\\\/fonolukk.eu\\\/terms-and-conditions\\\/\",\"ownershipFundingInfo\":\"https:\\\/\\\/fonolukk.eu\\\/about-us\\\/\"}]}<\/script>\n<meta property=\"product:brand\" content=\"Vizit\" \/>\n<meta property=\"product:price:amount\" content=\"0.00\" \/>\n<meta property=\"product:price:currency\" content=\"EUR\" \/>\n<meta property=\"og:availability\" content=\"instock\" \/>\n<meta property=\"product:availability\" content=\"instock\" \/>\n<meta property=\"product:retailer_item_id\" content=\"BUD-302S-80\" \/>\n<meta property=\"product:condition\" content=\"new\" \/>\n<!-- \/ Yoast SEO Premium plugin. -->","yoast_head_json":{"title":"BUD-302S-80 - Fonolukk","description":"BUD-302S-80 - Fonolukk","robots":{"index":"index","follow":"follow","max-snippet":"max-snippet:-1","max-image-preview":"max-image-preview:large","max-video-preview":"max-video-preview:-1"},"canonical":"https:\/\/fonolukk.eu\/et\/tooted\/bud-302s-80-3\/","og_locale":"et_EE","og_type":"article","og_title":"BUD-302S-80","og_description":"Kirjeldus: BUD-302s-80\u00a0doorphone juhtseade\u00a0\u00a0\u00a0t\u00f6\u00f6tab koos\u00a0\u00a0300\u00a0\u00a0seeria multi\u00a0-subscriber\u00a0k\u00f5ne \u00fchikud (BVD)\u00a0\u00a0lahutamatu osa\u00a0\u00a0Kortermajades \u00a0\u00a0doorphones,","og_url":"https:\/\/fonolukk.eu\/et\/tooted\/bud-302s-80-3\/","og_site_name":"Fonolukk","article_publisher":"https:\/\/www.facebook.com\/fonolukk","article_modified_time":"2021-10-24T14:08:20+00:00","og_image":[{"width":792,"height":483,"url":"https:\/\/fonolukk.eu\/wp-content\/uploads\/2020\/11\/10a20bfbb59e5b0aa90710364b2d4f7c-2.jpg","type":"image\/jpeg"}],"twitter_card":"summary_large_image","twitter_misc":{"Hind":"","Availability":"Laos"},"schema":{"@context":"https:\/\/schema.org","@graph":[{"@type":"WebPage","@id":"https:\/\/fonolukk.eu\/et\/tooted\/bud-302s-80-3\/","url":"https:\/\/fonolukk.eu\/et\/tooted\/bud-302s-80-3\/","name":"BUD-302S-80 - Fonolukk","isPartOf":{"@id":"https:\/\/fonolukk.eu\/et\/#website"},"primaryImageOfPage":{"@id":"https:\/\/fonolukk.eu\/et\/tooted\/bud-302s-80-3\/#primaryimage"},"image":{"@id":"https:\/\/fonolukk.eu\/et\/tooted\/bud-302s-80-3\/#primaryimage"},"thumbnailUrl":"https:\/\/fonolukk.eu\/wp-content\/uploads\/2020\/11\/10a20bfbb59e5b0aa90710364b2d4f7c-2.jpg","datePublished":"2020-11-01T13:18:25+00:00","dateModified":"2021-10-24T14:08:20+00:00","description":"BUD-302S-80 - Fonolukk","breadcrumb":{"@id":"https:\/\/fonolukk.eu\/et\/tooted\/bud-302s-80-3\/#breadcrumb"},"inLanguage":"et","potentialAction":[{"@type":"ReadAction","target":["https:\/\/fonolukk.eu\/et\/tooted\/bud-302s-80-3\/"]}]},{"@type":"ImageObject","inLanguage":"et","@id":"https:\/\/fonolukk.eu\/et\/tooted\/bud-302s-80-3\/#primaryimage","url":"https:\/\/fonolukk.eu\/wp-content\/uploads\/2020\/11\/10a20bfbb59e5b0aa90710364b2d4f7c-2.jpg","contentUrl":"https:\/\/fonolukk.eu\/wp-content\/uploads\/2020\/11\/10a20bfbb59e5b0aa90710364b2d4f7c-2.jpg","width":792,"height":483,"caption":"video jagaja fonolukk"},{"@type":"BreadcrumbList","@id":"https:\/\/fonolukk.eu\/et\/tooted\/bud-302s-80-3\/#breadcrumb","itemListElement":[{"@type":"ListItem","position":1,"name":"Esileht","item":"https:\/\/fonolukk.eu\/et\/koduleht\/"},{"@type":"ListItem","position":2,"name":"Tooted","item":"https:\/\/fonolukk.eu\/et\/shop-2\/"},{"@type":"ListItem","position":3,"name":"Fonolukud","item":"https:\/\/fonolukk.eu\/et\/product-category\/fonolukud\/"},{"@type":"ListItem","position":4,"name":"Vizit","item":"https:\/\/fonolukk.eu\/et\/product-category\/fonolukud\/vizit-et-2\/"},{"@type":"ListItem","position":5,"name":"Toiteblokid, aksessuaarid","item":"https:\/\/fonolukk.eu\/et\/product-category\/fonolukud\/vizit-et-2\/toiteblokid-aksessuaarid-et-4\/"},{"@type":"ListItem","position":6,"name":"BUD-302S-80"}]},{"@type":"WebSite","@id":"https:\/\/fonolukk.eu\/et\/#website","url":"https:\/\/fonolukk.eu\/et\/","name":"Fonolukk eu","description":"Smart Security Systems","publisher":{"@id":"https:\/\/fonolukk.eu\/et\/#organization"},"potentialAction":[{"@type":"SearchAction","target":{"@type":"EntryPoint","urlTemplate":"https:\/\/fonolukk.eu\/et\/?s={search_term_string}"},"query-input":{"@type":"PropertyValueSpecification","valueRequired":true,"valueName":"search_term_string"}}],"inLanguage":"et"},{"@type":"Organization","@id":"https:\/\/fonolukk.eu\/et\/#organization","name":"Smart Security OU","url":"https:\/\/fonolukk.eu\/et\/","logo":{"@type":"ImageObject","inLanguage":"et","@id":"https:\/\/fonolukk.eu\/et\/#\/schema\/logo\/image\/","url":"https:\/\/fonolukk.eu\/wp-content\/uploads\/2023\/09\/fonolukk.png","contentUrl":"https:\/\/fonolukk.eu\/wp-content\/uploads\/2023\/09\/fonolukk.png","width":277,"height":274,"caption":"Smart Security OU"},"image":{"@id":"https:\/\/fonolukk.eu\/et\/#\/schema\/logo\/image\/"},"sameAs":["https:\/\/www.facebook.com\/fonolukk","https:\/\/www.instagram.com\/fonolukk\/?hl=ru"],"publishingPrinciples":"https:\/\/fonolukk.eu\/terms-and-conditions\/","ownershipFundingInfo":"https:\/\/fonolukk.eu\/about-us\/"}]},"product_brand":"Vizit","product_price_amount":"0.00","product_price_currency":"EUR","og_availability":"instock","product_availability":"instock","product_retailer_item_id":"BUD-302S-80","product_condition":"new"},"_links":{"self":[{"href":"https:\/\/fonolukk.eu\/et\/wp-json\/wp\/v2\/product\/8603","targetHints":{"allow":["GET"]}}],"collection":[{"href":"https:\/\/fonolukk.eu\/et\/wp-json\/wp\/v2\/product"}],"about":[{"href":"https:\/\/fonolukk.eu\/et\/wp-json\/wp\/v2\/types\/product"}],"version-history":[{"count":0,"href":"https:\/\/fonolukk.eu\/et\/wp-json\/wp\/v2\/product\/8603\/revisions"}],"wp:featuredmedia":[{"embeddable":true,"href":"https:\/\/fonolukk.eu\/et\/wp-json\/wp\/v2\/media\/12417"}],"wp:attachment":[{"href":"https:\/\/fonolukk.eu\/et\/wp-json\/wp\/v2\/media?parent=8603"}],"wp:term":[{"taxonomy":"product_brand","embeddable":true,"href":"https:\/\/fonolukk.eu\/et\/wp-json\/wp\/v2\/product_brand?post=8603"},{"taxonomy":"product_cat","embeddable":true,"href":"https:\/\/fonolukk.eu\/et\/wp-json\/wp\/v2\/product_cat?post=8603"},{"taxonomy":"product_tag","embeddable":true,"href":"https:\/\/fonolukk.eu\/et\/wp-json\/wp\/v2\/product_tag?post=8603"}],"curies":[{"name":"wp","href":"https:\/\/api.w.org\/{rel}","templated":true}]}}