{"id":8614,"date":"2020-11-01T15:33:38","date_gmt":"2020-11-01T13:33:38","guid":{"rendered":"https:\/\/fonolukk.eu\/?post_type=product&#038;p=8614"},"modified":"2025-04-03T15:12:12","modified_gmt":"2025-04-03T12:12:12","slug":"bud-430s-3","status":"publish","type":"product","link":"https:\/\/fonolukk.eu\/et\/tooted\/bud-430s-3\/","title":{"rendered":"Vizit BUD-430S"},"content":{"rendered":"<p><strong>Kirjeldus:<\/strong><\/p>\n<div id=\"descrip_ul\">\n<p>Domofoni juhtplokk BUD-430S<br \/>\nDomofoni juhtplokk BUD-430S t\u00f6\u00f6tab komplektis seeria 300 ja 400 v\u00e4ljakutseplokkidega elumaja trepikoja jaoks;<br \/>\nsisse-ehitatud impulsstoiteallikas (187\u2013242 VAC);<br \/>\nabonentide arv \u2013 kuni 400;<br \/>\nduplekssidega valjuh\u00e4\u00e4ldiga \u00fchendus abonendiga;<br \/>\nv\u00f5imalus sisse l\u00fclitada re\u017eiim \u201eAKCEPT\u201c \u2013 kasutajav\u00f5tmete automaatne salvestamine pidevas v\u00f5tmete salvestamise loendis;<br \/>\nkasutajal on v\u00f5imalus m\u00e4\u00e4rata\/muuta individuaalset p\u00e4\u00e4sukoodi;<br \/>\nv\u00f5imalus ehitada s\u00fcsteem, mis teenindab kuni 4 trepikoja sissep\u00e4\u00e4su;<br \/>\nliinitakistuse automaatne kompensatsioon, mis parandab vestlusrakta t\u00f6\u00f6 stabiilsust pikkade liinide korral;<br \/>\nelektrooniline helitugevuse reguleerimine VBD-s;<br \/>\nelektrooniline kaitse luku juhtimisahelate \u00fclekoormuse eest;<br \/>\n\u201ehotelli\u201c korterinumbrite tugi;<br \/>\nv\u00f5tmebaasi uuendamise, korterikutsumise sisse-\/v\u00e4ljal\u00fclitamise ja s\u00fcsteemsete seadete muutmise v\u00f5imalus kontaktivaba m\u00e4lumooduli VIZIT-RFM4 abil;<br \/>\nv\u00f5imalus uuendada ploki tarkvara objektil (kasutades CU-14);<br \/>\nekraanil kuvatavad s\u00f5numid \u2013 tarbijariigi keeles;<br \/>\nkasutaja- ja teenindusmen\u00fc\u00fc v\u00e4ljakutseploki ekraanil;<br \/>\nm\u00e4lu 2400 v\u00f5tmele (6\u00d7400 korterit v\u00f5i 12\u00d7200 korterit) VIZIT-TM \/ VIZIT-RF;<br \/>\nt\u00f6\u00f6 koos VIZIT-i administraatori puldiga;<br \/>\nt\u00f6\u00f6temperatuuride vahemik, \u00b0\u0421 \u2013 pluss 1 kuni pluss 45;<br \/>\nBUD-430S v\u00f5ib t\u00f6\u00f6tada koos seeria 300 v\u00e4ljakutseplokkidega.<\/p>\n<div class='w3eden'><!-- WPDM Link Template: Default Template -->\n\n<div class=\"link-template-default card mb-2\">\n    <div class=\"card-body\">\n        <div class=\"media\">\n            <div class=\"mr-3 img-48\"><img decoding=\"async\" class=\"wpdm_icon\" alt=\"Icon\"   src=\"https:\/\/fonolukk.eu\/wp-content\/plugins\/download-manager\/assets\/file-type-icons\/pdf.svg\" \/><\/div>\n            <div class=\"media-body\">\n                <h3 class=\"package-title\"><a href='https:\/\/fonolukk.eu\/download\/bud-430s\/'>BUD-430S<\/a><\/h3>\n                <div class=\"text-muted text-small\"><i class=\"fas fa-copy\"><\/i> 1 file(s) <i class=\"fas fa-hdd ml-3\"><\/i> 1.11 MB<\/div>\n            <\/div>\n            <div class=\"ml-3\">\n                <div class=\"w3eden\"><div class=\"panel panel-default card\"><div class=\"panel-body card-body\"><span class=\"text-danger\">Login is required to access this page<\/span><\/div><div class=\"panel-footer card-footer text-right\"><a href=\"https:\/\/fonolukk.eu\/wp-login.php?redirect_to=\/et\/wp-json\/wp\/v2\/product\/8614\" class=\"btn btn-danger wpdmloginmodal-trigger btn-sm\"><i class=\"fa fa-lock\"><\/i> Login<\/a><\/div><\/div><\/div>\n            <\/div>\n        <\/div>\n    <\/div>\n<\/div>\n\n<\/div>\n<\/div>\n","protected":false},"excerpt":{"rendered":"<p>Kirjeldus: Domofoni juhtplokk BUD-430S Domofoni juhtplokk BUD-430S t\u00f6\u00f6tab komplektis seeria 300 ja 400 v\u00e4ljakutseplokkidega elumaja trepikoja jaoks; sisse-ehitatud impulsstoiteallikas (187\u2013242<\/p>\n","protected":false},"featured_media":12423,"template":"","meta":[],"product_brand":[],"product_cat":[606,960,910],"product_tag":[],"class_list":{"0":"post-8614","1":"product","2":"type-product","3":"status-publish","4":"has-post-thumbnail","6":"product_cat-fonolukud","7":"product_cat-toiteblokid-aksessuaarid-et-4","8":"product_cat-vizit-et-2","9":"pa_brand-vizit","11":"first","12":"instock","13":"taxable","14":"shipping-taxable","15":"purchasable","16":"product-type-simple"},"yoast_head":"<!-- This site is optimized with the Yoast SEO Premium plugin v27.3 (Yoast SEO v27.3) - https:\/\/yoast.com\/product\/yoast-seo-premium-wordpress\/ -->\n<title>Vizit BUD-430S - Fonolukk<\/title>\n<meta name=\"description\" content=\"Vizit BUD-430S - Fonolukk\" \/>\n<meta name=\"robots\" content=\"index, follow, max-snippet:-1, max-image-preview:large, max-video-preview:-1\" \/>\n<link rel=\"canonical\" href=\"https:\/\/fonolukk.eu\/et\/tooted\/bud-430s-3\/\" \/>\n<meta property=\"og:locale\" content=\"et_EE\" \/>\n<meta property=\"og:type\" content=\"article\" \/>\n<meta property=\"og:title\" content=\"Vizit BUD-430S\" \/>\n<meta property=\"og:description\" content=\"Kirjeldus: Domofoni juhtplokk BUD-430S Domofoni juhtplokk BUD-430S t\u00f6\u00f6tab komplektis seeria 300 ja 400 v\u00e4ljakutseplokkidega elumaja trepikoja jaoks;\" \/>\n<meta property=\"og:url\" content=\"https:\/\/fonolukk.eu\/et\/tooted\/bud-430s-3\/\" \/>\n<meta property=\"og:site_name\" content=\"Fonolukk\" \/>\n<meta property=\"article:publisher\" content=\"https:\/\/www.facebook.com\/fonolukk\" \/>\n<meta property=\"article:modified_time\" content=\"2025-04-03T12:12:12+00:00\" \/>\n<meta property=\"og:image\" content=\"https:\/\/fonolukk.eu\/wp-content\/uploads\/2020\/11\/d5ce695a8b5b5d837b62561e987d6568-1.jpg\" \/>\n\t<meta property=\"og:image:width\" content=\"1420\" \/>\n\t<meta property=\"og:image:height\" content=\"902\" \/>\n\t<meta property=\"og:image:type\" content=\"image\/jpeg\" \/>\n<meta name=\"twitter:card\" content=\"summary_large_image\" \/>\n<meta name=\"twitter:label1\" content=\"Hind\" \/>\n\t<meta name=\"twitter:data1\" content=\"&euro;208.30 koos KM\" \/>\n\t<meta name=\"twitter:label2\" content=\"Availability\" \/>\n\t<meta name=\"twitter:data2\" content=\"Laos\" \/>\n<script type=\"application\/ld+json\" class=\"yoast-schema-graph\">{\"@context\":\"https:\\\/\\\/schema.org\",\"@graph\":[{\"@type\":\"WebPage\",\"@id\":\"https:\\\/\\\/fonolukk.eu\\\/et\\\/tooted\\\/bud-430s-3\\\/\",\"url\":\"https:\\\/\\\/fonolukk.eu\\\/et\\\/tooted\\\/bud-430s-3\\\/\",\"name\":\"Vizit BUD-430S - Fonolukk\",\"isPartOf\":{\"@id\":\"https:\\\/\\\/fonolukk.eu\\\/et\\\/#website\"},\"primaryImageOfPage\":{\"@id\":\"https:\\\/\\\/fonolukk.eu\\\/et\\\/tooted\\\/bud-430s-3\\\/#primaryimage\"},\"image\":{\"@id\":\"https:\\\/\\\/fonolukk.eu\\\/et\\\/tooted\\\/bud-430s-3\\\/#primaryimage\"},\"thumbnailUrl\":\"https:\\\/\\\/fonolukk.eu\\\/wp-content\\\/uploads\\\/2020\\\/11\\\/d5ce695a8b5b5d837b62561e987d6568-1.jpg\",\"datePublished\":\"2020-11-01T13:33:38+00:00\",\"dateModified\":\"2025-04-03T12:12:12+00:00\",\"description\":\"Vizit BUD-430S - Fonolukk\",\"breadcrumb\":{\"@id\":\"https:\\\/\\\/fonolukk.eu\\\/et\\\/tooted\\\/bud-430s-3\\\/#breadcrumb\"},\"inLanguage\":\"et\",\"potentialAction\":[{\"@type\":\"ReadAction\",\"target\":[\"https:\\\/\\\/fonolukk.eu\\\/et\\\/tooted\\\/bud-430s-3\\\/\"]}]},{\"@type\":\"ImageObject\",\"inLanguage\":\"et\",\"@id\":\"https:\\\/\\\/fonolukk.eu\\\/et\\\/tooted\\\/bud-430s-3\\\/#primaryimage\",\"url\":\"https:\\\/\\\/fonolukk.eu\\\/wp-content\\\/uploads\\\/2020\\\/11\\\/d5ce695a8b5b5d837b62561e987d6568-1.jpg\",\"contentUrl\":\"https:\\\/\\\/fonolukk.eu\\\/wp-content\\\/uploads\\\/2020\\\/11\\\/d5ce695a8b5b5d837b62561e987d6568-1.jpg\",\"width\":1420,\"height\":902,\"caption\":\"toidublokk fonolukk\"},{\"@type\":\"BreadcrumbList\",\"@id\":\"https:\\\/\\\/fonolukk.eu\\\/et\\\/tooted\\\/bud-430s-3\\\/#breadcrumb\",\"itemListElement\":[{\"@type\":\"ListItem\",\"position\":1,\"name\":\"Esileht\",\"item\":\"https:\\\/\\\/fonolukk.eu\\\/et\\\/koduleht\\\/\"},{\"@type\":\"ListItem\",\"position\":2,\"name\":\"Tooted\",\"item\":\"https:\\\/\\\/fonolukk.eu\\\/et\\\/shop-2\\\/\"},{\"@type\":\"ListItem\",\"position\":3,\"name\":\"Fonolukud\",\"item\":\"https:\\\/\\\/fonolukk.eu\\\/et\\\/product-category\\\/fonolukud\\\/\"},{\"@type\":\"ListItem\",\"position\":4,\"name\":\"Vizit\",\"item\":\"https:\\\/\\\/fonolukk.eu\\\/et\\\/product-category\\\/fonolukud\\\/vizit-et-2\\\/\"},{\"@type\":\"ListItem\",\"position\":5,\"name\":\"Toiteblokid, aksessuaarid\",\"item\":\"https:\\\/\\\/fonolukk.eu\\\/et\\\/product-category\\\/fonolukud\\\/vizit-et-2\\\/toiteblokid-aksessuaarid-et-4\\\/\"},{\"@type\":\"ListItem\",\"position\":6,\"name\":\"Vizit BUD-430S\"}]},{\"@type\":\"WebSite\",\"@id\":\"https:\\\/\\\/fonolukk.eu\\\/et\\\/#website\",\"url\":\"https:\\\/\\\/fonolukk.eu\\\/et\\\/\",\"name\":\"Fonolukk eu\",\"description\":\"Smart Security Systems\",\"publisher\":{\"@id\":\"https:\\\/\\\/fonolukk.eu\\\/et\\\/#organization\"},\"potentialAction\":[{\"@type\":\"SearchAction\",\"target\":{\"@type\":\"EntryPoint\",\"urlTemplate\":\"https:\\\/\\\/fonolukk.eu\\\/et\\\/?s={search_term_string}\"},\"query-input\":{\"@type\":\"PropertyValueSpecification\",\"valueRequired\":true,\"valueName\":\"search_term_string\"}}],\"inLanguage\":\"et\"},{\"@type\":\"Organization\",\"@id\":\"https:\\\/\\\/fonolukk.eu\\\/et\\\/#organization\",\"name\":\"Smart Security OU\",\"url\":\"https:\\\/\\\/fonolukk.eu\\\/et\\\/\",\"logo\":{\"@type\":\"ImageObject\",\"inLanguage\":\"et\",\"@id\":\"https:\\\/\\\/fonolukk.eu\\\/et\\\/#\\\/schema\\\/logo\\\/image\\\/\",\"url\":\"https:\\\/\\\/fonolukk.eu\\\/wp-content\\\/uploads\\\/2023\\\/09\\\/fonolukk.png\",\"contentUrl\":\"https:\\\/\\\/fonolukk.eu\\\/wp-content\\\/uploads\\\/2023\\\/09\\\/fonolukk.png\",\"width\":277,\"height\":274,\"caption\":\"Smart Security OU\"},\"image\":{\"@id\":\"https:\\\/\\\/fonolukk.eu\\\/et\\\/#\\\/schema\\\/logo\\\/image\\\/\"},\"sameAs\":[\"https:\\\/\\\/www.facebook.com\\\/fonolukk\",\"https:\\\/\\\/www.instagram.com\\\/fonolukk\\\/?hl=ru\"],\"publishingPrinciples\":\"https:\\\/\\\/fonolukk.eu\\\/terms-and-conditions\\\/\",\"ownershipFundingInfo\":\"https:\\\/\\\/fonolukk.eu\\\/about-us\\\/\"}]}<\/script>\n<meta property=\"product:brand\" content=\"Vizit\" \/>\n<meta property=\"product:price:amount\" content=\"208.30\" \/>\n<meta property=\"product:price:currency\" content=\"EUR\" \/>\n<meta property=\"og:availability\" content=\"instock\" \/>\n<meta property=\"product:availability\" content=\"instock\" \/>\n<meta property=\"product:retailer_item_id\" content=\"BUD-430S\" \/>\n<meta property=\"product:condition\" content=\"new\" \/>\n<!-- \/ Yoast SEO Premium plugin. -->","yoast_head_json":{"title":"Vizit BUD-430S - Fonolukk","description":"Vizit BUD-430S - Fonolukk","robots":{"index":"index","follow":"follow","max-snippet":"max-snippet:-1","max-image-preview":"max-image-preview:large","max-video-preview":"max-video-preview:-1"},"canonical":"https:\/\/fonolukk.eu\/et\/tooted\/bud-430s-3\/","og_locale":"et_EE","og_type":"article","og_title":"Vizit BUD-430S","og_description":"Kirjeldus: Domofoni juhtplokk BUD-430S Domofoni juhtplokk BUD-430S t\u00f6\u00f6tab komplektis seeria 300 ja 400 v\u00e4ljakutseplokkidega elumaja trepikoja jaoks;","og_url":"https:\/\/fonolukk.eu\/et\/tooted\/bud-430s-3\/","og_site_name":"Fonolukk","article_publisher":"https:\/\/www.facebook.com\/fonolukk","article_modified_time":"2025-04-03T12:12:12+00:00","og_image":[{"width":1420,"height":902,"url":"https:\/\/fonolukk.eu\/wp-content\/uploads\/2020\/11\/d5ce695a8b5b5d837b62561e987d6568-1.jpg","type":"image\/jpeg"}],"twitter_card":"summary_large_image","twitter_misc":{"Hind":"&euro;208.30 koos KM","Availability":"Laos"},"schema":{"@context":"https:\/\/schema.org","@graph":[{"@type":"WebPage","@id":"https:\/\/fonolukk.eu\/et\/tooted\/bud-430s-3\/","url":"https:\/\/fonolukk.eu\/et\/tooted\/bud-430s-3\/","name":"Vizit BUD-430S - Fonolukk","isPartOf":{"@id":"https:\/\/fonolukk.eu\/et\/#website"},"primaryImageOfPage":{"@id":"https:\/\/fonolukk.eu\/et\/tooted\/bud-430s-3\/#primaryimage"},"image":{"@id":"https:\/\/fonolukk.eu\/et\/tooted\/bud-430s-3\/#primaryimage"},"thumbnailUrl":"https:\/\/fonolukk.eu\/wp-content\/uploads\/2020\/11\/d5ce695a8b5b5d837b62561e987d6568-1.jpg","datePublished":"2020-11-01T13:33:38+00:00","dateModified":"2025-04-03T12:12:12+00:00","description":"Vizit BUD-430S - Fonolukk","breadcrumb":{"@id":"https:\/\/fonolukk.eu\/et\/tooted\/bud-430s-3\/#breadcrumb"},"inLanguage":"et","potentialAction":[{"@type":"ReadAction","target":["https:\/\/fonolukk.eu\/et\/tooted\/bud-430s-3\/"]}]},{"@type":"ImageObject","inLanguage":"et","@id":"https:\/\/fonolukk.eu\/et\/tooted\/bud-430s-3\/#primaryimage","url":"https:\/\/fonolukk.eu\/wp-content\/uploads\/2020\/11\/d5ce695a8b5b5d837b62561e987d6568-1.jpg","contentUrl":"https:\/\/fonolukk.eu\/wp-content\/uploads\/2020\/11\/d5ce695a8b5b5d837b62561e987d6568-1.jpg","width":1420,"height":902,"caption":"toidublokk fonolukk"},{"@type":"BreadcrumbList","@id":"https:\/\/fonolukk.eu\/et\/tooted\/bud-430s-3\/#breadcrumb","itemListElement":[{"@type":"ListItem","position":1,"name":"Esileht","item":"https:\/\/fonolukk.eu\/et\/koduleht\/"},{"@type":"ListItem","position":2,"name":"Tooted","item":"https:\/\/fonolukk.eu\/et\/shop-2\/"},{"@type":"ListItem","position":3,"name":"Fonolukud","item":"https:\/\/fonolukk.eu\/et\/product-category\/fonolukud\/"},{"@type":"ListItem","position":4,"name":"Vizit","item":"https:\/\/fonolukk.eu\/et\/product-category\/fonolukud\/vizit-et-2\/"},{"@type":"ListItem","position":5,"name":"Toiteblokid, aksessuaarid","item":"https:\/\/fonolukk.eu\/et\/product-category\/fonolukud\/vizit-et-2\/toiteblokid-aksessuaarid-et-4\/"},{"@type":"ListItem","position":6,"name":"Vizit BUD-430S"}]},{"@type":"WebSite","@id":"https:\/\/fonolukk.eu\/et\/#website","url":"https:\/\/fonolukk.eu\/et\/","name":"Fonolukk eu","description":"Smart Security Systems","publisher":{"@id":"https:\/\/fonolukk.eu\/et\/#organization"},"potentialAction":[{"@type":"SearchAction","target":{"@type":"EntryPoint","urlTemplate":"https:\/\/fonolukk.eu\/et\/?s={search_term_string}"},"query-input":{"@type":"PropertyValueSpecification","valueRequired":true,"valueName":"search_term_string"}}],"inLanguage":"et"},{"@type":"Organization","@id":"https:\/\/fonolukk.eu\/et\/#organization","name":"Smart Security OU","url":"https:\/\/fonolukk.eu\/et\/","logo":{"@type":"ImageObject","inLanguage":"et","@id":"https:\/\/fonolukk.eu\/et\/#\/schema\/logo\/image\/","url":"https:\/\/fonolukk.eu\/wp-content\/uploads\/2023\/09\/fonolukk.png","contentUrl":"https:\/\/fonolukk.eu\/wp-content\/uploads\/2023\/09\/fonolukk.png","width":277,"height":274,"caption":"Smart Security OU"},"image":{"@id":"https:\/\/fonolukk.eu\/et\/#\/schema\/logo\/image\/"},"sameAs":["https:\/\/www.facebook.com\/fonolukk","https:\/\/www.instagram.com\/fonolukk\/?hl=ru"],"publishingPrinciples":"https:\/\/fonolukk.eu\/terms-and-conditions\/","ownershipFundingInfo":"https:\/\/fonolukk.eu\/about-us\/"}]},"product_brand":"Vizit","product_price_amount":"208.30","product_price_currency":"EUR","og_availability":"instock","product_availability":"instock","product_retailer_item_id":"BUD-430S","product_condition":"new"},"_links":{"self":[{"href":"https:\/\/fonolukk.eu\/et\/wp-json\/wp\/v2\/product\/8614","targetHints":{"allow":["GET"]}}],"collection":[{"href":"https:\/\/fonolukk.eu\/et\/wp-json\/wp\/v2\/product"}],"about":[{"href":"https:\/\/fonolukk.eu\/et\/wp-json\/wp\/v2\/types\/product"}],"version-history":[{"count":3,"href":"https:\/\/fonolukk.eu\/et\/wp-json\/wp\/v2\/product\/8614\/revisions"}],"predecessor-version":[{"id":19965,"href":"https:\/\/fonolukk.eu\/et\/wp-json\/wp\/v2\/product\/8614\/revisions\/19965"}],"wp:featuredmedia":[{"embeddable":true,"href":"https:\/\/fonolukk.eu\/et\/wp-json\/wp\/v2\/media\/12423"}],"wp:attachment":[{"href":"https:\/\/fonolukk.eu\/et\/wp-json\/wp\/v2\/media?parent=8614"}],"wp:term":[{"taxonomy":"product_brand","embeddable":true,"href":"https:\/\/fonolukk.eu\/et\/wp-json\/wp\/v2\/product_brand?post=8614"},{"taxonomy":"product_cat","embeddable":true,"href":"https:\/\/fonolukk.eu\/et\/wp-json\/wp\/v2\/product_cat?post=8614"},{"taxonomy":"product_tag","embeddable":true,"href":"https:\/\/fonolukk.eu\/et\/wp-json\/wp\/v2\/product_tag?post=8614"}],"curies":[{"name":"wp","href":"https:\/\/api.w.org\/{rel}","templated":true}]}}