{"id":8682,"date":"2020-11-29T12:25:19","date_gmt":"2020-11-29T10:25:19","guid":{"rendered":"https:\/\/fonolukk.eu\/?post_type=product&#038;p=8682"},"modified":"2025-04-03T14:57:50","modified_gmt":"2025-04-03T11:57:50","slug":"rainmann-laskomex-lm-8-sinine","status":"publish","type":"product","link":"https:\/\/fonolukk.eu\/et\/tooted\/rainmann-laskomex-lm-8-sinine\/","title":{"rendered":"Rainmann (Laskomex) LM-8 Sinine"},"content":{"rendered":"<h3>LM-8 Sinine<\/h3>\n<p>Rainmann (Laskomex) LM-8 \/ sinine<br \/>\nRainmanni intercom-toru (Laskomex) omadused:<\/p>\n<p>Korteri numbri programmeerimine: d\u017eemprite kasutamine<br \/>\nK\u00f5nesignaali l\u00fcliti: jah<br \/>\nLukustuse juhtimine: nupp luku avamiseks<br \/>\nK\u00f5nesignaali reguleerimine: jah<\/p>\n<p>Toiteallika pinge: intercomilt<\/p>\n","protected":false},"excerpt":{"rendered":"<p><span style=\"color: #ff0000;\">T\u00c4HELEPANU!<\/span><br \/>\nSee toru sobib ainult Rainmanni (Laskomex) s\u00fcsteemile.<\/p>\n<p><span style=\"color: #ff0000;\">V\u00e4lja arvatud KD-3000 ja CA-3500.<\/span><\/p>\n<p>Pange t\u00e4hele, et valesti \u00fchendatud telefonitoru v\u00f5ib sisek\u00f5nes\u00fcsteemi kahjustada!<\/p>\n<p>Intercomi mudeli saate teada v\u00e4lisukselt asuvalt paneelilt.<\/p>\n<p>Kui te pole kindel v\u00f5i ei saa kindlaks teha, milline sisetelefonimudel teil on<\/p>\n<p>Saatke meile sisetelefoni fotod ja me aitame teid.<\/p>\n<p>E-post:\u00a0<a href=\"mailto:info@fonolukk.ee\">info@fonolukk.ee<\/a><\/p>\n","protected":false},"featured_media":15697,"template":"","meta":[],"product_brand":[],"product_cat":[385,912,606,816,958,908,964],"product_tag":[],"class_list":{"0":"post-8682","1":"product","2":"type-product","3":"status-publish","4":"has-post-thumbnail","6":"product_cat-intercom-torud","7":"product_cat-xvoice-et","8":"product_cat-fonolukud","9":"product_cat-laskomex-rainmann","10":"product_cat-intercomi-torud-et-2","11":"product_cat-rainmann-laskomex-et-2","12":"product_cat-uksetelefoni-torud-et-4","13":"pa_brand-laskomex-et","15":"first","16":"outofstock","17":"taxable","18":"shipping-taxable","19":"product-type-simple"},"yoast_head":"<!-- This site is optimized with the Yoast SEO Premium plugin v27.3 (Yoast SEO v27.3) - https:\/\/yoast.com\/product\/yoast-seo-premium-wordpress\/ -->\n<title>Rainmann (Laskomex) LM-8 Sinine - Fonolukk<\/title>\n<meta name=\"description\" content=\"Rainmann (Laskomex) LM-8 Sinine - Fonolukk\" \/>\n<meta name=\"robots\" content=\"index, follow, max-snippet:-1, max-image-preview:large, max-video-preview:-1\" \/>\n<link rel=\"canonical\" href=\"https:\/\/fonolukk.eu\/et\/tooted\/rainmann-laskomex-lm-8-sinine\/\" \/>\n<meta property=\"og:locale\" content=\"et_EE\" \/>\n<meta property=\"og:type\" content=\"article\" \/>\n<meta property=\"og:title\" content=\"Rainmann (Laskomex) LM-8 Sinine\" \/>\n<meta property=\"og:description\" content=\"T\u00c4HELEPANU! See toru sobib ainult Rainmanni (Laskomex) s\u00fcsteemile.  V\u00e4lja arvatud KD-3000 ja CA-3500.  Pange t\u00e4hele, et valesti \u00fchendatud telefonitoru v\u00f5ib sisek\u00f5nes\u00fcsteemi kahjustada!  Intercomi mudeli saate teada v\u00e4lisukselt asuvalt paneelilt.  Kui te pole kindel v\u00f5i ei saa kindlaks teha, milline sisetelefonimudel teil on  Saatke meile sisetelefoni fotod ja me aitame teid.  E-post:\u00a0info@fonolukk.ee\" \/>\n<meta property=\"og:url\" content=\"https:\/\/fonolukk.eu\/et\/tooted\/rainmann-laskomex-lm-8-sinine\/\" \/>\n<meta property=\"og:site_name\" content=\"Fonolukk\" \/>\n<meta property=\"article:publisher\" content=\"https:\/\/www.facebook.com\/fonolukk\" \/>\n<meta property=\"article:modified_time\" content=\"2025-04-03T11:57:50+00:00\" \/>\n<meta property=\"og:image\" content=\"https:\/\/fonolukk.eu\/wp-content\/uploads\/2020\/11\/lm-8-blue.jpg\" \/>\n\t<meta property=\"og:image:width\" content=\"1176\" \/>\n\t<meta property=\"og:image:height\" content=\"1208\" \/>\n\t<meta property=\"og:image:type\" content=\"image\/jpeg\" \/>\n<meta name=\"twitter:card\" content=\"summary_large_image\" \/>\n<meta name=\"twitter:label1\" content=\"Hind\" \/>\n\t<meta name=\"twitter:data1\" content=\"\" \/>\n\t<meta name=\"twitter:label2\" content=\"Availability\" \/>\n\t<meta name=\"twitter:data2\" content=\"Laost otsas\" \/>\n<script type=\"application\/ld+json\" class=\"yoast-schema-graph\">{\"@context\":\"https:\\\/\\\/schema.org\",\"@graph\":[{\"@type\":\"WebPage\",\"@id\":\"https:\\\/\\\/fonolukk.eu\\\/et\\\/tooted\\\/rainmann-laskomex-lm-8-sinine\\\/\",\"url\":\"https:\\\/\\\/fonolukk.eu\\\/et\\\/tooted\\\/rainmann-laskomex-lm-8-sinine\\\/\",\"name\":\"Rainmann (Laskomex) LM-8 Sinine - Fonolukk\",\"isPartOf\":{\"@id\":\"https:\\\/\\\/fonolukk.eu\\\/et\\\/#website\"},\"primaryImageOfPage\":{\"@id\":\"https:\\\/\\\/fonolukk.eu\\\/et\\\/tooted\\\/rainmann-laskomex-lm-8-sinine\\\/#primaryimage\"},\"image\":{\"@id\":\"https:\\\/\\\/fonolukk.eu\\\/et\\\/tooted\\\/rainmann-laskomex-lm-8-sinine\\\/#primaryimage\"},\"thumbnailUrl\":\"https:\\\/\\\/fonolukk.eu\\\/wp-content\\\/uploads\\\/2020\\\/11\\\/lm-8-blue.jpg\",\"datePublished\":\"2020-11-29T10:25:19+00:00\",\"dateModified\":\"2025-04-03T11:57:50+00:00\",\"description\":\"Rainmann (Laskomex) LM-8 Sinine - Fonolukk\",\"breadcrumb\":{\"@id\":\"https:\\\/\\\/fonolukk.eu\\\/et\\\/tooted\\\/rainmann-laskomex-lm-8-sinine\\\/#breadcrumb\"},\"inLanguage\":\"et\",\"potentialAction\":[{\"@type\":\"ReadAction\",\"target\":[\"https:\\\/\\\/fonolukk.eu\\\/et\\\/tooted\\\/rainmann-laskomex-lm-8-sinine\\\/\"]}]},{\"@type\":\"ImageObject\",\"inLanguage\":\"et\",\"@id\":\"https:\\\/\\\/fonolukk.eu\\\/et\\\/tooted\\\/rainmann-laskomex-lm-8-sinine\\\/#primaryimage\",\"url\":\"https:\\\/\\\/fonolukk.eu\\\/wp-content\\\/uploads\\\/2020\\\/11\\\/lm-8-blue.jpg\",\"contentUrl\":\"https:\\\/\\\/fonolukk.eu\\\/wp-content\\\/uploads\\\/2020\\\/11\\\/lm-8-blue.jpg\",\"width\":1176,\"height\":1208,\"caption\":\"lm-8-blue fonolukk\"},{\"@type\":\"BreadcrumbList\",\"@id\":\"https:\\\/\\\/fonolukk.eu\\\/et\\\/tooted\\\/rainmann-laskomex-lm-8-sinine\\\/#breadcrumb\",\"itemListElement\":[{\"@type\":\"ListItem\",\"position\":1,\"name\":\"Esileht\",\"item\":\"https:\\\/\\\/fonolukk.eu\\\/et\\\/koduleht\\\/\"},{\"@type\":\"ListItem\",\"position\":2,\"name\":\"Tooted\",\"item\":\"https:\\\/\\\/fonolukk.eu\\\/et\\\/shop-2\\\/\"},{\"@type\":\"ListItem\",\"position\":3,\"name\":\"Fonolukud\",\"item\":\"https:\\\/\\\/fonolukk.eu\\\/et\\\/product-category\\\/fonolukud\\\/\"},{\"@type\":\"ListItem\",\"position\":4,\"name\":\"Rainmann (Laskomex) LM-8 Sinine\"}]},{\"@type\":\"WebSite\",\"@id\":\"https:\\\/\\\/fonolukk.eu\\\/et\\\/#website\",\"url\":\"https:\\\/\\\/fonolukk.eu\\\/et\\\/\",\"name\":\"Fonolukk eu\",\"description\":\"Smart Security Systems\",\"publisher\":{\"@id\":\"https:\\\/\\\/fonolukk.eu\\\/et\\\/#organization\"},\"potentialAction\":[{\"@type\":\"SearchAction\",\"target\":{\"@type\":\"EntryPoint\",\"urlTemplate\":\"https:\\\/\\\/fonolukk.eu\\\/et\\\/?s={search_term_string}\"},\"query-input\":{\"@type\":\"PropertyValueSpecification\",\"valueRequired\":true,\"valueName\":\"search_term_string\"}}],\"inLanguage\":\"et\"},{\"@type\":\"Organization\",\"@id\":\"https:\\\/\\\/fonolukk.eu\\\/et\\\/#organization\",\"name\":\"Smart Security OU\",\"url\":\"https:\\\/\\\/fonolukk.eu\\\/et\\\/\",\"logo\":{\"@type\":\"ImageObject\",\"inLanguage\":\"et\",\"@id\":\"https:\\\/\\\/fonolukk.eu\\\/et\\\/#\\\/schema\\\/logo\\\/image\\\/\",\"url\":\"https:\\\/\\\/fonolukk.eu\\\/wp-content\\\/uploads\\\/2023\\\/09\\\/fonolukk.png\",\"contentUrl\":\"https:\\\/\\\/fonolukk.eu\\\/wp-content\\\/uploads\\\/2023\\\/09\\\/fonolukk.png\",\"width\":277,\"height\":274,\"caption\":\"Smart Security OU\"},\"image\":{\"@id\":\"https:\\\/\\\/fonolukk.eu\\\/et\\\/#\\\/schema\\\/logo\\\/image\\\/\"},\"sameAs\":[\"https:\\\/\\\/www.facebook.com\\\/fonolukk\",\"https:\\\/\\\/www.instagram.com\\\/fonolukk\\\/?hl=ru\"],\"publishingPrinciples\":\"https:\\\/\\\/fonolukk.eu\\\/terms-and-conditions\\\/\",\"ownershipFundingInfo\":\"https:\\\/\\\/fonolukk.eu\\\/about-us\\\/\"}]}<\/script>\n<meta property=\"product:brand\" content=\"Laskomex\" \/>\n<meta property=\"product:price:amount\" content=\"0.00\" \/>\n<meta property=\"product:price:currency\" content=\"EUR\" \/>\n<meta property=\"og:availability\" content=\"out of stock\" \/>\n<meta property=\"product:availability\" content=\"out of stock\" \/>\n<meta property=\"product:retailer_item_id\" content=\"LM-8 \/Blue\" \/>\n<meta property=\"product:condition\" content=\"new\" \/>\n<!-- \/ Yoast SEO Premium plugin. -->","yoast_head_json":{"title":"Rainmann (Laskomex) LM-8 Sinine - Fonolukk","description":"Rainmann (Laskomex) LM-8 Sinine - Fonolukk","robots":{"index":"index","follow":"follow","max-snippet":"max-snippet:-1","max-image-preview":"max-image-preview:large","max-video-preview":"max-video-preview:-1"},"canonical":"https:\/\/fonolukk.eu\/et\/tooted\/rainmann-laskomex-lm-8-sinine\/","og_locale":"et_EE","og_type":"article","og_title":"Rainmann (Laskomex) LM-8 Sinine","og_description":"T\u00c4HELEPANU! See toru sobib ainult Rainmanni (Laskomex) s\u00fcsteemile.  V\u00e4lja arvatud KD-3000 ja CA-3500.  Pange t\u00e4hele, et valesti \u00fchendatud telefonitoru v\u00f5ib sisek\u00f5nes\u00fcsteemi kahjustada!  Intercomi mudeli saate teada v\u00e4lisukselt asuvalt paneelilt.  Kui te pole kindel v\u00f5i ei saa kindlaks teha, milline sisetelefonimudel teil on  Saatke meile sisetelefoni fotod ja me aitame teid.  E-post:\u00a0info@fonolukk.ee","og_url":"https:\/\/fonolukk.eu\/et\/tooted\/rainmann-laskomex-lm-8-sinine\/","og_site_name":"Fonolukk","article_publisher":"https:\/\/www.facebook.com\/fonolukk","article_modified_time":"2025-04-03T11:57:50+00:00","og_image":[{"width":1176,"height":1208,"url":"https:\/\/fonolukk.eu\/wp-content\/uploads\/2020\/11\/lm-8-blue.jpg","type":"image\/jpeg"}],"twitter_card":"summary_large_image","twitter_misc":{"Hind":"","Availability":"Laost otsas"},"schema":{"@context":"https:\/\/schema.org","@graph":[{"@type":"WebPage","@id":"https:\/\/fonolukk.eu\/et\/tooted\/rainmann-laskomex-lm-8-sinine\/","url":"https:\/\/fonolukk.eu\/et\/tooted\/rainmann-laskomex-lm-8-sinine\/","name":"Rainmann (Laskomex) LM-8 Sinine - Fonolukk","isPartOf":{"@id":"https:\/\/fonolukk.eu\/et\/#website"},"primaryImageOfPage":{"@id":"https:\/\/fonolukk.eu\/et\/tooted\/rainmann-laskomex-lm-8-sinine\/#primaryimage"},"image":{"@id":"https:\/\/fonolukk.eu\/et\/tooted\/rainmann-laskomex-lm-8-sinine\/#primaryimage"},"thumbnailUrl":"https:\/\/fonolukk.eu\/wp-content\/uploads\/2020\/11\/lm-8-blue.jpg","datePublished":"2020-11-29T10:25:19+00:00","dateModified":"2025-04-03T11:57:50+00:00","description":"Rainmann (Laskomex) LM-8 Sinine - Fonolukk","breadcrumb":{"@id":"https:\/\/fonolukk.eu\/et\/tooted\/rainmann-laskomex-lm-8-sinine\/#breadcrumb"},"inLanguage":"et","potentialAction":[{"@type":"ReadAction","target":["https:\/\/fonolukk.eu\/et\/tooted\/rainmann-laskomex-lm-8-sinine\/"]}]},{"@type":"ImageObject","inLanguage":"et","@id":"https:\/\/fonolukk.eu\/et\/tooted\/rainmann-laskomex-lm-8-sinine\/#primaryimage","url":"https:\/\/fonolukk.eu\/wp-content\/uploads\/2020\/11\/lm-8-blue.jpg","contentUrl":"https:\/\/fonolukk.eu\/wp-content\/uploads\/2020\/11\/lm-8-blue.jpg","width":1176,"height":1208,"caption":"lm-8-blue fonolukk"},{"@type":"BreadcrumbList","@id":"https:\/\/fonolukk.eu\/et\/tooted\/rainmann-laskomex-lm-8-sinine\/#breadcrumb","itemListElement":[{"@type":"ListItem","position":1,"name":"Esileht","item":"https:\/\/fonolukk.eu\/et\/koduleht\/"},{"@type":"ListItem","position":2,"name":"Tooted","item":"https:\/\/fonolukk.eu\/et\/shop-2\/"},{"@type":"ListItem","position":3,"name":"Fonolukud","item":"https:\/\/fonolukk.eu\/et\/product-category\/fonolukud\/"},{"@type":"ListItem","position":4,"name":"Rainmann (Laskomex) LM-8 Sinine"}]},{"@type":"WebSite","@id":"https:\/\/fonolukk.eu\/et\/#website","url":"https:\/\/fonolukk.eu\/et\/","name":"Fonolukk eu","description":"Smart Security Systems","publisher":{"@id":"https:\/\/fonolukk.eu\/et\/#organization"},"potentialAction":[{"@type":"SearchAction","target":{"@type":"EntryPoint","urlTemplate":"https:\/\/fonolukk.eu\/et\/?s={search_term_string}"},"query-input":{"@type":"PropertyValueSpecification","valueRequired":true,"valueName":"search_term_string"}}],"inLanguage":"et"},{"@type":"Organization","@id":"https:\/\/fonolukk.eu\/et\/#organization","name":"Smart Security OU","url":"https:\/\/fonolukk.eu\/et\/","logo":{"@type":"ImageObject","inLanguage":"et","@id":"https:\/\/fonolukk.eu\/et\/#\/schema\/logo\/image\/","url":"https:\/\/fonolukk.eu\/wp-content\/uploads\/2023\/09\/fonolukk.png","contentUrl":"https:\/\/fonolukk.eu\/wp-content\/uploads\/2023\/09\/fonolukk.png","width":277,"height":274,"caption":"Smart Security OU"},"image":{"@id":"https:\/\/fonolukk.eu\/et\/#\/schema\/logo\/image\/"},"sameAs":["https:\/\/www.facebook.com\/fonolukk","https:\/\/www.instagram.com\/fonolukk\/?hl=ru"],"publishingPrinciples":"https:\/\/fonolukk.eu\/terms-and-conditions\/","ownershipFundingInfo":"https:\/\/fonolukk.eu\/about-us\/"}]},"product_brand":"Laskomex","product_price_amount":"0.00","product_price_currency":"EUR","og_availability":"out of stock","product_availability":"out of stock","product_retailer_item_id":"LM-8 \/Blue","product_condition":"new"},"_links":{"self":[{"href":"https:\/\/fonolukk.eu\/et\/wp-json\/wp\/v2\/product\/8682","targetHints":{"allow":["GET"]}}],"collection":[{"href":"https:\/\/fonolukk.eu\/et\/wp-json\/wp\/v2\/product"}],"about":[{"href":"https:\/\/fonolukk.eu\/et\/wp-json\/wp\/v2\/types\/product"}],"version-history":[{"count":1,"href":"https:\/\/fonolukk.eu\/et\/wp-json\/wp\/v2\/product\/8682\/revisions"}],"predecessor-version":[{"id":19959,"href":"https:\/\/fonolukk.eu\/et\/wp-json\/wp\/v2\/product\/8682\/revisions\/19959"}],"wp:featuredmedia":[{"embeddable":true,"href":"https:\/\/fonolukk.eu\/et\/wp-json\/wp\/v2\/media\/15697"}],"wp:attachment":[{"href":"https:\/\/fonolukk.eu\/et\/wp-json\/wp\/v2\/media?parent=8682"}],"wp:term":[{"taxonomy":"product_brand","embeddable":true,"href":"https:\/\/fonolukk.eu\/et\/wp-json\/wp\/v2\/product_brand?post=8682"},{"taxonomy":"product_cat","embeddable":true,"href":"https:\/\/fonolukk.eu\/et\/wp-json\/wp\/v2\/product_cat?post=8682"},{"taxonomy":"product_tag","embeddable":true,"href":"https:\/\/fonolukk.eu\/et\/wp-json\/wp\/v2\/product_tag?post=8682"}],"curies":[{"name":"wp","href":"https:\/\/api.w.org\/{rel}","templated":true}]}}