{"id":8692,"date":"2020-11-29T13:10:14","date_gmt":"2020-11-29T11:10:14","guid":{"rendered":"https:\/\/fonolukk.eu\/?post_type=product&#038;p=8692"},"modified":"2025-11-23T23:36:12","modified_gmt":"2025-11-23T21:36:12","slug":"laskomex-lm-8-must","status":"publish","type":"product","link":"https:\/\/fonolukk.eu\/et\/tooted\/laskomex-lm-8-must\/","title":{"rendered":"Fonolukutelefon Laskomex LM-8 Must"},"content":{"rendered":"<h3>LM-8 Must<\/h3>\n<p>Rainmann uksetelefoni toru (Laskomex) omadused:<\/p>\n<p>Korteri numbri programmeerimine: kiipi kasutamine<br \/>\nK\u00f5nesignaali l\u00fcliti: jah<br \/>\nLukustuse juhtimine: nupp luku avamiseks<br \/>\nK\u00f5nesignaali reguleerimine: jah<\/p>\n<p>Toiteallika pinge: intercomilt<\/p>\n<div class='w3eden'><!-- WPDM Link Template: Default Template -->\n\n<div class=\"link-template-default card mb-2\">\n    <div class=\"card-body\">\n        <div class=\"media\">\n            <div class=\"mr-3 img-48\"><img decoding=\"async\" class=\"wpdm_icon\" alt=\"Icon\"   src=\"https:\/\/fonolukk.eu\/wp-content\/plugins\/download-manager\/assets\/file-type-icons\/pdf.svg\" \/><\/div>\n            <div class=\"media-body\">\n                <h3 class=\"package-title\"><a href='https:\/\/fonolukk.eu\/download\/rainmann-laskomex-lm-8\/'>Rainmann (Laskomex) LM-8<\/a><\/h3>\n                <div class=\"text-muted text-small\"><i class=\"fas fa-copy\"><\/i> 1 file(s) <i class=\"fas fa-hdd ml-3\"><\/i> 162.76 KB<\/div>\n            <\/div>\n            <div class=\"ml-3\">\n                <div class=\"w3eden\"><div class=\"panel panel-default card\"><div class=\"panel-body card-body\"><span class=\"text-danger\">Login is required to access this page<\/span><\/div><div class=\"panel-footer card-footer text-right\"><a href=\"https:\/\/fonolukk.eu\/wp-login.php?redirect_to=\/et\/wp-json\/wp\/v2\/product\/8692\" class=\"btn btn-danger wpdmloginmodal-trigger btn-sm\"><i class=\"fa fa-lock\"><\/i> Login<\/a><\/div><\/div><\/div>\n            <\/div>\n        <\/div>\n    <\/div>\n<\/div>\n\n<\/div>\n<div class='w3eden'><!-- WPDM Link Template: Default Template -->\n\n<div class=\"link-template-default card mb-2\">\n    <div class=\"card-body\">\n        <div class=\"media\">\n            <div class=\"mr-3 img-48\"><img decoding=\"async\" class=\"wpdm_icon\" alt=\"Icon\"   src=\"https:\/\/fonolukk.eu\/wp-content\/plugins\/download-manager\/assets\/file-type-icons\/pdf.svg\" \/><\/div>\n            <div class=\"media-body\">\n                <h3 class=\"package-title\"><a href='https:\/\/fonolukk.eu\/download\/ec-2502_est\/'>EC-2502_EST<\/a><\/h3>\n                <div class=\"text-muted text-small\"><i class=\"fas fa-copy\"><\/i> 1 file(s) <i class=\"fas fa-hdd ml-3\"><\/i> 1.83 MB<\/div>\n            <\/div>\n            <div class=\"ml-3\">\n                <div class=\"w3eden\"><div class=\"panel panel-default card\"><div class=\"panel-body card-body\"><span class=\"text-danger\">Login is required to access this page<\/span><\/div><div class=\"panel-footer card-footer text-right\"><a href=\"https:\/\/fonolukk.eu\/wp-login.php?redirect_to=\/et\/wp-json\/wp\/v2\/product\/8692\" class=\"btn btn-danger wpdmloginmodal-trigger btn-sm\"><i class=\"fa fa-lock\"><\/i> Login<\/a><\/div><\/div><\/div>\n            <\/div>\n        <\/div>\n    <\/div>\n<\/div>\n\n<\/div>\n","protected":false},"excerpt":{"rendered":"<p><span style=\"color: #ff0000;\">T\u00c4HELEPANU!<\/span><br \/>\nSee toru sobib ainult Rainmanni (Laskomex) s\u00fcsteemile.<\/p>\n<p><span style=\"color: #ff0000;\">V\u00e4lja arvatud KD-3000 ja CA-3500.<\/span><\/p>\n<p>Pange t\u00e4hele, et valesti \u00fchendatud telefonitoru v\u00f5ib sisek\u00f5nes\u00fcsteemi kahjustada!<\/p>\n<p>Fonos\u00fcsteemi mudeli saate teada v\u00e4lisukselt asuvalt paneelilt.<\/p>\n<p>Kui te pole kindel v\u00f5i ei saa kindlaks teha, milline sisetelefonimudel teil on<\/p>\n<p>Saatke meile sisetelefoni fotod ja me aitame teid.<\/p>\n<p>E-post:\u00a0<a href=\"mailto:info@fonolukk.ee\">info@fonolukk.ee<\/a><\/p>\n","protected":false},"featured_media":15663,"template":"","meta":[],"product_brand":[],"product_cat":[385,912,606,958,816,964,908],"product_tag":[],"class_list":{"0":"post-8692","1":"product","2":"type-product","3":"status-publish","4":"has-post-thumbnail","6":"product_cat-intercom-torud","7":"product_cat-xvoice-et","8":"product_cat-fonolukud","9":"product_cat-intercomi-torud-et-2","10":"product_cat-laskomex-rainmann","11":"product_cat-uksetelefoni-torud-et-4","12":"product_cat-rainmann-laskomex-et-2","13":"pa_brand-laskomex-et","15":"first","16":"instock","17":"taxable","18":"shipping-taxable","19":"purchasable","20":"product-type-simple"},"yoast_head":"<!-- This site is optimized with the Yoast SEO Premium plugin v27.3 (Yoast SEO v27.3) - https:\/\/yoast.com\/product\/yoast-seo-premium-wordpress\/ -->\n<title>Fonolukutelefon Laskomex LM-8 Must - Fonolukk<\/title>\n<meta name=\"description\" content=\"Fonolukutelefon Laskomex LM-8 Must - Fonolukk\" \/>\n<meta name=\"robots\" content=\"index, follow, max-snippet:-1, max-image-preview:large, max-video-preview:-1\" \/>\n<link rel=\"canonical\" href=\"https:\/\/fonolukk.eu\/et\/tooted\/laskomex-lm-8-must\/\" \/>\n<meta property=\"og:locale\" content=\"et_EE\" \/>\n<meta property=\"og:type\" content=\"article\" \/>\n<meta property=\"og:title\" content=\"Fonolukutelefon Laskomex LM-8 Must\" \/>\n<meta property=\"og:description\" content=\"T\u00c4HELEPANU! See toru sobib ainult Rainmanni (Laskomex) s\u00fcsteemile.  V\u00e4lja arvatud KD-3000 ja CA-3500.  Pange t\u00e4hele, et valesti \u00fchendatud telefonitoru v\u00f5ib sisek\u00f5nes\u00fcsteemi kahjustada!  Fonos\u00fcsteemi mudeli saate teada v\u00e4lisukselt asuvalt paneelilt.  Kui te pole kindel v\u00f5i ei saa kindlaks teha, milline sisetelefonimudel teil on  Saatke meile sisetelefoni fotod ja me aitame teid.  E-post:\u00a0info@fonolukk.ee\" \/>\n<meta property=\"og:url\" content=\"https:\/\/fonolukk.eu\/et\/tooted\/laskomex-lm-8-must\/\" \/>\n<meta property=\"og:site_name\" content=\"Fonolukk\" \/>\n<meta property=\"article:publisher\" content=\"https:\/\/www.facebook.com\/fonolukk\" \/>\n<meta property=\"article:modified_time\" content=\"2025-11-23T21:36:12+00:00\" \/>\n<meta property=\"og:image\" content=\"https:\/\/fonolukk.eu\/wp-content\/uploads\/2020\/03\/lm-ukt2-fonolukk.jpeg\" \/>\n\t<meta property=\"og:image:width\" content=\"226\" \/>\n\t<meta property=\"og:image:height\" content=\"223\" \/>\n\t<meta property=\"og:image:type\" content=\"image\/jpeg\" \/>\n<meta name=\"twitter:card\" content=\"summary_large_image\" \/>\n<meta name=\"twitter:label1\" content=\"Hind\" \/>\n\t<meta name=\"twitter:data1\" content=\"&euro;31.45 koos KM\" \/>\n\t<meta name=\"twitter:label2\" content=\"Availability\" \/>\n\t<meta name=\"twitter:data2\" content=\"Laos\" \/>\n<script type=\"application\/ld+json\" class=\"yoast-schema-graph\">{\"@context\":\"https:\\\/\\\/schema.org\",\"@graph\":[{\"@type\":\"WebPage\",\"@id\":\"https:\\\/\\\/fonolukk.eu\\\/et\\\/tooted\\\/laskomex-lm-8-must\\\/\",\"url\":\"https:\\\/\\\/fonolukk.eu\\\/et\\\/tooted\\\/laskomex-lm-8-must\\\/\",\"name\":\"Fonolukutelefon Laskomex LM-8 Must - Fonolukk\",\"isPartOf\":{\"@id\":\"https:\\\/\\\/fonolukk.eu\\\/et\\\/#website\"},\"primaryImageOfPage\":{\"@id\":\"https:\\\/\\\/fonolukk.eu\\\/et\\\/tooted\\\/laskomex-lm-8-must\\\/#primaryimage\"},\"image\":{\"@id\":\"https:\\\/\\\/fonolukk.eu\\\/et\\\/tooted\\\/laskomex-lm-8-must\\\/#primaryimage\"},\"thumbnailUrl\":\"https:\\\/\\\/fonolukk.eu\\\/wp-content\\\/uploads\\\/2020\\\/03\\\/lm-ukt2-fonolukk.jpeg\",\"datePublished\":\"2020-11-29T11:10:14+00:00\",\"dateModified\":\"2025-11-23T21:36:12+00:00\",\"description\":\"Fonolukutelefon Laskomex LM-8 Must - Fonolukk\",\"breadcrumb\":{\"@id\":\"https:\\\/\\\/fonolukk.eu\\\/et\\\/tooted\\\/laskomex-lm-8-must\\\/#breadcrumb\"},\"inLanguage\":\"et\",\"potentialAction\":[{\"@type\":\"ReadAction\",\"target\":[\"https:\\\/\\\/fonolukk.eu\\\/et\\\/tooted\\\/laskomex-lm-8-must\\\/\"]}]},{\"@type\":\"ImageObject\",\"inLanguage\":\"et\",\"@id\":\"https:\\\/\\\/fonolukk.eu\\\/et\\\/tooted\\\/laskomex-lm-8-must\\\/#primaryimage\",\"url\":\"https:\\\/\\\/fonolukk.eu\\\/wp-content\\\/uploads\\\/2020\\\/03\\\/lm-ukt2-fonolukk.jpeg\",\"contentUrl\":\"https:\\\/\\\/fonolukk.eu\\\/wp-content\\\/uploads\\\/2020\\\/03\\\/lm-ukt2-fonolukk.jpeg\",\"width\":226,\"height\":223,\"caption\":\"Fonolukk - Rainman lm\"},{\"@type\":\"BreadcrumbList\",\"@id\":\"https:\\\/\\\/fonolukk.eu\\\/et\\\/tooted\\\/laskomex-lm-8-must\\\/#breadcrumb\",\"itemListElement\":[{\"@type\":\"ListItem\",\"position\":1,\"name\":\"Esileht\",\"item\":\"https:\\\/\\\/fonolukk.eu\\\/et\\\/koduleht\\\/\"},{\"@type\":\"ListItem\",\"position\":2,\"name\":\"Tooted\",\"item\":\"https:\\\/\\\/fonolukk.eu\\\/et\\\/shop-2\\\/\"},{\"@type\":\"ListItem\",\"position\":3,\"name\":\"Fonolukud\",\"item\":\"https:\\\/\\\/fonolukk.eu\\\/et\\\/product-category\\\/fonolukud\\\/\"},{\"@type\":\"ListItem\",\"position\":4,\"name\":\"Rainmann (Laskomex)\",\"item\":\"https:\\\/\\\/fonolukk.eu\\\/et\\\/product-category\\\/fonolukud\\\/rainmann-laskomex-et-2\\\/\"},{\"@type\":\"ListItem\",\"position\":5,\"name\":\"Uksetelefoni torud\",\"item\":\"https:\\\/\\\/fonolukk.eu\\\/et\\\/product-category\\\/fonolukud\\\/rainmann-laskomex-et-2\\\/intercomi-torud-et-2\\\/\"},{\"@type\":\"ListItem\",\"position\":6,\"name\":\"Fonolukutelefon Laskomex LM-8 Must\"}]},{\"@type\":\"WebSite\",\"@id\":\"https:\\\/\\\/fonolukk.eu\\\/et\\\/#website\",\"url\":\"https:\\\/\\\/fonolukk.eu\\\/et\\\/\",\"name\":\"Fonolukk eu\",\"description\":\"Smart Security Systems\",\"publisher\":{\"@id\":\"https:\\\/\\\/fonolukk.eu\\\/et\\\/#organization\"},\"potentialAction\":[{\"@type\":\"SearchAction\",\"target\":{\"@type\":\"EntryPoint\",\"urlTemplate\":\"https:\\\/\\\/fonolukk.eu\\\/et\\\/?s={search_term_string}\"},\"query-input\":{\"@type\":\"PropertyValueSpecification\",\"valueRequired\":true,\"valueName\":\"search_term_string\"}}],\"inLanguage\":\"et\"},{\"@type\":\"Organization\",\"@id\":\"https:\\\/\\\/fonolukk.eu\\\/et\\\/#organization\",\"name\":\"Smart Security OU\",\"url\":\"https:\\\/\\\/fonolukk.eu\\\/et\\\/\",\"logo\":{\"@type\":\"ImageObject\",\"inLanguage\":\"et\",\"@id\":\"https:\\\/\\\/fonolukk.eu\\\/et\\\/#\\\/schema\\\/logo\\\/image\\\/\",\"url\":\"https:\\\/\\\/fonolukk.eu\\\/wp-content\\\/uploads\\\/2023\\\/09\\\/fonolukk.png\",\"contentUrl\":\"https:\\\/\\\/fonolukk.eu\\\/wp-content\\\/uploads\\\/2023\\\/09\\\/fonolukk.png\",\"width\":277,\"height\":274,\"caption\":\"Smart Security OU\"},\"image\":{\"@id\":\"https:\\\/\\\/fonolukk.eu\\\/et\\\/#\\\/schema\\\/logo\\\/image\\\/\"},\"sameAs\":[\"https:\\\/\\\/www.facebook.com\\\/fonolukk\",\"https:\\\/\\\/www.instagram.com\\\/fonolukk\\\/?hl=ru\"],\"publishingPrinciples\":\"https:\\\/\\\/fonolukk.eu\\\/terms-and-conditions\\\/\",\"ownershipFundingInfo\":\"https:\\\/\\\/fonolukk.eu\\\/about-us\\\/\"}]}<\/script>\n<meta property=\"product:brand\" content=\"Laskomex\" \/>\n<meta property=\"product:price:amount\" content=\"31.45\" \/>\n<meta property=\"product:price:currency\" content=\"EUR\" \/>\n<meta property=\"og:availability\" content=\"instock\" \/>\n<meta property=\"product:availability\" content=\"instock\" \/>\n<meta property=\"product:retailer_item_id\" content=\"LM-8 \/ Black\" \/>\n<meta property=\"product:condition\" content=\"new\" \/>\n<!-- \/ Yoast SEO Premium plugin. -->","yoast_head_json":{"title":"Fonolukutelefon Laskomex LM-8 Must - Fonolukk","description":"Fonolukutelefon Laskomex LM-8 Must - Fonolukk","robots":{"index":"index","follow":"follow","max-snippet":"max-snippet:-1","max-image-preview":"max-image-preview:large","max-video-preview":"max-video-preview:-1"},"canonical":"https:\/\/fonolukk.eu\/et\/tooted\/laskomex-lm-8-must\/","og_locale":"et_EE","og_type":"article","og_title":"Fonolukutelefon Laskomex LM-8 Must","og_description":"T\u00c4HELEPANU! See toru sobib ainult Rainmanni (Laskomex) s\u00fcsteemile.  V\u00e4lja arvatud KD-3000 ja CA-3500.  Pange t\u00e4hele, et valesti \u00fchendatud telefonitoru v\u00f5ib sisek\u00f5nes\u00fcsteemi kahjustada!  Fonos\u00fcsteemi mudeli saate teada v\u00e4lisukselt asuvalt paneelilt.  Kui te pole kindel v\u00f5i ei saa kindlaks teha, milline sisetelefonimudel teil on  Saatke meile sisetelefoni fotod ja me aitame teid.  E-post:\u00a0info@fonolukk.ee","og_url":"https:\/\/fonolukk.eu\/et\/tooted\/laskomex-lm-8-must\/","og_site_name":"Fonolukk","article_publisher":"https:\/\/www.facebook.com\/fonolukk","article_modified_time":"2025-11-23T21:36:12+00:00","og_image":[{"width":226,"height":223,"url":"https:\/\/fonolukk.eu\/wp-content\/uploads\/2020\/03\/lm-ukt2-fonolukk.jpeg","type":"image\/jpeg"}],"twitter_card":"summary_large_image","twitter_misc":{"Hind":"&euro;31.45 koos KM","Availability":"Laos"},"schema":{"@context":"https:\/\/schema.org","@graph":[{"@type":"WebPage","@id":"https:\/\/fonolukk.eu\/et\/tooted\/laskomex-lm-8-must\/","url":"https:\/\/fonolukk.eu\/et\/tooted\/laskomex-lm-8-must\/","name":"Fonolukutelefon Laskomex LM-8 Must - Fonolukk","isPartOf":{"@id":"https:\/\/fonolukk.eu\/et\/#website"},"primaryImageOfPage":{"@id":"https:\/\/fonolukk.eu\/et\/tooted\/laskomex-lm-8-must\/#primaryimage"},"image":{"@id":"https:\/\/fonolukk.eu\/et\/tooted\/laskomex-lm-8-must\/#primaryimage"},"thumbnailUrl":"https:\/\/fonolukk.eu\/wp-content\/uploads\/2020\/03\/lm-ukt2-fonolukk.jpeg","datePublished":"2020-11-29T11:10:14+00:00","dateModified":"2025-11-23T21:36:12+00:00","description":"Fonolukutelefon Laskomex LM-8 Must - Fonolukk","breadcrumb":{"@id":"https:\/\/fonolukk.eu\/et\/tooted\/laskomex-lm-8-must\/#breadcrumb"},"inLanguage":"et","potentialAction":[{"@type":"ReadAction","target":["https:\/\/fonolukk.eu\/et\/tooted\/laskomex-lm-8-must\/"]}]},{"@type":"ImageObject","inLanguage":"et","@id":"https:\/\/fonolukk.eu\/et\/tooted\/laskomex-lm-8-must\/#primaryimage","url":"https:\/\/fonolukk.eu\/wp-content\/uploads\/2020\/03\/lm-ukt2-fonolukk.jpeg","contentUrl":"https:\/\/fonolukk.eu\/wp-content\/uploads\/2020\/03\/lm-ukt2-fonolukk.jpeg","width":226,"height":223,"caption":"Fonolukk - Rainman lm"},{"@type":"BreadcrumbList","@id":"https:\/\/fonolukk.eu\/et\/tooted\/laskomex-lm-8-must\/#breadcrumb","itemListElement":[{"@type":"ListItem","position":1,"name":"Esileht","item":"https:\/\/fonolukk.eu\/et\/koduleht\/"},{"@type":"ListItem","position":2,"name":"Tooted","item":"https:\/\/fonolukk.eu\/et\/shop-2\/"},{"@type":"ListItem","position":3,"name":"Fonolukud","item":"https:\/\/fonolukk.eu\/et\/product-category\/fonolukud\/"},{"@type":"ListItem","position":4,"name":"Rainmann (Laskomex)","item":"https:\/\/fonolukk.eu\/et\/product-category\/fonolukud\/rainmann-laskomex-et-2\/"},{"@type":"ListItem","position":5,"name":"Uksetelefoni torud","item":"https:\/\/fonolukk.eu\/et\/product-category\/fonolukud\/rainmann-laskomex-et-2\/intercomi-torud-et-2\/"},{"@type":"ListItem","position":6,"name":"Fonolukutelefon Laskomex LM-8 Must"}]},{"@type":"WebSite","@id":"https:\/\/fonolukk.eu\/et\/#website","url":"https:\/\/fonolukk.eu\/et\/","name":"Fonolukk eu","description":"Smart Security Systems","publisher":{"@id":"https:\/\/fonolukk.eu\/et\/#organization"},"potentialAction":[{"@type":"SearchAction","target":{"@type":"EntryPoint","urlTemplate":"https:\/\/fonolukk.eu\/et\/?s={search_term_string}"},"query-input":{"@type":"PropertyValueSpecification","valueRequired":true,"valueName":"search_term_string"}}],"inLanguage":"et"},{"@type":"Organization","@id":"https:\/\/fonolukk.eu\/et\/#organization","name":"Smart Security OU","url":"https:\/\/fonolukk.eu\/et\/","logo":{"@type":"ImageObject","inLanguage":"et","@id":"https:\/\/fonolukk.eu\/et\/#\/schema\/logo\/image\/","url":"https:\/\/fonolukk.eu\/wp-content\/uploads\/2023\/09\/fonolukk.png","contentUrl":"https:\/\/fonolukk.eu\/wp-content\/uploads\/2023\/09\/fonolukk.png","width":277,"height":274,"caption":"Smart Security OU"},"image":{"@id":"https:\/\/fonolukk.eu\/et\/#\/schema\/logo\/image\/"},"sameAs":["https:\/\/www.facebook.com\/fonolukk","https:\/\/www.instagram.com\/fonolukk\/?hl=ru"],"publishingPrinciples":"https:\/\/fonolukk.eu\/terms-and-conditions\/","ownershipFundingInfo":"https:\/\/fonolukk.eu\/about-us\/"}]},"product_brand":"Laskomex","product_price_amount":"31.45","product_price_currency":"EUR","og_availability":"instock","product_availability":"instock","product_retailer_item_id":"LM-8 \/ Black","product_condition":"new"},"_links":{"self":[{"href":"https:\/\/fonolukk.eu\/et\/wp-json\/wp\/v2\/product\/8692","targetHints":{"allow":["GET"]}}],"collection":[{"href":"https:\/\/fonolukk.eu\/et\/wp-json\/wp\/v2\/product"}],"about":[{"href":"https:\/\/fonolukk.eu\/et\/wp-json\/wp\/v2\/types\/product"}],"version-history":[{"count":4,"href":"https:\/\/fonolukk.eu\/et\/wp-json\/wp\/v2\/product\/8692\/revisions"}],"predecessor-version":[{"id":19955,"href":"https:\/\/fonolukk.eu\/et\/wp-json\/wp\/v2\/product\/8692\/revisions\/19955"}],"wp:featuredmedia":[{"embeddable":true,"href":"https:\/\/fonolukk.eu\/et\/wp-json\/wp\/v2\/media\/15663"}],"wp:attachment":[{"href":"https:\/\/fonolukk.eu\/et\/wp-json\/wp\/v2\/media?parent=8692"}],"wp:term":[{"taxonomy":"product_brand","embeddable":true,"href":"https:\/\/fonolukk.eu\/et\/wp-json\/wp\/v2\/product_brand?post=8692"},{"taxonomy":"product_cat","embeddable":true,"href":"https:\/\/fonolukk.eu\/et\/wp-json\/wp\/v2\/product_cat?post=8692"},{"taxonomy":"product_tag","embeddable":true,"href":"https:\/\/fonolukk.eu\/et\/wp-json\/wp\/v2\/product_tag?post=8692"}],"curies":[{"name":"wp","href":"https:\/\/api.w.org\/{rel}","templated":true}]}}