{"id":9044,"date":"2020-12-17T17:42:56","date_gmt":"2020-12-17T15:42:57","guid":{"rendered":"https:\/\/fonolukk.eu\/?post_type=product&#038;p=9044"},"modified":"2020-12-17T18:02:48","modified_gmt":"2020-12-17T16:02:48","slug":"videx-4212rv-sa","status":"publish","type":"product","link":"https:\/\/fonolukk.eu\/et\/tooted\/videx-4212rv-sa\/","title":{"rendered":"Videx 4212RV\/SA"},"content":{"rendered":"<div class=\"container-fluid mainpage\">\n<div class=\"row tab_product displayed_site\" data-visibility=\"visibilitybox\">\n<div class=\"tab_container myrow\">\n<div id=\"tab1\" class=\"tab_content description myrow\">\n<div class=\"myrow\">\n<div class=\"container-fluid mainpage\">\n<div class=\"row tab_product displayed_site\" data-visibility=\"visibilitybox\">\n<div class=\"tab_container myrow\">\n<div id=\"tab1\" class=\"tab_content description myrow\">\n<div class=\"myrow\">\n<div class=\"container-fluid mainpage\">\n<div class=\"row tab_product displayed_site\" data-visibility=\"visibilitybox\">\n<div class=\"tab_container myrow\">\n<div id=\"tab1\" class=\"tab_content description myrow\">\n<div class=\"myrow\">\n<p><span>Vandaalikindel digitaalne k\u00f5nepaneel VX2200 digitaals\u00fcsteemile koos repertuaari nimega ja sisseehitatud kaameraga<\/span><\/p>\n<\/div>\n<div class=\"myrow outside_table\">\n<table>\n<colgroup>\n<col \/>\n<col \/><\/colgroup>\n<tbody>\n<tr>\n<td><span>Audio \/ video<\/span><\/td>\n<td><span>Audio \/ video<\/span><\/td>\n<\/tr>\n<tr>\n<td><span>Repertuaari nime rajatis<\/span><\/td>\n<td><span>Jah<\/span><\/td>\n<\/tr>\n<tr>\n<td><span>Kaamera sensor \/ LED-<\/span><br \/>\n<span>t\u00fc\u00fcp \/ kallutamine<\/span><\/td>\n<td><span>CMOS \/ valge valgus<\/span><br \/>\n<span>V\u00e4rvus \/ 10 \u00b0<\/span><\/td>\n<\/tr>\n<tr>\n<td><span>Videosignaali re\u017eiim<\/span><\/td>\n<td><span>Tasakaalustatud \/ koaksiaalne<\/span><\/td>\n<\/tr>\n<tr>\n<td><span>Lai kaamera valik<\/span><\/td>\n<td><span>Standard<\/span><\/td>\n<\/tr>\n<tr>\n<td><span>Ekraan \/ taustvalgus<\/span><\/td>\n<td><span>Graafiline 128x64px \/ sinine<\/span><\/td>\n<\/tr>\n<tr>\n<td><span>Sisseehitatud l\u00e4hiv\u00f5tmete lugeja<\/span><\/td>\n<td><span>Jah 125Khz H4102 2800 v\u00f5tmed<\/span><\/td>\n<\/tr>\n<tr>\n<td><span>Programmeerimine<\/span><\/td>\n<td><span>Klahvistik \/ arvuti<\/span><\/td>\n<\/tr>\n<tr>\n<td><span>Liidesed<\/span><\/td>\n<td><span>RS-485 \/ WIEGAND \/ USB<\/span><\/td>\n<\/tr>\n<tr>\n<td><span>Plaadi t\u00fc\u00fcp<\/span><\/td>\n<td><span>Vandaalikindel<\/span><\/td>\n<\/tr>\n<tr>\n<td><span>Plaadi viimistlus<\/span><\/td>\n<td><span>Harjatud roostevaba teras<\/span><\/td>\n<\/tr>\n<tr>\n<td><span>Klahvistiku nupud<\/span><\/td>\n<td>15<\/td>\n<\/tr>\n<tr>\n<td><span>Paigaldamine<\/span><\/td>\n<td><span>Pind<\/span><\/td>\n<\/tr>\n<tr>\n<td><span>Suurus<\/span><\/td>\n<td><span>127x277x30mm<\/span><\/td>\n<\/tr>\n<tr>\n<td><span>Speach board opt<\/span><\/td>\n<td><span>Saadaval n\u00f5udmisel<\/span><\/td>\n<\/tr>\n<tr>\n<td><span>Kasutajate \/ kasutajakoodide arv<\/span><\/td>\n<td>998\/2800<\/td>\n<\/tr>\n<tr>\n<td><span>RFID sagedus<\/span><\/td>\n<td><span>125KHz<\/span><\/td>\n<\/tr>\n<tr>\n<td><span>Juurdep\u00e4\u00e4su kontroll<\/span><\/td>\n<td><span>Kasutajakood \/ L\u00e4hedusv\u00f5ti \/ Kasutajakood + l\u00e4hedusv\u00f5ti<\/span><\/td>\n<\/tr>\n<tr>\n<td><span>S\u00fcndmuste logi<\/span><\/td>\n<td><span>4000 \u00fcritust<\/span><\/td>\n<\/tr>\n<tr>\n<td><span>Relee<\/span><\/td>\n<td>1<\/td>\n<\/tr>\n<tr>\n<td><span>Relee pinged<\/span><\/td>\n<td><span>Maksimaalselt 24Vac \/ dc 2A<\/span><\/td>\n<\/tr>\n<tr>\n<td><span>Relee kontaktid<\/span><\/td>\n<td><span>Kuivad kontaktid \/ kondensaatori t\u00fchjendus (12Vac \/ dc 1A max)<\/span><\/td>\n<\/tr>\n<tr>\n<td><span>PTE sisend<\/span><\/td>\n<td><span>Jah<\/span><\/td>\n<\/tr>\n<tr>\n<td><span>TRD sisend<\/span><\/td>\n<td><span>Jah<\/span><\/td>\n<\/tr>\n<tr>\n<td><span>T\u00f6\u00f6pinge<\/span><\/td>\n<td><span>12 Vdc<\/span><\/td>\n<\/tr>\n<tr>\n<td><span>T\u00f6\u00f6temperatuur<\/span><\/td>\n<td><span>-10 + 50 \u00b0 C<\/span><\/td>\n<\/tr>\n<\/tbody>\n<\/table>\n<\/div>\n<\/div>\n<\/div>\n<\/div>\n<\/div>\n<div class=\"row main_title_website_boxed square title_for_related displayed_site\" data-visibility=\"visibilitybox\"><div class='w3eden'><!-- WPDM Link Template: Default Template -->\n\n<div class=\"link-template-default card mb-2\">\n    <div class=\"card-body\">\n        <div class=\"media\">\n            <div class=\"mr-3 img-48\"><img decoding=\"async\" class=\"wpdm_icon\" alt=\"Icon\"   src=\"https:\/\/fonolukk.eu\/wp-content\/plugins\/download-manager\/assets\/file-type-icons\/pdf.svg\" \/><\/div>\n            <div class=\"media-body\">\n                <h3 class=\"package-title\"><a href='https:\/\/fonolukk.eu\/download\/4212rv-sa\/'>4212RV\/SA<\/a><\/h3>\n                <div class=\"text-muted text-small\"><i class=\"fas fa-copy\"><\/i> 1 file(s) <i class=\"fas fa-hdd ml-3\"><\/i> 3.91 MB<\/div>\n            <\/div>\n            <div class=\"ml-3\">\n                <div class=\"w3eden\"><div class=\"panel panel-default card\"><div class=\"panel-body card-body\"><span class=\"text-danger\">Login is required to access this page<\/span><\/div><div class=\"panel-footer card-footer text-right\"><a href=\"https:\/\/fonolukk.eu\/wp-login.php?redirect_to=\/et\/wp-json\/wp\/v2\/product\/9044\" class=\"btn btn-danger wpdmloginmodal-trigger btn-sm\"><i class=\"fa fa-lock\"><\/i> Login<\/a><\/div><\/div><\/div>\n            <\/div>\n        <\/div>\n    <\/div>\n<\/div>\n\n<\/div><\/div>\n<\/div>\n<\/div>\n<\/div>\n<\/div>\n<\/div>\n<\/div>\n<\/div>\n<\/div>\n<\/div>\n<\/div>\n","protected":false},"excerpt":{"rendered":"<div class=\"myrow singleinfo_details\">\n<div class=\"taxterm\">\n<div class=\"container-fluid mainpage\">\n<div class=\"row tab_product displayed_site\" data-visibility=\"visibilitybox\">\n<div class=\"tab_container myrow\">\n<div id=\"tab2\" class=\"tab_content details myrow\">\n<div class=\"myrow singleinfo_details\">\n<div class=\"container-fluid mainpage\">\n<div class=\"row tab_product displayed_site\" data-visibility=\"visibilitybox\">\n<div class=\"tab_container myrow\">\n<div id=\"tab2\" class=\"tab_content details myrow\">\n<div class=\"myrow singleinfo_details\">\n<div class=\"container-fluid mainpage\">\n<div class=\"row tab_product displayed_site\" data-visibility=\"visibilitybox\">\n<div class=\"tab_container myrow\">\n<div id=\"tab2\" class=\"tab_content details myrow\">\n<div class=\"myrow singleinfo_details\">\n<div class=\"container-fluid mainpage\">\n<div class=\"row tab_product displayed_site\" data-visibility=\"visibilitybox\">\n<div class=\"tab_container myrow\">\n<div id=\"tab2\" class=\"tab_content details myrow\">\n<div class=\"myrow singleinfo_details\">\n<div class=\"container-fluid mainpage\">\n<div class=\"row tab_product displayed_site\" data-visibility=\"visibilitybox\">\n<div class=\"tab_container myrow\">\n<div id=\"tab2\" class=\"tab_content details myrow\">\n<div class=\"myrow singleinfo_details\">\n<div class=\"container-fluid mainpage\">\n<div class=\"row tab_product displayed_site\" data-visibility=\"visibilitybox\">\n<div class=\"tab_container myrow\">\n<div id=\"tab2\" class=\"tab_content details myrow\">\n<div class=\"myrow singleinfo_details\">\n<h3 style=\"text-align: left;\">\u00dchendus<\/h3>\n<div class=\"taxterm\" style=\"text-align: left;\">Digitaalne VX2200 audio \/ video (6 traadiga buss)<\/div>\n<\/div>\n<div class=\"myrow singleinfo_details\" style=\"text-align: left;\">\n<h3>S\u00fcsteemid<\/h3>\n<div class=\"taxterm\">Videotelefonis\u00fcsteemid<\/div>\n<\/div>\n<div class=\"myrow singleinfo_details\" style=\"text-align: left;\">\n<h3>Tooteliinid<\/h3>\n<div class=\"taxterm\">4000 seeria v\u00e4ljas<\/div>\n<\/div>\n<div class=\"myrow singleinfo_details\" style=\"text-align: left;\">\n<h3>Toote t\u00fc\u00fcp<\/h3>\n<div class=\"taxterm\">Digitaalne k\u00f5nepaneel<\/div>\n<\/div>\n<div class=\"myrow singleinfo_details\" style=\"text-align: left;\">\n<h3>Peamine omadus<\/h3>\n<div class=\"taxterm\">Elektrooniline k\u00f5netoon<\/div>\n<div class=\"taxterm\">L\u00e4hedusv\u00f5tmete lugej<\/div>\n<div class=\"taxterm\">Repertuaari nim<\/div>\n<div class=\"taxterm\">Pinnale paigaldamin<\/div>\n<div class=\"taxterm\">Vandaalikinde<\/div>\n<div class=\"taxterm\">Kaameraga<\/div>\n<\/div>\n<div class=\"myrow singleinfo_details\" style=\"text-align: left;\">\n<h3>Rakendustoode<\/h3>\n<div class=\"taxterm\">Kortermaj<\/div>\n<div class=\"taxterm\">Mitteelamu, segat\u00fc\u00fcpi v\u00f5i kompleksne<\/div>\n<\/div>\n<\/div>\n<\/div>\n<\/div>\n<\/div>\n<div class=\"row main_title_website_boxed square title_for_related displayed_site\" style=\"text-align: left;\" data-visibility=\"visibilitybox\"><\/div>\n<\/div>\n<\/div>\n<\/div>\n<\/div>\n<\/div>\n<\/div>\n<\/div>\n<\/div>\n<\/div>\n<\/div>\n<\/div>\n<\/div>\n<\/div>\n<\/div>\n<\/div>\n<\/div>\n<\/div>\n<\/div>\n<\/div>\n<\/div>\n<\/div>\n<\/div>\n<\/div>\n<\/div>\n<\/div>\n<\/div>\n<\/div>\n","protected":false},"featured_media":9049,"template":"","meta":[],"product_brand":[],"product_cat":[606,992,990],"product_tag":[],"class_list":{"0":"post-9044","1":"product","2":"type-product","3":"status-publish","4":"has-post-thumbnail","6":"product_cat-fonolukud","7":"product_cat-fonoluku-paneel-et-2","8":"product_cat-videx-et-2","9":"pa_brand-videx-et","11":"first","12":"instock","13":"taxable","14":"shipping-taxable","15":"product-type-simple"},"yoast_head":"<!-- This site is optimized with the Yoast SEO Premium plugin v27.3 (Yoast SEO v27.3) - https:\/\/yoast.com\/product\/yoast-seo-premium-wordpress\/ -->\n<title>Videx 4212RV\/SA - Fonolukk<\/title>\n<meta name=\"description\" content=\"Videx 4212RV\/SA - Fonolukk\" \/>\n<meta name=\"robots\" content=\"index, follow, max-snippet:-1, max-image-preview:large, max-video-preview:-1\" \/>\n<link rel=\"canonical\" href=\"https:\/\/fonolukk.eu\/et\/tooted\/videx-4212rv-sa\/\" \/>\n<meta property=\"og:locale\" content=\"et_EE\" \/>\n<meta property=\"og:type\" content=\"article\" \/>\n<meta property=\"og:title\" content=\"Videx 4212RV\/SA\" \/>\n<meta property=\"og:description\" content=\"\u00dchendus Digitaalne VX2200 audio \/ video (6 traadiga buss)   S\u00fcsteemid Videotelefonis\u00fcsteemid   Tooteliinid 4000 seeria v\u00e4ljas   Toote t\u00fc\u00fcp Digitaalne k\u00f5nepaneel   Peamine omadus Elektrooniline k\u00f5netoon L\u00e4hedusv\u00f5tmete lugej Repertuaari nim Pinnale paigaldamin Vandaalikinde Kaameraga   Rakendustoode Kortermaj Mitteelamu, segat\u00fc\u00fcpi v\u00f5i kompleksne\" \/>\n<meta property=\"og:url\" content=\"https:\/\/fonolukk.eu\/et\/tooted\/videx-4212rv-sa\/\" \/>\n<meta property=\"og:site_name\" content=\"Fonolukk\" \/>\n<meta property=\"article:publisher\" content=\"https:\/\/www.facebook.com\/fonolukk\" \/>\n<meta property=\"article:modified_time\" content=\"2020-12-17T16:02:48+00:00\" \/>\n<meta property=\"og:image\" content=\"https:\/\/fonolukk.eu\/wp-content\/uploads\/2020\/12\/4212rv-sa.png\" \/>\n\t<meta property=\"og:image:width\" content=\"1000\" \/>\n\t<meta property=\"og:image:height\" content=\"1000\" \/>\n\t<meta property=\"og:image:type\" content=\"image\/png\" \/>\n<meta name=\"twitter:card\" content=\"summary_large_image\" \/>\n<meta name=\"twitter:label1\" content=\"Hind\" \/>\n\t<meta name=\"twitter:data1\" content=\"\" \/>\n\t<meta name=\"twitter:label2\" content=\"Availability\" \/>\n\t<meta name=\"twitter:data2\" content=\"Laos\" \/>\n<script type=\"application\/ld+json\" class=\"yoast-schema-graph\">{\"@context\":\"https:\\\/\\\/schema.org\",\"@graph\":[{\"@type\":\"WebPage\",\"@id\":\"https:\\\/\\\/fonolukk.eu\\\/et\\\/tooted\\\/videx-4212rv-sa\\\/\",\"url\":\"https:\\\/\\\/fonolukk.eu\\\/et\\\/tooted\\\/videx-4212rv-sa\\\/\",\"name\":\"Videx 4212RV\\\/SA - Fonolukk\",\"isPartOf\":{\"@id\":\"https:\\\/\\\/fonolukk.eu\\\/et\\\/#website\"},\"primaryImageOfPage\":{\"@id\":\"https:\\\/\\\/fonolukk.eu\\\/et\\\/tooted\\\/videx-4212rv-sa\\\/#primaryimage\"},\"image\":{\"@id\":\"https:\\\/\\\/fonolukk.eu\\\/et\\\/tooted\\\/videx-4212rv-sa\\\/#primaryimage\"},\"thumbnailUrl\":\"https:\\\/\\\/fonolukk.eu\\\/wp-content\\\/uploads\\\/2020\\\/12\\\/4212rv-sa.png\",\"datePublished\":\"2020-12-17T15:42:57+00:00\",\"dateModified\":\"2020-12-17T16:02:48+00:00\",\"description\":\"Videx 4212RV\\\/SA - Fonolukk\",\"breadcrumb\":{\"@id\":\"https:\\\/\\\/fonolukk.eu\\\/et\\\/tooted\\\/videx-4212rv-sa\\\/#breadcrumb\"},\"inLanguage\":\"et\",\"potentialAction\":[{\"@type\":\"ReadAction\",\"target\":[\"https:\\\/\\\/fonolukk.eu\\\/et\\\/tooted\\\/videx-4212rv-sa\\\/\"]}]},{\"@type\":\"ImageObject\",\"inLanguage\":\"et\",\"@id\":\"https:\\\/\\\/fonolukk.eu\\\/et\\\/tooted\\\/videx-4212rv-sa\\\/#primaryimage\",\"url\":\"https:\\\/\\\/fonolukk.eu\\\/wp-content\\\/uploads\\\/2020\\\/12\\\/4212rv-sa.png\",\"contentUrl\":\"https:\\\/\\\/fonolukk.eu\\\/wp-content\\\/uploads\\\/2020\\\/12\\\/4212rv-sa.png\",\"width\":1000,\"height\":1000,\"caption\":\"fonolukk videx\"},{\"@type\":\"BreadcrumbList\",\"@id\":\"https:\\\/\\\/fonolukk.eu\\\/et\\\/tooted\\\/videx-4212rv-sa\\\/#breadcrumb\",\"itemListElement\":[{\"@type\":\"ListItem\",\"position\":1,\"name\":\"Esileht\",\"item\":\"https:\\\/\\\/fonolukk.eu\\\/et\\\/koduleht\\\/\"},{\"@type\":\"ListItem\",\"position\":2,\"name\":\"Tooted\",\"item\":\"https:\\\/\\\/fonolukk.eu\\\/et\\\/shop-2\\\/\"},{\"@type\":\"ListItem\",\"position\":3,\"name\":\"Fonolukud\",\"item\":\"https:\\\/\\\/fonolukk.eu\\\/et\\\/product-category\\\/fonolukud\\\/\"},{\"@type\":\"ListItem\",\"position\":4,\"name\":\"Videx\",\"item\":\"https:\\\/\\\/fonolukk.eu\\\/et\\\/product-category\\\/fonolukud\\\/videx-et-2\\\/\"},{\"@type\":\"ListItem\",\"position\":5,\"name\":\"Fonoluku paneel\",\"item\":\"https:\\\/\\\/fonolukk.eu\\\/et\\\/product-category\\\/fonolukud\\\/videx-et-2\\\/fonoluku-paneel-et-2\\\/\"},{\"@type\":\"ListItem\",\"position\":6,\"name\":\"Videx 4212RV\\\/SA\"}]},{\"@type\":\"WebSite\",\"@id\":\"https:\\\/\\\/fonolukk.eu\\\/et\\\/#website\",\"url\":\"https:\\\/\\\/fonolukk.eu\\\/et\\\/\",\"name\":\"Fonolukk eu\",\"description\":\"Smart Security Systems\",\"publisher\":{\"@id\":\"https:\\\/\\\/fonolukk.eu\\\/et\\\/#organization\"},\"potentialAction\":[{\"@type\":\"SearchAction\",\"target\":{\"@type\":\"EntryPoint\",\"urlTemplate\":\"https:\\\/\\\/fonolukk.eu\\\/et\\\/?s={search_term_string}\"},\"query-input\":{\"@type\":\"PropertyValueSpecification\",\"valueRequired\":true,\"valueName\":\"search_term_string\"}}],\"inLanguage\":\"et\"},{\"@type\":\"Organization\",\"@id\":\"https:\\\/\\\/fonolukk.eu\\\/et\\\/#organization\",\"name\":\"Smart Security OU\",\"url\":\"https:\\\/\\\/fonolukk.eu\\\/et\\\/\",\"logo\":{\"@type\":\"ImageObject\",\"inLanguage\":\"et\",\"@id\":\"https:\\\/\\\/fonolukk.eu\\\/et\\\/#\\\/schema\\\/logo\\\/image\\\/\",\"url\":\"https:\\\/\\\/fonolukk.eu\\\/wp-content\\\/uploads\\\/2023\\\/09\\\/fonolukk.png\",\"contentUrl\":\"https:\\\/\\\/fonolukk.eu\\\/wp-content\\\/uploads\\\/2023\\\/09\\\/fonolukk.png\",\"width\":277,\"height\":274,\"caption\":\"Smart Security OU\"},\"image\":{\"@id\":\"https:\\\/\\\/fonolukk.eu\\\/et\\\/#\\\/schema\\\/logo\\\/image\\\/\"},\"sameAs\":[\"https:\\\/\\\/www.facebook.com\\\/fonolukk\",\"https:\\\/\\\/www.instagram.com\\\/fonolukk\\\/?hl=ru\"],\"publishingPrinciples\":\"https:\\\/\\\/fonolukk.eu\\\/terms-and-conditions\\\/\",\"ownershipFundingInfo\":\"https:\\\/\\\/fonolukk.eu\\\/about-us\\\/\"}]}<\/script>\n<meta property=\"product:brand\" content=\"Videx\" \/>\n<meta property=\"product:price:amount\" content=\"0.00\" \/>\n<meta property=\"product:price:currency\" content=\"EUR\" \/>\n<meta property=\"og:availability\" content=\"instock\" \/>\n<meta property=\"product:availability\" content=\"instock\" \/>\n<meta property=\"product:retailer_item_id\" content=\"4212RV\/SA\" \/>\n<meta property=\"product:condition\" content=\"new\" \/>\n<!-- \/ Yoast SEO Premium plugin. -->","yoast_head_json":{"title":"Videx 4212RV\/SA - Fonolukk","description":"Videx 4212RV\/SA - Fonolukk","robots":{"index":"index","follow":"follow","max-snippet":"max-snippet:-1","max-image-preview":"max-image-preview:large","max-video-preview":"max-video-preview:-1"},"canonical":"https:\/\/fonolukk.eu\/et\/tooted\/videx-4212rv-sa\/","og_locale":"et_EE","og_type":"article","og_title":"Videx 4212RV\/SA","og_description":"\u00dchendus Digitaalne VX2200 audio \/ video (6 traadiga buss)   S\u00fcsteemid Videotelefonis\u00fcsteemid   Tooteliinid 4000 seeria v\u00e4ljas   Toote t\u00fc\u00fcp Digitaalne k\u00f5nepaneel   Peamine omadus Elektrooniline k\u00f5netoon L\u00e4hedusv\u00f5tmete lugej Repertuaari nim Pinnale paigaldamin Vandaalikinde Kaameraga   Rakendustoode Kortermaj Mitteelamu, segat\u00fc\u00fcpi v\u00f5i kompleksne","og_url":"https:\/\/fonolukk.eu\/et\/tooted\/videx-4212rv-sa\/","og_site_name":"Fonolukk","article_publisher":"https:\/\/www.facebook.com\/fonolukk","article_modified_time":"2020-12-17T16:02:48+00:00","og_image":[{"width":1000,"height":1000,"url":"https:\/\/fonolukk.eu\/wp-content\/uploads\/2020\/12\/4212rv-sa.png","type":"image\/png"}],"twitter_card":"summary_large_image","twitter_misc":{"Hind":"","Availability":"Laos"},"schema":{"@context":"https:\/\/schema.org","@graph":[{"@type":"WebPage","@id":"https:\/\/fonolukk.eu\/et\/tooted\/videx-4212rv-sa\/","url":"https:\/\/fonolukk.eu\/et\/tooted\/videx-4212rv-sa\/","name":"Videx 4212RV\/SA - Fonolukk","isPartOf":{"@id":"https:\/\/fonolukk.eu\/et\/#website"},"primaryImageOfPage":{"@id":"https:\/\/fonolukk.eu\/et\/tooted\/videx-4212rv-sa\/#primaryimage"},"image":{"@id":"https:\/\/fonolukk.eu\/et\/tooted\/videx-4212rv-sa\/#primaryimage"},"thumbnailUrl":"https:\/\/fonolukk.eu\/wp-content\/uploads\/2020\/12\/4212rv-sa.png","datePublished":"2020-12-17T15:42:57+00:00","dateModified":"2020-12-17T16:02:48+00:00","description":"Videx 4212RV\/SA - Fonolukk","breadcrumb":{"@id":"https:\/\/fonolukk.eu\/et\/tooted\/videx-4212rv-sa\/#breadcrumb"},"inLanguage":"et","potentialAction":[{"@type":"ReadAction","target":["https:\/\/fonolukk.eu\/et\/tooted\/videx-4212rv-sa\/"]}]},{"@type":"ImageObject","inLanguage":"et","@id":"https:\/\/fonolukk.eu\/et\/tooted\/videx-4212rv-sa\/#primaryimage","url":"https:\/\/fonolukk.eu\/wp-content\/uploads\/2020\/12\/4212rv-sa.png","contentUrl":"https:\/\/fonolukk.eu\/wp-content\/uploads\/2020\/12\/4212rv-sa.png","width":1000,"height":1000,"caption":"fonolukk videx"},{"@type":"BreadcrumbList","@id":"https:\/\/fonolukk.eu\/et\/tooted\/videx-4212rv-sa\/#breadcrumb","itemListElement":[{"@type":"ListItem","position":1,"name":"Esileht","item":"https:\/\/fonolukk.eu\/et\/koduleht\/"},{"@type":"ListItem","position":2,"name":"Tooted","item":"https:\/\/fonolukk.eu\/et\/shop-2\/"},{"@type":"ListItem","position":3,"name":"Fonolukud","item":"https:\/\/fonolukk.eu\/et\/product-category\/fonolukud\/"},{"@type":"ListItem","position":4,"name":"Videx","item":"https:\/\/fonolukk.eu\/et\/product-category\/fonolukud\/videx-et-2\/"},{"@type":"ListItem","position":5,"name":"Fonoluku paneel","item":"https:\/\/fonolukk.eu\/et\/product-category\/fonolukud\/videx-et-2\/fonoluku-paneel-et-2\/"},{"@type":"ListItem","position":6,"name":"Videx 4212RV\/SA"}]},{"@type":"WebSite","@id":"https:\/\/fonolukk.eu\/et\/#website","url":"https:\/\/fonolukk.eu\/et\/","name":"Fonolukk eu","description":"Smart Security Systems","publisher":{"@id":"https:\/\/fonolukk.eu\/et\/#organization"},"potentialAction":[{"@type":"SearchAction","target":{"@type":"EntryPoint","urlTemplate":"https:\/\/fonolukk.eu\/et\/?s={search_term_string}"},"query-input":{"@type":"PropertyValueSpecification","valueRequired":true,"valueName":"search_term_string"}}],"inLanguage":"et"},{"@type":"Organization","@id":"https:\/\/fonolukk.eu\/et\/#organization","name":"Smart Security OU","url":"https:\/\/fonolukk.eu\/et\/","logo":{"@type":"ImageObject","inLanguage":"et","@id":"https:\/\/fonolukk.eu\/et\/#\/schema\/logo\/image\/","url":"https:\/\/fonolukk.eu\/wp-content\/uploads\/2023\/09\/fonolukk.png","contentUrl":"https:\/\/fonolukk.eu\/wp-content\/uploads\/2023\/09\/fonolukk.png","width":277,"height":274,"caption":"Smart Security OU"},"image":{"@id":"https:\/\/fonolukk.eu\/et\/#\/schema\/logo\/image\/"},"sameAs":["https:\/\/www.facebook.com\/fonolukk","https:\/\/www.instagram.com\/fonolukk\/?hl=ru"],"publishingPrinciples":"https:\/\/fonolukk.eu\/terms-and-conditions\/","ownershipFundingInfo":"https:\/\/fonolukk.eu\/about-us\/"}]},"product_brand":"Videx","product_price_amount":"0.00","product_price_currency":"EUR","og_availability":"instock","product_availability":"instock","product_retailer_item_id":"4212RV\/SA","product_condition":"new"},"_links":{"self":[{"href":"https:\/\/fonolukk.eu\/et\/wp-json\/wp\/v2\/product\/9044","targetHints":{"allow":["GET"]}}],"collection":[{"href":"https:\/\/fonolukk.eu\/et\/wp-json\/wp\/v2\/product"}],"about":[{"href":"https:\/\/fonolukk.eu\/et\/wp-json\/wp\/v2\/types\/product"}],"version-history":[{"count":0,"href":"https:\/\/fonolukk.eu\/et\/wp-json\/wp\/v2\/product\/9044\/revisions"}],"wp:featuredmedia":[{"embeddable":true,"href":"https:\/\/fonolukk.eu\/et\/wp-json\/wp\/v2\/media\/9049"}],"wp:attachment":[{"href":"https:\/\/fonolukk.eu\/et\/wp-json\/wp\/v2\/media?parent=9044"}],"wp:term":[{"taxonomy":"product_brand","embeddable":true,"href":"https:\/\/fonolukk.eu\/et\/wp-json\/wp\/v2\/product_brand?post=9044"},{"taxonomy":"product_cat","embeddable":true,"href":"https:\/\/fonolukk.eu\/et\/wp-json\/wp\/v2\/product_cat?post=9044"},{"taxonomy":"product_tag","embeddable":true,"href":"https:\/\/fonolukk.eu\/et\/wp-json\/wp\/v2\/product_tag?post=9044"}],"curies":[{"name":"wp","href":"https:\/\/api.w.org\/{rel}","templated":true}]}}