{"id":9135,"date":"2020-12-19T22:07:59","date_gmt":"2020-12-19T20:07:59","guid":{"rendered":"https:\/\/fonolukk.eu\/?post_type=product&#038;p=9135"},"modified":"2020-12-19T22:18:38","modified_gmt":"2020-12-19T20:18:38","slug":"videx-krv78","status":"publish","type":"product","link":"https:\/\/fonolukk.eu\/et\/tooted\/videx-krv78\/","title":{"rendered":"Videx KRV78"},"content":{"rendered":"<div class=\"container-fluid mainpage\">\n<div class=\"row tab_product displayed_site\" data-visibility=\"visibilitybox\">\n<div class=\"tab_container myrow\">\n<div id=\"tab1\" class=\"tab_content description myrow\">\n<div class=\"myrow\">\n<div class=\"container-fluid mainpage\">\n<div class=\"row tab_product displayed_site\" data-visibility=\"visibilitybox\">\n<div class=\"tab_container myrow\">\n<div id=\"tab1\" class=\"tab_content description myrow\">\n<div class=\"myrow\">\n<p>K\u00e4ed-vabad 3,5-tolline LCD-TFT v\u00e4rvimonitoriga videotelefon puutetundlike nuppudega, spetsiaalselt Videx VX2200 6 traadibussiga digitaals\u00fcsteemile.\u00a0S\u00fcvistatava versiooniga.<\/p>\n<\/div>\n<div class=\"myrow outside_table\">\n<table>\n<colgroup>\n<col \/>\n<col \/><\/colgroup>\n<tbody>\n<tr>\n<td>Seeria<\/td>\n<td>KRISTALL<\/td>\n<\/tr>\n<tr>\n<td>Kuva<\/td>\n<td>3,5 &#8220;OSD<\/td>\n<\/tr>\n<tr>\n<td>Telefon \/ K\u00e4ed vabad<\/td>\n<td>K\u00e4ed vabad<\/td>\n<\/tr>\n<tr>\n<td>Nupud nr<\/td>\n<td>3<\/td>\n<\/tr>\n<tr>\n<td>N\u00f6\u00f6bid \/ teenused\u00a0<sup>1<\/sup><\/td>\n<td>Uks on avatud, vastamine \/ kaamera tagasikutsumine \/ raadiosaatja, privaatsus \/ keeldumine, teenus<\/td>\n<\/tr>\n<tr>\n<td>Privaatsus<\/td>\n<td>Jah, ajastatud<\/td>\n<\/tr>\n<tr>\n<td>LEDid\u00a0<sup>2<\/sup><\/td>\n<td>Privaatsus sees, uks avatud, kaamera tagasikutsumine<\/td>\n<\/tr>\n<tr>\n<td>Videom\u00e4lu opt.<\/td>\n<td>Jah, 128 pilti, 66 (15 s) videoklipp &#8211; MicroSD eksport<\/td>\n<\/tr>\n<tr>\n<td>ABIVAHENDID<\/td>\n<td>K\u00f5ne helitugevus, k\u00f5netooni helitugevus, kontrastsus, heledus, toon<\/td>\n<\/tr>\n<tr>\n<td>Programmeerimine<\/td>\n<td>Meloodia, helinaid, privaatsuse kestus, teenuse kestus<\/td>\n<\/tr>\n<tr>\n<td>Sisendid<\/td>\n<td>Kohalik kell, Alarm<\/td>\n<\/tr>\n<tr>\n<td>Teised omadused<\/td>\n<td>Suhtlemine<\/td>\n<\/tr>\n<tr>\n<td>Video re\u017eiim<\/td>\n<td>Coax \/ tasakaalustatud<\/td>\n<\/tr>\n<tr>\n<td>Paigaldamine<\/td>\n<td>Loputamine (n\u00f5uab konkreetset tagakasti)<\/td>\n<\/tr>\n<tr>\n<td>L\u00f5petab<\/td>\n<td>\/ W valge, \/ B must<\/td>\n<\/tr>\n<\/tbody>\n<\/table>\n<p><sup>1<\/sup>\u00a0M\u00f5nda nuppu kasutatakse mitme funktsiooni jaoks.<br \/>\n<sup>2<\/sup>\u00a0M\u00f5ne LED-i t\u00f6\u00f6 ja kirjeldatud funktsioonid v\u00f5ivad vajada t\u00e4iendavat kaabeldust.<\/p>\n<\/div>\n<\/div>\n<\/div>\n<\/div>\n<\/div>\n<div class=\"row main_title_website_boxed square title_for_related displayed_site\" data-visibility=\"visibilitybox\"><div class='w3eden'><!-- WPDM Link Template: Default Template -->\n\n<div class=\"link-template-default card mb-2\">\n    <div class=\"card-body\">\n        <div class=\"media\">\n            <div class=\"mr-3 img-48\"><img decoding=\"async\" class=\"wpdm_icon\" alt=\"Icon\"   src=\"https:\/\/fonolukk.eu\/wp-content\/plugins\/download-manager\/assets\/file-type-icons\/pdf.svg\" \/><\/div>\n            <div class=\"media-body\">\n                <h3 class=\"package-title\"><a href='https:\/\/fonolukk.eu\/download\/krv78\/'>KRV78<\/a><\/h3>\n                <div class=\"text-muted text-small\"><i class=\"fas fa-copy\"><\/i> 1 file(s) <i class=\"fas fa-hdd ml-3\"><\/i> 7.72 MB<\/div>\n            <\/div>\n            <div class=\"ml-3\">\n                <div class=\"w3eden\"><div class=\"panel panel-default card\"><div class=\"panel-body card-body\"><span class=\"text-danger\">Login is required to access this page<\/span><\/div><div class=\"panel-footer card-footer text-right\"><a href=\"https:\/\/fonolukk.eu\/wp-login.php?redirect_to=\/et\/wp-json\/wp\/v2\/product\/9135\" class=\"btn btn-danger wpdmloginmodal-trigger btn-sm\"><i class=\"fa fa-lock\"><\/i> Login<\/a><\/div><\/div><\/div>\n            <\/div>\n        <\/div>\n    <\/div>\n<\/div>\n\n<\/div><\/div>\n<\/div>\n<\/div>\n<\/div>\n<\/div>\n<\/div>\n","protected":false},"excerpt":{"rendered":"<div class=\"container-fluid mainpage\">\n<div class=\"row tab_product displayed_site\" data-visibility=\"visibilitybox\">\n<div class=\"tab_container myrow\">\n<div id=\"tab2\" class=\"tab_content details myrow\">\n<div class=\"myrow singleinfo_details\">\n<div class=\"container-fluid mainpage\">\n<div class=\"row tab_product displayed_site\" data-visibility=\"visibilitybox\">\n<div class=\"tab_container myrow\">\n<div id=\"tab2\" class=\"tab_content details myrow\">\n<div class=\"myrow singleinfo_details\">\n<h3>\u00dchendus<\/h3>\n<div class=\"taxterm\">Digitaalne VX2200 audio \/ video (6 traadiga buss)<\/div>\n<\/div>\n<div class=\"myrow singleinfo_details\">\n<h3>S\u00fcsteemid<\/h3>\n<div class=\"taxterm\">Videotelefonis\u00fcsteemid<\/div>\n<\/div>\n<div class=\"myrow singleinfo_details\">\n<h3>Tooteliinid<\/h3>\n<div class=\"taxterm\">Kristallo seeria siseruumides<\/div>\n<\/div>\n<div class=\"myrow singleinfo_details\">\n<h3>Toote t\u00fc\u00fcp<\/h3>\n<div class=\"taxterm\">Videotelefon<\/div>\n<\/div>\n<div class=\"myrow singleinfo_details\">\n<h3>Peamine omadus<\/h3>\n<div class=\"taxterm\">Elektrooniline k\u00f5netoon<\/div>\n<div class=\"taxterm\">Paigaldu<\/div>\n<div class=\"taxterm\">Kipsplaatide seinte loputamine<\/div>\n<div class=\"taxterm\">K\u00e4ed vaba<\/div>\n<div class=\"taxterm\">Suhtlemin<\/div>\n<div class=\"taxterm\">Privaatsu<\/div>\n<div class=\"taxterm\">K\u00f5ne privaatsu<\/div>\n<div class=\"taxterm\">Pinnale paigaldamin<\/div>\n<div class=\"taxterm\">Puutetundlikud nupu<\/div>\n<div class=\"taxterm\">Videom\u00e4lu<\/div>\n<\/div>\n<div class=\"myrow singleinfo_details\">\n<h3>Rakendustoode<\/h3>\n<div class=\"taxterm\">Kortermaj<\/div>\n<div class=\"taxterm\">Mitteelamu, segat\u00fc\u00fcpi v\u00f5i kompleksn<\/div>\n<div class=\"taxterm\">Eramaja<\/div>\n<\/div>\n<\/div>\n<\/div>\n<\/div>\n<\/div>\n<div class=\"row main_title_website_boxed square title_for_related displayed_site\" data-visibility=\"visibilitybox\"><\/div>\n<\/div>\n<\/div>\n<\/div>\n<\/div>\n<\/div>\n","protected":false},"featured_media":9143,"template":"","meta":[],"product_brand":[],"product_cat":[606,998,990],"product_tag":[],"class_list":{"0":"post-9135","1":"product","2":"type-product","3":"status-publish","4":"has-post-thumbnail","6":"product_cat-fonolukud","7":"product_cat-intercom-torud-et","8":"product_cat-videx-et-2","9":"pa_brand-videx-et","11":"first","12":"instock","13":"taxable","14":"shipping-taxable","15":"product-type-simple"},"yoast_head":"<!-- This site is optimized with the Yoast SEO Premium plugin v27.3 (Yoast SEO v27.3) - https:\/\/yoast.com\/product\/yoast-seo-premium-wordpress\/ -->\n<title>Videx KRV78 - Fonolukk<\/title>\n<meta name=\"description\" content=\"Videx KRV78 - Fonolukk\" \/>\n<meta name=\"robots\" content=\"index, follow, max-snippet:-1, max-image-preview:large, max-video-preview:-1\" \/>\n<link rel=\"canonical\" href=\"https:\/\/fonolukk.eu\/et\/tooted\/videx-krv78\/\" \/>\n<meta property=\"og:locale\" content=\"et_EE\" \/>\n<meta property=\"og:type\" content=\"article\" \/>\n<meta property=\"og:title\" content=\"Videx KRV78\" \/>\n<meta property=\"og:description\" content=\"\u00dchendus Digitaalne VX2200 audio \/ video (6 traadiga buss)   S\u00fcsteemid Videotelefonis\u00fcsteemid   Tooteliinid Kristallo seeria siseruumides   Toote t\u00fc\u00fcp Videotelefon   Peamine omadus Elektrooniline k\u00f5netoon Paigaldu Kipsplaatide seinte loputamine K\u00e4ed vaba Suhtlemin Privaatsu K\u00f5ne privaatsu Pinnale paigaldamin Puutetundlikud nupu Videom\u00e4lu   Rakendustoode Kortermaj Mitteelamu, segat\u00fc\u00fcpi v\u00f5i kompleksn Eramaja\" \/>\n<meta property=\"og:url\" content=\"https:\/\/fonolukk.eu\/et\/tooted\/videx-krv78\/\" \/>\n<meta property=\"og:site_name\" content=\"Fonolukk\" \/>\n<meta property=\"article:publisher\" content=\"https:\/\/www.facebook.com\/fonolukk\" \/>\n<meta property=\"article:modified_time\" content=\"2020-12-19T20:18:38+00:00\" \/>\n<meta property=\"og:image\" content=\"https:\/\/fonolukk.eu\/wp-content\/uploads\/2020\/12\/KRV78_B.jpg\" \/>\n\t<meta property=\"og:image:width\" content=\"1000\" \/>\n\t<meta property=\"og:image:height\" content=\"1000\" \/>\n\t<meta property=\"og:image:type\" content=\"image\/jpeg\" \/>\n<meta name=\"twitter:card\" content=\"summary_large_image\" \/>\n<meta name=\"twitter:label1\" content=\"Hind\" \/>\n\t<meta name=\"twitter:data1\" content=\"\" \/>\n\t<meta name=\"twitter:label2\" content=\"Availability\" \/>\n\t<meta name=\"twitter:data2\" content=\"Laos\" \/>\n<script type=\"application\/ld+json\" class=\"yoast-schema-graph\">{\"@context\":\"https:\\\/\\\/schema.org\",\"@graph\":[{\"@type\":\"WebPage\",\"@id\":\"https:\\\/\\\/fonolukk.eu\\\/et\\\/tooted\\\/videx-krv78\\\/\",\"url\":\"https:\\\/\\\/fonolukk.eu\\\/et\\\/tooted\\\/videx-krv78\\\/\",\"name\":\"Videx KRV78 - Fonolukk\",\"isPartOf\":{\"@id\":\"https:\\\/\\\/fonolukk.eu\\\/et\\\/#website\"},\"primaryImageOfPage\":{\"@id\":\"https:\\\/\\\/fonolukk.eu\\\/et\\\/tooted\\\/videx-krv78\\\/#primaryimage\"},\"image\":{\"@id\":\"https:\\\/\\\/fonolukk.eu\\\/et\\\/tooted\\\/videx-krv78\\\/#primaryimage\"},\"thumbnailUrl\":\"https:\\\/\\\/fonolukk.eu\\\/wp-content\\\/uploads\\\/2020\\\/12\\\/KRV78_B.jpg\",\"datePublished\":\"2020-12-19T20:07:59+00:00\",\"dateModified\":\"2020-12-19T20:18:38+00:00\",\"description\":\"Videx KRV78 - Fonolukk\",\"breadcrumb\":{\"@id\":\"https:\\\/\\\/fonolukk.eu\\\/et\\\/tooted\\\/videx-krv78\\\/#breadcrumb\"},\"inLanguage\":\"et\",\"potentialAction\":[{\"@type\":\"ReadAction\",\"target\":[\"https:\\\/\\\/fonolukk.eu\\\/et\\\/tooted\\\/videx-krv78\\\/\"]}]},{\"@type\":\"ImageObject\",\"inLanguage\":\"et\",\"@id\":\"https:\\\/\\\/fonolukk.eu\\\/et\\\/tooted\\\/videx-krv78\\\/#primaryimage\",\"url\":\"https:\\\/\\\/fonolukk.eu\\\/wp-content\\\/uploads\\\/2020\\\/12\\\/KRV78_B.jpg\",\"contentUrl\":\"https:\\\/\\\/fonolukk.eu\\\/wp-content\\\/uploads\\\/2020\\\/12\\\/KRV78_B.jpg\",\"width\":1000,\"height\":1000,\"caption\":\"fonolukk videx\"},{\"@type\":\"BreadcrumbList\",\"@id\":\"https:\\\/\\\/fonolukk.eu\\\/et\\\/tooted\\\/videx-krv78\\\/#breadcrumb\",\"itemListElement\":[{\"@type\":\"ListItem\",\"position\":1,\"name\":\"Esileht\",\"item\":\"https:\\\/\\\/fonolukk.eu\\\/et\\\/koduleht\\\/\"},{\"@type\":\"ListItem\",\"position\":2,\"name\":\"Tooted\",\"item\":\"https:\\\/\\\/fonolukk.eu\\\/et\\\/shop-2\\\/\"},{\"@type\":\"ListItem\",\"position\":3,\"name\":\"Fonolukud\",\"item\":\"https:\\\/\\\/fonolukk.eu\\\/et\\\/product-category\\\/fonolukud\\\/\"},{\"@type\":\"ListItem\",\"position\":4,\"name\":\"Videx\",\"item\":\"https:\\\/\\\/fonolukk.eu\\\/et\\\/product-category\\\/fonolukud\\\/videx-et-2\\\/\"},{\"@type\":\"ListItem\",\"position\":5,\"name\":\"Intercom torud\",\"item\":\"https:\\\/\\\/fonolukk.eu\\\/et\\\/product-category\\\/fonolukud\\\/videx-et-2\\\/intercom-torud-et\\\/\"},{\"@type\":\"ListItem\",\"position\":6,\"name\":\"Videx KRV78\"}]},{\"@type\":\"WebSite\",\"@id\":\"https:\\\/\\\/fonolukk.eu\\\/et\\\/#website\",\"url\":\"https:\\\/\\\/fonolukk.eu\\\/et\\\/\",\"name\":\"Fonolukk eu\",\"description\":\"Smart Security Systems\",\"publisher\":{\"@id\":\"https:\\\/\\\/fonolukk.eu\\\/et\\\/#organization\"},\"potentialAction\":[{\"@type\":\"SearchAction\",\"target\":{\"@type\":\"EntryPoint\",\"urlTemplate\":\"https:\\\/\\\/fonolukk.eu\\\/et\\\/?s={search_term_string}\"},\"query-input\":{\"@type\":\"PropertyValueSpecification\",\"valueRequired\":true,\"valueName\":\"search_term_string\"}}],\"inLanguage\":\"et\"},{\"@type\":\"Organization\",\"@id\":\"https:\\\/\\\/fonolukk.eu\\\/et\\\/#organization\",\"name\":\"Smart Security OU\",\"url\":\"https:\\\/\\\/fonolukk.eu\\\/et\\\/\",\"logo\":{\"@type\":\"ImageObject\",\"inLanguage\":\"et\",\"@id\":\"https:\\\/\\\/fonolukk.eu\\\/et\\\/#\\\/schema\\\/logo\\\/image\\\/\",\"url\":\"https:\\\/\\\/fonolukk.eu\\\/wp-content\\\/uploads\\\/2023\\\/09\\\/fonolukk.png\",\"contentUrl\":\"https:\\\/\\\/fonolukk.eu\\\/wp-content\\\/uploads\\\/2023\\\/09\\\/fonolukk.png\",\"width\":277,\"height\":274,\"caption\":\"Smart Security OU\"},\"image\":{\"@id\":\"https:\\\/\\\/fonolukk.eu\\\/et\\\/#\\\/schema\\\/logo\\\/image\\\/\"},\"sameAs\":[\"https:\\\/\\\/www.facebook.com\\\/fonolukk\",\"https:\\\/\\\/www.instagram.com\\\/fonolukk\\\/?hl=ru\"],\"publishingPrinciples\":\"https:\\\/\\\/fonolukk.eu\\\/terms-and-conditions\\\/\",\"ownershipFundingInfo\":\"https:\\\/\\\/fonolukk.eu\\\/about-us\\\/\"}]}<\/script>\n<meta property=\"product:brand\" content=\"Videx\" \/>\n<meta property=\"product:price:amount\" content=\"0.00\" \/>\n<meta property=\"product:price:currency\" content=\"EUR\" \/>\n<meta property=\"og:availability\" content=\"instock\" \/>\n<meta property=\"product:availability\" content=\"instock\" \/>\n<meta property=\"product:retailer_item_id\" content=\"Videx KRV78\" \/>\n<meta property=\"product:condition\" content=\"new\" \/>\n<!-- \/ Yoast SEO Premium plugin. -->","yoast_head_json":{"title":"Videx KRV78 - Fonolukk","description":"Videx KRV78 - Fonolukk","robots":{"index":"index","follow":"follow","max-snippet":"max-snippet:-1","max-image-preview":"max-image-preview:large","max-video-preview":"max-video-preview:-1"},"canonical":"https:\/\/fonolukk.eu\/et\/tooted\/videx-krv78\/","og_locale":"et_EE","og_type":"article","og_title":"Videx KRV78","og_description":"\u00dchendus Digitaalne VX2200 audio \/ video (6 traadiga buss)   S\u00fcsteemid Videotelefonis\u00fcsteemid   Tooteliinid Kristallo seeria siseruumides   Toote t\u00fc\u00fcp Videotelefon   Peamine omadus Elektrooniline k\u00f5netoon Paigaldu Kipsplaatide seinte loputamine K\u00e4ed vaba Suhtlemin Privaatsu K\u00f5ne privaatsu Pinnale paigaldamin Puutetundlikud nupu Videom\u00e4lu   Rakendustoode Kortermaj Mitteelamu, segat\u00fc\u00fcpi v\u00f5i kompleksn Eramaja","og_url":"https:\/\/fonolukk.eu\/et\/tooted\/videx-krv78\/","og_site_name":"Fonolukk","article_publisher":"https:\/\/www.facebook.com\/fonolukk","article_modified_time":"2020-12-19T20:18:38+00:00","og_image":[{"width":1000,"height":1000,"url":"https:\/\/fonolukk.eu\/wp-content\/uploads\/2020\/12\/KRV78_B.jpg","type":"image\/jpeg"}],"twitter_card":"summary_large_image","twitter_misc":{"Hind":"","Availability":"Laos"},"schema":{"@context":"https:\/\/schema.org","@graph":[{"@type":"WebPage","@id":"https:\/\/fonolukk.eu\/et\/tooted\/videx-krv78\/","url":"https:\/\/fonolukk.eu\/et\/tooted\/videx-krv78\/","name":"Videx KRV78 - Fonolukk","isPartOf":{"@id":"https:\/\/fonolukk.eu\/et\/#website"},"primaryImageOfPage":{"@id":"https:\/\/fonolukk.eu\/et\/tooted\/videx-krv78\/#primaryimage"},"image":{"@id":"https:\/\/fonolukk.eu\/et\/tooted\/videx-krv78\/#primaryimage"},"thumbnailUrl":"https:\/\/fonolukk.eu\/wp-content\/uploads\/2020\/12\/KRV78_B.jpg","datePublished":"2020-12-19T20:07:59+00:00","dateModified":"2020-12-19T20:18:38+00:00","description":"Videx KRV78 - Fonolukk","breadcrumb":{"@id":"https:\/\/fonolukk.eu\/et\/tooted\/videx-krv78\/#breadcrumb"},"inLanguage":"et","potentialAction":[{"@type":"ReadAction","target":["https:\/\/fonolukk.eu\/et\/tooted\/videx-krv78\/"]}]},{"@type":"ImageObject","inLanguage":"et","@id":"https:\/\/fonolukk.eu\/et\/tooted\/videx-krv78\/#primaryimage","url":"https:\/\/fonolukk.eu\/wp-content\/uploads\/2020\/12\/KRV78_B.jpg","contentUrl":"https:\/\/fonolukk.eu\/wp-content\/uploads\/2020\/12\/KRV78_B.jpg","width":1000,"height":1000,"caption":"fonolukk videx"},{"@type":"BreadcrumbList","@id":"https:\/\/fonolukk.eu\/et\/tooted\/videx-krv78\/#breadcrumb","itemListElement":[{"@type":"ListItem","position":1,"name":"Esileht","item":"https:\/\/fonolukk.eu\/et\/koduleht\/"},{"@type":"ListItem","position":2,"name":"Tooted","item":"https:\/\/fonolukk.eu\/et\/shop-2\/"},{"@type":"ListItem","position":3,"name":"Fonolukud","item":"https:\/\/fonolukk.eu\/et\/product-category\/fonolukud\/"},{"@type":"ListItem","position":4,"name":"Videx","item":"https:\/\/fonolukk.eu\/et\/product-category\/fonolukud\/videx-et-2\/"},{"@type":"ListItem","position":5,"name":"Intercom torud","item":"https:\/\/fonolukk.eu\/et\/product-category\/fonolukud\/videx-et-2\/intercom-torud-et\/"},{"@type":"ListItem","position":6,"name":"Videx KRV78"}]},{"@type":"WebSite","@id":"https:\/\/fonolukk.eu\/et\/#website","url":"https:\/\/fonolukk.eu\/et\/","name":"Fonolukk eu","description":"Smart Security Systems","publisher":{"@id":"https:\/\/fonolukk.eu\/et\/#organization"},"potentialAction":[{"@type":"SearchAction","target":{"@type":"EntryPoint","urlTemplate":"https:\/\/fonolukk.eu\/et\/?s={search_term_string}"},"query-input":{"@type":"PropertyValueSpecification","valueRequired":true,"valueName":"search_term_string"}}],"inLanguage":"et"},{"@type":"Organization","@id":"https:\/\/fonolukk.eu\/et\/#organization","name":"Smart Security OU","url":"https:\/\/fonolukk.eu\/et\/","logo":{"@type":"ImageObject","inLanguage":"et","@id":"https:\/\/fonolukk.eu\/et\/#\/schema\/logo\/image\/","url":"https:\/\/fonolukk.eu\/wp-content\/uploads\/2023\/09\/fonolukk.png","contentUrl":"https:\/\/fonolukk.eu\/wp-content\/uploads\/2023\/09\/fonolukk.png","width":277,"height":274,"caption":"Smart Security OU"},"image":{"@id":"https:\/\/fonolukk.eu\/et\/#\/schema\/logo\/image\/"},"sameAs":["https:\/\/www.facebook.com\/fonolukk","https:\/\/www.instagram.com\/fonolukk\/?hl=ru"],"publishingPrinciples":"https:\/\/fonolukk.eu\/terms-and-conditions\/","ownershipFundingInfo":"https:\/\/fonolukk.eu\/about-us\/"}]},"product_brand":"Videx","product_price_amount":"0.00","product_price_currency":"EUR","og_availability":"instock","product_availability":"instock","product_retailer_item_id":"Videx KRV78","product_condition":"new"},"_links":{"self":[{"href":"https:\/\/fonolukk.eu\/et\/wp-json\/wp\/v2\/product\/9135","targetHints":{"allow":["GET"]}}],"collection":[{"href":"https:\/\/fonolukk.eu\/et\/wp-json\/wp\/v2\/product"}],"about":[{"href":"https:\/\/fonolukk.eu\/et\/wp-json\/wp\/v2\/types\/product"}],"version-history":[{"count":0,"href":"https:\/\/fonolukk.eu\/et\/wp-json\/wp\/v2\/product\/9135\/revisions"}],"wp:featuredmedia":[{"embeddable":true,"href":"https:\/\/fonolukk.eu\/et\/wp-json\/wp\/v2\/media\/9143"}],"wp:attachment":[{"href":"https:\/\/fonolukk.eu\/et\/wp-json\/wp\/v2\/media?parent=9135"}],"wp:term":[{"taxonomy":"product_brand","embeddable":true,"href":"https:\/\/fonolukk.eu\/et\/wp-json\/wp\/v2\/product_brand?post=9135"},{"taxonomy":"product_cat","embeddable":true,"href":"https:\/\/fonolukk.eu\/et\/wp-json\/wp\/v2\/product_cat?post=9135"},{"taxonomy":"product_tag","embeddable":true,"href":"https:\/\/fonolukk.eu\/et\/wp-json\/wp\/v2\/product_tag?post=9135"}],"curies":[{"name":"wp","href":"https:\/\/api.w.org\/{rel}","templated":true}]}}