{"id":9224,"date":"2020-12-21T19:42:57","date_gmt":"2020-12-21T17:42:58","guid":{"rendered":"https:\/\/fonolukk.eu\/?post_type=product&#038;p=9224"},"modified":"2020-12-21T19:50:58","modified_gmt":"2020-12-21T17:50:58","slug":"videx-krv7981","status":"publish","type":"product","link":"https:\/\/fonolukk.eu\/et\/tooted\/videx-krv7981\/","title":{"rendered":"Videx KRV7981"},"content":{"rendered":"<div class=\"myrow\">\n<div class=\"myrow\">\n<div class=\"container-fluid mainpage\">\n<div class=\"row tab_product displayed_site\" data-visibility=\"visibilitybox\">\n<div class=\"tab_container myrow\">\n<div id=\"tab1\" class=\"tab_content description myrow\">\n<div class=\"myrow\">\n<div class=\"page\" title=\"Lk 39\">\n<div class=\"section\">\n<div class=\"layoutArea\">\n<div class=\"column\">\n<p><span>KRISTALLO seeria monitori koodi KRV782 \/ W loputuskast.<\/span><\/p>\n<p><span>Valmistatud ABS-ist, m\u00f5\u00f5tmed: 189 (L) x146 (K) x38 (S) mm.<\/span><\/p>\n<\/div>\n<\/div>\n<\/div>\n<\/div>\n<\/div>\n<div class=\"myrow outside_table\">\n<table>\n<tbody>\n<tr>\n<td><span>Seeria<\/span><\/td>\n<td><span>KRISTALLO 7 &#8220;<\/span><\/td>\n<\/tr>\n<tr>\n<td><span>Lisavarustus<\/span><\/td>\n<td><span>Seina loputuskinnituskomplekt<\/span><\/td>\n<\/tr>\n<tr>\n<td><span>Suurus (mm)<\/span><\/td>\n<td><span>189x146x38<\/span><\/td>\n<\/tr>\n<tr>\n<td><span>Ava suurus (mm)<\/span><\/td>\n<td><span>189x146x38<\/span><\/td>\n<\/tr>\n<tr>\n<td><span>Materjal<\/span><\/td>\n<td><span>JAGU<\/span><\/td>\n<\/tr>\n<\/tbody>\n<\/table>\n<div class='w3eden'><!-- WPDM Link Template: Default Template -->\n\n<div class=\"link-template-default card mb-2\">\n    <div class=\"card-body\">\n        <div class=\"media\">\n            <div class=\"mr-3 img-48\"><img decoding=\"async\" class=\"wpdm_icon\" alt=\"Icon\"   src=\"https:\/\/fonolukk.eu\/wp-content\/plugins\/download-manager\/assets\/file-type-icons\/pdf.svg\" \/><\/div>\n            <div class=\"media-body\">\n                <h3 class=\"package-title\"><a href='https:\/\/fonolukk.eu\/download\/krv7981\/'>KRV7981<\/a><\/h3>\n                <div class=\"text-muted text-small\"><i class=\"fas fa-copy\"><\/i> 1 file(s) <i class=\"fas fa-hdd ml-3\"><\/i> 1.61 MB<\/div>\n            <\/div>\n            <div class=\"ml-3\">\n                <div class=\"w3eden\"><div class=\"panel panel-default card\"><div class=\"panel-body card-body\"><span class=\"text-danger\">Login is required to access this page<\/span><\/div><div class=\"panel-footer card-footer text-right\"><a href=\"https:\/\/fonolukk.eu\/wp-login.php?redirect_to=\/et\/wp-json\/wp\/v2\/product\/9224\" class=\"btn btn-danger wpdmloginmodal-trigger btn-sm\"><i class=\"fa fa-lock\"><\/i> Login<\/a><\/div><\/div><\/div>\n            <\/div>\n        <\/div>\n    <\/div>\n<\/div>\n\n<\/div>\n<\/div>\n<\/div>\n<\/div>\n<\/div>\n<\/div>\n<div class=\"row main_title_website_boxed square title_for_related displayed_site\" data-visibility=\"visibilitybox\"><\/div>\n<\/div>\n<\/div>\n","protected":false},"excerpt":{"rendered":"<div class=\"container-fluid mainpage\">\n<div class=\"row tab_product displayed_site\" data-visibility=\"visibilitybox\">\n<div class=\"tab_container myrow\">\n<div id=\"tab2\" class=\"tab_content details myrow\">\n<div class=\"myrow singleinfo_details\">\n<div class=\"container-fluid mainpage\">\n<div class=\"row tab_product displayed_site\" data-visibility=\"visibilitybox\">\n<div class=\"tab_container myrow\">\n<div id=\"tab2\" class=\"tab_content details myrow\">\n<div class=\"myrow singleinfo_details\">\n<div class=\"container-fluid mainpage\">\n<div class=\"row tab_product displayed_site\" data-visibility=\"visibilitybox\">\n<div class=\"tab_container myrow\">\n<div id=\"tab2\" class=\"tab_content details myrow\">\n<div class=\"myrow singleinfo_details\">\n<div class=\"container-fluid mainpage\">\n<div class=\"row tab_product displayed_site\" data-visibility=\"visibilitybox\">\n<div class=\"tab_container myrow\">\n<div id=\"tab2\" class=\"tab_content details myrow\">\n<div class=\"myrow singleinfo_details\">\n<div class=\"container-fluid mainpage\">\n<div class=\"row tab_product displayed_site\" data-visibility=\"visibilitybox\">\n<div class=\"tab_container myrow\">\n<div id=\"tab2\" class=\"tab_content details myrow\">\n<div class=\"myrow singleinfo_details\">\n<div class=\"container-fluid mainpage\">\n<div class=\"row tab_product displayed_site\" data-visibility=\"visibilitybox\">\n<div class=\"tab_container myrow\">\n<div id=\"tab2\" class=\"tab_content details myrow\">\n<div class=\"myrow singleinfo_details\">\n<h3 style=\"text-align: left;\">\u00dchendus<\/h3>\n<div class=\"taxterm\" style=\"text-align: left;\">Digitaalne VX2200 audio \/ video (6 traadiga buss)<\/div>\n<div class=\"taxterm\" style=\"text-align: left;\">Digitaalne VX2300 audio \/ video (2 juhtmega buss)<\/div>\n<\/div>\n<div class=\"myrow singleinfo_details\" style=\"text-align: left;\">\n<h3>S\u00fcsteemid<\/h3>\n<div class=\"taxterm\">Videotelefonis\u00fcsteemid<\/div>\n<\/div>\n<div class=\"myrow singleinfo_details\" style=\"text-align: left;\">\n<h3>Tooteliinid<\/h3>\n<div class=\"taxterm\">Kristallo seeria siseruumides<\/div>\n<\/div>\n<div class=\"myrow singleinfo_details\" style=\"text-align: left;\">\n<h3>Toote t\u00fc\u00fcp<\/h3>\n<div class=\"taxterm\">Loputuspaigalduskarp<\/div>\n<\/div>\n<div class=\"myrow singleinfo_details\" style=\"text-align: left;\">\n<h3>Peamine omadus<\/h3>\n<div class=\"taxterm\">Paigaldus<\/div>\n<\/div>\n<div class=\"myrow singleinfo_details\" style=\"text-align: left;\">\n<h3>Rakendustoode<\/h3>\n<div class=\"taxterm\">Kortermaj<\/div>\n<div class=\"taxterm\">Mitteelamu, segat\u00fc\u00fcpi v\u00f5i kompleksn<\/div>\n<div class=\"taxterm\">Eramaja<\/div>\n<\/div>\n<\/div>\n<\/div>\n<\/div>\n<\/div>\n<div class=\"row main_title_website_boxed square title_for_related displayed_site\" style=\"text-align: left;\" data-visibility=\"visibilitybox\"><\/div>\n<\/div>\n<\/div>\n<\/div>\n<\/div>\n<\/div>\n<\/div>\n<\/div>\n<\/div>\n<\/div>\n<\/div>\n<\/div>\n<\/div>\n<\/div>\n<\/div>\n<\/div>\n<\/div>\n<\/div>\n<\/div>\n<\/div>\n<\/div>\n<\/div>\n<\/div>\n<\/div>\n<\/div>\n<\/div>\n","protected":false},"featured_media":9229,"template":"","meta":[],"product_brand":[],"product_cat":[606,1000,990],"product_tag":[],"class_list":{"0":"post-9224","1":"product","2":"type-product","3":"status-publish","4":"has-post-thumbnail","6":"product_cat-fonolukud","7":"product_cat-toiteallikad-ja-tarvikud","8":"product_cat-videx-et-2","9":"pa_brand-videx-et","11":"first","12":"instock","13":"taxable","14":"shipping-taxable","15":"product-type-simple"},"yoast_head":"<!-- This site is optimized with the Yoast SEO Premium plugin v27.3 (Yoast SEO v27.3) - https:\/\/yoast.com\/product\/yoast-seo-premium-wordpress\/ -->\n<title>Videx KRV7981 - Fonolukk<\/title>\n<meta name=\"description\" content=\"Videx KRV7981 - Fonolukk\" \/>\n<meta name=\"robots\" content=\"index, follow, max-snippet:-1, max-image-preview:large, max-video-preview:-1\" \/>\n<link rel=\"canonical\" href=\"https:\/\/fonolukk.eu\/et\/tooted\/videx-krv7981\/\" \/>\n<meta property=\"og:locale\" content=\"et_EE\" \/>\n<meta property=\"og:type\" content=\"article\" \/>\n<meta property=\"og:title\" content=\"Videx KRV7981\" \/>\n<meta property=\"og:description\" content=\"\u00dchendus Digitaalne VX2200 audio \/ video (6 traadiga buss) Digitaalne VX2300 audio \/ video (2 juhtmega buss)   S\u00fcsteemid Videotelefonis\u00fcsteemid   Tooteliinid Kristallo seeria siseruumides   Toote t\u00fc\u00fcp Loputuspaigalduskarp   Peamine omadus Paigaldus   Rakendustoode Kortermaj Mitteelamu, segat\u00fc\u00fcpi v\u00f5i kompleksn Eramaja\" \/>\n<meta property=\"og:url\" content=\"https:\/\/fonolukk.eu\/et\/tooted\/videx-krv7981\/\" \/>\n<meta property=\"og:site_name\" content=\"Fonolukk\" \/>\n<meta property=\"article:publisher\" content=\"https:\/\/www.facebook.com\/fonolukk\" \/>\n<meta property=\"article:modified_time\" content=\"2020-12-21T17:50:58+00:00\" \/>\n<meta property=\"og:image\" content=\"https:\/\/fonolukk.eu\/wp-content\/uploads\/2020\/12\/KRV7981.jpg\" \/>\n\t<meta property=\"og:image:width\" content=\"1000\" \/>\n\t<meta property=\"og:image:height\" content=\"1000\" \/>\n\t<meta property=\"og:image:type\" content=\"image\/jpeg\" \/>\n<meta name=\"twitter:card\" content=\"summary_large_image\" \/>\n<meta name=\"twitter:label1\" content=\"Hind\" \/>\n\t<meta name=\"twitter:data1\" content=\"\" \/>\n\t<meta name=\"twitter:label2\" content=\"Availability\" \/>\n\t<meta name=\"twitter:data2\" content=\"Laos\" \/>\n<script type=\"application\/ld+json\" class=\"yoast-schema-graph\">{\"@context\":\"https:\\\/\\\/schema.org\",\"@graph\":[{\"@type\":\"WebPage\",\"@id\":\"https:\\\/\\\/fonolukk.eu\\\/et\\\/tooted\\\/videx-krv7981\\\/\",\"url\":\"https:\\\/\\\/fonolukk.eu\\\/et\\\/tooted\\\/videx-krv7981\\\/\",\"name\":\"Videx KRV7981 - Fonolukk\",\"isPartOf\":{\"@id\":\"https:\\\/\\\/fonolukk.eu\\\/et\\\/#website\"},\"primaryImageOfPage\":{\"@id\":\"https:\\\/\\\/fonolukk.eu\\\/et\\\/tooted\\\/videx-krv7981\\\/#primaryimage\"},\"image\":{\"@id\":\"https:\\\/\\\/fonolukk.eu\\\/et\\\/tooted\\\/videx-krv7981\\\/#primaryimage\"},\"thumbnailUrl\":\"https:\\\/\\\/fonolukk.eu\\\/wp-content\\\/uploads\\\/2020\\\/12\\\/KRV7981.jpg\",\"datePublished\":\"2020-12-21T17:42:58+00:00\",\"dateModified\":\"2020-12-21T17:50:58+00:00\",\"description\":\"Videx KRV7981 - Fonolukk\",\"breadcrumb\":{\"@id\":\"https:\\\/\\\/fonolukk.eu\\\/et\\\/tooted\\\/videx-krv7981\\\/#breadcrumb\"},\"inLanguage\":\"et\",\"potentialAction\":[{\"@type\":\"ReadAction\",\"target\":[\"https:\\\/\\\/fonolukk.eu\\\/et\\\/tooted\\\/videx-krv7981\\\/\"]}]},{\"@type\":\"ImageObject\",\"inLanguage\":\"et\",\"@id\":\"https:\\\/\\\/fonolukk.eu\\\/et\\\/tooted\\\/videx-krv7981\\\/#primaryimage\",\"url\":\"https:\\\/\\\/fonolukk.eu\\\/wp-content\\\/uploads\\\/2020\\\/12\\\/KRV7981.jpg\",\"contentUrl\":\"https:\\\/\\\/fonolukk.eu\\\/wp-content\\\/uploads\\\/2020\\\/12\\\/KRV7981.jpg\",\"width\":1000,\"height\":1000},{\"@type\":\"BreadcrumbList\",\"@id\":\"https:\\\/\\\/fonolukk.eu\\\/et\\\/tooted\\\/videx-krv7981\\\/#breadcrumb\",\"itemListElement\":[{\"@type\":\"ListItem\",\"position\":1,\"name\":\"Esileht\",\"item\":\"https:\\\/\\\/fonolukk.eu\\\/et\\\/koduleht\\\/\"},{\"@type\":\"ListItem\",\"position\":2,\"name\":\"Tooted\",\"item\":\"https:\\\/\\\/fonolukk.eu\\\/et\\\/shop-2\\\/\"},{\"@type\":\"ListItem\",\"position\":3,\"name\":\"Fonolukud\",\"item\":\"https:\\\/\\\/fonolukk.eu\\\/et\\\/product-category\\\/fonolukud\\\/\"},{\"@type\":\"ListItem\",\"position\":4,\"name\":\"Videx\",\"item\":\"https:\\\/\\\/fonolukk.eu\\\/et\\\/product-category\\\/fonolukud\\\/videx-et-2\\\/\"},{\"@type\":\"ListItem\",\"position\":5,\"name\":\"Toiteallikad ja tarvikud\",\"item\":\"https:\\\/\\\/fonolukk.eu\\\/et\\\/product-category\\\/fonolukud\\\/videx-et-2\\\/toiteallikad-ja-tarvikud\\\/\"},{\"@type\":\"ListItem\",\"position\":6,\"name\":\"Videx KRV7981\"}]},{\"@type\":\"WebSite\",\"@id\":\"https:\\\/\\\/fonolukk.eu\\\/et\\\/#website\",\"url\":\"https:\\\/\\\/fonolukk.eu\\\/et\\\/\",\"name\":\"Fonolukk eu\",\"description\":\"Smart Security Systems\",\"publisher\":{\"@id\":\"https:\\\/\\\/fonolukk.eu\\\/et\\\/#organization\"},\"potentialAction\":[{\"@type\":\"SearchAction\",\"target\":{\"@type\":\"EntryPoint\",\"urlTemplate\":\"https:\\\/\\\/fonolukk.eu\\\/et\\\/?s={search_term_string}\"},\"query-input\":{\"@type\":\"PropertyValueSpecification\",\"valueRequired\":true,\"valueName\":\"search_term_string\"}}],\"inLanguage\":\"et\"},{\"@type\":\"Organization\",\"@id\":\"https:\\\/\\\/fonolukk.eu\\\/et\\\/#organization\",\"name\":\"Smart Security OU\",\"url\":\"https:\\\/\\\/fonolukk.eu\\\/et\\\/\",\"logo\":{\"@type\":\"ImageObject\",\"inLanguage\":\"et\",\"@id\":\"https:\\\/\\\/fonolukk.eu\\\/et\\\/#\\\/schema\\\/logo\\\/image\\\/\",\"url\":\"https:\\\/\\\/fonolukk.eu\\\/wp-content\\\/uploads\\\/2023\\\/09\\\/fonolukk.png\",\"contentUrl\":\"https:\\\/\\\/fonolukk.eu\\\/wp-content\\\/uploads\\\/2023\\\/09\\\/fonolukk.png\",\"width\":277,\"height\":274,\"caption\":\"Smart Security OU\"},\"image\":{\"@id\":\"https:\\\/\\\/fonolukk.eu\\\/et\\\/#\\\/schema\\\/logo\\\/image\\\/\"},\"sameAs\":[\"https:\\\/\\\/www.facebook.com\\\/fonolukk\",\"https:\\\/\\\/www.instagram.com\\\/fonolukk\\\/?hl=ru\"],\"publishingPrinciples\":\"https:\\\/\\\/fonolukk.eu\\\/terms-and-conditions\\\/\",\"ownershipFundingInfo\":\"https:\\\/\\\/fonolukk.eu\\\/about-us\\\/\"}]}<\/script>\n<meta property=\"product:brand\" content=\"Videx\" \/>\n<meta property=\"product:price:amount\" content=\"0.00\" \/>\n<meta property=\"product:price:currency\" content=\"EUR\" \/>\n<meta property=\"og:availability\" content=\"instock\" \/>\n<meta property=\"product:availability\" content=\"instock\" \/>\n<meta property=\"product:retailer_item_id\" content=\"Videx KRV7981\" \/>\n<meta property=\"product:condition\" content=\"new\" \/>\n<!-- \/ Yoast SEO Premium plugin. -->","yoast_head_json":{"title":"Videx KRV7981 - Fonolukk","description":"Videx KRV7981 - Fonolukk","robots":{"index":"index","follow":"follow","max-snippet":"max-snippet:-1","max-image-preview":"max-image-preview:large","max-video-preview":"max-video-preview:-1"},"canonical":"https:\/\/fonolukk.eu\/et\/tooted\/videx-krv7981\/","og_locale":"et_EE","og_type":"article","og_title":"Videx KRV7981","og_description":"\u00dchendus Digitaalne VX2200 audio \/ video (6 traadiga buss) Digitaalne VX2300 audio \/ video (2 juhtmega buss)   S\u00fcsteemid Videotelefonis\u00fcsteemid   Tooteliinid Kristallo seeria siseruumides   Toote t\u00fc\u00fcp Loputuspaigalduskarp   Peamine omadus Paigaldus   Rakendustoode Kortermaj Mitteelamu, segat\u00fc\u00fcpi v\u00f5i kompleksn Eramaja","og_url":"https:\/\/fonolukk.eu\/et\/tooted\/videx-krv7981\/","og_site_name":"Fonolukk","article_publisher":"https:\/\/www.facebook.com\/fonolukk","article_modified_time":"2020-12-21T17:50:58+00:00","og_image":[{"width":1000,"height":1000,"url":"https:\/\/fonolukk.eu\/wp-content\/uploads\/2020\/12\/KRV7981.jpg","type":"image\/jpeg"}],"twitter_card":"summary_large_image","twitter_misc":{"Hind":"","Availability":"Laos"},"schema":{"@context":"https:\/\/schema.org","@graph":[{"@type":"WebPage","@id":"https:\/\/fonolukk.eu\/et\/tooted\/videx-krv7981\/","url":"https:\/\/fonolukk.eu\/et\/tooted\/videx-krv7981\/","name":"Videx KRV7981 - Fonolukk","isPartOf":{"@id":"https:\/\/fonolukk.eu\/et\/#website"},"primaryImageOfPage":{"@id":"https:\/\/fonolukk.eu\/et\/tooted\/videx-krv7981\/#primaryimage"},"image":{"@id":"https:\/\/fonolukk.eu\/et\/tooted\/videx-krv7981\/#primaryimage"},"thumbnailUrl":"https:\/\/fonolukk.eu\/wp-content\/uploads\/2020\/12\/KRV7981.jpg","datePublished":"2020-12-21T17:42:58+00:00","dateModified":"2020-12-21T17:50:58+00:00","description":"Videx KRV7981 - Fonolukk","breadcrumb":{"@id":"https:\/\/fonolukk.eu\/et\/tooted\/videx-krv7981\/#breadcrumb"},"inLanguage":"et","potentialAction":[{"@type":"ReadAction","target":["https:\/\/fonolukk.eu\/et\/tooted\/videx-krv7981\/"]}]},{"@type":"ImageObject","inLanguage":"et","@id":"https:\/\/fonolukk.eu\/et\/tooted\/videx-krv7981\/#primaryimage","url":"https:\/\/fonolukk.eu\/wp-content\/uploads\/2020\/12\/KRV7981.jpg","contentUrl":"https:\/\/fonolukk.eu\/wp-content\/uploads\/2020\/12\/KRV7981.jpg","width":1000,"height":1000},{"@type":"BreadcrumbList","@id":"https:\/\/fonolukk.eu\/et\/tooted\/videx-krv7981\/#breadcrumb","itemListElement":[{"@type":"ListItem","position":1,"name":"Esileht","item":"https:\/\/fonolukk.eu\/et\/koduleht\/"},{"@type":"ListItem","position":2,"name":"Tooted","item":"https:\/\/fonolukk.eu\/et\/shop-2\/"},{"@type":"ListItem","position":3,"name":"Fonolukud","item":"https:\/\/fonolukk.eu\/et\/product-category\/fonolukud\/"},{"@type":"ListItem","position":4,"name":"Videx","item":"https:\/\/fonolukk.eu\/et\/product-category\/fonolukud\/videx-et-2\/"},{"@type":"ListItem","position":5,"name":"Toiteallikad ja tarvikud","item":"https:\/\/fonolukk.eu\/et\/product-category\/fonolukud\/videx-et-2\/toiteallikad-ja-tarvikud\/"},{"@type":"ListItem","position":6,"name":"Videx KRV7981"}]},{"@type":"WebSite","@id":"https:\/\/fonolukk.eu\/et\/#website","url":"https:\/\/fonolukk.eu\/et\/","name":"Fonolukk eu","description":"Smart Security Systems","publisher":{"@id":"https:\/\/fonolukk.eu\/et\/#organization"},"potentialAction":[{"@type":"SearchAction","target":{"@type":"EntryPoint","urlTemplate":"https:\/\/fonolukk.eu\/et\/?s={search_term_string}"},"query-input":{"@type":"PropertyValueSpecification","valueRequired":true,"valueName":"search_term_string"}}],"inLanguage":"et"},{"@type":"Organization","@id":"https:\/\/fonolukk.eu\/et\/#organization","name":"Smart Security OU","url":"https:\/\/fonolukk.eu\/et\/","logo":{"@type":"ImageObject","inLanguage":"et","@id":"https:\/\/fonolukk.eu\/et\/#\/schema\/logo\/image\/","url":"https:\/\/fonolukk.eu\/wp-content\/uploads\/2023\/09\/fonolukk.png","contentUrl":"https:\/\/fonolukk.eu\/wp-content\/uploads\/2023\/09\/fonolukk.png","width":277,"height":274,"caption":"Smart Security OU"},"image":{"@id":"https:\/\/fonolukk.eu\/et\/#\/schema\/logo\/image\/"},"sameAs":["https:\/\/www.facebook.com\/fonolukk","https:\/\/www.instagram.com\/fonolukk\/?hl=ru"],"publishingPrinciples":"https:\/\/fonolukk.eu\/terms-and-conditions\/","ownershipFundingInfo":"https:\/\/fonolukk.eu\/about-us\/"}]},"product_brand":"Videx","product_price_amount":"0.00","product_price_currency":"EUR","og_availability":"instock","product_availability":"instock","product_retailer_item_id":"Videx KRV7981","product_condition":"new"},"_links":{"self":[{"href":"https:\/\/fonolukk.eu\/et\/wp-json\/wp\/v2\/product\/9224","targetHints":{"allow":["GET"]}}],"collection":[{"href":"https:\/\/fonolukk.eu\/et\/wp-json\/wp\/v2\/product"}],"about":[{"href":"https:\/\/fonolukk.eu\/et\/wp-json\/wp\/v2\/types\/product"}],"version-history":[{"count":0,"href":"https:\/\/fonolukk.eu\/et\/wp-json\/wp\/v2\/product\/9224\/revisions"}],"wp:featuredmedia":[{"embeddable":true,"href":"https:\/\/fonolukk.eu\/et\/wp-json\/wp\/v2\/media\/9229"}],"wp:attachment":[{"href":"https:\/\/fonolukk.eu\/et\/wp-json\/wp\/v2\/media?parent=9224"}],"wp:term":[{"taxonomy":"product_brand","embeddable":true,"href":"https:\/\/fonolukk.eu\/et\/wp-json\/wp\/v2\/product_brand?post=9224"},{"taxonomy":"product_cat","embeddable":true,"href":"https:\/\/fonolukk.eu\/et\/wp-json\/wp\/v2\/product_cat?post=9224"},{"taxonomy":"product_tag","embeddable":true,"href":"https:\/\/fonolukk.eu\/et\/wp-json\/wp\/v2\/product_tag?post=9224"}],"curies":[{"name":"wp","href":"https:\/\/api.w.org\/{rel}","templated":true}]}}