{"id":9303,"date":"2021-01-05T22:04:38","date_gmt":"2021-01-05T20:04:38","guid":{"rendered":"https:\/\/fonolukk.eu\/?post_type=product&#038;p=9303"},"modified":"2021-01-06T15:21:25","modified_gmt":"2021-01-06T13:21:25","slug":"comelit-6741w","status":"publish","type":"product","link":"https:\/\/fonolukk.eu\/et\/tooted\/comelit-6741w\/","title":{"rendered":"Comelit 6741W"},"content":{"rendered":"<div class='w3eden'><!-- WPDM Link Template: Default Template -->\n\n<div class=\"link-template-default card mb-2\">\n    <div class=\"card-body\">\n        <div class=\"media\">\n            <div class=\"mr-3 img-48\"><img decoding=\"async\" class=\"wpdm_icon\" alt=\"Icon\"   src=\"https:\/\/fonolukk.eu\/wp-content\/plugins\/download-manager\/assets\/file-type-icons\/pdf.svg\" \/><\/div>\n            <div class=\"media-body\">\n                <h3 class=\"package-title\"><a href='https:\/\/fonolukk.eu\/download\/6741w_1\/'>6741W_1<\/a><\/h3>\n                <div class=\"text-muted text-small\"><i class=\"fas fa-copy\"><\/i> 1 file(s) <i class=\"fas fa-hdd ml-3\"><\/i> 6.59 MB<\/div>\n            <\/div>\n            <div class=\"ml-3\">\n                <div class=\"w3eden\"><div class=\"panel panel-default card\"><div class=\"panel-body card-body\"><span class=\"text-danger\">Login is required to access this page<\/span><\/div><div class=\"panel-footer card-footer text-right\"><a href=\"https:\/\/fonolukk.eu\/wp-login.php?redirect_to=\/et\/wp-json\/wp\/v2\/product\/9303\" class=\"btn btn-danger wpdmloginmodal-trigger btn-sm\"><i class=\"fa fa-lock\"><\/i> Login<\/a><\/div><\/div><\/div>\n            <\/div>\n        <\/div>\n    <\/div>\n<\/div>\n\n<\/div>\n<div class='w3eden'><!-- WPDM Link Template: Default Template -->\n\n<div class=\"link-template-default card mb-2\">\n    <div class=\"card-body\">\n        <div class=\"media\">\n            <div class=\"mr-3 img-48\"><img decoding=\"async\" class=\"wpdm_icon\" alt=\"Icon\"   src=\"https:\/\/fonolukk.eu\/wp-content\/plugins\/download-manager\/assets\/file-type-icons\/pdf.svg\" \/><\/div>\n            <div class=\"media-body\">\n                <h3 class=\"package-title\"><a href='https:\/\/fonolukk.eu\/download\/6741w_2\/'>6741W_2**<\/a><\/h3>\n                <div class=\"text-muted text-small\"><i class=\"fas fa-copy\"><\/i> 1 file(s) <i class=\"fas fa-hdd ml-3\"><\/i> 239.41 KB<\/div>\n            <\/div>\n            <div class=\"ml-3\">\n                <div class=\"w3eden\"><div class=\"panel panel-default card\"><div class=\"panel-body card-body\"><span class=\"text-danger\">Login is required to access this page<\/span><\/div><div class=\"panel-footer card-footer text-right\"><a href=\"https:\/\/fonolukk.eu\/wp-login.php?redirect_to=\/et\/wp-json\/wp\/v2\/product\/9303\" class=\"btn btn-danger wpdmloginmodal-trigger btn-sm\"><i class=\"fa fa-lock\"><\/i> Login<\/a><\/div><\/div><\/div>\n            <\/div>\n        <\/div>\n    <\/div>\n<\/div>\n\n<\/div>\n<div class='w3eden'><!-- WPDM Link Template: Default Template -->\n\n<div class=\"link-template-default card mb-2\">\n    <div class=\"card-body\">\n        <div class=\"media\">\n            <div class=\"mr-3 img-48\"><img decoding=\"async\" class=\"wpdm_icon\" alt=\"Icon\"   src=\"https:\/\/fonolukk.eu\/wp-content\/plugins\/download-manager\/assets\/file-type-icons\/pdf.svg\" \/><\/div>\n            <div class=\"media-body\">\n                <h3 class=\"package-title\"><a href='https:\/\/fonolukk.eu\/download\/6741w_3\/'>6741W_3<\/a><\/h3>\n                <div class=\"text-muted text-small\"><i class=\"fas fa-copy\"><\/i> 1 file(s) <i class=\"fas fa-hdd ml-3\"><\/i> 1.16 MB<\/div>\n            <\/div>\n            <div class=\"ml-3\">\n                <div class=\"w3eden\"><div class=\"panel panel-default card\"><div class=\"panel-body card-body\"><span class=\"text-danger\">Login is required to access this page<\/span><\/div><div class=\"panel-footer card-footer text-right\"><a href=\"https:\/\/fonolukk.eu\/wp-login.php?redirect_to=\/et\/wp-json\/wp\/v2\/product\/9303\" class=\"btn btn-danger wpdmloginmodal-trigger btn-sm\"><i class=\"fa fa-lock\"><\/i> Login<\/a><\/div><\/div><\/div>\n            <\/div>\n        <\/div>\n    <\/div>\n<\/div>\n\n<\/div>\n<div id=\"gtx-trans\" style=\"position: absolute; left: 174px; top: 48.3333px;\">\n<div class=\"gtx-trans-icon\"><\/div>\n<\/div>\n","protected":false},"excerpt":{"rendered":"<div class=\"container-fluid mainpage\">\n<div class=\"row tab_product displayed_site\" data-visibility=\"visibilitybox\">\n<div class=\"tab_container myrow\">\n<div id=\"tab1\" class=\"tab_content description myrow\">\n<div class=\"myrow\">\n<div id=\"descrizione\">\n<div class=\"container-fluid mainpage\">\n<div class=\"row tab_product displayed_site\" data-visibility=\"visibilitybox\">\n<div class=\"tab_container myrow\">\n<div id=\"tab1\" class=\"tab_content description myrow\">\n<div class=\"myrow\">\n<div id=\"descrizione\">\n<div class=\"myrow\">\n<div class=\"container-fluid mainpage\">\n<div class=\"row tab_product displayed_site\" data-visibility=\"visibilitybox\">\n<div class=\"tab_container myrow\">\n<div id=\"tab1\" class=\"tab_content description myrow\">\n<div class=\"myrow\">\n<div id=\"_idContainer000\" class=\"Cornice-di-testo-di-base\">\n<div class=\"myrow\">\n<div class=\"myrow\">\n<div class=\"container-fluid mainpage\">\n<div class=\"row tab_product displayed_site\" data-visibility=\"visibilitybox\">\n<div class=\"tab_container myrow\">\n<div id=\"tab1\" class=\"tab_content description myrow\">\n<div class=\"myrow\">\n<div class=\"page\" title=\"Lk 39\">\n<div class=\"section\">\n<div class=\"layoutArea\">\n<div class=\"column\">\n<div class=\"container-fluid mainpage\">\n<div class=\"row tab_product displayed_site\" data-visibility=\"visibilitybox\">\n<div class=\"tab_container myrow\">\n<div id=\"tab1\" class=\"tab_content description myrow\">\n<div class=\"myrow\">\n<div id=\"descrizione\">\n<div class=\"container-fluid mainpage\">\n<div class=\"row tab_product displayed_site\" data-visibility=\"visibilitybox\">\n<div class=\"tab_container myrow\">\n<div id=\"tab1\" class=\"tab_content description myrow\">\n<div class=\"myrow\">\n<div id=\"descrizione\">\n<div class=\"container-fluid mainpage\">\n<div class=\"row tab_product displayed_site\" data-visibility=\"visibilitybox\">\n<div class=\"tab_container myrow\">\n<div id=\"tab1\" class=\"tab_content description myrow\">\n<div class=\"myrow\">\n<div id=\"descrizione\">\n<div class=\"myrow\">\n<div id=\"descrizione\">\n<div id=\"descrizione\">\n<div class=\"myrow\">\n<div class=\"page\" title=\"Lk 39\">\n<div class=\"section\">\n<div class=\"layoutArea\">\n<div class=\"column\">\n<h3 class=\"product-excerpt\" style=\"text-align: left;\">2 Juhtmetega MINI K\u00c4EK\u00c4EVABA WI-FI UKSTE SISENEMISJUHT<\/h3>\n<div class=\"product-description\" style=\"text-align: left;\">K\u00e4ed-vabad Mini Wif-Fi ukse sissep\u00e4\u00e4su monitor Simplebus2 s\u00fcsteemile.\u00a0Kui seda kasutatakse koos rakenduse Comelit (saadaval tasuta alla laadida Google&#8217;i ja Apple&#8217;i poodidest) ja \/ v\u00f5i Alexa h\u00e4\u00e4lassistendiga, saab seda kasutada k\u00f5nedele vastamiseks otse nutitelefonist \/ tahvelarvutist \/ Alexa-seadmest nii kohapeal kui ka eemalt.\u00a0Seda saab kasutada funktsiooni \u201eN\u00e4otuvastus\u201d lubamiseks otse rakendusest, et automaatselt &#8211; kui inimene on tuvastatud &#8211; saata lukustuse vabastamise k\u00e4sk (vaikimisi lubatud), k\u00e4ivitada ajami valguse v\u00f5i t\u00e4iendava avamise juhtimiseks ja saada teadet, kui teadaolev isik helistab.\u00a0Vana ukse sissep\u00e4\u00e4su monitori asendamine, et kasutada \u00e4ra k\u00f5iki WiFi-tehnoloogia pakutavaid eeliseid, pole enam probleemne:\u00a0Mini Wi-Fi \u00fchildub tegelikult igat t\u00fc\u00fcpi Comelit Simplebus 2 videosisendiga telefonis\u00fcsteemiga ega vaja t\u00e4iendavaid m\u00fc\u00fcrit\u00f6id.\u00a0Tarnitakse koos paigaldatava tagaplaadi ja t\u00f5usutoru jaotusterminaliga.\u00a01214 \/ 2C.<\/div>\n<\/div>\n<\/div>\n<\/div>\n<\/div>\n<\/div>\n<\/div>\n<\/div>\n<\/div>\n<\/div>\n<\/div>\n<\/div>\n<\/div>\n<\/div>\n<\/div>\n<\/div>\n<\/div>\n<\/div>\n<\/div>\n<\/div>\n<\/div>\n<\/div>\n<\/div>\n<\/div>\n<\/div>\n<\/div>\n<\/div>\n<\/div>\n<\/div>\n<\/div>\n<\/div>\n<\/div>\n<\/div>\n<\/div>\n<\/div>\n<\/div>\n<\/div>\n<\/div>\n<\/div>\n<\/div>\n<\/div>\n<\/div>\n<\/div>\n<\/div>\n<\/div>\n<\/div>\n<\/div>\n<\/div>\n<\/div>\n<\/div>\n<\/div>\n<\/div>\n<\/div>\n<\/div>\n<\/div>\n<\/div>\n<\/div>\n<div><\/div>\n<div>\n<div><strong><span>S\u00fcsteem: Simplebus2<\/span><\/strong><\/div>\n<div><strong><span>Rakenduse n\u00e4ide: kodud ja korterid<\/span><\/strong><\/div>\n<\/div>\n","protected":false},"featured_media":9312,"template":"","meta":[],"product_brand":[],"product_cat":[385,606,952,762,915],"product_tag":[],"class_list":{"0":"post-9303","1":"product","2":"type-product","3":"status-publish","4":"has-post-thumbnail","6":"product_cat-intercom-torud","7":"product_cat-fonolukud","8":"product_cat-uksetelefoni-torud-et","9":"product_cat-comelit-et","10":"product_cat-comelit-et-2","11":"pa_brand-comelit-et","13":"first","14":"instock","15":"taxable","16":"shipping-taxable","17":"product-type-simple"},"yoast_head":"<!-- This site is optimized with the Yoast SEO Premium plugin v27.3 (Yoast SEO v27.3) - https:\/\/yoast.com\/product\/yoast-seo-premium-wordpress\/ -->\n<title>Comelit 6741W - Fonolukk<\/title>\n<meta name=\"description\" content=\"Comelit 6741W - Fonolukk\" \/>\n<meta name=\"robots\" content=\"index, follow, max-snippet:-1, max-image-preview:large, max-video-preview:-1\" \/>\n<link rel=\"canonical\" href=\"https:\/\/fonolukk.eu\/et\/tooted\/comelit-6741w\/\" \/>\n<meta property=\"og:locale\" content=\"et_EE\" \/>\n<meta property=\"og:type\" content=\"article\" \/>\n<meta property=\"og:title\" content=\"Comelit 6741W\" \/>\n<meta property=\"og:description\" content=\"2 Juhtmetega MINI K\u00c4EK\u00c4EVABA WI-FI UKSTE SISENEMISJUHT K\u00e4ed-vabad Mini Wif-Fi ukse sissep\u00e4\u00e4su monitor Simplebus2 s\u00fcsteemile.\u00a0Kui seda kasutatakse koos rakenduse Comelit (saadaval tasuta alla laadida Google&#039;i ja Apple&#039;i poodidest) ja \/ v\u00f5i Alexa h\u00e4\u00e4lassistendiga, saab seda kasutada k\u00f5nedele vastamiseks otse nutitelefonist \/ tahvelarvutist \/ Alexa-seadmest nii kohapeal kui ka eemalt.\u00a0Seda saab kasutada funktsiooni \u201eN\u00e4otuvastus\u201d lubamiseks otse rakendusest, et automaatselt - kui inimene on tuvastatud - saata lukustuse vabastamise k\u00e4sk (vaikimisi lubatud), k\u00e4ivitada ajami valguse v\u00f5i t\u00e4iendava avamise juhtimiseks ja saada teadet, kui teadaolev isik helistab.\u00a0Vana ukse sissep\u00e4\u00e4su monitori asendamine, et kasutada \u00e4ra k\u00f5iki WiFi-tehnoloogia pakutavaid eeliseid, pole enam probleemne:\u00a0Mini Wi-Fi \u00fchildub tegelikult igat t\u00fc\u00fcpi Comelit Simplebus 2 videosisendiga telefonis\u00fcsteemiga ega vaja t\u00e4iendavaid m\u00fc\u00fcrit\u00f6id.\u00a0Tarnitakse koos paigaldatava tagaplaadi ja t\u00f5usutoru jaotusterminaliga.\u00a01214 \/ 2C.                                                           S\u00fcsteem: Simplebus2 Rakenduse n\u00e4ide: kodud ja korterid\" \/>\n<meta property=\"og:url\" content=\"https:\/\/fonolukk.eu\/et\/tooted\/comelit-6741w\/\" \/>\n<meta property=\"og:site_name\" content=\"Fonolukk\" \/>\n<meta property=\"article:publisher\" content=\"https:\/\/www.facebook.com\/fonolukk\" \/>\n<meta property=\"article:modified_time\" content=\"2021-01-06T13:21:25+00:00\" \/>\n<meta property=\"og:image\" content=\"https:\/\/fonolukk.eu\/wp-content\/uploads\/2021\/01\/6741w-medium-copy.png\" \/>\n\t<meta property=\"og:image:width\" content=\"1210\" \/>\n\t<meta property=\"og:image:height\" content=\"800\" \/>\n\t<meta property=\"og:image:type\" content=\"image\/png\" \/>\n<meta name=\"twitter:card\" content=\"summary_large_image\" \/>\n<meta name=\"twitter:label1\" content=\"Hind\" \/>\n\t<meta name=\"twitter:data1\" content=\"\" \/>\n\t<meta name=\"twitter:label2\" content=\"Availability\" \/>\n\t<meta name=\"twitter:data2\" content=\"Laos\" \/>\n<script type=\"application\/ld+json\" class=\"yoast-schema-graph\">{\"@context\":\"https:\\\/\\\/schema.org\",\"@graph\":[{\"@type\":\"WebPage\",\"@id\":\"https:\\\/\\\/fonolukk.eu\\\/et\\\/tooted\\\/comelit-6741w\\\/\",\"url\":\"https:\\\/\\\/fonolukk.eu\\\/et\\\/tooted\\\/comelit-6741w\\\/\",\"name\":\"Comelit 6741W - Fonolukk\",\"isPartOf\":{\"@id\":\"https:\\\/\\\/fonolukk.eu\\\/et\\\/#website\"},\"primaryImageOfPage\":{\"@id\":\"https:\\\/\\\/fonolukk.eu\\\/et\\\/tooted\\\/comelit-6741w\\\/#primaryimage\"},\"image\":{\"@id\":\"https:\\\/\\\/fonolukk.eu\\\/et\\\/tooted\\\/comelit-6741w\\\/#primaryimage\"},\"thumbnailUrl\":\"https:\\\/\\\/fonolukk.eu\\\/wp-content\\\/uploads\\\/2021\\\/01\\\/6741w-medium-copy.png\",\"datePublished\":\"2021-01-05T20:04:38+00:00\",\"dateModified\":\"2021-01-06T13:21:25+00:00\",\"description\":\"Comelit 6741W - Fonolukk\",\"breadcrumb\":{\"@id\":\"https:\\\/\\\/fonolukk.eu\\\/et\\\/tooted\\\/comelit-6741w\\\/#breadcrumb\"},\"inLanguage\":\"et\",\"potentialAction\":[{\"@type\":\"ReadAction\",\"target\":[\"https:\\\/\\\/fonolukk.eu\\\/et\\\/tooted\\\/comelit-6741w\\\/\"]}]},{\"@type\":\"ImageObject\",\"inLanguage\":\"et\",\"@id\":\"https:\\\/\\\/fonolukk.eu\\\/et\\\/tooted\\\/comelit-6741w\\\/#primaryimage\",\"url\":\"https:\\\/\\\/fonolukk.eu\\\/wp-content\\\/uploads\\\/2021\\\/01\\\/6741w-medium-copy.png\",\"contentUrl\":\"https:\\\/\\\/fonolukk.eu\\\/wp-content\\\/uploads\\\/2021\\\/01\\\/6741w-medium-copy.png\",\"width\":1210,\"height\":800},{\"@type\":\"BreadcrumbList\",\"@id\":\"https:\\\/\\\/fonolukk.eu\\\/et\\\/tooted\\\/comelit-6741w\\\/#breadcrumb\",\"itemListElement\":[{\"@type\":\"ListItem\",\"position\":1,\"name\":\"Esileht\",\"item\":\"https:\\\/\\\/fonolukk.eu\\\/et\\\/koduleht\\\/\"},{\"@type\":\"ListItem\",\"position\":2,\"name\":\"Tooted\",\"item\":\"https:\\\/\\\/fonolukk.eu\\\/et\\\/shop-2\\\/\"},{\"@type\":\"ListItem\",\"position\":3,\"name\":\"Fonolukud\",\"item\":\"https:\\\/\\\/fonolukk.eu\\\/et\\\/product-category\\\/fonolukud\\\/\"},{\"@type\":\"ListItem\",\"position\":4,\"name\":\"Comelit\",\"item\":\"https:\\\/\\\/fonolukk.eu\\\/et\\\/product-category\\\/fonolukud\\\/comelit-et-2\\\/\"},{\"@type\":\"ListItem\",\"position\":5,\"name\":\"Uksetelefoni torud\",\"item\":\"https:\\\/\\\/fonolukk.eu\\\/et\\\/product-category\\\/fonolukud\\\/comelit-et-2\\\/uksetelefoni-torud-et\\\/\"},{\"@type\":\"ListItem\",\"position\":6,\"name\":\"Comelit 6741W\"}]},{\"@type\":\"WebSite\",\"@id\":\"https:\\\/\\\/fonolukk.eu\\\/et\\\/#website\",\"url\":\"https:\\\/\\\/fonolukk.eu\\\/et\\\/\",\"name\":\"Fonolukk eu\",\"description\":\"Smart Security Systems\",\"publisher\":{\"@id\":\"https:\\\/\\\/fonolukk.eu\\\/et\\\/#organization\"},\"potentialAction\":[{\"@type\":\"SearchAction\",\"target\":{\"@type\":\"EntryPoint\",\"urlTemplate\":\"https:\\\/\\\/fonolukk.eu\\\/et\\\/?s={search_term_string}\"},\"query-input\":{\"@type\":\"PropertyValueSpecification\",\"valueRequired\":true,\"valueName\":\"search_term_string\"}}],\"inLanguage\":\"et\"},{\"@type\":\"Organization\",\"@id\":\"https:\\\/\\\/fonolukk.eu\\\/et\\\/#organization\",\"name\":\"Smart Security OU\",\"url\":\"https:\\\/\\\/fonolukk.eu\\\/et\\\/\",\"logo\":{\"@type\":\"ImageObject\",\"inLanguage\":\"et\",\"@id\":\"https:\\\/\\\/fonolukk.eu\\\/et\\\/#\\\/schema\\\/logo\\\/image\\\/\",\"url\":\"https:\\\/\\\/fonolukk.eu\\\/wp-content\\\/uploads\\\/2023\\\/09\\\/fonolukk.png\",\"contentUrl\":\"https:\\\/\\\/fonolukk.eu\\\/wp-content\\\/uploads\\\/2023\\\/09\\\/fonolukk.png\",\"width\":277,\"height\":274,\"caption\":\"Smart Security OU\"},\"image\":{\"@id\":\"https:\\\/\\\/fonolukk.eu\\\/et\\\/#\\\/schema\\\/logo\\\/image\\\/\"},\"sameAs\":[\"https:\\\/\\\/www.facebook.com\\\/fonolukk\",\"https:\\\/\\\/www.instagram.com\\\/fonolukk\\\/?hl=ru\"],\"publishingPrinciples\":\"https:\\\/\\\/fonolukk.eu\\\/terms-and-conditions\\\/\",\"ownershipFundingInfo\":\"https:\\\/\\\/fonolukk.eu\\\/about-us\\\/\"}]}<\/script>\n<meta property=\"product:brand\" content=\"Comelit\" \/>\n<meta property=\"product:price:amount\" content=\"0.00\" \/>\n<meta property=\"product:price:currency\" content=\"EUR\" \/>\n<meta property=\"og:availability\" content=\"instock\" \/>\n<meta property=\"product:availability\" content=\"instock\" \/>\n<meta property=\"product:retailer_item_id\" content=\"Comelit 6741W\" \/>\n<meta property=\"product:condition\" content=\"new\" \/>\n<!-- \/ Yoast SEO Premium plugin. -->","yoast_head_json":{"title":"Comelit 6741W - Fonolukk","description":"Comelit 6741W - Fonolukk","robots":{"index":"index","follow":"follow","max-snippet":"max-snippet:-1","max-image-preview":"max-image-preview:large","max-video-preview":"max-video-preview:-1"},"canonical":"https:\/\/fonolukk.eu\/et\/tooted\/comelit-6741w\/","og_locale":"et_EE","og_type":"article","og_title":"Comelit 6741W","og_description":"2 Juhtmetega MINI K\u00c4EK\u00c4EVABA WI-FI UKSTE SISENEMISJUHT K\u00e4ed-vabad Mini Wif-Fi ukse sissep\u00e4\u00e4su monitor Simplebus2 s\u00fcsteemile.\u00a0Kui seda kasutatakse koos rakenduse Comelit (saadaval tasuta alla laadida Google'i ja Apple'i poodidest) ja \/ v\u00f5i Alexa h\u00e4\u00e4lassistendiga, saab seda kasutada k\u00f5nedele vastamiseks otse nutitelefonist \/ tahvelarvutist \/ Alexa-seadmest nii kohapeal kui ka eemalt.\u00a0Seda saab kasutada funktsiooni \u201eN\u00e4otuvastus\u201d lubamiseks otse rakendusest, et automaatselt - kui inimene on tuvastatud - saata lukustuse vabastamise k\u00e4sk (vaikimisi lubatud), k\u00e4ivitada ajami valguse v\u00f5i t\u00e4iendava avamise juhtimiseks ja saada teadet, kui teadaolev isik helistab.\u00a0Vana ukse sissep\u00e4\u00e4su monitori asendamine, et kasutada \u00e4ra k\u00f5iki WiFi-tehnoloogia pakutavaid eeliseid, pole enam probleemne:\u00a0Mini Wi-Fi \u00fchildub tegelikult igat t\u00fc\u00fcpi Comelit Simplebus 2 videosisendiga telefonis\u00fcsteemiga ega vaja t\u00e4iendavaid m\u00fc\u00fcrit\u00f6id.\u00a0Tarnitakse koos paigaldatava tagaplaadi ja t\u00f5usutoru jaotusterminaliga.\u00a01214 \/ 2C.                                                           S\u00fcsteem: Simplebus2 Rakenduse n\u00e4ide: kodud ja korterid","og_url":"https:\/\/fonolukk.eu\/et\/tooted\/comelit-6741w\/","og_site_name":"Fonolukk","article_publisher":"https:\/\/www.facebook.com\/fonolukk","article_modified_time":"2021-01-06T13:21:25+00:00","og_image":[{"width":1210,"height":800,"url":"https:\/\/fonolukk.eu\/wp-content\/uploads\/2021\/01\/6741w-medium-copy.png","type":"image\/png"}],"twitter_card":"summary_large_image","twitter_misc":{"Hind":"","Availability":"Laos"},"schema":{"@context":"https:\/\/schema.org","@graph":[{"@type":"WebPage","@id":"https:\/\/fonolukk.eu\/et\/tooted\/comelit-6741w\/","url":"https:\/\/fonolukk.eu\/et\/tooted\/comelit-6741w\/","name":"Comelit 6741W - Fonolukk","isPartOf":{"@id":"https:\/\/fonolukk.eu\/et\/#website"},"primaryImageOfPage":{"@id":"https:\/\/fonolukk.eu\/et\/tooted\/comelit-6741w\/#primaryimage"},"image":{"@id":"https:\/\/fonolukk.eu\/et\/tooted\/comelit-6741w\/#primaryimage"},"thumbnailUrl":"https:\/\/fonolukk.eu\/wp-content\/uploads\/2021\/01\/6741w-medium-copy.png","datePublished":"2021-01-05T20:04:38+00:00","dateModified":"2021-01-06T13:21:25+00:00","description":"Comelit 6741W - Fonolukk","breadcrumb":{"@id":"https:\/\/fonolukk.eu\/et\/tooted\/comelit-6741w\/#breadcrumb"},"inLanguage":"et","potentialAction":[{"@type":"ReadAction","target":["https:\/\/fonolukk.eu\/et\/tooted\/comelit-6741w\/"]}]},{"@type":"ImageObject","inLanguage":"et","@id":"https:\/\/fonolukk.eu\/et\/tooted\/comelit-6741w\/#primaryimage","url":"https:\/\/fonolukk.eu\/wp-content\/uploads\/2021\/01\/6741w-medium-copy.png","contentUrl":"https:\/\/fonolukk.eu\/wp-content\/uploads\/2021\/01\/6741w-medium-copy.png","width":1210,"height":800},{"@type":"BreadcrumbList","@id":"https:\/\/fonolukk.eu\/et\/tooted\/comelit-6741w\/#breadcrumb","itemListElement":[{"@type":"ListItem","position":1,"name":"Esileht","item":"https:\/\/fonolukk.eu\/et\/koduleht\/"},{"@type":"ListItem","position":2,"name":"Tooted","item":"https:\/\/fonolukk.eu\/et\/shop-2\/"},{"@type":"ListItem","position":3,"name":"Fonolukud","item":"https:\/\/fonolukk.eu\/et\/product-category\/fonolukud\/"},{"@type":"ListItem","position":4,"name":"Comelit","item":"https:\/\/fonolukk.eu\/et\/product-category\/fonolukud\/comelit-et-2\/"},{"@type":"ListItem","position":5,"name":"Uksetelefoni torud","item":"https:\/\/fonolukk.eu\/et\/product-category\/fonolukud\/comelit-et-2\/uksetelefoni-torud-et\/"},{"@type":"ListItem","position":6,"name":"Comelit 6741W"}]},{"@type":"WebSite","@id":"https:\/\/fonolukk.eu\/et\/#website","url":"https:\/\/fonolukk.eu\/et\/","name":"Fonolukk eu","description":"Smart Security Systems","publisher":{"@id":"https:\/\/fonolukk.eu\/et\/#organization"},"potentialAction":[{"@type":"SearchAction","target":{"@type":"EntryPoint","urlTemplate":"https:\/\/fonolukk.eu\/et\/?s={search_term_string}"},"query-input":{"@type":"PropertyValueSpecification","valueRequired":true,"valueName":"search_term_string"}}],"inLanguage":"et"},{"@type":"Organization","@id":"https:\/\/fonolukk.eu\/et\/#organization","name":"Smart Security OU","url":"https:\/\/fonolukk.eu\/et\/","logo":{"@type":"ImageObject","inLanguage":"et","@id":"https:\/\/fonolukk.eu\/et\/#\/schema\/logo\/image\/","url":"https:\/\/fonolukk.eu\/wp-content\/uploads\/2023\/09\/fonolukk.png","contentUrl":"https:\/\/fonolukk.eu\/wp-content\/uploads\/2023\/09\/fonolukk.png","width":277,"height":274,"caption":"Smart Security OU"},"image":{"@id":"https:\/\/fonolukk.eu\/et\/#\/schema\/logo\/image\/"},"sameAs":["https:\/\/www.facebook.com\/fonolukk","https:\/\/www.instagram.com\/fonolukk\/?hl=ru"],"publishingPrinciples":"https:\/\/fonolukk.eu\/terms-and-conditions\/","ownershipFundingInfo":"https:\/\/fonolukk.eu\/about-us\/"}]},"product_brand":"Comelit","product_price_amount":"0.00","product_price_currency":"EUR","og_availability":"instock","product_availability":"instock","product_retailer_item_id":"Comelit 6741W","product_condition":"new"},"_links":{"self":[{"href":"https:\/\/fonolukk.eu\/et\/wp-json\/wp\/v2\/product\/9303","targetHints":{"allow":["GET"]}}],"collection":[{"href":"https:\/\/fonolukk.eu\/et\/wp-json\/wp\/v2\/product"}],"about":[{"href":"https:\/\/fonolukk.eu\/et\/wp-json\/wp\/v2\/types\/product"}],"version-history":[{"count":0,"href":"https:\/\/fonolukk.eu\/et\/wp-json\/wp\/v2\/product\/9303\/revisions"}],"wp:featuredmedia":[{"embeddable":true,"href":"https:\/\/fonolukk.eu\/et\/wp-json\/wp\/v2\/media\/9312"}],"wp:attachment":[{"href":"https:\/\/fonolukk.eu\/et\/wp-json\/wp\/v2\/media?parent=9303"}],"wp:term":[{"taxonomy":"product_brand","embeddable":true,"href":"https:\/\/fonolukk.eu\/et\/wp-json\/wp\/v2\/product_brand?post=9303"},{"taxonomy":"product_cat","embeddable":true,"href":"https:\/\/fonolukk.eu\/et\/wp-json\/wp\/v2\/product_cat?post=9303"},{"taxonomy":"product_tag","embeddable":true,"href":"https:\/\/fonolukk.eu\/et\/wp-json\/wp\/v2\/product_tag?post=9303"}],"curies":[{"name":"wp","href":"https:\/\/api.w.org\/{rel}","templated":true}]}}