{"id":9406,"date":"2021-01-10T18:39:23","date_gmt":"2021-01-10T16:39:25","guid":{"rendered":"https:\/\/fonolukk.eu\/?post_type=product&#038;p=9406"},"modified":"2021-01-10T18:53:40","modified_gmt":"2021-01-10T16:53:40","slug":"comelit-6801w","status":"publish","type":"product","link":"https:\/\/fonolukk.eu\/et\/tooted\/comelit-6801w\/","title":{"rendered":"Comelit 6801W"},"content":{"rendered":"<div class='w3eden'><!-- WPDM Link Template: Default Template -->\n\n<div class=\"link-template-default card mb-2\">\n    <div class=\"card-body\">\n        <div class=\"media\">\n            <div class=\"mr-3 img-48\"><img decoding=\"async\" class=\"wpdm_icon\" alt=\"Icon\"   src=\"https:\/\/fonolukk.eu\/wp-content\/plugins\/download-manager\/assets\/file-type-icons\/pdf.svg\" \/><\/div>\n            <div class=\"media-body\">\n                <h3 class=\"package-title\"><a href='https:\/\/fonolukk.eu\/download\/6801w\/'>6801W<\/a><\/h3>\n                <div class=\"text-muted text-small\"><i class=\"fas fa-copy\"><\/i> 1 file(s) <i class=\"fas fa-hdd ml-3\"><\/i> 1.14 MB<\/div>\n            <\/div>\n            <div class=\"ml-3\">\n                <a class='wpdm-download-link download-on-click btn btn-primary ' rel='nofollow' href='#' data-downloadurl=\"https:\/\/fonolukk.eu\/download\/6801w\/?wpdmdl=9408&refresh=69f588caa09d11777699018\">Lae<\/a>\n            <\/div>\n        <\/div>\n    <\/div>\n<\/div>\n\n<\/div>\n<div class='w3eden'><!-- WPDM Link Template: Default Template -->\n\n<div class=\"link-template-default card mb-2\">\n    <div class=\"card-body\">\n        <div class=\"media\">\n            <div class=\"mr-3 img-48\"><img decoding=\"async\" class=\"wpdm_icon\" alt=\"Icon\"   src=\"https:\/\/fonolukk.eu\/wp-content\/plugins\/download-manager\/assets\/file-type-icons\/pdf.svg\" \/><\/div>\n            <div class=\"media-body\">\n                <h3 class=\"package-title\"><a href='https:\/\/fonolukk.eu\/download\/6801w-2\/'>6801W<\/a><\/h3>\n                <div class=\"text-muted text-small\"><i class=\"fas fa-copy\"><\/i> 1 file(s) <i class=\"fas fa-hdd ml-3\"><\/i> 3.63 MB<\/div>\n            <\/div>\n            <div class=\"ml-3\">\n                <a class='wpdm-download-link download-on-click btn btn-primary ' rel='nofollow' href='#' data-downloadurl=\"https:\/\/fonolukk.eu\/download\/6801w-2\/?wpdmdl=9410&refresh=69f588caa19da1777699018\">Lae<\/a>\n            <\/div>\n        <\/div>\n    <\/div>\n<\/div>\n\n<\/div>\n<div class='w3eden'><!-- WPDM Link Template: Default Template -->\n\n<div class=\"link-template-default card mb-2\">\n    <div class=\"card-body\">\n        <div class=\"media\">\n            <div class=\"mr-3 img-48\"><img decoding=\"async\" class=\"wpdm_icon\" alt=\"Icon\"   src=\"https:\/\/fonolukk.eu\/wp-content\/plugins\/download-manager\/assets\/file-type-icons\/pdf.svg\" \/><\/div>\n            <div class=\"media-body\">\n                <h3 class=\"package-title\"><a href='https:\/\/fonolukk.eu\/download\/6801w-3\/'>6801W<\/a><\/h3>\n                <div class=\"text-muted text-small\"><i class=\"fas fa-copy\"><\/i> 1 file(s) <i class=\"fas fa-hdd ml-3\"><\/i> 2.23 MB<\/div>\n            <\/div>\n            <div class=\"ml-3\">\n                <a class='wpdm-download-link download-on-click btn btn-primary ' rel='nofollow' href='#' data-downloadurl=\"https:\/\/fonolukk.eu\/download\/6801w-3\/?wpdmdl=9412&refresh=69f588caa26171777699018\">Lae<\/a>\n            <\/div>\n        <\/div>\n    <\/div>\n<\/div>\n\n<\/div>\n","protected":false},"excerpt":{"rendered":"<div class=\"product-description\" style=\"text-align: left;\">\n<h2 class=\"product-excerpt\"><span>2 Juhtmetega MAXI uste sisenemismonitor<\/span><\/h2>\n<div class=\"product-description\"><span>V\u00e4rviline seif 7-tollise 16: 9-ekraaniga, k\u00e4ed-vabad t\u00e4isdupleksheli ja puutetundlike juhtnuppudega s\u00fcvistatavaks (Art. 6817) v\u00f5i seinale (tugi Art. 6820) monteerimiseks. V\u00f5imaldab heledust, kontrasti ja helitugevust juhtimine, millele lisandub helina helitugevuse reguleerimine, mida saab kohandada erinevate meloodiate valiku abil. Standardvarustuses on juhtnupud lukust vabastamiseks ja heli sisse \/ v\u00e4lja l\u00fclitamine suhteliste indikaatordioodidega, lisaks veel 6 nuppu ises\u00fcttimiseks , privaatsusteenus ja muud programmeeritavad funktsioonid. Haldab p\u00f5randauksek\u00f5nesid ja k\u00f5ne kordamist standardvarustuses. Komplektis 2 x 8-positsioonilist DIP-l\u00fclitit kasutajakoodi programmeerimiseks ja nuppude programmeerimiseks. Varustatud t\u00f5usutoru jaotusterminaliga Art 1214 \/ 2C. Monitor saab ainult kasutada 2-juhtmelistes s\u00fcsteemides Simplebus2. M\u00f5\u00f5tmed: 223x124x25mm.<\/span><\/div>\n<\/div>\n<div class=\"product-details-table\" style=\"text-align: left;\">\n<div>\n<div class=\"product-compatible_systems product-details-table-row\"><\/div>\n<\/div>\n<\/div>\n<div style=\"text-align: left;\"><strong>s\u00fcsteem: Simplebus2<\/strong><\/div>\n<div style=\"text-align: left;\"><strong>Rakenduse n\u00e4ide: majad ja korterid<\/strong><\/div>\n<div class=\"product-details-table\">\n<div>\n<div class=\"product-compatible_systems product-details-table-row\" style=\"text-align: left;\"><\/div>\n<\/div>\n<\/div>\n","protected":false},"featured_media":9415,"template":"","meta":[],"product_brand":[],"product_cat":[385,606,952,762,915],"product_tag":[],"class_list":{"0":"post-9406","1":"product","2":"type-product","3":"status-publish","4":"has-post-thumbnail","6":"product_cat-intercom-torud","7":"product_cat-fonolukk","8":"product_cat-uksetelefoni-torud-et","9":"product_cat-comelit-et","10":"product_cat-comelit-et-2","11":"pa_brand-comelit-et","13":"first","14":"instock","15":"taxable","16":"shipping-taxable","17":"product-type-simple"},"yoast_head":"<!-- This site is optimized with the Yoast SEO Premium plugin v27.5 (Yoast SEO v27.5) - https:\/\/yoast.com\/product\/yoast-seo-premium-wordpress\/ -->\n<title>Comelit 6801W - Fonolukk<\/title>\n<meta name=\"description\" content=\"Comelit 6801W - Fonolukk\" \/>\n<meta name=\"robots\" content=\"index, follow, max-snippet:-1, max-image-preview:large, max-video-preview:-1\" \/>\n<link rel=\"canonical\" href=\"https:\/\/fonolukk.eu\/et\/tooted\/comelit-6801w\/\" \/>\n<meta property=\"og:locale\" content=\"et_EE\" \/>\n<meta property=\"og:type\" content=\"article\" \/>\n<meta property=\"og:title\" content=\"Comelit 6801W\" \/>\n<meta property=\"og:description\" content=\"2 Juhtmetega MAXI uste sisenemismonitor V\u00e4rviline seif 7-tollise 16: 9-ekraaniga, k\u00e4ed-vabad t\u00e4isdupleksheli ja puutetundlike juhtnuppudega s\u00fcvistatavaks (Art. 6817) v\u00f5i seinale (tugi Art. 6820) monteerimiseks. V\u00f5imaldab heledust, kontrasti ja helitugevust juhtimine, millele lisandub helina helitugevuse reguleerimine, mida saab kohandada erinevate meloodiate valiku abil. Standardvarustuses on juhtnupud lukust vabastamiseks ja heli sisse \/ v\u00e4lja l\u00fclitamine suhteliste indikaatordioodidega, lisaks veel 6 nuppu ises\u00fcttimiseks , privaatsusteenus ja muud programmeeritavad funktsioonid. Haldab p\u00f5randauksek\u00f5nesid ja k\u00f5ne kordamist standardvarustuses. Komplektis 2 x 8-positsioonilist DIP-l\u00fclitit kasutajakoodi programmeerimiseks ja nuppude programmeerimiseks. Varustatud t\u00f5usutoru jaotusterminaliga Art 1214 \/ 2C. Monitor saab ainult kasutada 2-juhtmelistes s\u00fcsteemides Simplebus2. M\u00f5\u00f5tmed: 223x124x25mm.       s\u00fcsteem: Simplebus2 Rakenduse n\u00e4ide: majad ja korterid\" \/>\n<meta property=\"og:url\" content=\"https:\/\/fonolukk.eu\/et\/tooted\/comelit-6801w\/\" \/>\n<meta property=\"og:site_name\" content=\"Fonolukk\" \/>\n<meta property=\"article:publisher\" content=\"https:\/\/www.facebook.com\/fonolukk\" \/>\n<meta property=\"article:modified_time\" content=\"2021-01-10T16:53:40+00:00\" \/>\n<meta property=\"og:image\" content=\"https:\/\/fonolukk.eu\/wp-content\/uploads\/2021\/01\/6801W-medium.png\" \/>\n\t<meta property=\"og:image:width\" content=\"800\" \/>\n\t<meta property=\"og:image:height\" content=\"800\" \/>\n\t<meta property=\"og:image:type\" content=\"image\/png\" \/>\n<meta name=\"twitter:card\" content=\"summary_large_image\" \/>\n<meta name=\"twitter:label1\" content=\"Hind\" \/>\n\t<meta name=\"twitter:data1\" content=\"\" \/>\n\t<meta name=\"twitter:label2\" content=\"Availability\" \/>\n\t<meta name=\"twitter:data2\" content=\"Laos\" \/>\n<script type=\"application\/ld+json\" class=\"yoast-schema-graph\">{\"@context\":\"https:\\\/\\\/schema.org\",\"@graph\":[{\"@type\":\"WebPage\",\"@id\":\"https:\\\/\\\/fonolukk.eu\\\/et\\\/tooted\\\/comelit-6801w\\\/\",\"url\":\"https:\\\/\\\/fonolukk.eu\\\/et\\\/tooted\\\/comelit-6801w\\\/\",\"name\":\"Comelit 6801W - Fonolukk\",\"isPartOf\":{\"@id\":\"https:\\\/\\\/fonolukk.eu\\\/et\\\/#website\"},\"primaryImageOfPage\":{\"@id\":\"https:\\\/\\\/fonolukk.eu\\\/et\\\/tooted\\\/comelit-6801w\\\/#primaryimage\"},\"image\":{\"@id\":\"https:\\\/\\\/fonolukk.eu\\\/et\\\/tooted\\\/comelit-6801w\\\/#primaryimage\"},\"thumbnailUrl\":\"https:\\\/\\\/fonolukk.eu\\\/wp-content\\\/uploads\\\/2021\\\/01\\\/6801W-medium.png\",\"datePublished\":\"2021-01-10T16:39:25+00:00\",\"dateModified\":\"2021-01-10T16:53:40+00:00\",\"description\":\"Comelit 6801W - Fonolukk\",\"breadcrumb\":{\"@id\":\"https:\\\/\\\/fonolukk.eu\\\/et\\\/tooted\\\/comelit-6801w\\\/#breadcrumb\"},\"inLanguage\":\"et\",\"potentialAction\":[{\"@type\":\"ReadAction\",\"target\":[\"https:\\\/\\\/fonolukk.eu\\\/et\\\/tooted\\\/comelit-6801w\\\/\"]}]},{\"@type\":\"ImageObject\",\"inLanguage\":\"et\",\"@id\":\"https:\\\/\\\/fonolukk.eu\\\/et\\\/tooted\\\/comelit-6801w\\\/#primaryimage\",\"url\":\"https:\\\/\\\/fonolukk.eu\\\/wp-content\\\/uploads\\\/2021\\\/01\\\/6801W-medium.png\",\"contentUrl\":\"https:\\\/\\\/fonolukk.eu\\\/wp-content\\\/uploads\\\/2021\\\/01\\\/6801W-medium.png\",\"width\":800,\"height\":800},{\"@type\":\"BreadcrumbList\",\"@id\":\"https:\\\/\\\/fonolukk.eu\\\/et\\\/tooted\\\/comelit-6801w\\\/#breadcrumb\",\"itemListElement\":[{\"@type\":\"ListItem\",\"position\":1,\"name\":\"Esileht\",\"item\":\"https:\\\/\\\/fonolukk.eu\\\/et\\\/koduleht\\\/\"},{\"@type\":\"ListItem\",\"position\":2,\"name\":\"Tooted\",\"item\":\"https:\\\/\\\/fonolukk.eu\\\/et\\\/shop-2\\\/\"},{\"@type\":\"ListItem\",\"position\":3,\"name\":\"Fonolukud\",\"item\":\"https:\\\/\\\/fonolukk.eu\\\/et\\\/product-category\\\/fonolukk\\\/\"},{\"@type\":\"ListItem\",\"position\":4,\"name\":\"Comelit\",\"item\":\"https:\\\/\\\/fonolukk.eu\\\/et\\\/product-category\\\/fonolukk\\\/comelit-et-2\\\/\"},{\"@type\":\"ListItem\",\"position\":5,\"name\":\"Uksetelefoni torud\",\"item\":\"https:\\\/\\\/fonolukk.eu\\\/et\\\/product-category\\\/fonolukk\\\/comelit-et-2\\\/uksetelefoni-torud-et\\\/\"},{\"@type\":\"ListItem\",\"position\":6,\"name\":\"Comelit 6801W\"}]},{\"@type\":\"WebSite\",\"@id\":\"https:\\\/\\\/fonolukk.eu\\\/et\\\/#website\",\"url\":\"https:\\\/\\\/fonolukk.eu\\\/et\\\/\",\"name\":\"Fonolukk eu\",\"description\":\"Smart Security Systems\",\"publisher\":{\"@id\":\"https:\\\/\\\/fonolukk.eu\\\/et\\\/#organization\"},\"potentialAction\":[{\"@type\":\"SearchAction\",\"target\":{\"@type\":\"EntryPoint\",\"urlTemplate\":\"https:\\\/\\\/fonolukk.eu\\\/et\\\/?s={search_term_string}\"},\"query-input\":{\"@type\":\"PropertyValueSpecification\",\"valueRequired\":true,\"valueName\":\"search_term_string\"}}],\"inLanguage\":\"et\"},{\"@type\":\"Organization\",\"@id\":\"https:\\\/\\\/fonolukk.eu\\\/et\\\/#organization\",\"name\":\"Smart Security OU\",\"url\":\"https:\\\/\\\/fonolukk.eu\\\/et\\\/\",\"logo\":{\"@type\":\"ImageObject\",\"inLanguage\":\"et\",\"@id\":\"https:\\\/\\\/fonolukk.eu\\\/et\\\/#\\\/schema\\\/logo\\\/image\\\/\",\"url\":\"https:\\\/\\\/fonolukk.eu\\\/wp-content\\\/uploads\\\/2023\\\/09\\\/fonolukk.png\",\"contentUrl\":\"https:\\\/\\\/fonolukk.eu\\\/wp-content\\\/uploads\\\/2023\\\/09\\\/fonolukk.png\",\"width\":277,\"height\":274,\"caption\":\"Smart Security OU\"},\"image\":{\"@id\":\"https:\\\/\\\/fonolukk.eu\\\/et\\\/#\\\/schema\\\/logo\\\/image\\\/\"},\"sameAs\":[\"https:\\\/\\\/www.facebook.com\\\/fonolukk\",\"https:\\\/\\\/www.instagram.com\\\/fonolukk\\\/?hl=ru\"],\"publishingPrinciples\":\"https:\\\/\\\/fonolukk.eu\\\/terms-and-conditions\\\/\",\"ownershipFundingInfo\":\"https:\\\/\\\/fonolukk.eu\\\/about-us\\\/\"}]}<\/script>\n<meta property=\"product:brand\" content=\"Comelit\" \/>\n<meta property=\"product:price:amount\" content=\"0.00\" \/>\n<meta property=\"product:price:currency\" content=\"EUR\" \/>\n<meta property=\"og:availability\" content=\"instock\" \/>\n<meta property=\"product:availability\" content=\"instock\" \/>\n<meta property=\"product:retailer_item_id\" content=\"Comelit 6801W\" \/>\n<meta property=\"product:condition\" content=\"new\" \/>\n<!-- \/ Yoast SEO Premium plugin. -->","yoast_head_json":{"title":"Comelit 6801W - Fonolukk","description":"Comelit 6801W - Fonolukk","robots":{"index":"index","follow":"follow","max-snippet":"max-snippet:-1","max-image-preview":"max-image-preview:large","max-video-preview":"max-video-preview:-1"},"canonical":"https:\/\/fonolukk.eu\/et\/tooted\/comelit-6801w\/","og_locale":"et_EE","og_type":"article","og_title":"Comelit 6801W","og_description":"2 Juhtmetega MAXI uste sisenemismonitor V\u00e4rviline seif 7-tollise 16: 9-ekraaniga, k\u00e4ed-vabad t\u00e4isdupleksheli ja puutetundlike juhtnuppudega s\u00fcvistatavaks (Art. 6817) v\u00f5i seinale (tugi Art. 6820) monteerimiseks. V\u00f5imaldab heledust, kontrasti ja helitugevust juhtimine, millele lisandub helina helitugevuse reguleerimine, mida saab kohandada erinevate meloodiate valiku abil. Standardvarustuses on juhtnupud lukust vabastamiseks ja heli sisse \/ v\u00e4lja l\u00fclitamine suhteliste indikaatordioodidega, lisaks veel 6 nuppu ises\u00fcttimiseks , privaatsusteenus ja muud programmeeritavad funktsioonid. Haldab p\u00f5randauksek\u00f5nesid ja k\u00f5ne kordamist standardvarustuses. Komplektis 2 x 8-positsioonilist DIP-l\u00fclitit kasutajakoodi programmeerimiseks ja nuppude programmeerimiseks. Varustatud t\u00f5usutoru jaotusterminaliga Art 1214 \/ 2C. Monitor saab ainult kasutada 2-juhtmelistes s\u00fcsteemides Simplebus2. M\u00f5\u00f5tmed: 223x124x25mm.       s\u00fcsteem: Simplebus2 Rakenduse n\u00e4ide: majad ja korterid","og_url":"https:\/\/fonolukk.eu\/et\/tooted\/comelit-6801w\/","og_site_name":"Fonolukk","article_publisher":"https:\/\/www.facebook.com\/fonolukk","article_modified_time":"2021-01-10T16:53:40+00:00","og_image":[{"width":800,"height":800,"url":"https:\/\/fonolukk.eu\/wp-content\/uploads\/2021\/01\/6801W-medium.png","type":"image\/png"}],"twitter_card":"summary_large_image","twitter_misc":{"Hind":"","Availability":"Laos"},"schema":{"@context":"https:\/\/schema.org","@graph":[{"@type":"WebPage","@id":"https:\/\/fonolukk.eu\/et\/tooted\/comelit-6801w\/","url":"https:\/\/fonolukk.eu\/et\/tooted\/comelit-6801w\/","name":"Comelit 6801W - Fonolukk","isPartOf":{"@id":"https:\/\/fonolukk.eu\/et\/#website"},"primaryImageOfPage":{"@id":"https:\/\/fonolukk.eu\/et\/tooted\/comelit-6801w\/#primaryimage"},"image":{"@id":"https:\/\/fonolukk.eu\/et\/tooted\/comelit-6801w\/#primaryimage"},"thumbnailUrl":"https:\/\/fonolukk.eu\/wp-content\/uploads\/2021\/01\/6801W-medium.png","datePublished":"2021-01-10T16:39:25+00:00","dateModified":"2021-01-10T16:53:40+00:00","description":"Comelit 6801W - Fonolukk","breadcrumb":{"@id":"https:\/\/fonolukk.eu\/et\/tooted\/comelit-6801w\/#breadcrumb"},"inLanguage":"et","potentialAction":[{"@type":"ReadAction","target":["https:\/\/fonolukk.eu\/et\/tooted\/comelit-6801w\/"]}]},{"@type":"ImageObject","inLanguage":"et","@id":"https:\/\/fonolukk.eu\/et\/tooted\/comelit-6801w\/#primaryimage","url":"https:\/\/fonolukk.eu\/wp-content\/uploads\/2021\/01\/6801W-medium.png","contentUrl":"https:\/\/fonolukk.eu\/wp-content\/uploads\/2021\/01\/6801W-medium.png","width":800,"height":800},{"@type":"BreadcrumbList","@id":"https:\/\/fonolukk.eu\/et\/tooted\/comelit-6801w\/#breadcrumb","itemListElement":[{"@type":"ListItem","position":1,"name":"Esileht","item":"https:\/\/fonolukk.eu\/et\/koduleht\/"},{"@type":"ListItem","position":2,"name":"Tooted","item":"https:\/\/fonolukk.eu\/et\/shop-2\/"},{"@type":"ListItem","position":3,"name":"Fonolukud","item":"https:\/\/fonolukk.eu\/et\/product-category\/fonolukk\/"},{"@type":"ListItem","position":4,"name":"Comelit","item":"https:\/\/fonolukk.eu\/et\/product-category\/fonolukk\/comelit-et-2\/"},{"@type":"ListItem","position":5,"name":"Uksetelefoni torud","item":"https:\/\/fonolukk.eu\/et\/product-category\/fonolukk\/comelit-et-2\/uksetelefoni-torud-et\/"},{"@type":"ListItem","position":6,"name":"Comelit 6801W"}]},{"@type":"WebSite","@id":"https:\/\/fonolukk.eu\/et\/#website","url":"https:\/\/fonolukk.eu\/et\/","name":"Fonolukk eu","description":"Smart Security Systems","publisher":{"@id":"https:\/\/fonolukk.eu\/et\/#organization"},"potentialAction":[{"@type":"SearchAction","target":{"@type":"EntryPoint","urlTemplate":"https:\/\/fonolukk.eu\/et\/?s={search_term_string}"},"query-input":{"@type":"PropertyValueSpecification","valueRequired":true,"valueName":"search_term_string"}}],"inLanguage":"et"},{"@type":"Organization","@id":"https:\/\/fonolukk.eu\/et\/#organization","name":"Smart Security OU","url":"https:\/\/fonolukk.eu\/et\/","logo":{"@type":"ImageObject","inLanguage":"et","@id":"https:\/\/fonolukk.eu\/et\/#\/schema\/logo\/image\/","url":"https:\/\/fonolukk.eu\/wp-content\/uploads\/2023\/09\/fonolukk.png","contentUrl":"https:\/\/fonolukk.eu\/wp-content\/uploads\/2023\/09\/fonolukk.png","width":277,"height":274,"caption":"Smart Security OU"},"image":{"@id":"https:\/\/fonolukk.eu\/et\/#\/schema\/logo\/image\/"},"sameAs":["https:\/\/www.facebook.com\/fonolukk","https:\/\/www.instagram.com\/fonolukk\/?hl=ru"],"publishingPrinciples":"https:\/\/fonolukk.eu\/terms-and-conditions\/","ownershipFundingInfo":"https:\/\/fonolukk.eu\/about-us\/"}]},"product_brand":"Comelit","product_price_amount":"0.00","product_price_currency":"EUR","og_availability":"instock","product_availability":"instock","product_retailer_item_id":"Comelit 6801W","product_condition":"new"},"_links":{"self":[{"href":"https:\/\/fonolukk.eu\/et\/wp-json\/wp\/v2\/product\/9406","targetHints":{"allow":["GET"]}}],"collection":[{"href":"https:\/\/fonolukk.eu\/et\/wp-json\/wp\/v2\/product"}],"about":[{"href":"https:\/\/fonolukk.eu\/et\/wp-json\/wp\/v2\/types\/product"}],"version-history":[{"count":0,"href":"https:\/\/fonolukk.eu\/et\/wp-json\/wp\/v2\/product\/9406\/revisions"}],"wp:featuredmedia":[{"embeddable":true,"href":"https:\/\/fonolukk.eu\/et\/wp-json\/wp\/v2\/media\/9415"}],"wp:attachment":[{"href":"https:\/\/fonolukk.eu\/et\/wp-json\/wp\/v2\/media?parent=9406"}],"wp:term":[{"taxonomy":"product_brand","embeddable":true,"href":"https:\/\/fonolukk.eu\/et\/wp-json\/wp\/v2\/product_brand?post=9406"},{"taxonomy":"product_cat","embeddable":true,"href":"https:\/\/fonolukk.eu\/et\/wp-json\/wp\/v2\/product_cat?post=9406"},{"taxonomy":"product_tag","embeddable":true,"href":"https:\/\/fonolukk.eu\/et\/wp-json\/wp\/v2\/product_tag?post=9406"}],"curies":[{"name":"wp","href":"https:\/\/api.w.org\/{rel}","templated":true}]}}