{"id":9537,"date":"2021-01-15T11:46:39","date_gmt":"2021-01-15T09:46:39","guid":{"rendered":"https:\/\/fonolukk.eu\/?post_type=product&#038;p=9537"},"modified":"2021-01-26T21:23:04","modified_gmt":"2021-01-26T19:23:04","slug":"comelit-ultra-3avt","status":"publish","type":"product","link":"https:\/\/fonolukk.eu\/et\/tooted\/comelit-ultra-3avt\/","title":{"rendered":"Comelit ULTRA\/3AVT"},"content":{"rendered":"<div class='w3eden'><!-- WPDM Link Template: Default Template -->\n\n<div class=\"link-template-default card mb-2\">\n    <div class=\"card-body\">\n        <div class=\"media\">\n            <div class=\"mr-3 img-48\"><img decoding=\"async\" class=\"wpdm_icon\" alt=\"Icon\"   src=\"https:\/\/fonolukk.eu\/wp-content\/plugins\/download-manager\/assets\/file-type-icons\/pdf.svg\" \/><\/div>\n            <div class=\"media-body\">\n                <h3 class=\"package-title\"><a href='https:\/\/fonolukk.eu\/download\/ultra-3avt\/'>ULTRA\/3AVT<\/a><\/h3>\n                <div class=\"text-muted text-small\"><i class=\"fas fa-copy\"><\/i> 1 file(s) <i class=\"fas fa-hdd ml-3\"><\/i> 1.02 MB<\/div>\n            <\/div>\n            <div class=\"ml-3\">\n                <div class=\"w3eden\"><div class=\"panel panel-default card\"><div class=\"panel-body card-body\"><span class=\"text-danger\">Login is required to access this page<\/span><\/div><div class=\"panel-footer card-footer text-right\"><a href=\"https:\/\/fonolukk.eu\/wp-login.php?redirect_to=\/et\/wp-json\/wp\/v2\/product\/9537\" class=\"btn btn-danger wpdmloginmodal-trigger btn-sm\"><i class=\"fa fa-lock\"><\/i> Login<\/a><\/div><\/div><\/div>\n            <\/div>\n        <\/div>\n    <\/div>\n<\/div>\n\n<\/div>\n","protected":false},"excerpt":{"rendered":"<div class=\"product-description\" style=\"text-align: left;\">\n<div class=\"product-description\">\n<div class=\"product-description\">\n<div class=\"product-details-table\" style=\"text-align: left;\">\n<div class=\"product-description\">\n<div class=\"product-description\">\n<h3 class=\"product-excerpt\"><span>3-mooduliline AUDIO \/ VIDEO ULTRA, DIGITAALNE<\/span><\/h3>\n<div class=\"product-description\"><span>ULTRA, uus ja tehnoloogiliselt k\u00f5ige arenenum sissep\u00e4\u00e4supaneel, mis pakub maksimaalset paigaldamise lihtsust.\u00a0Sellel moodulaarsel sissep\u00e4\u00e4supaneelil on kaasaegne disain ja see on loodud kohanemiseks paljude rakendustega, alates v\u00e4ikestest kuni suurte kompleksideni.\u00a0Valatud alumiiniumraamid suurendavad sissep\u00e4\u00e4supaneeli vastupidavust atmosf\u00e4\u00e4ri m\u00f5juritele.\u00a0Saadaval s\u00fcvistatavad v\u00f5i pinnale paigaldatavad versioonid (pinnale paigaldatav variant vaid 35 mm paksune).\u00a0Ultra mahutab kasutajas\u00f5braliku graafikaga 5-tollise v\u00e4rvilise puuteekraani.\u00a0Pakkudes m\u00e4\u00e4ratlust pikslitihedusega 4k ja varustatud kerimisliidesega, nagu n\u00e4iteks nutitelefonides, pakub Ultra peaaegu l\u00f5pmatuid kohandamisv\u00f5imalusi, nagu n\u00e4iteks ettev\u00f5tte logo lisamine nime k\u00f5rval ja tervituskuva rakendamine.\u00a0Puutetundliku ekraani versioonis\u00a0isikukoodi sisestamiseks saab digitaalsest kataloogist numbriklahvistikule liikumiseks kasutada lihtsat p\u00fchkimist ning seade on varustatud ka RFID-l\u00e4hedusloenduriga, et avada uksi ilma v\u00f5tmeid kasutamata.\u00a0Saadaval heli- ja heli- \/ videoversioonis koos v\u00e4rvilise videokaameraga.<\/span><\/div>\n<\/div>\n<div>\n<p class=\"p1\"><b>S\u00fcsteem: Simplebus2, Simplebus1, VipIP<br \/>\n<\/b><b>Rakenduse n\u00e4ide: Apartments and Houses<\/b><\/p>\n<\/div>\n<\/div>\n<\/div>\n<\/div>\n<\/div>\n<\/div>\n","protected":false},"featured_media":9542,"template":"","meta":[],"product_brand":[],"product_cat":[950,1003,606,915],"product_tag":[],"class_list":{"0":"post-9537","1":"product","2":"type-product","3":"status-publish","4":"has-post-thumbnail","6":"product_cat-valispaneel","7":"product_cat-vip-ip-susteemid","8":"product_cat-fonolukud","9":"product_cat-comelit-et-2","10":"pa_brand-comelit-et","12":"first","13":"instock","14":"taxable","15":"shipping-taxable","16":"product-type-simple"},"yoast_head":"<!-- This site is optimized with the Yoast SEO Premium plugin v27.3 (Yoast SEO v27.3) - https:\/\/yoast.com\/product\/yoast-seo-premium-wordpress\/ -->\n<title>Comelit ULTRA\/3AVT - Fonolukk<\/title>\n<meta name=\"description\" content=\"Comelit ULTRA\/3AVT - Fonolukk\" \/>\n<meta name=\"robots\" content=\"index, follow, max-snippet:-1, max-image-preview:large, max-video-preview:-1\" \/>\n<link rel=\"canonical\" href=\"https:\/\/fonolukk.eu\/et\/tooted\/comelit-ultra-3avt\/\" \/>\n<meta property=\"og:locale\" content=\"et_EE\" \/>\n<meta property=\"og:type\" content=\"article\" \/>\n<meta property=\"og:title\" content=\"Comelit ULTRA\/3AVT\" \/>\n<meta property=\"og:description\" content=\"3-mooduliline AUDIO \/ VIDEO ULTRA, DIGITAALNE ULTRA, uus ja tehnoloogiliselt k\u00f5ige arenenum sissep\u00e4\u00e4supaneel, mis pakub maksimaalset paigaldamise lihtsust.\u00a0Sellel moodulaarsel sissep\u00e4\u00e4supaneelil on kaasaegne disain ja see on loodud kohanemiseks paljude rakendustega, alates v\u00e4ikestest kuni suurte kompleksideni.\u00a0Valatud alumiiniumraamid suurendavad sissep\u00e4\u00e4supaneeli vastupidavust atmosf\u00e4\u00e4ri m\u00f5juritele.\u00a0Saadaval s\u00fcvistatavad v\u00f5i pinnale paigaldatavad versioonid (pinnale paigaldatav variant vaid 35 mm paksune).\u00a0Ultra mahutab kasutajas\u00f5braliku graafikaga 5-tollise v\u00e4rvilise puuteekraani.\u00a0Pakkudes m\u00e4\u00e4ratlust pikslitihedusega 4k ja varustatud kerimisliidesega, nagu n\u00e4iteks nutitelefonides, pakub Ultra peaaegu l\u00f5pmatuid kohandamisv\u00f5imalusi, nagu n\u00e4iteks ettev\u00f5tte logo lisamine nime k\u00f5rval ja tervituskuva rakendamine.\u00a0Puutetundliku ekraani versioonis\u00a0isikukoodi sisestamiseks saab digitaalsest kataloogist numbriklahvistikule liikumiseks kasutada lihtsat p\u00fchkimist ning seade on varustatud ka RFID-l\u00e4hedusloenduriga, et avada uksi ilma v\u00f5tmeid kasutamata.\u00a0Saadaval heli- ja heli- \/ videoversioonis koos v\u00e4rvilise videokaameraga.   S\u00fcsteem: Simplebus2, Simplebus1, VipIP Rakenduse n\u00e4ide: Apartments and Houses\" \/>\n<meta property=\"og:url\" content=\"https:\/\/fonolukk.eu\/et\/tooted\/comelit-ultra-3avt\/\" \/>\n<meta property=\"og:site_name\" content=\"Fonolukk\" \/>\n<meta property=\"article:publisher\" content=\"https:\/\/www.facebook.com\/fonolukk\" \/>\n<meta property=\"article:modified_time\" content=\"2021-01-26T19:23:04+00:00\" \/>\n<meta property=\"og:image\" content=\"https:\/\/fonolukk.eu\/wp-content\/uploads\/2021\/01\/ultra-3avt-medium.png\" \/>\n\t<meta property=\"og:image:width\" content=\"800\" \/>\n\t<meta property=\"og:image:height\" content=\"800\" \/>\n\t<meta property=\"og:image:type\" content=\"image\/png\" \/>\n<meta name=\"twitter:card\" content=\"summary_large_image\" \/>\n<meta name=\"twitter:label1\" content=\"Hind\" \/>\n\t<meta name=\"twitter:data1\" content=\"\" \/>\n\t<meta name=\"twitter:label2\" content=\"Availability\" \/>\n\t<meta name=\"twitter:data2\" content=\"Laos\" \/>\n<script type=\"application\/ld+json\" class=\"yoast-schema-graph\">{\"@context\":\"https:\\\/\\\/schema.org\",\"@graph\":[{\"@type\":\"WebPage\",\"@id\":\"https:\\\/\\\/fonolukk.eu\\\/et\\\/tooted\\\/comelit-ultra-3avt\\\/\",\"url\":\"https:\\\/\\\/fonolukk.eu\\\/et\\\/tooted\\\/comelit-ultra-3avt\\\/\",\"name\":\"Comelit ULTRA\\\/3AVT - Fonolukk\",\"isPartOf\":{\"@id\":\"https:\\\/\\\/fonolukk.eu\\\/et\\\/#website\"},\"primaryImageOfPage\":{\"@id\":\"https:\\\/\\\/fonolukk.eu\\\/et\\\/tooted\\\/comelit-ultra-3avt\\\/#primaryimage\"},\"image\":{\"@id\":\"https:\\\/\\\/fonolukk.eu\\\/et\\\/tooted\\\/comelit-ultra-3avt\\\/#primaryimage\"},\"thumbnailUrl\":\"https:\\\/\\\/fonolukk.eu\\\/wp-content\\\/uploads\\\/2021\\\/01\\\/ultra-3avt-medium.png\",\"datePublished\":\"2021-01-15T09:46:39+00:00\",\"dateModified\":\"2021-01-26T19:23:04+00:00\",\"description\":\"Comelit ULTRA\\\/3AVT - Fonolukk\",\"breadcrumb\":{\"@id\":\"https:\\\/\\\/fonolukk.eu\\\/et\\\/tooted\\\/comelit-ultra-3avt\\\/#breadcrumb\"},\"inLanguage\":\"et\",\"potentialAction\":[{\"@type\":\"ReadAction\",\"target\":[\"https:\\\/\\\/fonolukk.eu\\\/et\\\/tooted\\\/comelit-ultra-3avt\\\/\"]}]},{\"@type\":\"ImageObject\",\"inLanguage\":\"et\",\"@id\":\"https:\\\/\\\/fonolukk.eu\\\/et\\\/tooted\\\/comelit-ultra-3avt\\\/#primaryimage\",\"url\":\"https:\\\/\\\/fonolukk.eu\\\/wp-content\\\/uploads\\\/2021\\\/01\\\/ultra-3avt-medium.png\",\"contentUrl\":\"https:\\\/\\\/fonolukk.eu\\\/wp-content\\\/uploads\\\/2021\\\/01\\\/ultra-3avt-medium.png\",\"width\":800,\"height\":800},{\"@type\":\"BreadcrumbList\",\"@id\":\"https:\\\/\\\/fonolukk.eu\\\/et\\\/tooted\\\/comelit-ultra-3avt\\\/#breadcrumb\",\"itemListElement\":[{\"@type\":\"ListItem\",\"position\":1,\"name\":\"Esileht\",\"item\":\"https:\\\/\\\/fonolukk.eu\\\/et\\\/koduleht\\\/\"},{\"@type\":\"ListItem\",\"position\":2,\"name\":\"Tooted\",\"item\":\"https:\\\/\\\/fonolukk.eu\\\/et\\\/shop-2\\\/\"},{\"@type\":\"ListItem\",\"position\":3,\"name\":\"Fonolukud\",\"item\":\"https:\\\/\\\/fonolukk.eu\\\/et\\\/product-category\\\/fonolukud\\\/\"},{\"@type\":\"ListItem\",\"position\":4,\"name\":\"Comelit\",\"item\":\"https:\\\/\\\/fonolukk.eu\\\/et\\\/product-category\\\/fonolukud\\\/comelit-et-2\\\/\"},{\"@type\":\"ListItem\",\"position\":5,\"name\":\"Fonoluku paneel\",\"item\":\"https:\\\/\\\/fonolukk.eu\\\/et\\\/product-category\\\/fonolukud\\\/comelit-et-2\\\/valispaneel\\\/\"},{\"@type\":\"ListItem\",\"position\":6,\"name\":\"(ViP) IP-s\u00fcsteemid\",\"item\":\"https:\\\/\\\/fonolukk.eu\\\/et\\\/product-category\\\/fonolukud\\\/comelit-et-2\\\/valispaneel\\\/vip-ip-susteemid\\\/\"},{\"@type\":\"ListItem\",\"position\":7,\"name\":\"Comelit ULTRA\\\/3AVT\"}]},{\"@type\":\"WebSite\",\"@id\":\"https:\\\/\\\/fonolukk.eu\\\/et\\\/#website\",\"url\":\"https:\\\/\\\/fonolukk.eu\\\/et\\\/\",\"name\":\"Fonolukk eu\",\"description\":\"Smart Security Systems\",\"publisher\":{\"@id\":\"https:\\\/\\\/fonolukk.eu\\\/et\\\/#organization\"},\"potentialAction\":[{\"@type\":\"SearchAction\",\"target\":{\"@type\":\"EntryPoint\",\"urlTemplate\":\"https:\\\/\\\/fonolukk.eu\\\/et\\\/?s={search_term_string}\"},\"query-input\":{\"@type\":\"PropertyValueSpecification\",\"valueRequired\":true,\"valueName\":\"search_term_string\"}}],\"inLanguage\":\"et\"},{\"@type\":\"Organization\",\"@id\":\"https:\\\/\\\/fonolukk.eu\\\/et\\\/#organization\",\"name\":\"Smart Security OU\",\"url\":\"https:\\\/\\\/fonolukk.eu\\\/et\\\/\",\"logo\":{\"@type\":\"ImageObject\",\"inLanguage\":\"et\",\"@id\":\"https:\\\/\\\/fonolukk.eu\\\/et\\\/#\\\/schema\\\/logo\\\/image\\\/\",\"url\":\"https:\\\/\\\/fonolukk.eu\\\/wp-content\\\/uploads\\\/2023\\\/09\\\/fonolukk.png\",\"contentUrl\":\"https:\\\/\\\/fonolukk.eu\\\/wp-content\\\/uploads\\\/2023\\\/09\\\/fonolukk.png\",\"width\":277,\"height\":274,\"caption\":\"Smart Security OU\"},\"image\":{\"@id\":\"https:\\\/\\\/fonolukk.eu\\\/et\\\/#\\\/schema\\\/logo\\\/image\\\/\"},\"sameAs\":[\"https:\\\/\\\/www.facebook.com\\\/fonolukk\",\"https:\\\/\\\/www.instagram.com\\\/fonolukk\\\/?hl=ru\"],\"publishingPrinciples\":\"https:\\\/\\\/fonolukk.eu\\\/terms-and-conditions\\\/\",\"ownershipFundingInfo\":\"https:\\\/\\\/fonolukk.eu\\\/about-us\\\/\"}]}<\/script>\n<meta property=\"product:brand\" content=\"Comelit\" \/>\n<meta property=\"product:price:amount\" content=\"0.00\" \/>\n<meta property=\"product:price:currency\" content=\"EUR\" \/>\n<meta property=\"og:availability\" content=\"instock\" \/>\n<meta property=\"product:availability\" content=\"instock\" \/>\n<meta property=\"product:retailer_item_id\" content=\"Comelit ULTRA\/3AVT\" \/>\n<meta property=\"product:condition\" content=\"new\" \/>\n<!-- \/ Yoast SEO Premium plugin. -->","yoast_head_json":{"title":"Comelit ULTRA\/3AVT - Fonolukk","description":"Comelit ULTRA\/3AVT - Fonolukk","robots":{"index":"index","follow":"follow","max-snippet":"max-snippet:-1","max-image-preview":"max-image-preview:large","max-video-preview":"max-video-preview:-1"},"canonical":"https:\/\/fonolukk.eu\/et\/tooted\/comelit-ultra-3avt\/","og_locale":"et_EE","og_type":"article","og_title":"Comelit ULTRA\/3AVT","og_description":"3-mooduliline AUDIO \/ VIDEO ULTRA, DIGITAALNE ULTRA, uus ja tehnoloogiliselt k\u00f5ige arenenum sissep\u00e4\u00e4supaneel, mis pakub maksimaalset paigaldamise lihtsust.\u00a0Sellel moodulaarsel sissep\u00e4\u00e4supaneelil on kaasaegne disain ja see on loodud kohanemiseks paljude rakendustega, alates v\u00e4ikestest kuni suurte kompleksideni.\u00a0Valatud alumiiniumraamid suurendavad sissep\u00e4\u00e4supaneeli vastupidavust atmosf\u00e4\u00e4ri m\u00f5juritele.\u00a0Saadaval s\u00fcvistatavad v\u00f5i pinnale paigaldatavad versioonid (pinnale paigaldatav variant vaid 35 mm paksune).\u00a0Ultra mahutab kasutajas\u00f5braliku graafikaga 5-tollise v\u00e4rvilise puuteekraani.\u00a0Pakkudes m\u00e4\u00e4ratlust pikslitihedusega 4k ja varustatud kerimisliidesega, nagu n\u00e4iteks nutitelefonides, pakub Ultra peaaegu l\u00f5pmatuid kohandamisv\u00f5imalusi, nagu n\u00e4iteks ettev\u00f5tte logo lisamine nime k\u00f5rval ja tervituskuva rakendamine.\u00a0Puutetundliku ekraani versioonis\u00a0isikukoodi sisestamiseks saab digitaalsest kataloogist numbriklahvistikule liikumiseks kasutada lihtsat p\u00fchkimist ning seade on varustatud ka RFID-l\u00e4hedusloenduriga, et avada uksi ilma v\u00f5tmeid kasutamata.\u00a0Saadaval heli- ja heli- \/ videoversioonis koos v\u00e4rvilise videokaameraga.   S\u00fcsteem: Simplebus2, Simplebus1, VipIP Rakenduse n\u00e4ide: Apartments and Houses","og_url":"https:\/\/fonolukk.eu\/et\/tooted\/comelit-ultra-3avt\/","og_site_name":"Fonolukk","article_publisher":"https:\/\/www.facebook.com\/fonolukk","article_modified_time":"2021-01-26T19:23:04+00:00","og_image":[{"width":800,"height":800,"url":"https:\/\/fonolukk.eu\/wp-content\/uploads\/2021\/01\/ultra-3avt-medium.png","type":"image\/png"}],"twitter_card":"summary_large_image","twitter_misc":{"Hind":"","Availability":"Laos"},"schema":{"@context":"https:\/\/schema.org","@graph":[{"@type":"WebPage","@id":"https:\/\/fonolukk.eu\/et\/tooted\/comelit-ultra-3avt\/","url":"https:\/\/fonolukk.eu\/et\/tooted\/comelit-ultra-3avt\/","name":"Comelit ULTRA\/3AVT - Fonolukk","isPartOf":{"@id":"https:\/\/fonolukk.eu\/et\/#website"},"primaryImageOfPage":{"@id":"https:\/\/fonolukk.eu\/et\/tooted\/comelit-ultra-3avt\/#primaryimage"},"image":{"@id":"https:\/\/fonolukk.eu\/et\/tooted\/comelit-ultra-3avt\/#primaryimage"},"thumbnailUrl":"https:\/\/fonolukk.eu\/wp-content\/uploads\/2021\/01\/ultra-3avt-medium.png","datePublished":"2021-01-15T09:46:39+00:00","dateModified":"2021-01-26T19:23:04+00:00","description":"Comelit ULTRA\/3AVT - Fonolukk","breadcrumb":{"@id":"https:\/\/fonolukk.eu\/et\/tooted\/comelit-ultra-3avt\/#breadcrumb"},"inLanguage":"et","potentialAction":[{"@type":"ReadAction","target":["https:\/\/fonolukk.eu\/et\/tooted\/comelit-ultra-3avt\/"]}]},{"@type":"ImageObject","inLanguage":"et","@id":"https:\/\/fonolukk.eu\/et\/tooted\/comelit-ultra-3avt\/#primaryimage","url":"https:\/\/fonolukk.eu\/wp-content\/uploads\/2021\/01\/ultra-3avt-medium.png","contentUrl":"https:\/\/fonolukk.eu\/wp-content\/uploads\/2021\/01\/ultra-3avt-medium.png","width":800,"height":800},{"@type":"BreadcrumbList","@id":"https:\/\/fonolukk.eu\/et\/tooted\/comelit-ultra-3avt\/#breadcrumb","itemListElement":[{"@type":"ListItem","position":1,"name":"Esileht","item":"https:\/\/fonolukk.eu\/et\/koduleht\/"},{"@type":"ListItem","position":2,"name":"Tooted","item":"https:\/\/fonolukk.eu\/et\/shop-2\/"},{"@type":"ListItem","position":3,"name":"Fonolukud","item":"https:\/\/fonolukk.eu\/et\/product-category\/fonolukud\/"},{"@type":"ListItem","position":4,"name":"Comelit","item":"https:\/\/fonolukk.eu\/et\/product-category\/fonolukud\/comelit-et-2\/"},{"@type":"ListItem","position":5,"name":"Fonoluku paneel","item":"https:\/\/fonolukk.eu\/et\/product-category\/fonolukud\/comelit-et-2\/valispaneel\/"},{"@type":"ListItem","position":6,"name":"(ViP) IP-s\u00fcsteemid","item":"https:\/\/fonolukk.eu\/et\/product-category\/fonolukud\/comelit-et-2\/valispaneel\/vip-ip-susteemid\/"},{"@type":"ListItem","position":7,"name":"Comelit ULTRA\/3AVT"}]},{"@type":"WebSite","@id":"https:\/\/fonolukk.eu\/et\/#website","url":"https:\/\/fonolukk.eu\/et\/","name":"Fonolukk eu","description":"Smart Security Systems","publisher":{"@id":"https:\/\/fonolukk.eu\/et\/#organization"},"potentialAction":[{"@type":"SearchAction","target":{"@type":"EntryPoint","urlTemplate":"https:\/\/fonolukk.eu\/et\/?s={search_term_string}"},"query-input":{"@type":"PropertyValueSpecification","valueRequired":true,"valueName":"search_term_string"}}],"inLanguage":"et"},{"@type":"Organization","@id":"https:\/\/fonolukk.eu\/et\/#organization","name":"Smart Security OU","url":"https:\/\/fonolukk.eu\/et\/","logo":{"@type":"ImageObject","inLanguage":"et","@id":"https:\/\/fonolukk.eu\/et\/#\/schema\/logo\/image\/","url":"https:\/\/fonolukk.eu\/wp-content\/uploads\/2023\/09\/fonolukk.png","contentUrl":"https:\/\/fonolukk.eu\/wp-content\/uploads\/2023\/09\/fonolukk.png","width":277,"height":274,"caption":"Smart Security OU"},"image":{"@id":"https:\/\/fonolukk.eu\/et\/#\/schema\/logo\/image\/"},"sameAs":["https:\/\/www.facebook.com\/fonolukk","https:\/\/www.instagram.com\/fonolukk\/?hl=ru"],"publishingPrinciples":"https:\/\/fonolukk.eu\/terms-and-conditions\/","ownershipFundingInfo":"https:\/\/fonolukk.eu\/about-us\/"}]},"product_brand":"Comelit","product_price_amount":"0.00","product_price_currency":"EUR","og_availability":"instock","product_availability":"instock","product_retailer_item_id":"Comelit ULTRA\/3AVT","product_condition":"new"},"_links":{"self":[{"href":"https:\/\/fonolukk.eu\/et\/wp-json\/wp\/v2\/product\/9537","targetHints":{"allow":["GET"]}}],"collection":[{"href":"https:\/\/fonolukk.eu\/et\/wp-json\/wp\/v2\/product"}],"about":[{"href":"https:\/\/fonolukk.eu\/et\/wp-json\/wp\/v2\/types\/product"}],"version-history":[{"count":0,"href":"https:\/\/fonolukk.eu\/et\/wp-json\/wp\/v2\/product\/9537\/revisions"}],"wp:featuredmedia":[{"embeddable":true,"href":"https:\/\/fonolukk.eu\/et\/wp-json\/wp\/v2\/media\/9542"}],"wp:attachment":[{"href":"https:\/\/fonolukk.eu\/et\/wp-json\/wp\/v2\/media?parent=9537"}],"wp:term":[{"taxonomy":"product_brand","embeddable":true,"href":"https:\/\/fonolukk.eu\/et\/wp-json\/wp\/v2\/product_brand?post=9537"},{"taxonomy":"product_cat","embeddable":true,"href":"https:\/\/fonolukk.eu\/et\/wp-json\/wp\/v2\/product_cat?post=9537"},{"taxonomy":"product_tag","embeddable":true,"href":"https:\/\/fonolukk.eu\/et\/wp-json\/wp\/v2\/product_tag?post=9537"}],"curies":[{"name":"wp","href":"https:\/\/api.w.org\/{rel}","templated":true}]}}