{"id":9554,"date":"2021-01-15T12:34:33","date_gmt":"2021-01-15T10:34:34","guid":{"rendered":"https:\/\/fonolukk.eu\/?post_type=product&#038;p=9554"},"modified":"2021-01-26T21:29:53","modified_gmt":"2021-01-26T19:29:53","slug":"comelit-ultra","status":"publish","type":"product","link":"https:\/\/fonolukk.eu\/et\/tooted\/comelit-ultra\/","title":{"rendered":"Comelit ULTRA"},"content":{"rendered":"<div class='w3eden'><!-- WPDM Link Template: Default Template -->\n\n<div class=\"link-template-default card mb-2\">\n    <div class=\"card-body\">\n        <div class=\"media\">\n            <div class=\"mr-3 img-48\"><img decoding=\"async\" class=\"wpdm_icon\" alt=\"Icon\"   src=\"https:\/\/fonolukk.eu\/wp-content\/plugins\/download-manager\/assets\/file-type-icons\/pdf.svg\" \/><\/div>\n            <div class=\"media-body\">\n                <h3 class=\"package-title\"><a href='https:\/\/fonolukk.eu\/download\/ultra\/'>ULTRA<\/a><\/h3>\n                <div class=\"text-muted text-small\"><i class=\"fas fa-copy\"><\/i> 1 file(s) <i class=\"fas fa-hdd ml-3\"><\/i> 996.79 KB<\/div>\n            <\/div>\n            <div class=\"ml-3\">\n                <div class=\"w3eden\"><div class=\"panel panel-default card\"><div class=\"panel-body card-body\"><span class=\"text-danger\">Login is required to access this page<\/span><\/div><div class=\"panel-footer card-footer text-right\"><a href=\"https:\/\/fonolukk.eu\/wp-login.php?redirect_to=\/et\/wp-json\/wp\/v2\/product\/9554\" class=\"btn btn-danger wpdmloginmodal-trigger btn-sm\"><i class=\"fa fa-lock\"><\/i> Login<\/a><\/div><\/div><\/div>\n            <\/div>\n        <\/div>\n    <\/div>\n<\/div>\n\n<\/div>\n<div id=\"gtx-trans\" style=\"position: absolute; left: 134px; top: 0.666668px;\">\n<div class=\"gtx-trans-icon\"><\/div>\n<\/div>\n","protected":false},"excerpt":{"rendered":"<div class=\"product-description\" style=\"text-align: left;\">\n<div class=\"product-description\">\n<div class=\"product-description\">\n<div class=\"product-details-table\" style=\"text-align: left;\">\n<div class=\"product-description\">\n<div class=\"product-description\">\n<h3 class=\"product-excerpt\"><span>ULTRA MODULAARNE SISSEP\u00c4\u00c4SUPANEEL<\/span><\/h3>\n<div class=\"product-description\"><span>ULTRA, uus ja tehnoloogiliselt k\u00f5ige arenenum sissep\u00e4\u00e4supaneel, mis pakub maksimaalset paigaldamise lihtsust.\u00a0Sellel modulaarsel sissep\u00e4\u00e4supaneelil on kaasaegne disain, mis on loodud kohanemiseks paljude rakendustega, alates v\u00e4ikestest kuni suurte kompleksideni.\u00a0Valatud alumiiniumraamid suurendavad sissep\u00e4\u00e4supaneeli vastupidavust atmosf\u00e4\u00e4ri m\u00f5juritele.\u00a0Saadaval s\u00fcvistatava v\u00f5i pinnale paigaldatava versioonina (pinnale paigaldatav variant vaid 35 mm paksune).\u00a0T\u00e4nu helistamisnuppude nutikale programmeerimisele on seda lihtne paigaldada ja konfigureerida.\u00a0Saadaval heli- ja heli- \/ videoversioonis koos v\u00e4rvilise videokaameraga.\u00a0N\u00f6\u00f6bid on valmistatud professionaalse kvaliteediga plastikust, millele on antud kollasuse ja tuhmumise vastane t\u00f6\u00f6tlus v\u00f5i alumiinium.\u00a0Videvikuandur nimesildi taustvalgustuse automaatseks v\u00e4ljal\u00fclitamiseks p\u00e4evasel ajal.<\/span><\/div>\n<div class=\"product-details-table\">\n<div>\n<div class=\"product-compatible_systems product-details-table-row\"><b><br \/>\nS\u00fcsteem: Simplebus2, Simplebus1, VipIP<br \/>\n<\/b><b>Rakenduse n\u00e4ide: Apartments and Houses<\/b><\/div>\n<\/div>\n<\/div>\n<\/div>\n<\/div>\n<\/div>\n<\/div>\n<\/div>\n<\/div>\n","protected":false},"featured_media":9559,"template":"","meta":[],"product_brand":[],"product_cat":[950,1003,606,915],"product_tag":[],"class_list":{"0":"post-9554","1":"product","2":"type-product","3":"status-publish","4":"has-post-thumbnail","6":"product_cat-valispaneel","7":"product_cat-vip-ip-susteemid","8":"product_cat-fonolukud","9":"product_cat-comelit-et-2","10":"pa_brand-comelit-et","12":"first","13":"instock","14":"taxable","15":"shipping-taxable","16":"product-type-simple"},"yoast_head":"<!-- This site is optimized with the Yoast SEO Premium plugin v27.3 (Yoast SEO v27.3) - https:\/\/yoast.com\/product\/yoast-seo-premium-wordpress\/ -->\n<title>Comelit ULTRA - Fonolukk<\/title>\n<meta name=\"description\" content=\"Comelit ULTRA - Fonolukk\" \/>\n<meta name=\"robots\" content=\"index, follow, max-snippet:-1, max-image-preview:large, max-video-preview:-1\" \/>\n<link rel=\"canonical\" href=\"https:\/\/fonolukk.eu\/et\/tooted\/comelit-ultra\/\" \/>\n<meta property=\"og:locale\" content=\"et_EE\" \/>\n<meta property=\"og:type\" content=\"article\" \/>\n<meta property=\"og:title\" content=\"Comelit ULTRA\" \/>\n<meta property=\"og:description\" content=\"ULTRA MODULAARNE SISSEP\u00c4\u00c4SUPANEEL ULTRA, uus ja tehnoloogiliselt k\u00f5ige arenenum sissep\u00e4\u00e4supaneel, mis pakub maksimaalset paigaldamise lihtsust.\u00a0Sellel modulaarsel sissep\u00e4\u00e4supaneelil on kaasaegne disain, mis on loodud kohanemiseks paljude rakendustega, alates v\u00e4ikestest kuni suurte kompleksideni.\u00a0Valatud alumiiniumraamid suurendavad sissep\u00e4\u00e4supaneeli vastupidavust atmosf\u00e4\u00e4ri m\u00f5juritele.\u00a0Saadaval s\u00fcvistatava v\u00f5i pinnale paigaldatava versioonina (pinnale paigaldatav variant vaid 35 mm paksune).\u00a0T\u00e4nu helistamisnuppude nutikale programmeerimisele on seda lihtne paigaldada ja konfigureerida.\u00a0Saadaval heli- ja heli- \/ videoversioonis koos v\u00e4rvilise videokaameraga.\u00a0N\u00f6\u00f6bid on valmistatud professionaalse kvaliteediga plastikust, millele on antud kollasuse ja tuhmumise vastane t\u00f6\u00f6tlus v\u00f5i alumiinium.\u00a0Videvikuandur nimesildi taustvalgustuse automaatseks v\u00e4ljal\u00fclitamiseks p\u00e4evasel ajal.    S\u00fcsteem: Simplebus2, Simplebus1, VipIP Rakenduse n\u00e4ide: Apartments and Houses\" \/>\n<meta property=\"og:url\" content=\"https:\/\/fonolukk.eu\/et\/tooted\/comelit-ultra\/\" \/>\n<meta property=\"og:site_name\" content=\"Fonolukk\" \/>\n<meta property=\"article:publisher\" content=\"https:\/\/www.facebook.com\/fonolukk\" \/>\n<meta property=\"article:modified_time\" content=\"2021-01-26T19:29:53+00:00\" \/>\n<meta property=\"og:image\" content=\"https:\/\/fonolukk.eu\/wp-content\/uploads\/2021\/01\/ultra-medium.png\" \/>\n\t<meta property=\"og:image:width\" content=\"800\" \/>\n\t<meta property=\"og:image:height\" content=\"800\" \/>\n\t<meta property=\"og:image:type\" content=\"image\/png\" \/>\n<meta name=\"twitter:card\" content=\"summary_large_image\" \/>\n<meta name=\"twitter:label1\" content=\"Hind\" \/>\n\t<meta name=\"twitter:data1\" content=\"\" \/>\n\t<meta name=\"twitter:label2\" content=\"Availability\" \/>\n\t<meta name=\"twitter:data2\" content=\"Laos\" \/>\n<script type=\"application\/ld+json\" class=\"yoast-schema-graph\">{\"@context\":\"https:\\\/\\\/schema.org\",\"@graph\":[{\"@type\":\"WebPage\",\"@id\":\"https:\\\/\\\/fonolukk.eu\\\/et\\\/tooted\\\/comelit-ultra\\\/\",\"url\":\"https:\\\/\\\/fonolukk.eu\\\/et\\\/tooted\\\/comelit-ultra\\\/\",\"name\":\"Comelit ULTRA - Fonolukk\",\"isPartOf\":{\"@id\":\"https:\\\/\\\/fonolukk.eu\\\/et\\\/#website\"},\"primaryImageOfPage\":{\"@id\":\"https:\\\/\\\/fonolukk.eu\\\/et\\\/tooted\\\/comelit-ultra\\\/#primaryimage\"},\"image\":{\"@id\":\"https:\\\/\\\/fonolukk.eu\\\/et\\\/tooted\\\/comelit-ultra\\\/#primaryimage\"},\"thumbnailUrl\":\"https:\\\/\\\/fonolukk.eu\\\/wp-content\\\/uploads\\\/2021\\\/01\\\/ultra-medium.png\",\"datePublished\":\"2021-01-15T10:34:34+00:00\",\"dateModified\":\"2021-01-26T19:29:53+00:00\",\"description\":\"Comelit ULTRA - Fonolukk\",\"breadcrumb\":{\"@id\":\"https:\\\/\\\/fonolukk.eu\\\/et\\\/tooted\\\/comelit-ultra\\\/#breadcrumb\"},\"inLanguage\":\"et\",\"potentialAction\":[{\"@type\":\"ReadAction\",\"target\":[\"https:\\\/\\\/fonolukk.eu\\\/et\\\/tooted\\\/comelit-ultra\\\/\"]}]},{\"@type\":\"ImageObject\",\"inLanguage\":\"et\",\"@id\":\"https:\\\/\\\/fonolukk.eu\\\/et\\\/tooted\\\/comelit-ultra\\\/#primaryimage\",\"url\":\"https:\\\/\\\/fonolukk.eu\\\/wp-content\\\/uploads\\\/2021\\\/01\\\/ultra-medium.png\",\"contentUrl\":\"https:\\\/\\\/fonolukk.eu\\\/wp-content\\\/uploads\\\/2021\\\/01\\\/ultra-medium.png\",\"width\":800,\"height\":800},{\"@type\":\"BreadcrumbList\",\"@id\":\"https:\\\/\\\/fonolukk.eu\\\/et\\\/tooted\\\/comelit-ultra\\\/#breadcrumb\",\"itemListElement\":[{\"@type\":\"ListItem\",\"position\":1,\"name\":\"Esileht\",\"item\":\"https:\\\/\\\/fonolukk.eu\\\/et\\\/koduleht\\\/\"},{\"@type\":\"ListItem\",\"position\":2,\"name\":\"Tooted\",\"item\":\"https:\\\/\\\/fonolukk.eu\\\/et\\\/shop-2\\\/\"},{\"@type\":\"ListItem\",\"position\":3,\"name\":\"Fonolukud\",\"item\":\"https:\\\/\\\/fonolukk.eu\\\/et\\\/product-category\\\/fonolukud\\\/\"},{\"@type\":\"ListItem\",\"position\":4,\"name\":\"Comelit\",\"item\":\"https:\\\/\\\/fonolukk.eu\\\/et\\\/product-category\\\/fonolukud\\\/comelit-et-2\\\/\"},{\"@type\":\"ListItem\",\"position\":5,\"name\":\"Fonoluku paneel\",\"item\":\"https:\\\/\\\/fonolukk.eu\\\/et\\\/product-category\\\/fonolukud\\\/comelit-et-2\\\/valispaneel\\\/\"},{\"@type\":\"ListItem\",\"position\":6,\"name\":\"(ViP) IP-s\u00fcsteemid\",\"item\":\"https:\\\/\\\/fonolukk.eu\\\/et\\\/product-category\\\/fonolukud\\\/comelit-et-2\\\/valispaneel\\\/vip-ip-susteemid\\\/\"},{\"@type\":\"ListItem\",\"position\":7,\"name\":\"Comelit ULTRA\"}]},{\"@type\":\"WebSite\",\"@id\":\"https:\\\/\\\/fonolukk.eu\\\/et\\\/#website\",\"url\":\"https:\\\/\\\/fonolukk.eu\\\/et\\\/\",\"name\":\"Fonolukk eu\",\"description\":\"Smart Security Systems\",\"publisher\":{\"@id\":\"https:\\\/\\\/fonolukk.eu\\\/et\\\/#organization\"},\"potentialAction\":[{\"@type\":\"SearchAction\",\"target\":{\"@type\":\"EntryPoint\",\"urlTemplate\":\"https:\\\/\\\/fonolukk.eu\\\/et\\\/?s={search_term_string}\"},\"query-input\":{\"@type\":\"PropertyValueSpecification\",\"valueRequired\":true,\"valueName\":\"search_term_string\"}}],\"inLanguage\":\"et\"},{\"@type\":\"Organization\",\"@id\":\"https:\\\/\\\/fonolukk.eu\\\/et\\\/#organization\",\"name\":\"Smart Security OU\",\"url\":\"https:\\\/\\\/fonolukk.eu\\\/et\\\/\",\"logo\":{\"@type\":\"ImageObject\",\"inLanguage\":\"et\",\"@id\":\"https:\\\/\\\/fonolukk.eu\\\/et\\\/#\\\/schema\\\/logo\\\/image\\\/\",\"url\":\"https:\\\/\\\/fonolukk.eu\\\/wp-content\\\/uploads\\\/2023\\\/09\\\/fonolukk.png\",\"contentUrl\":\"https:\\\/\\\/fonolukk.eu\\\/wp-content\\\/uploads\\\/2023\\\/09\\\/fonolukk.png\",\"width\":277,\"height\":274,\"caption\":\"Smart Security OU\"},\"image\":{\"@id\":\"https:\\\/\\\/fonolukk.eu\\\/et\\\/#\\\/schema\\\/logo\\\/image\\\/\"},\"sameAs\":[\"https:\\\/\\\/www.facebook.com\\\/fonolukk\",\"https:\\\/\\\/www.instagram.com\\\/fonolukk\\\/?hl=ru\"],\"publishingPrinciples\":\"https:\\\/\\\/fonolukk.eu\\\/terms-and-conditions\\\/\",\"ownershipFundingInfo\":\"https:\\\/\\\/fonolukk.eu\\\/about-us\\\/\"}]}<\/script>\n<meta property=\"product:brand\" content=\"Comelit\" \/>\n<meta property=\"product:price:amount\" content=\"0.00\" \/>\n<meta property=\"product:price:currency\" content=\"EUR\" \/>\n<meta property=\"og:availability\" content=\"instock\" \/>\n<meta property=\"product:availability\" content=\"instock\" \/>\n<meta property=\"product:retailer_item_id\" content=\"Comelit ULTRA\" \/>\n<meta property=\"product:condition\" content=\"new\" \/>\n<!-- \/ Yoast SEO Premium plugin. -->","yoast_head_json":{"title":"Comelit ULTRA - Fonolukk","description":"Comelit ULTRA - Fonolukk","robots":{"index":"index","follow":"follow","max-snippet":"max-snippet:-1","max-image-preview":"max-image-preview:large","max-video-preview":"max-video-preview:-1"},"canonical":"https:\/\/fonolukk.eu\/et\/tooted\/comelit-ultra\/","og_locale":"et_EE","og_type":"article","og_title":"Comelit ULTRA","og_description":"ULTRA MODULAARNE SISSEP\u00c4\u00c4SUPANEEL ULTRA, uus ja tehnoloogiliselt k\u00f5ige arenenum sissep\u00e4\u00e4supaneel, mis pakub maksimaalset paigaldamise lihtsust.\u00a0Sellel modulaarsel sissep\u00e4\u00e4supaneelil on kaasaegne disain, mis on loodud kohanemiseks paljude rakendustega, alates v\u00e4ikestest kuni suurte kompleksideni.\u00a0Valatud alumiiniumraamid suurendavad sissep\u00e4\u00e4supaneeli vastupidavust atmosf\u00e4\u00e4ri m\u00f5juritele.\u00a0Saadaval s\u00fcvistatava v\u00f5i pinnale paigaldatava versioonina (pinnale paigaldatav variant vaid 35 mm paksune).\u00a0T\u00e4nu helistamisnuppude nutikale programmeerimisele on seda lihtne paigaldada ja konfigureerida.\u00a0Saadaval heli- ja heli- \/ videoversioonis koos v\u00e4rvilise videokaameraga.\u00a0N\u00f6\u00f6bid on valmistatud professionaalse kvaliteediga plastikust, millele on antud kollasuse ja tuhmumise vastane t\u00f6\u00f6tlus v\u00f5i alumiinium.\u00a0Videvikuandur nimesildi taustvalgustuse automaatseks v\u00e4ljal\u00fclitamiseks p\u00e4evasel ajal.    S\u00fcsteem: Simplebus2, Simplebus1, VipIP Rakenduse n\u00e4ide: Apartments and Houses","og_url":"https:\/\/fonolukk.eu\/et\/tooted\/comelit-ultra\/","og_site_name":"Fonolukk","article_publisher":"https:\/\/www.facebook.com\/fonolukk","article_modified_time":"2021-01-26T19:29:53+00:00","og_image":[{"width":800,"height":800,"url":"https:\/\/fonolukk.eu\/wp-content\/uploads\/2021\/01\/ultra-medium.png","type":"image\/png"}],"twitter_card":"summary_large_image","twitter_misc":{"Hind":"","Availability":"Laos"},"schema":{"@context":"https:\/\/schema.org","@graph":[{"@type":"WebPage","@id":"https:\/\/fonolukk.eu\/et\/tooted\/comelit-ultra\/","url":"https:\/\/fonolukk.eu\/et\/tooted\/comelit-ultra\/","name":"Comelit ULTRA - Fonolukk","isPartOf":{"@id":"https:\/\/fonolukk.eu\/et\/#website"},"primaryImageOfPage":{"@id":"https:\/\/fonolukk.eu\/et\/tooted\/comelit-ultra\/#primaryimage"},"image":{"@id":"https:\/\/fonolukk.eu\/et\/tooted\/comelit-ultra\/#primaryimage"},"thumbnailUrl":"https:\/\/fonolukk.eu\/wp-content\/uploads\/2021\/01\/ultra-medium.png","datePublished":"2021-01-15T10:34:34+00:00","dateModified":"2021-01-26T19:29:53+00:00","description":"Comelit ULTRA - Fonolukk","breadcrumb":{"@id":"https:\/\/fonolukk.eu\/et\/tooted\/comelit-ultra\/#breadcrumb"},"inLanguage":"et","potentialAction":[{"@type":"ReadAction","target":["https:\/\/fonolukk.eu\/et\/tooted\/comelit-ultra\/"]}]},{"@type":"ImageObject","inLanguage":"et","@id":"https:\/\/fonolukk.eu\/et\/tooted\/comelit-ultra\/#primaryimage","url":"https:\/\/fonolukk.eu\/wp-content\/uploads\/2021\/01\/ultra-medium.png","contentUrl":"https:\/\/fonolukk.eu\/wp-content\/uploads\/2021\/01\/ultra-medium.png","width":800,"height":800},{"@type":"BreadcrumbList","@id":"https:\/\/fonolukk.eu\/et\/tooted\/comelit-ultra\/#breadcrumb","itemListElement":[{"@type":"ListItem","position":1,"name":"Esileht","item":"https:\/\/fonolukk.eu\/et\/koduleht\/"},{"@type":"ListItem","position":2,"name":"Tooted","item":"https:\/\/fonolukk.eu\/et\/shop-2\/"},{"@type":"ListItem","position":3,"name":"Fonolukud","item":"https:\/\/fonolukk.eu\/et\/product-category\/fonolukud\/"},{"@type":"ListItem","position":4,"name":"Comelit","item":"https:\/\/fonolukk.eu\/et\/product-category\/fonolukud\/comelit-et-2\/"},{"@type":"ListItem","position":5,"name":"Fonoluku paneel","item":"https:\/\/fonolukk.eu\/et\/product-category\/fonolukud\/comelit-et-2\/valispaneel\/"},{"@type":"ListItem","position":6,"name":"(ViP) IP-s\u00fcsteemid","item":"https:\/\/fonolukk.eu\/et\/product-category\/fonolukud\/comelit-et-2\/valispaneel\/vip-ip-susteemid\/"},{"@type":"ListItem","position":7,"name":"Comelit ULTRA"}]},{"@type":"WebSite","@id":"https:\/\/fonolukk.eu\/et\/#website","url":"https:\/\/fonolukk.eu\/et\/","name":"Fonolukk eu","description":"Smart Security Systems","publisher":{"@id":"https:\/\/fonolukk.eu\/et\/#organization"},"potentialAction":[{"@type":"SearchAction","target":{"@type":"EntryPoint","urlTemplate":"https:\/\/fonolukk.eu\/et\/?s={search_term_string}"},"query-input":{"@type":"PropertyValueSpecification","valueRequired":true,"valueName":"search_term_string"}}],"inLanguage":"et"},{"@type":"Organization","@id":"https:\/\/fonolukk.eu\/et\/#organization","name":"Smart Security OU","url":"https:\/\/fonolukk.eu\/et\/","logo":{"@type":"ImageObject","inLanguage":"et","@id":"https:\/\/fonolukk.eu\/et\/#\/schema\/logo\/image\/","url":"https:\/\/fonolukk.eu\/wp-content\/uploads\/2023\/09\/fonolukk.png","contentUrl":"https:\/\/fonolukk.eu\/wp-content\/uploads\/2023\/09\/fonolukk.png","width":277,"height":274,"caption":"Smart Security OU"},"image":{"@id":"https:\/\/fonolukk.eu\/et\/#\/schema\/logo\/image\/"},"sameAs":["https:\/\/www.facebook.com\/fonolukk","https:\/\/www.instagram.com\/fonolukk\/?hl=ru"],"publishingPrinciples":"https:\/\/fonolukk.eu\/terms-and-conditions\/","ownershipFundingInfo":"https:\/\/fonolukk.eu\/about-us\/"}]},"product_brand":"Comelit","product_price_amount":"0.00","product_price_currency":"EUR","og_availability":"instock","product_availability":"instock","product_retailer_item_id":"Comelit ULTRA","product_condition":"new"},"_links":{"self":[{"href":"https:\/\/fonolukk.eu\/et\/wp-json\/wp\/v2\/product\/9554","targetHints":{"allow":["GET"]}}],"collection":[{"href":"https:\/\/fonolukk.eu\/et\/wp-json\/wp\/v2\/product"}],"about":[{"href":"https:\/\/fonolukk.eu\/et\/wp-json\/wp\/v2\/types\/product"}],"version-history":[{"count":0,"href":"https:\/\/fonolukk.eu\/et\/wp-json\/wp\/v2\/product\/9554\/revisions"}],"wp:featuredmedia":[{"embeddable":true,"href":"https:\/\/fonolukk.eu\/et\/wp-json\/wp\/v2\/media\/9559"}],"wp:attachment":[{"href":"https:\/\/fonolukk.eu\/et\/wp-json\/wp\/v2\/media?parent=9554"}],"wp:term":[{"taxonomy":"product_brand","embeddable":true,"href":"https:\/\/fonolukk.eu\/et\/wp-json\/wp\/v2\/product_brand?post=9554"},{"taxonomy":"product_cat","embeddable":true,"href":"https:\/\/fonolukk.eu\/et\/wp-json\/wp\/v2\/product_cat?post=9554"},{"taxonomy":"product_tag","embeddable":true,"href":"https:\/\/fonolukk.eu\/et\/wp-json\/wp\/v2\/product_tag?post=9554"}],"curies":[{"name":"wp","href":"https:\/\/api.w.org\/{rel}","templated":true}]}}