{"id":16448,"date":"2023-10-30T22:22:43","date_gmt":"2023-10-30T20:22:43","guid":{"rendered":"https:\/\/fonolukk.eu\/404-3\/"},"modified":"2024-08-15T09:48:14","modified_gmt":"2024-08-15T06:48:14","slug":"404-3","status":"publish","type":"page","link":"https:\/\/fonolukk.eu\/ru\/404-3\/","title":{"rendered":"404"},"content":{"rendered":"\t\t<div data-elementor-type=\"wp-page\" data-elementor-id=\"16448\" class=\"elementor elementor-16448 elementor-5350\">\n\t\t\t\t<div class=\"wd-negative-gap elementor-element elementor-element-3fb4991 e-flex e-con-boxed e-con e-parent\" data-id=\"3fb4991\" data-element_type=\"container\" data-e-type=\"container\">\n\t\t\t\t\t<div class=\"e-con-inner\">\n\t\t\t\t<div class=\"elementor-element elementor-element-f3e72f1 elementor-widget elementor-widget-image\" data-id=\"f3e72f1\" data-element_type=\"widget\" data-e-type=\"widget\" data-widget_type=\"image.default\">\n\t\t\t\t<div class=\"elementor-widget-container\">\n\t\t\t\t\t\t\t\t\t\t\t\t\t\t\t<img decoding=\"async\" width=\"1024\" height=\"680\" src=\"https:\/\/fonolukk.eu\/wp-content\/uploads\/2023\/10\/fonolukk_uksetelefonid_telefonitorud-1024x680.png\" class=\"attachment-large size-large wp-image-16442\" alt=\"\" srcset=\"https:\/\/fonolukk.eu\/wp-content\/uploads\/2023\/10\/fonolukk_uksetelefonid_telefonitorud-1024x680.png 1024w, https:\/\/fonolukk.eu\/wp-content\/uploads\/2023\/10\/fonolukk_uksetelefonid_telefonitorud-150x100.png 150w, https:\/\/fonolukk.eu\/wp-content\/uploads\/2023\/10\/fonolukk_uksetelefonid_telefonitorud-600x399.png 600w, https:\/\/fonolukk.eu\/wp-content\/uploads\/2023\/10\/fonolukk_uksetelefonid_telefonitorud-300x199.png 300w, https:\/\/fonolukk.eu\/wp-content\/uploads\/2023\/10\/fonolukk_uksetelefonid_telefonitorud-768x510.png 768w, https:\/\/fonolukk.eu\/wp-content\/uploads\/2023\/10\/fonolukk_uksetelefonid_telefonitorud-1536x1020.png 1536w, https:\/\/fonolukk.eu\/wp-content\/uploads\/2023\/10\/fonolukk_uksetelefonid_telefonitorud-2048x1360.png 2048w\" sizes=\"(max-width: 1024px) 100vw, 1024px\" \/>\t\t\t\t\t\t\t\t\t\t\t\t\t\t\t<\/div>\n\t\t\t\t<\/div>\n\t\t\t\t<div class=\"elementor-element elementor-element-758134b wd-width-100 elementor-widget elementor-widget-wd_title\" data-id=\"758134b\" data-element_type=\"widget\" data-e-type=\"widget\" data-widget_type=\"wd_title.default\">\n\t\t\t\t<div class=\"elementor-widget-container\">\n\t\t\t\t\t\t\t<div class=\"title-wrapper wd-set-mb reset-last-child wd-title-color-default wd-title-style-default wd-title-size-default text-center\">\n\n\t\t\t\n\t\t\t<div class=\"liner-continer\">\n\t\t\t\t<h4 class=\"woodmart-title-container title wd-fontsize-l\">\u0412\u044b \u043d\u0430\u0445\u043e\u0434\u0438\u0442\u0435\u0441\u044c \u043d\u0430 \u043d\u043e\u0432\u043e\u0439 \u0441\u0442\u0440\u0430\u043d\u0438\u0446\u0435 Fonolukk<\/h4> \n\t\t\t\t\t\t\t<\/div>\n\n\t\t\t\t\t\t\t<div class=\"title-after_title reset-last-child wd-fontsize-xs\">\n\t\t\t\t\t<p>\u041e\u0437\u043d\u0430\u043a\u043e\u043c\u044c\u0442\u0435\u0441\u044c \u0441 \u0448\u0438\u0440\u043e\u043a\u0438\u043c \u0432\u044b\u0431\u043e\u0440\u043e\u043c \u0440\u0430\u0437\u043b\u0438\u0447\u043d\u044b\u0445 \u0442\u043e\u0432\u0430\u0440\u043e\u0432. \u041d\u0430\u0439\u0434\u0438\u0442\u0435 \u0441\u0435\u0431\u0435 \u043f\u043e\u0434\u0445\u043e\u0434\u044f\u0449\u0435\u0435 \u0443\u0441\u0442\u0440\u043e\u0439\u0441\u0442\u0432\u043e<\/p>\t\t\t\t<\/div>\n\t\t\t\t\t<\/div>\n\t\t\t\t\t\t<\/div>\n\t\t\t\t<\/div>\n\t\t<div class=\"elementor-element elementor-element-aeae249 e-con-full e-flex e-con e-child\" data-id=\"aeae249\" data-element_type=\"container\" data-e-type=\"container\">\n\t\t\t\t<div class=\"elementor-element elementor-element-d837dd0 elementor-widget elementor-widget-wd_button\" data-id=\"d837dd0\" data-element_type=\"widget\" data-e-type=\"widget\" data-widget_type=\"wd_button.default\">\n\t\t\t\t<div class=\"elementor-widget-container\">\n\t\t\t\t\t\t\t<div class=\"wd-button-wrapper text-center\" >\n\t\t\t<a class=\"btn btn-style-default btn-shape-rectangle btn-size-default btn-color-primary btn-icon-pos-right\"  href=\"https:\/\/fonolukk.eu\/ru\/%d0%bc%d0%b0%d0%b3%d0%b0%d0%b7%d0%b8%d0%bd\/\">\n\t\t\t\t<span class=\"wd-btn-text\" data-elementor-setting-key=\"text\">\n\t\t\t\t\t\u041f\u043e\u0441\u0435\u0442\u0438\u0442\u044c \u0438\u043d\u0442\u0435\u0440\u043d\u0435\u0442-\u043c\u0430\u0433\u0430\u0437\u0438\u043d\t\t\t\t<\/span>\n\n\t\t\t\t\t\t\t<\/a>\n\t\t<\/div>\n\t\t\t\t\t\t<\/div>\n\t\t\t\t<\/div>\n\t\t\t\t<div class=\"elementor-element elementor-element-4d2c9fe elementor-widget elementor-widget-wd_button\" data-id=\"4d2c9fe\" data-element_type=\"widget\" data-e-type=\"widget\" data-widget_type=\"wd_button.default\">\n\t\t\t\t<div class=\"elementor-widget-container\">\n\t\t\t\t\t\t\t<div class=\"wd-button-wrapper text-center\" >\n\t\t\t<a class=\"btn btn-style-default btn-shape-rectangle btn-size-default btn-icon-pos-right\"  href=\"https:\/\/fonolukk.eu\/ru\/\">\n\t\t\t\t<span class=\"wd-btn-text\" data-elementor-setting-key=\"text\">\n\t\t\t\t\t\u0414\u043e\u043c\u0430\u0448\u043d\u044f\u044f \u0441\u0442\u0440\u0430\u043d\u0438\u0446\u0430\t\t\t\t<\/span>\n\n\t\t\t\t\t\t\t<\/a>\n\t\t<\/div>\n\t\t\t\t\t\t<\/div>\n\t\t\t\t<\/div>\n\t\t\t\t<\/div>\n\t\t\t\t\t<\/div>\n\t\t\t\t<\/div>\n\t\t\t\t<\/div>\n\t\t","protected":false},"excerpt":{"rendered":"<p>\u0412\u044b \u043d\u0430\u0445\u043e\u0434\u0438\u0442\u0435\u0441\u044c \u043d\u0430 \u043d\u043e\u0432\u043e\u0439 \u0441\u0442\u0440\u0430\u043d\u0438\u0446\u0435 Fonolukk \u041e\u0437\u043d\u0430\u043a\u043e\u043c\u044c\u0442\u0435\u0441\u044c \u0441 \u0448\u0438\u0440\u043e\u043a\u0438\u043c \u0432\u044b\u0431\u043e\u0440\u043e\u043c \u0440\u0430\u0437\u043b\u0438\u0447\u043d\u044b\u0445 \u0442\u043e\u0432\u0430\u0440\u043e\u0432. \u041d\u0430\u0439\u0434\u0438\u0442\u0435 \u0441\u0435\u0431\u0435 \u043f\u043e\u0434\u0445\u043e\u0434\u044f\u0449\u0435\u0435 \u0443\u0441\u0442\u0440\u043e\u0439\u0441\u0442\u0432\u043e \u041f\u043e\u0441\u0435\u0442\u0438\u0442\u044c \u0438\u043d\u0442\u0435\u0440\u043d\u0435\u0442-\u043c\u0430\u0433\u0430\u0437\u0438\u043d \u0414\u043e\u043c\u0430\u0448\u043d\u044f\u044f \u0441\u0442\u0440\u0430\u043d\u0438\u0446\u0430<\/p>\n","protected":false},"author":2,"featured_media":0,"parent":0,"menu_order":0,"comment_status":"closed","ping_status":"closed","template":"","meta":{"footnotes":""},"class_list":["post-16448","page","type-page","status-publish","hentry"],"yoast_head":"<!-- This site is optimized with the Yoast SEO Premium plugin v27.3 (Yoast SEO v27.3) - https:\/\/yoast.com\/product\/yoast-seo-premium-wordpress\/ -->\n<title>404 - Fonolukk<\/title>\n<meta name=\"description\" content=\"Fonoluku ja L\u00e4bip\u00e4\u00e4sus\u00fcsteemi Paigaldus , Remont , Hooldus. Rainmann (Laskomex) , Vizit , Eltis , Farfisa jne. Tel. 66 11 774.\" \/>\n<meta name=\"robots\" content=\"index, follow, max-snippet:-1, max-image-preview:large, max-video-preview:-1\" \/>\n<link rel=\"canonical\" href=\"https:\/\/fonolukk.eu\/ru\/404-3\/\" \/>\n<meta property=\"og:locale\" content=\"ru_RU\" \/>\n<meta property=\"og:type\" content=\"article\" \/>\n<meta property=\"og:title\" content=\"404\" \/>\n<meta property=\"og:description\" content=\"\u0412\u044b \u043d\u0430\u0445\u043e\u0434\u0438\u0442\u0435\u0441\u044c \u043d\u0430 \u043d\u043e\u0432\u043e\u0439 \u0441\u0442\u0440\u0430\u043d\u0438\u0446\u0435 Fonolukk \u041e\u0437\u043d\u0430\u043a\u043e\u043c\u044c\u0442\u0435\u0441\u044c \u0441 \u0448\u0438\u0440\u043e\u043a\u0438\u043c \u0432\u044b\u0431\u043e\u0440\u043e\u043c \u0440\u0430\u0437\u043b\u0438\u0447\u043d\u044b\u0445 \u0442\u043e\u0432\u0430\u0440\u043e\u0432. \u041d\u0430\u0439\u0434\u0438\u0442\u0435 \u0441\u0435\u0431\u0435 \u043f\u043e\u0434\u0445\u043e\u0434\u044f\u0449\u0435\u0435 \u0443\u0441\u0442\u0440\u043e\u0439\u0441\u0442\u0432\u043e \u041f\u043e\u0441\u0435\u0442\u0438\u0442\u044c \u0438\u043d\u0442\u0435\u0440\u043d\u0435\u0442-\u043c\u0430\u0433\u0430\u0437\u0438\u043d\" \/>\n<meta property=\"og:url\" content=\"https:\/\/fonolukk.eu\/ru\/404-3\/\" \/>\n<meta property=\"og:site_name\" content=\"Fonolukk\" \/>\n<meta property=\"article:publisher\" content=\"https:\/\/www.facebook.com\/fonolukk\" \/>\n<meta property=\"article:modified_time\" content=\"2024-08-15T06:48:14+00:00\" \/>\n<meta property=\"og:image\" content=\"https:\/\/fonolukk.eu\/wp-content\/uploads\/2023\/10\/fonolukk_uksetelefonid_telefonitorud-1024x680.png\" \/>\n<meta name=\"twitter:card\" content=\"summary_large_image\" \/>\n<script type=\"application\/ld+json\" class=\"yoast-schema-graph\">{\"@context\":\"https:\\\/\\\/schema.org\",\"@graph\":[{\"@type\":[\"Article\",\"BlogPosting\"],\"@id\":\"https:\\\/\\\/fonolukk.eu\\\/ru\\\/404-3\\\/#article\",\"isPartOf\":{\"@id\":\"https:\\\/\\\/fonolukk.eu\\\/ru\\\/404-3\\\/\"},\"author\":{\"name\":\"Aleksei Mal\",\"@id\":\"https:\\\/\\\/fonolukk.eu\\\/ru\\\/#\\\/schema\\\/person\\\/4a592fd1f64fdd66154ab76d1bf648e6\"},\"headline\":\"404\",\"datePublished\":\"2023-10-30T20:22:43+00:00\",\"dateModified\":\"2024-08-15T06:48:14+00:00\",\"mainEntityOfPage\":{\"@id\":\"https:\\\/\\\/fonolukk.eu\\\/ru\\\/404-3\\\/\"},\"wordCount\":20,\"publisher\":{\"@id\":\"https:\\\/\\\/fonolukk.eu\\\/ru\\\/#organization\"},\"image\":{\"@id\":\"https:\\\/\\\/fonolukk.eu\\\/ru\\\/404-3\\\/#primaryimage\"},\"thumbnailUrl\":\"https:\\\/\\\/fonolukk.eu\\\/wp-content\\\/uploads\\\/2023\\\/10\\\/fonolukk_uksetelefonid_telefonitorud-1024x680.png\",\"inLanguage\":\"ru-RU\"},{\"@type\":\"WebPage\",\"@id\":\"https:\\\/\\\/fonolukk.eu\\\/ru\\\/404-3\\\/\",\"url\":\"https:\\\/\\\/fonolukk.eu\\\/ru\\\/404-3\\\/\",\"name\":\"404 - Fonolukk\",\"isPartOf\":{\"@id\":\"https:\\\/\\\/fonolukk.eu\\\/ru\\\/#website\"},\"primaryImageOfPage\":{\"@id\":\"https:\\\/\\\/fonolukk.eu\\\/ru\\\/404-3\\\/#primaryimage\"},\"image\":{\"@id\":\"https:\\\/\\\/fonolukk.eu\\\/ru\\\/404-3\\\/#primaryimage\"},\"thumbnailUrl\":\"https:\\\/\\\/fonolukk.eu\\\/wp-content\\\/uploads\\\/2023\\\/10\\\/fonolukk_uksetelefonid_telefonitorud-1024x680.png\",\"datePublished\":\"2023-10-30T20:22:43+00:00\",\"dateModified\":\"2024-08-15T06:48:14+00:00\",\"description\":\"Fonoluku ja L\u00e4bip\u00e4\u00e4sus\u00fcsteemi Paigaldus , Remont , Hooldus. Rainmann (Laskomex) , Vizit , Eltis , Farfisa jne. Tel. 66 11 774.\",\"breadcrumb\":{\"@id\":\"https:\\\/\\\/fonolukk.eu\\\/ru\\\/404-3\\\/#breadcrumb\"},\"inLanguage\":\"ru-RU\",\"potentialAction\":[{\"@type\":\"ReadAction\",\"target\":[\"https:\\\/\\\/fonolukk.eu\\\/ru\\\/404-3\\\/\"]}]},{\"@type\":\"ImageObject\",\"inLanguage\":\"ru-RU\",\"@id\":\"https:\\\/\\\/fonolukk.eu\\\/ru\\\/404-3\\\/#primaryimage\",\"url\":\"https:\\\/\\\/fonolukk.eu\\\/wp-content\\\/uploads\\\/2023\\\/10\\\/fonolukk_uksetelefonid_telefonitorud-1024x680.png\",\"contentUrl\":\"https:\\\/\\\/fonolukk.eu\\\/wp-content\\\/uploads\\\/2023\\\/10\\\/fonolukk_uksetelefonid_telefonitorud-1024x680.png\"},{\"@type\":\"BreadcrumbList\",\"@id\":\"https:\\\/\\\/fonolukk.eu\\\/ru\\\/404-3\\\/#breadcrumb\",\"itemListElement\":[{\"@type\":\"ListItem\",\"position\":1,\"name\":\"\u0413\u043b\u0430\u0432\u043d\u0430\u044f \u0441\u0442\u0440\u0430\u043d\u0438\u0446\u0430\",\"item\":\"https:\\\/\\\/fonolukk.eu\\\/ru\\\/domashnyaya-stranicza\\\/\"},{\"@type\":\"ListItem\",\"position\":2,\"name\":\"404\"}]},{\"@type\":\"WebSite\",\"@id\":\"https:\\\/\\\/fonolukk.eu\\\/ru\\\/#website\",\"url\":\"https:\\\/\\\/fonolukk.eu\\\/ru\\\/\",\"name\":\"Fonolukk eu\",\"description\":\"Smart Security Systems\",\"publisher\":{\"@id\":\"https:\\\/\\\/fonolukk.eu\\\/ru\\\/#organization\"},\"potentialAction\":[{\"@type\":\"SearchAction\",\"target\":{\"@type\":\"EntryPoint\",\"urlTemplate\":\"https:\\\/\\\/fonolukk.eu\\\/ru\\\/?s={search_term_string}\"},\"query-input\":{\"@type\":\"PropertyValueSpecification\",\"valueRequired\":true,\"valueName\":\"search_term_string\"}}],\"inLanguage\":\"ru-RU\"},{\"@type\":\"Organization\",\"@id\":\"https:\\\/\\\/fonolukk.eu\\\/ru\\\/#organization\",\"name\":\"Smart Security OU\",\"url\":\"https:\\\/\\\/fonolukk.eu\\\/ru\\\/\",\"logo\":{\"@type\":\"ImageObject\",\"inLanguage\":\"ru-RU\",\"@id\":\"https:\\\/\\\/fonolukk.eu\\\/ru\\\/#\\\/schema\\\/logo\\\/image\\\/\",\"url\":\"https:\\\/\\\/fonolukk.eu\\\/wp-content\\\/uploads\\\/2023\\\/09\\\/fonolukk.png\",\"contentUrl\":\"https:\\\/\\\/fonolukk.eu\\\/wp-content\\\/uploads\\\/2023\\\/09\\\/fonolukk.png\",\"width\":277,\"height\":274,\"caption\":\"Smart Security OU\"},\"image\":{\"@id\":\"https:\\\/\\\/fonolukk.eu\\\/ru\\\/#\\\/schema\\\/logo\\\/image\\\/\"},\"sameAs\":[\"https:\\\/\\\/www.facebook.com\\\/fonolukk\",\"https:\\\/\\\/www.instagram.com\\\/fonolukk\\\/?hl=ru\"],\"publishingPrinciples\":\"https:\\\/\\\/fonolukk.eu\\\/terms-and-conditions\\\/\",\"ownershipFundingInfo\":\"https:\\\/\\\/fonolukk.eu\\\/about-us\\\/\"},{\"@type\":\"Person\",\"@id\":\"https:\\\/\\\/fonolukk.eu\\\/ru\\\/#\\\/schema\\\/person\\\/4a592fd1f64fdd66154ab76d1bf648e6\",\"name\":\"Aleksei Mal\",\"image\":{\"@type\":\"ImageObject\",\"inLanguage\":\"ru-RU\",\"@id\":\"https:\\\/\\\/secure.gravatar.com\\\/avatar\\\/6f18e43804942ed4c91305613f8164568de2648f6c56b3d7ea211631dda24c59?s=96&d=mm&r=g\",\"url\":\"https:\\\/\\\/secure.gravatar.com\\\/avatar\\\/6f18e43804942ed4c91305613f8164568de2648f6c56b3d7ea211631dda24c59?s=96&d=mm&r=g\",\"contentUrl\":\"https:\\\/\\\/secure.gravatar.com\\\/avatar\\\/6f18e43804942ed4c91305613f8164568de2648f6c56b3d7ea211631dda24c59?s=96&d=mm&r=g\",\"caption\":\"Aleksei Mal\"},\"url\":\"https:\\\/\\\/fonolukk.eu\\\/ru\\\/author\\\/aleksei-mal\\\/\"}]}<\/script>\n<!-- \/ Yoast SEO Premium plugin. -->","yoast_head_json":{"title":"404 - Fonolukk","description":"Fonoluku ja L\u00e4bip\u00e4\u00e4sus\u00fcsteemi Paigaldus , Remont , Hooldus. Rainmann (Laskomex) , Vizit , Eltis , Farfisa jne. Tel. 66 11 774.","robots":{"index":"index","follow":"follow","max-snippet":"max-snippet:-1","max-image-preview":"max-image-preview:large","max-video-preview":"max-video-preview:-1"},"canonical":"https:\/\/fonolukk.eu\/ru\/404-3\/","og_locale":"ru_RU","og_type":"article","og_title":"404","og_description":"\u0412\u044b \u043d\u0430\u0445\u043e\u0434\u0438\u0442\u0435\u0441\u044c \u043d\u0430 \u043d\u043e\u0432\u043e\u0439 \u0441\u0442\u0440\u0430\u043d\u0438\u0446\u0435 Fonolukk \u041e\u0437\u043d\u0430\u043a\u043e\u043c\u044c\u0442\u0435\u0441\u044c \u0441 \u0448\u0438\u0440\u043e\u043a\u0438\u043c \u0432\u044b\u0431\u043e\u0440\u043e\u043c \u0440\u0430\u0437\u043b\u0438\u0447\u043d\u044b\u0445 \u0442\u043e\u0432\u0430\u0440\u043e\u0432. \u041d\u0430\u0439\u0434\u0438\u0442\u0435 \u0441\u0435\u0431\u0435 \u043f\u043e\u0434\u0445\u043e\u0434\u044f\u0449\u0435\u0435 \u0443\u0441\u0442\u0440\u043e\u0439\u0441\u0442\u0432\u043e \u041f\u043e\u0441\u0435\u0442\u0438\u0442\u044c \u0438\u043d\u0442\u0435\u0440\u043d\u0435\u0442-\u043c\u0430\u0433\u0430\u0437\u0438\u043d","og_url":"https:\/\/fonolukk.eu\/ru\/404-3\/","og_site_name":"Fonolukk","article_publisher":"https:\/\/www.facebook.com\/fonolukk","article_modified_time":"2024-08-15T06:48:14+00:00","og_image":[{"url":"https:\/\/fonolukk.eu\/wp-content\/uploads\/2023\/10\/fonolukk_uksetelefonid_telefonitorud-1024x680.png","type":"","width":"","height":""}],"twitter_card":"summary_large_image","schema":{"@context":"https:\/\/schema.org","@graph":[{"@type":["Article","BlogPosting"],"@id":"https:\/\/fonolukk.eu\/ru\/404-3\/#article","isPartOf":{"@id":"https:\/\/fonolukk.eu\/ru\/404-3\/"},"author":{"name":"Aleksei Mal","@id":"https:\/\/fonolukk.eu\/ru\/#\/schema\/person\/4a592fd1f64fdd66154ab76d1bf648e6"},"headline":"404","datePublished":"2023-10-30T20:22:43+00:00","dateModified":"2024-08-15T06:48:14+00:00","mainEntityOfPage":{"@id":"https:\/\/fonolukk.eu\/ru\/404-3\/"},"wordCount":20,"publisher":{"@id":"https:\/\/fonolukk.eu\/ru\/#organization"},"image":{"@id":"https:\/\/fonolukk.eu\/ru\/404-3\/#primaryimage"},"thumbnailUrl":"https:\/\/fonolukk.eu\/wp-content\/uploads\/2023\/10\/fonolukk_uksetelefonid_telefonitorud-1024x680.png","inLanguage":"ru-RU"},{"@type":"WebPage","@id":"https:\/\/fonolukk.eu\/ru\/404-3\/","url":"https:\/\/fonolukk.eu\/ru\/404-3\/","name":"404 - Fonolukk","isPartOf":{"@id":"https:\/\/fonolukk.eu\/ru\/#website"},"primaryImageOfPage":{"@id":"https:\/\/fonolukk.eu\/ru\/404-3\/#primaryimage"},"image":{"@id":"https:\/\/fonolukk.eu\/ru\/404-3\/#primaryimage"},"thumbnailUrl":"https:\/\/fonolukk.eu\/wp-content\/uploads\/2023\/10\/fonolukk_uksetelefonid_telefonitorud-1024x680.png","datePublished":"2023-10-30T20:22:43+00:00","dateModified":"2024-08-15T06:48:14+00:00","description":"Fonoluku ja L\u00e4bip\u00e4\u00e4sus\u00fcsteemi Paigaldus , Remont , Hooldus. Rainmann (Laskomex) , Vizit , Eltis , Farfisa jne. Tel. 66 11 774.","breadcrumb":{"@id":"https:\/\/fonolukk.eu\/ru\/404-3\/#breadcrumb"},"inLanguage":"ru-RU","potentialAction":[{"@type":"ReadAction","target":["https:\/\/fonolukk.eu\/ru\/404-3\/"]}]},{"@type":"ImageObject","inLanguage":"ru-RU","@id":"https:\/\/fonolukk.eu\/ru\/404-3\/#primaryimage","url":"https:\/\/fonolukk.eu\/wp-content\/uploads\/2023\/10\/fonolukk_uksetelefonid_telefonitorud-1024x680.png","contentUrl":"https:\/\/fonolukk.eu\/wp-content\/uploads\/2023\/10\/fonolukk_uksetelefonid_telefonitorud-1024x680.png"},{"@type":"BreadcrumbList","@id":"https:\/\/fonolukk.eu\/ru\/404-3\/#breadcrumb","itemListElement":[{"@type":"ListItem","position":1,"name":"\u0413\u043b\u0430\u0432\u043d\u0430\u044f \u0441\u0442\u0440\u0430\u043d\u0438\u0446\u0430","item":"https:\/\/fonolukk.eu\/ru\/domashnyaya-stranicza\/"},{"@type":"ListItem","position":2,"name":"404"}]},{"@type":"WebSite","@id":"https:\/\/fonolukk.eu\/ru\/#website","url":"https:\/\/fonolukk.eu\/ru\/","name":"Fonolukk eu","description":"Smart Security Systems","publisher":{"@id":"https:\/\/fonolukk.eu\/ru\/#organization"},"potentialAction":[{"@type":"SearchAction","target":{"@type":"EntryPoint","urlTemplate":"https:\/\/fonolukk.eu\/ru\/?s={search_term_string}"},"query-input":{"@type":"PropertyValueSpecification","valueRequired":true,"valueName":"search_term_string"}}],"inLanguage":"ru-RU"},{"@type":"Organization","@id":"https:\/\/fonolukk.eu\/ru\/#organization","name":"Smart Security OU","url":"https:\/\/fonolukk.eu\/ru\/","logo":{"@type":"ImageObject","inLanguage":"ru-RU","@id":"https:\/\/fonolukk.eu\/ru\/#\/schema\/logo\/image\/","url":"https:\/\/fonolukk.eu\/wp-content\/uploads\/2023\/09\/fonolukk.png","contentUrl":"https:\/\/fonolukk.eu\/wp-content\/uploads\/2023\/09\/fonolukk.png","width":277,"height":274,"caption":"Smart Security OU"},"image":{"@id":"https:\/\/fonolukk.eu\/ru\/#\/schema\/logo\/image\/"},"sameAs":["https:\/\/www.facebook.com\/fonolukk","https:\/\/www.instagram.com\/fonolukk\/?hl=ru"],"publishingPrinciples":"https:\/\/fonolukk.eu\/terms-and-conditions\/","ownershipFundingInfo":"https:\/\/fonolukk.eu\/about-us\/"},{"@type":"Person","@id":"https:\/\/fonolukk.eu\/ru\/#\/schema\/person\/4a592fd1f64fdd66154ab76d1bf648e6","name":"Aleksei Mal","image":{"@type":"ImageObject","inLanguage":"ru-RU","@id":"https:\/\/secure.gravatar.com\/avatar\/6f18e43804942ed4c91305613f8164568de2648f6c56b3d7ea211631dda24c59?s=96&d=mm&r=g","url":"https:\/\/secure.gravatar.com\/avatar\/6f18e43804942ed4c91305613f8164568de2648f6c56b3d7ea211631dda24c59?s=96&d=mm&r=g","contentUrl":"https:\/\/secure.gravatar.com\/avatar\/6f18e43804942ed4c91305613f8164568de2648f6c56b3d7ea211631dda24c59?s=96&d=mm&r=g","caption":"Aleksei Mal"},"url":"https:\/\/fonolukk.eu\/ru\/author\/aleksei-mal\/"}]}},"_links":{"self":[{"href":"https:\/\/fonolukk.eu\/ru\/wp-json\/wp\/v2\/pages\/16448","targetHints":{"allow":["GET"]}}],"collection":[{"href":"https:\/\/fonolukk.eu\/ru\/wp-json\/wp\/v2\/pages"}],"about":[{"href":"https:\/\/fonolukk.eu\/ru\/wp-json\/wp\/v2\/types\/page"}],"author":[{"embeddable":true,"href":"https:\/\/fonolukk.eu\/ru\/wp-json\/wp\/v2\/users\/2"}],"replies":[{"embeddable":true,"href":"https:\/\/fonolukk.eu\/ru\/wp-json\/wp\/v2\/comments?post=16448"}],"version-history":[{"count":3,"href":"https:\/\/fonolukk.eu\/ru\/wp-json\/wp\/v2\/pages\/16448\/revisions"}],"predecessor-version":[{"id":17797,"href":"https:\/\/fonolukk.eu\/ru\/wp-json\/wp\/v2\/pages\/16448\/revisions\/17797"}],"wp:attachment":[{"href":"https:\/\/fonolukk.eu\/ru\/wp-json\/wp\/v2\/media?parent=16448"}],"curies":[{"name":"wp","href":"https:\/\/api.w.org\/{rel}","templated":true}]}}