{"id":3810,"date":"2020-02-14T19:08:02","date_gmt":"2020-02-14T19:08:02","guid":{"rendered":"https:\/\/fonolukk.eu\/%d0%ba%d0%b0%d0%ba-%d0%b7%d0%b0%d0%ba%d0%b0%d0%b7%d0%b0%d1%82%d1%8c\/"},"modified":"2026-02-05T22:54:58","modified_gmt":"2026-02-05T20:54:58","slug":"kak-zakazat","status":"publish","type":"page","link":"https:\/\/fonolukk.eu\/ru\/kak-zakazat\/","title":{"rendered":"\u041a\u0430\u043a \u0437\u0430\u043a\u0430\u0437\u0430\u0442\u044c?"},"content":{"rendered":"\n<h2 class=\"wp-block-heading\" id=\"h-\u043a\u0430\u043a-\u0437\u0430\u043a\u0430\u0437\u0430\u0442\u044c\"><b>\u041a\u0410\u041a \u0417\u0410\u041a\u0410\u0417\u0410\u0422\u042c?<\/b><\/h2>\n\n\n\n<p><strong>1. \u0412\u044b\u0431\u043e\u0440 \u0442\u043e\u0432\u0430\u0440\u0430<\/strong><br>\u0412\u044b\u0431\u0435\u0440\u0438\u0442\u0435 \u043d\u0443\u0436\u043d\u044b\u0439 \u0442\u043e\u0432\u0430\u0440 \u0432 \u043a\u0430\u0442\u0430\u043b\u043e\u0433\u0435 (\u0434\u043e\u043c\u043e\u0444\u043e\u043d\u044b, \u0437\u0430\u043c\u043a\u0438, \u0430\u043a\u0441\u0435\u0441\u0441\u0443\u0430\u0440\u044b). \u0412\u043d\u0438\u043c\u0430\u0442\u0435\u043b\u044c\u043d\u043e \u043e\u0437\u043d\u0430\u043a\u043e\u043c\u044c\u0442\u0435\u0441\u044c \u0441 \u0442\u0435\u0445\u043d\u0438\u0447\u0435\u0441\u043a\u0438\u043c\u0438 \u0445\u0430\u0440\u0430\u043a\u0442\u0435\u0440\u0438\u0441\u0442\u0438\u043a\u0430\u043c\u0438 \u0438 \u0441\u043e\u0432\u043c\u0435\u0441\u0442\u0438\u043c\u043e\u0441\u0442\u044c\u044e.<\/p>\n\n\n\n<p><strong>2. \u0414\u043e\u0431\u0430\u0432\u044c\u0442\u0435 \u0432 \u043a\u043e\u0440\u0437\u0438\u043d\u0443<\/strong><br>\u0412\u044b\u0431\u0435\u0440\u0438\u0442\u0435 \u043a\u043e\u043b\u0438\u0447\u0435\u0441\u0442\u0432\u043e \u0438 \u043d\u0430\u0436\u043c\u0438\u0442\u0435 <strong>\u00ab\u0414\u043e\u0431\u0430\u0432\u0438\u0442\u044c \u0432 \u043a\u043e\u0440\u0437\u0438\u043d\u0443\u00bb<\/strong>. \u0417\u0430\u0442\u0435\u043c \u043e\u0442\u043a\u0440\u043e\u0439\u0442\u0435 \u043a\u043e\u0440\u0437\u0438\u043d\u0443 \u0438 \u043d\u0430\u0436\u043c\u0438\u0442\u0435 <strong>\u00ab\u041e\u0444\u043e\u0440\u043c\u043b\u0435\u043d\u0438\u0435 \u0437\u0430\u043a\u0430\u0437\u0430\u00bb<\/strong>.<\/p>\n\n\n\n<p><strong>3. \u0412\u0432\u0435\u0434\u0438\u0442\u0435 \u0434\u0430\u043d\u043d\u044b\u0435 \u0438 \u0432\u044b\u0431\u0435\u0440\u0438\u0442\u0435 \u0434\u043e\u0441\u0442\u0430\u0432\u043a\u0443<\/strong><br>\u0417\u0430\u043f\u043e\u043b\u043d\u0438\u0442\u0435 \u043a\u043e\u043d\u0442\u0430\u043a\u0442\u043d\u044b\u0435 \u0434\u0430\u043d\u043d\u044b\u0435 \u0438 \u0432\u044b\u0431\u0435\u0440\u0438\u0442\u0435 \u0441\u043f\u043e\u0441\u043e\u0431 \u0434\u043e\u0441\u0442\u0430\u0432\u043a\u0438:<\/p>\n\n\n\n<ul class=\"wp-block-list\">\n<li><strong>\u0421\u0430\u043c\u043e\u0432\u044b\u0432\u043e\u0437 (Tuuliku tee 4)<\/strong><\/li>\n\n\n\n<li><strong>Smartposti Estonia<\/strong><\/li>\n\n\n\n<li><strong>SmartPosti \u043a\u0443\u0440\u044c\u0435\u0440<\/strong><\/li>\n\n\n\n<li><strong>Omniva<\/strong><\/li>\n\n\n\n<li><strong>Unisend<\/strong><\/li>\n\n\n\n<li><strong>DPD \u043f\u0443\u043d\u043a\u0442 \u0432\u044b\u0434\u0430\u0447\u0438<\/strong><\/li>\n<\/ul>\n\n\n\n<p><strong>4. \u0412\u044b\u0431\u0435\u0440\u0438\u0442\u0435 \u0441\u043f\u043e\u0441\u043e\u0431 \u043e\u043f\u043b\u0430\u0442\u044b<\/strong><br>\u0412\u044b\u0431\u0435\u0440\u0438\u0442\u0435 \u043e\u0434\u0438\u043d \u0438\u0437 \u0432\u0430\u0440\u0438\u0430\u043d\u0442\u043e\u0432 \u043e\u043f\u043b\u0430\u0442\u044b:<\/p>\n\n\n\n<ul class=\"wp-block-list\">\n<li><strong>\u041e\u043f\u043b\u0430\u0442\u0438\u0442\u044c \u0447\u0435\u0440\u0435\u0437 \u0431\u0430\u043d\u043a (\u0431\u0430\u043d\u043a\u043e\u0432\u0441\u043a\u0430\u044f \u0441\u0441\u044b\u043b\u043a\u0430)<\/strong><\/li>\n\n\n\n<li><strong>\u041f\u0440\u044f\u043c\u043e\u0439 \u0431\u0430\u043d\u043a\u043e\u0432\u0441\u043a\u0438\u0439 \u043f\u0435\u0440\u0435\u0432\u043e\u0434<\/strong><\/li>\n\n\n\n<li><strong>\u041e\u043f\u043b\u0430\u0442\u0430 \u043a\u0430\u0440\u0442\u043e\u0439<\/strong><\/li>\n<\/ul>\n\n\n\n<p><strong>5. \u041e\u0444\u043e\u0440\u043c\u043b\u0435\u043d\u0438\u0435 \u0438 \u043f\u043e\u0434\u0442\u0432\u0435\u0440\u0436\u0434\u0435\u043d\u0438\u0435<\/strong><br>\u041f\u0440\u0438\u043c\u0438\u0442\u0435 \u0443\u0441\u043b\u043e\u0432\u0438\u044f \u0438 \u043d\u0430\u0436\u043c\u0438\u0442\u0435 <strong>\u00ab\u041f\u043e\u0434\u0442\u0432\u0435\u0440\u0434\u0438\u0442\u044c \u0437\u0430\u043a\u0430\u0437\u00bb<\/strong>. \u041f\u043e\u0441\u043b\u0435 \u043e\u043f\u043b\u0430\u0442\u044b \u0432\u044b \u043f\u043e\u043b\u0443\u0447\u0438\u0442\u0435 \u043f\u043e\u0434\u0442\u0432\u0435\u0440\u0436\u0434\u0435\u043d\u0438\u0435 \u043d\u0430 e-mail.<\/p>\n\n\n\n<p><em>(\u0412\u0441\u0435 \u0446\u0435\u043d\u044b \u0443\u043a\u0430\u0437\u0430\u043d\u044b \u0441 \u041d\u0414\u0421.)<\/em><\/p>\n\n\n\n<p><\/p>\n","protected":false},"excerpt":{"rendered":"<p>\u041a\u0410\u041a \u0417\u0410\u041a\u0410\u0417\u0410\u0422\u042c? 1. \u0412\u044b\u0431\u043e\u0440 \u0442\u043e\u0432\u0430\u0440\u0430\u0412\u044b\u0431\u0435\u0440\u0438\u0442\u0435 \u043d\u0443\u0436\u043d\u044b\u0439 \u0442\u043e\u0432\u0430\u0440 \u0432 \u043a\u0430\u0442\u0430\u043b\u043e\u0433\u0435 (\u0434\u043e\u043c\u043e\u0444\u043e\u043d\u044b, \u0437\u0430\u043c\u043a\u0438, \u0430\u043a\u0441\u0435\u0441\u0441\u0443\u0430\u0440\u044b). \u0412\u043d\u0438\u043c\u0430\u0442\u0435\u043b\u044c\u043d\u043e \u043e\u0437\u043d\u0430\u043a\u043e\u043c\u044c\u0442\u0435\u0441\u044c \u0441 \u0442\u0435\u0445\u043d\u0438\u0447\u0435\u0441\u043a\u0438\u043c\u0438 \u0445\u0430\u0440\u0430\u043a\u0442\u0435\u0440\u0438\u0441\u0442\u0438\u043a\u0430\u043c\u0438 \u0438 \u0441\u043e\u0432\u043c\u0435\u0441\u0442\u0438\u043c\u043e\u0441\u0442\u044c\u044e. 2.<\/p>\n","protected":false},"author":2,"featured_media":0,"parent":0,"menu_order":0,"comment_status":"closed","ping_status":"closed","template":"","meta":{"footnotes":""},"class_list":["post-3810","page","type-page","status-publish","hentry"],"yoast_head":"<!-- This site is optimized with the Yoast SEO Premium plugin v27.3 (Yoast SEO v27.3) - https:\/\/yoast.com\/product\/yoast-seo-premium-wordpress\/ -->\n<title>\u041a\u0430\u043a \u0437\u0430\u043a\u0430\u0437\u0430\u0442\u044c? - Fonolukk<\/title>\n<meta name=\"description\" content=\"Fonoluku ja L\u00e4bip\u00e4\u00e4sus\u00fcsteemi Paigaldus , Remont , Hooldus. Rainmann (Laskomex) , Vizit , Eltis , Farfisa jne. Tel. 66 11 774.\" \/>\n<meta name=\"robots\" content=\"index, follow, max-snippet:-1, max-image-preview:large, max-video-preview:-1\" \/>\n<link rel=\"canonical\" href=\"https:\/\/fonolukk.eu\/ru\/kak-zakazat\/\" \/>\n<meta property=\"og:locale\" content=\"ru_RU\" \/>\n<meta property=\"og:type\" content=\"article\" \/>\n<meta property=\"og:title\" content=\"\u041a\u0430\u043a \u0437\u0430\u043a\u0430\u0437\u0430\u0442\u044c?\" \/>\n<meta property=\"og:description\" content=\"\u041a\u0410\u041a \u0417\u0410\u041a\u0410\u0417\u0410\u0422\u042c? 1. \u0412\u044b\u0431\u043e\u0440 \u0442\u043e\u0432\u0430\u0440\u0430\u0412\u044b\u0431\u0435\u0440\u0438\u0442\u0435 \u043d\u0443\u0436\u043d\u044b\u0439 \u0442\u043e\u0432\u0430\u0440 \u0432 \u043a\u0430\u0442\u0430\u043b\u043e\u0433\u0435 (\u0434\u043e\u043c\u043e\u0444\u043e\u043d\u044b, \u0437\u0430\u043c\u043a\u0438, \u0430\u043a\u0441\u0435\u0441\u0441\u0443\u0430\u0440\u044b). \u0412\u043d\u0438\u043c\u0430\u0442\u0435\u043b\u044c\u043d\u043e \u043e\u0437\u043d\u0430\u043a\u043e\u043c\u044c\u0442\u0435\u0441\u044c \u0441 \u0442\u0435\u0445\u043d\u0438\u0447\u0435\u0441\u043a\u0438\u043c\u0438 \u0445\u0430\u0440\u0430\u043a\u0442\u0435\u0440\u0438\u0441\u0442\u0438\u043a\u0430\u043c\u0438 \u0438\" \/>\n<meta property=\"og:url\" content=\"https:\/\/fonolukk.eu\/ru\/kak-zakazat\/\" \/>\n<meta property=\"og:site_name\" content=\"Fonolukk\" \/>\n<meta property=\"article:publisher\" content=\"https:\/\/www.facebook.com\/fonolukk\" \/>\n<meta property=\"article:modified_time\" content=\"2026-02-05T20:54:58+00:00\" \/>\n<meta property=\"og:image\" content=\"https:\/\/fonolukk.eu\/wp-content\/uploads\/2021\/04\/logo-fonolukk-c-tel-1.png\" \/>\n\t<meta property=\"og:image:width\" content=\"592\" \/>\n\t<meta property=\"og:image:height\" content=\"228\" \/>\n\t<meta property=\"og:image:type\" content=\"image\/png\" \/>\n<meta name=\"twitter:card\" content=\"summary_large_image\" \/>\n<meta name=\"twitter:label1\" content=\"\u041f\u0440\u0438\u043c\u0435\u0440\u043d\u043e\u0435 \u0432\u0440\u0435\u043c\u044f \u0434\u043b\u044f \u0447\u0442\u0435\u043d\u0438\u044f\" \/>\n\t<meta name=\"twitter:data1\" content=\"1 \u043c\u0438\u043d\u0443\u0442\u0430\" \/>\n<script type=\"application\/ld+json\" class=\"yoast-schema-graph\">{\"@context\":\"https:\\\/\\\/schema.org\",\"@graph\":[{\"@type\":[\"Article\",\"BlogPosting\"],\"@id\":\"https:\\\/\\\/fonolukk.eu\\\/ru\\\/kak-zakazat\\\/#article\",\"isPartOf\":{\"@id\":\"https:\\\/\\\/fonolukk.eu\\\/ru\\\/kak-zakazat\\\/\"},\"author\":{\"name\":\"Aleksei Mal\",\"@id\":\"https:\\\/\\\/fonolukk.eu\\\/ru\\\/#\\\/schema\\\/person\\\/4a592fd1f64fdd66154ab76d1bf648e6\"},\"headline\":\"\u041a\u0430\u043a \u0437\u0430\u043a\u0430\u0437\u0430\u0442\u044c?\",\"datePublished\":\"2020-02-14T19:08:02+00:00\",\"dateModified\":\"2026-02-05T20:54:58+00:00\",\"mainEntityOfPage\":{\"@id\":\"https:\\\/\\\/fonolukk.eu\\\/ru\\\/kak-zakazat\\\/\"},\"wordCount\":101,\"publisher\":{\"@id\":\"https:\\\/\\\/fonolukk.eu\\\/ru\\\/#organization\"},\"inLanguage\":\"ru-RU\"},{\"@type\":\"WebPage\",\"@id\":\"https:\\\/\\\/fonolukk.eu\\\/ru\\\/kak-zakazat\\\/\",\"url\":\"https:\\\/\\\/fonolukk.eu\\\/ru\\\/kak-zakazat\\\/\",\"name\":\"\u041a\u0430\u043a \u0437\u0430\u043a\u0430\u0437\u0430\u0442\u044c? - Fonolukk\",\"isPartOf\":{\"@id\":\"https:\\\/\\\/fonolukk.eu\\\/ru\\\/#website\"},\"datePublished\":\"2020-02-14T19:08:02+00:00\",\"dateModified\":\"2026-02-05T20:54:58+00:00\",\"description\":\"Fonoluku ja L\u00e4bip\u00e4\u00e4sus\u00fcsteemi Paigaldus , Remont , Hooldus. Rainmann (Laskomex) , Vizit , Eltis , Farfisa jne. Tel. 66 11 774.\",\"breadcrumb\":{\"@id\":\"https:\\\/\\\/fonolukk.eu\\\/ru\\\/kak-zakazat\\\/#breadcrumb\"},\"inLanguage\":\"ru-RU\",\"potentialAction\":[{\"@type\":\"ReadAction\",\"target\":[\"https:\\\/\\\/fonolukk.eu\\\/ru\\\/kak-zakazat\\\/\"]}]},{\"@type\":\"BreadcrumbList\",\"@id\":\"https:\\\/\\\/fonolukk.eu\\\/ru\\\/kak-zakazat\\\/#breadcrumb\",\"itemListElement\":[{\"@type\":\"ListItem\",\"position\":1,\"name\":\"\u0413\u043b\u0430\u0432\u043d\u0430\u044f \u0441\u0442\u0440\u0430\u043d\u0438\u0446\u0430\",\"item\":\"https:\\\/\\\/fonolukk.eu\\\/ru\\\/domashnyaya-stranicza\\\/\"},{\"@type\":\"ListItem\",\"position\":2,\"name\":\"\u041a\u0430\u043a \u0437\u0430\u043a\u0430\u0437\u0430\u0442\u044c?\"}]},{\"@type\":\"WebSite\",\"@id\":\"https:\\\/\\\/fonolukk.eu\\\/ru\\\/#website\",\"url\":\"https:\\\/\\\/fonolukk.eu\\\/ru\\\/\",\"name\":\"Fonolukk eu\",\"description\":\"Smart Security Systems\",\"publisher\":{\"@id\":\"https:\\\/\\\/fonolukk.eu\\\/ru\\\/#organization\"},\"potentialAction\":[{\"@type\":\"SearchAction\",\"target\":{\"@type\":\"EntryPoint\",\"urlTemplate\":\"https:\\\/\\\/fonolukk.eu\\\/ru\\\/?s={search_term_string}\"},\"query-input\":{\"@type\":\"PropertyValueSpecification\",\"valueRequired\":true,\"valueName\":\"search_term_string\"}}],\"inLanguage\":\"ru-RU\"},{\"@type\":\"Organization\",\"@id\":\"https:\\\/\\\/fonolukk.eu\\\/ru\\\/#organization\",\"name\":\"Smart Security OU\",\"url\":\"https:\\\/\\\/fonolukk.eu\\\/ru\\\/\",\"logo\":{\"@type\":\"ImageObject\",\"inLanguage\":\"ru-RU\",\"@id\":\"https:\\\/\\\/fonolukk.eu\\\/ru\\\/#\\\/schema\\\/logo\\\/image\\\/\",\"url\":\"https:\\\/\\\/fonolukk.eu\\\/wp-content\\\/uploads\\\/2023\\\/09\\\/fonolukk.png\",\"contentUrl\":\"https:\\\/\\\/fonolukk.eu\\\/wp-content\\\/uploads\\\/2023\\\/09\\\/fonolukk.png\",\"width\":277,\"height\":274,\"caption\":\"Smart Security OU\"},\"image\":{\"@id\":\"https:\\\/\\\/fonolukk.eu\\\/ru\\\/#\\\/schema\\\/logo\\\/image\\\/\"},\"sameAs\":[\"https:\\\/\\\/www.facebook.com\\\/fonolukk\",\"https:\\\/\\\/www.instagram.com\\\/fonolukk\\\/?hl=ru\"],\"publishingPrinciples\":\"https:\\\/\\\/fonolukk.eu\\\/terms-and-conditions\\\/\",\"ownershipFundingInfo\":\"https:\\\/\\\/fonolukk.eu\\\/about-us\\\/\"},{\"@type\":\"Person\",\"@id\":\"https:\\\/\\\/fonolukk.eu\\\/ru\\\/#\\\/schema\\\/person\\\/4a592fd1f64fdd66154ab76d1bf648e6\",\"name\":\"Aleksei Mal\",\"image\":{\"@type\":\"ImageObject\",\"inLanguage\":\"ru-RU\",\"@id\":\"https:\\\/\\\/secure.gravatar.com\\\/avatar\\\/6f18e43804942ed4c91305613f8164568de2648f6c56b3d7ea211631dda24c59?s=96&d=mm&r=g\",\"url\":\"https:\\\/\\\/secure.gravatar.com\\\/avatar\\\/6f18e43804942ed4c91305613f8164568de2648f6c56b3d7ea211631dda24c59?s=96&d=mm&r=g\",\"contentUrl\":\"https:\\\/\\\/secure.gravatar.com\\\/avatar\\\/6f18e43804942ed4c91305613f8164568de2648f6c56b3d7ea211631dda24c59?s=96&d=mm&r=g\",\"caption\":\"Aleksei Mal\"},\"url\":\"https:\\\/\\\/fonolukk.eu\\\/ru\\\/author\\\/aleksei-mal\\\/\"}]}<\/script>\n<!-- \/ Yoast SEO Premium plugin. -->","yoast_head_json":{"title":"\u041a\u0430\u043a \u0437\u0430\u043a\u0430\u0437\u0430\u0442\u044c? - Fonolukk","description":"Fonoluku ja L\u00e4bip\u00e4\u00e4sus\u00fcsteemi Paigaldus , Remont , Hooldus. Rainmann (Laskomex) , Vizit , Eltis , Farfisa jne. Tel. 66 11 774.","robots":{"index":"index","follow":"follow","max-snippet":"max-snippet:-1","max-image-preview":"max-image-preview:large","max-video-preview":"max-video-preview:-1"},"canonical":"https:\/\/fonolukk.eu\/ru\/kak-zakazat\/","og_locale":"ru_RU","og_type":"article","og_title":"\u041a\u0430\u043a \u0437\u0430\u043a\u0430\u0437\u0430\u0442\u044c?","og_description":"\u041a\u0410\u041a \u0417\u0410\u041a\u0410\u0417\u0410\u0422\u042c? 1. \u0412\u044b\u0431\u043e\u0440 \u0442\u043e\u0432\u0430\u0440\u0430\u0412\u044b\u0431\u0435\u0440\u0438\u0442\u0435 \u043d\u0443\u0436\u043d\u044b\u0439 \u0442\u043e\u0432\u0430\u0440 \u0432 \u043a\u0430\u0442\u0430\u043b\u043e\u0433\u0435 (\u0434\u043e\u043c\u043e\u0444\u043e\u043d\u044b, \u0437\u0430\u043c\u043a\u0438, \u0430\u043a\u0441\u0435\u0441\u0441\u0443\u0430\u0440\u044b). \u0412\u043d\u0438\u043c\u0430\u0442\u0435\u043b\u044c\u043d\u043e \u043e\u0437\u043d\u0430\u043a\u043e\u043c\u044c\u0442\u0435\u0441\u044c \u0441 \u0442\u0435\u0445\u043d\u0438\u0447\u0435\u0441\u043a\u0438\u043c\u0438 \u0445\u0430\u0440\u0430\u043a\u0442\u0435\u0440\u0438\u0441\u0442\u0438\u043a\u0430\u043c\u0438 \u0438","og_url":"https:\/\/fonolukk.eu\/ru\/kak-zakazat\/","og_site_name":"Fonolukk","article_publisher":"https:\/\/www.facebook.com\/fonolukk","article_modified_time":"2026-02-05T20:54:58+00:00","og_image":[{"width":592,"height":228,"url":"https:\/\/fonolukk.eu\/wp-content\/uploads\/2021\/04\/logo-fonolukk-c-tel-1.png","type":"image\/png"}],"twitter_card":"summary_large_image","twitter_misc":{"\u041f\u0440\u0438\u043c\u0435\u0440\u043d\u043e\u0435 \u0432\u0440\u0435\u043c\u044f \u0434\u043b\u044f \u0447\u0442\u0435\u043d\u0438\u044f":"1 \u043c\u0438\u043d\u0443\u0442\u0430"},"schema":{"@context":"https:\/\/schema.org","@graph":[{"@type":["Article","BlogPosting"],"@id":"https:\/\/fonolukk.eu\/ru\/kak-zakazat\/#article","isPartOf":{"@id":"https:\/\/fonolukk.eu\/ru\/kak-zakazat\/"},"author":{"name":"Aleksei Mal","@id":"https:\/\/fonolukk.eu\/ru\/#\/schema\/person\/4a592fd1f64fdd66154ab76d1bf648e6"},"headline":"\u041a\u0430\u043a \u0437\u0430\u043a\u0430\u0437\u0430\u0442\u044c?","datePublished":"2020-02-14T19:08:02+00:00","dateModified":"2026-02-05T20:54:58+00:00","mainEntityOfPage":{"@id":"https:\/\/fonolukk.eu\/ru\/kak-zakazat\/"},"wordCount":101,"publisher":{"@id":"https:\/\/fonolukk.eu\/ru\/#organization"},"inLanguage":"ru-RU"},{"@type":"WebPage","@id":"https:\/\/fonolukk.eu\/ru\/kak-zakazat\/","url":"https:\/\/fonolukk.eu\/ru\/kak-zakazat\/","name":"\u041a\u0430\u043a \u0437\u0430\u043a\u0430\u0437\u0430\u0442\u044c? - Fonolukk","isPartOf":{"@id":"https:\/\/fonolukk.eu\/ru\/#website"},"datePublished":"2020-02-14T19:08:02+00:00","dateModified":"2026-02-05T20:54:58+00:00","description":"Fonoluku ja L\u00e4bip\u00e4\u00e4sus\u00fcsteemi Paigaldus , Remont , Hooldus. Rainmann (Laskomex) , Vizit , Eltis , Farfisa jne. Tel. 66 11 774.","breadcrumb":{"@id":"https:\/\/fonolukk.eu\/ru\/kak-zakazat\/#breadcrumb"},"inLanguage":"ru-RU","potentialAction":[{"@type":"ReadAction","target":["https:\/\/fonolukk.eu\/ru\/kak-zakazat\/"]}]},{"@type":"BreadcrumbList","@id":"https:\/\/fonolukk.eu\/ru\/kak-zakazat\/#breadcrumb","itemListElement":[{"@type":"ListItem","position":1,"name":"\u0413\u043b\u0430\u0432\u043d\u0430\u044f \u0441\u0442\u0440\u0430\u043d\u0438\u0446\u0430","item":"https:\/\/fonolukk.eu\/ru\/domashnyaya-stranicza\/"},{"@type":"ListItem","position":2,"name":"\u041a\u0430\u043a \u0437\u0430\u043a\u0430\u0437\u0430\u0442\u044c?"}]},{"@type":"WebSite","@id":"https:\/\/fonolukk.eu\/ru\/#website","url":"https:\/\/fonolukk.eu\/ru\/","name":"Fonolukk eu","description":"Smart Security Systems","publisher":{"@id":"https:\/\/fonolukk.eu\/ru\/#organization"},"potentialAction":[{"@type":"SearchAction","target":{"@type":"EntryPoint","urlTemplate":"https:\/\/fonolukk.eu\/ru\/?s={search_term_string}"},"query-input":{"@type":"PropertyValueSpecification","valueRequired":true,"valueName":"search_term_string"}}],"inLanguage":"ru-RU"},{"@type":"Organization","@id":"https:\/\/fonolukk.eu\/ru\/#organization","name":"Smart Security OU","url":"https:\/\/fonolukk.eu\/ru\/","logo":{"@type":"ImageObject","inLanguage":"ru-RU","@id":"https:\/\/fonolukk.eu\/ru\/#\/schema\/logo\/image\/","url":"https:\/\/fonolukk.eu\/wp-content\/uploads\/2023\/09\/fonolukk.png","contentUrl":"https:\/\/fonolukk.eu\/wp-content\/uploads\/2023\/09\/fonolukk.png","width":277,"height":274,"caption":"Smart Security OU"},"image":{"@id":"https:\/\/fonolukk.eu\/ru\/#\/schema\/logo\/image\/"},"sameAs":["https:\/\/www.facebook.com\/fonolukk","https:\/\/www.instagram.com\/fonolukk\/?hl=ru"],"publishingPrinciples":"https:\/\/fonolukk.eu\/terms-and-conditions\/","ownershipFundingInfo":"https:\/\/fonolukk.eu\/about-us\/"},{"@type":"Person","@id":"https:\/\/fonolukk.eu\/ru\/#\/schema\/person\/4a592fd1f64fdd66154ab76d1bf648e6","name":"Aleksei Mal","image":{"@type":"ImageObject","inLanguage":"ru-RU","@id":"https:\/\/secure.gravatar.com\/avatar\/6f18e43804942ed4c91305613f8164568de2648f6c56b3d7ea211631dda24c59?s=96&d=mm&r=g","url":"https:\/\/secure.gravatar.com\/avatar\/6f18e43804942ed4c91305613f8164568de2648f6c56b3d7ea211631dda24c59?s=96&d=mm&r=g","contentUrl":"https:\/\/secure.gravatar.com\/avatar\/6f18e43804942ed4c91305613f8164568de2648f6c56b3d7ea211631dda24c59?s=96&d=mm&r=g","caption":"Aleksei Mal"},"url":"https:\/\/fonolukk.eu\/ru\/author\/aleksei-mal\/"}]}},"_links":{"self":[{"href":"https:\/\/fonolukk.eu\/ru\/wp-json\/wp\/v2\/pages\/3810","targetHints":{"allow":["GET"]}}],"collection":[{"href":"https:\/\/fonolukk.eu\/ru\/wp-json\/wp\/v2\/pages"}],"about":[{"href":"https:\/\/fonolukk.eu\/ru\/wp-json\/wp\/v2\/types\/page"}],"author":[{"embeddable":true,"href":"https:\/\/fonolukk.eu\/ru\/wp-json\/wp\/v2\/users\/2"}],"replies":[{"embeddable":true,"href":"https:\/\/fonolukk.eu\/ru\/wp-json\/wp\/v2\/comments?post=3810"}],"version-history":[{"count":5,"href":"https:\/\/fonolukk.eu\/ru\/wp-json\/wp\/v2\/pages\/3810\/revisions"}],"predecessor-version":[{"id":22006,"href":"https:\/\/fonolukk.eu\/ru\/wp-json\/wp\/v2\/pages\/3810\/revisions\/22006"}],"wp:attachment":[{"href":"https:\/\/fonolukk.eu\/ru\/wp-json\/wp\/v2\/media?parent=3810"}],"curies":[{"name":"wp","href":"https:\/\/api.w.org\/{rel}","templated":true}]}}