{"id":3823,"date":"2020-02-14T19:31:00","date_gmt":"2020-02-14T19:31:00","guid":{"rendered":"https:\/\/fonolukk.eu\/%d0%bf%d0%be%d0%b4%d0%b4%d0%b5%d1%80%d0%b6%d0%ba%d0%b0\/"},"modified":"2023-02-03T23:15:33","modified_gmt":"2023-02-03T21:15:33","slug":"podderzhka","status":"publish","type":"page","link":"https:\/\/fonolukk.eu\/ru\/podderzhka\/","title":{"rendered":"\u041f\u043e\u0434\u0434\u0435\u0440\u0436\u043a\u0430"},"content":{"rendered":"<p>[vc_row full_width=&#187;stretch_row_content_no_spaces&#187; full_height=&#187;yes&#187; columns_placement=&#187;stretch&#187; equal_height=&#187;yes&#187; content_placement=&#187;middle&#187; video_bg=&#187;yes&#187; video_bg_url=&#187;&#187; css=&#187;.vc_custom_1494591206194{background-position: center !important;background-repeat: no-repeat !important;background-size: cover !important;}&#187;][vc_column width=&#187;1\/2&#8243; css=&#187;.vc_custom_1494591285751{padding-top: 30px !important;padding-right: 15px !important;padding-bottom: 30px !important;padding-left: 15px !important;background-color: #272c30 !important;}&#187; offset=&#187;vc_col-lg-4 vc_col-md-4 vc_col-xs-12&#8243;][vc_custom_heading text=&#187;<strong>FONOLUKK<\/strong>&#187; font_container=&#187;tag:p|font_size:20px|text_align:center&#187; use_theme_fonts=&#187;yes&#187; css=&#187;.vc_custom_1674506663225{margin-bottom: 15px !important;}&#187; el_class=&#187;color-primary&#187;][vc_custom_heading text=&#187;Website is under<b>MAINTENANCE<\/b>&#187; font_container=&#187;tag:h2|font_size:60px|text_align:center|color:%23ffffff|line_height:1.2&#8243; use_theme_fonts=&#187;yes&#187; css=&#187;.vc_custom_1674506781088{margin-bottom: 10px !important;}&#187;][vc_empty_space height=&#187;30px&#187;][woodmart_popup color=&#187;primary&#187; size=&#187;extra-large&#187; id=&#187;contact-form-popup&#187; width=&#187;900&#8243; title=&#187;CONTACT US&#187;][vc_row_inner equal_height=&#187;yes&#187;][vc_column_inner width=&#187;2\/3&#8243; css=&#187;.vc_custom_1484144412172{padding-right: 30px !important;}&#187;][woodmart_title align=&#187;left&#187; size=&#187;small&#187; title=&#187;\u041e\u0422\u041f\u0420\u0410\u0412\u042c\u0422\u0415 \u041d\u0410\u041c \u0421\u041e\u041e\u0411\u0429\u0415\u041d\u0418\u0415&#187; woodmart_css_id=&#187;5e46f0ee2d0b5&#8243;][contact-form-7 id=&#187;3347&#8243;][\/vc_column_inner][vc_column_inner width=&#187;1\/3&#8243; css=&#187;.vc_custom_1484144397036{margin-top: -30px !important;margin-right: -30px !important;margin-bottom: -30px !important;padding-top: 30px !important;padding-right: 30px !important;padding-bottom: 30px !important;padding-left: 30px !important;background-color: #333333 !important;}&#187;][woodmart_title align=&#187;left&#187; color=&#187;white&#187; size=&#187;small&#187; title=&#187;\u041a\u041e\u041d\u0422\u0410\u041a\u0422\u041d\u0410\u042f \u0418\u041d\u0424\u041e\u0420\u041c\u0410\u0426\u0418\u042f&#187;]\t\t\t<div class=\"info-box-wrapper\">\n\t\t\t\t<div id=\"wd-5e4afdd65f89a\" class=\" wd-info-box wd-wpb text-left box-icon-align-left box-style- color-scheme-light wd-bg-none wd-items-top\">\n\t\t\t\t\t\t\t\t\t\t\t<div class=\"box-icon-wrapper  box-with-icon box-icon-simple\">\n\t\t\t\t\t\t\t<div class=\"info-box-icon\">\n\t\t\t\t\t\t\t\t\t\t\t\t\t\t\t<\/div>\n\t\t\t\t\t\t<\/div>\n\t\t\t\t\t\t\t\t\t\t<div class=\"info-box-content\">\n\t\t\t\t\t\t\t\t\t\t\t\t<div class=\"info-box-inner reset-last-child\"><p>Tuuliku Tee 4.<br \/>\nTallinn, EE 10621<\/p>\n<\/div>\n\n\t\t\t\t\t\t\t\t\t\t\t<\/div>\n\n\t\t\t\t\t\n\t\t\t\t\t\t\t\t\t<\/div>\n\t\t\t<\/div>\n\t\t\t\t\t<div class=\"info-box-wrapper\">\n\t\t\t\t<div id=\"wd-5e4afdedbdcab\" class=\" wd-info-box wd-wpb text-left box-icon-align-left box-style- color-scheme-light wd-bg-none wd-items-top\">\n\t\t\t\t\t\t\t\t\t\t\t<div class=\"box-icon-wrapper  box-with-icon box-icon-simple\">\n\t\t\t\t\t\t\t<div class=\"info-box-icon\">\n\t\t\t\t\t\t\t\t\t\t\t\t\t\t\t<\/div>\n\t\t\t\t\t\t<\/div>\n\t\t\t\t\t\t\t\t\t\t<div class=\"info-box-content\">\n\t\t\t\t\t\t\t\t\t\t\t\t<div class=\"info-box-inner reset-last-child\"><p>+372 6611774<\/p>\n<\/div>\n\n\t\t\t\t\t\t\t\t\t\t\t<\/div>\n\n\t\t\t\t\t\n\t\t\t\t\t\t\t\t\t<\/div>\n\t\t\t<\/div>\n\t\t\t\t\t<div class=\"info-box-wrapper\">\n\t\t\t\t<div id=\"wd-5e4afdf79a534\" class=\" wd-info-box wd-wpb text-left box-icon-align-left box-style- color-scheme-light wd-bg-none wd-items-top\">\n\t\t\t\t\t\t\t\t\t\t\t<div class=\"box-icon-wrapper  box-with-icon box-icon-simple\">\n\t\t\t\t\t\t\t<div class=\"info-box-icon\">\n\t\t\t\t\t\t\t\t\t\t\t\t\t\t\t<\/div>\n\t\t\t\t\t\t<\/div>\n\t\t\t\t\t\t\t\t\t\t<div class=\"info-box-content\">\n\t\t\t\t\t\t\t\t\t\t\t\t<div class=\"info-box-inner reset-last-child\"><p><a href=\"info@fono.eu\">info@fono.eu<\/a><\/p>\n<\/div>\n\n\t\t\t\t\t\t\t\t\t\t\t<\/div>\n\n\t\t\t\t\t\n\t\t\t\t\t\t\t\t\t<\/div>\n\t\t\t<\/div>\n\t\t[vc_separator color=&#187;custom&#187; accent_color=&#187;rgba(255,255,255,0.15)&#187; css=&#187;.vc_custom_1484144347493{margin-bottom: 30px !important;}&#187;]\t\t\t<div\n\t\t\t\t\t\tclass=\" wd-social-icons wd-style-colored wd-size-small social-share wd-shape-circle text-left\">\n\t\t\t\t\n\t\t\t\t\n\t\t\t\t\n\t\t\t\t\n\t\t\t\t\n\t\t\t\t\n\t\t\t\t\n\t\t\t\t\n\t\t\t\t\n\t\t\t\t\n\t\t\t\t\n\t\t\t\t\n\t\t\t\t\n\t\t\t\t\n\t\t\t\t\n\t\t\t\t\n\t\t\t\t\n\t\t\t\t\n\t\t\t\t\n\t\t\t\t\n\t\t\t\t\n\t\t\t\t\n\t\t\t\t\n\t\t\t\t\n\t\t\t\t\n\t\t\t\t\n\t\t\t\t\n\t\t\t\t\n\t\t\t<\/div>\n\n\t\t[\/vc_column_inner][\/vc_row_inner][\/woodmart_popup][vc_empty_space height=&#187;30px&#187;]\t\t\t<div\n\t\t\t\t\t\tclass=\" wd-social-icons wd-style-bordered wd-size-default social-share wd-shape-circle color-scheme-light text-center\">\n\t\t\t\t\n\t\t\t\t\n\t\t\t\t\n\t\t\t\t\n\t\t\t\t\n\t\t\t\t\n\t\t\t\t\n\t\t\t\t\n\t\t\t\t\n\t\t\t\t\n\t\t\t\t\n\t\t\t\t\n\t\t\t\t\n\t\t\t\t\n\t\t\t\t\n\t\t\t\t\n\t\t\t\t\n\t\t\t\t\n\t\t\t\t\n\t\t\t\t\n\t\t\t\t\n\t\t\t\t\n\t\t\t\t\n\t\t\t\t\n\t\t\t\t\n\t\t\t\t\n\t\t\t\t\n\t\t\t\t\n\t\t\t<\/div>\n\n\t\t[\/vc_column][vc_column width=&#187;1\/2&#8243; css=&#187;.vc_custom_1581707624237{padding-top: 250px !important;padding-bottom: 250px !important;background-image: url(https:\/\/fonolukk.eu\/wp-content\/uploads\/2020\/02\/tallinn-old-town-1500-cs.jpg?id=3500) !important;background-position: center !important;background-repeat: no-repeat !important;background-size: cover !important;}&#187; offset=&#187;vc_col-lg-8 vc_col-md-8 vc_col-xs-12&#8243; mobile_bg_img_hidden=&#187;no&#187; tablet_bg_img_hidden=&#187;no&#187; woodmart_parallax=&#187;0&#8243; woodmart_sticky_column=&#187;false&#187; parallax_scroll=&#187;no&#187; mobile_reset_margin=&#187;no&#187; tablet_reset_margin=&#187;no&#187;][\/vc_column][\/vc_row]<\/p>\n","protected":false},"excerpt":{"rendered":"<p>[vc_row full_width=&#187;stretch_row_content_no_spaces&#187; full_height=&#187;yes&#187; columns_placement=&#187;stretch&#187; equal_height=&#187;yes&#187; content_placement=&#187;middle&#187; video_bg=&#187;yes&#187; video_bg_url=&#187;&#187; css=&#187;.vc_custom_1494591206194{background-position: center !important;background-repeat: no-repeat !important;background-size: cover !important;}&#187;][vc_column width=&#187;1\/2&#8243; css=&#187;.vc_custom_1494591285751{padding-top: 30px !important;padding-right: 15px<\/p>\n","protected":false},"author":2,"featured_media":0,"parent":0,"menu_order":0,"comment_status":"closed","ping_status":"closed","template":"maintenance.php","meta":{"footnotes":""},"class_list":["post-3823","page","type-page","status-publish","hentry"],"yoast_head":"<!-- This site is optimized with the Yoast SEO Premium plugin v27.3 (Yoast SEO v27.3) - https:\/\/yoast.com\/product\/yoast-seo-premium-wordpress\/ -->\n<title>\u041f\u043e\u0434\u0434\u0435\u0440\u0436\u043a\u0430 - Fonolukk<\/title>\n<meta name=\"description\" content=\"Fonoluku ja L\u00e4bip\u00e4\u00e4sus\u00fcsteemi Paigaldus , Remont , Hooldus. Rainmann (Laskomex) , Vizit , Eltis , Farfisa jne. Tel. 66 11 774.\" \/>\n<meta name=\"robots\" content=\"index, follow, max-snippet:-1, max-image-preview:large, max-video-preview:-1\" \/>\n<link rel=\"canonical\" href=\"https:\/\/fonolukk.eu\/ru\/podderzhka\/\" \/>\n<meta property=\"og:locale\" content=\"ru_RU\" \/>\n<meta property=\"og:type\" content=\"article\" \/>\n<meta property=\"og:title\" content=\"\u041f\u043e\u0434\u0434\u0435\u0440\u0436\u043a\u0430\" \/>\n<meta property=\"og:url\" content=\"https:\/\/fonolukk.eu\/ru\/podderzhka\/\" \/>\n<meta property=\"og:site_name\" content=\"Fonolukk\" \/>\n<meta property=\"article:publisher\" content=\"https:\/\/www.facebook.com\/fonolukk\" \/>\n<meta property=\"article:modified_time\" content=\"2023-02-03T21:15:33+00:00\" \/>\n<meta property=\"og:image\" content=\"https:\/\/fonolukk.eu\/wp-content\/uploads\/2021\/04\/logo-fonolukk-c-tel-1.png\" \/>\n\t<meta property=\"og:image:width\" content=\"592\" \/>\n\t<meta property=\"og:image:height\" content=\"228\" \/>\n\t<meta property=\"og:image:type\" content=\"image\/png\" \/>\n<meta name=\"twitter:card\" content=\"summary_large_image\" \/>\n<meta name=\"twitter:label1\" content=\"\u041f\u0440\u0438\u043c\u0435\u0440\u043d\u043e\u0435 \u0432\u0440\u0435\u043c\u044f \u0434\u043b\u044f \u0447\u0442\u0435\u043d\u0438\u044f\" \/>\n\t<meta name=\"twitter:data1\" content=\"3 \u043c\u0438\u043d\u0443\u0442\u044b\" \/>\n<script type=\"application\/ld+json\" class=\"yoast-schema-graph\">{\"@context\":\"https:\\\/\\\/schema.org\",\"@graph\":[{\"@type\":[\"Article\",\"BlogPosting\"],\"@id\":\"https:\\\/\\\/fonolukk.eu\\\/ru\\\/podderzhka\\\/#article\",\"isPartOf\":{\"@id\":\"https:\\\/\\\/fonolukk.eu\\\/ru\\\/podderzhka\\\/\"},\"author\":{\"name\":\"Aleksei Mal\",\"@id\":\"https:\\\/\\\/fonolukk.eu\\\/ru\\\/#\\\/schema\\\/person\\\/4a592fd1f64fdd66154ab76d1bf648e6\"},\"headline\":\"\u041f\u043e\u0434\u0434\u0435\u0440\u0436\u043a\u0430\",\"datePublished\":\"2020-02-14T19:31:00+00:00\",\"dateModified\":\"2023-02-03T21:15:33+00:00\",\"mainEntityOfPage\":{\"@id\":\"https:\\\/\\\/fonolukk.eu\\\/ru\\\/podderzhka\\\/\"},\"wordCount\":548,\"publisher\":{\"@id\":\"https:\\\/\\\/fonolukk.eu\\\/ru\\\/#organization\"},\"inLanguage\":\"ru-RU\"},{\"@type\":\"WebPage\",\"@id\":\"https:\\\/\\\/fonolukk.eu\\\/ru\\\/podderzhka\\\/\",\"url\":\"https:\\\/\\\/fonolukk.eu\\\/ru\\\/podderzhka\\\/\",\"name\":\"\u041f\u043e\u0434\u0434\u0435\u0440\u0436\u043a\u0430 - Fonolukk\",\"isPartOf\":{\"@id\":\"https:\\\/\\\/fonolukk.eu\\\/ru\\\/#website\"},\"datePublished\":\"2020-02-14T19:31:00+00:00\",\"dateModified\":\"2023-02-03T21:15:33+00:00\",\"description\":\"Fonoluku ja L\u00e4bip\u00e4\u00e4sus\u00fcsteemi Paigaldus , Remont , Hooldus. Rainmann (Laskomex) , Vizit , Eltis , Farfisa jne. Tel. 66 11 774.\",\"breadcrumb\":{\"@id\":\"https:\\\/\\\/fonolukk.eu\\\/ru\\\/podderzhka\\\/#breadcrumb\"},\"inLanguage\":\"ru-RU\",\"potentialAction\":[{\"@type\":\"ReadAction\",\"target\":[\"https:\\\/\\\/fonolukk.eu\\\/ru\\\/podderzhka\\\/\"]}]},{\"@type\":\"BreadcrumbList\",\"@id\":\"https:\\\/\\\/fonolukk.eu\\\/ru\\\/podderzhka\\\/#breadcrumb\",\"itemListElement\":[{\"@type\":\"ListItem\",\"position\":1,\"name\":\"\u0413\u043b\u0430\u0432\u043d\u0430\u044f \u0441\u0442\u0440\u0430\u043d\u0438\u0446\u0430\",\"item\":\"https:\\\/\\\/fonolukk.eu\\\/ru\\\/domashnyaya-stranicza\\\/\"},{\"@type\":\"ListItem\",\"position\":2,\"name\":\"\u041f\u043e\u0434\u0434\u0435\u0440\u0436\u043a\u0430\"}]},{\"@type\":\"WebSite\",\"@id\":\"https:\\\/\\\/fonolukk.eu\\\/ru\\\/#website\",\"url\":\"https:\\\/\\\/fonolukk.eu\\\/ru\\\/\",\"name\":\"Fonolukk eu\",\"description\":\"Smart Security Systems\",\"publisher\":{\"@id\":\"https:\\\/\\\/fonolukk.eu\\\/ru\\\/#organization\"},\"potentialAction\":[{\"@type\":\"SearchAction\",\"target\":{\"@type\":\"EntryPoint\",\"urlTemplate\":\"https:\\\/\\\/fonolukk.eu\\\/ru\\\/?s={search_term_string}\"},\"query-input\":{\"@type\":\"PropertyValueSpecification\",\"valueRequired\":true,\"valueName\":\"search_term_string\"}}],\"inLanguage\":\"ru-RU\"},{\"@type\":\"Organization\",\"@id\":\"https:\\\/\\\/fonolukk.eu\\\/ru\\\/#organization\",\"name\":\"Smart Security OU\",\"url\":\"https:\\\/\\\/fonolukk.eu\\\/ru\\\/\",\"logo\":{\"@type\":\"ImageObject\",\"inLanguage\":\"ru-RU\",\"@id\":\"https:\\\/\\\/fonolukk.eu\\\/ru\\\/#\\\/schema\\\/logo\\\/image\\\/\",\"url\":\"https:\\\/\\\/fonolukk.eu\\\/wp-content\\\/uploads\\\/2023\\\/09\\\/fonolukk.png\",\"contentUrl\":\"https:\\\/\\\/fonolukk.eu\\\/wp-content\\\/uploads\\\/2023\\\/09\\\/fonolukk.png\",\"width\":277,\"height\":274,\"caption\":\"Smart Security OU\"},\"image\":{\"@id\":\"https:\\\/\\\/fonolukk.eu\\\/ru\\\/#\\\/schema\\\/logo\\\/image\\\/\"},\"sameAs\":[\"https:\\\/\\\/www.facebook.com\\\/fonolukk\",\"https:\\\/\\\/www.instagram.com\\\/fonolukk\\\/?hl=ru\"],\"publishingPrinciples\":\"https:\\\/\\\/fonolukk.eu\\\/terms-and-conditions\\\/\",\"ownershipFundingInfo\":\"https:\\\/\\\/fonolukk.eu\\\/about-us\\\/\"},{\"@type\":\"Person\",\"@id\":\"https:\\\/\\\/fonolukk.eu\\\/ru\\\/#\\\/schema\\\/person\\\/4a592fd1f64fdd66154ab76d1bf648e6\",\"name\":\"Aleksei Mal\",\"image\":{\"@type\":\"ImageObject\",\"inLanguage\":\"ru-RU\",\"@id\":\"https:\\\/\\\/secure.gravatar.com\\\/avatar\\\/6f18e43804942ed4c91305613f8164568de2648f6c56b3d7ea211631dda24c59?s=96&d=mm&r=g\",\"url\":\"https:\\\/\\\/secure.gravatar.com\\\/avatar\\\/6f18e43804942ed4c91305613f8164568de2648f6c56b3d7ea211631dda24c59?s=96&d=mm&r=g\",\"contentUrl\":\"https:\\\/\\\/secure.gravatar.com\\\/avatar\\\/6f18e43804942ed4c91305613f8164568de2648f6c56b3d7ea211631dda24c59?s=96&d=mm&r=g\",\"caption\":\"Aleksei Mal\"},\"url\":\"https:\\\/\\\/fonolukk.eu\\\/ru\\\/author\\\/aleksei-mal\\\/\"}]}<\/script>\n<!-- \/ Yoast SEO Premium plugin. -->","yoast_head_json":{"title":"\u041f\u043e\u0434\u0434\u0435\u0440\u0436\u043a\u0430 - Fonolukk","description":"Fonoluku ja L\u00e4bip\u00e4\u00e4sus\u00fcsteemi Paigaldus , Remont , Hooldus. Rainmann (Laskomex) , Vizit , Eltis , Farfisa jne. Tel. 66 11 774.","robots":{"index":"index","follow":"follow","max-snippet":"max-snippet:-1","max-image-preview":"max-image-preview:large","max-video-preview":"max-video-preview:-1"},"canonical":"https:\/\/fonolukk.eu\/ru\/podderzhka\/","og_locale":"ru_RU","og_type":"article","og_title":"\u041f\u043e\u0434\u0434\u0435\u0440\u0436\u043a\u0430","og_url":"https:\/\/fonolukk.eu\/ru\/podderzhka\/","og_site_name":"Fonolukk","article_publisher":"https:\/\/www.facebook.com\/fonolukk","article_modified_time":"2023-02-03T21:15:33+00:00","og_image":[{"width":592,"height":228,"url":"https:\/\/fonolukk.eu\/wp-content\/uploads\/2021\/04\/logo-fonolukk-c-tel-1.png","type":"image\/png"}],"twitter_card":"summary_large_image","twitter_misc":{"\u041f\u0440\u0438\u043c\u0435\u0440\u043d\u043e\u0435 \u0432\u0440\u0435\u043c\u044f \u0434\u043b\u044f \u0447\u0442\u0435\u043d\u0438\u044f":"3 \u043c\u0438\u043d\u0443\u0442\u044b"},"schema":{"@context":"https:\/\/schema.org","@graph":[{"@type":["Article","BlogPosting"],"@id":"https:\/\/fonolukk.eu\/ru\/podderzhka\/#article","isPartOf":{"@id":"https:\/\/fonolukk.eu\/ru\/podderzhka\/"},"author":{"name":"Aleksei Mal","@id":"https:\/\/fonolukk.eu\/ru\/#\/schema\/person\/4a592fd1f64fdd66154ab76d1bf648e6"},"headline":"\u041f\u043e\u0434\u0434\u0435\u0440\u0436\u043a\u0430","datePublished":"2020-02-14T19:31:00+00:00","dateModified":"2023-02-03T21:15:33+00:00","mainEntityOfPage":{"@id":"https:\/\/fonolukk.eu\/ru\/podderzhka\/"},"wordCount":548,"publisher":{"@id":"https:\/\/fonolukk.eu\/ru\/#organization"},"inLanguage":"ru-RU"},{"@type":"WebPage","@id":"https:\/\/fonolukk.eu\/ru\/podderzhka\/","url":"https:\/\/fonolukk.eu\/ru\/podderzhka\/","name":"\u041f\u043e\u0434\u0434\u0435\u0440\u0436\u043a\u0430 - Fonolukk","isPartOf":{"@id":"https:\/\/fonolukk.eu\/ru\/#website"},"datePublished":"2020-02-14T19:31:00+00:00","dateModified":"2023-02-03T21:15:33+00:00","description":"Fonoluku ja L\u00e4bip\u00e4\u00e4sus\u00fcsteemi Paigaldus , Remont , Hooldus. Rainmann (Laskomex) , Vizit , Eltis , Farfisa jne. Tel. 66 11 774.","breadcrumb":{"@id":"https:\/\/fonolukk.eu\/ru\/podderzhka\/#breadcrumb"},"inLanguage":"ru-RU","potentialAction":[{"@type":"ReadAction","target":["https:\/\/fonolukk.eu\/ru\/podderzhka\/"]}]},{"@type":"BreadcrumbList","@id":"https:\/\/fonolukk.eu\/ru\/podderzhka\/#breadcrumb","itemListElement":[{"@type":"ListItem","position":1,"name":"\u0413\u043b\u0430\u0432\u043d\u0430\u044f \u0441\u0442\u0440\u0430\u043d\u0438\u0446\u0430","item":"https:\/\/fonolukk.eu\/ru\/domashnyaya-stranicza\/"},{"@type":"ListItem","position":2,"name":"\u041f\u043e\u0434\u0434\u0435\u0440\u0436\u043a\u0430"}]},{"@type":"WebSite","@id":"https:\/\/fonolukk.eu\/ru\/#website","url":"https:\/\/fonolukk.eu\/ru\/","name":"Fonolukk eu","description":"Smart Security Systems","publisher":{"@id":"https:\/\/fonolukk.eu\/ru\/#organization"},"potentialAction":[{"@type":"SearchAction","target":{"@type":"EntryPoint","urlTemplate":"https:\/\/fonolukk.eu\/ru\/?s={search_term_string}"},"query-input":{"@type":"PropertyValueSpecification","valueRequired":true,"valueName":"search_term_string"}}],"inLanguage":"ru-RU"},{"@type":"Organization","@id":"https:\/\/fonolukk.eu\/ru\/#organization","name":"Smart Security OU","url":"https:\/\/fonolukk.eu\/ru\/","logo":{"@type":"ImageObject","inLanguage":"ru-RU","@id":"https:\/\/fonolukk.eu\/ru\/#\/schema\/logo\/image\/","url":"https:\/\/fonolukk.eu\/wp-content\/uploads\/2023\/09\/fonolukk.png","contentUrl":"https:\/\/fonolukk.eu\/wp-content\/uploads\/2023\/09\/fonolukk.png","width":277,"height":274,"caption":"Smart Security OU"},"image":{"@id":"https:\/\/fonolukk.eu\/ru\/#\/schema\/logo\/image\/"},"sameAs":["https:\/\/www.facebook.com\/fonolukk","https:\/\/www.instagram.com\/fonolukk\/?hl=ru"],"publishingPrinciples":"https:\/\/fonolukk.eu\/terms-and-conditions\/","ownershipFundingInfo":"https:\/\/fonolukk.eu\/about-us\/"},{"@type":"Person","@id":"https:\/\/fonolukk.eu\/ru\/#\/schema\/person\/4a592fd1f64fdd66154ab76d1bf648e6","name":"Aleksei Mal","image":{"@type":"ImageObject","inLanguage":"ru-RU","@id":"https:\/\/secure.gravatar.com\/avatar\/6f18e43804942ed4c91305613f8164568de2648f6c56b3d7ea211631dda24c59?s=96&d=mm&r=g","url":"https:\/\/secure.gravatar.com\/avatar\/6f18e43804942ed4c91305613f8164568de2648f6c56b3d7ea211631dda24c59?s=96&d=mm&r=g","contentUrl":"https:\/\/secure.gravatar.com\/avatar\/6f18e43804942ed4c91305613f8164568de2648f6c56b3d7ea211631dda24c59?s=96&d=mm&r=g","caption":"Aleksei Mal"},"url":"https:\/\/fonolukk.eu\/ru\/author\/aleksei-mal\/"}]}},"_links":{"self":[{"href":"https:\/\/fonolukk.eu\/ru\/wp-json\/wp\/v2\/pages\/3823","targetHints":{"allow":["GET"]}}],"collection":[{"href":"https:\/\/fonolukk.eu\/ru\/wp-json\/wp\/v2\/pages"}],"about":[{"href":"https:\/\/fonolukk.eu\/ru\/wp-json\/wp\/v2\/types\/page"}],"author":[{"embeddable":true,"href":"https:\/\/fonolukk.eu\/ru\/wp-json\/wp\/v2\/users\/2"}],"replies":[{"embeddable":true,"href":"https:\/\/fonolukk.eu\/ru\/wp-json\/wp\/v2\/comments?post=3823"}],"version-history":[{"count":5,"href":"https:\/\/fonolukk.eu\/ru\/wp-json\/wp\/v2\/pages\/3823\/revisions"}],"predecessor-version":[{"id":14107,"href":"https:\/\/fonolukk.eu\/ru\/wp-json\/wp\/v2\/pages\/3823\/revisions\/14107"}],"wp:attachment":[{"href":"https:\/\/fonolukk.eu\/ru\/wp-json\/wp\/v2\/media?parent=3823"}],"curies":[{"name":"wp","href":"https:\/\/api.w.org\/{rel}","templated":true}]}}