{"id":3912,"date":"2020-02-15T12:23:55","date_gmt":"2020-02-15T12:23:55","guid":{"rendered":"https:\/\/fonolukk.eu\/%d0%bf%d0%be%d1%80%d1%8f%d0%b4%d0%be%d0%ba-%d0%be%d1%82%d1%81%d0%bb%d0%b5%d0%b6%d0%b8%d0%b2%d0%b0%d0%bd%d0%b8%d1%8f\/"},"modified":"2026-03-05T16:07:00","modified_gmt":"2026-03-05T14:07:00","slug":"otsljedit-zakaz","status":"publish","type":"page","link":"https:\/\/fonolukk.eu\/ru\/otsljedit-zakaz\/","title":{"rendered":"\u041e\u0442\u0441\u043b\u0435\u0434\u0438\u0442\u044c \u0437\u0430\u043a\u0430\u0437"},"content":{"rendered":"\t\t<div data-elementor-type=\"wp-page\" data-elementor-id=\"3912\" class=\"elementor elementor-3912 elementor-1309\">\n\t\t\t\t\t\t<section class=\"wd-negative-gap elementor-section elementor-top-section elementor-element elementor-element-115c8cbb elementor-section-boxed elementor-section-height-default elementor-section-height-default\" data-id=\"115c8cbb\" data-element_type=\"section\" data-e-type=\"section\" data-settings=\"{&quot;background_background&quot;:&quot;classic&quot;}\">\n\t\t\t\t\t\t<div class=\"elementor-container elementor-column-gap-default\">\n\t\t\t\t\t<div class=\"elementor-column elementor-col-100 elementor-top-column elementor-element elementor-element-5a01795d\" data-id=\"5a01795d\" data-element_type=\"column\" data-e-type=\"column\">\n\t\t\t<div class=\"elementor-widget-wrap elementor-element-populated\">\n\t\t\t\t\t\t<div class=\"elementor-element elementor-element-64b5f6c9 wd-width-100 elementor-widget elementor-widget-wd_title\" data-id=\"64b5f6c9\" data-element_type=\"widget\" data-e-type=\"widget\" data-widget_type=\"wd_title.default\">\n\t\t\t\t<div class=\"elementor-widget-container\">\n\t\t\t\t\t\t\t<div class=\"title-wrapper wd-set-mb reset-last-child wd-title-color-default wd-title-style-default wd-title-size-large text-center\">\n\n\t\t\t\n\t\t\t<div class=\"liner-continer\">\n\t\t\t\t<h4 class=\"woodmart-title-container title wd-fontsize-xxl\">\u041e\u0442\u0441\u043b\u0435\u0436\u0438\u0432\u0430\u043d\u0438\u0435 \u0437\u0430\u043a\u0430\u0437\u0430<\/h4> \n\t\t\t\t\t\t\t<\/div>\n\n\t\t\t\t\t<\/div>\n\t\t\t\t\t\t<\/div>\n\t\t\t\t<\/div>\n\t\t\t\t<div class=\"elementor-element elementor-element-12df886d elementor-widget elementor-widget-html\" data-id=\"12df886d\" data-element_type=\"widget\" data-e-type=\"widget\" data-widget_type=\"html.default\">\n\t\t\t\t<div class=\"elementor-widget-container\">\n\t\t\t\t\t<div class=\"woocommerce\"><\/div>\t\t\t\t<\/div>\n\t\t\t\t<\/div>\n\t\t\t\t\t<\/div>\n\t\t<\/div>\n\t\t\t\t\t<\/div>\n\t\t<\/section>\n\t\t\t\t<\/div>\n\t\t","protected":false},"excerpt":{"rendered":"<p>\u041e\u0442\u0441\u043b\u0435\u0436\u0438\u0432\u0430\u043d\u0438\u0435 \u0437\u0430\u043a\u0430\u0437\u0430<\/p>\n","protected":false},"author":2,"featured_media":0,"parent":0,"menu_order":0,"comment_status":"closed","ping_status":"closed","template":"","meta":{"footnotes":""},"class_list":["post-3912","page","type-page","status-publish","hentry"],"yoast_head":"<!-- This site is optimized with the Yoast SEO Premium plugin v27.3 (Yoast SEO v27.3) - https:\/\/yoast.com\/product\/yoast-seo-premium-wordpress\/ -->\n<title>\u041e\u0442\u0441\u043b\u0435\u0434\u0438\u0442\u044c \u0437\u0430\u043a\u0430\u0437 - Fonolukk<\/title>\n<meta name=\"description\" content=\"Fonoluku ja L\u00e4bip\u00e4\u00e4sus\u00fcsteemi Paigaldus , Remont , Hooldus. Rainmann (Laskomex) , Vizit , Eltis , Farfisa jne. Tel. 66 11 774.\" \/>\n<meta name=\"robots\" content=\"index, follow, max-snippet:-1, max-image-preview:large, max-video-preview:-1\" \/>\n<link rel=\"canonical\" href=\"https:\/\/fonolukk.eu\/ru\/otsljedit-zakaz\/\" \/>\n<meta property=\"og:locale\" content=\"ru_RU\" \/>\n<meta property=\"og:type\" content=\"article\" \/>\n<meta property=\"og:title\" content=\"\u041e\u0442\u0441\u043b\u0435\u0434\u0438\u0442\u044c \u0437\u0430\u043a\u0430\u0437\" \/>\n<meta property=\"og:description\" content=\"\u041e\u0442\u0441\u043b\u0435\u0436\u0438\u0432\u0430\u043d\u0438\u0435 \u0437\u0430\u043a\u0430\u0437\u0430\" \/>\n<meta property=\"og:url\" content=\"https:\/\/fonolukk.eu\/ru\/otsljedit-zakaz\/\" \/>\n<meta property=\"og:site_name\" content=\"Fonolukk\" \/>\n<meta property=\"article:publisher\" content=\"https:\/\/www.facebook.com\/fonolukk\" \/>\n<meta property=\"article:modified_time\" content=\"2026-03-05T14:07:00+00:00\" \/>\n<meta property=\"og:image\" content=\"https:\/\/fonolukk.eu\/wp-content\/uploads\/2021\/04\/logo-fonolukk-c-tel-1.png\" \/>\n\t<meta property=\"og:image:width\" content=\"592\" \/>\n\t<meta property=\"og:image:height\" content=\"228\" \/>\n\t<meta property=\"og:image:type\" content=\"image\/png\" \/>\n<meta name=\"twitter:card\" content=\"summary_large_image\" \/>\n<script type=\"application\/ld+json\" class=\"yoast-schema-graph\">{\"@context\":\"https:\\\/\\\/schema.org\",\"@graph\":[{\"@type\":[\"Article\",\"BlogPosting\"],\"@id\":\"https:\\\/\\\/fonolukk.eu\\\/ru\\\/otsljedit-zakaz\\\/#article\",\"isPartOf\":{\"@id\":\"https:\\\/\\\/fonolukk.eu\\\/ru\\\/otsljedit-zakaz\\\/\"},\"author\":{\"name\":\"Aleksei Mal\",\"@id\":\"https:\\\/\\\/fonolukk.eu\\\/ru\\\/#\\\/schema\\\/person\\\/4a592fd1f64fdd66154ab76d1bf648e6\"},\"headline\":\"\u041e\u0442\u0441\u043b\u0435\u0434\u0438\u0442\u044c \u0437\u0430\u043a\u0430\u0437\",\"datePublished\":\"2020-02-15T12:23:55+00:00\",\"dateModified\":\"2026-03-05T14:07:00+00:00\",\"mainEntityOfPage\":{\"@id\":\"https:\\\/\\\/fonolukk.eu\\\/ru\\\/otsljedit-zakaz\\\/\"},\"wordCount\":7,\"publisher\":{\"@id\":\"https:\\\/\\\/fonolukk.eu\\\/ru\\\/#organization\"},\"inLanguage\":\"ru-RU\"},{\"@type\":\"WebPage\",\"@id\":\"https:\\\/\\\/fonolukk.eu\\\/ru\\\/otsljedit-zakaz\\\/\",\"url\":\"https:\\\/\\\/fonolukk.eu\\\/ru\\\/otsljedit-zakaz\\\/\",\"name\":\"\u041e\u0442\u0441\u043b\u0435\u0434\u0438\u0442\u044c \u0437\u0430\u043a\u0430\u0437 - Fonolukk\",\"isPartOf\":{\"@id\":\"https:\\\/\\\/fonolukk.eu\\\/ru\\\/#website\"},\"datePublished\":\"2020-02-15T12:23:55+00:00\",\"dateModified\":\"2026-03-05T14:07:00+00:00\",\"description\":\"Fonoluku ja L\u00e4bip\u00e4\u00e4sus\u00fcsteemi Paigaldus , Remont , Hooldus. Rainmann (Laskomex) , Vizit , Eltis , Farfisa jne. Tel. 66 11 774.\",\"breadcrumb\":{\"@id\":\"https:\\\/\\\/fonolukk.eu\\\/ru\\\/otsljedit-zakaz\\\/#breadcrumb\"},\"inLanguage\":\"ru-RU\",\"potentialAction\":[{\"@type\":\"ReadAction\",\"target\":[\"https:\\\/\\\/fonolukk.eu\\\/ru\\\/otsljedit-zakaz\\\/\"]}]},{\"@type\":\"BreadcrumbList\",\"@id\":\"https:\\\/\\\/fonolukk.eu\\\/ru\\\/otsljedit-zakaz\\\/#breadcrumb\",\"itemListElement\":[{\"@type\":\"ListItem\",\"position\":1,\"name\":\"\u0413\u043b\u0430\u0432\u043d\u0430\u044f \u0441\u0442\u0440\u0430\u043d\u0438\u0446\u0430\",\"item\":\"https:\\\/\\\/fonolukk.eu\\\/ru\\\/domashnyaya-stranicza\\\/\"},{\"@type\":\"ListItem\",\"position\":2,\"name\":\"\u041e\u0442\u0441\u043b\u0435\u0434\u0438\u0442\u044c \u0437\u0430\u043a\u0430\u0437\"}]},{\"@type\":\"WebSite\",\"@id\":\"https:\\\/\\\/fonolukk.eu\\\/ru\\\/#website\",\"url\":\"https:\\\/\\\/fonolukk.eu\\\/ru\\\/\",\"name\":\"Fonolukk eu\",\"description\":\"Smart Security Systems\",\"publisher\":{\"@id\":\"https:\\\/\\\/fonolukk.eu\\\/ru\\\/#organization\"},\"potentialAction\":[{\"@type\":\"SearchAction\",\"target\":{\"@type\":\"EntryPoint\",\"urlTemplate\":\"https:\\\/\\\/fonolukk.eu\\\/ru\\\/?s={search_term_string}\"},\"query-input\":{\"@type\":\"PropertyValueSpecification\",\"valueRequired\":true,\"valueName\":\"search_term_string\"}}],\"inLanguage\":\"ru-RU\"},{\"@type\":\"Organization\",\"@id\":\"https:\\\/\\\/fonolukk.eu\\\/ru\\\/#organization\",\"name\":\"Smart Security OU\",\"url\":\"https:\\\/\\\/fonolukk.eu\\\/ru\\\/\",\"logo\":{\"@type\":\"ImageObject\",\"inLanguage\":\"ru-RU\",\"@id\":\"https:\\\/\\\/fonolukk.eu\\\/ru\\\/#\\\/schema\\\/logo\\\/image\\\/\",\"url\":\"https:\\\/\\\/fonolukk.eu\\\/wp-content\\\/uploads\\\/2023\\\/09\\\/fonolukk.png\",\"contentUrl\":\"https:\\\/\\\/fonolukk.eu\\\/wp-content\\\/uploads\\\/2023\\\/09\\\/fonolukk.png\",\"width\":277,\"height\":274,\"caption\":\"Smart Security OU\"},\"image\":{\"@id\":\"https:\\\/\\\/fonolukk.eu\\\/ru\\\/#\\\/schema\\\/logo\\\/image\\\/\"},\"sameAs\":[\"https:\\\/\\\/www.facebook.com\\\/fonolukk\",\"https:\\\/\\\/www.instagram.com\\\/fonolukk\\\/?hl=ru\"],\"publishingPrinciples\":\"https:\\\/\\\/fonolukk.eu\\\/terms-and-conditions\\\/\",\"ownershipFundingInfo\":\"https:\\\/\\\/fonolukk.eu\\\/about-us\\\/\"},{\"@type\":\"Person\",\"@id\":\"https:\\\/\\\/fonolukk.eu\\\/ru\\\/#\\\/schema\\\/person\\\/4a592fd1f64fdd66154ab76d1bf648e6\",\"name\":\"Aleksei Mal\",\"image\":{\"@type\":\"ImageObject\",\"inLanguage\":\"ru-RU\",\"@id\":\"https:\\\/\\\/secure.gravatar.com\\\/avatar\\\/6f18e43804942ed4c91305613f8164568de2648f6c56b3d7ea211631dda24c59?s=96&d=mm&r=g\",\"url\":\"https:\\\/\\\/secure.gravatar.com\\\/avatar\\\/6f18e43804942ed4c91305613f8164568de2648f6c56b3d7ea211631dda24c59?s=96&d=mm&r=g\",\"contentUrl\":\"https:\\\/\\\/secure.gravatar.com\\\/avatar\\\/6f18e43804942ed4c91305613f8164568de2648f6c56b3d7ea211631dda24c59?s=96&d=mm&r=g\",\"caption\":\"Aleksei Mal\"},\"url\":\"https:\\\/\\\/fonolukk.eu\\\/ru\\\/author\\\/aleksei-mal\\\/\"}]}<\/script>\n<!-- \/ Yoast SEO Premium plugin. -->","yoast_head_json":{"title":"\u041e\u0442\u0441\u043b\u0435\u0434\u0438\u0442\u044c \u0437\u0430\u043a\u0430\u0437 - Fonolukk","description":"Fonoluku ja L\u00e4bip\u00e4\u00e4sus\u00fcsteemi Paigaldus , Remont , Hooldus. Rainmann (Laskomex) , Vizit , Eltis , Farfisa jne. Tel. 66 11 774.","robots":{"index":"index","follow":"follow","max-snippet":"max-snippet:-1","max-image-preview":"max-image-preview:large","max-video-preview":"max-video-preview:-1"},"canonical":"https:\/\/fonolukk.eu\/ru\/otsljedit-zakaz\/","og_locale":"ru_RU","og_type":"article","og_title":"\u041e\u0442\u0441\u043b\u0435\u0434\u0438\u0442\u044c \u0437\u0430\u043a\u0430\u0437","og_description":"\u041e\u0442\u0441\u043b\u0435\u0436\u0438\u0432\u0430\u043d\u0438\u0435 \u0437\u0430\u043a\u0430\u0437\u0430","og_url":"https:\/\/fonolukk.eu\/ru\/otsljedit-zakaz\/","og_site_name":"Fonolukk","article_publisher":"https:\/\/www.facebook.com\/fonolukk","article_modified_time":"2026-03-05T14:07:00+00:00","og_image":[{"width":592,"height":228,"url":"https:\/\/fonolukk.eu\/wp-content\/uploads\/2021\/04\/logo-fonolukk-c-tel-1.png","type":"image\/png"}],"twitter_card":"summary_large_image","schema":{"@context":"https:\/\/schema.org","@graph":[{"@type":["Article","BlogPosting"],"@id":"https:\/\/fonolukk.eu\/ru\/otsljedit-zakaz\/#article","isPartOf":{"@id":"https:\/\/fonolukk.eu\/ru\/otsljedit-zakaz\/"},"author":{"name":"Aleksei Mal","@id":"https:\/\/fonolukk.eu\/ru\/#\/schema\/person\/4a592fd1f64fdd66154ab76d1bf648e6"},"headline":"\u041e\u0442\u0441\u043b\u0435\u0434\u0438\u0442\u044c \u0437\u0430\u043a\u0430\u0437","datePublished":"2020-02-15T12:23:55+00:00","dateModified":"2026-03-05T14:07:00+00:00","mainEntityOfPage":{"@id":"https:\/\/fonolukk.eu\/ru\/otsljedit-zakaz\/"},"wordCount":7,"publisher":{"@id":"https:\/\/fonolukk.eu\/ru\/#organization"},"inLanguage":"ru-RU"},{"@type":"WebPage","@id":"https:\/\/fonolukk.eu\/ru\/otsljedit-zakaz\/","url":"https:\/\/fonolukk.eu\/ru\/otsljedit-zakaz\/","name":"\u041e\u0442\u0441\u043b\u0435\u0434\u0438\u0442\u044c \u0437\u0430\u043a\u0430\u0437 - Fonolukk","isPartOf":{"@id":"https:\/\/fonolukk.eu\/ru\/#website"},"datePublished":"2020-02-15T12:23:55+00:00","dateModified":"2026-03-05T14:07:00+00:00","description":"Fonoluku ja L\u00e4bip\u00e4\u00e4sus\u00fcsteemi Paigaldus , Remont , Hooldus. Rainmann (Laskomex) , Vizit , Eltis , Farfisa jne. Tel. 66 11 774.","breadcrumb":{"@id":"https:\/\/fonolukk.eu\/ru\/otsljedit-zakaz\/#breadcrumb"},"inLanguage":"ru-RU","potentialAction":[{"@type":"ReadAction","target":["https:\/\/fonolukk.eu\/ru\/otsljedit-zakaz\/"]}]},{"@type":"BreadcrumbList","@id":"https:\/\/fonolukk.eu\/ru\/otsljedit-zakaz\/#breadcrumb","itemListElement":[{"@type":"ListItem","position":1,"name":"\u0413\u043b\u0430\u0432\u043d\u0430\u044f \u0441\u0442\u0440\u0430\u043d\u0438\u0446\u0430","item":"https:\/\/fonolukk.eu\/ru\/domashnyaya-stranicza\/"},{"@type":"ListItem","position":2,"name":"\u041e\u0442\u0441\u043b\u0435\u0434\u0438\u0442\u044c \u0437\u0430\u043a\u0430\u0437"}]},{"@type":"WebSite","@id":"https:\/\/fonolukk.eu\/ru\/#website","url":"https:\/\/fonolukk.eu\/ru\/","name":"Fonolukk eu","description":"Smart Security Systems","publisher":{"@id":"https:\/\/fonolukk.eu\/ru\/#organization"},"potentialAction":[{"@type":"SearchAction","target":{"@type":"EntryPoint","urlTemplate":"https:\/\/fonolukk.eu\/ru\/?s={search_term_string}"},"query-input":{"@type":"PropertyValueSpecification","valueRequired":true,"valueName":"search_term_string"}}],"inLanguage":"ru-RU"},{"@type":"Organization","@id":"https:\/\/fonolukk.eu\/ru\/#organization","name":"Smart Security OU","url":"https:\/\/fonolukk.eu\/ru\/","logo":{"@type":"ImageObject","inLanguage":"ru-RU","@id":"https:\/\/fonolukk.eu\/ru\/#\/schema\/logo\/image\/","url":"https:\/\/fonolukk.eu\/wp-content\/uploads\/2023\/09\/fonolukk.png","contentUrl":"https:\/\/fonolukk.eu\/wp-content\/uploads\/2023\/09\/fonolukk.png","width":277,"height":274,"caption":"Smart Security OU"},"image":{"@id":"https:\/\/fonolukk.eu\/ru\/#\/schema\/logo\/image\/"},"sameAs":["https:\/\/www.facebook.com\/fonolukk","https:\/\/www.instagram.com\/fonolukk\/?hl=ru"],"publishingPrinciples":"https:\/\/fonolukk.eu\/terms-and-conditions\/","ownershipFundingInfo":"https:\/\/fonolukk.eu\/about-us\/"},{"@type":"Person","@id":"https:\/\/fonolukk.eu\/ru\/#\/schema\/person\/4a592fd1f64fdd66154ab76d1bf648e6","name":"Aleksei Mal","image":{"@type":"ImageObject","inLanguage":"ru-RU","@id":"https:\/\/secure.gravatar.com\/avatar\/6f18e43804942ed4c91305613f8164568de2648f6c56b3d7ea211631dda24c59?s=96&d=mm&r=g","url":"https:\/\/secure.gravatar.com\/avatar\/6f18e43804942ed4c91305613f8164568de2648f6c56b3d7ea211631dda24c59?s=96&d=mm&r=g","contentUrl":"https:\/\/secure.gravatar.com\/avatar\/6f18e43804942ed4c91305613f8164568de2648f6c56b3d7ea211631dda24c59?s=96&d=mm&r=g","caption":"Aleksei Mal"},"url":"https:\/\/fonolukk.eu\/ru\/author\/aleksei-mal\/"}]}},"_links":{"self":[{"href":"https:\/\/fonolukk.eu\/ru\/wp-json\/wp\/v2\/pages\/3912","targetHints":{"allow":["GET"]}}],"collection":[{"href":"https:\/\/fonolukk.eu\/ru\/wp-json\/wp\/v2\/pages"}],"about":[{"href":"https:\/\/fonolukk.eu\/ru\/wp-json\/wp\/v2\/types\/page"}],"author":[{"embeddable":true,"href":"https:\/\/fonolukk.eu\/ru\/wp-json\/wp\/v2\/users\/2"}],"replies":[{"embeddable":true,"href":"https:\/\/fonolukk.eu\/ru\/wp-json\/wp\/v2\/comments?post=3912"}],"version-history":[{"count":6,"href":"https:\/\/fonolukk.eu\/ru\/wp-json\/wp\/v2\/pages\/3912\/revisions"}],"predecessor-version":[{"id":23158,"href":"https:\/\/fonolukk.eu\/ru\/wp-json\/wp\/v2\/pages\/3912\/revisions\/23158"}],"wp:attachment":[{"href":"https:\/\/fonolukk.eu\/ru\/wp-json\/wp\/v2\/media?parent=3912"}],"curies":[{"name":"wp","href":"https:\/\/api.w.org\/{rel}","templated":true}]}}